{"id":28638,"date":"2026-02-24T14:00:31","date_gmt":"2026-02-24T13:00:31","guid":{"rendered":"https:\/\/itwgse.com\/wer-wir-sind\/"},"modified":"2026-03-18T15:39:03","modified_gmt":"2026-03-18T14:39:03","slug":"wer-wir-sind","status":"publish","type":"page","link":"https:\/\/itwgse.com\/de\/wer-wir-sind\/","title":{"rendered":"Wer wir sind"},"content":{"rendered":"<div id=\"pl-28638\"  class=\"panel-layout\" ><div id=\"pg-28638-0\"  class=\"panel-grid panel-no-style\" ><div id=\"pgc-28638-0-0\"  class=\"panel-grid-cell\" ><div id=\"panel-28638-0-0-0\" class=\"so-panel widget widget_mtt-cover-section panel-first-child\" data-index=\"0\" ><div\n\t\t\t\n\t\t\tclass=\"so-widget-mtt-cover-section so-widget-mtt-cover-section-base\"\n\t\t\t\n\t\t>\n<div class=\"mtt-cover-section-wrap compact extra-small\">\n\t<div class=\"mtt-cover-curve\">\n\t\t<img decoding=\"async\"  src=\"https:\/\/itwgse.com\/wp-content\/themes\/mtt-standard-theme\/assets\/img\/cover\/itwgse_cut.svg\">\t<\/div>\n    <div class=\"mtt-cover-compact-background object-fit overlay\">\n                            <div class=\"mtt-cover-compact-image object-fit contain\">\n                <img decoding=\"async\"\n                    src=\"https:\/\/itwgse.com\/wp-content\/uploads\/2022\/04\/14249_ITWGSE_Gruppefoto-til-content.png\"\n                    data-skip-lazy\n                    alt=\"\"\n                >\n            <\/div>\n                    <\/div>\n    <div class=\"mtt-cover-compact-container\">\n        <div class=\"mtt-cover-section-text\">\n            <h1>Wer wir sind<\/h1>\n                    <\/div>\n    <\/div>\n<\/div>\n<\/div><\/div><div id=\"panel-28638-0-0-1\" class=\"so-panel widget widget_mtt-one-col-text\" data-index=\"1\" ><div\n\t\t\t\n\t\t\tclass=\"so-widget-mtt-one-col-text so-widget-mtt-one-col-text-base\"\n\t\t\t\n\t\t>\n<div class=\"mtt-two-col-wrapper centered\">\n    <div class=\"mtt-two-col-container\">\n        <div class=\"mtt-two-col-content formatted_content\">\n\t\t\t            <div class=\"text-section one-col\">\n                <h3>Um eine erstklassige Bodenunterst\u00fctzung zu gew\u00e4hrleisten, braucht man hervorragende Mitarbeiter und Ausr\u00fcstung.<\/h3>\n<p>\u00a0<\/p>\n<h3>Wenn Sie auf die unten stehenden Boxen klicken, finden Sie Links zu weiteren Informationen \u00fcber uns, zu unserer Geschichte und zu Informationen \u00fcber unsere Geschichte.<\/h3>\n            <\/div>\n\n            \n                        <\/div>\n    <\/div>\n<\/div>\n<\/div><\/div><div id=\"panel-28638-0-0-2\" class=\"so-panel widget widget_mtt-info-boxes\" data-index=\"2\" ><div\n\t\t\t\n\t\t\tclass=\"so-widget-mtt-info-boxes so-widget-mtt-info-boxes-base\"\n\t\t\t\n\t\t><div class=\"mtt-info-boxes\">\n\t<div class=\"mtt-info-boxes__content\">\n\t\t<div class=\"mtt-info-boxes__bg\">\n\t\t\t<svg xmlns=\"http:\/\/www.w3.org\/2000\/svg\" width=\"364\" height=\"1000\" preserveAspectRatio=\"xMidYMid meet\" viewbox=\"0 0 364 1000\">\n\t\t\t\t<path fill=\"#F5F9FC\" d=\"M0 0c8.7 34 192.8 748.7 230 895.9 15.5 61.2 70.7 104.1 134 104.1H0V0z\"\/>\n\t\t\t<\/svg>\n\t\t<\/div>\n\t\t<div class=\"page_container\">\n\t\t\t<div class=\"mtt-info-boxes__grid\">\n\t\t\t\t<div class=\"mtt-info-boxes__boxes\">\n\t\t\t\t\t\t\t\t\t\t\t\t\t\t\t\t\t\t<a class=\"mtt-info-box\" href=\"Beitrag: 19211\">\n\t\t\t\t\t\t\t\t<div class=\"mtt-info-box__image-wrap\">\n\t\t\t\t\t\t\t\t\t<div class=\"mtt-info-box__image\">\n\t\t\t\t\t\t\t\t\t\t\t\t\t\t\t\t\t\t\t\t\t<img decoding=\"async\" width=\"244\" height=\"200\" src=\"https:\/\/itwgse.com\/wp-content\/uploads\/2022\/01\/ITW-Business-Model-244x200.jpg\" class=\"attachment-280x200x size-280x200x\" alt=\"itw business model\" srcset=\"https:\/\/itwgse.com\/wp-content\/uploads\/2022\/01\/ITW-Business-Model-244x200.jpg 244w, https:\/\/itwgse.com\/wp-content\/uploads\/2022\/01\/ITW-Business-Model-300x246.jpg 300w, https:\/\/itwgse.com\/wp-content\/uploads\/2022\/01\/ITW-Business-Model.jpg 854w\" sizes=\"(max-width: 244px) 100vw, 244px\" \/>\t\t\t\t\t\t\t\t\t\t\t\t\t\t\t\t\t\t\t<\/div>\n\t\t\t\t\t\t\t\t<\/div>\n\t\t\t\t\t\t\t\t<div class=\"mtt-info-box__text-wrap\">\n\t\t\t\t\t\t\t\t\t\t\t\t\t\t\t\t\t\t\t<div class=\"mtt-info-box__title\">\n\t\t\t\t\t\t\t\t\t\t\t\u00dcber uns\t\t\t\t\t\t\t\t\t\t<\/div>\n\t\t\t\t\t\t\t\t\t\t\t\t\t\t\t\t\t\t\t\t\t\t\t\t\t\t\t\t<div class=\"mtt-info-box__text\">\n\t\t\t\t\t\t\t\t\t\t\tWas wir tun, unsere Werte und unser Gesch\u00e4ftsmodell und vieles mehr!\t\t\t\t\t\t\t\t\t\t<\/div>\n\t\t\t\t\t\t\t\t\t\t\t\t\t\t\t\t\t<\/div>\n\t\t\t\t\t\t\t<\/a>\n\t\t\t\t\t\t\t\t\t\t\t\t\t<a class=\"mtt-info-box\" href=\"Beitrag: 19462\">\n\t\t\t\t\t\t\t\t<div class=\"mtt-info-box__image-wrap\">\n\t\t\t\t\t\t\t\t\t<div class=\"mtt-info-box__image\">\n\t\t\t\t\t\t\t\t\t\t\t\t\t\t\t\t\t\t\t\t\t<img decoding=\"async\" width=\"280\" height=\"172\" src=\"https:\/\/itwgse.com\/wp-content\/uploads\/2022\/04\/14249_ITWGSE_Gruppefoto-til-web_Anna_TS-280x172.jpg\" class=\"attachment-280x200x size-280x200x\" alt=\"itw gse group photo\" srcset=\"https:\/\/itwgse.com\/wp-content\/uploads\/2022\/04\/14249_ITWGSE_Gruppefoto-til-web_Anna_TS-280x172.jpg 280w, https:\/\/itwgse.com\/wp-content\/uploads\/2022\/04\/14249_ITWGSE_Gruppefoto-til-web_Anna_TS-300x184.jpg 300w, https:\/\/itwgse.com\/wp-content\/uploads\/2022\/04\/14249_ITWGSE_Gruppefoto-til-web_Anna_TS-1024x628.jpg 1024w, https:\/\/itwgse.com\/wp-content\/uploads\/2022\/04\/14249_ITWGSE_Gruppefoto-til-web_Anna_TS-768x471.jpg 768w, https:\/\/itwgse.com\/wp-content\/uploads\/2022\/04\/14249_ITWGSE_Gruppefoto-til-web_Anna_TS-310x190.jpg 310w, https:\/\/itwgse.com\/wp-content\/uploads\/2022\/04\/14249_ITWGSE_Gruppefoto-til-web_Anna_TS-600x368.jpg 600w, https:\/\/itwgse.com\/wp-content\/uploads\/2022\/04\/14249_ITWGSE_Gruppefoto-til-web_Anna_TS-750x460.jpg 750w, https:\/\/itwgse.com\/wp-content\/uploads\/2022\/04\/14249_ITWGSE_Gruppefoto-til-web_Anna_TS.jpg 1200w\" sizes=\"(max-width: 280px) 100vw, 280px\" \/>\t\t\t\t\t\t\t\t\t\t\t\t\t\t\t\t\t\t\t<\/div>\n\t\t\t\t\t\t\t\t<\/div>\n\t\t\t\t\t\t\t\t<div class=\"mtt-info-box__text-wrap\">\n\t\t\t\t\t\t\t\t\t\t\t\t\t\t\t\t\t\t\t<div class=\"mtt-info-box__title\">\n\t\t\t\t\t\t\t\t\t\t\tMenschen bei ITW GSE\t\t\t\t\t\t\t\t\t\t<\/div>\n\t\t\t\t\t\t\t\t\t\t\t\t\t\t\t\t\t\t\t\t\t\t\t\t\t\t\t\t<div class=\"mtt-info-box__text\">\n\t\t\t\t\t\t\t\t\t\t\tVielf\u00e4ltige Teams, t\u00e4gliche Bewegung und Teamgeist!\t\t\t\t\t\t\t\t\t\t<\/div>\n\t\t\t\t\t\t\t\t\t\t\t\t\t\t\t\t\t<\/div>\n\t\t\t\t\t\t\t<\/a>\n\t\t\t\t\t\t\t\t\t\t\t\t\t<a class=\"mtt-info-box\" href=\"Beitrag: 1439\">\n\t\t\t\t\t\t\t\t<div class=\"mtt-info-box__image-wrap\">\n\t\t\t\t\t\t\t\t\t<div class=\"mtt-info-box__image\">\n\t\t\t\t\t\t\t\t\t\t\t\t\t\t\t\t\t\t\t\t\t<img decoding=\"async\" width=\"280\" height=\"183\" src=\"https:\/\/itwgse.com\/wp-content\/uploads\/2018\/12\/The-Brand-Journey-280x183.png\" class=\"attachment-280x200x size-280x200x\" alt=\"the itw gse brand journey\" srcset=\"https:\/\/itwgse.com\/wp-content\/uploads\/2018\/12\/The-Brand-Journey-280x183.png 280w, https:\/\/itwgse.com\/wp-content\/uploads\/2018\/12\/The-Brand-Journey-300x196.png 300w, https:\/\/itwgse.com\/wp-content\/uploads\/2018\/12\/The-Brand-Journey.png 690w\" sizes=\"(max-width: 280px) 100vw, 280px\" \/>\t\t\t\t\t\t\t\t\t\t\t\t\t\t\t\t\t\t\t<\/div>\n\t\t\t\t\t\t\t\t<\/div>\n\t\t\t\t\t\t\t\t<div class=\"mtt-info-box__text-wrap\">\n\t\t\t\t\t\t\t\t\t\t\t\t\t\t\t\t\t\t\t<div class=\"mtt-info-box__title\">\n\t\t\t\t\t\t\t\t\t\t\tGeschichte von ITW GSE\t\t\t\t\t\t\t\t\t\t<\/div>\n\t\t\t\t\t\t\t\t\t\t\t\t\t\t\t\t\t\t\t\t\t\t\t\t\t\t\t\t<div class=\"mtt-info-box__text\">\n\t\t\t\t\t\t\t\t\t\t\tMeilensteine in unserer Geschichte und unsere alten Marken.\t\t\t\t\t\t\t\t\t\t<\/div>\n\t\t\t\t\t\t\t\t\t\t\t\t\t\t\t\t\t<\/div>\n\t\t\t\t\t\t\t<\/a>\n\t\t\t\t\t\t\t\t\t\t\t\t\t\t\t<\/div>\n\t\t\t\t<div class=\"mtt-info-boxes__text\">\n\t\t\t\t\t\t\t\t\t\t\t<h2 class=\"section-title\">\n\t\t\t\t\t\t\tWillkommen bei ITW GSE!\t\t\t\t\t\t<\/h2>\n\t\t\t\t\t\t\t\t\t\t\t\t\t\t\t\t<div class=\"formatted_content\">\n\t\t\t\t\t\t\t<p>Studieren Sie die Boxen, um mehr \u00fcber uns und unsere Geschichte zu erfahren.<\/p>\n\t\t\t\t\t\t<\/div>\n\t\t\t\t\t\t\t\t\t<\/div>\n\t\t\t<\/div>\n\t\t<\/div>\n\t<\/div>\n<\/div><\/div><\/div><div id=\"panel-28638-0-0-3\" class=\"so-panel widget widget_mtt-product-boxes\" data-index=\"3\" ><div\n\t\t\t\n\t\t\tclass=\"so-widget-mtt-product-boxes so-widget-mtt-product-boxes-base\"\n\t\t\t\n\t\t>\n<div class=\"mtt-product-boxes-wrap\">\n\t<div class=\"mtt-product-boxes-container mtt-product-boxes-container--per-row-4\">\n\t\t<div class=\"mtt-product-boxes-text\">\n\t\t\t<h2>Der f\u00fchrende Anbieter von GPUs, Pre-Conditioned Air Units, Kabeln und Schl\u00e4uchen<\/h2>\n\t\t\t<h3 style=\"text-align: center;\">Sehen Sie sich unsere Produktpalette in den vier Boxen unten an:<\/h3>\t\t<\/div>\n\t\t<div class=\"mtt-product-boxes-grid mtt-product-boxes-grid--default mtt-product-boxes-grid--font-default\">\n\t\t\t\t\t\t\t<a href=\"https:\/\/itwgse.com\/ground-power-units\/\" class=\"mtt-product-box\">\n\t\t\t\t\t<div class=\"mtt-product-box-title\">\n\t\t\t\t\t\tLeistung: Leistung\t\t\t\t\t\t<svg class=\"icon\"><use xlink:href=\"#right-arrow\" \/><\/svg>\n\t\t\t\t\t<\/div>\n                                            <div class=\"mtt-product-box-image\">\n                            <div class=\"image\">\n                                <img src='https:\/\/itwgse.com\/wp-content\/uploads\/2024\/05\/header-products-power-2019-1-360x157.png' alt='power units products'>\n                            <\/div>\n                            <div class=\"shadow\"><\/div>\n                            <div class=\"badge\"><\/div>\n                        <\/div>\n                    \t\t\t\t\t\t\t\t\t\t<div class=\"mtt-product-box-arrow\">\n\t\t\t\t\t\tProdukte\t\t\t\t\t\t<svg class=\"icon\"><use xlink:href=\"#right-arrow\" \/><\/svg>\n\t\t\t\t\t<\/div>\n\t\t\t\t<\/a>\n\t\t\t\t\t\t\t<a href=\"https:\/\/itwgse.com\/pre-conditioned-air\/\" class=\"mtt-product-box\">\n\t\t\t\t\t<div class=\"mtt-product-box-title\">\n\t\t\t\t\t\tLuft\t\t\t\t\t\t<svg class=\"icon\"><use xlink:href=\"#right-arrow\" \/><\/svg>\n\t\t\t\t\t<\/div>\n                                            <div class=\"mtt-product-box-image\">\n                            <div class=\"image\">\n                                <img src='https:\/\/itwgse.com\/wp-content\/uploads\/2022\/05\/product-air-360x180-1.png' alt=''>\n                            <\/div>\n                            <div class=\"shadow\"><img decoding=\"async\" width=\"400\" height=\"200\" src=\"https:\/\/itwgse.com\/wp-content\/uploads\/2018\/03\/product-air-shadow.png\" class=\"attachment-full size-full\" alt=\"ITW GSE pre-conditioned air unit PCA\" srcset=\"https:\/\/itwgse.com\/wp-content\/uploads\/2018\/03\/product-air-shadow.png 400w, https:\/\/itwgse.com\/wp-content\/uploads\/2018\/03\/product-air-shadow-300x150.png 300w\" sizes=\"(max-width: 400px) 100vw, 400px\" \/><\/div>\n                            <div class=\"badge\"><\/div>\n                        <\/div>\n                    \t\t\t\t\t\t\t\t\t\t<div class=\"mtt-product-box-arrow\">\n\t\t\t\t\t\tProdukte\t\t\t\t\t\t<svg class=\"icon\"><use xlink:href=\"#right-arrow\" \/><\/svg>\n\t\t\t\t\t<\/div>\n\t\t\t\t<\/a>\n\t\t\t\t\t\t\t<a href=\"https:\/\/itwgse.com\/aircraft-cables\/\" class=\"mtt-product-box\">\n\t\t\t\t\t<div class=\"mtt-product-box-title\">\n\t\t\t\t\t\tKabel\t\t\t\t\t\t<svg class=\"icon\"><use xlink:href=\"#right-arrow\" \/><\/svg>\n\t\t\t\t\t<\/div>\n                                            <div class=\"mtt-product-box-image\">\n                            <div class=\"image\">\n                                <img src='https:\/\/itwgse.com\/wp-content\/uploads\/2020\/11\/itwgse-aircraft-cables-front-page-2-360x164.png' alt='aircraft cables ETL listed ti UL standards'>\n                            <\/div>\n                            <div class=\"shadow\"><\/div>\n                            <div class=\"badge\"><\/div>\n                        <\/div>\n                    \t\t\t\t\t\t\t\t\t\t<div class=\"mtt-product-box-arrow\">\n\t\t\t\t\t\tProdukte\t\t\t\t\t\t<svg class=\"icon\"><use xlink:href=\"#right-arrow\" \/><\/svg>\n\t\t\t\t\t<\/div>\n\t\t\t\t<\/a>\n\t\t\t\t\t\t\t<a href=\"https:\/\/itwgse.com\/pca-hoses\/\" class=\"mtt-product-box\">\n\t\t\t\t\t<div class=\"mtt-product-box-title\">\n\t\t\t\t\t\tSchl\u00e4uche\t\t\t\t\t\t<svg class=\"icon\"><use xlink:href=\"#right-arrow\" \/><\/svg>\n\t\t\t\t\t<\/div>\n                                            <div class=\"mtt-product-box-image\">\n                            <div class=\"image\">\n                                <img src='https:\/\/itwgse.com\/wp-content\/uploads\/2018\/10\/product-hoses-2018.png' alt='Aircraft hoses aircraft hose ITW GSE'>\n                            <\/div>\n                            <div class=\"shadow\"><\/div>\n                            <div class=\"badge\"><\/div>\n                        <\/div>\n                    \t\t\t\t\t\t\t\t\t\t<div class=\"mtt-product-box-arrow\">\n\t\t\t\t\t\tProdukte\t\t\t\t\t\t<svg class=\"icon\"><use xlink:href=\"#right-arrow\" \/><\/svg>\n\t\t\t\t\t<\/div>\n\t\t\t\t<\/a>\n\t\t\t\t\t<\/div>\n\t\t\t<\/div>\n<\/div>\n<\/div><\/div><div id=\"panel-28638-0-0-4\" class=\"so-panel widget widget_mtt-customer-support panel-last-child\" data-index=\"4\" ><div\n\t\t\t\n\t\t\tclass=\"so-widget-mtt-customer-support so-widget-mtt-customer-support-base\"\n\t\t\t\n\t\t>\n<div class=\"mtt-text-image-wrap less-top-padding less-bottom-padding grey-bg\">\n        <!-- Content -->\n    <div class=\"mtt-text-image-container\">\n        <div class=\"mtt-text-image-col\">\n            <div class=\"mtt-text-image-content formatted_content\">\n                                <h2>Kundenservice<\/h2>\n                <p><strong>Wie k\u00f6nnen wir Ihnen helfen?<\/strong><\/p>\n<p>Ben\u00f6tigen Sie Schaltpl\u00e4ne, Ersatzteillisten oder Anleitungsvideos? Nutzen Sie die Schaltfl\u00e4che \u201eProdukthilfe\u201c.<\/p>\n<p>Haben Sie Fragen an den Kundenservice? Nutzen Sie die Schaltfl\u00e4che \u201eKundenservice kontaktieren\u201c. Falls sich Ihre Frage auf ein bestimmtes Produkt bezieht, geben Sie bitte die Seriennummer an.<\/p>\n\n                                    <div class=\"button-wrap\">\n                                                    <a href=\"https:\/\/itwgse.com\/de\/support-and-service\/\" class=\"button\">\n                                Produkthilfe                            <\/a>\n                                                    <a href=\"https:\/\/itwgse.com\/de\/kontakt\/\" class=\"button\">\n                                Kundenservice kontaktieren                            <\/a>\n                                            <\/div>\n                            <\/div>\n        <\/div>\n                    <div class=\"mtt-text-image-col img center\">\n                <div class=\"mtt-text-image-content\">\n                    <img decoding=\"async\" width=\"1800\" height=\"1023\" src=\"https:\/\/itwgse.com\/wp-content\/uploads\/2018\/06\/ITWGSE_hero_cleanest-1.jpg\" class=\"attachment-full size-full\" alt=\"7400 low noice JK\" srcset=\"https:\/\/itwgse.com\/wp-content\/uploads\/2018\/06\/ITWGSE_hero_cleanest-1.jpg 1800w, https:\/\/itwgse.com\/wp-content\/uploads\/2018\/06\/ITWGSE_hero_cleanest-1-300x171.jpg 300w, https:\/\/itwgse.com\/wp-content\/uploads\/2018\/06\/ITWGSE_hero_cleanest-1-1024x582.jpg 1024w\" sizes=\"(max-width: 1800px) 100vw, 1800px\" \/>                \n                    \n                    \n                <\/div>\n            <\/div>\n            <\/div>\n<\/div>\n\n<script>\nfunction sendEvent(action, element) {\n    var videoTitle = jQuery(element).data('title');  \n\n    if (dataLayer && videoTitle) {\n        dataLayer.push({\n            'event': 'video',\n            'eventCategory': 'Video',\n            'eventAction': action,\n            'eventLabel': videoTitle\n        });\n    }\n    else if (ga && videoTitle) {\n        ga('send', 'event', 'Video', action, videoTitle);\n    }  \n}\n<\/script>\n<\/div><\/div><\/div><\/div><\/div>","protected":false},"excerpt":{"rendered":"<p>Wer wir sind Um eine erstklassige Bodenunterst\u00fctzung zu gew\u00e4hrleisten, braucht man hervorragende Mitarbeiter und Ausr\u00fcstung. \u00a0 Wenn Sie auf die unten stehenden Boxen klicken,&#8230;<\/p>\n","protected":false},"author":11,"featured_media":0,"parent":0,"menu_order":80,"comment_status":"closed","ping_status":"closed","template":"","meta":{"_acf_changed":false,"_relevanssi_hide_post":"","_relevanssi_hide_content":"","_relevanssi_pin_for_all":"","_relevanssi_pin_keywords":"","_relevanssi_unpin_keywords":"","_relevanssi_related_keywords":"","_relevanssi_related_include_ids":"","_relevanssi_related_exclude_ids":"","_relevanssi_related_no_append":"","_relevanssi_related_not_related":"","_relevanssi_related_posts":"","_relevanssi_noindex_reason":"","footnotes":""},"class_list":["post-28638","page","type-page","status-publish","hentry"],"acf":[],"yoast_head":"<!-- This site is optimized with the Yoast SEO plugin v27.0 - https:\/\/yoast.com\/product\/yoast-seo-wordpress\/ -->\n<title>Wer wir sind - ITW GSE<\/title>\n<meta name=\"description\" content=\"Lesen Sie \u00fcber uns, die Geschichte von ITW GSE und unsere gro\u00dfartigen Mitarbeiter.\" \/>\n<meta name=\"robots\" content=\"index, follow, max-snippet:-1, max-image-preview:large, max-video-preview:-1\" \/>\n<link rel=\"canonical\" href=\"https:\/\/itwgse.com\/de\/wer-wir-sind\/\" \/>\n<meta property=\"og:locale\" content=\"de_DE\" \/>\n<meta property=\"og:type\" content=\"article\" \/>\n<meta property=\"og:title\" content=\"Wer wir sind - ITW GSE\" \/>\n<meta property=\"og:description\" content=\"Lesen Sie \u00fcber uns, die Geschichte von ITW GSE und unsere gro\u00dfartigen Mitarbeiter.\" \/>\n<meta property=\"og:url\" content=\"https:\/\/itwgse.com\/de\/wer-wir-sind\/\" \/>\n<meta property=\"og:site_name\" content=\"ITW GSE\" \/>\n<meta property=\"article:publisher\" content=\"https:\/\/www.facebook.com\/ITWGSE\/\" \/>\n<meta property=\"article:modified_time\" content=\"2026-03-18T14:39:03+00:00\" \/>\n<meta name=\"twitter:card\" content=\"summary_large_image\" \/>\n<script type=\"application\/ld+json\" class=\"yoast-schema-graph\">{\"@context\":\"https:\/\/schema.org\",\"@graph\":[{\"@type\":\"WebPage\",\"@id\":\"https:\/\/itwgse.com\/de\/wer-wir-sind\/\",\"url\":\"https:\/\/itwgse.com\/de\/wer-wir-sind\/\",\"name\":\"Wer wir sind - ITW GSE\",\"isPartOf\":{\"@id\":\"https:\/\/itwgse.com\/#website\"},\"datePublished\":\"2026-02-24T13:00:31+00:00\",\"dateModified\":\"2026-03-18T14:39:03+00:00\",\"description\":\"Lesen Sie \u00fcber uns, die Geschichte von ITW GSE und unsere gro\u00dfartigen Mitarbeiter.\",\"breadcrumb\":{\"@id\":\"https:\/\/itwgse.com\/de\/wer-wir-sind\/#breadcrumb\"},\"inLanguage\":\"de\",\"potentialAction\":[{\"@type\":\"ReadAction\",\"target\":[\"https:\/\/itwgse.com\/de\/wer-wir-sind\/\"]}]},{\"@type\":\"BreadcrumbList\",\"@id\":\"https:\/\/itwgse.com\/de\/wer-wir-sind\/#breadcrumb\",\"itemListElement\":[{\"@type\":\"ListItem\",\"position\":1,\"name\":\"Home\",\"item\":\"https:\/\/itwgse.com\/de\/home\/\"},{\"@type\":\"ListItem\",\"position\":2,\"name\":\"Wer wir sind\"}]},{\"@type\":\"WebSite\",\"@id\":\"https:\/\/itwgse.com\/#website\",\"url\":\"https:\/\/itwgse.com\/\",\"name\":\"ITW GSE\",\"description\":\"It&#039;s all about connections\",\"publisher\":{\"@id\":\"https:\/\/itwgse.com\/#organization\"},\"potentialAction\":[{\"@type\":\"SearchAction\",\"target\":{\"@type\":\"EntryPoint\",\"urlTemplate\":\"https:\/\/itwgse.com\/?s={search_term_string}\"},\"query-input\":{\"@type\":\"PropertyValueSpecification\",\"valueRequired\":true,\"valueName\":\"search_term_string\"}}],\"inLanguage\":\"de\"},{\"@type\":\"Organization\",\"@id\":\"https:\/\/itwgse.com\/#organization\",\"name\":\"ITW GSE\",\"url\":\"https:\/\/itwgse.com\/\",\"logo\":{\"@type\":\"ImageObject\",\"inLanguage\":\"de\",\"@id\":\"https:\/\/itwgse.com\/#\/schema\/logo\/image\/\",\"url\":\"https:\/\/itwgse.com\/wp-content\/uploads\/2018\/11\/logo.png\",\"contentUrl\":\"https:\/\/itwgse.com\/wp-content\/uploads\/2018\/11\/logo.png\",\"width\":302,\"height\":237,\"caption\":\"ITW GSE\"},\"image\":{\"@id\":\"https:\/\/itwgse.com\/#\/schema\/logo\/image\/\"},\"sameAs\":[\"https:\/\/www.facebook.com\/ITWGSE\/\",\"https:\/\/www.linkedin.com\/company\/itw-gse\/\",\"https:\/\/www.youtube.com\/channel\/UCTUIMvyaOPfYIqzP8enZ8yw\"]}]}<\/script>\n<!-- \/ Yoast SEO plugin. -->","yoast_head_json":{"title":"Wer wir sind - ITW GSE","description":"Lesen Sie \u00fcber uns, die Geschichte von ITW GSE und unsere gro\u00dfartigen Mitarbeiter.","robots":{"index":"index","follow":"follow","max-snippet":"max-snippet:-1","max-image-preview":"max-image-preview:large","max-video-preview":"max-video-preview:-1"},"canonical":"https:\/\/itwgse.com\/de\/wer-wir-sind\/","og_locale":"de_DE","og_type":"article","og_title":"Wer wir sind - ITW GSE","og_description":"Lesen Sie \u00fcber uns, die Geschichte von ITW GSE und unsere gro\u00dfartigen Mitarbeiter.","og_url":"https:\/\/itwgse.com\/de\/wer-wir-sind\/","og_site_name":"ITW GSE","article_publisher":"https:\/\/www.facebook.com\/ITWGSE\/","article_modified_time":"2026-03-18T14:39:03+00:00","twitter_card":"summary_large_image","schema":{"@context":"https:\/\/schema.org","@graph":[{"@type":"WebPage","@id":"https:\/\/itwgse.com\/de\/wer-wir-sind\/","url":"https:\/\/itwgse.com\/de\/wer-wir-sind\/","name":"Wer wir sind - ITW GSE","isPartOf":{"@id":"https:\/\/itwgse.com\/#website"},"datePublished":"2026-02-24T13:00:31+00:00","dateModified":"2026-03-18T14:39:03+00:00","description":"Lesen Sie \u00fcber uns, die Geschichte von ITW GSE und unsere gro\u00dfartigen Mitarbeiter.","breadcrumb":{"@id":"https:\/\/itwgse.com\/de\/wer-wir-sind\/#breadcrumb"},"inLanguage":"de","potentialAction":[{"@type":"ReadAction","target":["https:\/\/itwgse.com\/de\/wer-wir-sind\/"]}]},{"@type":"BreadcrumbList","@id":"https:\/\/itwgse.com\/de\/wer-wir-sind\/#breadcrumb","itemListElement":[{"@type":"ListItem","position":1,"name":"Home","item":"https:\/\/itwgse.com\/de\/home\/"},{"@type":"ListItem","position":2,"name":"Wer wir sind"}]},{"@type":"WebSite","@id":"https:\/\/itwgse.com\/#website","url":"https:\/\/itwgse.com\/","name":"ITW GSE","description":"It&#039;s all about connections","publisher":{"@id":"https:\/\/itwgse.com\/#organization"},"potentialAction":[{"@type":"SearchAction","target":{"@type":"EntryPoint","urlTemplate":"https:\/\/itwgse.com\/?s={search_term_string}"},"query-input":{"@type":"PropertyValueSpecification","valueRequired":true,"valueName":"search_term_string"}}],"inLanguage":"de"},{"@type":"Organization","@id":"https:\/\/itwgse.com\/#organization","name":"ITW GSE","url":"https:\/\/itwgse.com\/","logo":{"@type":"ImageObject","inLanguage":"de","@id":"https:\/\/itwgse.com\/#\/schema\/logo\/image\/","url":"https:\/\/itwgse.com\/wp-content\/uploads\/2018\/11\/logo.png","contentUrl":"https:\/\/itwgse.com\/wp-content\/uploads\/2018\/11\/logo.png","width":302,"height":237,"caption":"ITW GSE"},"image":{"@id":"https:\/\/itwgse.com\/#\/schema\/logo\/image\/"},"sameAs":["https:\/\/www.facebook.com\/ITWGSE\/","https:\/\/www.linkedin.com\/company\/itw-gse\/","https:\/\/www.youtube.com\/channel\/UCTUIMvyaOPfYIqzP8enZ8yw"]}]}},"_links":{"self":[{"href":"https:\/\/itwgse.com\/de\/wp-json\/wp\/v2\/pages\/28638","targetHints":{"allow":["GET"]}}],"collection":[{"href":"https:\/\/itwgse.com\/de\/wp-json\/wp\/v2\/pages"}],"about":[{"href":"https:\/\/itwgse.com\/de\/wp-json\/wp\/v2\/types\/page"}],"author":[{"embeddable":true,"href":"https:\/\/itwgse.com\/de\/wp-json\/wp\/v2\/users\/11"}],"replies":[{"embeddable":true,"href":"https:\/\/itwgse.com\/de\/wp-json\/wp\/v2\/comments?post=28638"}],"version-history":[{"count":1,"href":"https:\/\/itwgse.com\/de\/wp-json\/wp\/v2\/pages\/28638\/revisions"}],"predecessor-version":[{"id":45503,"href":"https:\/\/itwgse.com\/de\/wp-json\/wp\/v2\/pages\/28638\/revisions\/45503"}],"wp:attachment":[{"href":"https:\/\/itwgse.com\/de\/wp-json\/wp\/v2\/media?parent=28638"}],"curies":[{"name":"wp","href":"https:\/\/api.w.org\/{rel}","templated":true}]}}