{"id":28644,"date":"2026-02-24T14:00:46","date_gmt":"2026-02-24T13:00:46","guid":{"rendered":"https:\/\/itwgse.com\/spezifikationen-fuer-3500-mobile-pca\/"},"modified":"2026-03-30T15:18:47","modified_gmt":"2026-03-30T13:18:47","slug":"spezifikationen-fuer-3500-mobile-pca","status":"publish","type":"page","link":"https:\/\/itwgse.com\/de\/spezifikationen-fuer-3500-mobile-pca\/","title":{"rendered":"Spezifikationen f\u00fcr 3500 Mobile PCA"},"content":{"rendered":"<div id=\"pl-28644\"  class=\"panel-layout\" ><div id=\"pg-28644-0\"  class=\"panel-grid panel-no-style\" ><div id=\"pgc-28644-0-0\"  class=\"panel-grid-cell\" ><div id=\"panel-28644-0-0-0\" class=\"so-panel widget widget_mtt-cover-section panel-first-child\" data-index=\"0\" ><div\n\t\t\t\n\t\t\tclass=\"so-widget-mtt-cover-section so-widget-mtt-cover-section-base\"\n\t\t\t\n\t\t>\n<div class=\"mtt-cover-section-wrap compact extra-small\">\n\t<div class=\"mtt-cover-curve\">\n\t\t<img decoding=\"async\"  src=\"https:\/\/itwgse.com\/wp-content\/themes\/mtt-standard-theme\/assets\/img\/cover\/itwgse_cut.svg\">\t<\/div>\n    <div class=\"mtt-cover-compact-background object-fit\">\n                            <div class=\"mtt-cover-compact-image object-fit contain\">\n                <img decoding=\"async\"\n                    src=\"https:\/\/itwgse.com\/wp-content\/uploads\/2025\/08\/itw-gse-3500-PCA-6-edited-scaled.jpg\"\n                    data-skip-lazy\n                    alt=\"\"\n                >\n            <\/div>\n                    <\/div>\n    <div class=\"mtt-cover-compact-container\">\n        <div class=\"mtt-cover-section-text\">\n            <h1>Spezifikationen f\u00fcr 3500 mobile PCA<\/h1>\n                                <div class=\"text\"><p>F\u00fcr den ITW GSE 3500 Mobile PCA 150 & 210<\/p>\n<\/div>\n                            <\/div>\n    <\/div>\n<\/div>\n<\/div><\/div><div id=\"panel-28644-0-0-1\" class=\"so-panel widget widget_mtt-two-col-text\" data-index=\"1\" ><div\n\t\t\t\n\t\t\tclass=\"so-widget-mtt-two-col-text so-widget-mtt-two-col-text-base\"\n\t\t\t\n\t\t>\n<div class=\"mtt-two-col-wrapper no-bottom-padding\">\n    <div class=\"mtt-two-col-container\">\n        <div class=\"mtt-two-col-content\">\n                        <div class=\"text-section\">\n                <div class=\"col formatted_content\"><h1>EINGANG<\/h1>\n<ul>\n<li>Gleichrichtung: 12 Impuls<\/li>\n<li>Netzstrom-Verzerrung: < 10%<\/li>\n<li>Einschaltstrom: Keiner, Softstart<\/li>\n<li>Leistungsfaktor: >0,97 bei 100% Last<\/li>\n<\/ul>\n<\/div>\n                <div class=\"col formatted_content\"><h1>Ausgabe<\/h1>\n<ul>\n<li>Temperatur der Abluft: Bis zu 0\u00b0C \/ 32\u00b0F, abh\u00e4ngig von der Umgebungstemperatur, der relativen Luftfeuchtigkeit und dem Luftstrom. F\u00fcr genaue Berechnungen zur K\u00fchlung wenden Sie sich bitte an Ihr regionales Verkaufsb\u00fcro. <\/li>\n<\/ul>\n                                    <\/div>\n            <\/div>\n                    <\/div>\n    <\/div>\n<\/div><\/div><\/div><div id=\"panel-28644-0-0-2\" class=\"so-panel widget widget_mtt-two-col-text\" data-index=\"2\" ><div\n\t\t\t\n\t\t\tclass=\"so-widget-mtt-two-col-text so-widget-mtt-two-col-text-base\"\n\t\t\t\n\t\t>\n<div class=\"mtt-two-col-wrapper no-bottom-padding\">\n    <div class=\"mtt-two-col-container\">\n        <div class=\"mtt-two-col-content\">\n                        <div class=\"text-section\">\n                <div class=\"col formatted_content\"><h1>Umweltdaten<\/h1>\n<ul>\n<li>Betriebstemperatur:<br \/>-30\u00b0C bis +50\u00b0C (-22\u00b0F bis +122\u00b0F)<\/li>\n<li>Relative Luftfeuchtigkeit: 10-100%, nicht kondensierend<\/li>\n<li>Ger\u00e4uschpegel: < 85 dB(A) bei 4,6 m<\/li>\n<li>IP-Klasse: IP54 (elektronischer Teil)<\/li>\n<\/ul>\n<\/div>\n                <div class=\"col formatted_content\"><h1>Sonstiges<\/h1>\n<ul>\n<li>MTTR: Normalerweise 20 Minuten<\/li>\n<li>Verf\u00fcgbare K\u00e4ltemittel: R410A & R454B<\/li>\n<li>Konstruktion: Geschwei\u00dfter und verschraubter Rahmen aus verzinktem Stahl<\/li>\n<li>Maximale Geschwindigkeit: 15 km\/h<\/li>\n<\/ul>\n                                    <\/div>\n            <\/div>\n                    <\/div>\n    <\/div>\n<\/div><\/div><\/div><div id=\"panel-28644-0-0-3\" class=\"so-panel widget widget_mtt-two-col-text\" data-index=\"3\" ><div\n\t\t\t\n\t\t\tclass=\"so-widget-mtt-two-col-text so-widget-mtt-two-col-text-base\"\n\t\t\t\n\t\t>\n<div class=\"mtt-two-col-wrapper no-bottom-padding\">\n    <div class=\"mtt-two-col-container\">\n        <div class=\"mtt-two-col-content\">\n                        <div class=\"text-section\">\n                <div class=\"col formatted_content\"><h1>Richtlinienkonformit\u00e4t<\/h1>\n<ul>\n<li>2004\/108\/EG EMC-Richtlinie<\/li>\n<li>2006\/95\/EG Niederspannungsrichtlinie<\/li>\n<li>2006\/42\/EG Maschinenrichtlinie<\/li>\n<\/ul>\n<\/div>\n                <div class=\"col formatted_content\"><h1>Normen und Standards<\/h1>\n<ul>\n<li>EN61000-6-2 EMC - Norm f\u00fcr St\u00f6rfestigkeit<\/li>\n<li>EN61000-6-4 EMC - Emissionsnorm<\/li>\n<li>EN62040-1-1 LVD-Sicherheitsnorm<\/li>\n<li>EN1915-1&2 Maschinen - Allgemeine Sicherheitsanforderungen<\/li>\n<li>EN12312-17 Aircraft Ground Support Equipment, besondere Anforderungen<\/li>\n<\/ul>\n                                    <\/div>\n            <\/div>\n                    <\/div>\n    <\/div>\n<\/div><\/div><\/div><div id=\"panel-28644-0-0-4\" class=\"so-panel widget widget_mtt-one-col-text\" data-index=\"4\" ><div\n\t\t\t\n\t\t\tclass=\"so-widget-mtt-one-col-text so-widget-mtt-one-col-text-base\"\n\t\t\t\n\t\t>\n<div class=\"mtt-two-col-wrapper no-bottom-padding\">\n    <div class=\"mtt-two-col-container\">\n        <div class=\"mtt-two-col-content formatted_content has-title-one\">\n\t\t\t                <h2>Verf\u00fcgbare Optionen<\/h2>\n                        <div class=\"text-section one-col\">\n                <ul>\n<li>ePM1 70% Feinfilterung (EN779: F8 \/ ASHRAE 52.2: MERV 14 eq.)<\/li>\n<li>Herausnehmbares Heizmodul mit \u00dcbertemperaturschutz<\/li>\n<li>Kondensatabscheider f\u00fcr hei\u00dfe und feuchte Klimazonen<\/li>\n<li>Abdeckung f\u00fcr Module (RAL 7035)<\/li>\n<li>14'' Einzelauslass (nur f\u00fcr PCA 210)<\/li>\n<li>Einzelne oder doppelte auf einem Rollwagen montierte Luftspule<\/li>\n<\/ul>\n            <\/div>\n\n            \n                        <\/div>\n    <\/div>\n<\/div>\n<\/div><\/div><div id=\"panel-28644-0-0-5\" class=\"so-panel widget widget_mtt-one-col-text\" data-index=\"5\" ><div\n\t\t\t\n\t\t\tclass=\"so-widget-mtt-one-col-text so-widget-mtt-one-col-text-base\"\n\t\t\t\n\t\t>\n<div class=\"mtt-two-col-wrapper\">\n    <div class=\"mtt-two-col-container\">\n        <div class=\"mtt-two-col-content formatted_content\">\n\t\t\t            <div class=\"text-section one-col\">\n                <p><img decoding=\"async\" class=\"alignnone wp-image-28314 size-full\" src=\"https:\/\/itwgse.com\/wp-content\/uploads\/2026\/01\/Slide-drawings.png\" alt=\"\" width=\"1813\" height=\"624\" srcset=\"https:\/\/itwgse.com\/wp-content\/uploads\/2026\/01\/Slide-drawings.png 1813w, https:\/\/itwgse.com\/wp-content\/uploads\/2026\/01\/Slide-drawings-300x103.png 300w, https:\/\/itwgse.com\/wp-content\/uploads\/2026\/01\/Slide-drawings-1024x352.png 1024w\" sizes=\"(max-width: 1813px) 100vw, 1813px\" \/><\/p>\n            <\/div>\n\n            \n                        <\/div>\n    <\/div>\n<\/div>\n<\/div><\/div><div id=\"panel-28644-0-0-6\" class=\"so-panel widget widget_mtt-text-image\" data-index=\"6\" ><div\n\t\t\t\n\t\t\tclass=\"so-widget-mtt-text-image so-widget-mtt-text-image-base\"\n\t\t\t\n\t\t>\n<div class=\"mtt-text-image-wrap no-bottom-padding less-top-padding\">\n        <!-- Content -->\n    <div class=\"mtt-text-image-container\">\n        <div class=\"mtt-text-image-col\">\n            <div class=\"mtt-text-image-content formatted_content\">\n                                <h2>Standardmerkmale<\/h2>\n                <ul>\n<li>Stufenlose Regelung \u00fcber VFD an Hauptgebl\u00e4se, Kompressoren und Heizung<\/li>\n<li>Schnelles Auswechseln des K\u00fchlmoduls<\/li>\n<li>Innenkan\u00e4le aus Edelstahl<\/li>\n<li>Rauchmelder<\/li>\n<li>Messung von Ausgangsdruck und Luftstrom<\/li>\n<li>Lufttemperatursensoren (Auslass und Einlass)<\/li>\n<li>2 Druck- und 3 Temperatursensoren sowie 1 Schauglas an jedem K\u00e4ltemittelkreislauf<\/li>\n<li>Mikrokanal-Kondensatoren (seewasserbest\u00e4ndiges Aluminium)<\/li>\n<li>ePM10 70% mittlere Filterung mit Verstopfungsalarm (EN779: M6 \/ ASHRAE 52.2: MERV 11 eq.)<\/li>\n<li>Interner 14''-D\u00e4mpfer am zweiten Auslass<\/li>\n<li>Spezielle Kondensatorbeschichtung<\/li>\n<li>Schnelle Enteisung des Verdampfers<\/li>\n<li>Farbe: RAL 7035 (Standard) oder jede andere RAL-Farbe auf Anfrage<\/li>\n<li>K\u00e4ltemittellecksucher (nur in Ger\u00e4ten mit R454B)<\/li>\n<li>Fernbedienungsbox mit Display und einfachem Kommunikationskabel<\/li>\n<\/ul>\n\n                            <\/div>\n        <\/div>\n                    <div class=\"mtt-text-image-col img center\">\n                <div class=\"mtt-text-image-content\">\n                    <img decoding=\"async\" width=\"2560\" height=\"2226\" src=\"https:\/\/itwgse.com\/wp-content\/uploads\/2026\/01\/mobile-3500-PCA-for-spec-page-scaled.jpeg\" class=\"attachment-full size-full\" alt=\"Trailer-mounted ITW GSE 3500 Mobile PCA parked near a terminal building at an airport, ready for aircraft cooling\" srcset=\"https:\/\/itwgse.com\/wp-content\/uploads\/2026\/01\/mobile-3500-PCA-for-spec-page-scaled.jpeg 2560w, https:\/\/itwgse.com\/wp-content\/uploads\/2026\/01\/mobile-3500-PCA-for-spec-page-300x261.jpeg 300w, https:\/\/itwgse.com\/wp-content\/uploads\/2026\/01\/mobile-3500-PCA-for-spec-page-1024x890.jpeg 1024w, https:\/\/itwgse.com\/wp-content\/uploads\/2026\/01\/mobile-3500-PCA-for-spec-page-851x740.jpeg 851w\" sizes=\"(max-width: 2560px) 100vw, 2560px\" \/>                \n                    \n                    \n                <\/div>\n            <\/div>\n            <\/div>\n<\/div>\n\n<script>\nfunction sendEvent(action, element) {\n    var videoTitle = jQuery(element).data('title');  \n\n    if (dataLayer && videoTitle) {\n        dataLayer.push({\n            'event': 'video',\n            'eventCategory': 'Video',\n            'eventAction': action,\n            'eventLabel': videoTitle\n        });\n    }\n    else if (ga && videoTitle) {\n        ga('send', 'event', 'Video', action, videoTitle);\n    }  \n}\n<\/script>\n<\/div><\/div><div id=\"panel-28644-0-0-7\" class=\"so-panel widget widget_mtt-one-col-text\" data-index=\"7\" ><div\n\t\t\t\n\t\t\tclass=\"so-widget-mtt-one-col-text so-widget-mtt-one-col-text-base\"\n\t\t\t\n\t\t>\n<div class=\"mtt-two-col-wrapper no-top-padding\">\n    <div class=\"mtt-two-col-container\">\n        <div class=\"mtt-two-col-content formatted_content has-title-one\">\n\t\t\t                <h2>Mobile PCA \u00dcbersicht<\/h2>\n                        <div class=\"text-section one-col\">\n                <p><img decoding=\"async\" class=\"aligncenter wp-image-27278 size-full\" src=\"https:\/\/itwgse.com\/wp-content\/uploads\/2025\/08\/3500mobile-specs.png\" alt=\"\" width=\"2644\" height=\"786\" srcset=\"https:\/\/itwgse.com\/wp-content\/uploads\/2025\/08\/3500mobile-specs.png 2644w, https:\/\/itwgse.com\/wp-content\/uploads\/2025\/08\/3500mobile-specs-300x89.png 300w, https:\/\/itwgse.com\/wp-content\/uploads\/2025\/08\/3500mobile-specs-1024x304.png 1024w\" sizes=\"(max-width: 2644px) 100vw, 2644px\" \/><\/p>\n            <\/div>\n\n            \n                        <\/div>\n    <\/div>\n<\/div>\n<\/div><\/div><div id=\"panel-28644-0-0-8\" class=\"so-panel widget widget_mtt-one-col-text panel-last-child\" data-index=\"8\" ><div\n\t\t\t\n\t\t\tclass=\"so-widget-mtt-one-col-text so-widget-mtt-one-col-text-base\"\n\t\t\t\n\t\t>\n<div class=\"mtt-two-col-wrapper\">\n    <div class=\"mtt-two-col-container\">\n        <div class=\"mtt-two-col-content formatted_content has-title-one\">\n\t\t\t                <h2>Auf einer Br\u00fccke montierter oder fester PCA<\/h2>\n                        <div class=\"text-section one-col\">\n                <p><a href=\"https:\/\/itwgse.com\/products\/air\/itw-gse-3500-pca\/\">Informationen \u00fcber die 3500 PCA mit und ohne Br\u00fccke finden Sie hier<\/a>.<\/p>\n            <\/div>\n\n            \n                        <\/div>\n    <\/div>\n<\/div>\n<\/div><\/div><\/div><\/div><\/div>","protected":false},"excerpt":{"rendered":"<p>Spezifikationen f\u00fcr 3500 mobile PCA F\u00fcr den ITW GSE 3500 Mobile PCA 150 &#038; 210 EINGANG Gleichrichtung: 12 Impuls Netzstrom-Verzerrung: < 10% Einschaltstrom: Keiner,...\n<\/p>\n","protected":false},"author":11,"featured_media":0,"parent":0,"menu_order":27,"comment_status":"closed","ping_status":"closed","template":"","meta":{"_acf_changed":false,"_relevanssi_hide_post":"","_relevanssi_hide_content":"","_relevanssi_pin_for_all":"","_relevanssi_pin_keywords":"","_relevanssi_unpin_keywords":"","_relevanssi_related_keywords":"","_relevanssi_related_include_ids":"","_relevanssi_related_exclude_ids":"","_relevanssi_related_no_append":"","_relevanssi_related_not_related":"","_relevanssi_related_posts":"","_relevanssi_noindex_reason":"","footnotes":""},"class_list":["post-28644","page","type-page","status-publish","hentry"],"acf":[],"yoast_head":"<!-- This site is optimized with the Yoast SEO plugin v27.0 - https:\/\/yoast.com\/product\/yoast-seo-wordpress\/ -->\n<title>Spezifikationen f\u00fcr 3500 Mobile PCA - ITW GSE<\/title>\n<meta name=\"description\" content=\"Sehen Sie sich die technischen Daten des mobilen ITW GSE 3500 Pre-Conditioned Air Units an.\" \/>\n<meta name=\"robots\" content=\"index, follow, max-snippet:-1, max-image-preview:large, max-video-preview:-1\" \/>\n<link rel=\"canonical\" href=\"https:\/\/itwgse.com\/de\/spezifikationen-fuer-3500-mobile-pca\/\" \/>\n<meta property=\"og:locale\" content=\"de_DE\" \/>\n<meta property=\"og:type\" content=\"article\" \/>\n<meta property=\"og:title\" content=\"Spezifikationen f\u00fcr 3500 Mobile PCA - ITW GSE\" \/>\n<meta property=\"og:description\" content=\"Sehen Sie sich die technischen Daten des mobilen ITW GSE 3500 Pre-Conditioned Air Units an.\" \/>\n<meta property=\"og:url\" content=\"https:\/\/itwgse.com\/de\/spezifikationen-fuer-3500-mobile-pca\/\" \/>\n<meta property=\"og:site_name\" content=\"ITW GSE\" \/>\n<meta property=\"article:publisher\" content=\"https:\/\/www.facebook.com\/ITWGSE\/\" \/>\n<meta property=\"article:modified_time\" content=\"2026-03-30T13:18:47+00:00\" \/>\n<meta name=\"twitter:card\" content=\"summary_large_image\" \/>\n<script type=\"application\/ld+json\" class=\"yoast-schema-graph\">{\"@context\":\"https:\/\/schema.org\",\"@graph\":[{\"@type\":\"WebPage\",\"@id\":\"https:\/\/itwgse.com\/de\/spezifikationen-fuer-3500-mobile-pca\/\",\"url\":\"https:\/\/itwgse.com\/de\/spezifikationen-fuer-3500-mobile-pca\/\",\"name\":\"Spezifikationen f\u00fcr 3500 Mobile PCA - ITW GSE\",\"isPartOf\":{\"@id\":\"https:\/\/itwgse.com\/#website\"},\"datePublished\":\"2026-02-24T13:00:46+00:00\",\"dateModified\":\"2026-03-30T13:18:47+00:00\",\"description\":\"Sehen Sie sich die technischen Daten des mobilen ITW GSE 3500 Pre-Conditioned Air Units an.\",\"breadcrumb\":{\"@id\":\"https:\/\/itwgse.com\/de\/spezifikationen-fuer-3500-mobile-pca\/#breadcrumb\"},\"inLanguage\":\"de\",\"potentialAction\":[{\"@type\":\"ReadAction\",\"target\":[\"https:\/\/itwgse.com\/de\/spezifikationen-fuer-3500-mobile-pca\/\"]}]},{\"@type\":\"BreadcrumbList\",\"@id\":\"https:\/\/itwgse.com\/de\/spezifikationen-fuer-3500-mobile-pca\/#breadcrumb\",\"itemListElement\":[{\"@type\":\"ListItem\",\"position\":1,\"name\":\"Home\",\"item\":\"https:\/\/itwgse.com\/de\/home\/\"},{\"@type\":\"ListItem\",\"position\":2,\"name\":\"Spezifikationen f\u00fcr 3500 Mobile PCA\"}]},{\"@type\":\"WebSite\",\"@id\":\"https:\/\/itwgse.com\/#website\",\"url\":\"https:\/\/itwgse.com\/\",\"name\":\"ITW GSE\",\"description\":\"It&#039;s all about connections\",\"publisher\":{\"@id\":\"https:\/\/itwgse.com\/#organization\"},\"potentialAction\":[{\"@type\":\"SearchAction\",\"target\":{\"@type\":\"EntryPoint\",\"urlTemplate\":\"https:\/\/itwgse.com\/?s={search_term_string}\"},\"query-input\":{\"@type\":\"PropertyValueSpecification\",\"valueRequired\":true,\"valueName\":\"search_term_string\"}}],\"inLanguage\":\"de\"},{\"@type\":\"Organization\",\"@id\":\"https:\/\/itwgse.com\/#organization\",\"name\":\"ITW GSE\",\"url\":\"https:\/\/itwgse.com\/\",\"logo\":{\"@type\":\"ImageObject\",\"inLanguage\":\"de\",\"@id\":\"https:\/\/itwgse.com\/#\/schema\/logo\/image\/\",\"url\":\"https:\/\/itwgse.com\/wp-content\/uploads\/2018\/11\/logo.png\",\"contentUrl\":\"https:\/\/itwgse.com\/wp-content\/uploads\/2018\/11\/logo.png\",\"width\":302,\"height\":237,\"caption\":\"ITW GSE\"},\"image\":{\"@id\":\"https:\/\/itwgse.com\/#\/schema\/logo\/image\/\"},\"sameAs\":[\"https:\/\/www.facebook.com\/ITWGSE\/\",\"https:\/\/www.linkedin.com\/company\/itw-gse\/\",\"https:\/\/www.youtube.com\/channel\/UCTUIMvyaOPfYIqzP8enZ8yw\"]}]}<\/script>\n<!-- \/ Yoast SEO plugin. -->","yoast_head_json":{"title":"Spezifikationen f\u00fcr 3500 Mobile PCA - ITW GSE","description":"Sehen Sie sich die technischen Daten des mobilen ITW GSE 3500 Pre-Conditioned Air Units an.","robots":{"index":"index","follow":"follow","max-snippet":"max-snippet:-1","max-image-preview":"max-image-preview:large","max-video-preview":"max-video-preview:-1"},"canonical":"https:\/\/itwgse.com\/de\/spezifikationen-fuer-3500-mobile-pca\/","og_locale":"de_DE","og_type":"article","og_title":"Spezifikationen f\u00fcr 3500 Mobile PCA - ITW GSE","og_description":"Sehen Sie sich die technischen Daten des mobilen ITW GSE 3500 Pre-Conditioned Air Units an.","og_url":"https:\/\/itwgse.com\/de\/spezifikationen-fuer-3500-mobile-pca\/","og_site_name":"ITW GSE","article_publisher":"https:\/\/www.facebook.com\/ITWGSE\/","article_modified_time":"2026-03-30T13:18:47+00:00","twitter_card":"summary_large_image","schema":{"@context":"https:\/\/schema.org","@graph":[{"@type":"WebPage","@id":"https:\/\/itwgse.com\/de\/spezifikationen-fuer-3500-mobile-pca\/","url":"https:\/\/itwgse.com\/de\/spezifikationen-fuer-3500-mobile-pca\/","name":"Spezifikationen f\u00fcr 3500 Mobile PCA - ITW GSE","isPartOf":{"@id":"https:\/\/itwgse.com\/#website"},"datePublished":"2026-02-24T13:00:46+00:00","dateModified":"2026-03-30T13:18:47+00:00","description":"Sehen Sie sich die technischen Daten des mobilen ITW GSE 3500 Pre-Conditioned Air Units an.","breadcrumb":{"@id":"https:\/\/itwgse.com\/de\/spezifikationen-fuer-3500-mobile-pca\/#breadcrumb"},"inLanguage":"de","potentialAction":[{"@type":"ReadAction","target":["https:\/\/itwgse.com\/de\/spezifikationen-fuer-3500-mobile-pca\/"]}]},{"@type":"BreadcrumbList","@id":"https:\/\/itwgse.com\/de\/spezifikationen-fuer-3500-mobile-pca\/#breadcrumb","itemListElement":[{"@type":"ListItem","position":1,"name":"Home","item":"https:\/\/itwgse.com\/de\/home\/"},{"@type":"ListItem","position":2,"name":"Spezifikationen f\u00fcr 3500 Mobile PCA"}]},{"@type":"WebSite","@id":"https:\/\/itwgse.com\/#website","url":"https:\/\/itwgse.com\/","name":"ITW GSE","description":"It&#039;s all about connections","publisher":{"@id":"https:\/\/itwgse.com\/#organization"},"potentialAction":[{"@type":"SearchAction","target":{"@type":"EntryPoint","urlTemplate":"https:\/\/itwgse.com\/?s={search_term_string}"},"query-input":{"@type":"PropertyValueSpecification","valueRequired":true,"valueName":"search_term_string"}}],"inLanguage":"de"},{"@type":"Organization","@id":"https:\/\/itwgse.com\/#organization","name":"ITW GSE","url":"https:\/\/itwgse.com\/","logo":{"@type":"ImageObject","inLanguage":"de","@id":"https:\/\/itwgse.com\/#\/schema\/logo\/image\/","url":"https:\/\/itwgse.com\/wp-content\/uploads\/2018\/11\/logo.png","contentUrl":"https:\/\/itwgse.com\/wp-content\/uploads\/2018\/11\/logo.png","width":302,"height":237,"caption":"ITW GSE"},"image":{"@id":"https:\/\/itwgse.com\/#\/schema\/logo\/image\/"},"sameAs":["https:\/\/www.facebook.com\/ITWGSE\/","https:\/\/www.linkedin.com\/company\/itw-gse\/","https:\/\/www.youtube.com\/channel\/UCTUIMvyaOPfYIqzP8enZ8yw"]}]}},"_links":{"self":[{"href":"https:\/\/itwgse.com\/de\/wp-json\/wp\/v2\/pages\/28644","targetHints":{"allow":["GET"]}}],"collection":[{"href":"https:\/\/itwgse.com\/de\/wp-json\/wp\/v2\/pages"}],"about":[{"href":"https:\/\/itwgse.com\/de\/wp-json\/wp\/v2\/types\/page"}],"author":[{"embeddable":true,"href":"https:\/\/itwgse.com\/de\/wp-json\/wp\/v2\/users\/11"}],"replies":[{"embeddable":true,"href":"https:\/\/itwgse.com\/de\/wp-json\/wp\/v2\/comments?post=28644"}],"version-history":[{"count":1,"href":"https:\/\/itwgse.com\/de\/wp-json\/wp\/v2\/pages\/28644\/revisions"}],"predecessor-version":[{"id":45450,"href":"https:\/\/itwgse.com\/de\/wp-json\/wp\/v2\/pages\/28644\/revisions\/45450"}],"wp:attachment":[{"href":"https:\/\/itwgse.com\/de\/wp-json\/wp\/v2\/media?parent=28644"}],"curies":[{"name":"wp","href":"https:\/\/api.w.org\/{rel}","templated":true}]}}