{"id":28648,"date":"2026-02-24T14:00:50","date_gmt":"2026-02-24T13:00:50","guid":{"rendered":"https:\/\/itwgse.com\/itw-gse-connect\/"},"modified":"2026-04-13T16:43:23","modified_gmt":"2026-04-13T14:43:23","slug":"itw-gse-connect","status":"publish","type":"page","link":"https:\/\/itwgse.com\/de\/itw-gse-connect\/","title":{"rendered":"ITW GSE Connect"},"content":{"rendered":"<div id=\"pl-28648\"  class=\"panel-layout\" ><div id=\"pg-28648-0\"  class=\"panel-grid panel-no-style\" ><div id=\"pgc-28648-0-0\"  class=\"panel-grid-cell\" ><div id=\"panel-28648-0-0-0\" class=\"so-panel widget widget_mtt-cover-section panel-first-child\" data-index=\"0\" ><div\n\t\t\t\n\t\t\tclass=\"so-widget-mtt-cover-section so-widget-mtt-cover-section-base\"\n\t\t\t\n\t\t>\n<div class=\"mtt-cover-section-wrap compact extra-small\">\n\t<div class=\"mtt-cover-curve\">\n\t\t<img decoding=\"async\"  src=\"https:\/\/itwgse.com\/wp-content\/themes\/mtt-standard-theme\/assets\/img\/cover\/itwgse_cut.svg\">\t<\/div>\n    <div class=\"mtt-cover-compact-background object-fit\">\n                            <div class=\"mtt-cover-compact-image object-fit contain\">\n                <img decoding=\"async\"\n                    src=\"https:\/\/itwgse.com\/wp-content\/uploads\/2023\/04\/connect-app-cover-image.png\"\n                    data-skip-lazy\n                    alt=\"\"\n                >\n            <\/div>\n                    <\/div>\n    <div class=\"mtt-cover-compact-container\">\n        <div class=\"mtt-cover-section-text\">\n            <h1>ITW GSE Connect<\/h1>\n                                <div class=\"text\"><p>Live-Verfolgung Ihres mobilen ITW GSE 7400!<\/p>\n<p>Machen Sie das Beste aus Ihren eGPUs und sehen Sie den Batteriestand, den genauen Standort und wann es Zeit ist, eine Wartung zu buchen.<\/p>\n<\/div>\n                            <\/div>\n    <\/div>\n<\/div>\n<\/div><\/div><div id=\"panel-28648-0-0-1\" class=\"so-panel widget widget_mtt-text-image\" data-index=\"1\" ><div\n\t\t\t\n\t\t\tclass=\"so-widget-mtt-text-image so-widget-mtt-text-image-base\"\n\t\t\t\n\t\t>\n<div class=\"mtt-text-image-wrap no-bottom-padding less-top-padding\">\n        <!-- Content -->\n    <div class=\"mtt-text-image-container\">\n        <div class=\"mtt-text-image-col\">\n            <div class=\"mtt-text-image-content formatted_content\">\n                                <h2>\u00dcberwachen Sie Ihre eGPUs 24\/7!<\/h2>\n                <p>ITW GSE Connect informiert Sie nicht nur \u00fcber den Ladestand und den genauen Standort Ihrer eGPU, sondern auch dar\u00fcber, wann es an der Zeit ist, einen Wartungscheck zu buchen. Diese Informationen sind von unsch\u00e4tzbarem Wert, um die maximale Betriebszeit Ihrer mobilen Ausr\u00fcstung zu gew\u00e4hrleisten. <\/p>\n<p>ITW GSE Connect ist eine Option f\u00fcr die 7400 eGPU Familie - m\u00f6chten Sie mehr erfahren?<\/p>\n\n                                    <div class=\"button-wrap\">\n                                                    <a href=\"https:\/\/itwgse.com\/our-team\/?employee_department%5B0%5D=sales\" class=\"button\">\n                                Kontaktieren Sie das Verkaufsteam                            <\/a>\n                                            <\/div>\n                            <\/div>\n        <\/div>\n                    <div class=\"mtt-text-image-col img center\">\n                <div class=\"mtt-text-image-content\">\n                    <img decoding=\"async\" width=\"562\" height=\"415\" src=\"https:\/\/itwgse.com\/wp-content\/uploads\/2023\/04\/connect-portal-fritskrabet.png\" class=\"attachment-full size-full\" alt=\"connect portal\" srcset=\"https:\/\/itwgse.com\/wp-content\/uploads\/2023\/04\/connect-portal-fritskrabet.png 562w, https:\/\/itwgse.com\/wp-content\/uploads\/2023\/04\/connect-portal-fritskrabet-300x222.png 300w\" sizes=\"(max-width: 562px) 100vw, 562px\" \/>                \n                    \n                    \n                <\/div>\n            <\/div>\n            <\/div>\n<\/div>\n\n<script>\nfunction sendEvent(action, element) {\n    var videoTitle = jQuery(element).data('title');  \n\n    if (dataLayer && videoTitle) {\n        dataLayer.push({\n            'event': 'video',\n            'eventCategory': 'Video',\n            'eventAction': action,\n            'eventLabel': videoTitle\n        });\n    }\n    else if (ga && videoTitle) {\n        ga('send', 'event', 'Video', action, videoTitle);\n    }  \n}\n<\/script>\n<\/div><\/div><div id=\"panel-28648-0-0-2\" class=\"so-panel widget widget_mtt-text-image\" data-index=\"2\" ><div\n\t\t\t\n\t\t\tclass=\"so-widget-mtt-text-image so-widget-mtt-text-image-base\"\n\t\t\t\n\t\t>\n<div class=\"mtt-text-image-wrap flip no-top-padding no-bottom-padding\">\n        <!-- Content -->\n    <div class=\"mtt-text-image-container\">\n        <div class=\"mtt-text-image-col\">\n            <div class=\"mtt-text-image-content formatted_content\">\n                                <h2>Einfacher Zugang<\/h2>\n                <p>Um Ihre Bodenabfertigung zu erleichtern, haben wir eine App entwickelt, die alle Informationen enth\u00e4lt, die Sie f\u00fcr den t\u00e4glichen Betrieb ben\u00f6tigen.<\/p>\n<p>Sie k\u00f6nnen die Informationen \u00fcber die ITW GSE Connect App auf Ihrem Smartphone abrufen oder <a href=\"https:\/\/dataportal.proemion.com\/login\">sich online<\/a> \u00fcber einen Desktop-PC einloggen.<\/p>\n\n                                    <div class=\"button-wrap\">\n                                                    <a href=\"https:\/\/play.google.com\/store\/apps\/details?id=com.proemion.machinecompanion.itw\" class=\"button\">\n                                Google Play - Andriod                            <\/a>\n                                                    <a href=\"https:\/\/apps.apple.com\/pl\/app\/itw-gse-connect\/id1592828293\" class=\"button\">\n                                App Store - iPhone                            <\/a>\n                                            <\/div>\n                            <\/div>\n        <\/div>\n                    <div class=\"mtt-text-image-col img center\">\n                <div class=\"mtt-text-image-content\">\n                    <img decoding=\"async\" width=\"824\" height=\"520\" src=\"https:\/\/itwgse.com\/wp-content\/uploads\/2022\/08\/connect-app-3.png\" class=\"attachment-full size-full\" alt=\"itw gse connect app\" srcset=\"https:\/\/itwgse.com\/wp-content\/uploads\/2022\/08\/connect-app-3.png 824w, https:\/\/itwgse.com\/wp-content\/uploads\/2022\/08\/connect-app-3-300x189.png 300w\" sizes=\"(max-width: 824px) 100vw, 824px\" \/>                \n                    \n                    \n                <\/div>\n            <\/div>\n            <\/div>\n<\/div>\n\n<script>\nfunction sendEvent(action, element) {\n    var videoTitle = jQuery(element).data('title');  \n\n    if (dataLayer && videoTitle) {\n        dataLayer.push({\n            'event': 'video',\n            'eventCategory': 'Video',\n            'eventAction': action,\n            'eventLabel': videoTitle\n        });\n    }\n    else if (ga && videoTitle) {\n        ga('send', 'event', 'Video', action, videoTitle);\n    }  \n}\n<\/script>\n<\/div><\/div><div id=\"panel-28648-0-0-3\" class=\"so-panel widget widget_mtt-text-image\" data-index=\"3\" ><div\n\t\t\t\n\t\t\tclass=\"so-widget-mtt-text-image so-widget-mtt-text-image-base\"\n\t\t\t\n\t\t>\n<div class=\"mtt-text-image-wrap no-top-padding no-bottom-padding\">\n        <!-- Content -->\n    <div class=\"mtt-text-image-container\">\n        <div class=\"mtt-text-image-col\">\n            <div class=\"mtt-text-image-content formatted_content\">\n                                <h2>Volle Flexibilit\u00e4t mit ITW GSE Connect<\/h2>\n                <p>Sie k\u00f6nnen verschiedene Benutzertypen einrichten und verwalten, wer Zugriff auf die verschiedenen Informationen hat.<\/p>\n<p><strong>Mit ITW GSE Connect k\u00f6nnen Sie:<\/strong><\/p>\n<ul>\n<li>Verwalten Sie Ihre eGPU-Flotte<\/li>\n<li>Finden Sie Ihre individuellen Einheiten<\/li>\n<li>Einrichten eines Geo-Zauns (GPS-Verfolgung)<\/li>\n<li>Siehe Batteriestatus<\/li>\n<li>Erhalten Sie Ausfallalarm-Benachrichtigungen (Text\/E-Mail)<\/li>\n<li>Berichte erstellen<\/li>\n<li>Erstellen Sie Ihr Firmen-Dashboard & Themen<\/li>\n<li>Verschiedene Benutzerebenen einrichten<\/li>\n<\/ul>\n\n                            <\/div>\n        <\/div>\n                    <div class=\"mtt-text-image-col img center\">\n                <div class=\"mtt-text-image-content\">\n                    <img decoding=\"async\" width=\"1576\" height=\"716\" src=\"https:\/\/itwgse.com\/wp-content\/uploads\/2023\/05\/advantages-for-connect-portal.jpg\" class=\"attachment-full size-full\" alt=\"the advantages of itw gse&#039;s connect live tracking program\" srcset=\"https:\/\/itwgse.com\/wp-content\/uploads\/2023\/05\/advantages-for-connect-portal.jpg 1576w, https:\/\/itwgse.com\/wp-content\/uploads\/2023\/05\/advantages-for-connect-portal-300x136.jpg 300w, https:\/\/itwgse.com\/wp-content\/uploads\/2023\/05\/advantages-for-connect-portal-1024x465.jpg 1024w\" sizes=\"(max-width: 1576px) 100vw, 1576px\" \/>                \n                    \n                    \n                <\/div>\n            <\/div>\n            <\/div>\n<\/div>\n\n<script>\nfunction sendEvent(action, element) {\n    var videoTitle = jQuery(element).data('title');  \n\n    if (dataLayer && videoTitle) {\n        dataLayer.push({\n            'event': 'video',\n            'eventCategory': 'Video',\n            'eventAction': action,\n            'eventLabel': videoTitle\n        });\n    }\n    else if (ga && videoTitle) {\n        ga('send', 'event', 'Video', action, videoTitle);\n    }  \n}\n<\/script>\n<\/div><\/div><div id=\"panel-28648-0-0-4\" class=\"so-panel widget widget_mtt-one-col-text\" data-index=\"4\" ><div\n\t\t\t\n\t\t\tclass=\"so-widget-mtt-one-col-text so-widget-mtt-one-col-text-base\"\n\t\t\t\n\t\t>\n<div class=\"mtt-two-col-wrapper no-bottom-padding no-top-padding\">\n    <div class=\"mtt-two-col-container\">\n        <div class=\"mtt-two-col-content formatted_content has-title-one\">\n\t\t\t                <h2>ITW GSE Connect - verf\u00fcgbar f\u00fcr eGPUs:<\/h2>\n                        <div class=\"text-section one-col\">\n                <p>ITW GSE Connect ist f\u00fcr die mobilen 7400 eGPUs verf\u00fcgbar:<\/p>\n            <\/div>\n\n            \n                        <\/div>\n    <\/div>\n<\/div>\n<\/div><\/div><div id=\"panel-28648-0-0-5\" class=\"so-panel widget widget_mtt-product-loop\" data-index=\"5\" ><div\n\t\t\t\n\t\t\tclass=\"so-widget-mtt-product-loop so-widget-mtt-product-loop-base\"\n\t\t\t\n\t\t>\n\n<div class=\"mtt-product-loop-wrap \">\n    <div class=\"mtt-product-loop-container filter-bar-content\">\n                    <ul class=\"mtt-product-loop-grid\">\n                                        <li class=\"post-5503 product type-product status-publish has-post-thumbnail product_cat-aktivierte-produkte-fur-connect product_cat-bodenstrom product_cat-brochure-catalog-de product_cat-egse-produkte product_cat-green-products-de product_cat-military-products-de product_tag-400-hz-i product_tag-7400-egpu product_tag-7400-gpu product_tag-batteriebetriebene-gpu product_tag-egpu product_tag-gpu product_tag-itw-gse-7400-egpu product_tag-itw-gse-gpu product_tag-leistung-flugzeugboden first instock shipping-taxable purchasable product-type-simple\">\n        <a href=\"https:\/\/itwgse.com\/de\/produkte\/bodenstrom\/itw-gse-7400-egpu\/\" class=\"woocommerce-LoopProduct-link woocommerce-loop-product__link\">\n\n            <div class=\"product-image-wrap\">\n                <div class=\"product-image-container\">\n                    <div class=\"product-image-center\">\n                                                <div class=\"product-image\">\n                            <img decoding=\"async\" width=\"300\" height=\"173\" src=\"https:\/\/itwgse.com\/wp-content\/uploads\/2018\/06\/ITW_GSE_7400_Mark_II_3d_flipped_pointing-right_okt2022-2-300x173.png\" class=\"attachment-300x250x size-300x250x\" alt=\"7400 400 Hz Mai2024\" srcset=\"https:\/\/itwgse.com\/wp-content\/uploads\/2018\/06\/ITW_GSE_7400_Mark_II_3d_flipped_pointing-right_okt2022-2-300x173.png 300w, https:\/\/itwgse.com\/wp-content\/uploads\/2018\/06\/ITW_GSE_7400_Mark_II_3d_flipped_pointing-right_okt2022-2-1024x590.png 1024w, https:\/\/itwgse.com\/wp-content\/uploads\/2018\/06\/ITW_GSE_7400_Mark_II_3d_flipped_pointing-right_okt2022-2-768x443.png 768w, https:\/\/itwgse.com\/wp-content\/uploads\/2018\/06\/ITW_GSE_7400_Mark_II_3d_flipped_pointing-right_okt2022-2-750x432.png 750w, https:\/\/itwgse.com\/wp-content\/uploads\/2018\/06\/ITW_GSE_7400_Mark_II_3d_flipped_pointing-right_okt2022-2-150x86.png 150w, https:\/\/itwgse.com\/wp-content\/uploads\/2018\/06\/ITW_GSE_7400_Mark_II_3d_flipped_pointing-right_okt2022-2-360x208.png 360w, https:\/\/itwgse.com\/wp-content\/uploads\/2018\/06\/ITW_GSE_7400_Mark_II_3d_flipped_pointing-right_okt2022-2-1200x692.png 1200w, https:\/\/itwgse.com\/wp-content\/uploads\/2018\/06\/ITW_GSE_7400_Mark_II_3d_flipped_pointing-right_okt2022-2-600x346.png 600w\" sizes=\"(max-width: 300px) 100vw, 300px\" \/>                        <\/div>\n                    <\/div>\n                <\/div>\n            <\/div>\n\n            <div class=\"product-content-wrap\">\n                <h2>ITW GSE 7400 eGPU<\/h2>\n                <p>\n                    Das batteriebetriebene ITW GSE 7400 eGPU ist ideal f\u00fcr Gates und Hangars, in denen keine festen 400 Hz-Installationen vorhanden sind. Diese batteriebetriebene GPU ist ein entscheidender Schritt auf dem Weg zur Verringerung der Umweltbelastung durch Flugh\u00e4fen.                 <\/p>\n            <\/div>\n        <\/a>\n        <div class=\"button-wrap\">\n            <a href=\"https:\/\/itwgse.com\/de\/produkte\/bodenstrom\/itw-gse-7400-egpu\/\" class=\"button\">Produkt Anzeigen<\/a>\n        <\/div>\n    <\/li>\n                                            <li class=\"post-8459 product type-product status-publish has-post-thumbnail product_cat-aktivierte-produkte-fur-connect product_cat-bodenstrom product_cat-brochure-catalog-de product_cat-egse-produkte product_cat-green-products-de product_cat-military-products-de product_tag-28-vdc product_tag-batterie-28-vdc product_tag-batteriebetriebene-gpu product_tag-gpu product_tag-itw-gse-7400-jetex product_tag-jetex-7400 product_tag-leistung-flugzeugboden  instock shipping-taxable purchasable product-type-simple\">\n        <a href=\"https:\/\/itwgse.com\/de\/produkte\/bodenstrom\/itw-gse-7400-jetex-28-vdc-egpu\/\" class=\"woocommerce-LoopProduct-link woocommerce-loop-product__link\">\n\n            <div class=\"product-image-wrap\">\n                <div class=\"product-image-container\">\n                    <div class=\"product-image-center\">\n                                                <div class=\"product-image\">\n                            <img decoding=\"async\" width=\"300\" height=\"169\" src=\"https:\/\/itwgse.com\/wp-content\/uploads\/2019\/10\/7400_jetex_beacons-300x169.png\" class=\"attachment-300x250x size-300x250x\" alt=\"itw gse, itwgse, itwgse 7400, itwgse 7400 jetex, batteriebetriebene gpu, flugzeug gpu, airline gpu, hangar gpu, ground power units\" srcset=\"https:\/\/itwgse.com\/wp-content\/uploads\/2019\/10\/7400_jetex_beacons-300x169.png 300w, https:\/\/itwgse.com\/wp-content\/uploads\/2019\/10\/7400_jetex_beacons-1024x576.png 1024w, https:\/\/itwgse.com\/wp-content\/uploads\/2019\/10\/7400_jetex_beacons-1200x675.png 1200w, https:\/\/itwgse.com\/wp-content\/uploads\/2019\/10\/7400_jetex_beacons-750x422.png 750w, https:\/\/itwgse.com\/wp-content\/uploads\/2019\/10\/7400_jetex_beacons-768x432.png 768w, https:\/\/itwgse.com\/wp-content\/uploads\/2019\/10\/7400_jetex_beacons-600x338.png 600w\" sizes=\"(max-width: 300px) 100vw, 300px\" \/>                        <\/div>\n                    <\/div>\n                <\/div>\n            <\/div>\n\n            <div class=\"product-content-wrap\">\n                <h2>ITW GSE 7400 JetEx 28 VDC eGPU<\/h2>\n                <p>\n                    Dieses batteriebetriebene Bodenstromaggregat ist gleicherma\u00dfen ideal f\u00fcr Hangars und den Einsatz in abgelegenen Gebieten.\n\nIm Gegensatz zu anderen 28 VDC-Batterie-GPUs auf dem Markt verf\u00fcgt die 7400 eGPU \u00fcber eine sehr hohe Batteriekapazit\u00e4t, die eine tagelange Nutzung erm\u00f6glicht, bevor sie wieder aufgeladen werden muss.                <\/p>\n            <\/div>\n        <\/a>\n        <div class=\"button-wrap\">\n            <a href=\"https:\/\/itwgse.com\/de\/produkte\/bodenstrom\/itw-gse-7400-jetex-28-vdc-egpu\/\" class=\"button\">Produkt Anzeigen<\/a>\n        <\/div>\n    <\/li>\n                                <\/ul>\n            <\/div>\n<\/div>\n\n<\/div><\/div><div id=\"panel-28648-0-0-6\" class=\"so-panel widget widget_mtt-customer-support panel-last-child\" data-index=\"6\" ><div\n\t\t\t\n\t\t\tclass=\"so-widget-mtt-customer-support so-widget-mtt-customer-support-base\"\n\t\t\t\n\t\t>\n<div class=\"mtt-text-image-wrap less-top-padding less-bottom-padding grey-bg\">\n        <!-- Content -->\n    <div class=\"mtt-text-image-container\">\n        <div class=\"mtt-text-image-col\">\n            <div class=\"mtt-text-image-content formatted_content\">\n                                <h2>Kundenservice<\/h2>\n                <p><strong>Wie k\u00f6nnen wir Ihnen helfen?<\/strong><\/p>\n<p>Ben\u00f6tigen Sie Schaltpl\u00e4ne, Ersatzteillisten oder Anleitungsvideos? Nutzen Sie die Schaltfl\u00e4che \u201eProdukthilfe\u201c.<\/p>\n<p>Haben Sie Fragen an den Kundenservice? Nutzen Sie die Schaltfl\u00e4che \u201eKundenservice kontaktieren\u201c. Falls sich Ihre Frage auf ein bestimmtes Produkt bezieht, geben Sie bitte die Seriennummer an.<\/p>\n\n                                    <div class=\"button-wrap\">\n                                                    <a href=\"https:\/\/itwgse.com\/de\/support-and-service\/\" class=\"button\">\n                                Produkthilfe                            <\/a>\n                                                    <a href=\"https:\/\/itwgse.com\/de\/kontakt\/\" class=\"button\">\n                                Kundenservice kontaktieren                            <\/a>\n                                            <\/div>\n                            <\/div>\n        <\/div>\n                    <div class=\"mtt-text-image-col img center\">\n                <div class=\"mtt-text-image-content\">\n                    <img decoding=\"async\" width=\"1800\" height=\"1023\" src=\"https:\/\/itwgse.com\/wp-content\/uploads\/2018\/06\/ITWGSE_hero_cleanest-1.jpg\" class=\"attachment-full size-full\" alt=\"7400 low noice JK\" srcset=\"https:\/\/itwgse.com\/wp-content\/uploads\/2018\/06\/ITWGSE_hero_cleanest-1.jpg 1800w, https:\/\/itwgse.com\/wp-content\/uploads\/2018\/06\/ITWGSE_hero_cleanest-1-300x171.jpg 300w, https:\/\/itwgse.com\/wp-content\/uploads\/2018\/06\/ITWGSE_hero_cleanest-1-1024x582.jpg 1024w\" sizes=\"(max-width: 1800px) 100vw, 1800px\" \/>                \n                    \n                    \n                <\/div>\n            <\/div>\n            <\/div>\n<\/div>\n\n<script>\nfunction sendEvent(action, element) {\n    var videoTitle = jQuery(element).data('title');  \n\n    if (dataLayer && videoTitle) {\n        dataLayer.push({\n            'event': 'video',\n            'eventCategory': 'Video',\n            'eventAction': action,\n            'eventLabel': videoTitle\n        });\n    }\n    else if (ga && videoTitle) {\n        ga('send', 'event', 'Video', action, videoTitle);\n    }  \n}\n<\/script>\n<\/div><\/div><\/div><\/div><\/div>","protected":false},"excerpt":{"rendered":"<p>ITW GSE Connect Live-Verfolgung Ihres mobilen ITW GSE 7400! Machen Sie das Beste aus Ihren eGPUs und sehen Sie den Batteriestand, den genauen Standort&#8230;<\/p>\n","protected":false},"author":11,"featured_media":0,"parent":0,"menu_order":97,"comment_status":"closed","ping_status":"closed","template":"","meta":{"_acf_changed":false,"_relevanssi_hide_post":"","_relevanssi_hide_content":"","_relevanssi_pin_for_all":"","_relevanssi_pin_keywords":"","_relevanssi_unpin_keywords":"","_relevanssi_related_keywords":"","_relevanssi_related_include_ids":"","_relevanssi_related_exclude_ids":"","_relevanssi_related_no_append":"","_relevanssi_related_not_related":"","_relevanssi_related_posts":"","_relevanssi_noindex_reason":"","footnotes":""},"class_list":["post-28648","page","type-page","status-publish","hentry"],"acf":[],"yoast_head":"<!-- This site is optimized with the Yoast SEO plugin v27.0 - https:\/\/yoast.com\/product\/yoast-seo-wordpress\/ -->\n<title>ITW GSE Connect - ITW GSE<\/title>\n<meta name=\"robots\" content=\"index, follow, max-snippet:-1, max-image-preview:large, max-video-preview:-1\" \/>\n<link rel=\"canonical\" href=\"https:\/\/itwgse.com\/de\/itw-gse-connect\/\" \/>\n<meta property=\"og:locale\" content=\"de_DE\" \/>\n<meta property=\"og:type\" content=\"article\" \/>\n<meta property=\"og:title\" content=\"ITW GSE Connect - ITW GSE\" \/>\n<meta property=\"og:description\" content=\"ITW GSE Connect Live-Verfolgung Ihres mobilen ITW GSE 7400! Machen Sie das Beste aus Ihren eGPUs und sehen Sie den Batteriestand, den genauen Standort...\" \/>\n<meta property=\"og:url\" content=\"https:\/\/itwgse.com\/de\/itw-gse-connect\/\" \/>\n<meta property=\"og:site_name\" content=\"ITW GSE\" \/>\n<meta property=\"article:publisher\" content=\"https:\/\/www.facebook.com\/ITWGSE\/\" \/>\n<meta property=\"article:modified_time\" content=\"2026-04-13T14:43:23+00:00\" \/>\n<meta name=\"twitter:card\" content=\"summary_large_image\" \/>\n<script type=\"application\/ld+json\" class=\"yoast-schema-graph\">{\"@context\":\"https:\/\/schema.org\",\"@graph\":[{\"@type\":\"WebPage\",\"@id\":\"https:\/\/itwgse.com\/de\/itw-gse-connect\/\",\"url\":\"https:\/\/itwgse.com\/de\/itw-gse-connect\/\",\"name\":\"ITW GSE Connect - ITW GSE\",\"isPartOf\":{\"@id\":\"https:\/\/itwgse.com\/#website\"},\"datePublished\":\"2026-02-24T13:00:50+00:00\",\"dateModified\":\"2026-04-13T14:43:23+00:00\",\"breadcrumb\":{\"@id\":\"https:\/\/itwgse.com\/de\/itw-gse-connect\/#breadcrumb\"},\"inLanguage\":\"de\",\"potentialAction\":[{\"@type\":\"ReadAction\",\"target\":[\"https:\/\/itwgse.com\/de\/itw-gse-connect\/\"]}]},{\"@type\":\"BreadcrumbList\",\"@id\":\"https:\/\/itwgse.com\/de\/itw-gse-connect\/#breadcrumb\",\"itemListElement\":[{\"@type\":\"ListItem\",\"position\":1,\"name\":\"Home\",\"item\":\"https:\/\/itwgse.com\/de\/home\/\"},{\"@type\":\"ListItem\",\"position\":2,\"name\":\"ITW GSE Connect\"}]},{\"@type\":\"WebSite\",\"@id\":\"https:\/\/itwgse.com\/#website\",\"url\":\"https:\/\/itwgse.com\/\",\"name\":\"ITW GSE\",\"description\":\"It&#039;s all about connections\",\"publisher\":{\"@id\":\"https:\/\/itwgse.com\/#organization\"},\"potentialAction\":[{\"@type\":\"SearchAction\",\"target\":{\"@type\":\"EntryPoint\",\"urlTemplate\":\"https:\/\/itwgse.com\/?s={search_term_string}\"},\"query-input\":{\"@type\":\"PropertyValueSpecification\",\"valueRequired\":true,\"valueName\":\"search_term_string\"}}],\"inLanguage\":\"de\"},{\"@type\":\"Organization\",\"@id\":\"https:\/\/itwgse.com\/#organization\",\"name\":\"ITW GSE\",\"url\":\"https:\/\/itwgse.com\/\",\"logo\":{\"@type\":\"ImageObject\",\"inLanguage\":\"de\",\"@id\":\"https:\/\/itwgse.com\/#\/schema\/logo\/image\/\",\"url\":\"https:\/\/itwgse.com\/wp-content\/uploads\/2018\/11\/logo.png\",\"contentUrl\":\"https:\/\/itwgse.com\/wp-content\/uploads\/2018\/11\/logo.png\",\"width\":302,\"height\":237,\"caption\":\"ITW GSE\"},\"image\":{\"@id\":\"https:\/\/itwgse.com\/#\/schema\/logo\/image\/\"},\"sameAs\":[\"https:\/\/www.facebook.com\/ITWGSE\/\",\"https:\/\/www.linkedin.com\/company\/itw-gse\/\",\"https:\/\/www.youtube.com\/channel\/UCTUIMvyaOPfYIqzP8enZ8yw\"]}]}<\/script>\n<!-- \/ Yoast SEO plugin. -->","yoast_head_json":{"title":"ITW GSE Connect - ITW GSE","robots":{"index":"index","follow":"follow","max-snippet":"max-snippet:-1","max-image-preview":"max-image-preview:large","max-video-preview":"max-video-preview:-1"},"canonical":"https:\/\/itwgse.com\/de\/itw-gse-connect\/","og_locale":"de_DE","og_type":"article","og_title":"ITW GSE Connect - ITW GSE","og_description":"ITW GSE Connect Live-Verfolgung Ihres mobilen ITW GSE 7400! Machen Sie das Beste aus Ihren eGPUs und sehen Sie den Batteriestand, den genauen Standort...","og_url":"https:\/\/itwgse.com\/de\/itw-gse-connect\/","og_site_name":"ITW GSE","article_publisher":"https:\/\/www.facebook.com\/ITWGSE\/","article_modified_time":"2026-04-13T14:43:23+00:00","twitter_card":"summary_large_image","schema":{"@context":"https:\/\/schema.org","@graph":[{"@type":"WebPage","@id":"https:\/\/itwgse.com\/de\/itw-gse-connect\/","url":"https:\/\/itwgse.com\/de\/itw-gse-connect\/","name":"ITW GSE Connect - ITW GSE","isPartOf":{"@id":"https:\/\/itwgse.com\/#website"},"datePublished":"2026-02-24T13:00:50+00:00","dateModified":"2026-04-13T14:43:23+00:00","breadcrumb":{"@id":"https:\/\/itwgse.com\/de\/itw-gse-connect\/#breadcrumb"},"inLanguage":"de","potentialAction":[{"@type":"ReadAction","target":["https:\/\/itwgse.com\/de\/itw-gse-connect\/"]}]},{"@type":"BreadcrumbList","@id":"https:\/\/itwgse.com\/de\/itw-gse-connect\/#breadcrumb","itemListElement":[{"@type":"ListItem","position":1,"name":"Home","item":"https:\/\/itwgse.com\/de\/home\/"},{"@type":"ListItem","position":2,"name":"ITW GSE Connect"}]},{"@type":"WebSite","@id":"https:\/\/itwgse.com\/#website","url":"https:\/\/itwgse.com\/","name":"ITW GSE","description":"It&#039;s all about connections","publisher":{"@id":"https:\/\/itwgse.com\/#organization"},"potentialAction":[{"@type":"SearchAction","target":{"@type":"EntryPoint","urlTemplate":"https:\/\/itwgse.com\/?s={search_term_string}"},"query-input":{"@type":"PropertyValueSpecification","valueRequired":true,"valueName":"search_term_string"}}],"inLanguage":"de"},{"@type":"Organization","@id":"https:\/\/itwgse.com\/#organization","name":"ITW GSE","url":"https:\/\/itwgse.com\/","logo":{"@type":"ImageObject","inLanguage":"de","@id":"https:\/\/itwgse.com\/#\/schema\/logo\/image\/","url":"https:\/\/itwgse.com\/wp-content\/uploads\/2018\/11\/logo.png","contentUrl":"https:\/\/itwgse.com\/wp-content\/uploads\/2018\/11\/logo.png","width":302,"height":237,"caption":"ITW GSE"},"image":{"@id":"https:\/\/itwgse.com\/#\/schema\/logo\/image\/"},"sameAs":["https:\/\/www.facebook.com\/ITWGSE\/","https:\/\/www.linkedin.com\/company\/itw-gse\/","https:\/\/www.youtube.com\/channel\/UCTUIMvyaOPfYIqzP8enZ8yw"]}]}},"_links":{"self":[{"href":"https:\/\/itwgse.com\/de\/wp-json\/wp\/v2\/pages\/28648","targetHints":{"allow":["GET"]}}],"collection":[{"href":"https:\/\/itwgse.com\/de\/wp-json\/wp\/v2\/pages"}],"about":[{"href":"https:\/\/itwgse.com\/de\/wp-json\/wp\/v2\/types\/page"}],"author":[{"embeddable":true,"href":"https:\/\/itwgse.com\/de\/wp-json\/wp\/v2\/users\/11"}],"replies":[{"embeddable":true,"href":"https:\/\/itwgse.com\/de\/wp-json\/wp\/v2\/comments?post=28648"}],"version-history":[{"count":1,"href":"https:\/\/itwgse.com\/de\/wp-json\/wp\/v2\/pages\/28648\/revisions"}],"predecessor-version":[{"id":45632,"href":"https:\/\/itwgse.com\/de\/wp-json\/wp\/v2\/pages\/28648\/revisions\/45632"}],"wp:attachment":[{"href":"https:\/\/itwgse.com\/de\/wp-json\/wp\/v2\/media?parent=28648"}],"curies":[{"name":"wp","href":"https:\/\/api.w.org\/{rel}","templated":true}]}}