{"id":28664,"date":"2026-02-24T14:02:54","date_gmt":"2026-02-24T13:02:54","guid":{"rendered":"https:\/\/itwgse.com\/unterstuetzt-4400-gpu\/"},"modified":"2026-02-24T14:02:54","modified_gmt":"2026-02-24T13:02:54","slug":"unterstuetzt-4400-gpu","status":"publish","type":"page","link":"https:\/\/itwgse.com\/de\/unterstuetzt-4400-gpu\/","title":{"rendered":"Unterst\u00fctzt 4400 GPU"},"content":{"rendered":"<div id=\"pl-28664\"  class=\"panel-layout\" ><div id=\"pg-28664-0\"  class=\"panel-grid panel-no-style\" ><div id=\"pgc-28664-0-0\"  class=\"panel-grid-cell\" ><div id=\"panel-28664-0-0-0\" class=\"so-panel widget widget_mtt-cover-section panel-first-child\" data-index=\"0\" ><div\n\t\t\t\n\t\t\tclass=\"so-widget-mtt-cover-section so-widget-mtt-cover-section-base\"\n\t\t\t\n\t\t>\n<div class=\"mtt-cover-section-wrap compact extra-small\">\n\t<div class=\"mtt-cover-curve\">\n\t\t<img decoding=\"async\"  src=\"https:\/\/itwgse.com\/wp-content\/themes\/mtt-standard-theme\/assets\/img\/cover\/itwgse_cut.svg\">\t<\/div>\n    <div class=\"mtt-cover-compact-background object-fit\">\n                            <div class=\"mtt-cover-compact-image object-fit contain\">\n                <img decoding=\"async\"\n                    src=\"https:\/\/itwgse.com\/wp-content\/uploads\/2019\/08\/ITW-GSE-4400-T3.png\"\n                    data-skip-lazy\n                    alt=\"\"\n                >\n            <\/div>\n                    <\/div>\n    <div class=\"mtt-cover-compact-container\">\n        <div class=\"mtt-cover-section-text no-max-width\">\n            <h1>4400 GPU-Unterst\u00fctzung<\/h1>\n                                <div class=\"text\"><p>Auf dieser Seite finden Sie Anleitungen, Ersatzteillisten, Links zu Videos und vieles mehr f\u00fcr das ITW GSE 4400 Ground Power Unit.<\/p>\n<\/div>\n                            <\/div>\n    <\/div>\n<\/div>\n<\/div><\/div><div id=\"panel-28664-0-0-1\" class=\"so-panel widget widget_mtt-one-col-text\" data-index=\"1\" ><div\n\t\t\t\n\t\t\tclass=\"so-widget-mtt-one-col-text so-widget-mtt-one-col-text-base\"\n\t\t\t\n\t\t>\n<div class=\"mtt-two-col-wrapper no-bottom-padding\">\n    <div class=\"mtt-two-col-container\">\n        <div class=\"mtt-two-col-content formatted_content has-title-one\">\n\t\t\t                <h2>Eingestelltes Produkt<\/h2>\n                        <div class=\"text-section one-col\">\n                <p>Ab dem 1. Quartal 2023 bieten wir keine motorbetriebenen Ger\u00e4te mehr an.<\/p>\n<p>Sie k\u00f6nnen sich die eingestellte <a href=\"https:\/\/itwgse.com\/products\/discontinued\/diesel-ground-power-unit\/\">4400 Diesel GPU hier<\/a> ansehen.<\/p>\n            <\/div>\n\n            \n                        <\/div>\n    <\/div>\n<\/div>\n<\/div><\/div><div id=\"panel-28664-0-0-2\" class=\"so-panel widget widget_mtt-one-col-text\" data-index=\"2\" ><div\n\t\t\t\n\t\t\tclass=\"so-widget-mtt-one-col-text so-widget-mtt-one-col-text-base\"\n\t\t\t\n\t\t>\n<div class=\"mtt-two-col-wrapper no-bottom-padding\">\n    <div class=\"mtt-two-col-container\">\n        <div class=\"mtt-two-col-content formatted_content has-title-one\">\n\t\t\t                <h2>Dokumentation<\/h2>\n                        <div class=\"text-section one-col\">\n                <p>F\u00fcr <strong>Handb\u00fccher und Diagramme<\/strong> <a href=\"https:\/\/itwgse.com\/?flow=need-help&template=need-help&previous_brand=itw_gse&previous_product=1963\" target=\"_blank\" rel=\"noopener\">kontaktieren Sie uns<\/a> bitte und teilen Sie uns die<em> Seriennummer Ihres Ger\u00e4ts<\/em> mit.<\/p>\n<p>F\u00fcr das <strong>Datenblatt<\/strong>, <a href=\"https:\/\/itwgse.com\/wp-content\/uploads\/2023\/02\/ITWGSE_4400_web.pdf\">laden Sie bitte die Brosch\u00fcre herunter<\/a>.<\/p>\n<p><a href=\"https:\/\/itwgse.com\/service-tools\/\" target=\"_blank\" rel=\"noopener\">Service-Tool<\/a><\/p>\n            <\/div>\n\n            \n                    <div class=\"button-wrap\">\n                \n                                                                <div>\n                            <a\n                                class=\"button open-modal\"\n                                data-id=\"70a04b99-f301-4977-913a-7f7bfe1b1b3b0\"\n                                target=\"_blank\"\n                                rel=\"noopener noreferrer\"\n                            >\n                                Schematics 4400 T3                            <\/a>\n                                                    <\/div>\n                                    \n                                                                <div>\n                            <a\n                                class=\"button open-modal\"\n                                data-id=\"70a04b99-f301-4977-913a-7f7bfe1b1b3b1\"\n                                target=\"_blank\"\n                                rel=\"noopener noreferrer\"\n                            >\n                                Schematics 4400 T4                            <\/a>\n                                                    <\/div>\n                                                <\/div>\n                        <\/div>\n    <\/div>\n<\/div>\n<\/div><\/div><div id=\"panel-28664-0-0-3\" class=\"so-panel widget widget_mtt-two-col-files\" data-index=\"3\" ><div\n\t\t\t\n\t\t\tclass=\"so-widget-mtt-two-col-files so-widget-mtt-two-col-files-base\"\n\t\t\t\n\t\t>\n<div class=\"mtt-two-col-wrapper\">\n    <div class=\"mtt-two-col-container\">\n        <div class=\"mtt-two-col-content  has-title\">\n                            <h2>Ersatzteile<\/h2>\n                        <div class=\"two-col-links\">\n                                                            <div>\n                            <a\n                                                                href=\"https:\/\/itwgse.com\/wp-content\/uploads\/2022\/02\/44000-T3-Spares.pdf\"\n                                target=\"_blank\"\n                                rel=\"noopener noreferrer\"\n                            >\n                                Empfohlene Ersatzteile, 4400 T3 GPU                            <\/a>\n                        <\/div>\n                                                <div>\n                            <a\n                                                                href=\"https:\/\/itwgse.com\/wp-content\/uploads\/2022\/02\/IPB-4400-T31.pdf\"\n                                target=\"_blank\"\n                                rel=\"noopener noreferrer\"\n                            >\n                                Illustrierte Teileliste, 4400 T3 GPU                            <\/a>\n                        <\/div>\n                                                <div>\n                            <a\n                                                                href=\"https:\/\/itwgse.com\/wp-content\/uploads\/2022\/02\/4400-T4-Spares.pdf\"\n                                target=\"_blank\"\n                                rel=\"noopener noreferrer\"\n                            >\n                                Empfohlene Ersatzteile, 4400 T4 GPU                            <\/a>\n                        <\/div>\n                                                <div>\n                            <a\n                                                                href=\"https:\/\/itwgse.com\/wp-content\/uploads\/2022\/02\/OM2247-Rev-C-IPB.pdf\"\n                                target=\"_blank\"\n                                rel=\"noopener noreferrer\"\n                            >\n                                Illustrierte Teileliste, 4400 T4 GPU                            <\/a>\n                        <\/div>\n                                                    <\/div>\n        <\/div>\n    <\/div>\n<\/div>\n<\/div><\/div><div id=\"panel-28664-0-0-4\" class=\"so-panel widget widget_mtt-one-col-text\" data-index=\"4\" ><div\n\t\t\t\n\t\t\tclass=\"so-widget-mtt-one-col-text so-widget-mtt-one-col-text-base\"\n\t\t\t\n\t\t>\n<div class=\"mtt-two-col-wrapper no-bottom-padding no-top-padding\">\n    <div class=\"mtt-two-col-container\">\n        <div class=\"mtt-two-col-content formatted_content\">\n\t\t\t            <div class=\"text-section one-col\">\n                            <\/div>\n\n            \n                    <div class=\"button-wrap\">\n                \n                                                                <a\n                            href=\"Beitrag: 1425\"\n                            class=\"button link button  button-margin\"\n                                                    >\n                            Ersatzteile anfordern                        <\/a>\n                                                <\/div>\n                        <\/div>\n    <\/div>\n<\/div>\n<\/div><\/div><div id=\"panel-28664-0-0-5\" class=\"so-panel widget widget_mtt-two-col-files\" data-index=\"5\" ><div\n\t\t\t\n\t\t\tclass=\"so-widget-mtt-two-col-files so-widget-mtt-two-col-files-base\"\n\t\t\t\n\t\t>\n<div class=\"mtt-two-col-wrapper\">\n    <div class=\"mtt-two-col-container\">\n        <div class=\"mtt-two-col-content  has-title\">\n                            <h2>Anweisungen<\/h2>\n                        <div class=\"two-col-links\">\n                                                            <div>\n                            <a\n                                                                href=\"https:\/\/itwgse.com\/wp-content\/uploads\/2022\/03\/x400-Series-ED_Interface-Board-Replacement.pdf\"\n                                target=\"_blank\"\n                                rel=\"noopener noreferrer\"\n                            >\n                                Austausch der Schnittstellenkarte x400 ED                            <\/a>\n                        <\/div>\n                                                <div>\n                            <a\n                                                                href=\"https:\/\/itwgse.com\/wp-content\/uploads\/2022\/03\/4400-T4-DEF-Tank-Replacement.pdf\"\n                                target=\"_blank\"\n                                rel=\"noopener noreferrer\"\n                            >\n                                Ersatz f\u00fcr den 4400 T4 DEF-Tank                            <\/a>\n                        <\/div>\n                                                    <\/div>\n        <\/div>\n    <\/div>\n<\/div>\n<\/div><\/div><div id=\"panel-28664-0-0-6\" class=\"so-panel widget widget_mtt-one-col-text\" data-index=\"6\" ><div\n\t\t\t\n\t\t\tclass=\"so-widget-mtt-one-col-text so-widget-mtt-one-col-text-base\"\n\t\t\t\n\t\t>\n<div class=\"mtt-two-col-wrapper no-bottom-padding\">\n    <div class=\"mtt-two-col-container\">\n        <div class=\"mtt-two-col-content formatted_content has-title-one\">\n\t\t\t                <h2>Anleitungsvideos auf Youtube<\/h2>\n                        <div class=\"text-section one-col\">\n                <p>Viele technische Herausforderungen lassen sich leicht l\u00f6sen, wenn Sie die L\u00f6sung per Video lernen. Deshalb finden Sie auf unserem <a href=\"https:\/\/www.youtube.com\/user\/ITWGSE\/featured\" target=\"_blank\" rel=\"noopener\">Youtube-Kanal<\/a> eine Sammlung von <a href=\"https:\/\/www.youtube.com\/playlist?list=PLwNBf240aE8ytsc-ZUGbTjuRfneJVjb8h\" target=\"_blank\" rel=\"noopener\">ITW GSE-Anleitungsvideos<\/a>. <\/p>\n<p><a href=\"https:\/\/youtu.be\/O6_P8mf1Na8\">Wie Sie die Einstellungen verwenden<\/a><\/p>\n<p><a href=\"https:\/\/youtu.be\/307R4ALmTNM\">Wie Sie arbeiten<\/a><\/p>\n<p><a href=\"https:\/\/youtu.be\/_Z2ZXV-BCvU\">Software-Update, Steuerplatine<\/a><\/p>\n<p><a href=\"https:\/\/youtu.be\/detAJ7terXw\">Software-Update des Displays<\/a><\/p>\n<p><a href=\"https:\/\/youtu.be\/x9DVZDivLOI\" target=\"_blank\" rel=\"noopener\">So pr\u00fcfen Sie die Softwareversion<\/a><\/p>\n            <\/div>\n\n            \n                        <\/div>\n    <\/div>\n<\/div>\n<\/div><\/div><div id=\"panel-28664-0-0-7\" class=\"so-panel widget widget_mtt-one-col-text panel-last-child\" data-index=\"7\" ><div\n\t\t\t\n\t\t\tclass=\"so-widget-mtt-one-col-text so-widget-mtt-one-col-text-base\"\n\t\t\t\n\t\t>\n<div class=\"mtt-two-col-wrapper\">\n    <div class=\"mtt-two-col-container\">\n        <div class=\"mtt-two-col-content formatted_content has-title-one\">\n\t\t\t                <h2>Brauchen Sie Hilfe?  <\/h2>\n                        <div class=\"text-section one-col\">\n                <p>Wir sind f\u00fcr Sie da!<\/p>\n<p>Bitte senden Sie uns eine E-Mail mit Ihrer Herausforderung.<\/p>\n<p>Die Angabe der Seriennummer Ihres Produkts hilft uns, den Support-Prozess zu beschleunigen.<\/p>\n<p>Sie finden die Seriennummer auf dem Typenschild.<\/p>\n<p>Die Seriennummer kann eine der folgenden Strukturen haben:<\/p>\n<ul>\n<li>5 oder 6 Ziffern, gefolgt von einem Schr\u00e4gstrich '\/' und dann weiteren 2 Ziffern. Beispiel: <strong>xxxxxx\/x.x<\/strong> <\/li>\n<li>Der Buchstabe 'A', gefolgt von 6 Ziffern, einem Schr\u00e4gstrich und dann weiteren 2 Ziffern. Beispiel: <strong>Axxxxxx\/x.x<\/strong> <\/li>\n<li>3 Ziffern, gefolgt von den Buchstaben 'PS' und dann weiteren 5 Ziffern. Beispiel: <strong>xxxPSxxxxx <\/strong>  <\/li>\n<\/ul>\n<p>Amerika (Nord- und S\u00fcdamerika): <a href=\"mailto:support.americas@itwgse.com\">support.americas@itwgse.com<\/a><\/p>\n<p>Rest der Welt: <a href=\"mailto:support@itwgse.com\">support@itwgse.com <\/a> <\/p>\n            <\/div>\n\n            \n                        <\/div>\n    <\/div>\n<\/div>\n<\/div><\/div><\/div><\/div><\/div>","protected":false},"excerpt":{"rendered":"<p>4400 GPU-Unterst\u00fctzung Auf dieser Seite finden Sie Anleitungen, Ersatzteillisten, Links zu Videos und vieles mehr f\u00fcr das ITW GSE 4400 Ground Power Unit. Eingestelltes&#8230;<\/p>\n","protected":false},"author":11,"featured_media":0,"parent":0,"menu_order":115,"comment_status":"closed","ping_status":"closed","template":"","meta":{"_acf_changed":false,"_relevanssi_hide_post":"","_relevanssi_hide_content":"","_relevanssi_pin_for_all":"","_relevanssi_pin_keywords":"","_relevanssi_unpin_keywords":"","_relevanssi_related_keywords":"","_relevanssi_related_include_ids":"","_relevanssi_related_exclude_ids":"","_relevanssi_related_no_append":"","_relevanssi_related_not_related":"","_relevanssi_related_posts":"","_relevanssi_noindex_reason":"","footnotes":""},"class_list":["post-28664","page","type-page","status-publish","hentry"],"acf":[],"yoast_head":"<!-- This site is optimized with the Yoast SEO plugin v27.0 - https:\/\/yoast.com\/product\/yoast-seo-wordpress\/ -->\n<title>Unterst\u00fctzt 4400 GPU - ITW GSE<\/title>\n<meta name=\"robots\" content=\"index, follow, max-snippet:-1, max-image-preview:large, max-video-preview:-1\" \/>\n<link rel=\"canonical\" href=\"https:\/\/itwgse.com\/unterstuetzt-4400-gpu\/\" \/>\n<meta property=\"og:locale\" content=\"de_DE\" \/>\n<meta property=\"og:type\" content=\"article\" \/>\n<meta property=\"og:title\" content=\"Unterst\u00fctzt 4400 GPU - ITW GSE\" \/>\n<meta property=\"og:description\" content=\"4400 GPU-Unterst\u00fctzung Auf dieser Seite finden Sie Anleitungen, Ersatzteillisten, Links zu Videos und vieles mehr f\u00fcr das ITW GSE 4400 Ground Power Unit. Eingestelltes...\" \/>\n<meta property=\"og:url\" content=\"https:\/\/itwgse.com\/unterstuetzt-4400-gpu\/\" \/>\n<meta property=\"og:site_name\" content=\"ITW GSE\" \/>\n<meta property=\"article:publisher\" content=\"https:\/\/www.facebook.com\/ITWGSE\/\" \/>\n<meta name=\"twitter:card\" content=\"summary_large_image\" \/>\n<script type=\"application\/ld+json\" class=\"yoast-schema-graph\">{\"@context\":\"https:\/\/schema.org\",\"@graph\":[{\"@type\":\"WebPage\",\"@id\":\"https:\/\/itwgse.com\/unterstuetzt-4400-gpu\/\",\"url\":\"https:\/\/itwgse.com\/unterstuetzt-4400-gpu\/\",\"name\":\"Unterst\u00fctzt 4400 GPU - ITW GSE\",\"isPartOf\":{\"@id\":\"https:\/\/itwgse.com\/#website\"},\"datePublished\":\"2026-02-24T13:02:54+00:00\",\"breadcrumb\":{\"@id\":\"https:\/\/itwgse.com\/unterstuetzt-4400-gpu\/#breadcrumb\"},\"inLanguage\":\"de\",\"potentialAction\":[{\"@type\":\"ReadAction\",\"target\":[\"https:\/\/itwgse.com\/unterstuetzt-4400-gpu\/\"]}]},{\"@type\":\"BreadcrumbList\",\"@id\":\"https:\/\/itwgse.com\/unterstuetzt-4400-gpu\/#breadcrumb\",\"itemListElement\":[{\"@type\":\"ListItem\",\"position\":1,\"name\":\"Home\",\"item\":\"https:\/\/itwgse.com\/de\/home\/\"},{\"@type\":\"ListItem\",\"position\":2,\"name\":\"Unterst\u00fctzt 4400 GPU\"}]},{\"@type\":\"WebSite\",\"@id\":\"https:\/\/itwgse.com\/#website\",\"url\":\"https:\/\/itwgse.com\/\",\"name\":\"ITW GSE\",\"description\":\"It&#039;s all about connections\",\"publisher\":{\"@id\":\"https:\/\/itwgse.com\/#organization\"},\"potentialAction\":[{\"@type\":\"SearchAction\",\"target\":{\"@type\":\"EntryPoint\",\"urlTemplate\":\"https:\/\/itwgse.com\/?s={search_term_string}\"},\"query-input\":{\"@type\":\"PropertyValueSpecification\",\"valueRequired\":true,\"valueName\":\"search_term_string\"}}],\"inLanguage\":\"de\"},{\"@type\":\"Organization\",\"@id\":\"https:\/\/itwgse.com\/#organization\",\"name\":\"ITW GSE\",\"url\":\"https:\/\/itwgse.com\/\",\"logo\":{\"@type\":\"ImageObject\",\"inLanguage\":\"de\",\"@id\":\"https:\/\/itwgse.com\/#\/schema\/logo\/image\/\",\"url\":\"https:\/\/itwgse.com\/wp-content\/uploads\/2018\/11\/logo.png\",\"contentUrl\":\"https:\/\/itwgse.com\/wp-content\/uploads\/2018\/11\/logo.png\",\"width\":302,\"height\":237,\"caption\":\"ITW GSE\"},\"image\":{\"@id\":\"https:\/\/itwgse.com\/#\/schema\/logo\/image\/\"},\"sameAs\":[\"https:\/\/www.facebook.com\/ITWGSE\/\",\"https:\/\/www.linkedin.com\/company\/itw-gse\/\",\"https:\/\/www.youtube.com\/channel\/UCTUIMvyaOPfYIqzP8enZ8yw\"]}]}<\/script>\n<!-- \/ Yoast SEO plugin. -->","yoast_head_json":{"title":"Unterst\u00fctzt 4400 GPU - ITW GSE","robots":{"index":"index","follow":"follow","max-snippet":"max-snippet:-1","max-image-preview":"max-image-preview:large","max-video-preview":"max-video-preview:-1"},"canonical":"https:\/\/itwgse.com\/unterstuetzt-4400-gpu\/","og_locale":"de_DE","og_type":"article","og_title":"Unterst\u00fctzt 4400 GPU - ITW GSE","og_description":"4400 GPU-Unterst\u00fctzung Auf dieser Seite finden Sie Anleitungen, Ersatzteillisten, Links zu Videos und vieles mehr f\u00fcr das ITW GSE 4400 Ground Power Unit. Eingestelltes...","og_url":"https:\/\/itwgse.com\/unterstuetzt-4400-gpu\/","og_site_name":"ITW GSE","article_publisher":"https:\/\/www.facebook.com\/ITWGSE\/","twitter_card":"summary_large_image","schema":{"@context":"https:\/\/schema.org","@graph":[{"@type":"WebPage","@id":"https:\/\/itwgse.com\/unterstuetzt-4400-gpu\/","url":"https:\/\/itwgse.com\/unterstuetzt-4400-gpu\/","name":"Unterst\u00fctzt 4400 GPU - ITW GSE","isPartOf":{"@id":"https:\/\/itwgse.com\/#website"},"datePublished":"2026-02-24T13:02:54+00:00","breadcrumb":{"@id":"https:\/\/itwgse.com\/unterstuetzt-4400-gpu\/#breadcrumb"},"inLanguage":"de","potentialAction":[{"@type":"ReadAction","target":["https:\/\/itwgse.com\/unterstuetzt-4400-gpu\/"]}]},{"@type":"BreadcrumbList","@id":"https:\/\/itwgse.com\/unterstuetzt-4400-gpu\/#breadcrumb","itemListElement":[{"@type":"ListItem","position":1,"name":"Home","item":"https:\/\/itwgse.com\/de\/home\/"},{"@type":"ListItem","position":2,"name":"Unterst\u00fctzt 4400 GPU"}]},{"@type":"WebSite","@id":"https:\/\/itwgse.com\/#website","url":"https:\/\/itwgse.com\/","name":"ITW GSE","description":"It&#039;s all about connections","publisher":{"@id":"https:\/\/itwgse.com\/#organization"},"potentialAction":[{"@type":"SearchAction","target":{"@type":"EntryPoint","urlTemplate":"https:\/\/itwgse.com\/?s={search_term_string}"},"query-input":{"@type":"PropertyValueSpecification","valueRequired":true,"valueName":"search_term_string"}}],"inLanguage":"de"},{"@type":"Organization","@id":"https:\/\/itwgse.com\/#organization","name":"ITW GSE","url":"https:\/\/itwgse.com\/","logo":{"@type":"ImageObject","inLanguage":"de","@id":"https:\/\/itwgse.com\/#\/schema\/logo\/image\/","url":"https:\/\/itwgse.com\/wp-content\/uploads\/2018\/11\/logo.png","contentUrl":"https:\/\/itwgse.com\/wp-content\/uploads\/2018\/11\/logo.png","width":302,"height":237,"caption":"ITW GSE"},"image":{"@id":"https:\/\/itwgse.com\/#\/schema\/logo\/image\/"},"sameAs":["https:\/\/www.facebook.com\/ITWGSE\/","https:\/\/www.linkedin.com\/company\/itw-gse\/","https:\/\/www.youtube.com\/channel\/UCTUIMvyaOPfYIqzP8enZ8yw"]}]}},"_links":{"self":[{"href":"https:\/\/itwgse.com\/de\/wp-json\/wp\/v2\/pages\/28664","targetHints":{"allow":["GET"]}}],"collection":[{"href":"https:\/\/itwgse.com\/de\/wp-json\/wp\/v2\/pages"}],"about":[{"href":"https:\/\/itwgse.com\/de\/wp-json\/wp\/v2\/types\/page"}],"author":[{"embeddable":true,"href":"https:\/\/itwgse.com\/de\/wp-json\/wp\/v2\/users\/11"}],"replies":[{"embeddable":true,"href":"https:\/\/itwgse.com\/de\/wp-json\/wp\/v2\/comments?post=28664"}],"version-history":[{"count":0,"href":"https:\/\/itwgse.com\/de\/wp-json\/wp\/v2\/pages\/28664\/revisions"}],"wp:attachment":[{"href":"https:\/\/itwgse.com\/de\/wp-json\/wp\/v2\/media?parent=28664"}],"curies":[{"name":"wp","href":"https:\/\/api.w.org\/{rel}","templated":true}]}}