{"id":28731,"date":"2026-02-24T14:05:28","date_gmt":"2026-02-24T13:05:28","guid":{"rendered":"https:\/\/itwgse.com\/iso-zertifikate\/"},"modified":"2026-04-13T16:44:23","modified_gmt":"2026-04-13T14:44:23","slug":"iso-zertifikate","status":"publish","type":"page","link":"https:\/\/itwgse.com\/de\/iso-zertifikate\/","title":{"rendered":"ISO-Zertifikate"},"content":{"rendered":"<div id=\"pl-28731\"  class=\"panel-layout\" ><div id=\"pg-28731-0\"  class=\"panel-grid panel-no-style\" ><div id=\"pgc-28731-0-0\"  class=\"panel-grid-cell\" ><div id=\"panel-28731-0-0-0\" class=\"so-panel widget widget_mtt-cover-section panel-first-child\" data-index=\"0\" ><div\n\t\t\t\n\t\t\tclass=\"so-widget-mtt-cover-section so-widget-mtt-cover-section-base\"\n\t\t\t\n\t\t>\n<div class=\"mtt-cover-section-wrap compact\">\n\t<div class=\"mtt-cover-curve\">\n\t\t<img decoding=\"async\"  src=\"https:\/\/itwgse.com\/wp-content\/themes\/mtt-standard-theme\/assets\/img\/cover\/itwgse_cut.svg\">\t<\/div>\n    <div class=\"mtt-cover-compact-background object-fit\">\n                            <div class=\"mtt-cover-compact-image object-fit contain\">\n                <img decoding=\"async\"\n                    src=\"https:\/\/itwgse.com\/wp-content\/uploads\/2023\/03\/DNVDNV.svg\"\n                    data-skip-lazy\n                    alt=\"\"\n                >\n            <\/div>\n                    <\/div>\n    <div class=\"mtt-cover-compact-container\">\n        <div class=\"mtt-cover-section-text\">\n            <h1>ISO-Zertifikate<\/h1>\n                                <div class=\"text\"><p>ITW GSE bietet komplette GSE-L\u00f6sungen, einschlie\u00dflich 400 Hz GPUs und Pre-Conditioned Air Units. Wir sind nach ISO 9001 und ISO 14001 zertifiziert. Unsere Produkte sind CE-gekennzeichnet oder UL-gepr\u00fcft.  <\/p>\n<\/div>\n                            <\/div>\n    <\/div>\n<\/div>\n<\/div><\/div><div id=\"panel-28731-0-0-1\" class=\"so-panel widget widget_mtt-two-col-text\" data-index=\"1\" ><div\n\t\t\t\n\t\t\tclass=\"so-widget-mtt-two-col-text so-widget-mtt-two-col-text-base\"\n\t\t\t\n\t\t>\n<div class=\"mtt-two-col-wrapper\">\n    <div class=\"mtt-two-col-container\">\n        <div class=\"mtt-two-col-content\">\n                        <div class=\"text-section\">\n                <div class=\"col formatted_content\"><h1>ISO 9001:2015<\/h1>\n<p><strong>ISO 9001<\/strong> ist ein weltweit bekanntes und anerkanntes <strong>Qualit\u00e4tsmanagementsystem<\/strong>. F\u00fcr viele ist die Norm ein Synonym f\u00fcr Qualit\u00e4t, effektives Management und strukturierte Kundenbeziehungen.<\/p>\n<p>Bei ITW GSE haben wir unsere Qualit\u00e4tsverfahren gestrafft - bis hin zur Fabrikorganisation. Um sicherzustellen, dass Kunden, die eine ITW GSE Ground Power Unit bestellen, genau die gleiche Produktqualit\u00e4t erhalten, egal wo das Produkt hergestellt wird, hat ITW GSE vor einigen Jahren beschlossen, die Prozesse und Qualit\u00e4tsrichtlinien zu straffen. Zu diesem Prozess geh\u00f6rten die gemeinsame Nutzung von Arbeitsanweisungen, die gegenseitige Schulung von Mitarbeitern, die Sicherstellung des Papierkrams usw.  <\/p>\n<p>\"<em>Wir sind sogar so weit gegangen, dass wir in beiden Produktionsst\u00e4tten identische Produktionsabl\u00e4ufe eingerichtet haben. Es war eine echte Teamleistung, die uns dorthin gebracht hat. Nachdem wir zuvor an jedem Standort individuell nach ISO 9001 zertifiziert waren, gelang uns 2019 der \u00dcbergang zu einer einzigen, gemeinsamen Zertifizierung - wir wurden als ein globaler Gesch\u00e4ftsbereich nach dem Qualit\u00e4tsmanagementsystem ISO 9001:2015 zertifiziert.  <\/em>\".<\/p>\n<p>Ein Beispiel ist die <a href=\"https:\/\/itwgse.com\/products\/power\/itw-gse-2400-compact-gpu\/\">ITW GSE 2400 GPU<\/a>, die einen extrem hohen Wirkungsgrad (94%), keine<sub>CO2-Emissionen<\/sub> am Arbeitsplatz und einen niedrigen Ger\u00e4uschpegel aufweist. Das bedeutet, dass die 2400 Solid-State-GPUs (einschlie\u00dflich der 2400 Power Coil) so umweltfreundlich wie m\u00f6glich sind - sehr zum Vorteil des Flughafens, der Passagiere, des Flughafenpersonals und der Umwelt. <\/p>\n<p><img decoding=\"async\" class=\"alignnone size-medium wp-image-6932\" src=\"https:\/\/itwgse.com\/wp-content\/uploads\/2019\/07\/Production-june-2019-cross-training-2-300x212.jpg\" alt=\"itwgse, itw-gse, itw_gse, itw gse, itw.gse\" width=\"300\" height=\"212\" srcset=\"https:\/\/itwgse.com\/wp-content\/uploads\/2019\/07\/Production-june-2019-cross-training-2-300x212.jpg 300w, https:\/\/itwgse.com\/wp-content\/uploads\/2019\/07\/Production-june-2019-cross-training-2-307x217.jpg 307w, https:\/\/itwgse.com\/wp-content\/uploads\/2019\/07\/Production-june-2019-cross-training-2.jpg 330w\" sizes=\"(max-width: 300px) 100vw, 300px\" \/> <img decoding=\"async\" class=\"alignnone size-medium wp-image-6936\" src=\"https:\/\/itwgse.com\/wp-content\/uploads\/2019\/07\/Production-june-2019-cross-training-1-300x233.jpg\" alt=\"itwgse, itw-gse, itw_gse, itw gse, itw.gse, pca, 3400pca, itwgse3400pca, itwgse 3400,\" width=\"300\" height=\"233\" srcset=\"https:\/\/itwgse.com\/wp-content\/uploads\/2019\/07\/Production-june-2019-cross-training-1-300x233.jpg 300w, https:\/\/itwgse.com\/wp-content\/uploads\/2019\/07\/Production-june-2019-cross-training-1.jpg 304w\" sizes=\"(max-width: 300px) 100vw, 300px\" \/><\/p>\n<\/div>\n                <div class=\"col formatted_content\"><h1>ISO 14001:2015<\/h1>\n<p><strong>Das Umweltmanagement<\/strong> nach <strong>ISO 14001<\/strong> versetzt Unternehmen in die Lage, das Risiko ihrer Umweltsituation zu bewerten, Umwelt und Nachhaltigkeit proaktiv als Teil des Kerngesch\u00e4fts des Unternehmens zu implementieren und der obersten Leitung zu versichern, dass die Nachhaltigkeitsziele des Unternehmens erreicht werden.<\/p>\n<p>Diese Zertifizierung steht im Einklang mit der strategischen Verpflichtung von ITW GSE, sich aktiv f\u00fcr eine saubere und sichere Umwelt in allen Bereichen unseres Unternehmens einzusetzen, und schlie\u00dft die Standorte Odense (DK) und Palmetto, Florida (U.S.) ein.<\/p>\n<p>Auf der Seite der Produktentwicklung werden Umweltfaktoren vom Konzept bis zur Produktfreigabe in Betracht gezogen. Zu diesen Faktoren geh\u00f6ren Materialien, Herstellungsverfahren, Ger\u00e4tebetrieb, Wartung und \u00dcberlegungen zum Ende des Lebenszyklus. Ein Beispiel ist die <a href=\"https:\/\/itwgse.com\/products\/power\/itw-gse-7400-egpu\/\">ITW GSE 7400 Familie batteriebetriebener GPUs<\/a>, die Flugzeuge weltweit mit sauberer, zuverl\u00e4ssiger Energie versorgen. Eine ideale L\u00f6sung f\u00fcr Kunden, die ihre Umweltbilanz verbessern und gleichzeitig den Wartungsaufwand und die Betriebskosten ihrer Ger\u00e4te reduzieren m\u00f6chten.   <\/p>\n<p>Was den Betrieb betrifft, so steht die st\u00e4ndige Verbesserung der Umweltauswirkungen von ITW GSE bei der Planung und dem Betrieb unserer Produktionsanlagen im Vordergrund. Wir sind bestrebt, in den Gemeinden, in denen wir ans\u00e4ssig sind, ein umweltbewusster Nachbar zu sein, indem wir uns jedes Jahr ehrgeizige Ziele zur Verbesserung der Umwelt setzen. Diese Ziele k\u00f6nnen ein breites Spektrum von Bereichen abdecken, von der Produktentwicklung und Produktionsverbesserungen bis hin zur Nutzung von Lieferanten, die unser Engagement f\u00fcr eine saubere und sichere Umwelt teilen.  <\/p>\n<p>\u00a0<\/p>\n                                    <\/div>\n            <\/div>\n                    <\/div>\n    <\/div>\n<\/div><\/div><\/div><div id=\"panel-28731-0-0-2\" class=\"so-panel widget widget_mtt-one-col-text\" data-index=\"2\" ><div\n\t\t\t\n\t\t\tclass=\"so-widget-mtt-one-col-text so-widget-mtt-one-col-text-base\"\n\t\t\t\n\t\t>\n<div class=\"mtt-two-col-wrapper no-top-padding\">\n    <div class=\"mtt-two-col-container\">\n        <div class=\"mtt-two-col-content formatted_content\">\n\t\t\t            <div class=\"text-section one-col\">\n                <p><img decoding=\"async\" class=\"aligncenter wp-image-17658 size-full\" src=\"https:\/\/itwgse.com\/wp-content\/uploads\/2021\/07\/iso-140019001-by-buttons.png\" alt=\"itw gse iso zertifikate 14001 und 9001\" width=\"504\" height=\"247\" srcset=\"https:\/\/itwgse.com\/wp-content\/uploads\/2021\/07\/iso-140019001-by-buttons.png 504w, https:\/\/itwgse.com\/wp-content\/uploads\/2021\/07\/iso-140019001-by-buttons-300x147.png 300w\" sizes=\"(max-width: 504px) 100vw, 504px\" \/><\/p>\n            <\/div>\n\n            \n                        <\/div>\n    <\/div>\n<\/div>\n<\/div><\/div><div id=\"panel-28731-0-0-3\" class=\"so-panel widget widget_mtt-one-col-text\" data-index=\"3\" ><div\n\t\t\t\n\t\t\tclass=\"so-widget-mtt-one-col-text so-widget-mtt-one-col-text-base\"\n\t\t\t\n\t\t>\n<div class=\"mtt-two-col-wrapper no-top-padding\">\n    <div class=\"mtt-two-col-container\">\n        <div class=\"mtt-two-col-content formatted_content\">\n\t\t\t            <div class=\"text-section one-col\">\n                            <\/div>\n\n            \n                    <div class=\"button-wrap\">\n                \n                                                                <a\n                            href=\"https:\/\/itwgse.com\/wp-content\/uploads\/2026\/04\/ISO_9001-ENG-198913-2016-AQ-DEN-DANAK-10-20260407.pdf\"\n                            class=\"button link button  button-margin\"\n                                                    >\n                            Siehe das ISO 9001 Zertifikat                        <\/a>\n                                    \n                                                                <a\n                            href=\"https:\/\/itwgse.com\/wp-content\/uploads\/2024\/05\/ITWGSE_Div_ISO14001_2024.pdf\"\n                            class=\"button link button  button-margin\"\n                                                    >\n                            Siehe das ISO 14001-Zertifikat                        <\/a>\n                                                <\/div>\n                        <\/div>\n    <\/div>\n<\/div>\n<\/div><\/div><div id=\"panel-28731-0-0-4\" class=\"so-panel widget widget_mtt-two-col-text\" data-index=\"4\" ><div\n\t\t\t\n\t\t\tclass=\"so-widget-mtt-two-col-text so-widget-mtt-two-col-text-base\"\n\t\t\t\n\t\t>\n<div class=\"mtt-two-col-wrapper no-top-padding\">\n    <div class=\"mtt-two-col-container\">\n        <div class=\"mtt-two-col-content\">\n                        <div class=\"text-section\">\n                <div class=\"col formatted_content\"><h1><strong>Qualit\u00e4tsziele<\/strong><\/h1>\n<p>Wir konzentrieren unsere Ressourcen auf die Bereiche, die f\u00fcr uns wichtig sind, z.B:<\/p>\n<ul>\n<li>Schaffung einzigartiger Industriel\u00f6sungen mit Mehrwert auf der Grundlage von Konvertertechnologie<\/li>\n<li>Um die Abl\u00e4ufe beim Kunden zu vereinfachen und die Komplexit\u00e4t zu reduzieren, setzt ITW GSE auf einen Systemansatz<\/li>\n<li>Herstellung einfacher und effektiver oberirdischer L\u00f6sungen<\/li>\n<li>Um die Qualit\u00e4t unserer Produkte zu erhalten und zu verbessern, konzentrieren wir uns auf die kontinuierliche Verbesserung aller Prozesse: F&E, Vertrieb, Herstellung und Kundendienst<\/li>\n<li>Wir konzentrieren uns auf die 20% unserer Kunden, die 80% unserer Produkte abnehmen<\/li>\n<li>Konzentration auf Kernprodukte, um sicherzustellen, dass wir \u00fcber die erforderlichen Ressourcen verf\u00fcgen und die Anforderungen der Beh\u00f6rden jederzeit erf\u00fcllen<\/li>\n<li>Um die h\u00f6chstm\u00f6gliche Produktzuverl\u00e4ssigkeit zu erreichen, konzentrieren wir uns auf die Vereinfachung der Produktlinien<\/li>\n<\/ul>\n<p>\u00a0<\/p>\n<\/div>\n                <div class=\"col formatted_content\"><h1><strong>Umweltpolitische Zielsetzungen<\/strong><\/h1>\n<p>Die Verantwortung f\u00fcr die Umwelt wurde in alle Aspekte unserer Gesch\u00e4ftst\u00e4tigkeit integriert:<\/p>\n<ul>\n<li>Einhaltung und \u00dcbererf\u00fcllung aller Umweltgesetze und -vorschriften.<\/li>\n<li>Produktentwicklung unter Ber\u00fccksichtigung von Materialien, Emissionen, Ger\u00e4tebetrieb, Wartung und Produktlebenszyklus.<\/li>\n<li>Herstellungsvorg\u00e4nge, einschlie\u00dflich Materialtransport und -lagerung, Produktionsprozesse, Testeinrichtungen sowie Instandhaltung von Anlagen und Gel\u00e4nde.<\/li>\n<li>Die Verwendung von Lieferanten, die unser Engagement f\u00fcr den Schutz der Umwelt vor Sch\u00e4den und Beeintr\u00e4chtigungen teilen.<\/li>\n<li>Wir versorgen unsere Kunden mit Ger\u00e4ten, die ihnen helfen, ihre Umweltziele zu erreichen, und bieten gleichzeitig hochmoderne, kosteneffiziente L\u00f6sungen f\u00fcr die Bodenunterst\u00fctzung von Flugzeugen.<\/li>\n<li>Schulung und Unterst\u00fctzung unserer Mitarbeiter bei der kontinuierlichen Verbesserung unseres \u00f6kologischen Fu\u00dfabdrucks.<\/li>\n<li>Wir stellen sicher, dass wir in den Gemeinden, in denen wir ans\u00e4ssig sind, verantwortungsbewusste Nachbarn sind.<\/li>\n<\/ul>\n                                    <\/div>\n            <\/div>\n                    <\/div>\n    <\/div>\n<\/div><\/div><\/div><div id=\"panel-28731-0-0-5\" class=\"so-panel widget widget_mtt-customer-support panel-last-child\" data-index=\"5\" ><div\n\t\t\t\n\t\t\tclass=\"so-widget-mtt-customer-support so-widget-mtt-customer-support-base\"\n\t\t\t\n\t\t>\n<div class=\"mtt-text-image-wrap less-top-padding less-bottom-padding grey-bg\">\n        <!-- Content -->\n    <div class=\"mtt-text-image-container\">\n        <div class=\"mtt-text-image-col\">\n            <div class=\"mtt-text-image-content formatted_content\">\n                                <h2>Kundenservice<\/h2>\n                <p><strong>Wie k\u00f6nnen wir Ihnen helfen?<\/strong><\/p>\n<p>Ben\u00f6tigen Sie Schaltpl\u00e4ne, Ersatzteillisten oder Anleitungsvideos? Nutzen Sie die Schaltfl\u00e4che \u201eProdukthilfe\u201c.<\/p>\n<p>Haben Sie Fragen an den Kundenservice? Nutzen Sie die Schaltfl\u00e4che \u201eKundenservice kontaktieren\u201c. Falls sich Ihre Frage auf ein bestimmtes Produkt bezieht, geben Sie bitte die Seriennummer an.<\/p>\n\n                                    <div class=\"button-wrap\">\n                                                    <a href=\"https:\/\/itwgse.com\/de\/support-and-service\/\" class=\"button\">\n                                Produkthilfe                            <\/a>\n                                                    <a href=\"https:\/\/itwgse.com\/de\/kontakt\/\" class=\"button\">\n                                Kundenservice kontaktieren                            <\/a>\n                                            <\/div>\n                            <\/div>\n        <\/div>\n                    <div class=\"mtt-text-image-col img center\">\n                <div class=\"mtt-text-image-content\">\n                    <img decoding=\"async\" width=\"1800\" height=\"1023\" src=\"https:\/\/itwgse.com\/wp-content\/uploads\/2018\/06\/ITWGSE_hero_cleanest-1.jpg\" class=\"attachment-full size-full\" alt=\"7400 low noice JK\" srcset=\"https:\/\/itwgse.com\/wp-content\/uploads\/2018\/06\/ITWGSE_hero_cleanest-1.jpg 1800w, https:\/\/itwgse.com\/wp-content\/uploads\/2018\/06\/ITWGSE_hero_cleanest-1-300x171.jpg 300w, https:\/\/itwgse.com\/wp-content\/uploads\/2018\/06\/ITWGSE_hero_cleanest-1-1024x582.jpg 1024w\" sizes=\"(max-width: 1800px) 100vw, 1800px\" \/>                \n                    \n                    \n                <\/div>\n            <\/div>\n            <\/div>\n<\/div>\n\n<script>\nfunction sendEvent(action, element) {\n    var videoTitle = jQuery(element).data('title');  \n\n    if (dataLayer && videoTitle) {\n        dataLayer.push({\n            'event': 'video',\n            'eventCategory': 'Video',\n            'eventAction': action,\n            'eventLabel': videoTitle\n        });\n    }\n    else if (ga && videoTitle) {\n        ga('send', 'event', 'Video', action, videoTitle);\n    }  \n}\n<\/script>\n<\/div><\/div><\/div><\/div><\/div>","protected":false},"excerpt":{"rendered":"<p>ISO-Zertifikate ITW GSE bietet komplette GSE-L\u00f6sungen, einschlie\u00dflich 400 Hz GPUs und Pre-Conditioned Air Units. Wir sind nach ISO 9001 und ISO 14001 zertifiziert. Unsere&#8230;<\/p>\n","protected":false},"author":11,"featured_media":0,"parent":0,"menu_order":185,"comment_status":"closed","ping_status":"closed","template":"","meta":{"_acf_changed":false,"_relevanssi_hide_post":"","_relevanssi_hide_content":"","_relevanssi_pin_for_all":"","_relevanssi_pin_keywords":"","_relevanssi_unpin_keywords":"","_relevanssi_related_keywords":"","_relevanssi_related_include_ids":"","_relevanssi_related_exclude_ids":"","_relevanssi_related_no_append":"","_relevanssi_related_not_related":"","_relevanssi_related_posts":"","_relevanssi_noindex_reason":"","footnotes":""},"class_list":["post-28731","page","type-page","status-publish","hentry"],"acf":[],"yoast_head":"<!-- This site is optimized with the Yoast SEO plugin v27.0 - https:\/\/yoast.com\/product\/yoast-seo-wordpress\/ -->\n<title>ISO-Zertifikate - ITW GSE<\/title>\n<meta name=\"description\" content=\"Wir sind nach ISO 9001 (Qualit\u00e4t) und ISO 14001 (Umwelt) zertifiziert. Unsere Produkte sind CE-gekennzeichnet oder UL-gepr\u00fcft.\" \/>\n<meta name=\"robots\" content=\"index, follow, max-snippet:-1, max-image-preview:large, max-video-preview:-1\" \/>\n<link rel=\"canonical\" href=\"https:\/\/itwgse.com\/de\/iso-zertifikate\/\" \/>\n<meta property=\"og:locale\" content=\"de_DE\" \/>\n<meta property=\"og:type\" content=\"article\" \/>\n<meta property=\"og:title\" content=\"ISO-Zertifikate - ITW GSE\" \/>\n<meta property=\"og:description\" content=\"Wir sind nach ISO 9001 (Qualit\u00e4t) und ISO 14001 (Umwelt) zertifiziert. Unsere Produkte sind CE-gekennzeichnet oder UL-gepr\u00fcft.\" \/>\n<meta property=\"og:url\" content=\"https:\/\/itwgse.com\/de\/iso-zertifikate\/\" \/>\n<meta property=\"og:site_name\" content=\"ITW GSE\" \/>\n<meta property=\"article:publisher\" content=\"https:\/\/www.facebook.com\/ITWGSE\/\" \/>\n<meta property=\"article:modified_time\" content=\"2026-04-13T14:44:23+00:00\" \/>\n<meta name=\"twitter:card\" content=\"summary_large_image\" \/>\n<script type=\"application\/ld+json\" class=\"yoast-schema-graph\">{\"@context\":\"https:\/\/schema.org\",\"@graph\":[{\"@type\":\"WebPage\",\"@id\":\"https:\/\/itwgse.com\/de\/iso-zertifikate\/\",\"url\":\"https:\/\/itwgse.com\/de\/iso-zertifikate\/\",\"name\":\"ISO-Zertifikate - ITW GSE\",\"isPartOf\":{\"@id\":\"https:\/\/itwgse.com\/#website\"},\"datePublished\":\"2026-02-24T13:05:28+00:00\",\"dateModified\":\"2026-04-13T14:44:23+00:00\",\"description\":\"Wir sind nach ISO 9001 (Qualit\u00e4t) und ISO 14001 (Umwelt) zertifiziert. Unsere Produkte sind CE-gekennzeichnet oder UL-gepr\u00fcft.\",\"breadcrumb\":{\"@id\":\"https:\/\/itwgse.com\/de\/iso-zertifikate\/#breadcrumb\"},\"inLanguage\":\"de\",\"potentialAction\":[{\"@type\":\"ReadAction\",\"target\":[\"https:\/\/itwgse.com\/de\/iso-zertifikate\/\"]}]},{\"@type\":\"BreadcrumbList\",\"@id\":\"https:\/\/itwgse.com\/de\/iso-zertifikate\/#breadcrumb\",\"itemListElement\":[{\"@type\":\"ListItem\",\"position\":1,\"name\":\"Home\",\"item\":\"https:\/\/itwgse.com\/de\/home\/\"},{\"@type\":\"ListItem\",\"position\":2,\"name\":\"ISO-Zertifikate\"}]},{\"@type\":\"WebSite\",\"@id\":\"https:\/\/itwgse.com\/#website\",\"url\":\"https:\/\/itwgse.com\/\",\"name\":\"ITW GSE\",\"description\":\"It&#039;s all about connections\",\"publisher\":{\"@id\":\"https:\/\/itwgse.com\/#organization\"},\"potentialAction\":[{\"@type\":\"SearchAction\",\"target\":{\"@type\":\"EntryPoint\",\"urlTemplate\":\"https:\/\/itwgse.com\/?s={search_term_string}\"},\"query-input\":{\"@type\":\"PropertyValueSpecification\",\"valueRequired\":true,\"valueName\":\"search_term_string\"}}],\"inLanguage\":\"de\"},{\"@type\":\"Organization\",\"@id\":\"https:\/\/itwgse.com\/#organization\",\"name\":\"ITW GSE\",\"url\":\"https:\/\/itwgse.com\/\",\"logo\":{\"@type\":\"ImageObject\",\"inLanguage\":\"de\",\"@id\":\"https:\/\/itwgse.com\/#\/schema\/logo\/image\/\",\"url\":\"https:\/\/itwgse.com\/wp-content\/uploads\/2018\/11\/logo.png\",\"contentUrl\":\"https:\/\/itwgse.com\/wp-content\/uploads\/2018\/11\/logo.png\",\"width\":302,\"height\":237,\"caption\":\"ITW GSE\"},\"image\":{\"@id\":\"https:\/\/itwgse.com\/#\/schema\/logo\/image\/\"},\"sameAs\":[\"https:\/\/www.facebook.com\/ITWGSE\/\",\"https:\/\/www.linkedin.com\/company\/itw-gse\/\",\"https:\/\/www.youtube.com\/channel\/UCTUIMvyaOPfYIqzP8enZ8yw\"]}]}<\/script>\n<!-- \/ Yoast SEO plugin. -->","yoast_head_json":{"title":"ISO-Zertifikate - ITW GSE","description":"Wir sind nach ISO 9001 (Qualit\u00e4t) und ISO 14001 (Umwelt) zertifiziert. Unsere Produkte sind CE-gekennzeichnet oder UL-gepr\u00fcft.","robots":{"index":"index","follow":"follow","max-snippet":"max-snippet:-1","max-image-preview":"max-image-preview:large","max-video-preview":"max-video-preview:-1"},"canonical":"https:\/\/itwgse.com\/de\/iso-zertifikate\/","og_locale":"de_DE","og_type":"article","og_title":"ISO-Zertifikate - ITW GSE","og_description":"Wir sind nach ISO 9001 (Qualit\u00e4t) und ISO 14001 (Umwelt) zertifiziert. Unsere Produkte sind CE-gekennzeichnet oder UL-gepr\u00fcft.","og_url":"https:\/\/itwgse.com\/de\/iso-zertifikate\/","og_site_name":"ITW GSE","article_publisher":"https:\/\/www.facebook.com\/ITWGSE\/","article_modified_time":"2026-04-13T14:44:23+00:00","twitter_card":"summary_large_image","schema":{"@context":"https:\/\/schema.org","@graph":[{"@type":"WebPage","@id":"https:\/\/itwgse.com\/de\/iso-zertifikate\/","url":"https:\/\/itwgse.com\/de\/iso-zertifikate\/","name":"ISO-Zertifikate - ITW GSE","isPartOf":{"@id":"https:\/\/itwgse.com\/#website"},"datePublished":"2026-02-24T13:05:28+00:00","dateModified":"2026-04-13T14:44:23+00:00","description":"Wir sind nach ISO 9001 (Qualit\u00e4t) und ISO 14001 (Umwelt) zertifiziert. Unsere Produkte sind CE-gekennzeichnet oder UL-gepr\u00fcft.","breadcrumb":{"@id":"https:\/\/itwgse.com\/de\/iso-zertifikate\/#breadcrumb"},"inLanguage":"de","potentialAction":[{"@type":"ReadAction","target":["https:\/\/itwgse.com\/de\/iso-zertifikate\/"]}]},{"@type":"BreadcrumbList","@id":"https:\/\/itwgse.com\/de\/iso-zertifikate\/#breadcrumb","itemListElement":[{"@type":"ListItem","position":1,"name":"Home","item":"https:\/\/itwgse.com\/de\/home\/"},{"@type":"ListItem","position":2,"name":"ISO-Zertifikate"}]},{"@type":"WebSite","@id":"https:\/\/itwgse.com\/#website","url":"https:\/\/itwgse.com\/","name":"ITW GSE","description":"It&#039;s all about connections","publisher":{"@id":"https:\/\/itwgse.com\/#organization"},"potentialAction":[{"@type":"SearchAction","target":{"@type":"EntryPoint","urlTemplate":"https:\/\/itwgse.com\/?s={search_term_string}"},"query-input":{"@type":"PropertyValueSpecification","valueRequired":true,"valueName":"search_term_string"}}],"inLanguage":"de"},{"@type":"Organization","@id":"https:\/\/itwgse.com\/#organization","name":"ITW GSE","url":"https:\/\/itwgse.com\/","logo":{"@type":"ImageObject","inLanguage":"de","@id":"https:\/\/itwgse.com\/#\/schema\/logo\/image\/","url":"https:\/\/itwgse.com\/wp-content\/uploads\/2018\/11\/logo.png","contentUrl":"https:\/\/itwgse.com\/wp-content\/uploads\/2018\/11\/logo.png","width":302,"height":237,"caption":"ITW GSE"},"image":{"@id":"https:\/\/itwgse.com\/#\/schema\/logo\/image\/"},"sameAs":["https:\/\/www.facebook.com\/ITWGSE\/","https:\/\/www.linkedin.com\/company\/itw-gse\/","https:\/\/www.youtube.com\/channel\/UCTUIMvyaOPfYIqzP8enZ8yw"]}]}},"_links":{"self":[{"href":"https:\/\/itwgse.com\/de\/wp-json\/wp\/v2\/pages\/28731","targetHints":{"allow":["GET"]}}],"collection":[{"href":"https:\/\/itwgse.com\/de\/wp-json\/wp\/v2\/pages"}],"about":[{"href":"https:\/\/itwgse.com\/de\/wp-json\/wp\/v2\/types\/page"}],"author":[{"embeddable":true,"href":"https:\/\/itwgse.com\/de\/wp-json\/wp\/v2\/users\/11"}],"replies":[{"embeddable":true,"href":"https:\/\/itwgse.com\/de\/wp-json\/wp\/v2\/comments?post=28731"}],"version-history":[{"count":1,"href":"https:\/\/itwgse.com\/de\/wp-json\/wp\/v2\/pages\/28731\/revisions"}],"predecessor-version":[{"id":45640,"href":"https:\/\/itwgse.com\/de\/wp-json\/wp\/v2\/pages\/28731\/revisions\/45640"}],"wp:attachment":[{"href":"https:\/\/itwgse.com\/de\/wp-json\/wp\/v2\/media?parent=28731"}],"curies":[{"name":"wp","href":"https:\/\/api.w.org\/{rel}","templated":true}]}}