{"id":28736,"date":"2026-02-24T14:10:20","date_gmt":"2026-02-24T13:10:20","guid":{"rendered":"https:\/\/itwgse.com\/informationen-zur-rueckgabe\/"},"modified":"2026-02-24T14:10:20","modified_gmt":"2026-02-24T13:10:20","slug":"informationen-zur-rueckgabe","status":"publish","type":"page","link":"https:\/\/itwgse.com\/de\/informationen-zur-rueckgabe\/","title":{"rendered":"Informationen zur R\u00fcckgabe"},"content":{"rendered":"<div id=\"pl-28736\"  class=\"panel-layout\" ><div id=\"pg-28736-0\"  class=\"panel-grid panel-no-style\" ><div id=\"pgc-28736-0-0\"  class=\"panel-grid-cell\" ><div id=\"panel-28736-0-0-0\" class=\"so-panel widget widget_mtt-cover-section panel-first-child panel-last-child\" data-index=\"0\" ><div\n\t\t\t\n\t\t\tclass=\"so-widget-mtt-cover-section so-widget-mtt-cover-section-base\"\n\t\t\t\n\t\t>\n<div class=\"mtt-cover-section-wrap compact extra-small\">\n\t<div class=\"mtt-cover-curve\">\n\t\t<img decoding=\"async\"  src=\"https:\/\/itwgse.com\/wp-content\/themes\/mtt-standard-theme\/assets\/img\/cover\/itwgse_cut.svg\">\t<\/div>\n    <div class=\"mtt-cover-compact-background object-fit overlay\">\n                            <\/div>\n    <div class=\"mtt-cover-compact-container\">\n        <div class=\"mtt-cover-section-text\">\n            <h1>Informationen zur R\u00fcckgabe<\/h1>\n                    <\/div>\n    <\/div>\n<\/div>\n<\/div><\/div><\/div><\/div><div id=\"pg-28736-1\"  class=\"panel-grid panel-no-style\" ><div id=\"pgc-28736-1-0\"  class=\"panel-grid-cell\" ><div id=\"panel-28736-1-0-0\" class=\"so-panel widget widget_mtt-one-col-text panel-first-child\" data-index=\"1\" ><div\n\t\t\t\n\t\t\tclass=\"so-widget-mtt-one-col-text so-widget-mtt-one-col-text-base\"\n\t\t\t\n\t\t>\n<div class=\"mtt-two-col-wrapper no-bottom-padding\">\n    <div class=\"mtt-two-col-container\">\n        <div class=\"mtt-two-col-content formatted_content has-title-one\">\n\t\t\t                <h2>Informationen zur R\u00fcckgabe - Waren zur Reparatur \/ Lagerbestand<\/h2>\n                        <div class=\"text-section one-col\">\n                <p>Um Ihnen die R\u00fccksendung von Waren zu erleichtern, f\u00fcllen Sie bitte das beiliegende Formular aus und legen Sie es der Ware zur Reparatur \/ f\u00fcr unser Lager bei<\/p>\n            <\/div>\n\n            \n                        <\/div>\n    <\/div>\n<\/div>\n<\/div><\/div><div id=\"panel-28736-1-0-1\" class=\"so-panel widget widget_mtt-two-col-text panel-last-child\" data-index=\"2\" ><div\n\t\t\t\n\t\t\tclass=\"so-widget-mtt-two-col-text so-widget-mtt-two-col-text-base\"\n\t\t\t\n\t\t>\n<div class=\"mtt-two-col-wrapper\">\n    <div class=\"mtt-two-col-container\">\n        <div class=\"mtt-two-col-content inline-titles\">\n                            <h2>R\u00fccksendeadressen<\/h2>\n                        <div class=\"text-section\">\n                <div class=\"col formatted_content\"><h3><strong>ITW GSE Inc.<br \/><\/strong>11001 US Highway 41 North<br \/>Palmetto, FL 34221<br \/><strong>USA<\/strong><br \/>Zu H\u00e4nden von. Kundenbetreuung<\/h3>\n<\/div>\n                <div class=\"col formatted_content\"><h3><strong>ITW GSE ApS<br \/><\/strong>Smedebakken 31-33<br \/>DK-5270 Odense N<br \/><strong>D\u00e4nemark<\/strong><br \/>Zu H\u00e4nden von. Kundenbetreuung<\/h3>\n                                    <\/div>\n            <\/div>\n                    <\/div>\n    <\/div>\n<\/div><\/div><\/div><\/div><\/div><div id=\"pg-28736-2\"  class=\"panel-grid panel-no-style\" ><div id=\"pgc-28736-2-0\"  class=\"panel-grid-cell\" ><div id=\"panel-28736-2-0-0\" class=\"so-panel widget widget_mtt-one-col-text panel-first-child panel-last-child\" data-index=\"3\" ><div\n\t\t\t\n\t\t\tclass=\"so-widget-mtt-one-col-text so-widget-mtt-one-col-text-base\"\n\t\t\t\n\t\t>\n<div class=\"mtt-two-col-wrapper no-top-padding centered narrow\">\n    <div class=\"mtt-two-col-container\">\n        <div class=\"mtt-two-col-content formatted_content\">\n\t\t\t                <h2>R\u00fccksendeformular<\/h2>\n                        <div class=\"text-section one-col\">\n                            <\/div>\n\n            \n                    <div class=\"button-wrap\">\n                \n                                                                <a\n                            href=\"https:\/\/itwgse.com\/wp-content\/uploads\/2024\/12\/799461BB.pdf\"\n                            class=\"button link button file  button-margin\"\n                            target=\"_blank\"                        >\n                            Formular an US zur\u00fccksenden                        <\/a>\n                                    \n                                                                <a\n                            href=\"https:\/\/itwgse.com\/wp-content\/uploads\/2022\/10\/799460AB-return-to-DK.pdf\"\n                            class=\"button link button file  button-margin\"\n                            target=\"_blank\"                        >\n                            Formular nach D\u00e4nemark zur\u00fccksenden                        <\/a>\n                                                <\/div>\n                        <\/div>\n    <\/div>\n<\/div>\n<\/div><\/div><\/div><\/div><\/div>","protected":false},"excerpt":{"rendered":"<p>Informationen zur R\u00fcckgabe Informationen zur R\u00fcckgabe &#8211; Waren zur Reparatur \/ Lagerbestand Um Ihnen die R\u00fccksendung von Waren zu erleichtern, f\u00fcllen Sie bitte das&#8230;<\/p>\n","protected":false},"author":1,"featured_media":0,"parent":0,"menu_order":296,"comment_status":"closed","ping_status":"closed","template":"","meta":{"_acf_changed":false,"_relevanssi_hide_post":"","_relevanssi_hide_content":"","_relevanssi_pin_for_all":"","_relevanssi_pin_keywords":"","_relevanssi_unpin_keywords":"","_relevanssi_related_keywords":"","_relevanssi_related_include_ids":"","_relevanssi_related_exclude_ids":"","_relevanssi_related_no_append":"","_relevanssi_related_not_related":"","_relevanssi_related_posts":"","_relevanssi_noindex_reason":"","footnotes":""},"class_list":["post-28736","page","type-page","status-publish","hentry"],"acf":[],"yoast_head":"<!-- This site is optimized with the Yoast SEO plugin v27.0 - https:\/\/yoast.com\/product\/yoast-seo-wordpress\/ -->\n<title>Informationen zur R\u00fccksendung - Zur Erleichterung der R\u00fccksendung von Waren | ITW GSE<\/title>\n<meta name=\"description\" content=\"Um Ihre R\u00fccksendung zu erleichtern, folgen Sie bitte diesem Formular auf dieser Seite. Hier finden Sie auch die R\u00fccksendeadresse f\u00fcr Amerika und die internationale Adresse.\" \/>\n<meta name=\"robots\" content=\"index, follow, max-snippet:-1, max-image-preview:large, max-video-preview:-1\" \/>\n<link rel=\"canonical\" href=\"https:\/\/itwgse.com\/de\/informationen-zur-rueckgabe\/\" \/>\n<meta property=\"og:locale\" content=\"de_DE\" \/>\n<meta property=\"og:type\" content=\"article\" \/>\n<meta property=\"og:title\" content=\"Informationen zur R\u00fccksendung - Zur Erleichterung der R\u00fccksendung von Waren | ITW GSE\" \/>\n<meta property=\"og:description\" content=\"Um Ihre R\u00fccksendung zu erleichtern, folgen Sie bitte diesem Formular auf dieser Seite. Hier finden Sie auch die R\u00fccksendeadresse f\u00fcr Amerika und die internationale Adresse.\" \/>\n<meta property=\"og:url\" content=\"https:\/\/itwgse.com\/de\/informationen-zur-rueckgabe\/\" \/>\n<meta property=\"og:site_name\" content=\"ITW GSE\" \/>\n<meta property=\"article:publisher\" content=\"https:\/\/www.facebook.com\/ITWGSE\/\" \/>\n<meta name=\"twitter:card\" content=\"summary_large_image\" \/>\n<script type=\"application\/ld+json\" class=\"yoast-schema-graph\">{\"@context\":\"https:\/\/schema.org\",\"@graph\":[{\"@type\":\"WebPage\",\"@id\":\"https:\/\/itwgse.com\/de\/informationen-zur-rueckgabe\/\",\"url\":\"https:\/\/itwgse.com\/de\/informationen-zur-rueckgabe\/\",\"name\":\"Informationen zur R\u00fccksendung - Zur Erleichterung der R\u00fccksendung von Waren | ITW GSE\",\"isPartOf\":{\"@id\":\"https:\/\/itwgse.com\/#website\"},\"datePublished\":\"2026-02-24T13:10:20+00:00\",\"description\":\"Um Ihre R\u00fccksendung zu erleichtern, folgen Sie bitte diesem Formular auf dieser Seite. Hier finden Sie auch die R\u00fccksendeadresse f\u00fcr Amerika und die internationale Adresse.\",\"breadcrumb\":{\"@id\":\"https:\/\/itwgse.com\/de\/informationen-zur-rueckgabe\/#breadcrumb\"},\"inLanguage\":\"de\",\"potentialAction\":[{\"@type\":\"ReadAction\",\"target\":[\"https:\/\/itwgse.com\/de\/informationen-zur-rueckgabe\/\"]}]},{\"@type\":\"BreadcrumbList\",\"@id\":\"https:\/\/itwgse.com\/de\/informationen-zur-rueckgabe\/#breadcrumb\",\"itemListElement\":[{\"@type\":\"ListItem\",\"position\":1,\"name\":\"Home\",\"item\":\"https:\/\/itwgse.com\/de\/home\/\"},{\"@type\":\"ListItem\",\"position\":2,\"name\":\"Informationen zur R\u00fcckgabe\"}]},{\"@type\":\"WebSite\",\"@id\":\"https:\/\/itwgse.com\/#website\",\"url\":\"https:\/\/itwgse.com\/\",\"name\":\"ITW GSE\",\"description\":\"It&#039;s all about connections\",\"publisher\":{\"@id\":\"https:\/\/itwgse.com\/#organization\"},\"potentialAction\":[{\"@type\":\"SearchAction\",\"target\":{\"@type\":\"EntryPoint\",\"urlTemplate\":\"https:\/\/itwgse.com\/?s={search_term_string}\"},\"query-input\":{\"@type\":\"PropertyValueSpecification\",\"valueRequired\":true,\"valueName\":\"search_term_string\"}}],\"inLanguage\":\"de\"},{\"@type\":\"Organization\",\"@id\":\"https:\/\/itwgse.com\/#organization\",\"name\":\"ITW GSE\",\"url\":\"https:\/\/itwgse.com\/\",\"logo\":{\"@type\":\"ImageObject\",\"inLanguage\":\"de\",\"@id\":\"https:\/\/itwgse.com\/#\/schema\/logo\/image\/\",\"url\":\"https:\/\/itwgse.com\/wp-content\/uploads\/2018\/11\/logo.png\",\"contentUrl\":\"https:\/\/itwgse.com\/wp-content\/uploads\/2018\/11\/logo.png\",\"width\":302,\"height\":237,\"caption\":\"ITW GSE\"},\"image\":{\"@id\":\"https:\/\/itwgse.com\/#\/schema\/logo\/image\/\"},\"sameAs\":[\"https:\/\/www.facebook.com\/ITWGSE\/\",\"https:\/\/www.linkedin.com\/company\/itw-gse\/\",\"https:\/\/www.youtube.com\/channel\/UCTUIMvyaOPfYIqzP8enZ8yw\"]}]}<\/script>\n<!-- \/ Yoast SEO plugin. -->","yoast_head_json":{"title":"Informationen zur R\u00fccksendung - Zur Erleichterung der R\u00fccksendung von Waren | ITW GSE","description":"Um Ihre R\u00fccksendung zu erleichtern, folgen Sie bitte diesem Formular auf dieser Seite. Hier finden Sie auch die R\u00fccksendeadresse f\u00fcr Amerika und die internationale Adresse.","robots":{"index":"index","follow":"follow","max-snippet":"max-snippet:-1","max-image-preview":"max-image-preview:large","max-video-preview":"max-video-preview:-1"},"canonical":"https:\/\/itwgse.com\/de\/informationen-zur-rueckgabe\/","og_locale":"de_DE","og_type":"article","og_title":"Informationen zur R\u00fccksendung - Zur Erleichterung der R\u00fccksendung von Waren | ITW GSE","og_description":"Um Ihre R\u00fccksendung zu erleichtern, folgen Sie bitte diesem Formular auf dieser Seite. Hier finden Sie auch die R\u00fccksendeadresse f\u00fcr Amerika und die internationale Adresse.","og_url":"https:\/\/itwgse.com\/de\/informationen-zur-rueckgabe\/","og_site_name":"ITW GSE","article_publisher":"https:\/\/www.facebook.com\/ITWGSE\/","twitter_card":"summary_large_image","schema":{"@context":"https:\/\/schema.org","@graph":[{"@type":"WebPage","@id":"https:\/\/itwgse.com\/de\/informationen-zur-rueckgabe\/","url":"https:\/\/itwgse.com\/de\/informationen-zur-rueckgabe\/","name":"Informationen zur R\u00fccksendung - Zur Erleichterung der R\u00fccksendung von Waren | ITW GSE","isPartOf":{"@id":"https:\/\/itwgse.com\/#website"},"datePublished":"2026-02-24T13:10:20+00:00","description":"Um Ihre R\u00fccksendung zu erleichtern, folgen Sie bitte diesem Formular auf dieser Seite. Hier finden Sie auch die R\u00fccksendeadresse f\u00fcr Amerika und die internationale Adresse.","breadcrumb":{"@id":"https:\/\/itwgse.com\/de\/informationen-zur-rueckgabe\/#breadcrumb"},"inLanguage":"de","potentialAction":[{"@type":"ReadAction","target":["https:\/\/itwgse.com\/de\/informationen-zur-rueckgabe\/"]}]},{"@type":"BreadcrumbList","@id":"https:\/\/itwgse.com\/de\/informationen-zur-rueckgabe\/#breadcrumb","itemListElement":[{"@type":"ListItem","position":1,"name":"Home","item":"https:\/\/itwgse.com\/de\/home\/"},{"@type":"ListItem","position":2,"name":"Informationen zur R\u00fcckgabe"}]},{"@type":"WebSite","@id":"https:\/\/itwgse.com\/#website","url":"https:\/\/itwgse.com\/","name":"ITW GSE","description":"It&#039;s all about connections","publisher":{"@id":"https:\/\/itwgse.com\/#organization"},"potentialAction":[{"@type":"SearchAction","target":{"@type":"EntryPoint","urlTemplate":"https:\/\/itwgse.com\/?s={search_term_string}"},"query-input":{"@type":"PropertyValueSpecification","valueRequired":true,"valueName":"search_term_string"}}],"inLanguage":"de"},{"@type":"Organization","@id":"https:\/\/itwgse.com\/#organization","name":"ITW GSE","url":"https:\/\/itwgse.com\/","logo":{"@type":"ImageObject","inLanguage":"de","@id":"https:\/\/itwgse.com\/#\/schema\/logo\/image\/","url":"https:\/\/itwgse.com\/wp-content\/uploads\/2018\/11\/logo.png","contentUrl":"https:\/\/itwgse.com\/wp-content\/uploads\/2018\/11\/logo.png","width":302,"height":237,"caption":"ITW GSE"},"image":{"@id":"https:\/\/itwgse.com\/#\/schema\/logo\/image\/"},"sameAs":["https:\/\/www.facebook.com\/ITWGSE\/","https:\/\/www.linkedin.com\/company\/itw-gse\/","https:\/\/www.youtube.com\/channel\/UCTUIMvyaOPfYIqzP8enZ8yw"]}]}},"_links":{"self":[{"href":"https:\/\/itwgse.com\/de\/wp-json\/wp\/v2\/pages\/28736","targetHints":{"allow":["GET"]}}],"collection":[{"href":"https:\/\/itwgse.com\/de\/wp-json\/wp\/v2\/pages"}],"about":[{"href":"https:\/\/itwgse.com\/de\/wp-json\/wp\/v2\/types\/page"}],"author":[{"embeddable":true,"href":"https:\/\/itwgse.com\/de\/wp-json\/wp\/v2\/users\/1"}],"replies":[{"embeddable":true,"href":"https:\/\/itwgse.com\/de\/wp-json\/wp\/v2\/comments?post=28736"}],"version-history":[{"count":0,"href":"https:\/\/itwgse.com\/de\/wp-json\/wp\/v2\/pages\/28736\/revisions"}],"wp:attachment":[{"href":"https:\/\/itwgse.com\/de\/wp-json\/wp\/v2\/media?parent=28736"}],"curies":[{"name":"wp","href":"https:\/\/api.w.org\/{rel}","templated":true}]}}