{"id":28742,"date":"2026-02-24T14:10:36","date_gmt":"2026-02-24T13:10:36","guid":{"rendered":"https:\/\/itwgse.com\/allgemeine-gewaehrleistungsbedingungen\/"},"modified":"2026-02-24T14:10:36","modified_gmt":"2026-02-24T13:10:36","slug":"allgemeine-gewaehrleistungsbedingungen","status":"publish","type":"page","link":"https:\/\/itwgse.com\/de\/allgemeine-gewaehrleistungsbedingungen\/","title":{"rendered":"Allgemeine Gew\u00e4hrleistungsbedingungen"},"content":{"rendered":"<div id=\"pl-28742\"  class=\"panel-layout\" ><div id=\"pg-28742-0\"  class=\"panel-grid panel-no-style\" ><div id=\"pgc-28742-0-0\"  class=\"panel-grid-cell\" ><div id=\"panel-28742-0-0-0\" class=\"so-panel widget widget_mtt-cover-section panel-first-child panel-last-child\" data-index=\"0\" ><div\n\t\t\t\n\t\t\tclass=\"so-widget-mtt-cover-section so-widget-mtt-cover-section-base\"\n\t\t\t\n\t\t>\n<div class=\"mtt-cover-section-wrap compact extra-small\">\n\t<div class=\"mtt-cover-curve\">\n\t\t<img decoding=\"async\"  src=\"https:\/\/itwgse.com\/wp-content\/themes\/mtt-standard-theme\/assets\/img\/cover\/itwgse_cut.svg\">\t<\/div>\n    <div class=\"mtt-cover-compact-background object-fit overlay\">\n                            <\/div>\n    <div class=\"mtt-cover-compact-container\">\n        <div class=\"mtt-cover-section-text\">\n            <h1>Allgemeine Gew\u00e4hrleistungsbedingungen<\/h1>\n                    <\/div>\n    <\/div>\n<\/div>\n<\/div><\/div><\/div><\/div><div id=\"pg-28742-1\"  class=\"panel-grid panel-no-style\" ><div id=\"pgc-28742-1-0\"  class=\"panel-grid-cell\" ><div id=\"panel-28742-1-0-0\" class=\"so-panel widget widget_mtt-two-col-text panel-first-child panel-last-child\" data-index=\"1\" ><div\n\t\t\t\n\t\t\tclass=\"so-widget-mtt-two-col-text so-widget-mtt-two-col-text-base\"\n\t\t\t\n\t\t>\n<div class=\"mtt-two-col-wrapper\">\n    <div class=\"mtt-two-col-container\">\n        <div class=\"mtt-two-col-content has-title\">\n                            <h2>Auszug aus den Verkaufsbedingungen von ITW GSE<\/h2>\n                        <div class=\"text-section\">\n                <div class=\"col formatted_content\"><p><strong>Datiert 20 Januar, 2020 - Revision: A<\/strong><\/p>\n<p>(vollst\u00e4ndige Version zum Herunterladen am Ende der Seite)<\/p>\n<p>\u00a7 7. Garantie <\/p>\n<p>Gew\u00e4hrleistung. ITW garantiert, dass die Produkte frei und unbelastet von allen Pfandrechten, Sicherungsrechten und Belastungen sind, die von, durch oder unter ITW entstehen. ITW garantiert ferner, dass die Produkte w\u00e4hrend der geltenden Gew\u00e4hrleistungsfrist (wie unten definiert) bei normalem Gebrauch und ordnungsgem\u00e4\u00dfer Installation und Wartung, wie von ITW festgelegt, (a) den gemeinsam vereinbarten schriftlichen Spezifikationen entsprechen: (a) den gemeinsam vereinbarten schriftlichen Spezifikationen oder anderen Beschreibungen entsprechen; und (b) frei von wesentlichen Material- und Verarbeitungsfehlern sind.    <\/p>\n<p>Die Garantiezeit beginnt mit dem Versanddatum und gilt f\u00fcr den unten aufgef\u00fchrten Zeitraum:<br \/>Motorantrieb GPU (au\u00dfer Motor- und Generatorbaugruppen): 24 Monate.<br \/>Motor: 24 Monate oder 2.000 Betriebsstunden, je nachdem, was zuerst eintritt. Mindestens 12 Monate, unabh\u00e4ngig von den Betriebsstunden des Motors.<br \/>Motorantrieb GPU Generator: 24 Monate.<br \/>Netzbetriebene GPU Ger\u00e4te: Elektrische Komponenten 24 Monate.<br \/>Netzbetriebene GPU-Ausr\u00fcstung: Mechanische Komponenten 24 Monate.<br \/>Netzbetriebene PCA-Ausr\u00fcstung: 12 Monate.<br \/>Batteriebetriebene GPU-Ausr\u00fcstung: Elektrische Komponenten 24 Monate.<br \/>Batteriebetriebene GPU-Ger\u00e4te: Batterien 60 Monate. Es gelten die Bedingungen, siehe Abschnitt 5.0 des Original-Benutzerhandbuchs ITW GSE 7400, das mit dem Ger\u00e4t geliefert wird oder auf Anfrage erh\u00e4ltlich ist.<br \/>Garantierte Ersatzteile: Der Rest der urspr\u00fcnglichen Garantiezeit oder 6 Monate, je nachdem, welcher Zeitraum l\u00e4nger ist.<br \/>Zubeh\u00f6r: 6 Monate.<br \/>Ersatzteile: 6 Monate.  <\/p>\n<\/div>\n                <div class=\"col formatted_content\"><p>Im Falle eines Versto\u00dfes gegen die oben genannten Garantien (die \"Garantien\") besteht die einzige Haftung von ITW und das einzige Rechtsmittel des K\u00e4ufers darin, dass ITW (nach eigenem Ermessen) jedes Produkt, das nicht den Garantien entspricht, repariert, ersetzt oder dem Konto des K\u00e4ufers gutschreibt, vorausgesetzt, dass (i) ITW w\u00e4hrend der Garantiezeit unverz\u00fcglich schriftlich \u00fcber die Entdeckung eines solchen Fehlers mit einer detaillierten Erkl\u00e4rung der angeblichen M\u00e4ngel informiert wird; (ii) ITW eine angemessene Gelegenheit gegeben wird, alle Anspr\u00fcche zu untersuchen; und (iii) ITWs Untersuchung des Produkts die angeblichen M\u00e4ngel best\u00e4tigt und dass die M\u00e4ngel nicht durch Unfall, Missbrauch, Nachl\u00e4ssigkeit, unsachgem\u00e4\u00dfe Installation, nicht autorisierte \u00c4nderungen oder Reparaturen oder unsachgem\u00e4\u00dfe Tests verursacht wurden.   <\/p>\n<p>Die Produkte d\u00fcrfen erst nach Pr\u00fcfung und Genehmigung durch ITW an ITW zur\u00fcckgesandt werden.<\/p>\n<p>Die M\u00e4ngelgew\u00e4hrleistung gilt nicht f\u00fcr: (1) Verbrauchskomponenten oder gew\u00f6hnliche Verschlei\u00dfteile; oder (2) die Verwendung der Produkte mit Ger\u00e4ten, Komponenten oder Teilen, die nicht von ITW spezifiziert oder geliefert wurden oder die in der Produktdokumentation vorgesehen sind.<\/p>\n<p>Mit Ausnahme der oben genannten Punkte \u00fcbernimmt ITW keine Garantie oder Zusicherung irgendeiner Art, weder ausdr\u00fccklich noch stillschweigend (einschlie\u00dflich keiner Garantie f\u00fcr die Marktg\u00e4ngigkeit oder Eignung f\u00fcr einen bestimmten Zweck).<\/p>\n                                    <\/div>\n            <\/div>\n                    <\/div>\n    <\/div>\n<\/div><\/div><\/div><\/div><\/div><div id=\"pg-28742-2\"  class=\"panel-grid panel-no-style\" ><div id=\"pgc-28742-2-0\"  class=\"panel-grid-cell\" ><div id=\"panel-28742-2-0-0\" class=\"so-panel widget widget_mtt-one-col-text panel-first-child\" data-index=\"2\" ><div\n\t\t\t\n\t\t\tclass=\"so-widget-mtt-one-col-text so-widget-mtt-one-col-text-base\"\n\t\t\t\n\t\t>\n<div class=\"mtt-two-col-wrapper no-top-padding centered\">\n    <div class=\"mtt-two-col-container\">\n        <div class=\"mtt-two-col-content formatted_content\">\n\t\t\t                <h2>Allgemeine Verkaufs- und Lieferbedingungen<\/h2>\n                        <div class=\"text-section one-col\">\n                            <\/div>\n\n            \n                    <div class=\"button-wrap\">\n                \n                                                                <a\n                            href=\"https:\/\/itwgse.com\/wp-content\/uploads\/2020\/02\/ITW-GSE-ApS-Terms-and-Conditions-of-Sale_dated-20-January-2020.pdf\"\n                            class=\"button link button file  button-margin\"\n                            target=\"_blank\" rel=\"noopener noreferrer\"                        >\n                            Download f\u00fcr ITW GSE ApS                        <\/a>\n                                    \n                                                                <a\n                            href=\"https:\/\/itwgse.com\/wp-content\/uploads\/2023\/03\/ITW_GSE_Inc_Terms_and_Conditions_of_Sale_for_Americas_dated-20-January-2020.pdf\"\n                            class=\"button link button file  button-margin\"\n                            target=\"_blank\" rel=\"noopener noreferrer\"                        >\n                            Download f\u00fcr ITW GSE Inc.                          <\/a>\n                                                <\/div>\n                        <\/div>\n    <\/div>\n<\/div>\n<\/div><\/div><div id=\"panel-28742-2-0-1\" class=\"so-panel widget widget_mtt-customer-support panel-last-child\" data-index=\"3\" ><div\n\t\t\t\n\t\t\tclass=\"so-widget-mtt-customer-support so-widget-mtt-customer-support-base\"\n\t\t\t\n\t\t>\n<div class=\"mtt-text-image-wrap less-top-padding less-bottom-padding grey-bg\">\n        <!-- Content -->\n    <div class=\"mtt-text-image-container\">\n        <div class=\"mtt-text-image-col\">\n            <div class=\"mtt-text-image-content formatted_content\">\n                                <h2>Kundenservice<\/h2>\n                <p><strong>Wie k\u00f6nnen wir Ihnen helfen?<\/strong><\/p>\n<p>Ben\u00f6tigen Sie Schaltpl\u00e4ne, Ersatzteillisten oder Anleitungsvideos? Nutzen Sie die Schaltfl\u00e4che \u201eProdukthilfe\u201c.<\/p>\n<p>Haben Sie Fragen an den Kundenservice? Nutzen Sie die Schaltfl\u00e4che \u201eKundenservice kontaktieren\u201c. Falls sich Ihre Frage auf ein bestimmtes Produkt bezieht, geben Sie bitte die Seriennummer an.<\/p>\n\n                                    <div class=\"button-wrap\">\n                                                    <a href=\"https:\/\/itwgse.com\/de\/support-and-service\/\" class=\"button\">\n                                Produkthilfe                            <\/a>\n                                                    <a href=\"https:\/\/itwgse.com\/de\/kontakt\/\" class=\"button\">\n                                Kundenservice kontaktieren                            <\/a>\n                                            <\/div>\n                            <\/div>\n        <\/div>\n                    <div class=\"mtt-text-image-col img center\">\n                <div class=\"mtt-text-image-content\">\n                    <img decoding=\"async\" width=\"1800\" height=\"1023\" src=\"https:\/\/itwgse.com\/wp-content\/uploads\/2018\/06\/ITWGSE_hero_cleanest-1.jpg\" class=\"attachment-full size-full\" alt=\"7400 low noice JK\" srcset=\"https:\/\/itwgse.com\/wp-content\/uploads\/2018\/06\/ITWGSE_hero_cleanest-1.jpg 1800w, https:\/\/itwgse.com\/wp-content\/uploads\/2018\/06\/ITWGSE_hero_cleanest-1-300x171.jpg 300w, https:\/\/itwgse.com\/wp-content\/uploads\/2018\/06\/ITWGSE_hero_cleanest-1-1024x582.jpg 1024w\" sizes=\"(max-width: 1800px) 100vw, 1800px\" \/>                \n                    \n                    \n                <\/div>\n            <\/div>\n            <\/div>\n<\/div>\n\n<script>\nfunction sendEvent(action, element) {\n    var videoTitle = jQuery(element).data('title');  \n\n    if (dataLayer && videoTitle) {\n        dataLayer.push({\n            'event': 'video',\n            'eventCategory': 'Video',\n            'eventAction': action,\n            'eventLabel': videoTitle\n        });\n    }\n    else if (ga && videoTitle) {\n        ga('send', 'event', 'Video', action, videoTitle);\n    }  \n}\n<\/script>\n<\/div><\/div><\/div><\/div><\/div>","protected":false},"excerpt":{"rendered":"<p>Allgemeine Gew\u00e4hrleistungsbedingungen Auszug aus den Verkaufsbedingungen von ITW GSE Datiert 20 Januar, 2020 &#8211; Revision: A (vollst\u00e4ndige Version zum Herunterladen am Ende der Seite)&#8230;<\/p>\n","protected":false},"author":1,"featured_media":0,"parent":0,"menu_order":273,"comment_status":"closed","ping_status":"closed","template":"","meta":{"_acf_changed":false,"_relevanssi_hide_post":"","_relevanssi_hide_content":"","_relevanssi_pin_for_all":"","_relevanssi_pin_keywords":"","_relevanssi_unpin_keywords":"","_relevanssi_related_keywords":"","_relevanssi_related_include_ids":"","_relevanssi_related_exclude_ids":"","_relevanssi_related_no_append":"","_relevanssi_related_not_related":"","_relevanssi_related_posts":"","_relevanssi_noindex_reason":"","footnotes":""},"class_list":["post-28742","page","type-page","status-publish","hentry"],"acf":[],"yoast_head":"<!-- This site is optimized with the Yoast SEO plugin v27.0 - https:\/\/yoast.com\/product\/yoast-seo-wordpress\/ -->\n<title>Allgemeine Garantiebedingungen - Auszug aus unseren ToS | ITW GSE<\/title>\n<meta name=\"description\" content=\"Allgemeine Garantiebedingungen ist ein Auszug aus den Verkaufsbedingungen von ITW GSE. Laden Sie hier unsere Allgemeinen Verkaufs- und Lieferbedingungen herunter.\" \/>\n<meta name=\"robots\" content=\"index, follow, max-snippet:-1, max-image-preview:large, max-video-preview:-1\" \/>\n<link rel=\"canonical\" href=\"https:\/\/itwgse.com\/de\/allgemeine-gewaehrleistungsbedingungen\/\" \/>\n<meta property=\"og:locale\" content=\"de_DE\" \/>\n<meta property=\"og:type\" content=\"article\" \/>\n<meta property=\"og:title\" content=\"Allgemeine Garantiebedingungen - Auszug aus unseren ToS | ITW GSE\" \/>\n<meta property=\"og:description\" content=\"Allgemeine Garantiebedingungen ist ein Auszug aus den Verkaufsbedingungen von ITW GSE. Laden Sie hier unsere Allgemeinen Verkaufs- und Lieferbedingungen herunter.\" \/>\n<meta property=\"og:url\" content=\"https:\/\/itwgse.com\/de\/allgemeine-gewaehrleistungsbedingungen\/\" \/>\n<meta property=\"og:site_name\" content=\"ITW GSE\" \/>\n<meta property=\"article:publisher\" content=\"https:\/\/www.facebook.com\/ITWGSE\/\" \/>\n<meta name=\"twitter:card\" content=\"summary_large_image\" \/>\n<script type=\"application\/ld+json\" class=\"yoast-schema-graph\">{\"@context\":\"https:\/\/schema.org\",\"@graph\":[{\"@type\":\"WebPage\",\"@id\":\"https:\/\/itwgse.com\/de\/allgemeine-gewaehrleistungsbedingungen\/\",\"url\":\"https:\/\/itwgse.com\/de\/allgemeine-gewaehrleistungsbedingungen\/\",\"name\":\"Allgemeine Garantiebedingungen - Auszug aus unseren ToS | ITW GSE\",\"isPartOf\":{\"@id\":\"https:\/\/itwgse.com\/#website\"},\"datePublished\":\"2026-02-24T13:10:36+00:00\",\"description\":\"Allgemeine Garantiebedingungen ist ein Auszug aus den Verkaufsbedingungen von ITW GSE. Laden Sie hier unsere Allgemeinen Verkaufs- und Lieferbedingungen herunter.\",\"breadcrumb\":{\"@id\":\"https:\/\/itwgse.com\/de\/allgemeine-gewaehrleistungsbedingungen\/#breadcrumb\"},\"inLanguage\":\"de\",\"potentialAction\":[{\"@type\":\"ReadAction\",\"target\":[\"https:\/\/itwgse.com\/de\/allgemeine-gewaehrleistungsbedingungen\/\"]}]},{\"@type\":\"BreadcrumbList\",\"@id\":\"https:\/\/itwgse.com\/de\/allgemeine-gewaehrleistungsbedingungen\/#breadcrumb\",\"itemListElement\":[{\"@type\":\"ListItem\",\"position\":1,\"name\":\"Home\",\"item\":\"https:\/\/itwgse.com\/de\/home\/\"},{\"@type\":\"ListItem\",\"position\":2,\"name\":\"Allgemeine Gew\u00e4hrleistungsbedingungen\"}]},{\"@type\":\"WebSite\",\"@id\":\"https:\/\/itwgse.com\/#website\",\"url\":\"https:\/\/itwgse.com\/\",\"name\":\"ITW GSE\",\"description\":\"It&#039;s all about connections\",\"publisher\":{\"@id\":\"https:\/\/itwgse.com\/#organization\"},\"potentialAction\":[{\"@type\":\"SearchAction\",\"target\":{\"@type\":\"EntryPoint\",\"urlTemplate\":\"https:\/\/itwgse.com\/?s={search_term_string}\"},\"query-input\":{\"@type\":\"PropertyValueSpecification\",\"valueRequired\":true,\"valueName\":\"search_term_string\"}}],\"inLanguage\":\"de\"},{\"@type\":\"Organization\",\"@id\":\"https:\/\/itwgse.com\/#organization\",\"name\":\"ITW GSE\",\"url\":\"https:\/\/itwgse.com\/\",\"logo\":{\"@type\":\"ImageObject\",\"inLanguage\":\"de\",\"@id\":\"https:\/\/itwgse.com\/#\/schema\/logo\/image\/\",\"url\":\"https:\/\/itwgse.com\/wp-content\/uploads\/2018\/11\/logo.png\",\"contentUrl\":\"https:\/\/itwgse.com\/wp-content\/uploads\/2018\/11\/logo.png\",\"width\":302,\"height\":237,\"caption\":\"ITW GSE\"},\"image\":{\"@id\":\"https:\/\/itwgse.com\/#\/schema\/logo\/image\/\"},\"sameAs\":[\"https:\/\/www.facebook.com\/ITWGSE\/\",\"https:\/\/www.linkedin.com\/company\/itw-gse\/\",\"https:\/\/www.youtube.com\/channel\/UCTUIMvyaOPfYIqzP8enZ8yw\"]}]}<\/script>\n<!-- \/ Yoast SEO plugin. -->","yoast_head_json":{"title":"Allgemeine Garantiebedingungen - Auszug aus unseren ToS | ITW GSE","description":"Allgemeine Garantiebedingungen ist ein Auszug aus den Verkaufsbedingungen von ITW GSE. Laden Sie hier unsere Allgemeinen Verkaufs- und Lieferbedingungen herunter.","robots":{"index":"index","follow":"follow","max-snippet":"max-snippet:-1","max-image-preview":"max-image-preview:large","max-video-preview":"max-video-preview:-1"},"canonical":"https:\/\/itwgse.com\/de\/allgemeine-gewaehrleistungsbedingungen\/","og_locale":"de_DE","og_type":"article","og_title":"Allgemeine Garantiebedingungen - Auszug aus unseren ToS | ITW GSE","og_description":"Allgemeine Garantiebedingungen ist ein Auszug aus den Verkaufsbedingungen von ITW GSE. Laden Sie hier unsere Allgemeinen Verkaufs- und Lieferbedingungen herunter.","og_url":"https:\/\/itwgse.com\/de\/allgemeine-gewaehrleistungsbedingungen\/","og_site_name":"ITW GSE","article_publisher":"https:\/\/www.facebook.com\/ITWGSE\/","twitter_card":"summary_large_image","schema":{"@context":"https:\/\/schema.org","@graph":[{"@type":"WebPage","@id":"https:\/\/itwgse.com\/de\/allgemeine-gewaehrleistungsbedingungen\/","url":"https:\/\/itwgse.com\/de\/allgemeine-gewaehrleistungsbedingungen\/","name":"Allgemeine Garantiebedingungen - Auszug aus unseren ToS | ITW GSE","isPartOf":{"@id":"https:\/\/itwgse.com\/#website"},"datePublished":"2026-02-24T13:10:36+00:00","description":"Allgemeine Garantiebedingungen ist ein Auszug aus den Verkaufsbedingungen von ITW GSE. Laden Sie hier unsere Allgemeinen Verkaufs- und Lieferbedingungen herunter.","breadcrumb":{"@id":"https:\/\/itwgse.com\/de\/allgemeine-gewaehrleistungsbedingungen\/#breadcrumb"},"inLanguage":"de","potentialAction":[{"@type":"ReadAction","target":["https:\/\/itwgse.com\/de\/allgemeine-gewaehrleistungsbedingungen\/"]}]},{"@type":"BreadcrumbList","@id":"https:\/\/itwgse.com\/de\/allgemeine-gewaehrleistungsbedingungen\/#breadcrumb","itemListElement":[{"@type":"ListItem","position":1,"name":"Home","item":"https:\/\/itwgse.com\/de\/home\/"},{"@type":"ListItem","position":2,"name":"Allgemeine Gew\u00e4hrleistungsbedingungen"}]},{"@type":"WebSite","@id":"https:\/\/itwgse.com\/#website","url":"https:\/\/itwgse.com\/","name":"ITW GSE","description":"It&#039;s all about connections","publisher":{"@id":"https:\/\/itwgse.com\/#organization"},"potentialAction":[{"@type":"SearchAction","target":{"@type":"EntryPoint","urlTemplate":"https:\/\/itwgse.com\/?s={search_term_string}"},"query-input":{"@type":"PropertyValueSpecification","valueRequired":true,"valueName":"search_term_string"}}],"inLanguage":"de"},{"@type":"Organization","@id":"https:\/\/itwgse.com\/#organization","name":"ITW GSE","url":"https:\/\/itwgse.com\/","logo":{"@type":"ImageObject","inLanguage":"de","@id":"https:\/\/itwgse.com\/#\/schema\/logo\/image\/","url":"https:\/\/itwgse.com\/wp-content\/uploads\/2018\/11\/logo.png","contentUrl":"https:\/\/itwgse.com\/wp-content\/uploads\/2018\/11\/logo.png","width":302,"height":237,"caption":"ITW GSE"},"image":{"@id":"https:\/\/itwgse.com\/#\/schema\/logo\/image\/"},"sameAs":["https:\/\/www.facebook.com\/ITWGSE\/","https:\/\/www.linkedin.com\/company\/itw-gse\/","https:\/\/www.youtube.com\/channel\/UCTUIMvyaOPfYIqzP8enZ8yw"]}]}},"_links":{"self":[{"href":"https:\/\/itwgse.com\/de\/wp-json\/wp\/v2\/pages\/28742","targetHints":{"allow":["GET"]}}],"collection":[{"href":"https:\/\/itwgse.com\/de\/wp-json\/wp\/v2\/pages"}],"about":[{"href":"https:\/\/itwgse.com\/de\/wp-json\/wp\/v2\/types\/page"}],"author":[{"embeddable":true,"href":"https:\/\/itwgse.com\/de\/wp-json\/wp\/v2\/users\/1"}],"replies":[{"embeddable":true,"href":"https:\/\/itwgse.com\/de\/wp-json\/wp\/v2\/comments?post=28742"}],"version-history":[{"count":0,"href":"https:\/\/itwgse.com\/de\/wp-json\/wp\/v2\/pages\/28742\/revisions"}],"wp:attachment":[{"href":"https:\/\/itwgse.com\/de\/wp-json\/wp\/v2\/media?parent=28742"}],"curies":[{"name":"wp","href":"https:\/\/api.w.org\/{rel}","templated":true}]}}