{"id":28746,"date":"2026-02-24T14:10:45","date_gmt":"2026-02-24T13:10:45","guid":{"rendered":"https:\/\/itwgse.com\/de-bank-details\/"},"modified":"2026-02-24T14:10:45","modified_gmt":"2026-02-24T13:10:45","slug":"de-bank-details","status":"publish","type":"page","link":"https:\/\/itwgse.com\/de\/de-bank-details\/","title":{"rendered":"[DE] Bank Details"},"content":{"rendered":"<div id=\"pl-28746\"  class=\"panel-layout\" ><div id=\"pg-28746-0\"  class=\"panel-grid panel-no-style\" ><div id=\"pgc-28746-0-0\"  class=\"panel-grid-cell\" ><div id=\"panel-28746-0-0-0\" class=\"so-panel widget widget_mtt-cover-section panel-first-child panel-last-child\" data-index=\"0\" ><div\n\t\t\t\n\t\t\tclass=\"so-widget-mtt-cover-section so-widget-mtt-cover-section-base\"\n\t\t\t\n\t\t>\n<div class=\"mtt-cover-section-wrap compact extra-small\">\n\t<div class=\"mtt-cover-curve\">\n\t\t<img decoding=\"async\"  src=\"https:\/\/itwgse.com\/wp-content\/themes\/mtt-standard-theme\/assets\/img\/cover\/itwgse_cut.svg\">\t<\/div>\n    <div class=\"mtt-cover-compact-background object-fit\">\n                    <img decoding=\"async\"\n                src=\"https:\/\/itwgse.com\/wp-content\/uploads\/2018\/03\/bank-details-back.jpg\"\n                alt=\"\"\n                data-skip-lazy\n            >\n                            <\/div>\n    <div class=\"mtt-cover-compact-container\">\n        <div class=\"mtt-cover-section-text\">\n            <h1>[DE] Bank Details<\/h1>\n                    <\/div>\n    <\/div>\n<\/div>\n<\/div><\/div><\/div><\/div><div id=\"pg-28746-1\"  class=\"panel-grid panel-no-style\" ><div id=\"pgc-28746-1-0\"  class=\"panel-grid-cell\" ><div id=\"panel-28746-1-0-0\" class=\"so-panel widget widget_mtt-two-col-text panel-first-child panel-last-child\" data-index=\"1\" ><div\n\t\t\t\n\t\t\tclass=\"so-widget-mtt-two-col-text so-widget-mtt-two-col-text-base\"\n\t\t\t\n\t\t>\n<div class=\"mtt-two-col-wrapper\">\n    <div class=\"mtt-two-col-container\">\n        <div class=\"mtt-two-col-content has-title\">\n                            <h2>Achten Sie auf Anfragen zur \u00c4nderung der ITW GSE Bankverbindung<\/h2>\n                        <div class=\"text-section\">\n                <div class=\"col formatted_content\"><p><em><strong>[DE] For your awareness and action as appropriate<\/strong><\/em><\/p>\n<p>[DE] Dear Customer,<\/p>\n<p>[DE] Cybercriminals continue to look for ways to deceive customers into misdirecting invoice payments to fraudulent bank accounts.<\/p>\n<p>Eine immer h\u00e4ufiger auftretende Betrugsmasche besteht darin, dass Hacker eine E-Mail, einen Brief oder einen an eine E-Mail angeh\u00e4ngten Brief versenden. Die Nachricht ist gef\u00e4lscht, sieht aber wie eine legitime Nachricht von ITW GSE aus, in der um \u00c4nderungen der Bankverbindung gebeten wird. In einigen F\u00e4llen ruft der Cyberkriminelle an, um die \u00c4nderung zu best\u00e4tigen. In anderen F\u00e4llen werden Sie aufgefordert, die in der Nachricht angegebenen betr\u00fcgerischen Kontaktinformationen zu verwenden.   <\/p>\n<\/div>\n                <div class=\"col formatted_content\"><p><strong>Wenn Sie eine unerwartete Nachricht von ITW GSE erhalten, in der Sie aufgefordert werden, die Bankverbindung zu \u00e4ndern, die Sie f\u00fcr die Bezahlung von ITW GSE-Rechnungen verwenden, wenden Sie sich bitte an Ihren ITW-Vertreter.  <\/strong><strong>Antworten Sie nicht auf die Nachricht und kontaktieren Sie ITW GSE nicht \u00fcber die Kontaktdaten in der Nachricht. Verwenden Sie die ITW GSE-Kontaktinformationen, die Sie in Ihrer Datei haben. <\/strong><\/p>\n<p>Vielen Dank f\u00fcr Ihre Aufmerksamkeit f\u00fcr dieses wichtige Thema. Wenn Sie Fragen zu dieser Nachricht haben, wenden Sie sich bitte an Ihren ITW GSE Vertreter. <\/p>\n<p>ITW GSE<\/p>\n<p>Datum: 22-01-2018<em>(\u00fcberpr\u00fcft am 30. Juni 2020<\/em>)<\/p>\n                                    <\/div>\n            <\/div>\n                    <\/div>\n    <\/div>\n<\/div><\/div><\/div><\/div><\/div><div id=\"pg-28746-2\"  class=\"panel-grid panel-no-style\" ><div id=\"pgc-28746-2-0\"  class=\"panel-grid-cell\" ><div id=\"panel-28746-2-0-0\" class=\"so-panel widget widget_mtt-one-col-text panel-first-child panel-last-child\" data-index=\"2\" ><div\n\t\t\t\n\t\t\tclass=\"so-widget-mtt-one-col-text so-widget-mtt-one-col-text-base\"\n\t\t\t\n\t\t>\n<div class=\"mtt-two-col-wrapper\">\n    <div class=\"mtt-two-col-container\">\n        <div class=\"mtt-two-col-content formatted_content has-title-one\">\n\t\t\t                <h2>[DE] Contact the finance departments<\/h2>\n                        <div class=\"text-section one-col\">\n                <p>Amerika (Nord- und S\u00fcdamerika):<\/p>\n<p>Fragen zu Verbindlichkeiten: <a href=\"mailto:AP@itwgse.com\">AP@itwgse.com<\/a><\/p>\n<p>[DE] Questions regarding Receivables: <a href=\"mailto:AR@itwgse.com\">AR@itwgse.com<\/a><\/p>\n<p>\u00a0<\/p>\n<p>[DE] Finance questions for outside Americas:<\/p>\n<p><a href=\"mailto:finance@itwgse.com\" target=\"_blank\" rel=\"noopener\">[DE] finance@itwgse.com<\/a><\/p>\n            <\/div>\n\n            \n                        <\/div>\n    <\/div>\n<\/div>\n<\/div><\/div><\/div><\/div><\/div>","protected":false},"excerpt":{"rendered":"<p>[DE] Bank Details Achten Sie auf Anfragen zur \u00c4nderung der ITW GSE Bankverbindung [DE] For your awareness and action as appropriate [DE] Dear Customer,&#8230;<\/p>\n","protected":false},"author":1,"featured_media":0,"parent":0,"menu_order":284,"comment_status":"closed","ping_status":"closed","template":"","meta":{"_acf_changed":false,"_relevanssi_hide_post":"","_relevanssi_hide_content":"","_relevanssi_pin_for_all":"","_relevanssi_pin_keywords":"","_relevanssi_unpin_keywords":"","_relevanssi_related_keywords":"","_relevanssi_related_include_ids":"","_relevanssi_related_exclude_ids":"","_relevanssi_related_no_append":"","_relevanssi_related_not_related":"","_relevanssi_related_posts":"","_relevanssi_noindex_reason":"","footnotes":""},"class_list":["post-28746","page","type-page","status-publish","hentry"],"acf":[],"yoast_head":"<!-- This site is optimized with the Yoast SEO plugin v27.0 - https:\/\/yoast.com\/product\/yoast-seo-wordpress\/ -->\n<title>Bankverbindung - Hier finden Sie unsere Kontodaten | ITW GSE<\/title>\n<meta name=\"description\" content=\"Hier finden Sie unsere Bankverbindungen zu ITW GSE ApS und ITW GSE Inc. Beachten Sie auch die Anfragen zur \u00c4nderung der ITW GSE Bankverbindung. Lesen Sie mehr.\" \/>\n<meta name=\"robots\" content=\"index, follow, max-snippet:-1, max-image-preview:large, max-video-preview:-1\" \/>\n<link rel=\"canonical\" href=\"https:\/\/itwgse.com\/de\/de-bank-details\/\" \/>\n<meta property=\"og:locale\" content=\"de_DE\" \/>\n<meta property=\"og:type\" content=\"article\" \/>\n<meta property=\"og:title\" content=\"Bankverbindung - Hier finden Sie unsere Kontodaten | ITW GSE\" \/>\n<meta property=\"og:description\" content=\"Hier finden Sie unsere Bankverbindungen zu ITW GSE ApS und ITW GSE Inc. Beachten Sie auch die Anfragen zur \u00c4nderung der ITW GSE Bankverbindung. Lesen Sie mehr.\" \/>\n<meta property=\"og:url\" content=\"https:\/\/itwgse.com\/de\/de-bank-details\/\" \/>\n<meta property=\"og:site_name\" content=\"ITW GSE\" \/>\n<meta property=\"article:publisher\" content=\"https:\/\/www.facebook.com\/ITWGSE\/\" \/>\n<meta name=\"twitter:card\" content=\"summary_large_image\" \/>\n<script type=\"application\/ld+json\" class=\"yoast-schema-graph\">{\"@context\":\"https:\/\/schema.org\",\"@graph\":[{\"@type\":\"WebPage\",\"@id\":\"https:\/\/itwgse.com\/de\/de-bank-details\/\",\"url\":\"https:\/\/itwgse.com\/de\/de-bank-details\/\",\"name\":\"Bankverbindung - Hier finden Sie unsere Kontodaten | ITW GSE\",\"isPartOf\":{\"@id\":\"https:\/\/itwgse.com\/#website\"},\"datePublished\":\"2026-02-24T13:10:45+00:00\",\"description\":\"Hier finden Sie unsere Bankverbindungen zu ITW GSE ApS und ITW GSE Inc. Beachten Sie auch die Anfragen zur \u00c4nderung der ITW GSE Bankverbindung. Lesen Sie mehr.\",\"breadcrumb\":{\"@id\":\"https:\/\/itwgse.com\/de\/de-bank-details\/#breadcrumb\"},\"inLanguage\":\"de\",\"potentialAction\":[{\"@type\":\"ReadAction\",\"target\":[\"https:\/\/itwgse.com\/de\/de-bank-details\/\"]}]},{\"@type\":\"BreadcrumbList\",\"@id\":\"https:\/\/itwgse.com\/de\/de-bank-details\/#breadcrumb\",\"itemListElement\":[{\"@type\":\"ListItem\",\"position\":1,\"name\":\"Home\",\"item\":\"https:\/\/itwgse.com\/de\/home\/\"},{\"@type\":\"ListItem\",\"position\":2,\"name\":\"[DE] Bank Details\"}]},{\"@type\":\"WebSite\",\"@id\":\"https:\/\/itwgse.com\/#website\",\"url\":\"https:\/\/itwgse.com\/\",\"name\":\"ITW GSE\",\"description\":\"It&#039;s all about connections\",\"publisher\":{\"@id\":\"https:\/\/itwgse.com\/#organization\"},\"potentialAction\":[{\"@type\":\"SearchAction\",\"target\":{\"@type\":\"EntryPoint\",\"urlTemplate\":\"https:\/\/itwgse.com\/?s={search_term_string}\"},\"query-input\":{\"@type\":\"PropertyValueSpecification\",\"valueRequired\":true,\"valueName\":\"search_term_string\"}}],\"inLanguage\":\"de\"},{\"@type\":\"Organization\",\"@id\":\"https:\/\/itwgse.com\/#organization\",\"name\":\"ITW GSE\",\"url\":\"https:\/\/itwgse.com\/\",\"logo\":{\"@type\":\"ImageObject\",\"inLanguage\":\"de\",\"@id\":\"https:\/\/itwgse.com\/#\/schema\/logo\/image\/\",\"url\":\"https:\/\/itwgse.com\/wp-content\/uploads\/2018\/11\/logo.png\",\"contentUrl\":\"https:\/\/itwgse.com\/wp-content\/uploads\/2018\/11\/logo.png\",\"width\":302,\"height\":237,\"caption\":\"ITW GSE\"},\"image\":{\"@id\":\"https:\/\/itwgse.com\/#\/schema\/logo\/image\/\"},\"sameAs\":[\"https:\/\/www.facebook.com\/ITWGSE\/\",\"https:\/\/www.linkedin.com\/company\/itw-gse\/\",\"https:\/\/www.youtube.com\/channel\/UCTUIMvyaOPfYIqzP8enZ8yw\"]}]}<\/script>\n<!-- \/ Yoast SEO plugin. -->","yoast_head_json":{"title":"Bankverbindung - Hier finden Sie unsere Kontodaten | ITW GSE","description":"Hier finden Sie unsere Bankverbindungen zu ITW GSE ApS und ITW GSE Inc. Beachten Sie auch die Anfragen zur \u00c4nderung der ITW GSE Bankverbindung. Lesen Sie mehr.","robots":{"index":"index","follow":"follow","max-snippet":"max-snippet:-1","max-image-preview":"max-image-preview:large","max-video-preview":"max-video-preview:-1"},"canonical":"https:\/\/itwgse.com\/de\/de-bank-details\/","og_locale":"de_DE","og_type":"article","og_title":"Bankverbindung - Hier finden Sie unsere Kontodaten | ITW GSE","og_description":"Hier finden Sie unsere Bankverbindungen zu ITW GSE ApS und ITW GSE Inc. Beachten Sie auch die Anfragen zur \u00c4nderung der ITW GSE Bankverbindung. Lesen Sie mehr.","og_url":"https:\/\/itwgse.com\/de\/de-bank-details\/","og_site_name":"ITW GSE","article_publisher":"https:\/\/www.facebook.com\/ITWGSE\/","twitter_card":"summary_large_image","schema":{"@context":"https:\/\/schema.org","@graph":[{"@type":"WebPage","@id":"https:\/\/itwgse.com\/de\/de-bank-details\/","url":"https:\/\/itwgse.com\/de\/de-bank-details\/","name":"Bankverbindung - Hier finden Sie unsere Kontodaten | ITW GSE","isPartOf":{"@id":"https:\/\/itwgse.com\/#website"},"datePublished":"2026-02-24T13:10:45+00:00","description":"Hier finden Sie unsere Bankverbindungen zu ITW GSE ApS und ITW GSE Inc. Beachten Sie auch die Anfragen zur \u00c4nderung der ITW GSE Bankverbindung. Lesen Sie mehr.","breadcrumb":{"@id":"https:\/\/itwgse.com\/de\/de-bank-details\/#breadcrumb"},"inLanguage":"de","potentialAction":[{"@type":"ReadAction","target":["https:\/\/itwgse.com\/de\/de-bank-details\/"]}]},{"@type":"BreadcrumbList","@id":"https:\/\/itwgse.com\/de\/de-bank-details\/#breadcrumb","itemListElement":[{"@type":"ListItem","position":1,"name":"Home","item":"https:\/\/itwgse.com\/de\/home\/"},{"@type":"ListItem","position":2,"name":"[DE] Bank Details"}]},{"@type":"WebSite","@id":"https:\/\/itwgse.com\/#website","url":"https:\/\/itwgse.com\/","name":"ITW GSE","description":"It&#039;s all about connections","publisher":{"@id":"https:\/\/itwgse.com\/#organization"},"potentialAction":[{"@type":"SearchAction","target":{"@type":"EntryPoint","urlTemplate":"https:\/\/itwgse.com\/?s={search_term_string}"},"query-input":{"@type":"PropertyValueSpecification","valueRequired":true,"valueName":"search_term_string"}}],"inLanguage":"de"},{"@type":"Organization","@id":"https:\/\/itwgse.com\/#organization","name":"ITW GSE","url":"https:\/\/itwgse.com\/","logo":{"@type":"ImageObject","inLanguage":"de","@id":"https:\/\/itwgse.com\/#\/schema\/logo\/image\/","url":"https:\/\/itwgse.com\/wp-content\/uploads\/2018\/11\/logo.png","contentUrl":"https:\/\/itwgse.com\/wp-content\/uploads\/2018\/11\/logo.png","width":302,"height":237,"caption":"ITW GSE"},"image":{"@id":"https:\/\/itwgse.com\/#\/schema\/logo\/image\/"},"sameAs":["https:\/\/www.facebook.com\/ITWGSE\/","https:\/\/www.linkedin.com\/company\/itw-gse\/","https:\/\/www.youtube.com\/channel\/UCTUIMvyaOPfYIqzP8enZ8yw"]}]}},"_links":{"self":[{"href":"https:\/\/itwgse.com\/de\/wp-json\/wp\/v2\/pages\/28746","targetHints":{"allow":["GET"]}}],"collection":[{"href":"https:\/\/itwgse.com\/de\/wp-json\/wp\/v2\/pages"}],"about":[{"href":"https:\/\/itwgse.com\/de\/wp-json\/wp\/v2\/types\/page"}],"author":[{"embeddable":true,"href":"https:\/\/itwgse.com\/de\/wp-json\/wp\/v2\/users\/1"}],"replies":[{"embeddable":true,"href":"https:\/\/itwgse.com\/de\/wp-json\/wp\/v2\/comments?post=28746"}],"version-history":[{"count":0,"href":"https:\/\/itwgse.com\/de\/wp-json\/wp\/v2\/pages\/28746\/revisions"}],"wp:attachment":[{"href":"https:\/\/itwgse.com\/de\/wp-json\/wp\/v2\/media?parent=28746"}],"curies":[{"name":"wp","href":"https:\/\/api.w.org\/{rel}","templated":true}]}}