{"id":28753,"date":"2026-02-24T14:11:06","date_gmt":"2026-02-24T13:11:06","guid":{"rendered":"https:\/\/itwgse.com\/geschichte-der-marke-houchin\/"},"modified":"2026-02-24T14:11:06","modified_gmt":"2026-02-24T13:11:06","slug":"geschichte-der-marke-houchin","status":"publish","type":"page","link":"https:\/\/itwgse.com\/de\/geschichte-der-marke-houchin\/","title":{"rendered":"Geschichte der Marke Houchin"},"content":{"rendered":"<div id=\"pl-28753\"  class=\"panel-layout\" ><div id=\"pg-28753-0\"  class=\"panel-grid panel-no-style\" ><div id=\"pgc-28753-0-0\"  class=\"panel-grid-cell\" ><div id=\"panel-28753-0-0-0\" class=\"so-panel widget widget_mtt-cover-section panel-first-child panel-last-child\" data-index=\"0\" ><div\n\t\t\t\n\t\t\tclass=\"so-widget-mtt-cover-section so-widget-mtt-cover-section-base\"\n\t\t\t\n\t\t>\n<div class=\"mtt-cover-section-wrap compact\">\n\t<div class=\"mtt-cover-curve\">\n\t\t<img decoding=\"async\"  src=\"https:\/\/itwgse.com\/wp-content\/themes\/mtt-standard-theme\/assets\/img\/cover\/itwgse_cut.svg\">\t<\/div>\n    <div class=\"mtt-cover-compact-background object-fit overlay\">\n                            <div class=\"mtt-cover-compact-image object-fit\">\n                <img decoding=\"async\"\n                    src=\"https:\/\/itwgse.com\/wp-content\/uploads\/2021\/02\/Houchin-4400_cover.png\"\n                    data-skip-lazy\n                    alt=\"\"\n                >\n            <\/div>\n                    <\/div>\n    <div class=\"mtt-cover-compact-container\">\n        <div class=\"mtt-cover-section-text\">\n            <h1>Houchin<\/h1>\n                                <div class=\"text\"><p>Eine alte Marke von ITW GSE<\/p>\n<p>Lesen Sie die Geschichte von Houchin, die 100 Jahre zur\u00fcckreicht!<\/p>\n<\/div>\n                            <\/div>\n    <\/div>\n<\/div>\n<\/div><\/div><\/div><\/div><div id=\"pg-28753-1\"  class=\"panel-grid panel-no-style\" ><div id=\"pgc-28753-1-0\"  class=\"panel-grid-cell\" ><div id=\"panel-28753-1-0-0\" class=\"so-panel widget widget_mtt-text-image panel-first-child\" data-index=\"1\" ><div\n\t\t\t\n\t\t\tclass=\"so-widget-mtt-text-image so-widget-mtt-text-image-base\"\n\t\t\t\n\t\t>\n<div class=\"mtt-text-image-wrap no-top-padding no-bottom-padding\">\n        <!-- Content -->\n    <div class=\"mtt-text-image-container\">\n        <div class=\"mtt-text-image-col\">\n            <div class=\"mtt-text-image-content formatted_content\">\n                <div class=\"tagline\">Die alte Marke ITW GSE<\/div>                <h2>Geschichte \u00fcber die Marke Houchin<\/h2>\n                <p>Houchin Aerospace wurde 1921 Zur\u00fcck in London gegr\u00fcndet, um rotierende Maschinen herzustellen und zu installieren.<\/p>\n<p>W\u00e4hrend des Zweiten Weltkriegs begann Houchin, sich mit Flugzeug-Startpackungen zu besch\u00e4ftigen.<br \/>In den sp\u00e4ten 1950er Jahren zog das Unternehmen schlie\u00dflich nach Ashford in eine neue Fabrik um, die speziell f\u00fcr die Herstellung von dieselbetriebenen Ground Support Equipment f\u00fcr Flugzeuge gebaut wurde.<\/p>\n<p>Houchin kam 2005 zu ITW.<\/p>\n\n                            <\/div>\n        <\/div>\n                    <div class=\"mtt-text-image-col img center\">\n                <div class=\"mtt-text-image-content\">\n                    <img decoding=\"async\" width=\"2560\" height=\"1810\" src=\"https:\/\/itwgse.com\/wp-content\/uploads\/2021\/02\/George-Beasley-on-a-604-scaled.jpg\" class=\"attachment-full size-full\" alt=\"\" srcset=\"https:\/\/itwgse.com\/wp-content\/uploads\/2021\/02\/George-Beasley-on-a-604-scaled.jpg 2560w, https:\/\/itwgse.com\/wp-content\/uploads\/2021\/02\/George-Beasley-on-a-604-scaled-300x212.jpg 300w, https:\/\/itwgse.com\/wp-content\/uploads\/2021\/02\/George-Beasley-on-a-604-scaled-1024x724.jpg 1024w\" sizes=\"(max-width: 2560px) 100vw, 2560px\" \/>                \n                    \n                    \n                <\/div>\n            <\/div>\n            <\/div>\n<\/div>\n\n<script>\nfunction sendEvent(action, element) {\n    var videoTitle = jQuery(element).data('title');  \n\n    if (dataLayer && videoTitle) {\n        dataLayer.push({\n            'event': 'video',\n            'eventCategory': 'Video',\n            'eventAction': action,\n            'eventLabel': videoTitle\n        });\n    }\n    else if (ga && videoTitle) {\n        ga('send', 'event', 'Video', action, videoTitle);\n    }  \n}\n<\/script>\n<\/div><\/div><div id=\"panel-28753-1-0-1\" class=\"so-panel widget widget_mtt-text-image\" data-index=\"2\" ><div\n\t\t\t\n\t\t\tclass=\"so-widget-mtt-text-image so-widget-mtt-text-image-base\"\n\t\t\t\n\t\t>\n<div class=\"mtt-text-image-wrap flip no-top-padding less-bottom-padding\">\n        <!-- Content -->\n    <div class=\"mtt-text-image-container\">\n        <div class=\"mtt-text-image-col\">\n            <div class=\"mtt-text-image-content formatted_content\">\n                                \n                <p>Houchin war ein starker Markenname, der in der ganzen Welt anerkannt und respektiert wurde. Das britische Werk stellte die Produktion 2015 ein und die Produktion wurde in das Werk in Palmetto verlagert.<br \/>2018 wurde Houchin in ITW GSE aufgegangen und die Ger\u00e4te entsprechend gebrandmarkt. <\/p>\n<p>Zu den ehemaligen Kunden von Houchin geh\u00f6ren Fluggesellschaften, Bodenabfertigungsunternehmen, Leasingfirmen, Flugh\u00e4fen und milit\u00e4rische Organisationen in Europa, Afrika und dem Nahen Osten.<\/p>\n<p>Seit der Umbenennung von Houchin, <a href=\"https:\/\/itwgse.com\/history-axa-power-brand\/\" target=\"_blank\" rel=\"noopener\">AXA Power<\/a> und <a href=\"https:\/\/itwgse.com\/history-hobart-ground-power-brand\/\" target=\"_blank\" rel=\"noopener\">Hobart<\/a> in ITW GSE haben wir den bestm\u00f6glichen Service f\u00fcr die Wartung der Houchin-Einheiten, die immer noch weltweit im Einsatz sind, durch <a href=\"https:\/\/itwgse.com\/our-team\/\" target=\"_blank\" rel=\"noopener\">Servicetechniker<\/a> in Europa, im asiatisch-pazifischen Raum und im Nahen Osten sowie durch unser globales Vertriebsnetz sichergestellt.<\/p>\n<h3>Sie suchen ein neues Ger\u00e4t?<\/h3>\n<p>Werfen Sie einen Blick auf die <a href=\"https:\/\/itwgse.com\/ground-power-units\/\" target=\"_blank\" rel=\"noopener\">ITW GSE Ground Power Units<\/a>.<\/p>\n\n                                    <div class=\"button-wrap\">\n                                                    <a href=\"Beitrag: 45\" class=\"button\">\n                                Finden Sie neue Leistungstr\u00e4ger                            <\/a>\n                                                    <a href=\"Beitrag: 17175\" class=\"button\">\n                                Unterst\u00fctzung erhalten                            <\/a>\n                                            <\/div>\n                            <\/div>\n        <\/div>\n                    <div class=\"mtt-text-image-col img center\">\n                <div class=\"mtt-text-image-content\">\n                    <img decoding=\"async\" width=\"2560\" height=\"1815\" src=\"https:\/\/itwgse.com\/wp-content\/uploads\/2021\/02\/Houchin-Brochure-circa-1985-1-scaled.jpg\" class=\"attachment-full size-full\" alt=\"houchin advertising\" srcset=\"https:\/\/itwgse.com\/wp-content\/uploads\/2021\/02\/Houchin-Brochure-circa-1985-1-scaled.jpg 2560w, https:\/\/itwgse.com\/wp-content\/uploads\/2021\/02\/Houchin-Brochure-circa-1985-1-scaled-300x213.jpg 300w, https:\/\/itwgse.com\/wp-content\/uploads\/2021\/02\/Houchin-Brochure-circa-1985-1-scaled-1024x726.jpg 1024w\" sizes=\"(max-width: 2560px) 100vw, 2560px\" \/>                \n                    \n                    \n                <\/div>\n            <\/div>\n            <\/div>\n<\/div>\n\n<script>\nfunction sendEvent(action, element) {\n    var videoTitle = jQuery(element).data('title');  \n\n    if (dataLayer && videoTitle) {\n        dataLayer.push({\n            'event': 'video',\n            'eventCategory': 'Video',\n            'eventAction': action,\n            'eventLabel': videoTitle\n        });\n    }\n    else if (ga && videoTitle) {\n        ga('send', 'event', 'Video', action, videoTitle);\n    }  \n}\n<\/script>\n<\/div><\/div><div id=\"panel-28753-1-0-2\" class=\"so-panel widget widget_mtt-text-image\" data-index=\"3\" ><div\n\t\t\t\n\t\t\tclass=\"so-widget-mtt-text-image so-widget-mtt-text-image-base\"\n\t\t\t\n\t\t>\n<div class=\"mtt-text-image-wrap no-bottom-padding\">\n        <!-- Content -->\n    <div class=\"mtt-text-image-container\">\n        <div class=\"mtt-text-image-col\">\n            <div class=\"mtt-text-image-content formatted_content\">\n                                <h2>Ein Spaziergang in die Vergangenheit<\/h2>\n                <p>Da wir in der Luftfahrtbranche t\u00e4tig sind, lieben wir das Reisen und hei\u00dfen Sie daher herzlich willkommen zu einer Reise in die Vergangenheit.<\/p>\n<p>W\u00e4hrend der Fahrt sehen Sie eine alte Houchin-Brosch\u00fcre und einige alte Fotos aus alten Zeiten.<\/p>\n\n                                    <div class=\"button-wrap\">\n                                                    <a href=\"https:\/\/itwgse.com\/wp-content\/uploads\/2021\/02\/Houchin-brochure-old.pdf\" class=\"button\">\n                                Verm\u00e4chtnis Houchin Brosch\u00fcre                            <\/a>\n                                            <\/div>\n                            <\/div>\n        <\/div>\n                    <div class=\"mtt-text-image-col img\">\n                <div class=\"mtt-text-image-content\">\n                    <img decoding=\"async\" width=\"2560\" height=\"1810\" src=\"https:\/\/itwgse.com\/wp-content\/uploads\/2021\/02\/Mick-Potten-3-scaled.jpg\" class=\"attachment-full size-full\" alt=\"\" srcset=\"https:\/\/itwgse.com\/wp-content\/uploads\/2021\/02\/Mick-Potten-3-scaled.jpg 2560w, https:\/\/itwgse.com\/wp-content\/uploads\/2021\/02\/Mick-Potten-3-scaled-300x212.jpg 300w, https:\/\/itwgse.com\/wp-content\/uploads\/2021\/02\/Mick-Potten-3-scaled-1024x724.jpg 1024w\" sizes=\"(max-width: 2560px) 100vw, 2560px\" \/>                \n                    \n                    \n                <\/div>\n            <\/div>\n            <\/div>\n<\/div>\n\n<script>\nfunction sendEvent(action, element) {\n    var videoTitle = jQuery(element).data('title');  \n\n    if (dataLayer && videoTitle) {\n        dataLayer.push({\n            'event': 'video',\n            'eventCategory': 'Video',\n            'eventAction': action,\n            'eventLabel': videoTitle\n        });\n    }\n    else if (ga && videoTitle) {\n        ga('send', 'event', 'Video', action, videoTitle);\n    }  \n}\n<\/script>\n<\/div><\/div><div id=\"panel-28753-1-0-3\" class=\"so-panel widget widget_mtt-two-col-text panel-last-child\" data-index=\"4\" ><div\n\t\t\t\n\t\t\tclass=\"so-widget-mtt-two-col-text so-widget-mtt-two-col-text-base\"\n\t\t\t\n\t\t>\n<div class=\"mtt-two-col-wrapper\">\n    <div class=\"mtt-two-col-container\">\n        <div class=\"mtt-two-col-content\">\n                        <div class=\"text-section\">\n                <div class=\"col formatted_content\"><p><img decoding=\"async\" class=\"aligncenter wp-image-16286 size-large\" src=\"https:\/\/itwgse.com\/wp-content\/uploads\/2021\/02\/Houchin-Newsletter-No.3-Feb-1974-Page-1-scaled-724x1024.jpg\" alt=\"\" width=\"724\" height=\"1024\" srcset=\"https:\/\/itwgse.com\/wp-content\/uploads\/2021\/02\/Houchin-Newsletter-No.3-Feb-1974-Page-1-scaled-724x1024.jpg 724w, https:\/\/itwgse.com\/wp-content\/uploads\/2021\/02\/Houchin-Newsletter-No.3-Feb-1974-Page-1-scaled-212x300.jpg 212w, https:\/\/itwgse.com\/wp-content\/uploads\/2021\/02\/Houchin-Newsletter-No.3-Feb-1974-Page-1-scaled.jpg 1810w\" sizes=\"(max-width: 724px) 100vw, 724px\" \/><\/p>\n<\/div>\n                <div class=\"col formatted_content\"><p><img decoding=\"async\" class=\"aligncenter wp-image-16292 size-large\" src=\"https:\/\/itwgse.com\/wp-content\/uploads\/2021\/02\/Model-265-scaled-744x1024.jpg\" alt=\"Alte Modelle h\u00fcten\" width=\"744\" height=\"1024\" srcset=\"https:\/\/itwgse.com\/wp-content\/uploads\/2021\/02\/Model-265-scaled-744x1024.jpg 744w, https:\/\/itwgse.com\/wp-content\/uploads\/2021\/02\/Model-265-scaled-218x300.jpg 218w, https:\/\/itwgse.com\/wp-content\/uploads\/2021\/02\/Model-265-scaled.jpg 1860w\" sizes=\"(max-width: 744px) 100vw, 744px\" \/><\/p>\n                                    <\/div>\n            <\/div>\n                    <\/div>\n    <\/div>\n<\/div><\/div><\/div><\/div><\/div><div id=\"pg-28753-2\"  class=\"panel-grid panel-no-style\" ><div id=\"pgc-28753-2-0\"  class=\"panel-grid-cell\" ><div id=\"panel-28753-2-0-0\" class=\"so-panel widget widget_mtt-customer-support panel-first-child panel-last-child\" data-index=\"5\" ><div\n\t\t\t\n\t\t\tclass=\"so-widget-mtt-customer-support so-widget-mtt-customer-support-base\"\n\t\t\t\n\t\t>\n<div class=\"mtt-text-image-wrap less-top-padding less-bottom-padding grey-bg\">\n        <!-- Content -->\n    <div class=\"mtt-text-image-container\">\n        <div class=\"mtt-text-image-col\">\n            <div class=\"mtt-text-image-content formatted_content\">\n                                <h2>Kundenservice<\/h2>\n                <p><strong>Wie k\u00f6nnen wir Ihnen helfen?<\/strong><\/p>\n<p>Ben\u00f6tigen Sie Schaltpl\u00e4ne, Ersatzteillisten oder Anleitungsvideos? Nutzen Sie die Schaltfl\u00e4che \u201eProdukthilfe\u201c.<\/p>\n<p>Haben Sie Fragen an den Kundenservice? Nutzen Sie die Schaltfl\u00e4che \u201eKundenservice kontaktieren\u201c. Falls sich Ihre Frage auf ein bestimmtes Produkt bezieht, geben Sie bitte die Seriennummer an.<\/p>\n\n                                    <div class=\"button-wrap\">\n                                                    <a href=\"https:\/\/itwgse.com\/de\/support-and-service\/\" class=\"button\">\n                                Produkthilfe                            <\/a>\n                                                    <a href=\"https:\/\/itwgse.com\/de\/kontakt\/\" class=\"button\">\n                                Kundenservice kontaktieren                            <\/a>\n                                            <\/div>\n                            <\/div>\n        <\/div>\n                    <div class=\"mtt-text-image-col img center\">\n                <div class=\"mtt-text-image-content\">\n                    <img decoding=\"async\" width=\"1800\" height=\"1023\" src=\"https:\/\/itwgse.com\/wp-content\/uploads\/2018\/06\/ITWGSE_hero_cleanest-1.jpg\" class=\"attachment-full size-full\" alt=\"7400 low noice JK\" srcset=\"https:\/\/itwgse.com\/wp-content\/uploads\/2018\/06\/ITWGSE_hero_cleanest-1.jpg 1800w, https:\/\/itwgse.com\/wp-content\/uploads\/2018\/06\/ITWGSE_hero_cleanest-1-300x171.jpg 300w, https:\/\/itwgse.com\/wp-content\/uploads\/2018\/06\/ITWGSE_hero_cleanest-1-1024x582.jpg 1024w\" sizes=\"(max-width: 1800px) 100vw, 1800px\" \/>                \n                    \n                    \n                <\/div>\n            <\/div>\n            <\/div>\n<\/div>\n\n<script>\nfunction sendEvent(action, element) {\n    var videoTitle = jQuery(element).data('title');  \n\n    if (dataLayer && videoTitle) {\n        dataLayer.push({\n            'event': 'video',\n            'eventCategory': 'Video',\n            'eventAction': action,\n            'eventLabel': videoTitle\n        });\n    }\n    else if (ga && videoTitle) {\n        ga('send', 'event', 'Video', action, videoTitle);\n    }  \n}\n<\/script>\n<\/div><\/div><\/div><\/div><\/div>","protected":false},"excerpt":{"rendered":"<p>Houchin Eine alte Marke von ITW GSE Lesen Sie die Geschichte von Houchin, die 100 Jahre zur\u00fcckreicht! Die alte Marke ITW GSE Geschichte \u00fcber&#8230;<\/p>\n","protected":false},"author":1,"featured_media":0,"parent":0,"menu_order":229,"comment_status":"closed","ping_status":"closed","template":"","meta":{"_acf_changed":false,"_relevanssi_hide_post":"","_relevanssi_hide_content":"","_relevanssi_pin_for_all":"","_relevanssi_pin_keywords":"","_relevanssi_unpin_keywords":"","_relevanssi_related_keywords":"","_relevanssi_related_include_ids":"","_relevanssi_related_exclude_ids":"","_relevanssi_related_no_append":"","_relevanssi_related_not_related":"","_relevanssi_related_posts":"","_relevanssi_noindex_reason":"","footnotes":""},"class_list":["post-28753","page","type-page","status-publish","hentry"],"acf":[],"yoast_head":"<!-- This site is optimized with the Yoast SEO plugin v27.0 - https:\/\/yoast.com\/product\/yoast-seo-wordpress\/ -->\n<title>Houchin - Geschichte der Marke Houchin | ITW GSE<\/title>\n<meta name=\"description\" content=\"Houchin beliefert Fluggesellschaften, Bodenabfertigungsunternehmen, Leasingfirmen, Flugh\u00e4fen und milit\u00e4rische Organisationen in Europa, Afrika und dem Nahen Osten.\" \/>\n<meta name=\"robots\" content=\"index, follow, max-snippet:-1, max-image-preview:large, max-video-preview:-1\" \/>\n<link rel=\"canonical\" href=\"https:\/\/itwgse.com\/de\/geschichte-der-marke-houchin\/\" \/>\n<meta property=\"og:locale\" content=\"de_DE\" \/>\n<meta property=\"og:type\" content=\"article\" \/>\n<meta property=\"og:title\" content=\"Houchin - Geschichte der Marke Houchin | ITW GSE\" \/>\n<meta property=\"og:description\" content=\"Houchin beliefert Fluggesellschaften, Bodenabfertigungsunternehmen, Leasingfirmen, Flugh\u00e4fen und milit\u00e4rische Organisationen in Europa, Afrika und dem Nahen Osten.\" \/>\n<meta property=\"og:url\" content=\"https:\/\/itwgse.com\/de\/geschichte-der-marke-houchin\/\" \/>\n<meta property=\"og:site_name\" content=\"ITW GSE\" \/>\n<meta property=\"article:publisher\" content=\"https:\/\/www.facebook.com\/ITWGSE\/\" \/>\n<meta name=\"twitter:card\" content=\"summary_large_image\" \/>\n<script type=\"application\/ld+json\" class=\"yoast-schema-graph\">{\"@context\":\"https:\/\/schema.org\",\"@graph\":[{\"@type\":\"WebPage\",\"@id\":\"https:\/\/itwgse.com\/de\/geschichte-der-marke-houchin\/\",\"url\":\"https:\/\/itwgse.com\/de\/geschichte-der-marke-houchin\/\",\"name\":\"Houchin - Geschichte der Marke Houchin | ITW GSE\",\"isPartOf\":{\"@id\":\"https:\/\/itwgse.com\/#website\"},\"datePublished\":\"2026-02-24T13:11:06+00:00\",\"description\":\"Houchin beliefert Fluggesellschaften, Bodenabfertigungsunternehmen, Leasingfirmen, Flugh\u00e4fen und milit\u00e4rische Organisationen in Europa, Afrika und dem Nahen Osten.\",\"breadcrumb\":{\"@id\":\"https:\/\/itwgse.com\/de\/geschichte-der-marke-houchin\/#breadcrumb\"},\"inLanguage\":\"de\",\"potentialAction\":[{\"@type\":\"ReadAction\",\"target\":[\"https:\/\/itwgse.com\/de\/geschichte-der-marke-houchin\/\"]}]},{\"@type\":\"BreadcrumbList\",\"@id\":\"https:\/\/itwgse.com\/de\/geschichte-der-marke-houchin\/#breadcrumb\",\"itemListElement\":[{\"@type\":\"ListItem\",\"position\":1,\"name\":\"Home\",\"item\":\"https:\/\/itwgse.com\/de\/home\/\"},{\"@type\":\"ListItem\",\"position\":2,\"name\":\"Geschichte der Marke Houchin\"}]},{\"@type\":\"WebSite\",\"@id\":\"https:\/\/itwgse.com\/#website\",\"url\":\"https:\/\/itwgse.com\/\",\"name\":\"ITW GSE\",\"description\":\"It&#039;s all about connections\",\"publisher\":{\"@id\":\"https:\/\/itwgse.com\/#organization\"},\"potentialAction\":[{\"@type\":\"SearchAction\",\"target\":{\"@type\":\"EntryPoint\",\"urlTemplate\":\"https:\/\/itwgse.com\/?s={search_term_string}\"},\"query-input\":{\"@type\":\"PropertyValueSpecification\",\"valueRequired\":true,\"valueName\":\"search_term_string\"}}],\"inLanguage\":\"de\"},{\"@type\":\"Organization\",\"@id\":\"https:\/\/itwgse.com\/#organization\",\"name\":\"ITW GSE\",\"url\":\"https:\/\/itwgse.com\/\",\"logo\":{\"@type\":\"ImageObject\",\"inLanguage\":\"de\",\"@id\":\"https:\/\/itwgse.com\/#\/schema\/logo\/image\/\",\"url\":\"https:\/\/itwgse.com\/wp-content\/uploads\/2018\/11\/logo.png\",\"contentUrl\":\"https:\/\/itwgse.com\/wp-content\/uploads\/2018\/11\/logo.png\",\"width\":302,\"height\":237,\"caption\":\"ITW GSE\"},\"image\":{\"@id\":\"https:\/\/itwgse.com\/#\/schema\/logo\/image\/\"},\"sameAs\":[\"https:\/\/www.facebook.com\/ITWGSE\/\",\"https:\/\/www.linkedin.com\/company\/itw-gse\/\",\"https:\/\/www.youtube.com\/channel\/UCTUIMvyaOPfYIqzP8enZ8yw\"]}]}<\/script>\n<!-- \/ Yoast SEO plugin. -->","yoast_head_json":{"title":"Houchin - Geschichte der Marke Houchin | ITW GSE","description":"Houchin beliefert Fluggesellschaften, Bodenabfertigungsunternehmen, Leasingfirmen, Flugh\u00e4fen und milit\u00e4rische Organisationen in Europa, Afrika und dem Nahen Osten.","robots":{"index":"index","follow":"follow","max-snippet":"max-snippet:-1","max-image-preview":"max-image-preview:large","max-video-preview":"max-video-preview:-1"},"canonical":"https:\/\/itwgse.com\/de\/geschichte-der-marke-houchin\/","og_locale":"de_DE","og_type":"article","og_title":"Houchin - Geschichte der Marke Houchin | ITW GSE","og_description":"Houchin beliefert Fluggesellschaften, Bodenabfertigungsunternehmen, Leasingfirmen, Flugh\u00e4fen und milit\u00e4rische Organisationen in Europa, Afrika und dem Nahen Osten.","og_url":"https:\/\/itwgse.com\/de\/geschichte-der-marke-houchin\/","og_site_name":"ITW GSE","article_publisher":"https:\/\/www.facebook.com\/ITWGSE\/","twitter_card":"summary_large_image","schema":{"@context":"https:\/\/schema.org","@graph":[{"@type":"WebPage","@id":"https:\/\/itwgse.com\/de\/geschichte-der-marke-houchin\/","url":"https:\/\/itwgse.com\/de\/geschichte-der-marke-houchin\/","name":"Houchin - Geschichte der Marke Houchin | ITW GSE","isPartOf":{"@id":"https:\/\/itwgse.com\/#website"},"datePublished":"2026-02-24T13:11:06+00:00","description":"Houchin beliefert Fluggesellschaften, Bodenabfertigungsunternehmen, Leasingfirmen, Flugh\u00e4fen und milit\u00e4rische Organisationen in Europa, Afrika und dem Nahen Osten.","breadcrumb":{"@id":"https:\/\/itwgse.com\/de\/geschichte-der-marke-houchin\/#breadcrumb"},"inLanguage":"de","potentialAction":[{"@type":"ReadAction","target":["https:\/\/itwgse.com\/de\/geschichte-der-marke-houchin\/"]}]},{"@type":"BreadcrumbList","@id":"https:\/\/itwgse.com\/de\/geschichte-der-marke-houchin\/#breadcrumb","itemListElement":[{"@type":"ListItem","position":1,"name":"Home","item":"https:\/\/itwgse.com\/de\/home\/"},{"@type":"ListItem","position":2,"name":"Geschichte der Marke Houchin"}]},{"@type":"WebSite","@id":"https:\/\/itwgse.com\/#website","url":"https:\/\/itwgse.com\/","name":"ITW GSE","description":"It&#039;s all about connections","publisher":{"@id":"https:\/\/itwgse.com\/#organization"},"potentialAction":[{"@type":"SearchAction","target":{"@type":"EntryPoint","urlTemplate":"https:\/\/itwgse.com\/?s={search_term_string}"},"query-input":{"@type":"PropertyValueSpecification","valueRequired":true,"valueName":"search_term_string"}}],"inLanguage":"de"},{"@type":"Organization","@id":"https:\/\/itwgse.com\/#organization","name":"ITW GSE","url":"https:\/\/itwgse.com\/","logo":{"@type":"ImageObject","inLanguage":"de","@id":"https:\/\/itwgse.com\/#\/schema\/logo\/image\/","url":"https:\/\/itwgse.com\/wp-content\/uploads\/2018\/11\/logo.png","contentUrl":"https:\/\/itwgse.com\/wp-content\/uploads\/2018\/11\/logo.png","width":302,"height":237,"caption":"ITW GSE"},"image":{"@id":"https:\/\/itwgse.com\/#\/schema\/logo\/image\/"},"sameAs":["https:\/\/www.facebook.com\/ITWGSE\/","https:\/\/www.linkedin.com\/company\/itw-gse\/","https:\/\/www.youtube.com\/channel\/UCTUIMvyaOPfYIqzP8enZ8yw"]}]}},"_links":{"self":[{"href":"https:\/\/itwgse.com\/de\/wp-json\/wp\/v2\/pages\/28753","targetHints":{"allow":["GET"]}}],"collection":[{"href":"https:\/\/itwgse.com\/de\/wp-json\/wp\/v2\/pages"}],"about":[{"href":"https:\/\/itwgse.com\/de\/wp-json\/wp\/v2\/types\/page"}],"author":[{"embeddable":true,"href":"https:\/\/itwgse.com\/de\/wp-json\/wp\/v2\/users\/1"}],"replies":[{"embeddable":true,"href":"https:\/\/itwgse.com\/de\/wp-json\/wp\/v2\/comments?post=28753"}],"version-history":[{"count":0,"href":"https:\/\/itwgse.com\/de\/wp-json\/wp\/v2\/pages\/28753\/revisions"}],"wp:attachment":[{"href":"https:\/\/itwgse.com\/de\/wp-json\/wp\/v2\/media?parent=28753"}],"curies":[{"name":"wp","href":"https:\/\/api.w.org\/{rel}","templated":true}]}}