{"id":28759,"date":"2026-02-24T14:11:10","date_gmt":"2026-02-24T13:11:10","guid":{"rendered":"https:\/\/itwgse.com\/geschichte-der-marke-hobart\/"},"modified":"2026-02-24T14:11:10","modified_gmt":"2026-02-24T13:11:10","slug":"geschichte-der-marke-hobart","status":"publish","type":"page","link":"https:\/\/itwgse.com\/de\/geschichte-der-marke-hobart\/","title":{"rendered":"Geschichte der Marke Hobart"},"content":{"rendered":"<div id=\"pl-28759\"  class=\"panel-layout\" ><div id=\"pg-28759-0\"  class=\"panel-grid panel-no-style\" ><div id=\"pgc-28759-0-0\"  class=\"panel-grid-cell\" ><div id=\"panel-28759-0-0-0\" class=\"so-panel widget widget_mtt-cover-section panel-first-child panel-last-child\" data-index=\"0\" ><div\n\t\t\t\n\t\t\tclass=\"so-widget-mtt-cover-section so-widget-mtt-cover-section-base\"\n\t\t\t\n\t\t>\n<div class=\"mtt-cover-section-wrap compact\">\n\t<div class=\"mtt-cover-curve\">\n\t\t<img decoding=\"async\"  src=\"https:\/\/itwgse.com\/wp-content\/themes\/mtt-standard-theme\/assets\/img\/cover\/itwgse_cut.svg\">\t<\/div>\n    <div class=\"mtt-cover-compact-background object-fit overlay\">\n                            <div class=\"mtt-cover-compact-image object-fit\">\n                <img decoding=\"async\"\n                    src=\"https:\/\/itwgse.com\/wp-content\/uploads\/2021\/02\/hobart-4400-gpu-vs4.png\"\n                    data-skip-lazy\n                    alt=\"\"\n                >\n            <\/div>\n                    <\/div>\n    <div class=\"mtt-cover-compact-container\">\n        <div class=\"mtt-cover-section-text\">\n            <h1>Hobart Bodenstromaggregat<\/h1>\n                                <div class=\"text\"><p>Hobart war 1946 der erste Hersteller von Bodenstromger\u00e4ten f\u00fcr Flugzeuge in den Vereinigten Staaten.<\/p>\n<p>Jetzt eine \u00e4ltere Marke von ITW GSE.<\/p>\n<\/div>\n                            <\/div>\n    <\/div>\n<\/div>\n<\/div><\/div><\/div><\/div><div id=\"pg-28759-1\"  class=\"panel-grid panel-no-style\" ><div id=\"pgc-28759-1-0\"  class=\"panel-grid-cell\" ><div id=\"panel-28759-1-0-0\" class=\"so-panel widget widget_mtt-text-image panel-first-child\" data-index=\"1\" ><div\n\t\t\t\n\t\t\tclass=\"so-widget-mtt-text-image so-widget-mtt-text-image-base\"\n\t\t\t\n\t\t>\n<div class=\"mtt-text-image-wrap no-top-padding no-bottom-padding\">\n        <!-- Content -->\n    <div class=\"mtt-text-image-container\">\n        <div class=\"mtt-text-image-col\">\n            <div class=\"mtt-text-image-content formatted_content\">\n                <div class=\"tagline\">Verm\u00e4chtnis Marke<\/div>                <h2>Geschichte der Hobart Ground Power<\/h2>\n                <p><strong>Seit 1946<\/strong> entwickelt Hobart st\u00e4ndig neue Produkte, um den sich st\u00e4ndig \u00e4ndernden Anforderungen der Luft- und Raumfahrtindustrie gerecht zu werden.<\/p>\n<p>Die GPUs von Hobart wurden entwickelt, um Wechsel- oder Gleichstrom mit der neuesten Engine Drive- und Solid State-Technologie zu liefern. Sie eignen sich f\u00fcr Flugzeugplattformen im kommerziellen, allgemeinen, gesch\u00e4ftlichen und milit\u00e4rischen Bereich.<\/p>\n<p><strong>Im Jahr 1996<\/strong> \u00fcbernahm ITW die Firma Hobart Ground Power.<\/p>\n<p><strong>Im Jahr 2012<\/strong> wurde die Produktion von Troy, Ohio, nach Palmetto, Florida, in das ITW-eigene Werk von Trilectron\/Air-a-plane und ITW Military GSE verlagert. Durch die Neugestaltung der Montagelinien konnte die Produktivit\u00e4t gesteigert werden, so dass die Kunden von ITW Military GSE mit Standard-GPUs der Marke Hobart bedient werden konnten. <\/p>\n\n                            <\/div>\n        <\/div>\n                    <div class=\"mtt-text-image-col img center\">\n                <div class=\"mtt-text-image-content\">\n                    <img decoding=\"async\" width=\"1378\" height=\"768\" src=\"https:\/\/itwgse.com\/wp-content\/uploads\/2020\/11\/Hobart-Legacy-GPU.jpg\" class=\"attachment-full size-full\" alt=\"Old Hobart GPU\" srcset=\"https:\/\/itwgse.com\/wp-content\/uploads\/2020\/11\/Hobart-Legacy-GPU.jpg 1378w, https:\/\/itwgse.com\/wp-content\/uploads\/2020\/11\/Hobart-Legacy-GPU-300x167.jpg 300w, https:\/\/itwgse.com\/wp-content\/uploads\/2020\/11\/Hobart-Legacy-GPU-1024x571.jpg 1024w\" sizes=\"(max-width: 1378px) 100vw, 1378px\" \/>                \n                    \n                    \n                <\/div>\n            <\/div>\n            <\/div>\n<\/div>\n\n<script>\nfunction sendEvent(action, element) {\n    var videoTitle = jQuery(element).data('title');  \n\n    if (dataLayer && videoTitle) {\n        dataLayer.push({\n            'event': 'video',\n            'eventCategory': 'Video',\n            'eventAction': action,\n            'eventLabel': videoTitle\n        });\n    }\n    else if (ga && videoTitle) {\n        ga('send', 'event', 'Video', action, videoTitle);\n    }  \n}\n<\/script>\n<\/div><\/div><div id=\"panel-28759-1-0-1\" class=\"so-panel widget widget_mtt-two-col-text\" data-index=\"2\" ><div\n\t\t\t\n\t\t\tclass=\"so-widget-mtt-two-col-text so-widget-mtt-two-col-text-base\"\n\t\t\t\n\t\t>\n<div class=\"mtt-two-col-wrapper no-top-padding\">\n    <div class=\"mtt-two-col-container\">\n        <div class=\"mtt-two-col-content\">\n                        <div class=\"text-section\">\n                <div class=\"col formatted_content\"><h3>Sie suchen ein neues Ger\u00e4t?<\/h3>\n<p>Sehen Sie sich die <a href=\"https:\/\/itwgse.com\/ground-power-units\/\" target=\"_blank\" rel=\"noopener\">ITW GSE Ground Power Units<\/a> und die <a href=\"https:\/\/itwgse.com\/pre-conditioned-air\/\" target=\"_blank\" rel=\"noopener\">ITW GSE Pre-Conditioned Air Units<\/a> an.<\/p>\n<\/div>\n                <div class=\"col formatted_content\"><h3>Youtube-Wiedergabeliste mit Hobart-Videos<\/h3>\n<p>Wir haben eine kleine Sammlung von <a href=\"https:\/\/youtube.com\/playlist?list=PLwNBf240aE8wxYGiONKoFRUp8bsvlMnZE\" target=\"_blank\" rel=\"noopener\">Hobart-Videos<\/a> f\u00fcr Sie auf unserem <a href=\"https:\/\/www.youtube.com\/user\/ITWGSE\" target=\"_blank\" rel=\"noopener\">ITW GSE Youtube-Kanal<\/a> zusammengestellt - viel Spa\u00df!<\/p>\n                                    <\/div>\n            <\/div>\n                    <\/div>\n    <\/div>\n<\/div><\/div><\/div><div id=\"panel-28759-1-0-2\" class=\"so-panel widget widget_mtt-text-image\" data-index=\"3\" ><div\n\t\t\t\n\t\t\tclass=\"so-widget-mtt-text-image so-widget-mtt-text-image-base\"\n\t\t\t\n\t\t>\n<div class=\"mtt-text-image-wrap less-bottom-padding\">\n        <!-- Content -->\n    <div class=\"mtt-text-image-container\">\n        <div class=\"mtt-text-image-col\">\n            <div class=\"mtt-text-image-content formatted_content\">\n                                <h2>Ein Spaziergang in die Vergangenheit<\/h2>\n                <p>Da wir in der Luftfahrtbranche t\u00e4tig sind, lieben wir das Reisen und hei\u00dfen Sie daher herzlich willkommen zu einer Reise in die Vergangenheit.<\/p>\n<p>Die Reise f\u00fchrt Sie zu einer alten Hobart-Bedienungsanleitung, einem alten Artikel aus Janes Airport Review und einigen alten Fotos.<\/p>\n\n                                    <div class=\"button-wrap\">\n                                                    <a href=\"https:\/\/itwgse.com\/wp-content\/uploads\/2021\/02\/hobart-early-material.pdf\" class=\"button\">\n                                Legacy Hobart Gebrauchsanweisung                            <\/a>\n                                                    <a href=\"https:\/\/itwgse.com\/wp-content\/uploads\/2023\/07\/Hobart-Janes-Airport-Review-Jan-2001.pdf\" class=\"button\">\n                                Janes Flughafenrundschau Jan 2001                            <\/a>\n                                            <\/div>\n                            <\/div>\n        <\/div>\n                    <div class=\"mtt-text-image-col img\">\n                <div class=\"mtt-text-image-content\">\n                    <img decoding=\"async\" width=\"2560\" height=\"1920\" src=\"https:\/\/itwgse.com\/wp-content\/uploads\/2021\/02\/MobileHobart-2400-and-aircraft-scaled.jpg\" class=\"attachment-full size-full\" alt=\"mobile hobart GPU\" srcset=\"https:\/\/itwgse.com\/wp-content\/uploads\/2021\/02\/MobileHobart-2400-and-aircraft-scaled.jpg 2560w, https:\/\/itwgse.com\/wp-content\/uploads\/2021\/02\/MobileHobart-2400-and-aircraft-scaled-300x225.jpg 300w, https:\/\/itwgse.com\/wp-content\/uploads\/2021\/02\/MobileHobart-2400-and-aircraft-scaled-1024x768.jpg 1024w\" sizes=\"(max-width: 2560px) 100vw, 2560px\" \/>                \n                    \n                    \n                <\/div>\n            <\/div>\n            <\/div>\n<\/div>\n\n<script>\nfunction sendEvent(action, element) {\n    var videoTitle = jQuery(element).data('title');  \n\n    if (dataLayer && videoTitle) {\n        dataLayer.push({\n            'event': 'video',\n            'eventCategory': 'Video',\n            'eventAction': action,\n            'eventLabel': videoTitle\n        });\n    }\n    else if (ga && videoTitle) {\n        ga('send', 'event', 'Video', action, videoTitle);\n    }  \n}\n<\/script>\n<\/div><\/div><div id=\"panel-28759-1-0-3\" class=\"so-panel widget widget_mtt-two-col-text\" data-index=\"4\" ><div\n\t\t\t\n\t\t\tclass=\"so-widget-mtt-two-col-text so-widget-mtt-two-col-text-base\"\n\t\t\t\n\t\t>\n<div class=\"mtt-two-col-wrapper no-bottom-padding\">\n    <div class=\"mtt-two-col-container\">\n        <div class=\"mtt-two-col-content\">\n                        <div class=\"text-section\">\n                <div class=\"col formatted_content\"><figure id=\"attachment_16505\" aria-describedby=\"caption-attachment-16505\" style=\"width: 1024px\" class=\"wp-caption aligncenter\"><img decoding=\"async\" class=\"wp-image-16505 size-large\" src=\"https:\/\/itwgse.com\/wp-content\/uploads\/2021\/02\/Delta-Airlines-with-old-Hobart-unit-scaled-1024x725.jpg\" alt=\"itw gse's legacy marke hobart\" width=\"1024\" height=\"725\" srcset=\"https:\/\/itwgse.com\/wp-content\/uploads\/2021\/02\/Delta-Airlines-with-old-Hobart-unit-scaled-1024x725.jpg 1024w, https:\/\/itwgse.com\/wp-content\/uploads\/2021\/02\/Delta-Airlines-with-old-Hobart-unit-scaled-300x212.jpg 300w\" sizes=\"(max-width: 1024px) 100vw, 1024px\" \/><figcaption id=\"caption-attachment-16505\" class=\"wp-caption-text\">Mobile GPU von Hobart vor dem Delta-Flugzeug.<\/figcaption><\/figure>\n<\/div>\n                <div class=\"col formatted_content\"><figure id=\"attachment_16508\" aria-describedby=\"caption-attachment-16508\" style=\"width: 1024px\" class=\"wp-caption aligncenter\"><img decoding=\"async\" class=\"wp-image-16508 size-full\" src=\"https:\/\/itwgse.com\/wp-content\/uploads\/2021\/02\/hobart-in-snow-towed-by-tractor.jpg\" alt=\"hobart gpu im schnee\" width=\"1024\" height=\"768\" srcset=\"https:\/\/itwgse.com\/wp-content\/uploads\/2021\/02\/hobart-in-snow-towed-by-tractor.jpg 1024w, https:\/\/itwgse.com\/wp-content\/uploads\/2021\/02\/hobart-in-snow-towed-by-tractor-300x225.jpg 300w\" sizes=\"(max-width: 1024px) 100vw, 1024px\" \/><figcaption id=\"caption-attachment-16508\" class=\"wp-caption-text\">Mobiles GPU-Ger\u00e4t von Hobart, das von einem Traktor auf einem vereisten Vorfeld gezogen wird.<\/figcaption><\/figure>\n                                    <\/div>\n            <\/div>\n                    <\/div>\n    <\/div>\n<\/div><\/div><\/div><div id=\"panel-28759-1-0-4\" class=\"so-panel widget widget_mtt-two-col-text\" data-index=\"5\" ><div\n\t\t\t\n\t\t\tclass=\"so-widget-mtt-two-col-text so-widget-mtt-two-col-text-base\"\n\t\t\t\n\t\t>\n<div class=\"mtt-two-col-wrapper\">\n    <div class=\"mtt-two-col-container\">\n        <div class=\"mtt-two-col-content\">\n                        <div class=\"text-section\">\n                <div class=\"col formatted_content\"><figure id=\"attachment_24434\" aria-describedby=\"caption-attachment-24434\" style=\"width: 1024px\" class=\"wp-caption aligncenter\"><img decoding=\"async\" class=\"wp-image-24434 size-large\" src=\"https:\/\/itwgse.com\/wp-content\/uploads\/2023\/10\/Hobart-Self-Propellel-Perth_1-scaled-1024x768.jpg\" alt=\"\" width=\"1024\" height=\"768\" srcset=\"https:\/\/itwgse.com\/wp-content\/uploads\/2023\/10\/Hobart-Self-Propellel-Perth_1-scaled-1024x768.jpg 1024w, https:\/\/itwgse.com\/wp-content\/uploads\/2023\/10\/Hobart-Self-Propellel-Perth_1-scaled-300x225.jpg 300w\" sizes=\"(max-width: 1024px) 100vw, 1024px\" \/><figcaption id=\"caption-attachment-24434\" class=\"wp-caption-text\">Hobart Self Propellel, mit Sitz in Perth, Australien.<\/figcaption><\/figure>\n<\/div>\n                <div class=\"col formatted_content\"><figure id=\"attachment_24437\" aria-describedby=\"caption-attachment-24437\" style=\"width: 674px\" class=\"wp-caption aligncenter\"><img decoding=\"async\" class=\"wp-image-24437 size-full\" src=\"https:\/\/itwgse.com\/wp-content\/uploads\/2023\/10\/Old-TWA.jpg\" alt=\"\" width=\"674\" height=\"790\" srcset=\"https:\/\/itwgse.com\/wp-content\/uploads\/2023\/10\/Old-TWA.jpg 674w, https:\/\/itwgse.com\/wp-content\/uploads\/2023\/10\/Old-TWA-256x300.jpg 256w\" sizes=\"(max-width: 674px) 100vw, 674px\" \/><figcaption id=\"caption-attachment-24437\" class=\"wp-caption-text\">Das alte Hobart liefert TWA.<\/figcaption><\/figure>\n                                    <\/div>\n            <\/div>\n                    <\/div>\n    <\/div>\n<\/div><\/div><\/div><div id=\"panel-28759-1-0-5\" class=\"so-panel widget widget_mtt-customer-support panel-last-child\" data-index=\"6\" ><div\n\t\t\t\n\t\t\tclass=\"so-widget-mtt-customer-support so-widget-mtt-customer-support-base\"\n\t\t\t\n\t\t>\n<div class=\"mtt-text-image-wrap less-top-padding less-bottom-padding grey-bg\">\n        <!-- Content -->\n    <div class=\"mtt-text-image-container\">\n        <div class=\"mtt-text-image-col\">\n            <div class=\"mtt-text-image-content formatted_content\">\n                                <h2>Kundenservice<\/h2>\n                <p><strong>Wie k\u00f6nnen wir Ihnen helfen?<\/strong><\/p>\n<p>Ben\u00f6tigen Sie Schaltpl\u00e4ne, Ersatzteillisten oder Anleitungsvideos? Nutzen Sie die Schaltfl\u00e4che \u201eProdukthilfe\u201c.<\/p>\n<p>Haben Sie Fragen an den Kundenservice? Nutzen Sie die Schaltfl\u00e4che \u201eKundenservice kontaktieren\u201c. Falls sich Ihre Frage auf ein bestimmtes Produkt bezieht, geben Sie bitte die Seriennummer an.<\/p>\n\n                                    <div class=\"button-wrap\">\n                                                    <a href=\"https:\/\/itwgse.com\/de\/support-and-service\/\" class=\"button\">\n                                Produkthilfe                            <\/a>\n                                                    <a href=\"https:\/\/itwgse.com\/de\/kontakt\/\" class=\"button\">\n                                Kundenservice kontaktieren                            <\/a>\n                                            <\/div>\n                            <\/div>\n        <\/div>\n                    <div class=\"mtt-text-image-col img center\">\n                <div class=\"mtt-text-image-content\">\n                    <img decoding=\"async\" width=\"1800\" height=\"1023\" src=\"https:\/\/itwgse.com\/wp-content\/uploads\/2018\/06\/ITWGSE_hero_cleanest-1.jpg\" class=\"attachment-full size-full\" alt=\"7400 low noice JK\" srcset=\"https:\/\/itwgse.com\/wp-content\/uploads\/2018\/06\/ITWGSE_hero_cleanest-1.jpg 1800w, https:\/\/itwgse.com\/wp-content\/uploads\/2018\/06\/ITWGSE_hero_cleanest-1-300x171.jpg 300w, https:\/\/itwgse.com\/wp-content\/uploads\/2018\/06\/ITWGSE_hero_cleanest-1-1024x582.jpg 1024w\" sizes=\"(max-width: 1800px) 100vw, 1800px\" \/>                \n                    \n                    \n                <\/div>\n            <\/div>\n            <\/div>\n<\/div>\n\n<script>\nfunction sendEvent(action, element) {\n    var videoTitle = jQuery(element).data('title');  \n\n    if (dataLayer && videoTitle) {\n        dataLayer.push({\n            'event': 'video',\n            'eventCategory': 'Video',\n            'eventAction': action,\n            'eventLabel': videoTitle\n        });\n    }\n    else if (ga && videoTitle) {\n        ga('send', 'event', 'Video', action, videoTitle);\n    }  \n}\n<\/script>\n<\/div><\/div><\/div><\/div><\/div>","protected":false},"excerpt":{"rendered":"<p>Hobart Bodenstromaggregat Hobart war 1946 der erste Hersteller von Bodenstromger\u00e4ten f\u00fcr Flugzeuge in den Vereinigten Staaten. Jetzt eine \u00e4ltere Marke von ITW GSE. Verm\u00e4chtnis&#8230;<\/p>\n","protected":false},"author":1,"featured_media":0,"parent":0,"menu_order":231,"comment_status":"closed","ping_status":"closed","template":"","meta":{"_acf_changed":false,"_relevanssi_hide_post":"","_relevanssi_hide_content":"","_relevanssi_pin_for_all":"","_relevanssi_pin_keywords":"","_relevanssi_unpin_keywords":"","_relevanssi_related_keywords":"","_relevanssi_related_include_ids":"","_relevanssi_related_exclude_ids":"","_relevanssi_related_no_append":"","_relevanssi_related_not_related":"","_relevanssi_related_posts":"","_relevanssi_noindex_reason":"","footnotes":""},"class_list":["post-28759","page","type-page","status-publish","hentry"],"acf":[],"yoast_head":"<!-- This site is optimized with the Yoast SEO plugin v27.0 - https:\/\/yoast.com\/product\/yoast-seo-wordpress\/ -->\n<title>Hobart Ground Power - Geschichte der Marke Hobart | ITW GSE<\/title>\n<meta name=\"description\" content=\"Die GPUs von Hobart wurden entwickelt, um AC- oder DC-Strom mit der neuesten Engine Drive- und Solid State-Technologie zu liefern.\" \/>\n<meta name=\"robots\" content=\"index, follow, max-snippet:-1, max-image-preview:large, max-video-preview:-1\" \/>\n<link rel=\"canonical\" href=\"https:\/\/itwgse.com\/de\/geschichte-der-marke-hobart\/\" \/>\n<meta property=\"og:locale\" content=\"de_DE\" \/>\n<meta property=\"og:type\" content=\"article\" \/>\n<meta property=\"og:title\" content=\"Hobart Ground Power - Geschichte der Marke Hobart | ITW GSE\" \/>\n<meta property=\"og:description\" content=\"Die GPUs von Hobart wurden entwickelt, um AC- oder DC-Strom mit der neuesten Engine Drive- und Solid State-Technologie zu liefern.\" \/>\n<meta property=\"og:url\" content=\"https:\/\/itwgse.com\/de\/geschichte-der-marke-hobart\/\" \/>\n<meta property=\"og:site_name\" content=\"ITW GSE\" \/>\n<meta property=\"article:publisher\" content=\"https:\/\/www.facebook.com\/ITWGSE\/\" \/>\n<meta name=\"twitter:card\" content=\"summary_large_image\" \/>\n<script type=\"application\/ld+json\" class=\"yoast-schema-graph\">{\"@context\":\"https:\/\/schema.org\",\"@graph\":[{\"@type\":\"WebPage\",\"@id\":\"https:\/\/itwgse.com\/de\/geschichte-der-marke-hobart\/\",\"url\":\"https:\/\/itwgse.com\/de\/geschichte-der-marke-hobart\/\",\"name\":\"Hobart Ground Power - Geschichte der Marke Hobart | ITW GSE\",\"isPartOf\":{\"@id\":\"https:\/\/itwgse.com\/#website\"},\"datePublished\":\"2026-02-24T13:11:10+00:00\",\"description\":\"Die GPUs von Hobart wurden entwickelt, um AC- oder DC-Strom mit der neuesten Engine Drive- und Solid State-Technologie zu liefern.\",\"breadcrumb\":{\"@id\":\"https:\/\/itwgse.com\/de\/geschichte-der-marke-hobart\/#breadcrumb\"},\"inLanguage\":\"de\",\"potentialAction\":[{\"@type\":\"ReadAction\",\"target\":[\"https:\/\/itwgse.com\/de\/geschichte-der-marke-hobart\/\"]}]},{\"@type\":\"BreadcrumbList\",\"@id\":\"https:\/\/itwgse.com\/de\/geschichte-der-marke-hobart\/#breadcrumb\",\"itemListElement\":[{\"@type\":\"ListItem\",\"position\":1,\"name\":\"Home\",\"item\":\"https:\/\/itwgse.com\/de\/home\/\"},{\"@type\":\"ListItem\",\"position\":2,\"name\":\"Geschichte der Marke Hobart\"}]},{\"@type\":\"WebSite\",\"@id\":\"https:\/\/itwgse.com\/#website\",\"url\":\"https:\/\/itwgse.com\/\",\"name\":\"ITW GSE\",\"description\":\"It&#039;s all about connections\",\"publisher\":{\"@id\":\"https:\/\/itwgse.com\/#organization\"},\"potentialAction\":[{\"@type\":\"SearchAction\",\"target\":{\"@type\":\"EntryPoint\",\"urlTemplate\":\"https:\/\/itwgse.com\/?s={search_term_string}\"},\"query-input\":{\"@type\":\"PropertyValueSpecification\",\"valueRequired\":true,\"valueName\":\"search_term_string\"}}],\"inLanguage\":\"de\"},{\"@type\":\"Organization\",\"@id\":\"https:\/\/itwgse.com\/#organization\",\"name\":\"ITW GSE\",\"url\":\"https:\/\/itwgse.com\/\",\"logo\":{\"@type\":\"ImageObject\",\"inLanguage\":\"de\",\"@id\":\"https:\/\/itwgse.com\/#\/schema\/logo\/image\/\",\"url\":\"https:\/\/itwgse.com\/wp-content\/uploads\/2018\/11\/logo.png\",\"contentUrl\":\"https:\/\/itwgse.com\/wp-content\/uploads\/2018\/11\/logo.png\",\"width\":302,\"height\":237,\"caption\":\"ITW GSE\"},\"image\":{\"@id\":\"https:\/\/itwgse.com\/#\/schema\/logo\/image\/\"},\"sameAs\":[\"https:\/\/www.facebook.com\/ITWGSE\/\",\"https:\/\/www.linkedin.com\/company\/itw-gse\/\",\"https:\/\/www.youtube.com\/channel\/UCTUIMvyaOPfYIqzP8enZ8yw\"]}]}<\/script>\n<!-- \/ Yoast SEO plugin. -->","yoast_head_json":{"title":"Hobart Ground Power - Geschichte der Marke Hobart | ITW GSE","description":"Die GPUs von Hobart wurden entwickelt, um AC- oder DC-Strom mit der neuesten Engine Drive- und Solid State-Technologie zu liefern.","robots":{"index":"index","follow":"follow","max-snippet":"max-snippet:-1","max-image-preview":"max-image-preview:large","max-video-preview":"max-video-preview:-1"},"canonical":"https:\/\/itwgse.com\/de\/geschichte-der-marke-hobart\/","og_locale":"de_DE","og_type":"article","og_title":"Hobart Ground Power - Geschichte der Marke Hobart | ITW GSE","og_description":"Die GPUs von Hobart wurden entwickelt, um AC- oder DC-Strom mit der neuesten Engine Drive- und Solid State-Technologie zu liefern.","og_url":"https:\/\/itwgse.com\/de\/geschichte-der-marke-hobart\/","og_site_name":"ITW GSE","article_publisher":"https:\/\/www.facebook.com\/ITWGSE\/","twitter_card":"summary_large_image","schema":{"@context":"https:\/\/schema.org","@graph":[{"@type":"WebPage","@id":"https:\/\/itwgse.com\/de\/geschichte-der-marke-hobart\/","url":"https:\/\/itwgse.com\/de\/geschichte-der-marke-hobart\/","name":"Hobart Ground Power - Geschichte der Marke Hobart | ITW GSE","isPartOf":{"@id":"https:\/\/itwgse.com\/#website"},"datePublished":"2026-02-24T13:11:10+00:00","description":"Die GPUs von Hobart wurden entwickelt, um AC- oder DC-Strom mit der neuesten Engine Drive- und Solid State-Technologie zu liefern.","breadcrumb":{"@id":"https:\/\/itwgse.com\/de\/geschichte-der-marke-hobart\/#breadcrumb"},"inLanguage":"de","potentialAction":[{"@type":"ReadAction","target":["https:\/\/itwgse.com\/de\/geschichte-der-marke-hobart\/"]}]},{"@type":"BreadcrumbList","@id":"https:\/\/itwgse.com\/de\/geschichte-der-marke-hobart\/#breadcrumb","itemListElement":[{"@type":"ListItem","position":1,"name":"Home","item":"https:\/\/itwgse.com\/de\/home\/"},{"@type":"ListItem","position":2,"name":"Geschichte der Marke Hobart"}]},{"@type":"WebSite","@id":"https:\/\/itwgse.com\/#website","url":"https:\/\/itwgse.com\/","name":"ITW GSE","description":"It&#039;s all about connections","publisher":{"@id":"https:\/\/itwgse.com\/#organization"},"potentialAction":[{"@type":"SearchAction","target":{"@type":"EntryPoint","urlTemplate":"https:\/\/itwgse.com\/?s={search_term_string}"},"query-input":{"@type":"PropertyValueSpecification","valueRequired":true,"valueName":"search_term_string"}}],"inLanguage":"de"},{"@type":"Organization","@id":"https:\/\/itwgse.com\/#organization","name":"ITW GSE","url":"https:\/\/itwgse.com\/","logo":{"@type":"ImageObject","inLanguage":"de","@id":"https:\/\/itwgse.com\/#\/schema\/logo\/image\/","url":"https:\/\/itwgse.com\/wp-content\/uploads\/2018\/11\/logo.png","contentUrl":"https:\/\/itwgse.com\/wp-content\/uploads\/2018\/11\/logo.png","width":302,"height":237,"caption":"ITW GSE"},"image":{"@id":"https:\/\/itwgse.com\/#\/schema\/logo\/image\/"},"sameAs":["https:\/\/www.facebook.com\/ITWGSE\/","https:\/\/www.linkedin.com\/company\/itw-gse\/","https:\/\/www.youtube.com\/channel\/UCTUIMvyaOPfYIqzP8enZ8yw"]}]}},"_links":{"self":[{"href":"https:\/\/itwgse.com\/de\/wp-json\/wp\/v2\/pages\/28759","targetHints":{"allow":["GET"]}}],"collection":[{"href":"https:\/\/itwgse.com\/de\/wp-json\/wp\/v2\/pages"}],"about":[{"href":"https:\/\/itwgse.com\/de\/wp-json\/wp\/v2\/types\/page"}],"author":[{"embeddable":true,"href":"https:\/\/itwgse.com\/de\/wp-json\/wp\/v2\/users\/1"}],"replies":[{"embeddable":true,"href":"https:\/\/itwgse.com\/de\/wp-json\/wp\/v2\/comments?post=28759"}],"version-history":[{"count":0,"href":"https:\/\/itwgse.com\/de\/wp-json\/wp\/v2\/pages\/28759\/revisions"}],"wp:attachment":[{"href":"https:\/\/itwgse.com\/de\/wp-json\/wp\/v2\/media?parent=28759"}],"curies":[{"name":"wp","href":"https:\/\/api.w.org\/{rel}","templated":true}]}}