{"id":28823,"date":"2026-02-24T14:14:40","date_gmt":"2026-02-24T13:14:40","guid":{"rendered":"https:\/\/itwgse.com\/cookie-und-datenschutzrichtlinie\/"},"modified":"2026-02-24T14:14:40","modified_gmt":"2026-02-24T13:14:40","slug":"cookie-und-datenschutzrichtlinie","status":"publish","type":"page","link":"https:\/\/itwgse.com\/de\/cookie-und-datenschutzrichtlinie\/","title":{"rendered":"Cookie- und Datenschutzrichtlinie"},"content":{"rendered":"<div id=\"pl-28823\"  class=\"panel-layout\" ><div id=\"pg-28823-0\"  class=\"panel-grid panel-no-style\" ><div id=\"pgc-28823-0-0\"  class=\"panel-grid-cell\" ><div id=\"panel-28823-0-0-0\" class=\"so-panel widget widget_mtt-cover-section panel-first-child panel-last-child\" data-index=\"0\" ><div\n\t\t\t\n\t\t\tclass=\"so-widget-mtt-cover-section so-widget-mtt-cover-section-base\"\n\t\t\t\n\t\t>\n<div class=\"mtt-cover-section-wrap compact extra-small\">\n\t<div class=\"mtt-cover-curve\">\n\t\t<img decoding=\"async\"  src=\"https:\/\/itwgse.com\/wp-content\/themes\/mtt-standard-theme\/assets\/img\/cover\/itwgse_cut.svg\">\t<\/div>\n    <div class=\"mtt-cover-compact-background object-fit overlay\">\n                            <\/div>\n    <div class=\"mtt-cover-compact-container\">\n        <div class=\"mtt-cover-section-text\">\n            <h1>Cookie- und Datenschutzrichtlinie<\/h1>\n                    <\/div>\n    <\/div>\n<\/div>\n<\/div><\/div><\/div><\/div><div id=\"pg-28823-1\"  class=\"panel-grid panel-no-style\" ><div id=\"pgc-28823-1-0\"  class=\"panel-grid-cell\" ><div id=\"panel-28823-1-0-0\" class=\"so-panel widget panel-first-child\" data-index=\"1\" ><\/div><div id=\"panel-28823-1-0-1\" class=\"so-panel widget widget_mtt-text panel-last-child\" data-index=\"2\" ><div\n\t\t\t\n\t\t\tclass=\"so-widget-mtt-text so-widget-mtt-text-base\"\n\t\t\t\n\t\t>\n<div class=\"mtt-text-wrapper\">\n    <div class=\"mtt-text-container\">\n        <div class=\"mtt-text-content\">\n                        <div class=\"text-section formatted_content\">\n                <p>Dritte, die Zugriff auf Cookies haben<br \/>- Morningtrain<br \/><a href=\"https:\/\/morningtrain.dk\/en\/\">Morningtrain ApS<\/a> (im Folgenden: Morningtrain) ist eine dritte Webagentur, die ITW GSE betreut.<\/p>\n<p>Morningtrain hat nur Zugang \u00fcber einen verschl\u00fcsselten Kanal namens LastPass<\/p>\n<p>LastPass ist stark verschl\u00fcsselt mit Algorithmen, die eine vollst\u00e4ndige Sicherheit im Himmel gew\u00e4hrleisten. Die Daten werden auf Ger\u00e4teebene verschl\u00fcsselt und f\u00fcr LastPass selbst geheim gehalten. Das hei\u00dft, nur die Mitarbeiter von Morningtrain haben Zugriff auf die Daten. Der Dienst wird durch eine zweistufige Best\u00e4tigung noch sicherer.   <\/p>\n<p>Wenn das Arbeitsverh\u00e4ltnis eines Mitarbeiters bei Morningtrain endet, wird der ehemalige Mitarbeiter von allen Zug\u00e4ngen zu LastPass entfernt.<\/p>\n<p>Morningtrain hat Zugang zu Daten von Google Analytics. Diese Daten werden ausschlie\u00dflich f\u00fcr Statistiken und Berichte verwendet. <\/p>\n<p>Wir verwenden Leadfeeder, um den Verkehr auf unserer Website zu analysieren und um festzustellen, von welchen Unternehmen der Verkehr kommt.<\/p>\n<p>Auf der Website <a href=\"https:\/\/itwgse.com\/\">https:\/\/itwgse.com\/<\/a> k\u00f6nnen Besucher mit den Mitarbeitern des Unternehmens \u00fcber die Kontaktformulare auf ausgew\u00e4hlten Seiten sowie \u00fcber die Kontaktseite <a href=\"https:\/\/itwgse.com\/our-team\/\">https:\/\/itwgse.com\/our-team\/ in Verbindung treten.<\/a><\/p>\n<p>Die Informationen aus Anfragen, die von Website-Besuchern \u00fcber die Kontaktformulare der Website an das Unternehmen gesendet werden, werden in den Postf\u00e4chern der Empf\u00e4nger und auf Server-Backups in der Datenbank unserer Website gespeichert. Die Informationen werden 6 Monate nach einer Anfrage automatisch gel\u00f6scht. <\/p>\n<p>Die Website wird von Hetzner in Deutschland gehostet.<br \/>Lesen Sie <a href=\"https:\/\/morningtrain.dk\/en\/privacy-policy\/\">hier<\/a> mehr dar\u00fcber, wie Morningtrain mit Ihren Daten arbeitet.<\/p>\n            <\/div>\n        <\/div>\n    <\/div>\n<\/div><\/div><\/div><\/div><\/div><\/div>","protected":false},"excerpt":{"rendered":"<p>Cookie- und Datenschutzrichtlinie Dritte, die Zugriff auf Cookies haben- MorningtrainMorningtrain ApS (im Folgenden: Morningtrain) ist eine dritte Webagentur, die ITW GSE betreut. Morningtrain hat&#8230;<\/p>\n","protected":false},"author":1,"featured_media":0,"parent":0,"menu_order":327,"comment_status":"closed","ping_status":"closed","template":"","meta":{"_acf_changed":false,"_relevanssi_hide_post":"","_relevanssi_hide_content":"","_relevanssi_pin_for_all":"","_relevanssi_pin_keywords":"","_relevanssi_unpin_keywords":"","_relevanssi_related_keywords":"","_relevanssi_related_include_ids":"","_relevanssi_related_exclude_ids":"","_relevanssi_related_no_append":"","_relevanssi_related_not_related":"","_relevanssi_related_posts":"","_relevanssi_noindex_reason":"","footnotes":""},"class_list":["post-28823","page","type-page","status-publish","hentry"],"acf":[],"yoast_head":"<!-- This site is optimized with the Yoast SEO plugin v27.0 - https:\/\/yoast.com\/product\/yoast-seo-wordpress\/ -->\n<title>Cookie- und Datenschutzrichtlinie - Datenschutz und Verwendung von Cookies | ITW GSE<\/title>\n<meta name=\"description\" content=\"ITW GSE verwendet Cookies, um Inhalte und Anzeigen zu personalisieren, um Funktionen f\u00fcr soziale Medien bereitzustellen und um unseren Datenverkehr zu analysieren. Lesen Sie mehr.\" \/>\n<meta name=\"robots\" content=\"index, follow, max-snippet:-1, max-image-preview:large, max-video-preview:-1\" \/>\n<link rel=\"canonical\" href=\"https:\/\/itwgse.com\/de\/cookie-und-datenschutzrichtlinie\/\" \/>\n<meta property=\"og:locale\" content=\"de_DE\" \/>\n<meta property=\"og:type\" content=\"article\" \/>\n<meta property=\"og:title\" content=\"Cookie- und Datenschutzrichtlinie - Datenschutz und Verwendung von Cookies | ITW GSE\" \/>\n<meta property=\"og:description\" content=\"ITW GSE verwendet Cookies, um Inhalte und Anzeigen zu personalisieren, um Funktionen f\u00fcr soziale Medien bereitzustellen und um unseren Datenverkehr zu analysieren. Lesen Sie mehr.\" \/>\n<meta property=\"og:url\" content=\"https:\/\/itwgse.com\/de\/cookie-und-datenschutzrichtlinie\/\" \/>\n<meta property=\"og:site_name\" content=\"ITW GSE\" \/>\n<meta property=\"article:publisher\" content=\"https:\/\/www.facebook.com\/ITWGSE\/\" \/>\n<meta name=\"twitter:card\" content=\"summary_large_image\" \/>\n<script type=\"application\/ld+json\" class=\"yoast-schema-graph\">{\"@context\":\"https:\/\/schema.org\",\"@graph\":[{\"@type\":\"WebPage\",\"@id\":\"https:\/\/itwgse.com\/de\/cookie-und-datenschutzrichtlinie\/\",\"url\":\"https:\/\/itwgse.com\/de\/cookie-und-datenschutzrichtlinie\/\",\"name\":\"Cookie- und Datenschutzrichtlinie - Datenschutz und Verwendung von Cookies | ITW GSE\",\"isPartOf\":{\"@id\":\"https:\/\/itwgse.com\/#website\"},\"datePublished\":\"2026-02-24T13:14:40+00:00\",\"description\":\"ITW GSE verwendet Cookies, um Inhalte und Anzeigen zu personalisieren, um Funktionen f\u00fcr soziale Medien bereitzustellen und um unseren Datenverkehr zu analysieren. Lesen Sie mehr.\",\"breadcrumb\":{\"@id\":\"https:\/\/itwgse.com\/de\/cookie-und-datenschutzrichtlinie\/#breadcrumb\"},\"inLanguage\":\"de\",\"potentialAction\":[{\"@type\":\"ReadAction\",\"target\":[\"https:\/\/itwgse.com\/de\/cookie-und-datenschutzrichtlinie\/\"]}]},{\"@type\":\"BreadcrumbList\",\"@id\":\"https:\/\/itwgse.com\/de\/cookie-und-datenschutzrichtlinie\/#breadcrumb\",\"itemListElement\":[{\"@type\":\"ListItem\",\"position\":1,\"name\":\"Home\",\"item\":\"https:\/\/itwgse.com\/de\/home\/\"},{\"@type\":\"ListItem\",\"position\":2,\"name\":\"Cookie- und Datenschutzrichtlinie\"}]},{\"@type\":\"WebSite\",\"@id\":\"https:\/\/itwgse.com\/#website\",\"url\":\"https:\/\/itwgse.com\/\",\"name\":\"ITW GSE\",\"description\":\"It&#039;s all about connections\",\"publisher\":{\"@id\":\"https:\/\/itwgse.com\/#organization\"},\"potentialAction\":[{\"@type\":\"SearchAction\",\"target\":{\"@type\":\"EntryPoint\",\"urlTemplate\":\"https:\/\/itwgse.com\/?s={search_term_string}\"},\"query-input\":{\"@type\":\"PropertyValueSpecification\",\"valueRequired\":true,\"valueName\":\"search_term_string\"}}],\"inLanguage\":\"de\"},{\"@type\":\"Organization\",\"@id\":\"https:\/\/itwgse.com\/#organization\",\"name\":\"ITW GSE\",\"url\":\"https:\/\/itwgse.com\/\",\"logo\":{\"@type\":\"ImageObject\",\"inLanguage\":\"de\",\"@id\":\"https:\/\/itwgse.com\/#\/schema\/logo\/image\/\",\"url\":\"https:\/\/itwgse.com\/wp-content\/uploads\/2018\/11\/logo.png\",\"contentUrl\":\"https:\/\/itwgse.com\/wp-content\/uploads\/2018\/11\/logo.png\",\"width\":302,\"height\":237,\"caption\":\"ITW GSE\"},\"image\":{\"@id\":\"https:\/\/itwgse.com\/#\/schema\/logo\/image\/\"},\"sameAs\":[\"https:\/\/www.facebook.com\/ITWGSE\/\",\"https:\/\/www.linkedin.com\/company\/itw-gse\/\",\"https:\/\/www.youtube.com\/channel\/UCTUIMvyaOPfYIqzP8enZ8yw\"]}]}<\/script>\n<!-- \/ Yoast SEO plugin. -->","yoast_head_json":{"title":"Cookie- und Datenschutzrichtlinie - Datenschutz und Verwendung von Cookies | ITW GSE","description":"ITW GSE verwendet Cookies, um Inhalte und Anzeigen zu personalisieren, um Funktionen f\u00fcr soziale Medien bereitzustellen und um unseren Datenverkehr zu analysieren. Lesen Sie mehr.","robots":{"index":"index","follow":"follow","max-snippet":"max-snippet:-1","max-image-preview":"max-image-preview:large","max-video-preview":"max-video-preview:-1"},"canonical":"https:\/\/itwgse.com\/de\/cookie-und-datenschutzrichtlinie\/","og_locale":"de_DE","og_type":"article","og_title":"Cookie- und Datenschutzrichtlinie - Datenschutz und Verwendung von Cookies | ITW GSE","og_description":"ITW GSE verwendet Cookies, um Inhalte und Anzeigen zu personalisieren, um Funktionen f\u00fcr soziale Medien bereitzustellen und um unseren Datenverkehr zu analysieren. Lesen Sie mehr.","og_url":"https:\/\/itwgse.com\/de\/cookie-und-datenschutzrichtlinie\/","og_site_name":"ITW GSE","article_publisher":"https:\/\/www.facebook.com\/ITWGSE\/","twitter_card":"summary_large_image","schema":{"@context":"https:\/\/schema.org","@graph":[{"@type":"WebPage","@id":"https:\/\/itwgse.com\/de\/cookie-und-datenschutzrichtlinie\/","url":"https:\/\/itwgse.com\/de\/cookie-und-datenschutzrichtlinie\/","name":"Cookie- und Datenschutzrichtlinie - Datenschutz und Verwendung von Cookies | ITW GSE","isPartOf":{"@id":"https:\/\/itwgse.com\/#website"},"datePublished":"2026-02-24T13:14:40+00:00","description":"ITW GSE verwendet Cookies, um Inhalte und Anzeigen zu personalisieren, um Funktionen f\u00fcr soziale Medien bereitzustellen und um unseren Datenverkehr zu analysieren. Lesen Sie mehr.","breadcrumb":{"@id":"https:\/\/itwgse.com\/de\/cookie-und-datenschutzrichtlinie\/#breadcrumb"},"inLanguage":"de","potentialAction":[{"@type":"ReadAction","target":["https:\/\/itwgse.com\/de\/cookie-und-datenschutzrichtlinie\/"]}]},{"@type":"BreadcrumbList","@id":"https:\/\/itwgse.com\/de\/cookie-und-datenschutzrichtlinie\/#breadcrumb","itemListElement":[{"@type":"ListItem","position":1,"name":"Home","item":"https:\/\/itwgse.com\/de\/home\/"},{"@type":"ListItem","position":2,"name":"Cookie- und Datenschutzrichtlinie"}]},{"@type":"WebSite","@id":"https:\/\/itwgse.com\/#website","url":"https:\/\/itwgse.com\/","name":"ITW GSE","description":"It&#039;s all about connections","publisher":{"@id":"https:\/\/itwgse.com\/#organization"},"potentialAction":[{"@type":"SearchAction","target":{"@type":"EntryPoint","urlTemplate":"https:\/\/itwgse.com\/?s={search_term_string}"},"query-input":{"@type":"PropertyValueSpecification","valueRequired":true,"valueName":"search_term_string"}}],"inLanguage":"de"},{"@type":"Organization","@id":"https:\/\/itwgse.com\/#organization","name":"ITW GSE","url":"https:\/\/itwgse.com\/","logo":{"@type":"ImageObject","inLanguage":"de","@id":"https:\/\/itwgse.com\/#\/schema\/logo\/image\/","url":"https:\/\/itwgse.com\/wp-content\/uploads\/2018\/11\/logo.png","contentUrl":"https:\/\/itwgse.com\/wp-content\/uploads\/2018\/11\/logo.png","width":302,"height":237,"caption":"ITW GSE"},"image":{"@id":"https:\/\/itwgse.com\/#\/schema\/logo\/image\/"},"sameAs":["https:\/\/www.facebook.com\/ITWGSE\/","https:\/\/www.linkedin.com\/company\/itw-gse\/","https:\/\/www.youtube.com\/channel\/UCTUIMvyaOPfYIqzP8enZ8yw"]}]}},"_links":{"self":[{"href":"https:\/\/itwgse.com\/de\/wp-json\/wp\/v2\/pages\/28823","targetHints":{"allow":["GET"]}}],"collection":[{"href":"https:\/\/itwgse.com\/de\/wp-json\/wp\/v2\/pages"}],"about":[{"href":"https:\/\/itwgse.com\/de\/wp-json\/wp\/v2\/types\/page"}],"author":[{"embeddable":true,"href":"https:\/\/itwgse.com\/de\/wp-json\/wp\/v2\/users\/1"}],"replies":[{"embeddable":true,"href":"https:\/\/itwgse.com\/de\/wp-json\/wp\/v2\/comments?post=28823"}],"version-history":[{"count":0,"href":"https:\/\/itwgse.com\/de\/wp-json\/wp\/v2\/pages\/28823\/revisions"}],"wp:attachment":[{"href":"https:\/\/itwgse.com\/de\/wp-json\/wp\/v2\/media?parent=28823"}],"curies":[{"name":"wp","href":"https:\/\/api.w.org\/{rel}","templated":true}]}}