{"id":45456,"date":"2026-03-18T15:33:44","date_gmt":"2026-03-18T14:33:44","guid":{"rendered":"https:\/\/itwgse.com\/400-hz-i-konverter\/"},"modified":"2026-03-18T15:33:44","modified_gmt":"2026-03-18T14:33:44","slug":"400-hz-i-konverter","status":"publish","type":"page","link":"https:\/\/itwgse.com\/de\/400-hz-i-konverter\/","title":{"rendered":"400 Hz I: Konverter"},"content":{"rendered":"<div id=\"pl-45456\"  class=\"panel-layout\" ><div id=\"pg-45456-0\"  class=\"panel-grid panel-no-style\" ><div id=\"pgc-45456-0-0\"  class=\"panel-grid-cell\" ><div id=\"panel-45456-0-0-0\" class=\"so-panel widget widget_mtt-cover-section panel-first-child\" data-index=\"0\" ><div\n\t\t\t\n\t\t\tclass=\"so-widget-mtt-cover-section so-widget-mtt-cover-section-base\"\n\t\t\t\n\t\t>\n<div class=\"mtt-cover-section-wrap compact extra-small\">\n\t<div class=\"mtt-cover-curve\">\n\t\t<img decoding=\"async\"  src=\"https:\/\/itwgse.com\/wp-content\/themes\/mtt-standard-theme\/assets\/img\/cover\/itwgse_cut.svg\">\t<\/div>\n    <div class=\"mtt-cover-compact-background object-fit\">\n                    <img decoding=\"async\"\n                src=\"https:\/\/itwgse.com\/wp-content\/uploads\/2018\/03\/Aarhus-Airport-DK-ITW-GSE-2400-Compact-GPU-4-scaled.jpg\"\n                alt=\"\"\n                data-skip-lazy\n            >\n                            <\/div>\n    <div class=\"mtt-cover-compact-container\">\n        <div class=\"mtt-cover-section-text\">\n            <h1>400 Hz I: Konverter<\/h1>\n                                <div class=\"text\"><p>Warum 400 Hz-Konverter unverzichtbar sind Ground Support Equipment<\/p>\n<\/div>\n                            <\/div>\n    <\/div>\n<\/div>\n<\/div><\/div><div id=\"panel-45456-0-0-1\" class=\"so-panel widget widget_mtt-one-col-text\" data-index=\"1\" ><div\n\t\t\t\n\t\t\tclass=\"so-widget-mtt-one-col-text so-widget-mtt-one-col-text-base\"\n\t\t\t\n\t\t>\n<div class=\"mtt-two-col-wrapper\">\n    <div class=\"mtt-two-col-container\">\n        <div class=\"mtt-two-col-content formatted_content has-title-one\">\n\t\t\t                <h2>Was ist ein 400 Hz I: Konverter?<\/h2>\n                        <div class=\"text-section one-col\">\n                <p>Der <a href=\"https:\/\/itwgse.com\/products\/power\/itw-gse-2400-compact-gpu\/\">400 Hz I<\/a>: ist eine externe Stromquelle, eine GPU, die Flugzeuge mit Strom versorgt, w\u00e4hrend diese am Boden sind.<\/p>\n<p>Das Ziel eines solchen Ger\u00e4ts ist es, die vom Stromversorger kommende 50\/60 Hz-Spannung in eine 400 Hz-Spannung umzuwandeln.<\/p>\n<p><strong>Warum 400 Hz?<\/strong> Um Gewicht und Platz an Bord des Flugzeugs zu sparen.<br>Je h\u00f6her die Frequenz, desto kleiner und leichter k\u00f6nnen die Kabel, Transformatoren usw. sein - desto mehr Platz f\u00fcr Passagiere oder Fracht oder...<\/p>\n            <\/div>\n\n            \n                        <\/div>\n    <\/div>\n<\/div>\n<\/div><\/div><div id=\"panel-45456-0-0-2\" class=\"so-panel widget widget_mtt-text-image\" data-index=\"2\" ><div\n\t\t\t\n\t\t\tclass=\"so-widget-mtt-text-image so-widget-mtt-text-image-base\"\n\t\t\t\n\t\t>\n<div class=\"mtt-text-image-wrap no-top-padding no-bottom-padding\">\n        <!-- Content -->\n    <div class=\"mtt-text-image-container\">\n        <div class=\"mtt-text-image-col\">\n            <div class=\"mtt-text-image-content formatted_content\">\n                                <h2>Warum sind 400 Hz-Wandler wichtig?<\/h2>\n                <p>400 Hz ist die Standardfrequenz f\u00fcr Ger\u00e4te an Bord von Flugzeugen.<br \/>W\u00e4hrend des Fluges verwenden Flugzeuge ihre eigenen Triebwerke, die an Generatoren angeschlossen sind, die den 400 Hz-Strom erzeugen, um die elektrischen Systeme und Ger\u00e4te an Bord am Laufen zu halten.<\/p>\n<p>W\u00e4hrend des Turnarounds werden die Flugzeugtriebwerke jedoch abgeschaltet, um den L\u00e4rm und die Emissionen auf dem Vorfeld zu begrenzen. Daher muss die Stromversorgung von einer externen Quelle stammen. <\/p>\n\n                            <\/div>\n        <\/div>\n                    <div class=\"mtt-text-image-col img center\">\n                <div class=\"mtt-text-image-content\">\n                    <img decoding=\"async\" width=\"1824\" height=\"1368\" src=\"https:\/\/itwgse.com\/wp-content\/uploads\/2018\/03\/ITW-GSE-2400_Mobile-2-1.png\" class=\"attachment-full size-full\" alt=\"mobile 2400 GPU from ITW SGE\" srcset=\"https:\/\/itwgse.com\/wp-content\/uploads\/2018\/03\/ITW-GSE-2400_Mobile-2-1.png 1824w, https:\/\/itwgse.com\/wp-content\/uploads\/2018\/03\/ITW-GSE-2400_Mobile-2-1-300x225.png 300w, https:\/\/itwgse.com\/wp-content\/uploads\/2018\/03\/ITW-GSE-2400_Mobile-2-1-1024x768.png 1024w, https:\/\/itwgse.com\/wp-content\/uploads\/2018\/03\/ITW-GSE-2400_Mobile-2-1-768x576.png 768w, https:\/\/itwgse.com\/wp-content\/uploads\/2018\/03\/ITW-GSE-2400_Mobile-2-1-1536x1152.png 1536w, https:\/\/itwgse.com\/wp-content\/uploads\/2018\/03\/ITW-GSE-2400_Mobile-2-1-600x450.png 600w, https:\/\/itwgse.com\/wp-content\/uploads\/2018\/03\/ITW-GSE-2400_Mobile-2-1-400x300.png 400w, https:\/\/itwgse.com\/wp-content\/uploads\/2018\/03\/ITW-GSE-2400_Mobile-2-1-289x217.png 289w\" sizes=\"(max-width: 1824px) 100vw, 1824px\" \/>                \n                    \n                    \n                <\/div>\n            <\/div>\n            <\/div>\n<\/div>\n\n<script>\nfunction sendEvent(action, element) {\n    var videoTitle = jQuery(element).data('title');  \n\n    if (dataLayer && videoTitle) {\n        dataLayer.push({\n            'event': 'video',\n            'eventCategory': 'Video',\n            'eventAction': action,\n            'eventLabel': videoTitle\n        });\n    }\n    else if (ga && videoTitle) {\n        ga('send', 'event', 'Video', action, videoTitle);\n    }  \n}\n<\/script>\n<\/div><\/div><div id=\"panel-45456-0-0-3\" class=\"so-panel widget widget_mtt-text-image panel-last-child\" data-index=\"3\" ><div\n\t\t\t\n\t\t\tclass=\"so-widget-mtt-text-image so-widget-mtt-text-image-base\"\n\t\t\t\n\t\t>\n<div class=\"mtt-text-image-wrap flip no-top-padding no-bottom-padding\">\n        <!-- Content -->\n    <div class=\"mtt-text-image-container\">\n        <div class=\"mtt-text-image-col\">\n            <div class=\"mtt-text-image-content formatted_content\">\n                                <h2>Wie kann ich einen 400 Hz I: Konverter erwerben?<\/h2>\n                <p>Wenn Sie einen 400 Hz I: Konverter suchen, nehmen Sie Kontakt <a href=\"https:\/\/itwgse.com\/our-team\/\">mit uns<\/a> auf.<\/p>\n<p>Wir haben ein komplettes Angebot an <a href=\"https:\/\/itwgse.com\/products\/power\/itw-gse-2400-compact-gpu\/\" target=\"_blank\" rel=\"noopener\">feststoff-<\/a> und <a href=\"https:\/\/itwgse.com\/products\/power\/itw-gse-7400-egpu\/\" target=\"_blank\" rel=\"noopener\">batteriebetriebenen<\/a> GPUs.<\/p>\n<p>Klicken Sie hier f\u00fcr <a href=\"https:\/\/itwgse.com\/ground-power-units\/\" target=\"_blank\" rel=\"noopener\">eine vollst\u00e4ndige \u00dcbersicht \u00fcber 400 Hz I: Konverter<\/a>.<\/p>\n\n                                    <div class=\"button-wrap\">\n                                                    <a href=\"https:\/\/itwgse.com\/our-team\/\" class=\"button\">\n                                [DE] Contact us                            <\/a>\n                                            <\/div>\n                            <\/div>\n        <\/div>\n                    <div class=\"mtt-text-image-col img center\">\n                <div class=\"mtt-text-image-content\">\n                    <img decoding=\"async\" width=\"1056\" height=\"972\" src=\"https:\/\/itwgse.com\/wp-content\/uploads\/2019\/08\/ITW-GSE-2400_PowerCoilWithoutBridge.png\" class=\"attachment-full size-full\" alt=\"itwgse, itw-gse, itw_gse, itw gse, itw.gse, itwgsepowercoil, itwgse2400powercoil, itw-gse-2400-power-coil, 2400-power-coil,\" srcset=\"https:\/\/itwgse.com\/wp-content\/uploads\/2019\/08\/ITW-GSE-2400_PowerCoilWithoutBridge.png 1056w, https:\/\/itwgse.com\/wp-content\/uploads\/2019\/08\/ITW-GSE-2400_PowerCoilWithoutBridge-300x276.png 300w, https:\/\/itwgse.com\/wp-content\/uploads\/2019\/08\/ITW-GSE-2400_PowerCoilWithoutBridge-1024x943.png 1024w, https:\/\/itwgse.com\/wp-content\/uploads\/2019\/08\/ITW-GSE-2400_PowerCoilWithoutBridge-150x138.png 150w, https:\/\/itwgse.com\/wp-content\/uploads\/2019\/08\/ITW-GSE-2400_PowerCoilWithoutBridge-360x331.png 360w\" sizes=\"(max-width: 1056px) 100vw, 1056px\" \/>                \n                    \n                    \n                <\/div>\n            <\/div>\n            <\/div>\n<\/div>\n\n<script>\nfunction sendEvent(action, element) {\n    var videoTitle = jQuery(element).data('title');  \n\n    if (dataLayer && videoTitle) {\n        dataLayer.push({\n            'event': 'video',\n            'eventCategory': 'Video',\n            'eventAction': action,\n            'eventLabel': videoTitle\n        });\n    }\n    else if (ga && videoTitle) {\n        ga('send', 'event', 'Video', action, videoTitle);\n    }  \n}\n<\/script>\n<\/div><\/div><\/div><\/div><\/div>","protected":false},"excerpt":{"rendered":"<p>400 Hz I: Konverter Warum 400 Hz-Konverter unverzichtbar sind Ground Support Equipment Was ist ein 400 Hz I: Konverter? Der 400 Hz I: ist&#8230;<\/p>\n","protected":false},"author":11,"featured_media":14725,"parent":0,"menu_order":162,"comment_status":"closed","ping_status":"closed","template":"","meta":{"_acf_changed":false,"_relevanssi_hide_post":"","_relevanssi_hide_content":"","_relevanssi_pin_for_all":"","_relevanssi_pin_keywords":"","_relevanssi_unpin_keywords":"","_relevanssi_related_keywords":"","_relevanssi_related_include_ids":"","_relevanssi_related_exclude_ids":"","_relevanssi_related_no_append":"","_relevanssi_related_not_related":"","_relevanssi_related_posts":"","_relevanssi_noindex_reason":"","footnotes":""},"class_list":["post-45456","page","type-page","status-publish","has-post-thumbnail","hentry"],"acf":[],"yoast_head":"<!-- This site is optimized with the Yoast SEO plugin v27.0 - https:\/\/yoast.com\/product\/yoast-seo-wordpress\/ -->\n<title>400 Hz I: Konverter | Sparen Sie Gewicht und Platz an Bord des Flugzeugs | ITW GSE<\/title>\n<meta name=\"description\" content=\"Der 400 Hz I: ist eine externe Stromquelle, eine GPU, die Flugzeuge mit Strom versorgt, w\u00e4hrend diese am Boden sind.\" \/>\n<meta name=\"robots\" content=\"index, follow, max-snippet:-1, max-image-preview:large, max-video-preview:-1\" \/>\n<link rel=\"canonical\" href=\"https:\/\/itwgse.com\/de\/400-hz-i-konverter\/\" \/>\n<meta property=\"og:locale\" content=\"de_DE\" \/>\n<meta property=\"og:type\" content=\"article\" \/>\n<meta property=\"og:title\" content=\"400 Hz I: Konverter | Sparen Sie Gewicht und Platz an Bord des Flugzeugs | ITW GSE\" \/>\n<meta property=\"og:description\" content=\"Der 400 Hz I: ist eine externe Stromquelle, eine GPU, die Flugzeuge mit Strom versorgt, w\u00e4hrend diese am Boden sind.\" \/>\n<meta property=\"og:url\" content=\"https:\/\/itwgse.com\/de\/400-hz-i-konverter\/\" \/>\n<meta property=\"og:site_name\" content=\"ITW GSE\" \/>\n<meta property=\"article:publisher\" content=\"https:\/\/www.facebook.com\/ITWGSE\/\" \/>\n<meta property=\"og:image\" content=\"https:\/\/itwgse.com\/wp-content\/uploads\/2018\/03\/ITW-GSE-2400_Mobile-2-1.png\" \/>\n\t<meta property=\"og:image:width\" content=\"1824\" \/>\n\t<meta property=\"og:image:height\" content=\"1368\" \/>\n\t<meta property=\"og:image:type\" content=\"image\/png\" \/>\n<meta name=\"twitter:card\" content=\"summary_large_image\" \/>\n<script type=\"application\/ld+json\" class=\"yoast-schema-graph\">{\"@context\":\"https:\/\/schema.org\",\"@graph\":[{\"@type\":\"WebPage\",\"@id\":\"https:\/\/itwgse.com\/de\/400-hz-i-konverter\/\",\"url\":\"https:\/\/itwgse.com\/de\/400-hz-i-konverter\/\",\"name\":\"400 Hz I: Konverter | Sparen Sie Gewicht und Platz an Bord des Flugzeugs | ITW GSE\",\"isPartOf\":{\"@id\":\"https:\/\/itwgse.com\/#website\"},\"primaryImageOfPage\":{\"@id\":\"https:\/\/itwgse.com\/de\/400-hz-i-konverter\/#primaryimage\"},\"image\":{\"@id\":\"https:\/\/itwgse.com\/de\/400-hz-i-konverter\/#primaryimage\"},\"thumbnailUrl\":\"https:\/\/itwgse.com\/wp-content\/uploads\/2018\/03\/ITW-GSE-2400_Mobile-2-1.png\",\"datePublished\":\"2026-03-18T14:33:44+00:00\",\"description\":\"Der 400 Hz I: ist eine externe Stromquelle, eine GPU, die Flugzeuge mit Strom versorgt, w\u00e4hrend diese am Boden sind.\",\"breadcrumb\":{\"@id\":\"https:\/\/itwgse.com\/de\/400-hz-i-konverter\/#breadcrumb\"},\"inLanguage\":\"de\",\"potentialAction\":[{\"@type\":\"ReadAction\",\"target\":[\"https:\/\/itwgse.com\/de\/400-hz-i-konverter\/\"]}]},{\"@type\":\"ImageObject\",\"inLanguage\":\"de\",\"@id\":\"https:\/\/itwgse.com\/de\/400-hz-i-konverter\/#primaryimage\",\"url\":\"https:\/\/itwgse.com\/wp-content\/uploads\/2018\/03\/ITW-GSE-2400_Mobile-2-1.png\",\"contentUrl\":\"https:\/\/itwgse.com\/wp-content\/uploads\/2018\/03\/ITW-GSE-2400_Mobile-2-1.png\",\"width\":1824,\"height\":1368,\"caption\":\"mobile 2400 GPU von ITW SGE\"},{\"@type\":\"BreadcrumbList\",\"@id\":\"https:\/\/itwgse.com\/de\/400-hz-i-konverter\/#breadcrumb\",\"itemListElement\":[{\"@type\":\"ListItem\",\"position\":1,\"name\":\"Home\",\"item\":\"https:\/\/itwgse.com\/de\/home\/\"},{\"@type\":\"ListItem\",\"position\":2,\"name\":\"400 Hz I: Konverter\"}]},{\"@type\":\"WebSite\",\"@id\":\"https:\/\/itwgse.com\/#website\",\"url\":\"https:\/\/itwgse.com\/\",\"name\":\"ITW GSE\",\"description\":\"It&#039;s all about connections\",\"publisher\":{\"@id\":\"https:\/\/itwgse.com\/#organization\"},\"potentialAction\":[{\"@type\":\"SearchAction\",\"target\":{\"@type\":\"EntryPoint\",\"urlTemplate\":\"https:\/\/itwgse.com\/?s={search_term_string}\"},\"query-input\":{\"@type\":\"PropertyValueSpecification\",\"valueRequired\":true,\"valueName\":\"search_term_string\"}}],\"inLanguage\":\"de\"},{\"@type\":\"Organization\",\"@id\":\"https:\/\/itwgse.com\/#organization\",\"name\":\"ITW GSE\",\"url\":\"https:\/\/itwgse.com\/\",\"logo\":{\"@type\":\"ImageObject\",\"inLanguage\":\"de\",\"@id\":\"https:\/\/itwgse.com\/#\/schema\/logo\/image\/\",\"url\":\"https:\/\/itwgse.com\/wp-content\/uploads\/2018\/11\/logo.png\",\"contentUrl\":\"https:\/\/itwgse.com\/wp-content\/uploads\/2018\/11\/logo.png\",\"width\":302,\"height\":237,\"caption\":\"ITW GSE\"},\"image\":{\"@id\":\"https:\/\/itwgse.com\/#\/schema\/logo\/image\/\"},\"sameAs\":[\"https:\/\/www.facebook.com\/ITWGSE\/\",\"https:\/\/www.linkedin.com\/company\/itw-gse\/\",\"https:\/\/www.youtube.com\/channel\/UCTUIMvyaOPfYIqzP8enZ8yw\"]}]}<\/script>\n<!-- \/ Yoast SEO plugin. -->","yoast_head_json":{"title":"400 Hz I: Konverter | Sparen Sie Gewicht und Platz an Bord des Flugzeugs | ITW GSE","description":"Der 400 Hz I: ist eine externe Stromquelle, eine GPU, die Flugzeuge mit Strom versorgt, w\u00e4hrend diese am Boden sind.","robots":{"index":"index","follow":"follow","max-snippet":"max-snippet:-1","max-image-preview":"max-image-preview:large","max-video-preview":"max-video-preview:-1"},"canonical":"https:\/\/itwgse.com\/de\/400-hz-i-konverter\/","og_locale":"de_DE","og_type":"article","og_title":"400 Hz I: Konverter | Sparen Sie Gewicht und Platz an Bord des Flugzeugs | ITW GSE","og_description":"Der 400 Hz I: ist eine externe Stromquelle, eine GPU, die Flugzeuge mit Strom versorgt, w\u00e4hrend diese am Boden sind.","og_url":"https:\/\/itwgse.com\/de\/400-hz-i-konverter\/","og_site_name":"ITW GSE","article_publisher":"https:\/\/www.facebook.com\/ITWGSE\/","og_image":[{"width":1824,"height":1368,"url":"https:\/\/itwgse.com\/wp-content\/uploads\/2018\/03\/ITW-GSE-2400_Mobile-2-1.png","type":"image\/png"}],"twitter_card":"summary_large_image","schema":{"@context":"https:\/\/schema.org","@graph":[{"@type":"WebPage","@id":"https:\/\/itwgse.com\/de\/400-hz-i-konverter\/","url":"https:\/\/itwgse.com\/de\/400-hz-i-konverter\/","name":"400 Hz I: Konverter | Sparen Sie Gewicht und Platz an Bord des Flugzeugs | ITW GSE","isPartOf":{"@id":"https:\/\/itwgse.com\/#website"},"primaryImageOfPage":{"@id":"https:\/\/itwgse.com\/de\/400-hz-i-konverter\/#primaryimage"},"image":{"@id":"https:\/\/itwgse.com\/de\/400-hz-i-konverter\/#primaryimage"},"thumbnailUrl":"https:\/\/itwgse.com\/wp-content\/uploads\/2018\/03\/ITW-GSE-2400_Mobile-2-1.png","datePublished":"2026-03-18T14:33:44+00:00","description":"Der 400 Hz I: ist eine externe Stromquelle, eine GPU, die Flugzeuge mit Strom versorgt, w\u00e4hrend diese am Boden sind.","breadcrumb":{"@id":"https:\/\/itwgse.com\/de\/400-hz-i-konverter\/#breadcrumb"},"inLanguage":"de","potentialAction":[{"@type":"ReadAction","target":["https:\/\/itwgse.com\/de\/400-hz-i-konverter\/"]}]},{"@type":"ImageObject","inLanguage":"de","@id":"https:\/\/itwgse.com\/de\/400-hz-i-konverter\/#primaryimage","url":"https:\/\/itwgse.com\/wp-content\/uploads\/2018\/03\/ITW-GSE-2400_Mobile-2-1.png","contentUrl":"https:\/\/itwgse.com\/wp-content\/uploads\/2018\/03\/ITW-GSE-2400_Mobile-2-1.png","width":1824,"height":1368,"caption":"mobile 2400 GPU von ITW SGE"},{"@type":"BreadcrumbList","@id":"https:\/\/itwgse.com\/de\/400-hz-i-konverter\/#breadcrumb","itemListElement":[{"@type":"ListItem","position":1,"name":"Home","item":"https:\/\/itwgse.com\/de\/home\/"},{"@type":"ListItem","position":2,"name":"400 Hz I: Konverter"}]},{"@type":"WebSite","@id":"https:\/\/itwgse.com\/#website","url":"https:\/\/itwgse.com\/","name":"ITW GSE","description":"It&#039;s all about connections","publisher":{"@id":"https:\/\/itwgse.com\/#organization"},"potentialAction":[{"@type":"SearchAction","target":{"@type":"EntryPoint","urlTemplate":"https:\/\/itwgse.com\/?s={search_term_string}"},"query-input":{"@type":"PropertyValueSpecification","valueRequired":true,"valueName":"search_term_string"}}],"inLanguage":"de"},{"@type":"Organization","@id":"https:\/\/itwgse.com\/#organization","name":"ITW GSE","url":"https:\/\/itwgse.com\/","logo":{"@type":"ImageObject","inLanguage":"de","@id":"https:\/\/itwgse.com\/#\/schema\/logo\/image\/","url":"https:\/\/itwgse.com\/wp-content\/uploads\/2018\/11\/logo.png","contentUrl":"https:\/\/itwgse.com\/wp-content\/uploads\/2018\/11\/logo.png","width":302,"height":237,"caption":"ITW GSE"},"image":{"@id":"https:\/\/itwgse.com\/#\/schema\/logo\/image\/"},"sameAs":["https:\/\/www.facebook.com\/ITWGSE\/","https:\/\/www.linkedin.com\/company\/itw-gse\/","https:\/\/www.youtube.com\/channel\/UCTUIMvyaOPfYIqzP8enZ8yw"]}]}},"_links":{"self":[{"href":"https:\/\/itwgse.com\/de\/wp-json\/wp\/v2\/pages\/45456","targetHints":{"allow":["GET"]}}],"collection":[{"href":"https:\/\/itwgse.com\/de\/wp-json\/wp\/v2\/pages"}],"about":[{"href":"https:\/\/itwgse.com\/de\/wp-json\/wp\/v2\/types\/page"}],"author":[{"embeddable":true,"href":"https:\/\/itwgse.com\/de\/wp-json\/wp\/v2\/users\/11"}],"replies":[{"embeddable":true,"href":"https:\/\/itwgse.com\/de\/wp-json\/wp\/v2\/comments?post=45456"}],"version-history":[{"count":0,"href":"https:\/\/itwgse.com\/de\/wp-json\/wp\/v2\/pages\/45456\/revisions"}],"wp:featuredmedia":[{"embeddable":true,"href":"https:\/\/itwgse.com\/de\/wp-json\/wp\/v2\/media\/14725"}],"wp:attachment":[{"href":"https:\/\/itwgse.com\/de\/wp-json\/wp\/v2\/media?parent=45456"}],"curies":[{"name":"wp","href":"https:\/\/api.w.org\/{rel}","templated":true}]}}