{"id":45623,"date":"2026-04-13T16:42:50","date_gmt":"2026-04-13T14:42:50","guid":{"rendered":"https:\/\/itwgse.com\/egpu-fuer-die-luftfahrt\/top-gse-empfiehlt-die-itw-gse-7400-egpu-waehrend-der-fat\/"},"modified":"2026-04-13T16:42:50","modified_gmt":"2026-04-13T14:42:50","slug":"top-gse-empfiehlt-die-itw-gse-7400-egpu-waehrend-der-fat","status":"publish","type":"page","link":"https:\/\/itwgse.com\/de\/egpu-fuer-die-luftfahrt\/top-gse-empfiehlt-die-itw-gse-7400-egpu-waehrend-der-fat\/","title":{"rendered":"TOP GSE empfiehlt die ITW GSE 7400 eGPU w\u00e4hrend der FAT"},"content":{"rendered":"<div id=\"pl-45623\"  class=\"panel-layout\" ><div id=\"pg-45623-0\"  class=\"panel-grid panel-no-style\" ><div id=\"pgc-45623-0-0\"  class=\"panel-grid-cell\" ><div id=\"panel-45623-0-0-0\" class=\"so-panel widget widget_mtt-cover-section panel-first-child\" data-index=\"0\" ><div\n\t\t\t\n\t\t\tclass=\"so-widget-mtt-cover-section so-widget-mtt-cover-section-base\"\n\t\t\t\n\t\t>\n<div class=\"mtt-cover-section-wrap compact extra-small\">\n\t<div class=\"mtt-cover-curve\">\n\t\t<img decoding=\"async\"  src=\"https:\/\/itwgse.com\/wp-content\/themes\/mtt-standard-theme\/assets\/img\/cover\/itwgse_cut.svg\">\t<\/div>\n    <div class=\"mtt-cover-compact-background object-fit\">\n                    <img decoding=\"async\"\n                src=\"https:\/\/itwgse.com\/wp-content\/uploads\/2021\/12\/IMG_5150-scaled.jpg\"\n                alt=\"\"\n                data-skip-lazy\n            >\n                            <\/div>\n    <div class=\"mtt-cover-compact-container\">\n        <div class=\"mtt-cover-section-text no-max-width\">\n            <h1>TOP GSE empfiehlt die 7400 eGPU w\u00e4hrend der FAT<\/h1>\n                                <div class=\"text\"><p>Bei einem Factory Acceptance Test in unseren Einrichtungen hat TOP GSE die batteriebetriebene 7400 eGPU getestet und zugelassen und damit einen neuen Standard f\u00fcr einen saubereren Bodenbetrieb in Spanien gesetzt.<\/p>\n<\/div>\n                            <\/div>\n    <\/div>\n<\/div>\n<\/div><\/div><div id=\"panel-45623-0-0-1\" class=\"so-panel widget widget_mtt-text-image\" data-index=\"1\" ><div\n\t\t\t\n\t\t\tclass=\"so-widget-mtt-text-image so-widget-mtt-text-image-base\"\n\t\t\t\n\t\t>\n<div class=\"mtt-text-image-wrap less-top-padding less-bottom-padding\">\n        <!-- Content -->\n    <div class=\"mtt-text-image-container\">\n        <div class=\"mtt-text-image-col\">\n            <div class=\"mtt-text-image-content formatted_content\">\n                                <h2>Der Erfahrungsbericht von TOP GSE<\/h2>\n                <p>W\u00e4hrend eines Factory Acceptance Tests in unseren Einrichtungen in Odense, D\u00e4nemark, hat Mateo Salamanca, Generaldirektor von TOP GSE, die <a href=\"https:\/\/itwgse.com\/products\/power\/itw-gse-7400-egpu\/\">batteriebetriebene 7400 eGPU<\/a> zusammen mit unserem Team getestet.<\/p>\n<p>In diesem Video erz\u00e4hlt er, warum ihn die 7400 eGPU beeindruckt hat. Er hebt sowohl die betrieblichen Einsparungen als auch die Umweltvorteile hervor, die eine sauberere Bodenabfertigung unterst\u00fctzen.<\/p>\n\n                            <\/div>\n        <\/div>\n                    <div class=\"mtt-text-image-col video\">\n                <div class=\"mtt-text-image-content\">\n                                    \n                    \n                        <div class=\"mtt-text-image-video-wrap\">\n                            <div class=\"mtt-text-image-video-container\">\n                                <video preload=\"auto\" controls data-title=\"TOP GSE ITW GSE 7400 &#8211; English\" onpause=\"sendEvent('Pause', this)\" onplay=\"sendEvent('Play', this)\" onended=\"sendEvent('Ended', this)\">\n                                    <source type=\"video\/mp4\" src=\"https:\/\/itwgse.com\/wp-content\/uploads\/2020\/01\/TOP-GSE-ITW-GSE-7400-English.mp4#t=0.1\">\n                                <\/video>\n                            <\/div>\n                        <\/div>\n\n                    \n                <\/div>\n            <\/div>\n            <\/div>\n<\/div>\n\n<script>\nfunction sendEvent(action, element) {\n    var videoTitle = jQuery(element).data('title');  \n\n    if (dataLayer && videoTitle) {\n        dataLayer.push({\n            'event': 'video',\n            'eventCategory': 'Video',\n            'eventAction': action,\n            'eventLabel': videoTitle\n        });\n    }\n    else if (ga && videoTitle) {\n        ga('send', 'event', 'Video', action, videoTitle);\n    }  \n}\n<\/script>\n<\/div><\/div><div id=\"panel-45623-0-0-2\" class=\"so-panel widget widget_mtt-text\" data-index=\"2\" ><div class=\"panel-widget-style panel-widget-style-for-45623-0-0-2\" ><div\n\t\t\t\n\t\t\tclass=\"so-widget-mtt-text so-widget-mtt-text-base\"\n\t\t\t\n\t\t>\n<div class=\"mtt-text-wrapper\">\n    <div class=\"mtt-text-container\">\n        <div class=\"mtt-text-content\">\n                        <div class=\"text-section formatted_content\">\n                <p style=\"text-align: center; color: #fff;\"><em>\"<\/em><em>Die Hauptvorteile dieses Ger\u00e4ts sind nicht nur die direkten Einsparungen bei den Betriebskosten, sondern vor allem die Reduzierung der CO\u2082-Emissionen auf Null.<\/em><br \/><em>Wir empfehlen den Einsatz dieses Ger\u00e4ts nachdr\u00fccklich, denn wir alle haben eine bessere Welt verdient.\"<\/em><br \/><em><br \/>- <strong>Mateo Salamanca, Generaldirektor, TOP GSE<\/strong><\/em><\/p>\n            <\/div>\n        <\/div>\n    <\/div>\n<\/div><\/div><\/div><\/div><div id=\"panel-45623-0-0-3\" class=\"so-panel widget widget_mtt-text-image\" data-index=\"3\" ><div\n\t\t\t\n\t\t\tclass=\"so-widget-mtt-text-image so-widget-mtt-text-image-base\"\n\t\t\t\n\t\t>\n<div class=\"mtt-text-image-wrap less-top-padding less-bottom-padding\">\n        <!-- Content -->\n    <div class=\"mtt-text-image-container\">\n        <div class=\"mtt-text-image-col\">\n            <div class=\"mtt-text-image-content formatted_content\">\n                                <h2>Die ITW GSE-L\u00f6sung<\/h2>\n                <p>Die <a href=\"https:\/\/itwgse.com\/products\/power\/itw-gse-7400-egpu\/\">ITW GSE 7400 eGPU<\/a> ist ein batteriebetriebenes Bodenstromaggregat, das zuverl\u00e4ssigen 400-Hz-Strom ohne fossile Brennstoffe liefert.<br \/>Es hilft Flugh\u00e4fen und Abfertigungsunternehmen, den Treibstoffverbrauch zu reduzieren, die Emissionen zu senken und die Wartung zu vereinfachen - und das alles bei gleichbleibender Leistung wie bei herk\u00f6mmlichen GPUs.<\/p>\n<p><strong>Das Ergebnis:<\/strong><\/p>\n<ul>\n<li><strong>Gepr\u00fcfte Leistung:<\/strong> Erfolgreich getestet und genehmigt w\u00e4hrend des FAT in den Einrichtungen von ITW GSE in D\u00e4nemark.<\/li>\n<li><strong>Geringere Betriebskosten:<\/strong> Der Batteriebetrieb sorgt f\u00fcr direkte Einsparungen im Vergleich zu Dieselger\u00e4ten.<\/li>\n<li><strong>Sauberer Bodenbetrieb:<\/strong> Unterst\u00fctzt den \u00dcbergang zu reduzierten CO\u2082-Emissionen in Flughafenumgebungen.<\/li>\n<li><strong>Bew\u00e4hrte Zuverl\u00e4ssigkeit:<\/strong> Entwickelt f\u00fcr den t\u00e4glichen Einsatz in der kommerziellen Bodenabfertigung.<\/li>\n<\/ul>\n\n                            <\/div>\n        <\/div>\n                    <div class=\"mtt-text-image-col video\">\n                <div class=\"mtt-text-image-content\">\n                                    \n                    \n                        <div class=\"mtt-text-image-video-wrap\">\n                            <div class=\"mtt-text-image-video-container\">\n                                <video preload=\"auto\" controls data-title=\"ITW GSE 7400 eGPU film_PowerPoint_subs\" onpause=\"sendEvent('Pause', this)\" onplay=\"sendEvent('Play', this)\" onended=\"sendEvent('Ended', this)\">\n                                    <source type=\"video\/mp4\" src=\"https:\/\/itwgse.com\/wp-content\/uploads\/2025\/09\/ITW-GSE-7400-eGPU-film_PowerPoint_subs.mp4#t=0.1\">\n                                <\/video>\n                            <\/div>\n                        <\/div>\n\n                    \n                <\/div>\n            <\/div>\n            <\/div>\n<\/div>\n\n<script>\nfunction sendEvent(action, element) {\n    var videoTitle = jQuery(element).data('title');  \n\n    if (dataLayer && videoTitle) {\n        dataLayer.push({\n            'event': 'video',\n            'eventCategory': 'Video',\n            'eventAction': action,\n            'eventLabel': videoTitle\n        });\n    }\n    else if (ga && videoTitle) {\n        ga('send', 'event', 'Video', action, videoTitle);\n    }  \n}\n<\/script>\n<\/div><\/div><div id=\"panel-45623-0-0-4\" class=\"so-panel widget widget_mtt-contact-form\" data-index=\"4\" ><div\n\t\t\t\n\t\t\tclass=\"so-widget-mtt-contact-form so-widget-mtt-contact-form-base\"\n\t\t\t\n\t\t>\n<div\n    class=\"mtt-cta-banner-wrapper mtt-contact-form-wrapper\"\n    >\n            <div class=\"cta-banner-background video\">\n                            \n                <video playsinline autoplay muted loop>\n                    <source src=\"\" type=\"\">\n                <\/video>\n                    <\/div>\n    \n            <div class=\"cta-banner-overlay\" style=\"background:#00b0eb;opacity:1\"><\/div>\n    \n    <div\n        class=\"mtt-contact-form-container mtt-cta-banner-container\"\n        data-layout=\"center\"\n    >\n        <div\n            class=\"cta-banner-content mtt-text-content\"\n        >\n                            <h2>Lassen Sie uns Ihr n\u00e4chstes Projekt mit Leistung versorgen<\/h2>\n                        <div class=\"text-section formatted_content\">\n                <p>Wenden Sie sich an unser Team und erfahren Sie, wie ITW GSE eGPUs Ihren Betrieb sauber, zuverl\u00e4ssig und kosteneffizient machen k\u00f6nnen.<\/p>\n            <\/div>\n        <\/div>\n        \n                    <div class=\"button-wrap\">\n                \n                                                                <button\n                            class=\"button open-modal button white button-margin\"\n                            data-id=\"8a9b6167-7f15-450f-8fcf-006b9ea0d0020\"\n                        >\n                            Nehmen Sie Kontakt auf                        <\/button>\n                                                                        <\/div>\n                \n    <\/div>\n<\/div>\n<\/div><\/div><div id=\"panel-45623-0-0-5\" class=\"so-panel widget widget_mtt-product-boxes panel-last-child\" data-index=\"5\" ><div\n\t\t\t\n\t\t\tclass=\"so-widget-mtt-product-boxes so-widget-mtt-product-boxes-base\"\n\t\t\t\n\t\t>\n<div class=\"mtt-product-boxes-wrap\">\n\t<div class=\"mtt-product-boxes-container mtt-product-boxes-container--per-row-3\">\n\t\t<div class=\"mtt-product-boxes-text\">\n\t\t\t<h2>Mehr erforschen<\/h2>\n\t\t\t<p>Erfahren Sie mehr \u00fcber unsere batteriebetriebenen GPUs und wie sie einen sauberen und effizienten Flugbetrieb weltweit unterst\u00fctzen.<\/p>\n\t\t<\/div>\n\t\t<div class=\"mtt-product-boxes-grid mtt-product-boxes-grid--default mtt-product-boxes-grid--font-default\">\n\t\t\t\t\t\t\t<a href=\"https:\/\/itwgse.com\/products\/power\/itw-gse-7400-egpu\/\" class=\"mtt-product-box\">\n\t\t\t\t\t<div class=\"mtt-product-box-title\">\n\t\t\t\t\t\tITW GSE 7400 eGPU\t\t\t\t\t\t<svg class=\"icon\"><use xlink:href=\"#right-arrow\" \/><\/svg>\n\t\t\t\t\t<\/div>\n                                            <div class=\"mtt-product-box-image\">\n                            <div class=\"image\">\n                                <img src='https:\/\/itwgse.com\/wp-content\/uploads\/2018\/06\/ITW_GSE_7400_Mark_II_3d_flipped_pointing-right_okt2022-2-360x208.png' alt='7400 400 Hz May2024'>\n                            <\/div>\n                            <div class=\"shadow\"><\/div>\n                            <div class=\"badge\"><\/div>\n                        <\/div>\n                    \t\t\t\t\t\t\t\t\t\t<div class=\"mtt-product-box-arrow no-text\">\n\t\t\t\t\t\t\t\t\t\t\t\t<svg class=\"icon\"><use xlink:href=\"#right-arrow\" \/><\/svg>\n\t\t\t\t\t<\/div>\n\t\t\t\t<\/a>\n\t\t\t\t\t\t\t<a href=\"https:\/\/itwgse.com\/egpu-for-aviation\/\" class=\"mtt-product-box\">\n\t\t\t\t\t<div class=\"mtt-product-box-title\">\n\t\t\t\t\t\teGPU f\u00fcr die Luftfahrt\t\t\t\t\t\t<svg class=\"icon\"><use xlink:href=\"#right-arrow\" \/><\/svg>\n\t\t\t\t\t<\/div>\n                                            <div class=\"mtt-product-box-image\">\n                            <div class=\"image\">\n                                <img src='https:\/\/itwgse.com\/wp-content\/uploads\/2018\/06\/14743_7400-series_WITH-kVAHzVDC-2-360x281.png' alt=''>\n                            <\/div>\n                            <div class=\"shadow\"><\/div>\n                            <div class=\"badge\"><\/div>\n                        <\/div>\n                    \t\t\t\t\t\t\t\t\t\t<div class=\"mtt-product-box-arrow no-text\">\n\t\t\t\t\t\t\t\t\t\t\t\t<svg class=\"icon\"><use xlink:href=\"#right-arrow\" \/><\/svg>\n\t\t\t\t\t<\/div>\n\t\t\t\t<\/a>\n\t\t\t\t\t\t\t<a href=\"https:\/\/itwgse.com\/products\/power\/itw-gse-7400-jetex-28-vdc-egpu\/\" class=\"mtt-product-box\">\n\t\t\t\t\t<div class=\"mtt-product-box-title\">\n\t\t\t\t\t\tITW GSE 7400 JetEx 28 VDC eGPU\t\t\t\t\t\t<svg class=\"icon\"><use xlink:href=\"#right-arrow\" \/><\/svg>\n\t\t\t\t\t<\/div>\n                                            <div class=\"mtt-product-box-image\">\n                            <div class=\"image\">\n                                <img src='https:\/\/itwgse.com\/wp-content\/uploads\/2019\/10\/7400_jetex_beacons-small-360x203.png' alt='itw gse, itwgse, itwgse 7400, itwgse 7400 jetex, battery driven gpu, aircraft gpu, airline gpu, hangar gpu, Ground Power Units'>\n                            <\/div>\n                            <div class=\"shadow\"><\/div>\n                            <div class=\"badge\"><\/div>\n                        <\/div>\n                    \t\t\t\t\t\t\t\t\t\t<div class=\"mtt-product-box-arrow no-text\">\n\t\t\t\t\t\t\t\t\t\t\t\t<svg class=\"icon\"><use xlink:href=\"#right-arrow\" \/><\/svg>\n\t\t\t\t\t<\/div>\n\t\t\t\t<\/a>\n\t\t\t\t\t<\/div>\n\t\t\t<\/div>\n<\/div>\n<\/div><\/div><\/div><\/div><\/div>","protected":false},"excerpt":{"rendered":"<p>TOP GSE empfiehlt die 7400 eGPU w\u00e4hrend der FAT Bei einem Factory Acceptance Test in unseren Einrichtungen hat TOP GSE die batteriebetriebene 7400 eGPU&#8230;<\/p>\n","protected":false},"author":1,"featured_media":0,"parent":45515,"menu_order":33,"comment_status":"closed","ping_status":"closed","template":"","meta":{"_acf_changed":false,"_relevanssi_hide_post":"","_relevanssi_hide_content":"","_relevanssi_pin_for_all":"","_relevanssi_pin_keywords":"","_relevanssi_unpin_keywords":"","_relevanssi_related_keywords":"","_relevanssi_related_include_ids":"","_relevanssi_related_exclude_ids":"","_relevanssi_related_no_append":"","_relevanssi_related_not_related":"","_relevanssi_related_posts":"","_relevanssi_noindex_reason":"","footnotes":""},"class_list":["post-45623","page","type-page","status-publish","hentry"],"acf":[],"yoast_head":"<!-- This site is optimized with the Yoast SEO plugin v27.0 - https:\/\/yoast.com\/product\/yoast-seo-wordpress\/ -->\n<title>TOP GSE empfiehlt die ITW GSE 7400 eGPU w\u00e4hrend der FAT<\/title>\n<meta name=\"description\" content=\"Erfahren Sie, wie TOP GSE die ITW GSE 7400 eGPU w\u00e4hrend der FAT in D\u00e4nemark getestet und zugelassen hat und damit den Weg f\u00fcr einen saubereren, effizienteren Bodenbetrieb in Spanien bereitet hat.\" \/>\n<meta name=\"robots\" content=\"index, follow, max-snippet:-1, max-image-preview:large, max-video-preview:-1\" \/>\n<link rel=\"canonical\" href=\"https:\/\/itwgse.com\/de\/egpu-fuer-die-luftfahrt\/top-gse-empfiehlt-die-itw-gse-7400-egpu-waehrend-der-fat\/\" \/>\n<meta property=\"og:locale\" content=\"de_DE\" \/>\n<meta property=\"og:type\" content=\"article\" \/>\n<meta property=\"og:title\" content=\"TOP GSE empfiehlt die ITW GSE 7400 eGPU w\u00e4hrend der FAT\" \/>\n<meta property=\"og:description\" content=\"Erfahren Sie, wie TOP GSE die ITW GSE 7400 eGPU w\u00e4hrend der FAT in D\u00e4nemark getestet und zugelassen hat und damit den Weg f\u00fcr einen saubereren, effizienteren Bodenbetrieb in Spanien bereitet hat.\" \/>\n<meta property=\"og:url\" content=\"https:\/\/itwgse.com\/de\/egpu-fuer-die-luftfahrt\/top-gse-empfiehlt-die-itw-gse-7400-egpu-waehrend-der-fat\/\" \/>\n<meta property=\"og:site_name\" content=\"ITW GSE\" \/>\n<meta property=\"article:publisher\" content=\"https:\/\/www.facebook.com\/ITWGSE\/\" \/>\n<meta name=\"twitter:card\" content=\"summary_large_image\" \/>\n<script type=\"application\/ld+json\" class=\"yoast-schema-graph\">{\"@context\":\"https:\/\/schema.org\",\"@graph\":[{\"@type\":\"WebPage\",\"@id\":\"https:\/\/itwgse.com\/de\/egpu-fuer-die-luftfahrt\/top-gse-empfiehlt-die-itw-gse-7400-egpu-waehrend-der-fat\/\",\"url\":\"https:\/\/itwgse.com\/de\/egpu-fuer-die-luftfahrt\/top-gse-empfiehlt-die-itw-gse-7400-egpu-waehrend-der-fat\/\",\"name\":\"TOP GSE empfiehlt die ITW GSE 7400 eGPU w\u00e4hrend der FAT\",\"isPartOf\":{\"@id\":\"https:\/\/itwgse.com\/#website\"},\"datePublished\":\"2026-04-13T14:42:50+00:00\",\"description\":\"Erfahren Sie, wie TOP GSE die ITW GSE 7400 eGPU w\u00e4hrend der FAT in D\u00e4nemark getestet und zugelassen hat und damit den Weg f\u00fcr einen saubereren, effizienteren Bodenbetrieb in Spanien bereitet hat.\",\"breadcrumb\":{\"@id\":\"https:\/\/itwgse.com\/de\/egpu-fuer-die-luftfahrt\/top-gse-empfiehlt-die-itw-gse-7400-egpu-waehrend-der-fat\/#breadcrumb\"},\"inLanguage\":\"de\",\"potentialAction\":[{\"@type\":\"ReadAction\",\"target\":[\"https:\/\/itwgse.com\/de\/egpu-fuer-die-luftfahrt\/top-gse-empfiehlt-die-itw-gse-7400-egpu-waehrend-der-fat\/\"]}]},{\"@type\":\"BreadcrumbList\",\"@id\":\"https:\/\/itwgse.com\/de\/egpu-fuer-die-luftfahrt\/top-gse-empfiehlt-die-itw-gse-7400-egpu-waehrend-der-fat\/#breadcrumb\",\"itemListElement\":[{\"@type\":\"ListItem\",\"position\":1,\"name\":\"Home\",\"item\":\"https:\/\/itwgse.com\/de\/home\/\"},{\"@type\":\"ListItem\",\"position\":2,\"name\":\"eGPU f\u00fcr die Luftfahrt\",\"item\":\"https:\/\/itwgse.com\/de\/egpu-fuer-die-luftfahrt\/\"},{\"@type\":\"ListItem\",\"position\":3,\"name\":\"TOP GSE empfiehlt die ITW GSE 7400 eGPU w\u00e4hrend der FAT\"}]},{\"@type\":\"WebSite\",\"@id\":\"https:\/\/itwgse.com\/#website\",\"url\":\"https:\/\/itwgse.com\/\",\"name\":\"ITW GSE\",\"description\":\"It&#039;s all about connections\",\"publisher\":{\"@id\":\"https:\/\/itwgse.com\/#organization\"},\"potentialAction\":[{\"@type\":\"SearchAction\",\"target\":{\"@type\":\"EntryPoint\",\"urlTemplate\":\"https:\/\/itwgse.com\/?s={search_term_string}\"},\"query-input\":{\"@type\":\"PropertyValueSpecification\",\"valueRequired\":true,\"valueName\":\"search_term_string\"}}],\"inLanguage\":\"de\"},{\"@type\":\"Organization\",\"@id\":\"https:\/\/itwgse.com\/#organization\",\"name\":\"ITW GSE\",\"url\":\"https:\/\/itwgse.com\/\",\"logo\":{\"@type\":\"ImageObject\",\"inLanguage\":\"de\",\"@id\":\"https:\/\/itwgse.com\/#\/schema\/logo\/image\/\",\"url\":\"https:\/\/itwgse.com\/wp-content\/uploads\/2018\/11\/logo.png\",\"contentUrl\":\"https:\/\/itwgse.com\/wp-content\/uploads\/2018\/11\/logo.png\",\"width\":302,\"height\":237,\"caption\":\"ITW GSE\"},\"image\":{\"@id\":\"https:\/\/itwgse.com\/#\/schema\/logo\/image\/\"},\"sameAs\":[\"https:\/\/www.facebook.com\/ITWGSE\/\",\"https:\/\/www.linkedin.com\/company\/itw-gse\/\",\"https:\/\/www.youtube.com\/channel\/UCTUIMvyaOPfYIqzP8enZ8yw\"]}]}<\/script>\n<!-- \/ Yoast SEO plugin. -->","yoast_head_json":{"title":"TOP GSE empfiehlt die ITW GSE 7400 eGPU w\u00e4hrend der FAT","description":"Erfahren Sie, wie TOP GSE die ITW GSE 7400 eGPU w\u00e4hrend der FAT in D\u00e4nemark getestet und zugelassen hat und damit den Weg f\u00fcr einen saubereren, effizienteren Bodenbetrieb in Spanien bereitet hat.","robots":{"index":"index","follow":"follow","max-snippet":"max-snippet:-1","max-image-preview":"max-image-preview:large","max-video-preview":"max-video-preview:-1"},"canonical":"https:\/\/itwgse.com\/de\/egpu-fuer-die-luftfahrt\/top-gse-empfiehlt-die-itw-gse-7400-egpu-waehrend-der-fat\/","og_locale":"de_DE","og_type":"article","og_title":"TOP GSE empfiehlt die ITW GSE 7400 eGPU w\u00e4hrend der FAT","og_description":"Erfahren Sie, wie TOP GSE die ITW GSE 7400 eGPU w\u00e4hrend der FAT in D\u00e4nemark getestet und zugelassen hat und damit den Weg f\u00fcr einen saubereren, effizienteren Bodenbetrieb in Spanien bereitet hat.","og_url":"https:\/\/itwgse.com\/de\/egpu-fuer-die-luftfahrt\/top-gse-empfiehlt-die-itw-gse-7400-egpu-waehrend-der-fat\/","og_site_name":"ITW GSE","article_publisher":"https:\/\/www.facebook.com\/ITWGSE\/","twitter_card":"summary_large_image","schema":{"@context":"https:\/\/schema.org","@graph":[{"@type":"WebPage","@id":"https:\/\/itwgse.com\/de\/egpu-fuer-die-luftfahrt\/top-gse-empfiehlt-die-itw-gse-7400-egpu-waehrend-der-fat\/","url":"https:\/\/itwgse.com\/de\/egpu-fuer-die-luftfahrt\/top-gse-empfiehlt-die-itw-gse-7400-egpu-waehrend-der-fat\/","name":"TOP GSE empfiehlt die ITW GSE 7400 eGPU w\u00e4hrend der FAT","isPartOf":{"@id":"https:\/\/itwgse.com\/#website"},"datePublished":"2026-04-13T14:42:50+00:00","description":"Erfahren Sie, wie TOP GSE die ITW GSE 7400 eGPU w\u00e4hrend der FAT in D\u00e4nemark getestet und zugelassen hat und damit den Weg f\u00fcr einen saubereren, effizienteren Bodenbetrieb in Spanien bereitet hat.","breadcrumb":{"@id":"https:\/\/itwgse.com\/de\/egpu-fuer-die-luftfahrt\/top-gse-empfiehlt-die-itw-gse-7400-egpu-waehrend-der-fat\/#breadcrumb"},"inLanguage":"de","potentialAction":[{"@type":"ReadAction","target":["https:\/\/itwgse.com\/de\/egpu-fuer-die-luftfahrt\/top-gse-empfiehlt-die-itw-gse-7400-egpu-waehrend-der-fat\/"]}]},{"@type":"BreadcrumbList","@id":"https:\/\/itwgse.com\/de\/egpu-fuer-die-luftfahrt\/top-gse-empfiehlt-die-itw-gse-7400-egpu-waehrend-der-fat\/#breadcrumb","itemListElement":[{"@type":"ListItem","position":1,"name":"Home","item":"https:\/\/itwgse.com\/de\/home\/"},{"@type":"ListItem","position":2,"name":"eGPU f\u00fcr die Luftfahrt","item":"https:\/\/itwgse.com\/de\/egpu-fuer-die-luftfahrt\/"},{"@type":"ListItem","position":3,"name":"TOP GSE empfiehlt die ITW GSE 7400 eGPU w\u00e4hrend der FAT"}]},{"@type":"WebSite","@id":"https:\/\/itwgse.com\/#website","url":"https:\/\/itwgse.com\/","name":"ITW GSE","description":"It&#039;s all about connections","publisher":{"@id":"https:\/\/itwgse.com\/#organization"},"potentialAction":[{"@type":"SearchAction","target":{"@type":"EntryPoint","urlTemplate":"https:\/\/itwgse.com\/?s={search_term_string}"},"query-input":{"@type":"PropertyValueSpecification","valueRequired":true,"valueName":"search_term_string"}}],"inLanguage":"de"},{"@type":"Organization","@id":"https:\/\/itwgse.com\/#organization","name":"ITW GSE","url":"https:\/\/itwgse.com\/","logo":{"@type":"ImageObject","inLanguage":"de","@id":"https:\/\/itwgse.com\/#\/schema\/logo\/image\/","url":"https:\/\/itwgse.com\/wp-content\/uploads\/2018\/11\/logo.png","contentUrl":"https:\/\/itwgse.com\/wp-content\/uploads\/2018\/11\/logo.png","width":302,"height":237,"caption":"ITW GSE"},"image":{"@id":"https:\/\/itwgse.com\/#\/schema\/logo\/image\/"},"sameAs":["https:\/\/www.facebook.com\/ITWGSE\/","https:\/\/www.linkedin.com\/company\/itw-gse\/","https:\/\/www.youtube.com\/channel\/UCTUIMvyaOPfYIqzP8enZ8yw"]}]}},"_links":{"self":[{"href":"https:\/\/itwgse.com\/de\/wp-json\/wp\/v2\/pages\/45623","targetHints":{"allow":["GET"]}}],"collection":[{"href":"https:\/\/itwgse.com\/de\/wp-json\/wp\/v2\/pages"}],"about":[{"href":"https:\/\/itwgse.com\/de\/wp-json\/wp\/v2\/types\/page"}],"author":[{"embeddable":true,"href":"https:\/\/itwgse.com\/de\/wp-json\/wp\/v2\/users\/1"}],"replies":[{"embeddable":true,"href":"https:\/\/itwgse.com\/de\/wp-json\/wp\/v2\/comments?post=45623"}],"version-history":[{"count":0,"href":"https:\/\/itwgse.com\/de\/wp-json\/wp\/v2\/pages\/45623\/revisions"}],"up":[{"embeddable":true,"href":"https:\/\/itwgse.com\/de\/wp-json\/wp\/v2\/pages\/45515"}],"wp:attachment":[{"href":"https:\/\/itwgse.com\/de\/wp-json\/wp\/v2\/media?parent=45623"}],"curies":[{"name":"wp","href":"https:\/\/api.w.org\/{rel}","templated":true}]}}