{"id":6057,"date":"2018-03-23T14:31:01","date_gmt":"2018-03-23T13:31:01","guid":{"rendered":"https:\/\/itwgse.com\/facilities-and-offices\/"},"modified":"2026-03-18T15:35:49","modified_gmt":"2026-03-18T14:35:49","slug":"einrichtungen-und-buros","status":"publish","type":"page","link":"https:\/\/itwgse.com\/de\/einrichtungen-und-buros\/","title":{"rendered":"Einrichtungen und B\u00fcros"},"content":{"rendered":"<div id=\"pl-6057\"  class=\"panel-layout\" ><div id=\"pg-6057-0\"  class=\"panel-grid panel-no-style\" ><div id=\"pgc-6057-0-0\"  class=\"panel-grid-cell\" ><div id=\"panel-6057-0-0-0\" class=\"so-panel widget widget_mtt-cover-section panel-first-child panel-last-child\" data-index=\"0\" ><div\n\t\t\t\n\t\t\tclass=\"so-widget-mtt-cover-section so-widget-mtt-cover-section-base\"\n\t\t\t\n\t\t>\n<div class=\"mtt-cover-section-wrap compact extra-small\">\n\t<div class=\"mtt-cover-curve\">\n\t\t<img decoding=\"async\"  src=\"https:\/\/itwgse.com\/wp-content\/themes\/mtt-standard-theme\/assets\/img\/cover\/itwgse_cut.svg\">\t<\/div>\n    <div class=\"mtt-cover-compact-background object-fit\">\n                    <img decoding=\"async\"\n                src=\"https:\/\/itwgse.com\/wp-content\/uploads\/2022\/01\/ITWGSE-facilities-cover.png\"\n                alt=\"\"\n                data-skip-lazy\n            >\n                            <\/div>\n    <div class=\"mtt-cover-compact-container\">\n        <div class=\"mtt-cover-section-text\">\n            <h1>Einrichtungen und B\u00fcros<\/h1>\n                    <\/div>\n    <\/div>\n<\/div>\n<\/div><\/div><\/div><\/div><div id=\"pg-6057-1\"  class=\"panel-grid panel-no-style\" ><div id=\"pgc-6057-1-0\"  class=\"panel-grid-cell\" ><div id=\"panel-6057-1-0-0\" class=\"so-panel widget widget_mtt-contact-info panel-first-child\" data-index=\"1\" ><div\n\t\t\t\n\t\t\tclass=\"so-widget-mtt-contact-info so-widget-mtt-contact-info-base\"\n\t\t\t\n\t\t>\n<div class=\"mtt-contact-info-wrapper\">\n    <div class=\"mtt-contact-info-container page_container\">\n        \n                            <div class=\"mtt-contact-info-content formatted_content\">\n                <div class=\"mtt-contact-info-title\">\n                    ITW GSE ApS                <\/div>\n                <ul>\n<li>Smedebakken 31-33<\/li>\n<li>DK-5270 Odense N<\/li>\n<li>D\u00e4nemark<\/li>\n<li>Tel: <a href=\"tel:+4563186000\">(+45) 63 18 60 00<\/a><\/li>\n<li>Mail: <a href=\"mailto:sales@itwgse.com\">sales@itwgse.com<\/a><\/li>\n<li>Mail: <a href=\"mailto:support@itwgse.com\">support@itwgse.com<\/a><\/li>\n<li><strong>\u00d6ffnungszeiten<\/strong><\/li>\n<li>Montag - Donnerstag: 8.00 - 16.00 CET<\/li>\n<li>Freitag: 8.00 - 15.00 CET<\/li>\n<\/ul>\n            <\/div>\n                    <div class=\"mtt-contact-info-content formatted_content\">\n                <div class=\"mtt-contact-info-title\">\n                    ITW GSE Inc.                <\/div>\n                <ul>\n<li>11001 US Highway 41 Nord<\/li>\n<li>Palmetto, FL 34221<\/li>\n<li>USA<\/li>\n<li>Tel: <a href=\"tel:+0019417211000\">(+1) 941 721 1000<\/a><\/li>\n<li>Mail: <a href=\"mailto:sales.americas@itwgse.com\">sales.americas@itwgse.com<\/a><\/li>\n<li>Mail: <a href=\"mailto:support.americas@itwgse.com\">support.americas@itwgse.com<\/a><\/li>\n<li>\n<\/li><\/ul>\n            <\/div>\n                    <div class=\"mtt-contact-info-content formatted_content\">\n                <div class=\"mtt-contact-info-title\">\n                    ITW GSE (Niederlassung)                <\/div>\n                <ul>\n<li>B\u00fcro 29G - Etage 29<\/li>\n<li>Gold Tower<\/li>\n<li>Jumeirah Lakes Tower<\/li>\n<li>Dubai<\/li>\n<li>Mail: <a href=\"mailto:sales@itwgse.com\">sales@itwgse.com<\/a><\/li>\n<li>Mail: <a href=\"mailto:support@itwgse.com\">support@itwgse.com<\/a><\/li>\n<\/ul>\n            <\/div>\n                    <div class=\"mtt-contact-info-content formatted_content\">\n                <div class=\"mtt-contact-info-title\">\n                    ITW GSE Asia Pacific                <\/div>\n                <ul>\n<li>12 Tannery Road<\/li>\n<li>HB Centre 1<\/li>\n<li>#06-04, Singapore 347722<\/li>\n<li>Mail:\u00a0<a href=\"mailto:sales@itwgse.com\">sales@itwgse.com<\/a><\/li>\n<li>Mail:\u00a0<a href=\"mailto:support@itwgse.com\">support@itwgse.com<\/a><\/li>\n<\/ul>\n            <\/div>\n                    <div class=\"mtt-contact-info-content formatted_content\">\n                <div class=\"mtt-contact-info-title\">\n                    ITW GSE Asien-Pazifik                <\/div>\n                <ul>\n<li>Platinum 28<br>28 Genting Lane, #05-04,<br>Singapur 349585<\/li>\n<li>Mail: <a href=\"mailto:sales@itwgse.com\">sales@itwgse.com<\/a><\/li>\n<li>Mail: <a href=\"mailto:support@itwgse.com\">support@itwgse.com<\/a><\/li>\n<\/ul>\n            <\/div>\n            <\/div>\n<\/div><\/div><\/div><div id=\"panel-6057-1-0-1\" class=\"so-panel widget widget_mtt-customer-support panel-last-child\" data-index=\"2\" ><div\n\t\t\t\n\t\t\tclass=\"so-widget-mtt-customer-support so-widget-mtt-customer-support-base\"\n\t\t\t\n\t\t>\n<div class=\"mtt-text-image-wrap less-top-padding less-bottom-padding grey-bg\">\n        <!-- Content -->\n    <div class=\"mtt-text-image-container\">\n        <div class=\"mtt-text-image-col\">\n            <div class=\"mtt-text-image-content formatted_content\">\n                                <h2>Kundenservice<\/h2>\n                <p><strong>Wie k\u00f6nnen wir Ihnen helfen?<\/strong><\/p>\n<p>Ben\u00f6tigen Sie Schaltpl\u00e4ne, Ersatzteillisten oder Anleitungsvideos? Nutzen Sie die Schaltfl\u00e4che \u201eProdukthilfe\u201c.<\/p>\n<p>Haben Sie Fragen an den Kundenservice? Nutzen Sie die Schaltfl\u00e4che \u201eKundenservice kontaktieren\u201c. Falls sich Ihre Frage auf ein bestimmtes Produkt bezieht, geben Sie bitte die Seriennummer an.<\/p>\n\n                                    <div class=\"button-wrap\">\n                                                    <a href=\"https:\/\/itwgse.com\/de\/support-and-service\/\" class=\"button\">\n                                Produkthilfe                            <\/a>\n                                                    <a href=\"https:\/\/itwgse.com\/de\/kontakt\/\" class=\"button\">\n                                Kundenservice kontaktieren                            <\/a>\n                                            <\/div>\n                            <\/div>\n        <\/div>\n                    <div class=\"mtt-text-image-col img center\">\n                <div class=\"mtt-text-image-content\">\n                    <img decoding=\"async\" width=\"1800\" height=\"1023\" src=\"https:\/\/itwgse.com\/wp-content\/uploads\/2018\/06\/ITWGSE_hero_cleanest-1.jpg\" class=\"attachment-full size-full\" alt=\"7400 low noice JK\" srcset=\"https:\/\/itwgse.com\/wp-content\/uploads\/2018\/06\/ITWGSE_hero_cleanest-1.jpg 1800w, https:\/\/itwgse.com\/wp-content\/uploads\/2018\/06\/ITWGSE_hero_cleanest-1-300x171.jpg 300w, https:\/\/itwgse.com\/wp-content\/uploads\/2018\/06\/ITWGSE_hero_cleanest-1-1024x582.jpg 1024w\" sizes=\"(max-width: 1800px) 100vw, 1800px\" \/>                \n                    \n                    \n                <\/div>\n            <\/div>\n            <\/div>\n<\/div>\n\n<script>\nfunction sendEvent(action, element) {\n    var videoTitle = jQuery(element).data('title');  \n\n    if (dataLayer && videoTitle) {\n        dataLayer.push({\n            'event': 'video',\n            'eventCategory': 'Video',\n            'eventAction': action,\n            'eventLabel': videoTitle\n        });\n    }\n    else if (ga && videoTitle) {\n        ga('send', 'event', 'Video', action, videoTitle);\n    }  \n}\n<\/script>\n<\/div><\/div><\/div><\/div><\/div>","protected":false},"excerpt":{"rendered":"<p>Einrichtungen und B\u00fcros ITW GSE ApS Smedebakken 31-33 DK-5270 Odense N D\u00e4nemark Tel: (+45) 63 18 60 00 Mail: sales@itwgse.com Mail: support@itwgse.com \u00d6ffnungszeiten Montag&#8230;<\/p>\n","protected":false},"author":1,"featured_media":0,"parent":0,"menu_order":270,"comment_status":"closed","ping_status":"closed","template":"","meta":{"_acf_changed":false,"_relevanssi_hide_post":"","_relevanssi_hide_content":"","_relevanssi_pin_for_all":"","_relevanssi_pin_keywords":"","_relevanssi_unpin_keywords":"","_relevanssi_related_keywords":"","_relevanssi_related_include_ids":"","_relevanssi_related_exclude_ids":"","_relevanssi_related_no_append":"","_relevanssi_related_not_related":"","_relevanssi_related_posts":"","_relevanssi_noindex_reason":"","footnotes":""},"class_list":["post-6057","page","type-page","status-publish","hentry"],"acf":[],"yoast_head":"<!-- This site is optimized with the Yoast SEO plugin v27.0 - https:\/\/yoast.com\/product\/yoast-seo-wordpress\/ -->\n<title>Einrichtungen und B\u00fcros - Finden Sie die Einrichtung oder das B\u00fcro, das Sie suchen | ITW GSE<\/title>\n<meta name=\"description\" content=\"Hier finden Sie die Einrichtungen und B\u00fcros von ITW GSE. Nehmen Sie per E-Mail oder Telefon Kontakt zu der von Ihnen gesuchten Einrichtung oder Niederlassung auf. Finden Sie die Informationen hier.\" \/>\n<meta name=\"robots\" content=\"index, follow, max-snippet:-1, max-image-preview:large, max-video-preview:-1\" \/>\n<link rel=\"canonical\" href=\"https:\/\/itwgse.com\/de\/einrichtungen-und-buros\/\" \/>\n<meta property=\"og:locale\" content=\"de_DE\" \/>\n<meta property=\"og:type\" content=\"article\" \/>\n<meta property=\"og:title\" content=\"Einrichtungen und B\u00fcros - Finden Sie die Einrichtung oder das B\u00fcro, das Sie suchen | ITW GSE\" \/>\n<meta property=\"og:description\" content=\"Hier finden Sie die Einrichtungen und B\u00fcros von ITW GSE. Nehmen Sie per E-Mail oder Telefon Kontakt zu der von Ihnen gesuchten Einrichtung oder Niederlassung auf. Finden Sie die Informationen hier.\" \/>\n<meta property=\"og:url\" content=\"https:\/\/itwgse.com\/de\/einrichtungen-und-buros\/\" \/>\n<meta property=\"og:site_name\" content=\"ITW GSE\" \/>\n<meta property=\"article:publisher\" content=\"https:\/\/www.facebook.com\/ITWGSE\/\" \/>\n<meta property=\"article:modified_time\" content=\"2026-03-18T14:35:49+00:00\" \/>\n<meta name=\"twitter:card\" content=\"summary_large_image\" \/>\n<script type=\"application\/ld+json\" class=\"yoast-schema-graph\">{\"@context\":\"https:\/\/schema.org\",\"@graph\":[{\"@type\":\"WebPage\",\"@id\":\"https:\/\/itwgse.com\/de\/einrichtungen-und-buros\/\",\"url\":\"https:\/\/itwgse.com\/de\/einrichtungen-und-buros\/\",\"name\":\"Einrichtungen und B\u00fcros - Finden Sie die Einrichtung oder das B\u00fcro, das Sie suchen | ITW GSE\",\"isPartOf\":{\"@id\":\"https:\/\/itwgse.com\/#website\"},\"datePublished\":\"2018-03-23T13:31:01+00:00\",\"dateModified\":\"2026-03-18T14:35:49+00:00\",\"description\":\"Hier finden Sie die Einrichtungen und B\u00fcros von ITW GSE. Nehmen Sie per E-Mail oder Telefon Kontakt zu der von Ihnen gesuchten Einrichtung oder Niederlassung auf. Finden Sie die Informationen hier.\",\"breadcrumb\":{\"@id\":\"https:\/\/itwgse.com\/de\/einrichtungen-und-buros\/#breadcrumb\"},\"inLanguage\":\"de\",\"potentialAction\":[{\"@type\":\"ReadAction\",\"target\":[\"https:\/\/itwgse.com\/de\/einrichtungen-und-buros\/\"]}]},{\"@type\":\"BreadcrumbList\",\"@id\":\"https:\/\/itwgse.com\/de\/einrichtungen-und-buros\/#breadcrumb\",\"itemListElement\":[{\"@type\":\"ListItem\",\"position\":1,\"name\":\"Home\",\"item\":\"https:\/\/itwgse.com\/de\/home\/\"},{\"@type\":\"ListItem\",\"position\":2,\"name\":\"Einrichtungen und B\u00fcros\"}]},{\"@type\":\"WebSite\",\"@id\":\"https:\/\/itwgse.com\/#website\",\"url\":\"https:\/\/itwgse.com\/\",\"name\":\"ITW GSE\",\"description\":\"It&#039;s all about connections\",\"publisher\":{\"@id\":\"https:\/\/itwgse.com\/#organization\"},\"potentialAction\":[{\"@type\":\"SearchAction\",\"target\":{\"@type\":\"EntryPoint\",\"urlTemplate\":\"https:\/\/itwgse.com\/?s={search_term_string}\"},\"query-input\":{\"@type\":\"PropertyValueSpecification\",\"valueRequired\":true,\"valueName\":\"search_term_string\"}}],\"inLanguage\":\"de\"},{\"@type\":\"Organization\",\"@id\":\"https:\/\/itwgse.com\/#organization\",\"name\":\"ITW GSE\",\"url\":\"https:\/\/itwgse.com\/\",\"logo\":{\"@type\":\"ImageObject\",\"inLanguage\":\"de\",\"@id\":\"https:\/\/itwgse.com\/#\/schema\/logo\/image\/\",\"url\":\"https:\/\/itwgse.com\/wp-content\/uploads\/2018\/11\/logo.png\",\"contentUrl\":\"https:\/\/itwgse.com\/wp-content\/uploads\/2018\/11\/logo.png\",\"width\":302,\"height\":237,\"caption\":\"ITW GSE\"},\"image\":{\"@id\":\"https:\/\/itwgse.com\/#\/schema\/logo\/image\/\"},\"sameAs\":[\"https:\/\/www.facebook.com\/ITWGSE\/\",\"https:\/\/www.linkedin.com\/company\/itw-gse\/\",\"https:\/\/www.youtube.com\/channel\/UCTUIMvyaOPfYIqzP8enZ8yw\"]}]}<\/script>\n<!-- \/ Yoast SEO plugin. -->","yoast_head_json":{"title":"Einrichtungen und B\u00fcros - Finden Sie die Einrichtung oder das B\u00fcro, das Sie suchen | ITW GSE","description":"Hier finden Sie die Einrichtungen und B\u00fcros von ITW GSE. Nehmen Sie per E-Mail oder Telefon Kontakt zu der von Ihnen gesuchten Einrichtung oder Niederlassung auf. Finden Sie die Informationen hier.","robots":{"index":"index","follow":"follow","max-snippet":"max-snippet:-1","max-image-preview":"max-image-preview:large","max-video-preview":"max-video-preview:-1"},"canonical":"https:\/\/itwgse.com\/de\/einrichtungen-und-buros\/","og_locale":"de_DE","og_type":"article","og_title":"Einrichtungen und B\u00fcros - Finden Sie die Einrichtung oder das B\u00fcro, das Sie suchen | ITW GSE","og_description":"Hier finden Sie die Einrichtungen und B\u00fcros von ITW GSE. Nehmen Sie per E-Mail oder Telefon Kontakt zu der von Ihnen gesuchten Einrichtung oder Niederlassung auf. Finden Sie die Informationen hier.","og_url":"https:\/\/itwgse.com\/de\/einrichtungen-und-buros\/","og_site_name":"ITW GSE","article_publisher":"https:\/\/www.facebook.com\/ITWGSE\/","article_modified_time":"2026-03-18T14:35:49+00:00","twitter_card":"summary_large_image","schema":{"@context":"https:\/\/schema.org","@graph":[{"@type":"WebPage","@id":"https:\/\/itwgse.com\/de\/einrichtungen-und-buros\/","url":"https:\/\/itwgse.com\/de\/einrichtungen-und-buros\/","name":"Einrichtungen und B\u00fcros - Finden Sie die Einrichtung oder das B\u00fcro, das Sie suchen | ITW GSE","isPartOf":{"@id":"https:\/\/itwgse.com\/#website"},"datePublished":"2018-03-23T13:31:01+00:00","dateModified":"2026-03-18T14:35:49+00:00","description":"Hier finden Sie die Einrichtungen und B\u00fcros von ITW GSE. Nehmen Sie per E-Mail oder Telefon Kontakt zu der von Ihnen gesuchten Einrichtung oder Niederlassung auf. Finden Sie die Informationen hier.","breadcrumb":{"@id":"https:\/\/itwgse.com\/de\/einrichtungen-und-buros\/#breadcrumb"},"inLanguage":"de","potentialAction":[{"@type":"ReadAction","target":["https:\/\/itwgse.com\/de\/einrichtungen-und-buros\/"]}]},{"@type":"BreadcrumbList","@id":"https:\/\/itwgse.com\/de\/einrichtungen-und-buros\/#breadcrumb","itemListElement":[{"@type":"ListItem","position":1,"name":"Home","item":"https:\/\/itwgse.com\/de\/home\/"},{"@type":"ListItem","position":2,"name":"Einrichtungen und B\u00fcros"}]},{"@type":"WebSite","@id":"https:\/\/itwgse.com\/#website","url":"https:\/\/itwgse.com\/","name":"ITW GSE","description":"It&#039;s all about connections","publisher":{"@id":"https:\/\/itwgse.com\/#organization"},"potentialAction":[{"@type":"SearchAction","target":{"@type":"EntryPoint","urlTemplate":"https:\/\/itwgse.com\/?s={search_term_string}"},"query-input":{"@type":"PropertyValueSpecification","valueRequired":true,"valueName":"search_term_string"}}],"inLanguage":"de"},{"@type":"Organization","@id":"https:\/\/itwgse.com\/#organization","name":"ITW GSE","url":"https:\/\/itwgse.com\/","logo":{"@type":"ImageObject","inLanguage":"de","@id":"https:\/\/itwgse.com\/#\/schema\/logo\/image\/","url":"https:\/\/itwgse.com\/wp-content\/uploads\/2018\/11\/logo.png","contentUrl":"https:\/\/itwgse.com\/wp-content\/uploads\/2018\/11\/logo.png","width":302,"height":237,"caption":"ITW GSE"},"image":{"@id":"https:\/\/itwgse.com\/#\/schema\/logo\/image\/"},"sameAs":["https:\/\/www.facebook.com\/ITWGSE\/","https:\/\/www.linkedin.com\/company\/itw-gse\/","https:\/\/www.youtube.com\/channel\/UCTUIMvyaOPfYIqzP8enZ8yw"]}]}},"_links":{"self":[{"href":"https:\/\/itwgse.com\/de\/wp-json\/wp\/v2\/pages\/6057","targetHints":{"allow":["GET"]}}],"collection":[{"href":"https:\/\/itwgse.com\/de\/wp-json\/wp\/v2\/pages"}],"about":[{"href":"https:\/\/itwgse.com\/de\/wp-json\/wp\/v2\/types\/page"}],"author":[{"embeddable":true,"href":"https:\/\/itwgse.com\/de\/wp-json\/wp\/v2\/users\/1"}],"replies":[{"embeddable":true,"href":"https:\/\/itwgse.com\/de\/wp-json\/wp\/v2\/comments?post=6057"}],"version-history":[{"count":8,"href":"https:\/\/itwgse.com\/de\/wp-json\/wp\/v2\/pages\/6057\/revisions"}],"predecessor-version":[{"id":25829,"href":"https:\/\/itwgse.com\/de\/wp-json\/wp\/v2\/pages\/6057\/revisions\/25829"}],"wp:attachment":[{"href":"https:\/\/itwgse.com\/de\/wp-json\/wp\/v2\/media?parent=6057"}],"curies":[{"name":"wp","href":"https:\/\/api.w.org\/{rel}","templated":true}]}}