{"id":6060,"date":"2018-02-14T09:37:06","date_gmt":"2018-02-14T08:37:06","guid":{"rendered":"https:\/\/itwgse.com\/service-and-support\/"},"modified":"2026-02-24T14:14:31","modified_gmt":"2026-02-24T13:14:31","slug":"service-und-support","status":"publish","type":"page","link":"https:\/\/itwgse.com\/de\/service-und-support\/","title":{"rendered":"Service und Unterst\u00fctzung"},"content":{"rendered":"<div id=\"pl-6060\"  class=\"panel-layout\" ><div id=\"pg-6060-0\"  class=\"panel-grid panel-no-style\" ><div id=\"pgc-6060-0-0\"  class=\"panel-grid-cell\" ><div id=\"panel-6060-0-0-0\" class=\"so-panel widget widget_mtt-cover-section panel-first-child panel-last-child\" data-index=\"0\" ><div\n\t\t\t\n\t\t\tclass=\"so-widget-mtt-cover-section so-widget-mtt-cover-section-base\"\n\t\t\t\n\t\t>\n<div class=\"mtt-cover-section-wrap compact extra-small\">\n\t<div class=\"mtt-cover-curve\">\n\t\t<img decoding=\"async\"  src=\"https:\/\/itwgse.com\/wp-content\/themes\/mtt-standard-theme\/assets\/img\/cover\/itwgse_cut.svg\">\t<\/div>\n    <div class=\"mtt-cover-compact-background object-fit\">\n                            <\/div>\n    <div class=\"mtt-cover-compact-container\">\n        <div class=\"mtt-cover-section-text\">\n            <h1>Service und Unterst\u00fctzung<\/h1>\n                                <div class=\"text\"><p>\u00a0<\/p>\n<div class=\"pcl_tooltip_box\" style=\"display: none;\">Bild bereits hinzugef\u00fcgt\n<div class=\"arrow border\"><\/div>\n<div class=\"arrow\"><\/div>\n<\/div>\n<div class=\"pcl_global_mask\" style=\"display: none;\"><\/div>\n<\/div>\n                            <\/div>\n    <\/div>\n<\/div>\n<\/div><\/div><\/div><\/div><div id=\"pg-6060-1\"  class=\"panel-grid panel-no-style\" ><div id=\"pgc-6060-1-0\"  class=\"panel-grid-cell\" ><div id=\"panel-6060-1-0-0\" class=\"so-panel widget widget_mtt-two-col-text panel-first-child panel-last-child\" data-index=\"1\" ><div\n\t\t\t\n\t\t\tclass=\"so-widget-mtt-two-col-text so-widget-mtt-two-col-text-base\"\n\t\t\t\n\t\t>\n<div class=\"mtt-two-col-wrapper\">\n    <div class=\"mtt-two-col-container\">\n        <div class=\"mtt-two-col-content inline-titles\">\n                            <h2>Kontakt Unterst\u00fctzung<\/h2>\n                        <div class=\"text-section\">\n                <div class=\"col formatted_content\"><p><strong>ITW GSE ApS<\/strong><br \/>\nSmedebakken 31-33<br \/>\nDK-5270 Odense N<br \/>\nD\u00e4nemark<\/p>\n<p>Tel: <a href=\"tel:+4563186000\">(+45) 63 18 60 00<\/a><br \/>\nMail: <a href=\"mailto:support@itwgse.com\">support@itwgse.com<\/a><\/p>\n<p><strong>\u00d6ffnungszeiten<\/strong><br \/>\nMontag - Donnerstag: 8.00 - 16.00 CET<br \/>\nFreitag: 8.00 - 15.00 CET<\/p>\n<\/div>\n                <div class=\"col formatted_content\"><p><strong>ITW GSE Inc.<\/strong><br \/>11001 US Highway 41 North<br \/>Palmetto, FL 34221<br \/>USA<\/p>\n<p>Tel: <a href=\"tel:+0019417211000\">(+1) 941 721 1000<\/a><br \/>Mail: <a href=\"mailto:support.americas@itwgse.com\">support.americas@itwgse.com<\/a><\/p>\n                                    <\/div>\n            <\/div>\n                    <\/div>\n    <\/div>\n<\/div><\/div><\/div><\/div><\/div><div id=\"pg-6060-2\"  class=\"panel-grid panel-no-style\" ><div id=\"pgc-6060-2-0\"  class=\"panel-grid-cell\" ><div id=\"panel-6060-2-0-0\" class=\"so-panel widget widget_mtt-two-col-text panel-first-child panel-last-child\" data-index=\"2\" ><div\n\t\t\t\n\t\t\tclass=\"so-widget-mtt-two-col-text so-widget-mtt-two-col-text-base\"\n\t\t\t\n\t\t>\n<div class=\"mtt-two-col-wrapper no-top-padding\">\n    <div class=\"mtt-two-col-container\">\n        <div class=\"mtt-two-col-content\">\n                        <div class=\"text-section\">\n                <div class=\"col formatted_content\"><p>Wir sind bereit, Sie mit der gesamten ITW GSE Produktpalette zu unterst\u00fctzen, einschlie\u00dflich der fr\u00fcheren Produkte von AXA Power, Hobart, Houchin, Military, J&B Aviation und Trilectron. <\/p>\n<\/div>\n                <div class=\"col formatted_content\"><p>Zu den Dienstleistungen geh\u00f6ren umfassende Produktunterst\u00fctzung, Schulungen, Reparaturen im Haus oder vor Ort und die Suche nach Ersatzteilen.<\/p>\n                                    <\/div>\n            <\/div>\n                    <\/div>\n    <\/div>\n<\/div><\/div><\/div><\/div><\/div><div id=\"pg-6060-3\"  class=\"panel-grid panel-no-style\" ><div id=\"pgc-6060-3-0\"  class=\"panel-grid-cell\" ><div id=\"panel-6060-3-0-0\" class=\"so-panel widget widget_mtt-text-image panel-first-child panel-last-child\" data-index=\"3\" ><div class=\"panel-widget-style panel-widget-style-for-6060-3-0-0\" ><div\n\t\t\t\n\t\t\tclass=\"so-widget-mtt-text-image so-widget-mtt-text-image-base\"\n\t\t\t\n\t\t>\n<div class=\"mtt-text-image-wrap\">\n        <!-- Content -->\n    <div class=\"mtt-text-image-container\">\n        <div class=\"mtt-text-image-col\">\n            <div class=\"mtt-text-image-content formatted_content\">\n                                <h2>K\u00f6nnen wir Ihnen helfen?<\/h2>\n                <p>Ben\u00f6tigen Sie Schaltpl\u00e4ne, Ersatzteillisten oder Anleitungsvideos? Verwenden Sie die Schaltfl\u00e4che 'Produkthilfe'. <\/p>\n\n                                    <div class=\"button-wrap\">\n                                                    <a href=\"https:\/\/itwgse.com\/support-and-service\/\" class=\"button\">\n                                Produkthilfe                            <\/a>\n                                            <\/div>\n                            <\/div>\n        <\/div>\n                    <div class=\"mtt-text-image-col img center\">\n                <div class=\"mtt-text-image-content\">\n                    <img decoding=\"async\" width=\"1800\" height=\"1023\" src=\"https:\/\/itwgse.com\/wp-content\/uploads\/2020\/01\/ITWGSE_hero_cleanest.jpg\" class=\"attachment-full size-full\" alt=\"itw gse, itwgse, itwgse7400, itw gse 7400, itw sge 7400 eGPU, itwgse eGPU, batterdy driven gpu, batttery driven ground power unit\" srcset=\"https:\/\/itwgse.com\/wp-content\/uploads\/2020\/01\/ITWGSE_hero_cleanest.jpg 1800w, https:\/\/itwgse.com\/wp-content\/uploads\/2020\/01\/ITWGSE_hero_cleanest-300x171.jpg 300w, https:\/\/itwgse.com\/wp-content\/uploads\/2020\/01\/ITWGSE_hero_cleanest-1024x582.jpg 1024w, https:\/\/itwgse.com\/wp-content\/uploads\/2020\/01\/ITWGSE_hero_cleanest-10x6.jpg 10w\" sizes=\"(max-width: 1800px) 100vw, 1800px\" \/>                \n                    \n                    \n                <\/div>\n            <\/div>\n            <\/div>\n<\/div>\n\n<script>\nfunction sendEvent(action, element) {\n    var videoTitle = jQuery(element).data('title');  \n\n    if (dataLayer && videoTitle) {\n        dataLayer.push({\n            'event': 'video',\n            'eventCategory': 'Video',\n            'eventAction': action,\n            'eventLabel': videoTitle\n        });\n    }\n    else if (ga && videoTitle) {\n        ga('send', 'event', 'Video', action, videoTitle);\n    }  \n}\n<\/script>\n<\/div><\/div><\/div><\/div><\/div><\/div>","protected":false},"excerpt":{"rendered":"<p>Service und Unterst\u00fctzung \u00a0 Bild bereits hinzugef\u00fcgt Kontakt Unterst\u00fctzung ITW GSE ApS Smedebakken 31-33 DK-5270 Odense N D\u00e4nemark Tel: (+45) 63 18 60 00&#8230;<\/p>\n","protected":false},"author":1,"featured_media":0,"parent":0,"menu_order":331,"comment_status":"closed","ping_status":"closed","template":"","meta":{"_acf_changed":false,"_relevanssi_hide_post":"","_relevanssi_hide_content":"","_relevanssi_pin_for_all":"","_relevanssi_pin_keywords":"","_relevanssi_unpin_keywords":"","_relevanssi_related_keywords":"","_relevanssi_related_include_ids":"","_relevanssi_related_exclude_ids":"","_relevanssi_related_no_append":"","_relevanssi_related_not_related":"","_relevanssi_related_posts":"","_relevanssi_noindex_reason":"","footnotes":""},"class_list":["post-6060","page","type-page","status-publish","hentry"],"acf":[],"yoast_head":"<!-- This site is optimized with the Yoast SEO plugin v27.0 - https:\/\/yoast.com\/product\/yoast-seo-wordpress\/ -->\n<title>Service und Support - Wir sind bereit, Sie zu unterst\u00fctzen | ITW GSE<\/title>\n<meta name=\"description\" content=\"Unser Service und Support steht Ihnen f\u00fcr alle ITW GSE Produkte zur Verf\u00fcgung, auch f\u00fcr ehemalige AXA Power, Hobart, Houchin, Military, J&amp;B Aviation und Trilectron.\" \/>\n<meta name=\"robots\" content=\"index, follow, max-snippet:-1, max-image-preview:large, max-video-preview:-1\" \/>\n<link rel=\"canonical\" href=\"https:\/\/itwgse.com\/de\/service-und-support\/\" \/>\n<meta property=\"og:locale\" content=\"de_DE\" \/>\n<meta property=\"og:type\" content=\"article\" \/>\n<meta property=\"og:title\" content=\"Service und Support - Wir sind bereit, Sie zu unterst\u00fctzen | ITW GSE\" \/>\n<meta property=\"og:description\" content=\"Unser Service und Support steht Ihnen f\u00fcr alle ITW GSE Produkte zur Verf\u00fcgung, auch f\u00fcr ehemalige AXA Power, Hobart, Houchin, Military, J&amp;B Aviation und Trilectron.\" \/>\n<meta property=\"og:url\" content=\"https:\/\/itwgse.com\/de\/service-und-support\/\" \/>\n<meta property=\"og:site_name\" content=\"ITW GSE\" \/>\n<meta property=\"article:publisher\" content=\"https:\/\/www.facebook.com\/ITWGSE\/\" \/>\n<meta property=\"article:modified_time\" content=\"2026-02-24T13:14:31+00:00\" \/>\n<meta name=\"twitter:card\" content=\"summary_large_image\" \/>\n<script type=\"application\/ld+json\" class=\"yoast-schema-graph\">{\"@context\":\"https:\/\/schema.org\",\"@graph\":[{\"@type\":\"WebPage\",\"@id\":\"https:\/\/itwgse.com\/de\/service-und-support\/\",\"url\":\"https:\/\/itwgse.com\/de\/service-und-support\/\",\"name\":\"Service und Support - Wir sind bereit, Sie zu unterst\u00fctzen | ITW GSE\",\"isPartOf\":{\"@id\":\"https:\/\/itwgse.com\/#website\"},\"datePublished\":\"2018-02-14T08:37:06+00:00\",\"dateModified\":\"2026-02-24T13:14:31+00:00\",\"description\":\"Unser Service und Support steht Ihnen f\u00fcr alle ITW GSE Produkte zur Verf\u00fcgung, auch f\u00fcr ehemalige AXA Power, Hobart, Houchin, Military, J&B Aviation und Trilectron.\",\"breadcrumb\":{\"@id\":\"https:\/\/itwgse.com\/de\/service-und-support\/#breadcrumb\"},\"inLanguage\":\"de\",\"potentialAction\":[{\"@type\":\"ReadAction\",\"target\":[\"https:\/\/itwgse.com\/de\/service-und-support\/\"]}]},{\"@type\":\"BreadcrumbList\",\"@id\":\"https:\/\/itwgse.com\/de\/service-und-support\/#breadcrumb\",\"itemListElement\":[{\"@type\":\"ListItem\",\"position\":1,\"name\":\"Home\",\"item\":\"https:\/\/itwgse.com\/de\/home\/\"},{\"@type\":\"ListItem\",\"position\":2,\"name\":\"Service und Unterst\u00fctzung\"}]},{\"@type\":\"WebSite\",\"@id\":\"https:\/\/itwgse.com\/#website\",\"url\":\"https:\/\/itwgse.com\/\",\"name\":\"ITW GSE\",\"description\":\"It&#039;s all about connections\",\"publisher\":{\"@id\":\"https:\/\/itwgse.com\/#organization\"},\"potentialAction\":[{\"@type\":\"SearchAction\",\"target\":{\"@type\":\"EntryPoint\",\"urlTemplate\":\"https:\/\/itwgse.com\/?s={search_term_string}\"},\"query-input\":{\"@type\":\"PropertyValueSpecification\",\"valueRequired\":true,\"valueName\":\"search_term_string\"}}],\"inLanguage\":\"de\"},{\"@type\":\"Organization\",\"@id\":\"https:\/\/itwgse.com\/#organization\",\"name\":\"ITW GSE\",\"url\":\"https:\/\/itwgse.com\/\",\"logo\":{\"@type\":\"ImageObject\",\"inLanguage\":\"de\",\"@id\":\"https:\/\/itwgse.com\/#\/schema\/logo\/image\/\",\"url\":\"https:\/\/itwgse.com\/wp-content\/uploads\/2018\/11\/logo.png\",\"contentUrl\":\"https:\/\/itwgse.com\/wp-content\/uploads\/2018\/11\/logo.png\",\"width\":302,\"height\":237,\"caption\":\"ITW GSE\"},\"image\":{\"@id\":\"https:\/\/itwgse.com\/#\/schema\/logo\/image\/\"},\"sameAs\":[\"https:\/\/www.facebook.com\/ITWGSE\/\",\"https:\/\/www.linkedin.com\/company\/itw-gse\/\",\"https:\/\/www.youtube.com\/channel\/UCTUIMvyaOPfYIqzP8enZ8yw\"]}]}<\/script>\n<!-- \/ Yoast SEO plugin. -->","yoast_head_json":{"title":"Service und Support - Wir sind bereit, Sie zu unterst\u00fctzen | ITW GSE","description":"Unser Service und Support steht Ihnen f\u00fcr alle ITW GSE Produkte zur Verf\u00fcgung, auch f\u00fcr ehemalige AXA Power, Hobart, Houchin, Military, J&B Aviation und Trilectron.","robots":{"index":"index","follow":"follow","max-snippet":"max-snippet:-1","max-image-preview":"max-image-preview:large","max-video-preview":"max-video-preview:-1"},"canonical":"https:\/\/itwgse.com\/de\/service-und-support\/","og_locale":"de_DE","og_type":"article","og_title":"Service und Support - Wir sind bereit, Sie zu unterst\u00fctzen | ITW GSE","og_description":"Unser Service und Support steht Ihnen f\u00fcr alle ITW GSE Produkte zur Verf\u00fcgung, auch f\u00fcr ehemalige AXA Power, Hobart, Houchin, Military, J&B Aviation und Trilectron.","og_url":"https:\/\/itwgse.com\/de\/service-und-support\/","og_site_name":"ITW GSE","article_publisher":"https:\/\/www.facebook.com\/ITWGSE\/","article_modified_time":"2026-02-24T13:14:31+00:00","twitter_card":"summary_large_image","schema":{"@context":"https:\/\/schema.org","@graph":[{"@type":"WebPage","@id":"https:\/\/itwgse.com\/de\/service-und-support\/","url":"https:\/\/itwgse.com\/de\/service-und-support\/","name":"Service und Support - Wir sind bereit, Sie zu unterst\u00fctzen | ITW GSE","isPartOf":{"@id":"https:\/\/itwgse.com\/#website"},"datePublished":"2018-02-14T08:37:06+00:00","dateModified":"2026-02-24T13:14:31+00:00","description":"Unser Service und Support steht Ihnen f\u00fcr alle ITW GSE Produkte zur Verf\u00fcgung, auch f\u00fcr ehemalige AXA Power, Hobart, Houchin, Military, J&B Aviation und Trilectron.","breadcrumb":{"@id":"https:\/\/itwgse.com\/de\/service-und-support\/#breadcrumb"},"inLanguage":"de","potentialAction":[{"@type":"ReadAction","target":["https:\/\/itwgse.com\/de\/service-und-support\/"]}]},{"@type":"BreadcrumbList","@id":"https:\/\/itwgse.com\/de\/service-und-support\/#breadcrumb","itemListElement":[{"@type":"ListItem","position":1,"name":"Home","item":"https:\/\/itwgse.com\/de\/home\/"},{"@type":"ListItem","position":2,"name":"Service und Unterst\u00fctzung"}]},{"@type":"WebSite","@id":"https:\/\/itwgse.com\/#website","url":"https:\/\/itwgse.com\/","name":"ITW GSE","description":"It&#039;s all about connections","publisher":{"@id":"https:\/\/itwgse.com\/#organization"},"potentialAction":[{"@type":"SearchAction","target":{"@type":"EntryPoint","urlTemplate":"https:\/\/itwgse.com\/?s={search_term_string}"},"query-input":{"@type":"PropertyValueSpecification","valueRequired":true,"valueName":"search_term_string"}}],"inLanguage":"de"},{"@type":"Organization","@id":"https:\/\/itwgse.com\/#organization","name":"ITW GSE","url":"https:\/\/itwgse.com\/","logo":{"@type":"ImageObject","inLanguage":"de","@id":"https:\/\/itwgse.com\/#\/schema\/logo\/image\/","url":"https:\/\/itwgse.com\/wp-content\/uploads\/2018\/11\/logo.png","contentUrl":"https:\/\/itwgse.com\/wp-content\/uploads\/2018\/11\/logo.png","width":302,"height":237,"caption":"ITW GSE"},"image":{"@id":"https:\/\/itwgse.com\/#\/schema\/logo\/image\/"},"sameAs":["https:\/\/www.facebook.com\/ITWGSE\/","https:\/\/www.linkedin.com\/company\/itw-gse\/","https:\/\/www.youtube.com\/channel\/UCTUIMvyaOPfYIqzP8enZ8yw"]}]}},"_links":{"self":[{"href":"https:\/\/itwgse.com\/de\/wp-json\/wp\/v2\/pages\/6060","targetHints":{"allow":["GET"]}}],"collection":[{"href":"https:\/\/itwgse.com\/de\/wp-json\/wp\/v2\/pages"}],"about":[{"href":"https:\/\/itwgse.com\/de\/wp-json\/wp\/v2\/types\/page"}],"author":[{"embeddable":true,"href":"https:\/\/itwgse.com\/de\/wp-json\/wp\/v2\/users\/1"}],"replies":[{"embeddable":true,"href":"https:\/\/itwgse.com\/de\/wp-json\/wp\/v2\/comments?post=6060"}],"version-history":[{"count":11,"href":"https:\/\/itwgse.com\/de\/wp-json\/wp\/v2\/pages\/6060\/revisions"}],"predecessor-version":[{"id":28808,"href":"https:\/\/itwgse.com\/de\/wp-json\/wp\/v2\/pages\/6060\/revisions\/28808"}],"wp:attachment":[{"href":"https:\/\/itwgse.com\/de\/wp-json\/wp\/v2\/media?parent=6060"}],"curies":[{"name":"wp","href":"https:\/\/api.w.org\/{rel}","templated":true}]}}