{"id":7287,"date":"2019-08-19T11:16:31","date_gmt":"2019-08-19T09:16:31","guid":{"rendered":"https:\/\/itwgse.com\/?page_id=7287"},"modified":"2023-10-25T15:09:05","modified_gmt":"2023-10-25T13:09:05","slug":"2400-series-instruction","status":"publish","type":"page","link":"https:\/\/itwgse.com\/de\/2400-series-instruction\/","title":{"rendered":"2400 Series"},"content":{"rendered":"<div id=\"pl-7287\"  class=\"panel-layout\" ><div id=\"pg-7287-0\"  class=\"panel-grid panel-no-style\" ><div id=\"pgc-7287-0-0\"  class=\"panel-grid-cell\" ><div id=\"panel-7287-0-0-0\" class=\"so-panel widget widget_mtt-cover-section panel-first-child\" data-index=\"0\" ><div\n\t\t\t\n\t\t\tclass=\"so-widget-mtt-cover-section so-widget-mtt-cover-section-base\"\n\t\t\t\n\t\t>\n<div class=\"mtt-cover-section-wrap compact extra-small\">\n\t<div class=\"mtt-cover-curve\">\n\t\t<img decoding=\"async\"  src=\"https:\/\/itwgse.com\/wp-content\/themes\/mtt-standard-theme\/assets\/img\/cover\/itwgse_cut.svg\">\t<\/div>\n    <div class=\"mtt-cover-compact-background object-fit overlay\">\n                            <\/div>\n    <div class=\"mtt-cover-compact-container\">\n        <div class=\"mtt-cover-section-text no-max-width\">\n            <h1>2400 Series Instruction<\/h1>\n                                <div class=\"text\"><p><span lang=\"en-US\">Find instruction videos regarding the ITW GSE 2400 series, incl. software update, display board, cooling fans, output capacitors, ID chip, capacitor board control board, interface board, and inverter module.<\/span><\/p>\n<\/div>\n                            <\/div>\n    <\/div>\n<\/div>\n<\/div><\/div><div id=\"panel-7287-0-0-1\" class=\"so-panel widget widget_mtt-video-grid\" data-index=\"1\" ><div\n\t\t\t\n\t\t\tclass=\"so-widget-mtt-video-grid so-widget-mtt-video-grid-base\"\n\t\t\t\n\t\t>\n<div class=\"videos\">\n                <div class=\"video instruction-vid-click\" data-id=\"_Z2ZXV-BCvU\">\n                <div class=\"img\">\n                    <img decoding=\"async\" src=\"http:\/\/img.youtube.com\/vi\/_Z2ZXV-BCvU\/hqdefault.jpg\"\/>\n                <\/div>\n                <h2>ITW GSE 2400 Software Update, Control Board<\/h2>\n            <\/div>\n            <span><\/span>\n                    <div class=\"video instruction-vid-click\" data-id=\"detAJ7terXw\">\n                <div class=\"img\">\n                    <img decoding=\"async\" src=\"http:\/\/img.youtube.com\/vi\/detAJ7terXw\/hqdefault.jpg\"\/>\n                <\/div>\n                <h2>ITW GSE 2400 Software Update of Display<\/h2>\n            <\/div>\n            <span><\/span>\n                    <div class=\"video instruction-vid-click\" data-id=\"V3jqTZxZ9aQ\">\n                <div class=\"img\">\n                    <img decoding=\"async\" src=\"http:\/\/img.youtube.com\/vi\/V3jqTZxZ9aQ\/hqdefault.jpg\"\/>\n                <\/div>\n                <h2>ITW GSE 2400 Replacement of Cooling Fans<\/h2>\n            <\/div>\n            <span><\/span>\n                    <div class=\"video instruction-vid-click\" data-id=\"AUBBEiq9x0I\">\n                <div class=\"img\">\n                    <img decoding=\"async\" src=\"http:\/\/img.youtube.com\/vi\/AUBBEiq9x0I\/hqdefault.jpg\"\/>\n                <\/div>\n                <h2>ITW GSE 2400 Replacement of Output Capacitors<\/h2>\n            <\/div>\n            <span><\/span>\n                    <div class=\"video instruction-vid-click\" data-id=\"26J_T6_hSCM\">\n                <div class=\"img\">\n                    <img decoding=\"async\" src=\"http:\/\/img.youtube.com\/vi\/26J_T6_hSCM\/hqdefault.jpg\"\/>\n                <\/div>\n                <h2>ITW GSE 2400 Replacement of ID Chip<\/h2>\n            <\/div>\n            <span><\/span>\n                    <div class=\"video instruction-vid-click\" data-id=\"QjfIo8nrCMU\">\n                <div class=\"img\">\n                    <img decoding=\"async\" src=\"http:\/\/img.youtube.com\/vi\/QjfIo8nrCMU\/hqdefault.jpg\"\/>\n                <\/div>\n                <h2>ITW GSE 2400 Replacement of Capacitor Board<\/h2>\n            <\/div>\n            <span><\/span>\n                    <div class=\"video instruction-vid-click hideborder\" data-id=\"5W-Ktx4ZPTs\">\n                <div class=\"img\">\n                    <img decoding=\"async\" src=\"http:\/\/img.youtube.com\/vi\/5W-Ktx4ZPTs\/hqdefault.jpg\"\/>\n                <\/div>\n                <h2>ITW GSE 2400 Replacement of Control Board<\/h2>\n            <\/div>\n            <span><\/span>\n                    <div class=\"video instruction-vid-click hideborder\" data-id=\"zw7QYwPH6Ps\">\n                <div class=\"img\">\n                    <img decoding=\"async\" src=\"http:\/\/img.youtube.com\/vi\/zw7QYwPH6Ps\/hqdefault.jpg\"\/>\n                <\/div>\n                <h2>ITW GSE 2400 Replacement of Interface Board<\/h2>\n            <\/div>\n            <span><\/span>\n                    <div class=\"video instruction-vid-click hideborder\" data-id=\"dvIIn-iyHb8\">\n                <div class=\"img\">\n                    <img decoding=\"async\" src=\"http:\/\/img.youtube.com\/vi\/dvIIn-iyHb8\/hqdefault.jpg\"\/>\n                <\/div>\n                <h2>ITW GSE 2400 Replacement of Inverter Module<\/h2>\n            <\/div>\n            <span><\/span>\n        <\/div>\n\n<div class=\"vid-overlay\">\n    <div class=\"exit\"><\/div>\n    <svg id=\"preloader\" xmlns=\"http:\/\/www.w3.org\/2000\/svg\" viewBox=\"0 0 200 200\"><defs><style>.cls-1{fill:none;stroke:#e6e6e6;stroke-miterlimit:10;stroke-width:10px;}.cls-2{fill:#00b0eb;}<\/style><\/defs><title>preloader<\/title><circle id=\"circle\" class=\"cls-1\" cx=\"100\" cy=\"100\" r=\"73\"\/><path id=\"flight\" class=\"cls-2\" d=\"M100,27s62,1,68,69l-18-7v4l18,15-2,12s-1,4.33,2,5.67,6-3.67,6-3.67,2-2,3-12l19-15V91l-18,6S178,32,100,27Z\"\/><\/svg>\n\t<div class=\"player\">\n\t\t<div class=\"cookieconsent-message cookieconsent-optout-marketing\">\n\t\t\t<h4>Please accept <span>marketing-cookies<\/span> to watch this video<\/h4>\n\t\t\t<a href=\"javascript:Cookiebot.renew()\" class=\"button white\">Change Cookie Preferences<\/a>\n\t\t<\/div>\n    <\/div>\n<\/div><\/div><\/div><div id=\"panel-7287-0-0-2\" class=\"so-panel widget widget_mtt-customer-support panel-last-child\" data-index=\"2\" ><div\n\t\t\t\n\t\t\tclass=\"so-widget-mtt-customer-support so-widget-mtt-customer-support-base\"\n\t\t\t\n\t\t>\n<div class=\"mtt-text-image-wrap less-top-padding less-bottom-padding grey-bg\">\n        <!-- Content -->\n    <div class=\"mtt-text-image-container\">\n        <div class=\"mtt-text-image-col\">\n            <div class=\"mtt-text-image-content formatted_content\">\n                                <h2>Kundenservice<\/h2>\n                <p><strong>Wie k\u00f6nnen wir Ihnen helfen?<\/strong><\/p>\n<p>Ben\u00f6tigen Sie Schaltpl\u00e4ne, Ersatzteillisten oder Anleitungsvideos? Nutzen Sie die Schaltfl\u00e4che \u201eProdukthilfe\u201c.<\/p>\n<p>Haben Sie Fragen an den Kundenservice? Nutzen Sie die Schaltfl\u00e4che \u201eKundenservice kontaktieren\u201c. Falls sich Ihre Frage auf ein bestimmtes Produkt bezieht, geben Sie bitte die Seriennummer an.<\/p>\n\n                                    <div class=\"button-wrap\">\n                                                    <a href=\"https:\/\/itwgse.com\/de\/support-and-service\/\" class=\"button\">\n                                Produkthilfe                            <\/a>\n                                                    <a href=\"https:\/\/itwgse.com\/de\/kontakt\/\" class=\"button\">\n                                Kundenservice kontaktieren                            <\/a>\n                                            <\/div>\n                            <\/div>\n        <\/div>\n                    <div class=\"mtt-text-image-col img center\">\n                <div class=\"mtt-text-image-content\">\n                    <img decoding=\"async\" width=\"1800\" height=\"1023\" src=\"https:\/\/itwgse.com\/wp-content\/uploads\/2018\/06\/ITWGSE_hero_cleanest-1.jpg\" class=\"attachment-full size-full\" alt=\"7400 low noice JK\" srcset=\"https:\/\/itwgse.com\/wp-content\/uploads\/2018\/06\/ITWGSE_hero_cleanest-1.jpg 1800w, https:\/\/itwgse.com\/wp-content\/uploads\/2018\/06\/ITWGSE_hero_cleanest-1-300x171.jpg 300w, https:\/\/itwgse.com\/wp-content\/uploads\/2018\/06\/ITWGSE_hero_cleanest-1-1024x582.jpg 1024w\" sizes=\"(max-width: 1800px) 100vw, 1800px\" \/>                \n                    \n                    \n                <\/div>\n            <\/div>\n            <\/div>\n<\/div>\n\n<script>\nfunction sendEvent(action, element) {\n    var videoTitle = jQuery(element).data('title');  \n\n    if (dataLayer && videoTitle) {\n        dataLayer.push({\n            'event': 'video',\n            'eventCategory': 'Video',\n            'eventAction': action,\n            'eventLabel': videoTitle\n        });\n    }\n    else if (ga && videoTitle) {\n        ga('send', 'event', 'Video', action, videoTitle);\n    }  \n}\n<\/script>\n<\/div><\/div><\/div><\/div><\/div>","protected":false},"excerpt":{"rendered":"<p>2400 Series Instruction Find instruction videos regarding the ITW GSE 2400 series, incl. software update, display board, cooling fans, output capacitors, ID chip, capacitor&#8230;<\/p>\n","protected":false},"author":1,"featured_media":0,"parent":0,"menu_order":213,"comment_status":"closed","ping_status":"closed","template":"","meta":{"_acf_changed":false,"_relevanssi_hide_post":"","_relevanssi_hide_content":"","_relevanssi_pin_for_all":"","_relevanssi_pin_keywords":"","_relevanssi_unpin_keywords":"","_relevanssi_related_keywords":"","_relevanssi_related_include_ids":"","_relevanssi_related_exclude_ids":"","_relevanssi_related_no_append":"","_relevanssi_related_not_related":"","_relevanssi_related_posts":"","_relevanssi_noindex_reason":"","footnotes":""},"class_list":["post-7287","page","type-page","status-publish","hentry"],"acf":[],"yoast_head":"<!-- This site is optimized with the Yoast SEO plugin v27.0 - https:\/\/yoast.com\/product\/yoast-seo-wordpress\/ -->\n<title>2400 Series Instruction - Instructional videos | ITW GSE<\/title>\n<meta name=\"description\" content=\"ITW GSE has released 2400 series instruction videos. Find instructional videos regarding the 2400 software, 2400 replacements and much more.\" \/>\n<meta name=\"robots\" content=\"index, follow, max-snippet:-1, max-image-preview:large, max-video-preview:-1\" \/>\n<link rel=\"canonical\" href=\"https:\/\/itwgse.com\/2400-series-instruction\/\" \/>\n<meta property=\"og:locale\" content=\"de_DE\" \/>\n<meta property=\"og:type\" content=\"article\" \/>\n<meta property=\"og:title\" content=\"2400 Series Instruction - Instructional videos | ITW GSE\" \/>\n<meta property=\"og:description\" content=\"ITW GSE has released 2400 series instruction videos. Find instructional videos regarding the 2400 software, 2400 replacements and much more.\" \/>\n<meta property=\"og:url\" content=\"https:\/\/itwgse.com\/2400-series-instruction\/\" \/>\n<meta property=\"og:site_name\" content=\"ITW GSE\" \/>\n<meta property=\"article:publisher\" content=\"https:\/\/www.facebook.com\/ITWGSE\/\" \/>\n<meta property=\"article:modified_time\" content=\"2023-10-25T13:09:05+00:00\" \/>\n<meta name=\"twitter:card\" content=\"summary_large_image\" \/>\n<script type=\"application\/ld+json\" class=\"yoast-schema-graph\">{\"@context\":\"https:\/\/schema.org\",\"@graph\":[{\"@type\":\"WebPage\",\"@id\":\"https:\/\/itwgse.com\/2400-series-instruction\/\",\"url\":\"https:\/\/itwgse.com\/2400-series-instruction\/\",\"name\":\"2400 Series Instruction - Instructional videos | ITW GSE\",\"isPartOf\":{\"@id\":\"https:\/\/itwgse.com\/#website\"},\"datePublished\":\"2019-08-19T09:16:31+00:00\",\"dateModified\":\"2023-10-25T13:09:05+00:00\",\"description\":\"ITW GSE has released 2400 series instruction videos. Find instructional videos regarding the 2400 software, 2400 replacements and much more.\",\"breadcrumb\":{\"@id\":\"https:\/\/itwgse.com\/2400-series-instruction\/#breadcrumb\"},\"inLanguage\":\"de\",\"potentialAction\":[{\"@type\":\"ReadAction\",\"target\":[\"https:\/\/itwgse.com\/2400-series-instruction\/\"]}]},{\"@type\":\"BreadcrumbList\",\"@id\":\"https:\/\/itwgse.com\/2400-series-instruction\/#breadcrumb\",\"itemListElement\":[{\"@type\":\"ListItem\",\"position\":1,\"name\":\"Home\",\"item\":\"https:\/\/itwgse.com\/de\/home\/\"},{\"@type\":\"ListItem\",\"position\":2,\"name\":\"2400 Series\"}]},{\"@type\":\"WebSite\",\"@id\":\"https:\/\/itwgse.com\/#website\",\"url\":\"https:\/\/itwgse.com\/\",\"name\":\"ITW GSE\",\"description\":\"It&#039;s all about connections\",\"publisher\":{\"@id\":\"https:\/\/itwgse.com\/#organization\"},\"potentialAction\":[{\"@type\":\"SearchAction\",\"target\":{\"@type\":\"EntryPoint\",\"urlTemplate\":\"https:\/\/itwgse.com\/?s={search_term_string}\"},\"query-input\":{\"@type\":\"PropertyValueSpecification\",\"valueRequired\":true,\"valueName\":\"search_term_string\"}}],\"inLanguage\":\"de\"},{\"@type\":\"Organization\",\"@id\":\"https:\/\/itwgse.com\/#organization\",\"name\":\"ITW GSE\",\"url\":\"https:\/\/itwgse.com\/\",\"logo\":{\"@type\":\"ImageObject\",\"inLanguage\":\"de\",\"@id\":\"https:\/\/itwgse.com\/#\/schema\/logo\/image\/\",\"url\":\"https:\/\/itwgse.com\/wp-content\/uploads\/2018\/11\/logo.png\",\"contentUrl\":\"https:\/\/itwgse.com\/wp-content\/uploads\/2018\/11\/logo.png\",\"width\":302,\"height\":237,\"caption\":\"ITW GSE\"},\"image\":{\"@id\":\"https:\/\/itwgse.com\/#\/schema\/logo\/image\/\"},\"sameAs\":[\"https:\/\/www.facebook.com\/ITWGSE\/\",\"https:\/\/www.linkedin.com\/company\/itw-gse\/\",\"https:\/\/www.youtube.com\/channel\/UCTUIMvyaOPfYIqzP8enZ8yw\"]}]}<\/script>\n<!-- \/ Yoast SEO plugin. -->","yoast_head_json":{"title":"2400 Series Instruction - Instructional videos | ITW GSE","description":"ITW GSE has released 2400 series instruction videos. Find instructional videos regarding the 2400 software, 2400 replacements and much more.","robots":{"index":"index","follow":"follow","max-snippet":"max-snippet:-1","max-image-preview":"max-image-preview:large","max-video-preview":"max-video-preview:-1"},"canonical":"https:\/\/itwgse.com\/2400-series-instruction\/","og_locale":"de_DE","og_type":"article","og_title":"2400 Series Instruction - Instructional videos | ITW GSE","og_description":"ITW GSE has released 2400 series instruction videos. Find instructional videos regarding the 2400 software, 2400 replacements and much more.","og_url":"https:\/\/itwgse.com\/2400-series-instruction\/","og_site_name":"ITW GSE","article_publisher":"https:\/\/www.facebook.com\/ITWGSE\/","article_modified_time":"2023-10-25T13:09:05+00:00","twitter_card":"summary_large_image","schema":{"@context":"https:\/\/schema.org","@graph":[{"@type":"WebPage","@id":"https:\/\/itwgse.com\/2400-series-instruction\/","url":"https:\/\/itwgse.com\/2400-series-instruction\/","name":"2400 Series Instruction - Instructional videos | ITW GSE","isPartOf":{"@id":"https:\/\/itwgse.com\/#website"},"datePublished":"2019-08-19T09:16:31+00:00","dateModified":"2023-10-25T13:09:05+00:00","description":"ITW GSE has released 2400 series instruction videos. Find instructional videos regarding the 2400 software, 2400 replacements and much more.","breadcrumb":{"@id":"https:\/\/itwgse.com\/2400-series-instruction\/#breadcrumb"},"inLanguage":"de","potentialAction":[{"@type":"ReadAction","target":["https:\/\/itwgse.com\/2400-series-instruction\/"]}]},{"@type":"BreadcrumbList","@id":"https:\/\/itwgse.com\/2400-series-instruction\/#breadcrumb","itemListElement":[{"@type":"ListItem","position":1,"name":"Home","item":"https:\/\/itwgse.com\/de\/home\/"},{"@type":"ListItem","position":2,"name":"2400 Series"}]},{"@type":"WebSite","@id":"https:\/\/itwgse.com\/#website","url":"https:\/\/itwgse.com\/","name":"ITW GSE","description":"It&#039;s all about connections","publisher":{"@id":"https:\/\/itwgse.com\/#organization"},"potentialAction":[{"@type":"SearchAction","target":{"@type":"EntryPoint","urlTemplate":"https:\/\/itwgse.com\/?s={search_term_string}"},"query-input":{"@type":"PropertyValueSpecification","valueRequired":true,"valueName":"search_term_string"}}],"inLanguage":"de"},{"@type":"Organization","@id":"https:\/\/itwgse.com\/#organization","name":"ITW GSE","url":"https:\/\/itwgse.com\/","logo":{"@type":"ImageObject","inLanguage":"de","@id":"https:\/\/itwgse.com\/#\/schema\/logo\/image\/","url":"https:\/\/itwgse.com\/wp-content\/uploads\/2018\/11\/logo.png","contentUrl":"https:\/\/itwgse.com\/wp-content\/uploads\/2018\/11\/logo.png","width":302,"height":237,"caption":"ITW GSE"},"image":{"@id":"https:\/\/itwgse.com\/#\/schema\/logo\/image\/"},"sameAs":["https:\/\/www.facebook.com\/ITWGSE\/","https:\/\/www.linkedin.com\/company\/itw-gse\/","https:\/\/www.youtube.com\/channel\/UCTUIMvyaOPfYIqzP8enZ8yw"]}]}},"_links":{"self":[{"href":"https:\/\/itwgse.com\/de\/wp-json\/wp\/v2\/pages\/7287","targetHints":{"allow":["GET"]}}],"collection":[{"href":"https:\/\/itwgse.com\/de\/wp-json\/wp\/v2\/pages"}],"about":[{"href":"https:\/\/itwgse.com\/de\/wp-json\/wp\/v2\/types\/page"}],"author":[{"embeddable":true,"href":"https:\/\/itwgse.com\/de\/wp-json\/wp\/v2\/users\/1"}],"replies":[{"embeddable":true,"href":"https:\/\/itwgse.com\/de\/wp-json\/wp\/v2\/comments?post=7287"}],"version-history":[{"count":19,"href":"https:\/\/itwgse.com\/de\/wp-json\/wp\/v2\/pages\/7287\/revisions"}],"predecessor-version":[{"id":24505,"href":"https:\/\/itwgse.com\/de\/wp-json\/wp\/v2\/pages\/7287\/revisions\/24505"}],"wp:attachment":[{"href":"https:\/\/itwgse.com\/de\/wp-json\/wp\/v2\/media?parent=7287"}],"curies":[{"name":"wp","href":"https:\/\/api.w.org\/{rel}","templated":true}]}}