{"id":2050,"date":"2018-03-18T15:41:11","date_gmt":"2018-03-18T14:41:11","guid":{"rendered":"https:\/\/itwgse.com\/?post_type=product&#038;p=2050"},"modified":"2025-05-27T14:14:05","modified_gmt":"2025-05-27T12:14:05","slug":"28v-dc-banded-cable","status":"publish","type":"product","link":"https:\/\/itwgse.com\/de\/produkte\/kabel\/28v-dc-banded-cable\/","title":{"rendered":"28V DC Banded Cable"},"content":{"rendered":"<div id=\"pl-2050\"  class=\"panel-layout\" ><div id=\"pg-2050-0\"  class=\"panel-grid panel-no-style\" ><div id=\"pgc-2050-0-0\"  class=\"panel-grid-cell\" ><div id=\"panel-2050-0-0-0\" class=\"so-panel widget widget_mtt-cover-section panel-first-child panel-last-child\" data-index=\"0\" ><div\n\t\t\t\n\t\t\tclass=\"so-widget-mtt-cover-section so-widget-mtt-cover-section-base\"\n\t\t\t\n\t\t>\n<div class=\"mtt-cover-section-wrap product\">\n    <div class=\"mtt-cover-product-container\">\n        <div class=\"mtt-cover-section-text-wrap\">\n            <img decoding=\"async\" width=\"840\" height=\"389\" src=\"https:\/\/itwgse.com\/wp-content\/uploads\/2018\/03\/28V-DC-banded-cable-menu.png\" class=\"cover-product\" alt=\"28V DC Banded Cable Aircraft cables\" srcset=\"https:\/\/itwgse.com\/wp-content\/uploads\/2018\/03\/28V-DC-banded-cable-menu.png 840w, https:\/\/itwgse.com\/wp-content\/uploads\/2018\/03\/28V-DC-banded-cable-menu-300x139.png 300w, https:\/\/itwgse.com\/wp-content\/uploads\/2018\/03\/28V-DC-banded-cable-menu-750x347.png 750w, https:\/\/itwgse.com\/wp-content\/uploads\/2018\/03\/28V-DC-banded-cable-menu-768x356.png 768w, https:\/\/itwgse.com\/wp-content\/uploads\/2018\/03\/28V-DC-banded-cable-menu-600x278.png 600w\" sizes=\"(max-width: 840px) 100vw, 840px\" \/>            <div class=\"mtt-cover-section-text\">\n                                <span class=\"tagline\"><\/span>\n                <h1>28V DC Banded Cable<\/h1>\n                <div class=\"text\"><p>ITW GSE produces the premier\u00a0 28 Volt cable assembly with a molded head to take the harsh environment of today\u2019s flight line.<\/p>\n<\/div>\n                <input type=\"hidden\" name=\"product\" value=\"2050\">\n\n                    <div class=\"button-wrap\">\n                        <a class=\"button mtt-support-box modal\" data-flow=\"request-quotation\" data-template=\"request-form\"\n                           data-product_id=\"2050\" data-previous_no_pagination=\"true\">Request Product<\/a>\n\n                                                                                    <a\n                                    href=\"\"\n                                    class=\"button  open-brochure-modal\"\n                                >\n                                    Brochure                                <\/a>\n                                                                        <\/div>\n\n            <\/div>\n        <\/div>\n    <\/div>\n    <div class=\"mtt-cover-product-background no-background\" >\n                <div class=\"mtt-cover-product-background-image\">\n                        <img decoding=\"async\"  src=\"https:\/\/itwgse.com\/wp-content\/themes\/mtt-standard-theme\/assets\/img\/cover\/itwgse_cut_wide.svg\" class=\"itwgse-cut\">        <\/div>\n\n        <div class=\"mtt-cover-product small\">\n            <img decoding=\"async\" width=\"1200\" height=\"740\" src=\"https:\/\/itwgse.com\/wp-content\/uploads\/2018\/03\/28V-DC-banded-cable-1200x740.png\" class=\"attachment-1200x740x size-1200x740x\" alt=\"Aircraft cables\" srcset=\"https:\/\/itwgse.com\/wp-content\/uploads\/2018\/03\/28V-DC-banded-cable.png 1200w, https:\/\/itwgse.com\/wp-content\/uploads\/2018\/03\/28V-DC-banded-cable-300x185.png 300w, https:\/\/itwgse.com\/wp-content\/uploads\/2018\/03\/28V-DC-banded-cable-1024x631.png 1024w\" sizes=\"(max-width: 1200px) 100vw, 1200px\" \/>        <\/div>\n    <\/div>\n<\/div><\/div><\/div><\/div><\/div><div id=\"pg-2050-1\"  class=\"panel-grid panel-no-style\" ><div id=\"pgc-2050-1-0\"  class=\"panel-grid-cell\" ><div id=\"panel-2050-1-0-0\" class=\"so-panel widget widget_mtt-two-col-text panel-first-child panel-last-child\" data-index=\"1\" ><div\n\t\t\t\n\t\t\tclass=\"so-widget-mtt-two-col-text so-widget-mtt-two-col-text-base\"\n\t\t\t\n\t\t>\n<div class=\"mtt-two-col-wrapper\">\n    <div class=\"mtt-two-col-container\">\n        <div class=\"mtt-two-col-content has-title\">\n                            <h2>Complete Cable Assemblies<\/h2>\n                        <div class=\"text-section\">\n                <div class=\"col formatted_content\"><p>The ITW GSE 28V DC Cable Assembly is manufactured in accordance with the following:<\/p>\n<ul>\n<li>Specifications C5756 \u2013 cable specification<\/li>\n<li>Mil Spec 25488 \u2013 connector specification<\/li>\n<li>Mil-C-7974D \u2013 assembly specification<\/li>\n<\/ul>\n<\/div>\n                <div class=\"col formatted_content\"><p>The ITW GSE 28V DC Cable Assemblies are available in various conductor sizes and the following standard cable lengths:<\/p>\n<ul>\n<li>30 ft. (2\/0 and 4\/0 wire size)<\/li>\n<li>40 ft.\u00a0(2\/0 and 4\/0 wire size)<\/li>\n<li>50 ft. (4\/0 wire size)<\/li>\n<li>60 ft.\u00a0(4\/0 wire size)<\/li>\n<\/ul>\n                                    <\/div>\n            <\/div>\n                    <\/div>\n    <\/div>\n<\/div><\/div><\/div><\/div><\/div><div id=\"pg-2050-2\"  class=\"panel-grid panel-no-style\" ><div id=\"pgc-2050-2-0\"  class=\"panel-grid-cell\" ><div id=\"panel-2050-2-0-0\" class=\"so-panel widget widget_mtt-product-files panel-first-child\" data-index=\"2\" ><div\n\t\t\t\n\t\t\tclass=\"so-widget-mtt-product-files so-widget-mtt-product-files-base\"\n\t\t\t\n\t\t>    <div class=\"product-files-wrapper no-top-padding\">\n        <div class=\"page_container\">\n            <h2>Downloads for 28V DC Banded Cable<\/h2>\n            <div class=\"button-wrap\">\n                                                            <a\n                            class=\"button mtt-support-box modal\"\n                            href=\"#\"\n                            data-flow=\"product-support\"\n                            data-template=\"product-files\"\n                            data-product_id=\"2050\"\n                            data-file_category=\"documentation\"\n                            data-previous_no_pagination=\"true\"\n                        >\n                            Documentation                        <\/a>\n                                                                                <a\n                            class=\"button open-modal\"\n                            href=\"#\"\n                            data-id=\"99b63e7f-ad24-48b3-a68a-e659a65475d1\"\n                        >\n                            Data Sheets                        <\/a>\n                                                                        <\/div>\n        <\/div>\n    <\/div>\n    <\/div><\/div><div id=\"panel-2050-2-0-1\" class=\"so-panel widget widget_mtt-one-col-text\" data-index=\"3\" ><div\n\t\t\t\n\t\t\tclass=\"so-widget-mtt-one-col-text so-widget-mtt-one-col-text-base\"\n\t\t\t\n\t\t>\n<div class=\"mtt-two-col-wrapper no-top-padding\">\n    <div class=\"mtt-two-col-container\">\n        <div class=\"mtt-two-col-content formatted_content has-title-one\">\n\t\t\t                <h2>Formerly known as J&amp;B Aviation<\/h2>\n                        <div class=\"text-section one-col\">\n                <p>Until 2018, the 28V DC Banded Cable was sold under the J&amp;B Aviation brand.<\/p>\n<p>Read more about our\u00a0<a href=\"https:\/\/itwgse.com\/itw-gse-history\/\" rel=\"noopener\">brand history<\/a>.<\/p>\n<p>&nbsp;<\/p>\n<p>You see all current <a href=\"https:\/\/itwgse.com\/aircraft-cables\/\">ITW GSE Cables here<\/a>.<\/p>\n            <\/div>\n\n            \n                        <\/div>\n    <\/div>\n<\/div>\n<\/div><\/div><div id=\"panel-2050-2-0-2\" class=\"so-panel widget widget_mtt-customer-support panel-last-child\" data-index=\"4\" ><div\n\t\t\t\n\t\t\tclass=\"so-widget-mtt-customer-support so-widget-mtt-customer-support-base\"\n\t\t\t\n\t\t>\n<div class=\"mtt-text-image-wrap less-top-padding less-bottom-padding grey-bg\">\n        <!-- Content -->\n    <div class=\"mtt-text-image-container\">\n        <div class=\"mtt-text-image-col\">\n            <div class=\"mtt-text-image-content formatted_content\">\n                                <h2>Kundenservice<\/h2>\n                <p><strong>Wie k\u00f6nnen wir Ihnen helfen?<\/strong><\/p>\n<p>Ben\u00f6tigen Sie Schaltpl\u00e4ne, Ersatzteillisten oder Anleitungsvideos? Nutzen Sie die Schaltfl\u00e4che \u201eProdukthilfe\u201c.<\/p>\n<p>Haben Sie Fragen an den Kundenservice? Nutzen Sie die Schaltfl\u00e4che \u201eKundenservice kontaktieren\u201c. Falls sich Ihre Frage auf ein bestimmtes Produkt bezieht, geben Sie bitte die Seriennummer an.<\/p>\n\n                                    <div class=\"button-wrap\">\n                                                    <a href=\"https:\/\/itwgse.com\/de\/support-and-service\/\" class=\"button\">\n                                Produkthilfe                            <\/a>\n                                                    <a href=\"https:\/\/itwgse.com\/de\/kontakt\/\" class=\"button\">\n                                Kundenservice kontaktieren                            <\/a>\n                                            <\/div>\n                            <\/div>\n        <\/div>\n                    <div class=\"mtt-text-image-col img center\">\n                <div class=\"mtt-text-image-content\">\n                    <img decoding=\"async\" width=\"1800\" height=\"1023\" src=\"https:\/\/itwgse.com\/wp-content\/uploads\/2018\/06\/ITWGSE_hero_cleanest-1.jpg\" class=\"attachment-full size-full\" alt=\"7400 low noice JK\" srcset=\"https:\/\/itwgse.com\/wp-content\/uploads\/2018\/06\/ITWGSE_hero_cleanest-1.jpg 1800w, https:\/\/itwgse.com\/wp-content\/uploads\/2018\/06\/ITWGSE_hero_cleanest-1-300x171.jpg 300w, https:\/\/itwgse.com\/wp-content\/uploads\/2018\/06\/ITWGSE_hero_cleanest-1-1024x582.jpg 1024w\" sizes=\"(max-width: 1800px) 100vw, 1800px\" \/>                \n                    \n                    \n                <\/div>\n            <\/div>\n            <\/div>\n<\/div>\n\n<script>\nfunction sendEvent(action, element) {\n    var videoTitle = jQuery(element).data('title');  \n\n    if (dataLayer && videoTitle) {\n        dataLayer.push({\n            'event': 'video',\n            'eventCategory': 'Video',\n            'eventAction': action,\n            'eventLabel': videoTitle\n        });\n    }\n    else if (ga && videoTitle) {\n        ga('send', 'event', 'Video', action, videoTitle);\n    }  \n}\n<\/script>\n<\/div><\/div><\/div><\/div><\/div>","protected":false},"excerpt":{"rendered":"<p>ITW GSE produces the premier two-conductor banded 28 volt cable assembly with a molded head to take the harsh environment of today\u2019s flight line.<\/p>\n","protected":false},"featured_media":4578,"comment_status":"open","ping_status":"closed","template":"","meta":{"_acf_changed":false,"_relevanssi_hide_post":"","_relevanssi_hide_content":"","_relevanssi_pin_for_all":"","_relevanssi_pin_keywords":"","_relevanssi_unpin_keywords":"","_relevanssi_related_keywords":"","_relevanssi_related_include_ids":"","_relevanssi_related_exclude_ids":"","_relevanssi_related_no_append":"","_relevanssi_related_not_related":"","_relevanssi_related_posts":"","_relevanssi_noindex_reason":""},"product_brand":[],"product_cat":[3318,4468,18,76],"product_tag":[],"class_list":{"0":"post-2050","1":"product","2":"type-product","3":"status-publish","4":"has-post-thumbnail","6":"product_cat-brochure-catalog","7":"product_cat-cables-and-hoses","8":"product_cat-aircraft-cables","9":"product_cat-military-products","11":"first","12":"instock","13":"shipping-taxable","14":"purchasable","15":"product-type-simple"},"acf":[],"yoast_head":"<!-- This site is optimized with the Yoast SEO plugin v27.0 - https:\/\/yoast.com\/product\/yoast-seo-wordpress\/ -->\n<title>28V DC Banded Cable - The premier 28 Volt cable assembly | ITW GSE<\/title>\n<meta name=\"description\" content=\"28V DC Banded Cable are available in various conductor sizes and comes with a molded head to take the harsh environment of today\u2019s flight line.\" \/>\n<meta name=\"robots\" content=\"index, follow, max-snippet:-1, max-image-preview:large, max-video-preview:-1\" \/>\n<link rel=\"canonical\" href=\"https:\/\/itwgse.com\/products\/aircraft-cables\/28v-dc-banded-cable\/\" \/>\n<meta property=\"og:locale\" content=\"de_DE\" \/>\n<meta property=\"og:type\" content=\"article\" \/>\n<meta property=\"og:title\" content=\"28V DC Banded Cable - The premier 28 Volt cable assembly | ITW GSE\" \/>\n<meta property=\"og:description\" content=\"28V DC Banded Cable are available in various conductor sizes and comes with a molded head to take the harsh environment of today\u2019s flight line.\" \/>\n<meta property=\"og:url\" content=\"https:\/\/itwgse.com\/products\/aircraft-cables\/28v-dc-banded-cable\/\" \/>\n<meta property=\"og:site_name\" content=\"ITW GSE\" \/>\n<meta property=\"article:publisher\" content=\"https:\/\/www.facebook.com\/ITWGSE\/\" \/>\n<meta property=\"article:modified_time\" content=\"2025-05-27T12:14:05+00:00\" \/>\n<meta property=\"og:image\" content=\"https:\/\/itwgse.com\/wp-content\/uploads\/2018\/03\/28V-DC-banded-cable-menu.png\" \/>\n\t<meta property=\"og:image:width\" content=\"840\" \/>\n\t<meta property=\"og:image:height\" content=\"389\" \/>\n\t<meta property=\"og:image:type\" content=\"image\/png\" \/>\n<meta name=\"twitter:card\" content=\"summary_large_image\" \/>\n<meta name=\"twitter:label1\" content=\"Gesch\u00e4tzte Lesezeit\" \/>\n\t<meta name=\"twitter:data1\" content=\"1\u00a0Minute\" \/>\n<script type=\"application\/ld+json\" class=\"yoast-schema-graph\">{\"@context\":\"https:\/\/schema.org\",\"@graph\":[{\"@type\":\"WebPage\",\"@id\":\"https:\/\/itwgse.com\/products\/aircraft-cables\/28v-dc-banded-cable\/\",\"url\":\"https:\/\/itwgse.com\/products\/aircraft-cables\/28v-dc-banded-cable\/\",\"name\":\"28V DC Banded Cable - The premier 28 Volt cable assembly | ITW GSE\",\"isPartOf\":{\"@id\":\"https:\/\/itwgse.com\/#website\"},\"primaryImageOfPage\":{\"@id\":\"https:\/\/itwgse.com\/products\/aircraft-cables\/28v-dc-banded-cable\/#primaryimage\"},\"image\":{\"@id\":\"https:\/\/itwgse.com\/products\/aircraft-cables\/28v-dc-banded-cable\/#primaryimage\"},\"thumbnailUrl\":\"https:\/\/itwgse.com\/wp-content\/uploads\/2018\/03\/28V-DC-banded-cable-menu.png\",\"datePublished\":\"2018-03-18T14:41:11+00:00\",\"dateModified\":\"2025-05-27T12:14:05+00:00\",\"description\":\"28V DC Banded Cable are available in various conductor sizes and comes with a molded head to take the harsh environment of today\u2019s flight line.\",\"breadcrumb\":{\"@id\":\"https:\/\/itwgse.com\/products\/aircraft-cables\/28v-dc-banded-cable\/#breadcrumb\"},\"inLanguage\":\"de\",\"potentialAction\":[{\"@type\":\"ReadAction\",\"target\":[\"https:\/\/itwgse.com\/products\/aircraft-cables\/28v-dc-banded-cable\/\"]}]},{\"@type\":\"ImageObject\",\"inLanguage\":\"de\",\"@id\":\"https:\/\/itwgse.com\/products\/aircraft-cables\/28v-dc-banded-cable\/#primaryimage\",\"url\":\"https:\/\/itwgse.com\/wp-content\/uploads\/2018\/03\/28V-DC-banded-cable-menu.png\",\"contentUrl\":\"https:\/\/itwgse.com\/wp-content\/uploads\/2018\/03\/28V-DC-banded-cable-menu.png\",\"width\":840,\"height\":389,\"caption\":\"28V DC Banded Cable Aircraft cables\"},{\"@type\":\"BreadcrumbList\",\"@id\":\"https:\/\/itwgse.com\/products\/aircraft-cables\/28v-dc-banded-cable\/#breadcrumb\",\"itemListElement\":[{\"@type\":\"ListItem\",\"position\":1,\"name\":\"Home\",\"item\":\"https:\/\/itwgse.com\/de\/home\/\"},{\"@type\":\"ListItem\",\"position\":2,\"name\":\"28V DC Banded Cable\"}]},{\"@type\":\"WebSite\",\"@id\":\"https:\/\/itwgse.com\/#website\",\"url\":\"https:\/\/itwgse.com\/\",\"name\":\"ITW GSE\",\"description\":\"It&#039;s all about connections\",\"publisher\":{\"@id\":\"https:\/\/itwgse.com\/#organization\"},\"potentialAction\":[{\"@type\":\"SearchAction\",\"target\":{\"@type\":\"EntryPoint\",\"urlTemplate\":\"https:\/\/itwgse.com\/?s={search_term_string}\"},\"query-input\":{\"@type\":\"PropertyValueSpecification\",\"valueRequired\":true,\"valueName\":\"search_term_string\"}}],\"inLanguage\":\"de\"},{\"@type\":\"Organization\",\"@id\":\"https:\/\/itwgse.com\/#organization\",\"name\":\"ITW GSE\",\"url\":\"https:\/\/itwgse.com\/\",\"logo\":{\"@type\":\"ImageObject\",\"inLanguage\":\"de\",\"@id\":\"https:\/\/itwgse.com\/#\/schema\/logo\/image\/\",\"url\":\"https:\/\/itwgse.com\/wp-content\/uploads\/2018\/11\/logo.png\",\"contentUrl\":\"https:\/\/itwgse.com\/wp-content\/uploads\/2018\/11\/logo.png\",\"width\":302,\"height\":237,\"caption\":\"ITW GSE\"},\"image\":{\"@id\":\"https:\/\/itwgse.com\/#\/schema\/logo\/image\/\"},\"sameAs\":[\"https:\/\/www.facebook.com\/ITWGSE\/\",\"https:\/\/www.linkedin.com\/company\/itw-gse\/\",\"https:\/\/www.youtube.com\/channel\/UCTUIMvyaOPfYIqzP8enZ8yw\"]}]}<\/script>\n<!-- \/ Yoast SEO plugin. -->","yoast_head_json":{"title":"28V DC Banded Cable - The premier 28 Volt cable assembly | ITW GSE","description":"28V DC Banded Cable are available in various conductor sizes and comes with a molded head to take the harsh environment of today\u2019s flight line.","robots":{"index":"index","follow":"follow","max-snippet":"max-snippet:-1","max-image-preview":"max-image-preview:large","max-video-preview":"max-video-preview:-1"},"canonical":"https:\/\/itwgse.com\/products\/aircraft-cables\/28v-dc-banded-cable\/","og_locale":"de_DE","og_type":"article","og_title":"28V DC Banded Cable - The premier 28 Volt cable assembly | ITW GSE","og_description":"28V DC Banded Cable are available in various conductor sizes and comes with a molded head to take the harsh environment of today\u2019s flight line.","og_url":"https:\/\/itwgse.com\/products\/aircraft-cables\/28v-dc-banded-cable\/","og_site_name":"ITW GSE","article_publisher":"https:\/\/www.facebook.com\/ITWGSE\/","article_modified_time":"2025-05-27T12:14:05+00:00","og_image":[{"width":840,"height":389,"url":"https:\/\/itwgse.com\/wp-content\/uploads\/2018\/03\/28V-DC-banded-cable-menu.png","type":"image\/png"}],"twitter_card":"summary_large_image","twitter_misc":{"Gesch\u00e4tzte Lesezeit":"1\u00a0Minute"},"schema":{"@context":"https:\/\/schema.org","@graph":[{"@type":"WebPage","@id":"https:\/\/itwgse.com\/products\/aircraft-cables\/28v-dc-banded-cable\/","url":"https:\/\/itwgse.com\/products\/aircraft-cables\/28v-dc-banded-cable\/","name":"28V DC Banded Cable - The premier 28 Volt cable assembly | ITW GSE","isPartOf":{"@id":"https:\/\/itwgse.com\/#website"},"primaryImageOfPage":{"@id":"https:\/\/itwgse.com\/products\/aircraft-cables\/28v-dc-banded-cable\/#primaryimage"},"image":{"@id":"https:\/\/itwgse.com\/products\/aircraft-cables\/28v-dc-banded-cable\/#primaryimage"},"thumbnailUrl":"https:\/\/itwgse.com\/wp-content\/uploads\/2018\/03\/28V-DC-banded-cable-menu.png","datePublished":"2018-03-18T14:41:11+00:00","dateModified":"2025-05-27T12:14:05+00:00","description":"28V DC Banded Cable are available in various conductor sizes and comes with a molded head to take the harsh environment of today\u2019s flight line.","breadcrumb":{"@id":"https:\/\/itwgse.com\/products\/aircraft-cables\/28v-dc-banded-cable\/#breadcrumb"},"inLanguage":"de","potentialAction":[{"@type":"ReadAction","target":["https:\/\/itwgse.com\/products\/aircraft-cables\/28v-dc-banded-cable\/"]}]},{"@type":"ImageObject","inLanguage":"de","@id":"https:\/\/itwgse.com\/products\/aircraft-cables\/28v-dc-banded-cable\/#primaryimage","url":"https:\/\/itwgse.com\/wp-content\/uploads\/2018\/03\/28V-DC-banded-cable-menu.png","contentUrl":"https:\/\/itwgse.com\/wp-content\/uploads\/2018\/03\/28V-DC-banded-cable-menu.png","width":840,"height":389,"caption":"28V DC Banded Cable Aircraft cables"},{"@type":"BreadcrumbList","@id":"https:\/\/itwgse.com\/products\/aircraft-cables\/28v-dc-banded-cable\/#breadcrumb","itemListElement":[{"@type":"ListItem","position":1,"name":"Home","item":"https:\/\/itwgse.com\/de\/home\/"},{"@type":"ListItem","position":2,"name":"28V DC Banded Cable"}]},{"@type":"WebSite","@id":"https:\/\/itwgse.com\/#website","url":"https:\/\/itwgse.com\/","name":"ITW GSE","description":"It&#039;s all about connections","publisher":{"@id":"https:\/\/itwgse.com\/#organization"},"potentialAction":[{"@type":"SearchAction","target":{"@type":"EntryPoint","urlTemplate":"https:\/\/itwgse.com\/?s={search_term_string}"},"query-input":{"@type":"PropertyValueSpecification","valueRequired":true,"valueName":"search_term_string"}}],"inLanguage":"de"},{"@type":"Organization","@id":"https:\/\/itwgse.com\/#organization","name":"ITW GSE","url":"https:\/\/itwgse.com\/","logo":{"@type":"ImageObject","inLanguage":"de","@id":"https:\/\/itwgse.com\/#\/schema\/logo\/image\/","url":"https:\/\/itwgse.com\/wp-content\/uploads\/2018\/11\/logo.png","contentUrl":"https:\/\/itwgse.com\/wp-content\/uploads\/2018\/11\/logo.png","width":302,"height":237,"caption":"ITW GSE"},"image":{"@id":"https:\/\/itwgse.com\/#\/schema\/logo\/image\/"},"sameAs":["https:\/\/www.facebook.com\/ITWGSE\/","https:\/\/www.linkedin.com\/company\/itw-gse\/","https:\/\/www.youtube.com\/channel\/UCTUIMvyaOPfYIqzP8enZ8yw"]}]}},"_links":{"self":[{"href":"https:\/\/itwgse.com\/de\/wp-json\/wp\/v2\/product\/2050","targetHints":{"allow":["GET"]}}],"collection":[{"href":"https:\/\/itwgse.com\/de\/wp-json\/wp\/v2\/product"}],"about":[{"href":"https:\/\/itwgse.com\/de\/wp-json\/wp\/v2\/types\/product"}],"replies":[{"embeddable":true,"href":"https:\/\/itwgse.com\/de\/wp-json\/wp\/v2\/comments?post=2050"}],"wp:featuredmedia":[{"embeddable":true,"href":"https:\/\/itwgse.com\/de\/wp-json\/wp\/v2\/media\/4578"}],"wp:attachment":[{"href":"https:\/\/itwgse.com\/de\/wp-json\/wp\/v2\/media?parent=2050"}],"wp:term":[{"taxonomy":"product_brand","embeddable":true,"href":"https:\/\/itwgse.com\/de\/wp-json\/wp\/v2\/product_brand?post=2050"},{"taxonomy":"product_cat","embeddable":true,"href":"https:\/\/itwgse.com\/de\/wp-json\/wp\/v2\/product_cat?post=2050"},{"taxonomy":"product_tag","embeddable":true,"href":"https:\/\/itwgse.com\/de\/wp-json\/wp\/v2\/product_tag?post=2050"}],"curies":[{"name":"wp","href":"https:\/\/api.w.org\/{rel}","templated":true}]}}