{"id":45183,"date":"2018-03-19T20:37:55","date_gmt":"2018-03-19T19:37:55","guid":{"rendered":"https:\/\/itwgse.com\/products\/unkategorisiert\/superschlauch\/"},"modified":"2026-03-09T13:38:40","modified_gmt":"2026-03-09T12:38:40","slug":"superschlauch","status":"publish","type":"product","link":"https:\/\/itwgse.com\/de\/produkte\/schlauche\/superschlauch\/","title":{"rendered":"SuperSchlauch"},"content":{"rendered":"<div id=\"pl-45183\"  class=\"panel-layout\" ><div id=\"pg-45183-0\"  class=\"panel-grid panel-no-style\" ><div id=\"pgc-45183-0-0\"  class=\"panel-grid-cell\" ><div id=\"panel-45183-0-0-0\" class=\"so-panel widget widget_mtt-cover-section panel-first-child panel-last-child\" data-index=\"0\" ><div\n\t\t\t\n\t\t\tclass=\"so-widget-mtt-cover-section so-widget-mtt-cover-section-base\"\n\t\t\t\n\t\t>\n<div class=\"mtt-cover-section-wrap product\">\n    <div class=\"mtt-cover-product-container\">\n        <div class=\"mtt-cover-section-text-wrap\">\n            <img decoding=\"async\" width=\"5447\" height=\"2378\" src=\"https:\/\/itwgse.com\/wp-content\/uploads\/2018\/03\/BLCK8955.png\" class=\"cover-product\" alt=\"Super Hose\" srcset=\"https:\/\/itwgse.com\/wp-content\/uploads\/2018\/03\/BLCK8955.png 5447w, https:\/\/itwgse.com\/wp-content\/uploads\/2018\/03\/BLCK8955-300x131.png 300w, https:\/\/itwgse.com\/wp-content\/uploads\/2018\/03\/BLCK8955-1024x447.png 1024w, https:\/\/itwgse.com\/wp-content\/uploads\/2018\/03\/BLCK8955-900x393.png 900w, https:\/\/itwgse.com\/wp-content\/uploads\/2018\/03\/BLCK8955-750x327.png 750w, https:\/\/itwgse.com\/wp-content\/uploads\/2018\/03\/BLCK8955-1200x524.png 1200w, https:\/\/itwgse.com\/wp-content\/uploads\/2018\/03\/BLCK8955-768x335.png 768w, https:\/\/itwgse.com\/wp-content\/uploads\/2018\/03\/BLCK8955-600x262.png 600w\" sizes=\"(max-width: 5447px) 100vw, 5447px\" \/>            <div class=\"mtt-cover-section-text\">\n                                <span class=\"tagline\"><\/span>\n                <h1>SuperSchlauch<\/h1>\n                <div class=\"text\"><p>Der patentierte SuperHose von ITW GSE<sup> <\/sup>  ist der leichteste und st\u00e4rkste PC-Luftschlauch auf dem Markt. Der SuperHose ist 50-65% leichter als ein herk\u00f6mmlicher PVC-beschichteter Schlauch und 5 Mal abriebfester. <\/p>\n<\/div>\n                <input type=\"hidden\" name=\"product\" value=\"45183\">\n\n                    <div class=\"button-wrap\">\n                        <a class=\"button mtt-support-box modal\" data-flow=\"request-quotation\" data-template=\"request-form\"\n                           data-product_id=\"45183\" data-previous_no_pagination=\"true\">Request Product<\/a>\n\n                                                                                    <a\n                                    href=\"\"\n                                    class=\"button  open-brochure-modal\"\n                                >\n                                    Brosch\u00fcre                                <\/a>\n                                                                        <\/div>\n\n            <\/div>\n        <\/div>\n    <\/div>\n    <div class=\"mtt-cover-product-background no-background\" >\n                <div class=\"mtt-cover-product-background-image\">\n                        <img decoding=\"async\"  src=\"https:\/\/itwgse.com\/wp-content\/themes\/mtt-standard-theme\/assets\/img\/cover\/itwgse_cut_wide.svg\" class=\"itwgse-cut\">        <\/div>\n\n        <div class=\"mtt-cover-product small\">\n            <img decoding=\"async\" width=\"1200\" height=\"740\" src=\"https:\/\/itwgse.com\/wp-content\/uploads\/2018\/03\/super-hose-1200x740.png\" class=\"attachment-1200x740x size-1200x740x\" alt=\"Aircraft hoses\" srcset=\"https:\/\/itwgse.com\/wp-content\/uploads\/2018\/03\/super-hose.png 1200w, https:\/\/itwgse.com\/wp-content\/uploads\/2018\/03\/super-hose-300x185.png 300w, https:\/\/itwgse.com\/wp-content\/uploads\/2018\/03\/super-hose-1024x631.png 1024w\" sizes=\"(max-width: 1200px) 100vw, 1200px\" \/>        <\/div>\n    <\/div>\n<\/div><\/div><\/div><\/div><\/div><div id=\"pg-45183-1\"  class=\"panel-grid panel-no-style\" ><div id=\"pgc-45183-1-0\"  class=\"panel-grid-cell\" ><div id=\"panel-45183-1-0-0\" class=\"so-panel widget widget_mtt-two-col-text panel-first-child panel-last-child\" data-index=\"1\" ><div\n\t\t\t\n\t\t\tclass=\"so-widget-mtt-two-col-text so-widget-mtt-two-col-text-base\"\n\t\t\t\n\t\t>\n<div class=\"mtt-two-col-wrapper\">\n    <div class=\"mtt-two-col-container\">\n        <div class=\"mtt-two-col-content\">\n                        <div class=\"text-section\">\n                <div class=\"col formatted_content\"><h2>Eigenschaften<\/h2>\n<p>Das geringere Gewicht macht ihn zum sichersten PC Air-Schlauch f\u00fcr die Verwendung auf der Rampe. Ein 60 Fu\u00df langer SuperSchlauch  <sup> <\/sup>wiegt nur 35 Pfund. Ein herk\u00f6mmlicher Schlauch kann im Vergleich dazu bis zu 100 Pfund wiegen. <\/p>\n<ul>\n<li>Geringeres Gewicht - ein 60-Fu\u00df-Schlauch wiegt 35 Pfund gegen\u00fcber 90-100 Pfund bei einem herk\u00f6mmlichen Schlauch  <\/li>\n<li>Rei\u00dffestes Innenfutter aus gewebtem Nylon<\/li>\n<li>Isolierung aus Aluminium auf der einen und Polyethylen auf der anderen Seite - dieselbe Konstruktion wie die von der NASA verwendeten Weltraumdecken<\/li>\n<\/ul>\n<\/div>\n                <div class=\"col formatted_content\"><h2>Teile<\/h2>\n<ul>\n<li><strong>SH1483-01:<\/strong> 14\u2033 auf 8\u2033 Konischer Adapter<\/li>\n<li><strong>SH1483-03SS:<\/strong> Starter Abschnitt<\/li>\n<li><strong>SH1483-10:<\/strong> 14\u2033 x 10\u2032 Klettverschluss Flachkanal<\/li>\n<li><strong>SH1483-20:<\/strong> 14\u2033 x 20\u2032 Klettverschluss Flachkanal<\/li>\n<li><strong>SH1483-25:<\/strong> 14\u2033 x 25\u2032 Klettverschluss Flachkanal<\/li>\n<li><strong>SH1483-90DEG: <\/strong>90DEG-Winkeladapter<\/li>\n<\/ul>\n                                    <\/div>\n            <\/div>\n                    <\/div>\n    <\/div>\n<\/div><\/div><\/div><\/div><\/div><div id=\"pg-45183-2\"  class=\"panel-grid panel-no-style\" ><div id=\"pgc-45183-2-0\"  class=\"panel-grid-cell\" ><div id=\"panel-45183-2-0-0\" class=\"so-panel widget widget_mtt-product-files panel-first-child\" data-index=\"2\" ><div\n\t\t\t\n\t\t\tclass=\"so-widget-mtt-product-files so-widget-mtt-product-files-base\"\n\t\t\t\n\t\t>    <div class=\"product-files-wrapper no-top-padding\">\n        <div class=\"page_container\">\n            <h2>Downloads for SuperSchlauch<\/h2>\n            <div class=\"button-wrap\">\n                                                            <a\n                            class=\"button open-modal\"\n                            href=\"#\"\n                            data-id=\"4f21a553-8db7-494b-b01f-f8b451de39a2\"\n                        >\n                            Data Sheets                        <\/a>\n                                                                        <\/div>\n        <\/div>\n    <\/div>\n    <\/div><\/div><div id=\"panel-45183-2-0-1\" class=\"so-panel widget widget_mtt-two-col-text panel-last-child\" data-index=\"3\" ><div\n\t\t\t\n\t\t\tclass=\"so-widget-mtt-two-col-text so-widget-mtt-two-col-text-base\"\n\t\t\t\n\t\t>\n<div class=\"mtt-two-col-wrapper no-top-padding\">\n    <div class=\"mtt-two-col-container\">\n        <div class=\"mtt-two-col-content\">\n                        <div class=\"text-section\">\n                <div class=\"col formatted_content\"><p><img decoding=\"async\" class=\"alignnone size-full wp-image-4590\" src=\"https:\/\/itwgse.com\/wp-content\/uploads\/2018\/03\/ProductNumber-SH1483-01-BLCK8944.png\" alt=\"\" width=\"1000\" height=\"837\" srcset=\"https:\/\/itwgse.com\/wp-content\/uploads\/2018\/03\/ProductNumber-SH1483-01-BLCK8944.png 1000w, https:\/\/itwgse.com\/wp-content\/uploads\/2018\/03\/ProductNumber-SH1483-01-BLCK8944-300x251.png 300w\" sizes=\"(max-width: 1000px) 100vw, 1000px\" \/><\/p>\n<\/div>\n                <div class=\"col formatted_content\"><p><img decoding=\"async\" class=\"alignnone size-full wp-image-4589\" src=\"https:\/\/itwgse.com\/wp-content\/uploads\/2018\/03\/ProductNumber-SH1483-90DEG-BLCK8946.png\" alt=\"\" width=\"1000\" height=\"644\" srcset=\"https:\/\/itwgse.com\/wp-content\/uploads\/2018\/03\/ProductNumber-SH1483-90DEG-BLCK8946.png 1000w, https:\/\/itwgse.com\/wp-content\/uploads\/2018\/03\/ProductNumber-SH1483-90DEG-BLCK8946-300x193.png 300w\" sizes=\"(max-width: 1000px) 100vw, 1000px\" \/><\/p>\n                                    <\/div>\n            <\/div>\n                    <\/div>\n    <\/div>\n<\/div><\/div><\/div><\/div><\/div><div id=\"pg-45183-3\"  class=\"panel-grid panel-no-style\" ><div id=\"pgc-45183-3-0\"  class=\"panel-grid-cell\" ><div id=\"panel-45183-3-0-0\" class=\"so-panel widget widget_mtt-one-col-text panel-first-child\" data-index=\"4\" ><div\n\t\t\t\n\t\t\tclass=\"so-widget-mtt-one-col-text so-widget-mtt-one-col-text-base\"\n\t\t\t\n\t\t>\n<div class=\"mtt-two-col-wrapper no-top-padding\">\n    <div class=\"mtt-two-col-container\">\n        <div class=\"mtt-two-col-content formatted_content has-title-one\">\n\t\t\t                <h2>Ehemals bekannt als J&B Aviation SuperHose<\/h2>\n                        <div class=\"text-section one-col\">\n                <p>Bis 2018 wurde der von ITW GSE patentierte SuperHose<sup> <\/sup>unter der Marke J&B Aviation SuperHose verkauft.<\/p>\n<p>Lesen Sie mehr \u00fcber unsere <a href=\"https:\/\/itwgse.com\/itw-gse-history\/\" target=\"_blank\" rel=\"noopener\">Markengeschichte<\/a>.<\/p>\n<p>\u00a0<\/p>\n<p>Alle aktuellen <a href=\"https:\/\/itwgse.com\/aircraft-hoses\/\">ITW GSE-Schl\u00e4uche sehen Sie hier<\/a>.<\/p>\n            <\/div>\n\n            \n                        <\/div>\n    <\/div>\n<\/div>\n<\/div><\/div><div id=\"panel-45183-3-0-1\" class=\"so-panel widget widget_mtt-customer-support panel-last-child\" data-index=\"5\" ><div\n\t\t\t\n\t\t\tclass=\"so-widget-mtt-customer-support so-widget-mtt-customer-support-base\"\n\t\t\t\n\t\t>\n<div class=\"mtt-text-image-wrap less-top-padding less-bottom-padding grey-bg\">\n        <!-- Content -->\n    <div class=\"mtt-text-image-container\">\n        <div class=\"mtt-text-image-col\">\n            <div class=\"mtt-text-image-content formatted_content\">\n                                <h2>Kundenservice<\/h2>\n                <p><strong>Wie k\u00f6nnen wir Ihnen helfen?<\/strong><\/p>\n<p>Ben\u00f6tigen Sie Schaltpl\u00e4ne, Ersatzteillisten oder Anleitungsvideos? Nutzen Sie die Schaltfl\u00e4che \u201eProdukthilfe\u201c.<\/p>\n<p>Haben Sie Fragen an den Kundenservice? Nutzen Sie die Schaltfl\u00e4che \u201eKundenservice kontaktieren\u201c. Falls sich Ihre Frage auf ein bestimmtes Produkt bezieht, geben Sie bitte die Seriennummer an.<\/p>\n\n                                    <div class=\"button-wrap\">\n                                                    <a href=\"https:\/\/itwgse.com\/de\/support-and-service\/\" class=\"button\">\n                                Produkthilfe                            <\/a>\n                                                    <a href=\"https:\/\/itwgse.com\/de\/kontakt\/\" class=\"button\">\n                                Kundenservice kontaktieren                            <\/a>\n                                            <\/div>\n                            <\/div>\n        <\/div>\n                    <div class=\"mtt-text-image-col img center\">\n                <div class=\"mtt-text-image-content\">\n                    <img decoding=\"async\" width=\"1800\" height=\"1023\" src=\"https:\/\/itwgse.com\/wp-content\/uploads\/2018\/06\/ITWGSE_hero_cleanest-1.jpg\" class=\"attachment-full size-full\" alt=\"7400 low noice JK\" srcset=\"https:\/\/itwgse.com\/wp-content\/uploads\/2018\/06\/ITWGSE_hero_cleanest-1.jpg 1800w, https:\/\/itwgse.com\/wp-content\/uploads\/2018\/06\/ITWGSE_hero_cleanest-1-300x171.jpg 300w, https:\/\/itwgse.com\/wp-content\/uploads\/2018\/06\/ITWGSE_hero_cleanest-1-1024x582.jpg 1024w\" sizes=\"(max-width: 1800px) 100vw, 1800px\" \/>                \n                    \n                    \n                <\/div>\n            <\/div>\n            <\/div>\n<\/div>\n\n<script>\nfunction sendEvent(action, element) {\n    var videoTitle = jQuery(element).data('title');  \n\n    if (dataLayer && videoTitle) {\n        dataLayer.push({\n            'event': 'video',\n            'eventCategory': 'Video',\n            'eventAction': action,\n            'eventLabel': videoTitle\n        });\n    }\n    else if (ga && videoTitle) {\n        ga('send', 'event', 'Video', action, videoTitle);\n    }  \n}\n<\/script>\n<\/div><\/div><\/div><\/div><\/div>","protected":false},"excerpt":{"rendered":"<p>Der patentierte SuperHose von ITW GSE ist der leichteste und st\u00e4rkste PC-Air-Schlauch auf dem Markt.<\/p>\n","protected":false},"featured_media":4404,"comment_status":"open","ping_status":"closed","template":"","meta":{"_acf_changed":false,"_relevanssi_hide_post":"","_relevanssi_hide_content":"","_relevanssi_pin_for_all":"","_relevanssi_pin_keywords":"","_relevanssi_unpin_keywords":"","_relevanssi_related_keywords":"","_relevanssi_related_include_ids":"","_relevanssi_related_exclude_ids":"","_relevanssi_related_no_append":"","_relevanssi_related_not_related":"","_relevanssi_related_posts":"","_relevanssi_noindex_reason":""},"product_brand":[],"product_cat":[4464,4469,2970],"product_tag":[],"class_list":{"0":"post-45183","1":"product","2":"type-product","3":"status-publish","4":"has-post-thumbnail","6":"product_cat-brochure-catalog-de","7":"product_cat-cables-and-hoses-de","8":"product_cat-schlauche","10":"first","11":"instock","12":"shipping-taxable","13":"purchasable","14":"product-type-simple"},"acf":[],"yoast_head":"<!-- This site is optimized with the Yoast SEO plugin v27.0 - https:\/\/yoast.com\/product\/yoast-seo-wordpress\/ -->\n<title>SuperHose - Der leichteste und st\u00e4rkste PC-Luftschlauch | ITW GSE<\/title>\n<meta name=\"description\" content=\"Der ITW GSE SuperHose ist 50-65% leichter als ein herk\u00f6mmlicher PVC-beschichteter Schlauch und 5 Mal abriebfester. Er ist der st\u00e4rkste PC-Luftschlauch.\" \/>\n<meta name=\"robots\" content=\"index, follow, max-snippet:-1, max-image-preview:large, max-video-preview:-1\" \/>\n<link rel=\"canonical\" href=\"https:\/\/itwgse.com\/de\/produkte\/hoses\/superschlauch\/\" \/>\n<meta property=\"og:locale\" content=\"de_DE\" \/>\n<meta property=\"og:type\" content=\"article\" \/>\n<meta property=\"og:title\" content=\"SuperHose - Der leichteste und st\u00e4rkste PC-Luftschlauch | ITW GSE\" \/>\n<meta property=\"og:description\" content=\"Der ITW GSE SuperHose ist 50-65% leichter als ein herk\u00f6mmlicher PVC-beschichteter Schlauch und 5 Mal abriebfester. Er ist der st\u00e4rkste PC-Luftschlauch.\" \/>\n<meta property=\"og:url\" content=\"https:\/\/itwgse.com\/de\/produkte\/hoses\/superschlauch\/\" \/>\n<meta property=\"og:site_name\" content=\"ITW GSE\" \/>\n<meta property=\"article:publisher\" content=\"https:\/\/www.facebook.com\/ITWGSE\/\" \/>\n<meta property=\"article:modified_time\" content=\"2026-03-09T12:38:40+00:00\" \/>\n<meta property=\"og:image\" content=\"https:\/\/itwgse.com\/wp-content\/uploads\/2018\/03\/BLCK8955-1024x447.png\" \/>\n\t<meta property=\"og:image:width\" content=\"1024\" \/>\n\t<meta property=\"og:image:height\" content=\"447\" \/>\n\t<meta property=\"og:image:type\" content=\"image\/png\" \/>\n<meta name=\"twitter:card\" content=\"summary_large_image\" \/>\n<script type=\"application\/ld+json\" class=\"yoast-schema-graph\">{\"@context\":\"https:\/\/schema.org\",\"@graph\":[{\"@type\":\"WebPage\",\"@id\":\"https:\/\/itwgse.com\/de\/produkte\/hoses\/superschlauch\/\",\"url\":\"https:\/\/itwgse.com\/de\/produkte\/hoses\/superschlauch\/\",\"name\":\"SuperHose - Der leichteste und st\u00e4rkste PC-Luftschlauch | ITW GSE\",\"isPartOf\":{\"@id\":\"https:\/\/itwgse.com\/#website\"},\"primaryImageOfPage\":{\"@id\":\"https:\/\/itwgse.com\/de\/produkte\/hoses\/superschlauch\/#primaryimage\"},\"image\":{\"@id\":\"https:\/\/itwgse.com\/de\/produkte\/hoses\/superschlauch\/#primaryimage\"},\"thumbnailUrl\":\"https:\/\/itwgse.com\/wp-content\/uploads\/2018\/03\/BLCK8955.png\",\"datePublished\":\"2018-03-19T19:37:55+00:00\",\"dateModified\":\"2026-03-09T12:38:40+00:00\",\"description\":\"Der ITW GSE SuperHose ist 50-65% leichter als ein herk\u00f6mmlicher PVC-beschichteter Schlauch und 5 Mal abriebfester. Er ist der st\u00e4rkste PC-Luftschlauch.\",\"breadcrumb\":{\"@id\":\"https:\/\/itwgse.com\/de\/produkte\/hoses\/superschlauch\/#breadcrumb\"},\"inLanguage\":\"de\",\"potentialAction\":[{\"@type\":\"ReadAction\",\"target\":[\"https:\/\/itwgse.com\/de\/produkte\/hoses\/superschlauch\/\"]}]},{\"@type\":\"ImageObject\",\"inLanguage\":\"de\",\"@id\":\"https:\/\/itwgse.com\/de\/produkte\/hoses\/superschlauch\/#primaryimage\",\"url\":\"https:\/\/itwgse.com\/wp-content\/uploads\/2018\/03\/BLCK8955.png\",\"contentUrl\":\"https:\/\/itwgse.com\/wp-content\/uploads\/2018\/03\/BLCK8955.png\",\"width\":5447,\"height\":2378,\"caption\":\"Super Hose\"},{\"@type\":\"BreadcrumbList\",\"@id\":\"https:\/\/itwgse.com\/de\/produkte\/hoses\/superschlauch\/#breadcrumb\",\"itemListElement\":[{\"@type\":\"ListItem\",\"position\":1,\"name\":\"Home\",\"item\":\"https:\/\/itwgse.com\/de\/home\/\"},{\"@type\":\"ListItem\",\"position\":2,\"name\":\"SuperSchlauch\"}]},{\"@type\":\"WebSite\",\"@id\":\"https:\/\/itwgse.com\/#website\",\"url\":\"https:\/\/itwgse.com\/\",\"name\":\"ITW GSE\",\"description\":\"It&#039;s all about connections\",\"publisher\":{\"@id\":\"https:\/\/itwgse.com\/#organization\"},\"potentialAction\":[{\"@type\":\"SearchAction\",\"target\":{\"@type\":\"EntryPoint\",\"urlTemplate\":\"https:\/\/itwgse.com\/?s={search_term_string}\"},\"query-input\":{\"@type\":\"PropertyValueSpecification\",\"valueRequired\":true,\"valueName\":\"search_term_string\"}}],\"inLanguage\":\"de\"},{\"@type\":\"Organization\",\"@id\":\"https:\/\/itwgse.com\/#organization\",\"name\":\"ITW GSE\",\"url\":\"https:\/\/itwgse.com\/\",\"logo\":{\"@type\":\"ImageObject\",\"inLanguage\":\"de\",\"@id\":\"https:\/\/itwgse.com\/#\/schema\/logo\/image\/\",\"url\":\"https:\/\/itwgse.com\/wp-content\/uploads\/2018\/11\/logo.png\",\"contentUrl\":\"https:\/\/itwgse.com\/wp-content\/uploads\/2018\/11\/logo.png\",\"width\":302,\"height\":237,\"caption\":\"ITW GSE\"},\"image\":{\"@id\":\"https:\/\/itwgse.com\/#\/schema\/logo\/image\/\"},\"sameAs\":[\"https:\/\/www.facebook.com\/ITWGSE\/\",\"https:\/\/www.linkedin.com\/company\/itw-gse\/\",\"https:\/\/www.youtube.com\/channel\/UCTUIMvyaOPfYIqzP8enZ8yw\"]}]}<\/script>\n<!-- \/ Yoast SEO plugin. -->","yoast_head_json":{"title":"SuperHose - Der leichteste und st\u00e4rkste PC-Luftschlauch | ITW GSE","description":"Der ITW GSE SuperHose ist 50-65% leichter als ein herk\u00f6mmlicher PVC-beschichteter Schlauch und 5 Mal abriebfester. Er ist der st\u00e4rkste PC-Luftschlauch.","robots":{"index":"index","follow":"follow","max-snippet":"max-snippet:-1","max-image-preview":"max-image-preview:large","max-video-preview":"max-video-preview:-1"},"canonical":"https:\/\/itwgse.com\/de\/produkte\/hoses\/superschlauch\/","og_locale":"de_DE","og_type":"article","og_title":"SuperHose - Der leichteste und st\u00e4rkste PC-Luftschlauch | ITW GSE","og_description":"Der ITW GSE SuperHose ist 50-65% leichter als ein herk\u00f6mmlicher PVC-beschichteter Schlauch und 5 Mal abriebfester. Er ist der st\u00e4rkste PC-Luftschlauch.","og_url":"https:\/\/itwgse.com\/de\/produkte\/hoses\/superschlauch\/","og_site_name":"ITW GSE","article_publisher":"https:\/\/www.facebook.com\/ITWGSE\/","article_modified_time":"2026-03-09T12:38:40+00:00","og_image":[{"width":1024,"height":447,"url":"https:\/\/itwgse.com\/wp-content\/uploads\/2018\/03\/BLCK8955-1024x447.png","type":"image\/png"}],"twitter_card":"summary_large_image","schema":{"@context":"https:\/\/schema.org","@graph":[{"@type":"WebPage","@id":"https:\/\/itwgse.com\/de\/produkte\/hoses\/superschlauch\/","url":"https:\/\/itwgse.com\/de\/produkte\/hoses\/superschlauch\/","name":"SuperHose - Der leichteste und st\u00e4rkste PC-Luftschlauch | ITW GSE","isPartOf":{"@id":"https:\/\/itwgse.com\/#website"},"primaryImageOfPage":{"@id":"https:\/\/itwgse.com\/de\/produkte\/hoses\/superschlauch\/#primaryimage"},"image":{"@id":"https:\/\/itwgse.com\/de\/produkte\/hoses\/superschlauch\/#primaryimage"},"thumbnailUrl":"https:\/\/itwgse.com\/wp-content\/uploads\/2018\/03\/BLCK8955.png","datePublished":"2018-03-19T19:37:55+00:00","dateModified":"2026-03-09T12:38:40+00:00","description":"Der ITW GSE SuperHose ist 50-65% leichter als ein herk\u00f6mmlicher PVC-beschichteter Schlauch und 5 Mal abriebfester. Er ist der st\u00e4rkste PC-Luftschlauch.","breadcrumb":{"@id":"https:\/\/itwgse.com\/de\/produkte\/hoses\/superschlauch\/#breadcrumb"},"inLanguage":"de","potentialAction":[{"@type":"ReadAction","target":["https:\/\/itwgse.com\/de\/produkte\/hoses\/superschlauch\/"]}]},{"@type":"ImageObject","inLanguage":"de","@id":"https:\/\/itwgse.com\/de\/produkte\/hoses\/superschlauch\/#primaryimage","url":"https:\/\/itwgse.com\/wp-content\/uploads\/2018\/03\/BLCK8955.png","contentUrl":"https:\/\/itwgse.com\/wp-content\/uploads\/2018\/03\/BLCK8955.png","width":5447,"height":2378,"caption":"Super Hose"},{"@type":"BreadcrumbList","@id":"https:\/\/itwgse.com\/de\/produkte\/hoses\/superschlauch\/#breadcrumb","itemListElement":[{"@type":"ListItem","position":1,"name":"Home","item":"https:\/\/itwgse.com\/de\/home\/"},{"@type":"ListItem","position":2,"name":"SuperSchlauch"}]},{"@type":"WebSite","@id":"https:\/\/itwgse.com\/#website","url":"https:\/\/itwgse.com\/","name":"ITW GSE","description":"It&#039;s all about connections","publisher":{"@id":"https:\/\/itwgse.com\/#organization"},"potentialAction":[{"@type":"SearchAction","target":{"@type":"EntryPoint","urlTemplate":"https:\/\/itwgse.com\/?s={search_term_string}"},"query-input":{"@type":"PropertyValueSpecification","valueRequired":true,"valueName":"search_term_string"}}],"inLanguage":"de"},{"@type":"Organization","@id":"https:\/\/itwgse.com\/#organization","name":"ITW GSE","url":"https:\/\/itwgse.com\/","logo":{"@type":"ImageObject","inLanguage":"de","@id":"https:\/\/itwgse.com\/#\/schema\/logo\/image\/","url":"https:\/\/itwgse.com\/wp-content\/uploads\/2018\/11\/logo.png","contentUrl":"https:\/\/itwgse.com\/wp-content\/uploads\/2018\/11\/logo.png","width":302,"height":237,"caption":"ITW GSE"},"image":{"@id":"https:\/\/itwgse.com\/#\/schema\/logo\/image\/"},"sameAs":["https:\/\/www.facebook.com\/ITWGSE\/","https:\/\/www.linkedin.com\/company\/itw-gse\/","https:\/\/www.youtube.com\/channel\/UCTUIMvyaOPfYIqzP8enZ8yw"]}]}},"_links":{"self":[{"href":"https:\/\/itwgse.com\/de\/wp-json\/wp\/v2\/product\/45183","targetHints":{"allow":["GET"]}}],"collection":[{"href":"https:\/\/itwgse.com\/de\/wp-json\/wp\/v2\/product"}],"about":[{"href":"https:\/\/itwgse.com\/de\/wp-json\/wp\/v2\/types\/product"}],"replies":[{"embeddable":true,"href":"https:\/\/itwgse.com\/de\/wp-json\/wp\/v2\/comments?post=45183"}],"wp:featuredmedia":[{"embeddable":true,"href":"https:\/\/itwgse.com\/de\/wp-json\/wp\/v2\/media\/4404"}],"wp:attachment":[{"href":"https:\/\/itwgse.com\/de\/wp-json\/wp\/v2\/media?parent=45183"}],"wp:term":[{"taxonomy":"product_brand","embeddable":true,"href":"https:\/\/itwgse.com\/de\/wp-json\/wp\/v2\/product_brand?post=45183"},{"taxonomy":"product_cat","embeddable":true,"href":"https:\/\/itwgse.com\/de\/wp-json\/wp\/v2\/product_cat?post=45183"},{"taxonomy":"product_tag","embeddable":true,"href":"https:\/\/itwgse.com\/de\/wp-json\/wp\/v2\/product_tag?post=45183"}],"curies":[{"name":"wp","href":"https:\/\/api.w.org\/{rel}","templated":true}]}}