{"id":45185,"date":"2018-03-19T20:02:55","date_gmt":"2018-03-19T19:02:55","guid":{"rendered":"https:\/\/itwgse.com\/products\/unkategorisiert\/abriebfeste-endkappe\/"},"modified":"2026-03-09T13:38:44","modified_gmt":"2026-03-09T12:38:44","slug":"abriebfeste-endkappe","status":"publish","type":"product","link":"https:\/\/itwgse.com\/de\/produkte\/kabel\/abriebfeste-endkappe\/","title":{"rendered":"Abriebfeste Endkappe"},"content":{"rendered":"<div id=\"pl-45185\"  class=\"panel-layout\" ><div id=\"pg-45185-0\"  class=\"panel-grid panel-no-style\" ><div id=\"pgc-45185-0-0\"  class=\"panel-grid-cell\" ><div id=\"panel-45185-0-0-0\" class=\"so-panel widget widget_mtt-cover-section panel-first-child panel-last-child\" data-index=\"0\" ><div\n\t\t\t\n\t\t\tclass=\"so-widget-mtt-cover-section so-widget-mtt-cover-section-base\"\n\t\t\t\n\t\t>\n<div class=\"mtt-cover-section-wrap product\">\n    <div class=\"mtt-cover-product-container\">\n        <div class=\"mtt-cover-section-text-wrap\">\n            <img decoding=\"async\" width=\"756\" height=\"623\" src=\"https:\/\/itwgse.com\/wp-content\/uploads\/2018\/03\/new-abrasion-resistant-cap_menu.png\" class=\"cover-product\" alt=\"Abrasion Resistant Cap\" srcset=\"https:\/\/itwgse.com\/wp-content\/uploads\/2018\/03\/new-abrasion-resistant-cap_menu.png 756w, https:\/\/itwgse.com\/wp-content\/uploads\/2018\/03\/new-abrasion-resistant-cap_menu-300x247.png 300w, https:\/\/itwgse.com\/wp-content\/uploads\/2018\/03\/new-abrasion-resistant-cap_menu-728x600.png 728w, https:\/\/itwgse.com\/wp-content\/uploads\/2018\/03\/new-abrasion-resistant-cap_menu-637x525.png 637w, https:\/\/itwgse.com\/wp-content\/uploads\/2018\/03\/new-abrasion-resistant-cap_menu-600x494.png 600w\" sizes=\"(max-width: 756px) 100vw, 756px\" \/>            <div class=\"mtt-cover-section-text\">\n                                <span class=\"tagline\"><\/span>\n                <h1>Abriebfeste Endkappe<\/h1>\n                <div class=\"text\"><p>Unsere austauschbare Kappe wurde speziell mit einer sich verj\u00fcngenden Kante entworfen, um sicher auf jedes Flugzeug auf dem Markt zu passen, das 400 Hz Leistung verwendet.<\/p>\n<p>Diese Endkappen sind speziell f\u00fcr ITW GSE-Kontaktabschnitte entwickelt worden. Der Austausch von Endkappen mit anderen Marken kann zu fehlerhaften Verbindungen f\u00fchren und die Garantie erlischt. <\/p>\n<\/div>\n                <input type=\"hidden\" name=\"product\" value=\"45185\">\n\n                    <div class=\"button-wrap\">\n                        <a class=\"button mtt-support-box modal\" data-flow=\"request-quotation\" data-template=\"request-form\"\n                           data-product_id=\"45185\" data-previous_no_pagination=\"true\">Request Product<\/a>\n\n                                                                                    <a\n                                    href=\"\"\n                                    class=\"button  open-brochure-modal\"\n                                >\n                                    Brosch\u00fcre                                <\/a>\n                                                                        <\/div>\n\n            <\/div>\n        <\/div>\n    <\/div>\n    <div class=\"mtt-cover-product-background no-background\" >\n                <div class=\"mtt-cover-product-background-image\">\n                        <img decoding=\"async\"  src=\"https:\/\/itwgse.com\/wp-content\/themes\/mtt-standard-theme\/assets\/img\/cover\/itwgse_cut_wide.svg\" class=\"itwgse-cut\">        <\/div>\n\n        <div class=\"mtt-cover-product small\">\n            <img decoding=\"async\" width=\"1200\" height=\"740\" src=\"https:\/\/itwgse.com\/wp-content\/uploads\/2018\/03\/new-abrasion-resistant-cap-1200x740.png\" class=\"attachment-1200x740x size-1200x740x\" alt=\"\" srcset=\"https:\/\/itwgse.com\/wp-content\/uploads\/2018\/03\/new-abrasion-resistant-cap.png 1200w, https:\/\/itwgse.com\/wp-content\/uploads\/2018\/03\/new-abrasion-resistant-cap-300x185.png 300w, https:\/\/itwgse.com\/wp-content\/uploads\/2018\/03\/new-abrasion-resistant-cap-1024x631.png 1024w\" sizes=\"(max-width: 1200px) 100vw, 1200px\" \/>        <\/div>\n    <\/div>\n<\/div><\/div><\/div><\/div><\/div><div id=\"pg-45185-1\"  class=\"panel-grid panel-no-style\" ><div id=\"pgc-45185-1-0\"  class=\"panel-grid-cell\" ><div id=\"panel-45185-1-0-0\" class=\"so-panel widget widget_mtt-one-col-text panel-first-child\" data-index=\"1\" ><div\n\t\t\t\n\t\t\tclass=\"so-widget-mtt-one-col-text so-widget-mtt-one-col-text-base\"\n\t\t\t\n\t\t>\n<div class=\"mtt-two-col-wrapper\">\n    <div class=\"mtt-two-col-container\">\n        <div class=\"mtt-two-col-content formatted_content\">\n\t\t\t            <div class=\"text-section one-col\">\n                <p>Diese 400 Hz I: austauschbaren Kappen sind aus einem sehr haltbaren Verbundwerkstoff gefertigt, der f\u00fcr seine St\u00e4rke, Haltbarkeit und l\u00e4ngere Lebensdauer ausgew\u00e4hlt wurde.<\/p>\n<p>Diese neu entwickelte Kappe ist mit allen Flugzeugtypen kompatibel.<\/p>\n<h3>Teilenummer:<\/h3>\n<p>JB717-C (funktioniert sowohl f\u00fcr den gelben als auch den gr\u00fcnen Kontaktbereich)<\/p>\n            <\/div>\n\n            \n                        <\/div>\n    <\/div>\n<\/div>\n<\/div><\/div><div id=\"panel-45185-1-0-1\" class=\"so-panel widget widget_mtt-product-files panel-last-child\" data-index=\"2\" ><div\n\t\t\t\n\t\t\tclass=\"so-widget-mtt-product-files so-widget-mtt-product-files-base\"\n\t\t\t\n\t\t>    <div class=\"product-files-wrapper no-top-padding\">\n        <div class=\"page_container\">\n            <h2>Downloads for Abriebfeste Endkappe<\/h2>\n            <div class=\"button-wrap\">\n                                                            <a\n                            class=\"button open-modal\"\n                            href=\"#\"\n                            data-id=\"4f21a553-8db7-494b-b01f-f8b451de39a2\"\n                        >\n                            Data Sheets                        <\/a>\n                                                                        <\/div>\n        <\/div>\n    <\/div>\n    <\/div><\/div><\/div><\/div><div id=\"pg-45185-2\"  class=\"panel-grid panel-no-style\" ><div id=\"pgc-45185-2-0\"  class=\"panel-grid-cell\" ><div id=\"panel-45185-2-0-0\" class=\"so-panel widget widget_mtt-one-col-text panel-first-child panel-last-child\" data-index=\"3\" ><div\n\t\t\t\n\t\t\tclass=\"so-widget-mtt-one-col-text so-widget-mtt-one-col-text-base\"\n\t\t\t\n\t\t>\n<div class=\"mtt-two-col-wrapper no-bottom-padding no-top-padding\">\n    <div class=\"mtt-two-col-container\">\n        <div class=\"mtt-two-col-content formatted_content has-title-one\">\n\t\t\t                <h2>Die neue austauschbare, abriebfeste Kappe wird:<\/h2>\n                        <div class=\"text-section one-col\">\n                <ul>\n<li>2 - 3 Minuten Austauschzeit<\/li>\n<li>Verringern Sie den Verschlei\u00df und verl\u00e4ngern Sie die Lebensdauer der Kabel<\/li>\n<li>Verl\u00e4ngern Sie die Lebensdauer Ihrer Ersatzkontaktabschnitte<\/li>\n<li>Erh\u00f6hte Einsparungen bei Reparaturen und Ersatz von Kabeln<\/li>\n<li>Reduzieren Sie die Ausfallzeiten bei der Wartung aller Anwendungen und sparen Sie Zeit und Geld.<\/li>\n<\/ul>\n            <\/div>\n\n            \n                        <\/div>\n    <\/div>\n<\/div>\n<\/div><\/div><\/div><\/div><div id=\"pg-45185-3\"  class=\"panel-grid panel-no-style\" ><div id=\"pgc-45185-3-0\"  class=\"panel-grid-cell\" ><div id=\"panel-45185-3-0-0\" class=\"so-panel widget widget_mtt-one-col-text panel-first-child panel-last-child\" data-index=\"4\" ><div\n\t\t\t\n\t\t\tclass=\"so-widget-mtt-one-col-text so-widget-mtt-one-col-text-base\"\n\t\t\t\n\t\t>\n<div class=\"mtt-two-col-wrapper\">\n    <div class=\"mtt-two-col-container\">\n        <div class=\"mtt-two-col-content formatted_content has-title-one\">\n\t\t\t                <h2>Wann ist es an der Zeit, die abriebfeste Kappe zu ersetzen?<\/h2>\n                        <div class=\"text-section one-col\">\n                <p>Die regelm\u00e4\u00dfige Inspektion von Kabeln ist ein entscheidender Aspekt eines jeden vorbeugenden Wartungsprogramms. Wenn Sie Endkappen verwenden, werden die Ecken abgenutzt sein und den Kontaktbereich freilegen, was bedeutet, dass es Zeit f\u00fcr einen Austausch ist. <\/p>\n            <\/div>\n\n            \n                        <\/div>\n    <\/div>\n<\/div>\n<\/div><\/div><\/div><\/div><div id=\"pg-45185-4\"  class=\"panel-grid panel-no-style\" ><div id=\"pgc-45185-4-0\"  class=\"panel-grid-cell\" ><div id=\"panel-45185-4-0-0\" class=\"so-panel widget widget_mtt-one-col-text panel-first-child\" data-index=\"5\" ><div\n\t\t\t\n\t\t\tclass=\"so-widget-mtt-one-col-text so-widget-mtt-one-col-text-base\"\n\t\t\t\n\t\t>\n<div class=\"mtt-two-col-wrapper no-top-padding\">\n    <div class=\"mtt-two-col-container\">\n        <div class=\"mtt-two-col-content formatted_content has-title-one\">\n\t\t\t                <h2>Ehemals bekannt als J&B Aviation<\/h2>\n                        <div class=\"text-section one-col\">\n                <p>Bis 2018 wurde die New Abrasion Resistant Cap unter der Marke J&B Aviation verkauft.<\/p>\n<p>Lesen Sie mehr \u00fcber unsere <a href=\"https:\/\/itwgse.com\/itw-gse-history\/\" rel=\"noopener\">Markengeschichte<\/a>.<\/p>\n<p>\u00a0<\/p>\n<p>Alle aktuellen <a href=\"https:\/\/itwgse.com\/aircraft-cables\/\">ITW GSE-Kabel sehen Sie hier<\/a>.<\/p>\n            <\/div>\n\n            \n                        <\/div>\n    <\/div>\n<\/div>\n<\/div><\/div><div id=\"panel-45185-4-0-1\" class=\"so-panel widget widget_mtt-customer-support panel-last-child\" data-index=\"6\" ><div\n\t\t\t\n\t\t\tclass=\"so-widget-mtt-customer-support so-widget-mtt-customer-support-base\"\n\t\t\t\n\t\t>\n<div class=\"mtt-text-image-wrap less-top-padding less-bottom-padding grey-bg\">\n        <!-- Content -->\n    <div class=\"mtt-text-image-container\">\n        <div class=\"mtt-text-image-col\">\n            <div class=\"mtt-text-image-content formatted_content\">\n                                <h2>Kundenservice<\/h2>\n                <p><strong>Wie k\u00f6nnen wir Ihnen helfen?<\/strong><\/p>\n<p>Ben\u00f6tigen Sie Schaltpl\u00e4ne, Ersatzteillisten oder Anleitungsvideos? Nutzen Sie die Schaltfl\u00e4che \u201eProdukthilfe\u201c.<\/p>\n<p>Haben Sie Fragen an den Kundenservice? Nutzen Sie die Schaltfl\u00e4che \u201eKundenservice kontaktieren\u201c. Falls sich Ihre Frage auf ein bestimmtes Produkt bezieht, geben Sie bitte die Seriennummer an.<\/p>\n\n                                    <div class=\"button-wrap\">\n                                                    <a href=\"https:\/\/itwgse.com\/de\/support-and-service\/\" class=\"button\">\n                                Produkthilfe                            <\/a>\n                                                    <a href=\"https:\/\/itwgse.com\/de\/kontakt\/\" class=\"button\">\n                                Kundenservice kontaktieren                            <\/a>\n                                            <\/div>\n                            <\/div>\n        <\/div>\n                    <div class=\"mtt-text-image-col img center\">\n                <div class=\"mtt-text-image-content\">\n                    <img decoding=\"async\" width=\"1800\" height=\"1023\" src=\"https:\/\/itwgse.com\/wp-content\/uploads\/2018\/06\/ITWGSE_hero_cleanest-1.jpg\" class=\"attachment-full size-full\" alt=\"7400 low noice JK\" srcset=\"https:\/\/itwgse.com\/wp-content\/uploads\/2018\/06\/ITWGSE_hero_cleanest-1.jpg 1800w, https:\/\/itwgse.com\/wp-content\/uploads\/2018\/06\/ITWGSE_hero_cleanest-1-300x171.jpg 300w, https:\/\/itwgse.com\/wp-content\/uploads\/2018\/06\/ITWGSE_hero_cleanest-1-1024x582.jpg 1024w\" sizes=\"(max-width: 1800px) 100vw, 1800px\" \/>                \n                    \n                    \n                <\/div>\n            <\/div>\n            <\/div>\n<\/div>\n\n<script>\nfunction sendEvent(action, element) {\n    var videoTitle = jQuery(element).data('title');  \n\n    if (dataLayer && videoTitle) {\n        dataLayer.push({\n            'event': 'video',\n            'eventCategory': 'Video',\n            'eventAction': action,\n            'eventLabel': videoTitle\n        });\n    }\n    else if (ga && videoTitle) {\n        ga('send', 'event', 'Video', action, videoTitle);\n    }  \n}\n<\/script>\n<\/div><\/div><\/div><\/div><\/div>","protected":false},"excerpt":{"rendered":"<p>Unsere austauschbare Kappe wurde speziell mit einer sich verj\u00fcngenden Kante entworfen, um sicher auf jedes Flugzeug auf dem Markt zu passen, das 400 Hz Leistung verwendet.<\/p>\n<p>Diese Endkappen sind speziell f\u00fcr ITW GSE-Kontaktabschnitte entwickelt worden. Der Austausch von Endkappen mit anderen Marken kann zu fehlerhaften Verbindungen f\u00fchren und die Garantie erlischt. <\/p>\n","protected":false},"featured_media":4557,"comment_status":"open","ping_status":"closed","template":"","meta":{"_acf_changed":false,"_relevanssi_hide_post":"","_relevanssi_hide_content":"","_relevanssi_pin_for_all":"","_relevanssi_pin_keywords":"","_relevanssi_unpin_keywords":"","_relevanssi_related_keywords":"","_relevanssi_related_include_ids":"","_relevanssi_related_exclude_ids":"","_relevanssi_related_no_append":"","_relevanssi_related_not_related":"","_relevanssi_related_posts":"","_relevanssi_noindex_reason":""},"product_brand":[],"product_cat":[4540,4464,4469,2968],"product_tag":[],"class_list":{"0":"post-45185","1":"product","2":"type-product","3":"status-publish","4":"has-post-thumbnail","6":"product_cat-itw-gse-kabel","7":"product_cat-brochure-catalog-de","8":"product_cat-cables-and-hoses-de","9":"product_cat-kabel","11":"first","12":"instock","13":"shipping-taxable","14":"purchasable","15":"product-type-simple"},"acf":[],"yoast_head":"<!-- This site is optimized with the Yoast SEO plugin v27.0 - https:\/\/yoast.com\/product\/yoast-seo-wordpress\/ -->\n<title>Abriebfeste Kappe - St\u00e4rke, Haltbarkeit und l\u00e4ngere Lebensdauer<\/title>\n<meta name=\"description\" content=\"Unsere austauschbare Endkappe wurde speziell mit einer sich verj\u00fcngenden Kante entwickelt, um sicher auf jedes Flugzeug auf dem Markt zu passen, das 400 Hz Leistung nutzt. Diese Endkappen sind speziell f\u00fcr ITW GSE-Kontaktabschnitte entwickelt worden.\" \/>\n<meta name=\"robots\" content=\"index, follow, max-snippet:-1, max-image-preview:large, max-video-preview:-1\" \/>\n<link rel=\"canonical\" href=\"https:\/\/itwgse.com\/de\/produkte\/aircraft-cables\/abriebfeste-endkappe\/\" \/>\n<meta property=\"og:locale\" content=\"de_DE\" \/>\n<meta property=\"og:type\" content=\"article\" \/>\n<meta property=\"og:title\" content=\"Abriebfeste Kappe - St\u00e4rke, Haltbarkeit und l\u00e4ngere Lebensdauer\" \/>\n<meta property=\"og:description\" content=\"Unsere austauschbare Endkappe wurde speziell mit einer sich verj\u00fcngenden Kante entwickelt, um sicher auf jedes Flugzeug auf dem Markt zu passen, das 400 Hz Leistung nutzt. Diese Endkappen sind speziell f\u00fcr ITW GSE-Kontaktabschnitte entwickelt worden.\" \/>\n<meta property=\"og:url\" content=\"https:\/\/itwgse.com\/de\/produkte\/aircraft-cables\/abriebfeste-endkappe\/\" \/>\n<meta property=\"og:site_name\" content=\"ITW GSE\" \/>\n<meta property=\"article:publisher\" content=\"https:\/\/www.facebook.com\/ITWGSE\/\" \/>\n<meta property=\"article:modified_time\" content=\"2026-03-09T12:38:44+00:00\" \/>\n<meta property=\"og:image\" content=\"https:\/\/itwgse.com\/wp-content\/uploads\/2018\/03\/new-abrasion-resistant-cap_menu.png\" \/>\n\t<meta property=\"og:image:width\" content=\"756\" \/>\n\t<meta property=\"og:image:height\" content=\"623\" \/>\n\t<meta property=\"og:image:type\" content=\"image\/png\" \/>\n<meta name=\"twitter:card\" content=\"summary_large_image\" \/>\n<script type=\"application\/ld+json\" class=\"yoast-schema-graph\">{\"@context\":\"https:\/\/schema.org\",\"@graph\":[{\"@type\":\"WebPage\",\"@id\":\"https:\/\/itwgse.com\/de\/produkte\/aircraft-cables\/abriebfeste-endkappe\/\",\"url\":\"https:\/\/itwgse.com\/de\/produkte\/aircraft-cables\/abriebfeste-endkappe\/\",\"name\":\"Abriebfeste Kappe - St\u00e4rke, Haltbarkeit und l\u00e4ngere Lebensdauer\",\"isPartOf\":{\"@id\":\"https:\/\/itwgse.com\/#website\"},\"primaryImageOfPage\":{\"@id\":\"https:\/\/itwgse.com\/de\/produkte\/aircraft-cables\/abriebfeste-endkappe\/#primaryimage\"},\"image\":{\"@id\":\"https:\/\/itwgse.com\/de\/produkte\/aircraft-cables\/abriebfeste-endkappe\/#primaryimage\"},\"thumbnailUrl\":\"https:\/\/itwgse.com\/wp-content\/uploads\/2018\/03\/new-abrasion-resistant-cap_menu.png\",\"datePublished\":\"2018-03-19T19:02:55+00:00\",\"dateModified\":\"2026-03-09T12:38:44+00:00\",\"description\":\"Unsere austauschbare Endkappe wurde speziell mit einer sich verj\u00fcngenden Kante entwickelt, um sicher auf jedes Flugzeug auf dem Markt zu passen, das 400 Hz Leistung nutzt. Diese Endkappen sind speziell f\u00fcr ITW GSE-Kontaktabschnitte entwickelt worden.\",\"breadcrumb\":{\"@id\":\"https:\/\/itwgse.com\/de\/produkte\/aircraft-cables\/abriebfeste-endkappe\/#breadcrumb\"},\"inLanguage\":\"de\",\"potentialAction\":[{\"@type\":\"ReadAction\",\"target\":[\"https:\/\/itwgse.com\/de\/produkte\/aircraft-cables\/abriebfeste-endkappe\/\"]}]},{\"@type\":\"ImageObject\",\"inLanguage\":\"de\",\"@id\":\"https:\/\/itwgse.com\/de\/produkte\/aircraft-cables\/abriebfeste-endkappe\/#primaryimage\",\"url\":\"https:\/\/itwgse.com\/wp-content\/uploads\/2018\/03\/new-abrasion-resistant-cap_menu.png\",\"contentUrl\":\"https:\/\/itwgse.com\/wp-content\/uploads\/2018\/03\/new-abrasion-resistant-cap_menu.png\",\"width\":756,\"height\":623,\"caption\":\"Abrasion Resistant Cap\"},{\"@type\":\"BreadcrumbList\",\"@id\":\"https:\/\/itwgse.com\/de\/produkte\/aircraft-cables\/abriebfeste-endkappe\/#breadcrumb\",\"itemListElement\":[{\"@type\":\"ListItem\",\"position\":1,\"name\":\"Home\",\"item\":\"https:\/\/itwgse.com\/de\/home\/\"},{\"@type\":\"ListItem\",\"position\":2,\"name\":\"Abriebfeste Endkappe\"}]},{\"@type\":\"WebSite\",\"@id\":\"https:\/\/itwgse.com\/#website\",\"url\":\"https:\/\/itwgse.com\/\",\"name\":\"ITW GSE\",\"description\":\"It&#039;s all about connections\",\"publisher\":{\"@id\":\"https:\/\/itwgse.com\/#organization\"},\"potentialAction\":[{\"@type\":\"SearchAction\",\"target\":{\"@type\":\"EntryPoint\",\"urlTemplate\":\"https:\/\/itwgse.com\/?s={search_term_string}\"},\"query-input\":{\"@type\":\"PropertyValueSpecification\",\"valueRequired\":true,\"valueName\":\"search_term_string\"}}],\"inLanguage\":\"de\"},{\"@type\":\"Organization\",\"@id\":\"https:\/\/itwgse.com\/#organization\",\"name\":\"ITW GSE\",\"url\":\"https:\/\/itwgse.com\/\",\"logo\":{\"@type\":\"ImageObject\",\"inLanguage\":\"de\",\"@id\":\"https:\/\/itwgse.com\/#\/schema\/logo\/image\/\",\"url\":\"https:\/\/itwgse.com\/wp-content\/uploads\/2018\/11\/logo.png\",\"contentUrl\":\"https:\/\/itwgse.com\/wp-content\/uploads\/2018\/11\/logo.png\",\"width\":302,\"height\":237,\"caption\":\"ITW GSE\"},\"image\":{\"@id\":\"https:\/\/itwgse.com\/#\/schema\/logo\/image\/\"},\"sameAs\":[\"https:\/\/www.facebook.com\/ITWGSE\/\",\"https:\/\/www.linkedin.com\/company\/itw-gse\/\",\"https:\/\/www.youtube.com\/channel\/UCTUIMvyaOPfYIqzP8enZ8yw\"]}]}<\/script>\n<!-- \/ Yoast SEO plugin. -->","yoast_head_json":{"title":"Abriebfeste Kappe - St\u00e4rke, Haltbarkeit und l\u00e4ngere Lebensdauer","description":"Unsere austauschbare Endkappe wurde speziell mit einer sich verj\u00fcngenden Kante entwickelt, um sicher auf jedes Flugzeug auf dem Markt zu passen, das 400 Hz Leistung nutzt. Diese Endkappen sind speziell f\u00fcr ITW GSE-Kontaktabschnitte entwickelt worden.","robots":{"index":"index","follow":"follow","max-snippet":"max-snippet:-1","max-image-preview":"max-image-preview:large","max-video-preview":"max-video-preview:-1"},"canonical":"https:\/\/itwgse.com\/de\/produkte\/aircraft-cables\/abriebfeste-endkappe\/","og_locale":"de_DE","og_type":"article","og_title":"Abriebfeste Kappe - St\u00e4rke, Haltbarkeit und l\u00e4ngere Lebensdauer","og_description":"Unsere austauschbare Endkappe wurde speziell mit einer sich verj\u00fcngenden Kante entwickelt, um sicher auf jedes Flugzeug auf dem Markt zu passen, das 400 Hz Leistung nutzt. Diese Endkappen sind speziell f\u00fcr ITW GSE-Kontaktabschnitte entwickelt worden.","og_url":"https:\/\/itwgse.com\/de\/produkte\/aircraft-cables\/abriebfeste-endkappe\/","og_site_name":"ITW GSE","article_publisher":"https:\/\/www.facebook.com\/ITWGSE\/","article_modified_time":"2026-03-09T12:38:44+00:00","og_image":[{"width":756,"height":623,"url":"https:\/\/itwgse.com\/wp-content\/uploads\/2018\/03\/new-abrasion-resistant-cap_menu.png","type":"image\/png"}],"twitter_card":"summary_large_image","schema":{"@context":"https:\/\/schema.org","@graph":[{"@type":"WebPage","@id":"https:\/\/itwgse.com\/de\/produkte\/aircraft-cables\/abriebfeste-endkappe\/","url":"https:\/\/itwgse.com\/de\/produkte\/aircraft-cables\/abriebfeste-endkappe\/","name":"Abriebfeste Kappe - St\u00e4rke, Haltbarkeit und l\u00e4ngere Lebensdauer","isPartOf":{"@id":"https:\/\/itwgse.com\/#website"},"primaryImageOfPage":{"@id":"https:\/\/itwgse.com\/de\/produkte\/aircraft-cables\/abriebfeste-endkappe\/#primaryimage"},"image":{"@id":"https:\/\/itwgse.com\/de\/produkte\/aircraft-cables\/abriebfeste-endkappe\/#primaryimage"},"thumbnailUrl":"https:\/\/itwgse.com\/wp-content\/uploads\/2018\/03\/new-abrasion-resistant-cap_menu.png","datePublished":"2018-03-19T19:02:55+00:00","dateModified":"2026-03-09T12:38:44+00:00","description":"Unsere austauschbare Endkappe wurde speziell mit einer sich verj\u00fcngenden Kante entwickelt, um sicher auf jedes Flugzeug auf dem Markt zu passen, das 400 Hz Leistung nutzt. Diese Endkappen sind speziell f\u00fcr ITW GSE-Kontaktabschnitte entwickelt worden.","breadcrumb":{"@id":"https:\/\/itwgse.com\/de\/produkte\/aircraft-cables\/abriebfeste-endkappe\/#breadcrumb"},"inLanguage":"de","potentialAction":[{"@type":"ReadAction","target":["https:\/\/itwgse.com\/de\/produkte\/aircraft-cables\/abriebfeste-endkappe\/"]}]},{"@type":"ImageObject","inLanguage":"de","@id":"https:\/\/itwgse.com\/de\/produkte\/aircraft-cables\/abriebfeste-endkappe\/#primaryimage","url":"https:\/\/itwgse.com\/wp-content\/uploads\/2018\/03\/new-abrasion-resistant-cap_menu.png","contentUrl":"https:\/\/itwgse.com\/wp-content\/uploads\/2018\/03\/new-abrasion-resistant-cap_menu.png","width":756,"height":623,"caption":"Abrasion Resistant Cap"},{"@type":"BreadcrumbList","@id":"https:\/\/itwgse.com\/de\/produkte\/aircraft-cables\/abriebfeste-endkappe\/#breadcrumb","itemListElement":[{"@type":"ListItem","position":1,"name":"Home","item":"https:\/\/itwgse.com\/de\/home\/"},{"@type":"ListItem","position":2,"name":"Abriebfeste Endkappe"}]},{"@type":"WebSite","@id":"https:\/\/itwgse.com\/#website","url":"https:\/\/itwgse.com\/","name":"ITW GSE","description":"It&#039;s all about connections","publisher":{"@id":"https:\/\/itwgse.com\/#organization"},"potentialAction":[{"@type":"SearchAction","target":{"@type":"EntryPoint","urlTemplate":"https:\/\/itwgse.com\/?s={search_term_string}"},"query-input":{"@type":"PropertyValueSpecification","valueRequired":true,"valueName":"search_term_string"}}],"inLanguage":"de"},{"@type":"Organization","@id":"https:\/\/itwgse.com\/#organization","name":"ITW GSE","url":"https:\/\/itwgse.com\/","logo":{"@type":"ImageObject","inLanguage":"de","@id":"https:\/\/itwgse.com\/#\/schema\/logo\/image\/","url":"https:\/\/itwgse.com\/wp-content\/uploads\/2018\/11\/logo.png","contentUrl":"https:\/\/itwgse.com\/wp-content\/uploads\/2018\/11\/logo.png","width":302,"height":237,"caption":"ITW GSE"},"image":{"@id":"https:\/\/itwgse.com\/#\/schema\/logo\/image\/"},"sameAs":["https:\/\/www.facebook.com\/ITWGSE\/","https:\/\/www.linkedin.com\/company\/itw-gse\/","https:\/\/www.youtube.com\/channel\/UCTUIMvyaOPfYIqzP8enZ8yw"]}]}},"_links":{"self":[{"href":"https:\/\/itwgse.com\/de\/wp-json\/wp\/v2\/product\/45185","targetHints":{"allow":["GET"]}}],"collection":[{"href":"https:\/\/itwgse.com\/de\/wp-json\/wp\/v2\/product"}],"about":[{"href":"https:\/\/itwgse.com\/de\/wp-json\/wp\/v2\/types\/product"}],"replies":[{"embeddable":true,"href":"https:\/\/itwgse.com\/de\/wp-json\/wp\/v2\/comments?post=45185"}],"wp:featuredmedia":[{"embeddable":true,"href":"https:\/\/itwgse.com\/de\/wp-json\/wp\/v2\/media\/4557"}],"wp:attachment":[{"href":"https:\/\/itwgse.com\/de\/wp-json\/wp\/v2\/media?parent=45185"}],"wp:term":[{"taxonomy":"product_brand","embeddable":true,"href":"https:\/\/itwgse.com\/de\/wp-json\/wp\/v2\/product_brand?post=45185"},{"taxonomy":"product_cat","embeddable":true,"href":"https:\/\/itwgse.com\/de\/wp-json\/wp\/v2\/product_cat?post=45185"},{"taxonomy":"product_tag","embeddable":true,"href":"https:\/\/itwgse.com\/de\/wp-json\/wp\/v2\/product_tag?post=45185"}],"curies":[{"name":"wp","href":"https:\/\/api.w.org\/{rel}","templated":true}]}}