{"id":45188,"date":"2018-03-19T19:53:10","date_gmt":"2018-03-19T18:53:10","guid":{"rendered":"https:\/\/itwgse.com\/products\/unkategorisiert\/ersatz-kontaktabschnitte\/"},"modified":"2026-03-09T13:38:55","modified_gmt":"2026-03-09T12:38:55","slug":"ersatz-kontaktabschnitte","status":"publish","type":"product","link":"https:\/\/itwgse.com\/de\/produkte\/kabel\/ersatz-kontaktabschnitte\/","title":{"rendered":"Ersatz-Kontaktabschnitte"},"content":{"rendered":"<div id=\"pl-45188\"  class=\"panel-layout\" ><div id=\"pg-45188-0\"  class=\"panel-grid panel-no-style\" ><div id=\"pgc-45188-0-0\"  class=\"panel-grid-cell\" ><div id=\"panel-45188-0-0-0\" class=\"so-panel widget widget_mtt-cover-section panel-first-child panel-last-child\" data-index=\"0\" ><div\n\t\t\t\n\t\t\tclass=\"so-widget-mtt-cover-section so-widget-mtt-cover-section-base\"\n\t\t\t\n\t\t>\n<div class=\"mtt-cover-section-wrap product\">\n    <div class=\"mtt-cover-product-container\">\n        <div class=\"mtt-cover-section-text-wrap\">\n            <img decoding=\"async\" width=\"452\" height=\"301\" src=\"https:\/\/itwgse.com\/wp-content\/uploads\/2018\/03\/ReplacementContact_Kit_Sept_2015.png\" class=\"cover-product\" alt=\"Replacement Contact Sections\" srcset=\"https:\/\/itwgse.com\/wp-content\/uploads\/2018\/03\/ReplacementContact_Kit_Sept_2015.png 452w, https:\/\/itwgse.com\/wp-content\/uploads\/2018\/03\/ReplacementContact_Kit_Sept_2015-300x200.png 300w\" sizes=\"(max-width: 452px) 100vw, 452px\" \/>            <div class=\"mtt-cover-section-text\">\n                                <span class=\"tagline\"><\/span>\n                <h1>Ersatz-Kontaktabschnitte<\/h1>\n                <div class=\"text\"><p>Verl\u00e4ngern Sie die Lebensdauer Ihrer Kabel, indem Sie die verschlissenen Kontaktabschnitte austauschen, anstatt die gesamte Kabelbaugruppe zu ersetzen!<\/p>\n<p>Diese Kontaktabschnitte sind speziell f\u00fcr ITW GSE-Kabel entwickelt worden. Der Austausch von Kontaktst\u00fccken mit anderen Marken kann zu fehlerhaften Verbindungen f\u00fchren und die Garantie erlischt. <\/p>\n<\/div>\n                <input type=\"hidden\" name=\"product\" value=\"45188\">\n\n                    <div class=\"button-wrap\">\n                        <a class=\"button mtt-support-box modal\" data-flow=\"request-quotation\" data-template=\"request-form\"\n                           data-product_id=\"45188\" data-previous_no_pagination=\"true\">Request Product<\/a>\n\n                                                                                    <a\n                                    href=\"\"\n                                    class=\"button  open-brochure-modal\"\n                                >\n                                    Brosch\u00fcre                                <\/a>\n                                                                        <\/div>\n\n            <\/div>\n        <\/div>\n    <\/div>\n    <div class=\"mtt-cover-product-background no-background\" >\n                <div class=\"mtt-cover-product-background-image\">\n                        <img decoding=\"async\"  src=\"https:\/\/itwgse.com\/wp-content\/themes\/mtt-standard-theme\/assets\/img\/cover\/itwgse_cut_wide.svg\" class=\"itwgse-cut\">        <\/div>\n\n        <div class=\"mtt-cover-product small\">\n            <img decoding=\"async\" width=\"1200\" height=\"740\" src=\"https:\/\/itwgse.com\/wp-content\/uploads\/2018\/03\/Replacement-Contact-Sections-1200x740.png\" class=\"attachment-1200x740x size-1200x740x\" alt=\"\" srcset=\"https:\/\/itwgse.com\/wp-content\/uploads\/2018\/03\/Replacement-Contact-Sections.png 1200w, https:\/\/itwgse.com\/wp-content\/uploads\/2018\/03\/Replacement-Contact-Sections-300x185.png 300w, https:\/\/itwgse.com\/wp-content\/uploads\/2018\/03\/Replacement-Contact-Sections-1024x631.png 1024w\" sizes=\"(max-width: 1200px) 100vw, 1200px\" \/>        <\/div>\n    <\/div>\n<\/div><\/div><\/div><\/div><\/div><div id=\"pg-45188-1\"  class=\"panel-grid panel-no-style\" ><div id=\"pgc-45188-1-0\"  class=\"panel-grid-cell\" ><div id=\"panel-45188-1-0-0\" class=\"so-panel widget widget_mtt-two-col-text panel-first-child\" data-index=\"1\" ><div\n\t\t\t\n\t\t\tclass=\"so-widget-mtt-two-col-text so-widget-mtt-two-col-text-base\"\n\t\t\t\n\t\t>\n<div class=\"mtt-two-col-wrapper\">\n    <div class=\"mtt-two-col-container\">\n        <div class=\"mtt-two-col-content inline-titles\">\n                        <div class=\"text-section\">\n                <div class=\"col formatted_content\"><h2>Eigenschaften<\/h2>\n<ul>\n<li>Verl\u00e4ngern Sie die Lebensdauer Ihrer Kabel<\/li>\n<li>Der Ersatzkontaktteil ist als eine Einheit gegossen<\/li>\n<li>Hergestellt aus hochwertigem Polychloropren f\u00fcr Haltbarkeit unter allen Rampenbedingungen<\/li>\n<li>Ersatz-Nasenkontaktteil - Blau - JB7173<\/li>\n<li>Kontaktabschnitt mit hoher Sichtbarkeit - Gelb - JB7174<\/li>\n<li>Hochbelastbarer Kontaktbereich - Schwarz - JB7175<\/li>\n<li>Thermgard\u00ae Ersatz-Kontaktteil - Gr\u00fcn - JB7178<\/li>\n<li>5 Minuten Ausfallzeit f\u00fcr den Austausch bei jeder Anwendung<\/li>\n<li>Sowohl der gelbe als auch der gr\u00fcne Ersatzkontaktabschnitt werden mit <a href=\"https:\/\/itwgse.com\/products\/spare-parts\/cables-spares\/abrasion-resistant-cap\/\">abriebfesten Endkappen<\/a> geliefert.<\/li>\n<\/ul>\n<\/div>\n                <div class=\"col formatted_content\"><h2>Wann ist es an der Zeit, Kabel und Stecker zu ersetzen?<\/h2>\n<p>Die regelm\u00e4\u00dfige Inspektion von Kabeln ist ein wichtiger Aspekt eines jeden Wartungsprogramms.<\/p>\n<p>F\u00fcr eine Schritt-f\u00fcr-Schritt-Anleitung, worauf Sie achten m\u00fcssen und wann Sie Ihre Kabel und Stecker austauschen sollten, klicken Sie hier, um eine einfach zu befolgende Anleitung und Beschreibung herunterzuladen.<\/p>\n                                    <\/div>\n            <\/div>\n                    <\/div>\n    <\/div>\n<\/div><\/div><\/div><div id=\"panel-45188-1-0-1\" class=\"so-panel widget widget_mtt-product-files\" data-index=\"2\" ><div\n\t\t\t\n\t\t\tclass=\"so-widget-mtt-product-files so-widget-mtt-product-files-base\"\n\t\t\t\n\t\t>    <div class=\"product-files-wrapper no-top-padding\">\n        <div class=\"page_container\">\n            <h2>Downloads for Ersatz-Kontaktabschnitte<\/h2>\n            <div class=\"button-wrap\">\n                                                            <a\n                            class=\"button open-modal\"\n                            href=\"#\"\n                            data-id=\"4f21a553-8db7-494b-b01f-f8b451de39a2\"\n                        >\n                            Data Sheets                        <\/a>\n                                                                        <\/div>\n        <\/div>\n    <\/div>\n    <\/div><\/div><div id=\"panel-45188-1-0-2\" class=\"so-panel widget widget_mtt-text-image panel-last-child\" data-index=\"3\" ><div\n\t\t\t\n\t\t\tclass=\"so-widget-mtt-text-image so-widget-mtt-text-image-base\"\n\t\t\t\n\t\t>\n<div class=\"mtt-text-image-wrap no-top-padding less-bottom-padding\">\n        <!-- Content -->\n    <div class=\"mtt-text-image-container\">\n        <div class=\"mtt-text-image-col\">\n            <div class=\"mtt-text-image-content formatted_content\">\n                                <h2>X Kontaktabschnitte<\/h2>\n                <p>Hier sehen Sie die X-Kontakte:<\/p>\n<p>Gelber Kontaktabschnitt und abriebfeste Endkappe - JB7174X.<\/p>\n<p>Gr\u00fcner Kontaktabschnitt mit Thermgard und abriebfester Endkappe - JB7178X.<\/p>\n<p>\u00a0<\/p>\n<p><img decoding=\"async\" class=\"alignnone size-medium wp-image-19008\" src=\"https:\/\/itwgse.com\/wp-content\/uploads\/2021\/12\/JB7174X.BLCK9072-1-273x300.png\" alt=\"Gelber Ersatz-Nasenkontaktteil, 4 Dichtungsschrauben, erforderliches Werkzeug und Abriebkappe.\" width=\"273\" height=\"300\" srcset=\"https:\/\/itwgse.com\/wp-content\/uploads\/2021\/12\/JB7174X.BLCK9072-1-273x300.png 273w, https:\/\/itwgse.com\/wp-content\/uploads\/2021\/12\/JB7174X.BLCK9072-1-931x1024.png 931w, https:\/\/itwgse.com\/wp-content\/uploads\/2021\/12\/JB7174X.BLCK9072-1-545x600.png 545w, https:\/\/itwgse.com\/wp-content\/uploads\/2021\/12\/JB7174X.BLCK9072-1-227x250.png 227w, https:\/\/itwgse.com\/wp-content\/uploads\/2021\/12\/JB7174X.BLCK9072-1-477x525.png 477w, https:\/\/itwgse.com\/wp-content\/uploads\/2021\/12\/JB7174X.BLCK9072-1-768x845.png 768w, https:\/\/itwgse.com\/wp-content\/uploads\/2021\/12\/JB7174X.BLCK9072-1-600x660.png 600w\" sizes=\"(max-width: 273px) 100vw, 273px\" \/><\/p>\n\n                            <\/div>\n        <\/div>\n                    <div class=\"mtt-text-image-col img center\">\n                <div class=\"mtt-text-image-content\">\n                    <img decoding=\"async\" width=\"3724\" height=\"3840\" src=\"https:\/\/itwgse.com\/wp-content\/uploads\/2021\/12\/JB7178X.BLCK9080.png\" class=\"attachment-full size-full\" alt=\"green replacement nose with thermgard and abrasion cap\" srcset=\"https:\/\/itwgse.com\/wp-content\/uploads\/2021\/12\/JB7178X.BLCK9080.png 3724w, https:\/\/itwgse.com\/wp-content\/uploads\/2021\/12\/JB7178X.BLCK9080-291x300.png 291w, https:\/\/itwgse.com\/wp-content\/uploads\/2021\/12\/JB7178X.BLCK9080-993x1024.png 993w, https:\/\/itwgse.com\/wp-content\/uploads\/2021\/12\/JB7178X.BLCK9080-582x600.png 582w, https:\/\/itwgse.com\/wp-content\/uploads\/2021\/12\/JB7178X.BLCK9080-242x250.png 242w, https:\/\/itwgse.com\/wp-content\/uploads\/2021\/12\/JB7178X.BLCK9080-509x525.png 509w, https:\/\/itwgse.com\/wp-content\/uploads\/2021\/12\/JB7178X.BLCK9080-768x792.png 768w, https:\/\/itwgse.com\/wp-content\/uploads\/2021\/12\/JB7178X.BLCK9080-600x619.png 600w\" sizes=\"(max-width: 3724px) 100vw, 3724px\" \/>                \n                    \n                    \n                <\/div>\n            <\/div>\n            <\/div>\n<\/div>\n\n<script>\nfunction sendEvent(action, element) {\n    var videoTitle = jQuery(element).data('title');  \n\n    if (dataLayer && videoTitle) {\n        dataLayer.push({\n            'event': 'video',\n            'eventCategory': 'Video',\n            'eventAction': action,\n            'eventLabel': videoTitle\n        });\n    }\n    else if (ga && videoTitle) {\n        ga('send', 'event', 'Video', action, videoTitle);\n    }  \n}\n<\/script>\n<\/div><\/div><\/div><\/div><div id=\"pg-45188-2\"  class=\"panel-grid panel-no-style\" ><div id=\"pgc-45188-2-0\"  class=\"panel-grid-cell\" ><div id=\"panel-45188-2-0-0\" class=\"so-panel widget widget_mtt-one-col-text panel-first-child\" data-index=\"4\" ><div\n\t\t\t\n\t\t\tclass=\"so-widget-mtt-one-col-text so-widget-mtt-one-col-text-base\"\n\t\t\t\n\t\t>\n<div class=\"mtt-two-col-wrapper no-top-padding\">\n    <div class=\"mtt-two-col-container\">\n        <div class=\"mtt-two-col-content formatted_content has-title-one\">\n\t\t\t                <h2>Ehemals bekannt als J&B Aviation<\/h2>\n                        <div class=\"text-section one-col\">\n                <p>Bis 2018 wurden die Ersatzkontaktabschnitte unter der Marke J&B Aviation verkauft.<\/p>\n<p>Lesen Sie mehr \u00fcber unsere <a href=\"https:\/\/itwgse.com\/itw-gse-history\/\" target=\"_blank\" rel=\"noopener\">Markengeschichte<\/a>.<\/p>\n<p>\u00a0<\/p>\n<p>Alle aktuellen <a href=\"https:\/\/itwgse.com\/aircraft-cables\/\">ITW GSE-Kabel sehen Sie hier<\/a>.<\/p>\n            <\/div>\n\n            \n                        <\/div>\n    <\/div>\n<\/div>\n<\/div><\/div><div id=\"panel-45188-2-0-1\" class=\"so-panel widget widget_mtt-customer-support panel-last-child\" data-index=\"5\" ><div\n\t\t\t\n\t\t\tclass=\"so-widget-mtt-customer-support so-widget-mtt-customer-support-base\"\n\t\t\t\n\t\t>\n<div class=\"mtt-text-image-wrap less-top-padding less-bottom-padding grey-bg\">\n        <!-- Content -->\n    <div class=\"mtt-text-image-container\">\n        <div class=\"mtt-text-image-col\">\n            <div class=\"mtt-text-image-content formatted_content\">\n                                <h2>Kundenservice<\/h2>\n                <p><strong>Wie k\u00f6nnen wir Ihnen helfen?<\/strong><\/p>\n<p>Ben\u00f6tigen Sie Schaltpl\u00e4ne, Ersatzteillisten oder Anleitungsvideos? Nutzen Sie die Schaltfl\u00e4che \u201eProdukthilfe\u201c.<\/p>\n<p>Haben Sie Fragen an den Kundenservice? Nutzen Sie die Schaltfl\u00e4che \u201eKundenservice kontaktieren\u201c. Falls sich Ihre Frage auf ein bestimmtes Produkt bezieht, geben Sie bitte die Seriennummer an.<\/p>\n\n                                    <div class=\"button-wrap\">\n                                                    <a href=\"https:\/\/itwgse.com\/de\/support-and-service\/\" class=\"button\">\n                                Produkthilfe                            <\/a>\n                                                    <a href=\"https:\/\/itwgse.com\/de\/kontakt\/\" class=\"button\">\n                                Kundenservice kontaktieren                            <\/a>\n                                            <\/div>\n                            <\/div>\n        <\/div>\n                    <div class=\"mtt-text-image-col img center\">\n                <div class=\"mtt-text-image-content\">\n                    <img decoding=\"async\" width=\"1800\" height=\"1023\" src=\"https:\/\/itwgse.com\/wp-content\/uploads\/2018\/06\/ITWGSE_hero_cleanest-1.jpg\" class=\"attachment-full size-full\" alt=\"7400 low noice JK\" srcset=\"https:\/\/itwgse.com\/wp-content\/uploads\/2018\/06\/ITWGSE_hero_cleanest-1.jpg 1800w, https:\/\/itwgse.com\/wp-content\/uploads\/2018\/06\/ITWGSE_hero_cleanest-1-300x171.jpg 300w, https:\/\/itwgse.com\/wp-content\/uploads\/2018\/06\/ITWGSE_hero_cleanest-1-1024x582.jpg 1024w\" sizes=\"(max-width: 1800px) 100vw, 1800px\" \/>                \n                    \n                    \n                <\/div>\n            <\/div>\n            <\/div>\n<\/div>\n\n<script>\nfunction sendEvent(action, element) {\n    var videoTitle = jQuery(element).data('title');  \n\n    if (dataLayer && videoTitle) {\n        dataLayer.push({\n            'event': 'video',\n            'eventCategory': 'Video',\n            'eventAction': action,\n            'eventLabel': videoTitle\n        });\n    }\n    else if (ga && videoTitle) {\n        ga('send', 'event', 'Video', action, videoTitle);\n    }  \n}\n<\/script>\n<\/div><\/div><\/div><\/div><\/div>","protected":false},"excerpt":{"rendered":"<p>Verl\u00e4ngern Sie die Lebensdauer Ihrer Kabel, indem Sie die verschlissenen Kontaktabschnitte austauschen, anstatt die gesamte Kabelbaugruppe zu ersetzen!<\/p>\n","protected":false},"featured_media":2271,"comment_status":"open","ping_status":"closed","template":"","meta":{"_acf_changed":false,"_relevanssi_hide_post":"","_relevanssi_hide_content":"","_relevanssi_pin_for_all":"","_relevanssi_pin_keywords":"","_relevanssi_unpin_keywords":"","_relevanssi_related_keywords":"","_relevanssi_related_include_ids":"","_relevanssi_related_exclude_ids":"","_relevanssi_related_no_append":"","_relevanssi_related_not_related":"","_relevanssi_related_posts":"","_relevanssi_noindex_reason":""},"product_brand":[],"product_cat":[4540,4464,4469,2968,4465],"product_tag":[],"class_list":{"0":"post-45188","1":"product","2":"type-product","3":"status-publish","4":"has-post-thumbnail","6":"product_cat-itw-gse-kabel","7":"product_cat-brochure-catalog-de","8":"product_cat-cables-and-hoses-de","9":"product_cat-kabel","10":"product_cat-military-products-de","12":"first","13":"instock","14":"shipping-taxable","15":"purchasable","16":"product-type-simple"},"acf":[],"yoast_head":"<!-- This site is optimized with the Yoast SEO plugin v27.0 - https:\/\/yoast.com\/product\/yoast-seo-wordpress\/ -->\n<title>Ersatzkontaktabschnitte - Verl\u00e4ngern Sie die Lebensdauer Ihrer Kabel<\/title>\n<meta name=\"description\" content=\"Verl\u00e4ngern Sie die Lebensdauer Ihrer Kabel, indem Sie die verschlissenen Kontaktabschnitte austauschen, anstatt die gesamte Kabelbaugruppe zu ersetzen! Diese Kontaktabschnitte sind speziell f\u00fcr ITW GSE-Kabel entwickelt worden.\" \/>\n<meta name=\"robots\" content=\"index, follow, max-snippet:-1, max-image-preview:large, max-video-preview:-1\" \/>\n<link rel=\"canonical\" href=\"https:\/\/itwgse.com\/de\/produkte\/aircraft-cables\/ersatz-kontaktabschnitte\/\" \/>\n<meta property=\"og:locale\" content=\"de_DE\" \/>\n<meta property=\"og:type\" content=\"article\" \/>\n<meta property=\"og:title\" content=\"Ersatzkontaktabschnitte - Verl\u00e4ngern Sie die Lebensdauer Ihrer Kabel\" \/>\n<meta property=\"og:description\" content=\"Verl\u00e4ngern Sie die Lebensdauer Ihrer Kabel, indem Sie die verschlissenen Kontaktabschnitte austauschen, anstatt die gesamte Kabelbaugruppe zu ersetzen! Diese Kontaktabschnitte sind speziell f\u00fcr ITW GSE-Kabel entwickelt worden.\" \/>\n<meta property=\"og:url\" content=\"https:\/\/itwgse.com\/de\/produkte\/aircraft-cables\/ersatz-kontaktabschnitte\/\" \/>\n<meta property=\"og:site_name\" content=\"ITW GSE\" \/>\n<meta property=\"article:publisher\" content=\"https:\/\/www.facebook.com\/ITWGSE\/\" \/>\n<meta property=\"article:modified_time\" content=\"2026-03-09T12:38:55+00:00\" \/>\n<meta property=\"og:image\" content=\"https:\/\/itwgse.com\/wp-content\/uploads\/2018\/03\/ReplacementContact_Kit_Sept_2015.png\" \/>\n\t<meta property=\"og:image:width\" content=\"452\" \/>\n\t<meta property=\"og:image:height\" content=\"301\" \/>\n\t<meta property=\"og:image:type\" content=\"image\/png\" \/>\n<meta name=\"twitter:card\" content=\"summary_large_image\" \/>\n<script type=\"application\/ld+json\" class=\"yoast-schema-graph\">{\"@context\":\"https:\/\/schema.org\",\"@graph\":[{\"@type\":\"WebPage\",\"@id\":\"https:\/\/itwgse.com\/de\/produkte\/aircraft-cables\/ersatz-kontaktabschnitte\/\",\"url\":\"https:\/\/itwgse.com\/de\/produkte\/aircraft-cables\/ersatz-kontaktabschnitte\/\",\"name\":\"Ersatzkontaktabschnitte - Verl\u00e4ngern Sie die Lebensdauer Ihrer Kabel\",\"isPartOf\":{\"@id\":\"https:\/\/itwgse.com\/#website\"},\"primaryImageOfPage\":{\"@id\":\"https:\/\/itwgse.com\/de\/produkte\/aircraft-cables\/ersatz-kontaktabschnitte\/#primaryimage\"},\"image\":{\"@id\":\"https:\/\/itwgse.com\/de\/produkte\/aircraft-cables\/ersatz-kontaktabschnitte\/#primaryimage\"},\"thumbnailUrl\":\"https:\/\/itwgse.com\/wp-content\/uploads\/2018\/03\/ReplacementContact_Kit_Sept_2015.png\",\"datePublished\":\"2018-03-19T18:53:10+00:00\",\"dateModified\":\"2026-03-09T12:38:55+00:00\",\"description\":\"Verl\u00e4ngern Sie die Lebensdauer Ihrer Kabel, indem Sie die verschlissenen Kontaktabschnitte austauschen, anstatt die gesamte Kabelbaugruppe zu ersetzen! Diese Kontaktabschnitte sind speziell f\u00fcr ITW GSE-Kabel entwickelt worden.\",\"breadcrumb\":{\"@id\":\"https:\/\/itwgse.com\/de\/produkte\/aircraft-cables\/ersatz-kontaktabschnitte\/#breadcrumb\"},\"inLanguage\":\"de\",\"potentialAction\":[{\"@type\":\"ReadAction\",\"target\":[\"https:\/\/itwgse.com\/de\/produkte\/aircraft-cables\/ersatz-kontaktabschnitte\/\"]}]},{\"@type\":\"ImageObject\",\"inLanguage\":\"de\",\"@id\":\"https:\/\/itwgse.com\/de\/produkte\/aircraft-cables\/ersatz-kontaktabschnitte\/#primaryimage\",\"url\":\"https:\/\/itwgse.com\/wp-content\/uploads\/2018\/03\/ReplacementContact_Kit_Sept_2015.png\",\"contentUrl\":\"https:\/\/itwgse.com\/wp-content\/uploads\/2018\/03\/ReplacementContact_Kit_Sept_2015.png\",\"width\":452,\"height\":301,\"caption\":\"Replacement Contact Sections\"},{\"@type\":\"BreadcrumbList\",\"@id\":\"https:\/\/itwgse.com\/de\/produkte\/aircraft-cables\/ersatz-kontaktabschnitte\/#breadcrumb\",\"itemListElement\":[{\"@type\":\"ListItem\",\"position\":1,\"name\":\"Home\",\"item\":\"https:\/\/itwgse.com\/de\/home\/\"},{\"@type\":\"ListItem\",\"position\":2,\"name\":\"Ersatz-Kontaktabschnitte\"}]},{\"@type\":\"WebSite\",\"@id\":\"https:\/\/itwgse.com\/#website\",\"url\":\"https:\/\/itwgse.com\/\",\"name\":\"ITW GSE\",\"description\":\"It&#039;s all about connections\",\"publisher\":{\"@id\":\"https:\/\/itwgse.com\/#organization\"},\"potentialAction\":[{\"@type\":\"SearchAction\",\"target\":{\"@type\":\"EntryPoint\",\"urlTemplate\":\"https:\/\/itwgse.com\/?s={search_term_string}\"},\"query-input\":{\"@type\":\"PropertyValueSpecification\",\"valueRequired\":true,\"valueName\":\"search_term_string\"}}],\"inLanguage\":\"de\"},{\"@type\":\"Organization\",\"@id\":\"https:\/\/itwgse.com\/#organization\",\"name\":\"ITW GSE\",\"url\":\"https:\/\/itwgse.com\/\",\"logo\":{\"@type\":\"ImageObject\",\"inLanguage\":\"de\",\"@id\":\"https:\/\/itwgse.com\/#\/schema\/logo\/image\/\",\"url\":\"https:\/\/itwgse.com\/wp-content\/uploads\/2018\/11\/logo.png\",\"contentUrl\":\"https:\/\/itwgse.com\/wp-content\/uploads\/2018\/11\/logo.png\",\"width\":302,\"height\":237,\"caption\":\"ITW GSE\"},\"image\":{\"@id\":\"https:\/\/itwgse.com\/#\/schema\/logo\/image\/\"},\"sameAs\":[\"https:\/\/www.facebook.com\/ITWGSE\/\",\"https:\/\/www.linkedin.com\/company\/itw-gse\/\",\"https:\/\/www.youtube.com\/channel\/UCTUIMvyaOPfYIqzP8enZ8yw\"]}]}<\/script>\n<!-- \/ Yoast SEO plugin. -->","yoast_head_json":{"title":"Ersatzkontaktabschnitte - Verl\u00e4ngern Sie die Lebensdauer Ihrer Kabel","description":"Verl\u00e4ngern Sie die Lebensdauer Ihrer Kabel, indem Sie die verschlissenen Kontaktabschnitte austauschen, anstatt die gesamte Kabelbaugruppe zu ersetzen! Diese Kontaktabschnitte sind speziell f\u00fcr ITW GSE-Kabel entwickelt worden.","robots":{"index":"index","follow":"follow","max-snippet":"max-snippet:-1","max-image-preview":"max-image-preview:large","max-video-preview":"max-video-preview:-1"},"canonical":"https:\/\/itwgse.com\/de\/produkte\/aircraft-cables\/ersatz-kontaktabschnitte\/","og_locale":"de_DE","og_type":"article","og_title":"Ersatzkontaktabschnitte - Verl\u00e4ngern Sie die Lebensdauer Ihrer Kabel","og_description":"Verl\u00e4ngern Sie die Lebensdauer Ihrer Kabel, indem Sie die verschlissenen Kontaktabschnitte austauschen, anstatt die gesamte Kabelbaugruppe zu ersetzen! Diese Kontaktabschnitte sind speziell f\u00fcr ITW GSE-Kabel entwickelt worden.","og_url":"https:\/\/itwgse.com\/de\/produkte\/aircraft-cables\/ersatz-kontaktabschnitte\/","og_site_name":"ITW GSE","article_publisher":"https:\/\/www.facebook.com\/ITWGSE\/","article_modified_time":"2026-03-09T12:38:55+00:00","og_image":[{"width":452,"height":301,"url":"https:\/\/itwgse.com\/wp-content\/uploads\/2018\/03\/ReplacementContact_Kit_Sept_2015.png","type":"image\/png"}],"twitter_card":"summary_large_image","schema":{"@context":"https:\/\/schema.org","@graph":[{"@type":"WebPage","@id":"https:\/\/itwgse.com\/de\/produkte\/aircraft-cables\/ersatz-kontaktabschnitte\/","url":"https:\/\/itwgse.com\/de\/produkte\/aircraft-cables\/ersatz-kontaktabschnitte\/","name":"Ersatzkontaktabschnitte - Verl\u00e4ngern Sie die Lebensdauer Ihrer Kabel","isPartOf":{"@id":"https:\/\/itwgse.com\/#website"},"primaryImageOfPage":{"@id":"https:\/\/itwgse.com\/de\/produkte\/aircraft-cables\/ersatz-kontaktabschnitte\/#primaryimage"},"image":{"@id":"https:\/\/itwgse.com\/de\/produkte\/aircraft-cables\/ersatz-kontaktabschnitte\/#primaryimage"},"thumbnailUrl":"https:\/\/itwgse.com\/wp-content\/uploads\/2018\/03\/ReplacementContact_Kit_Sept_2015.png","datePublished":"2018-03-19T18:53:10+00:00","dateModified":"2026-03-09T12:38:55+00:00","description":"Verl\u00e4ngern Sie die Lebensdauer Ihrer Kabel, indem Sie die verschlissenen Kontaktabschnitte austauschen, anstatt die gesamte Kabelbaugruppe zu ersetzen! Diese Kontaktabschnitte sind speziell f\u00fcr ITW GSE-Kabel entwickelt worden.","breadcrumb":{"@id":"https:\/\/itwgse.com\/de\/produkte\/aircraft-cables\/ersatz-kontaktabschnitte\/#breadcrumb"},"inLanguage":"de","potentialAction":[{"@type":"ReadAction","target":["https:\/\/itwgse.com\/de\/produkte\/aircraft-cables\/ersatz-kontaktabschnitte\/"]}]},{"@type":"ImageObject","inLanguage":"de","@id":"https:\/\/itwgse.com\/de\/produkte\/aircraft-cables\/ersatz-kontaktabschnitte\/#primaryimage","url":"https:\/\/itwgse.com\/wp-content\/uploads\/2018\/03\/ReplacementContact_Kit_Sept_2015.png","contentUrl":"https:\/\/itwgse.com\/wp-content\/uploads\/2018\/03\/ReplacementContact_Kit_Sept_2015.png","width":452,"height":301,"caption":"Replacement Contact Sections"},{"@type":"BreadcrumbList","@id":"https:\/\/itwgse.com\/de\/produkte\/aircraft-cables\/ersatz-kontaktabschnitte\/#breadcrumb","itemListElement":[{"@type":"ListItem","position":1,"name":"Home","item":"https:\/\/itwgse.com\/de\/home\/"},{"@type":"ListItem","position":2,"name":"Ersatz-Kontaktabschnitte"}]},{"@type":"WebSite","@id":"https:\/\/itwgse.com\/#website","url":"https:\/\/itwgse.com\/","name":"ITW GSE","description":"It&#039;s all about connections","publisher":{"@id":"https:\/\/itwgse.com\/#organization"},"potentialAction":[{"@type":"SearchAction","target":{"@type":"EntryPoint","urlTemplate":"https:\/\/itwgse.com\/?s={search_term_string}"},"query-input":{"@type":"PropertyValueSpecification","valueRequired":true,"valueName":"search_term_string"}}],"inLanguage":"de"},{"@type":"Organization","@id":"https:\/\/itwgse.com\/#organization","name":"ITW GSE","url":"https:\/\/itwgse.com\/","logo":{"@type":"ImageObject","inLanguage":"de","@id":"https:\/\/itwgse.com\/#\/schema\/logo\/image\/","url":"https:\/\/itwgse.com\/wp-content\/uploads\/2018\/11\/logo.png","contentUrl":"https:\/\/itwgse.com\/wp-content\/uploads\/2018\/11\/logo.png","width":302,"height":237,"caption":"ITW GSE"},"image":{"@id":"https:\/\/itwgse.com\/#\/schema\/logo\/image\/"},"sameAs":["https:\/\/www.facebook.com\/ITWGSE\/","https:\/\/www.linkedin.com\/company\/itw-gse\/","https:\/\/www.youtube.com\/channel\/UCTUIMvyaOPfYIqzP8enZ8yw"]}]}},"_links":{"self":[{"href":"https:\/\/itwgse.com\/de\/wp-json\/wp\/v2\/product\/45188","targetHints":{"allow":["GET"]}}],"collection":[{"href":"https:\/\/itwgse.com\/de\/wp-json\/wp\/v2\/product"}],"about":[{"href":"https:\/\/itwgse.com\/de\/wp-json\/wp\/v2\/types\/product"}],"replies":[{"embeddable":true,"href":"https:\/\/itwgse.com\/de\/wp-json\/wp\/v2\/comments?post=45188"}],"wp:featuredmedia":[{"embeddable":true,"href":"https:\/\/itwgse.com\/de\/wp-json\/wp\/v2\/media\/2271"}],"wp:attachment":[{"href":"https:\/\/itwgse.com\/de\/wp-json\/wp\/v2\/media?parent=45188"}],"wp:term":[{"taxonomy":"product_brand","embeddable":true,"href":"https:\/\/itwgse.com\/de\/wp-json\/wp\/v2\/product_brand?post=45188"},{"taxonomy":"product_cat","embeddable":true,"href":"https:\/\/itwgse.com\/de\/wp-json\/wp\/v2\/product_cat?post=45188"},{"taxonomy":"product_tag","embeddable":true,"href":"https:\/\/itwgse.com\/de\/wp-json\/wp\/v2\/product_tag?post=45188"}],"curies":[{"name":"wp","href":"https:\/\/api.w.org\/{rel}","templated":true}]}}