{"id":45198,"date":"2018-03-19T14:40:10","date_gmt":"2018-03-19T13:40:10","guid":{"rendered":"https:\/\/itwgse.com\/products\/unkategorisiert\/pca-wire-wound-duct-klettverschluss-und-reissverschluss\/"},"modified":"2026-03-09T13:39:17","modified_gmt":"2026-03-09T12:39:17","slug":"pca-wire-wound-duct-klettverschluss-und-reissverschluss","status":"publish","type":"product","link":"https:\/\/itwgse.com\/de\/produkte\/schlauche\/pca-wire-wound-duct-klettverschluss-und-reissverschluss\/","title":{"rendered":"PCA Wire Wound Duct Klettverschluss und Rei\u00dfverschluss"},"content":{"rendered":"<div id=\"pl-45198\"  class=\"panel-layout\" ><div id=\"pg-45198-0\"  class=\"panel-grid panel-no-style\" ><div id=\"pgc-45198-0-0\"  class=\"panel-grid-cell\" ><div id=\"panel-45198-0-0-0\" class=\"so-panel widget widget_mtt-cover-section panel-first-child\" data-index=\"0\" ><div\n\t\t\t\n\t\t\tclass=\"so-widget-mtt-cover-section so-widget-mtt-cover-section-base\"\n\t\t\t\n\t\t>\n<div class=\"mtt-cover-section-wrap product\">\n    <div class=\"mtt-cover-product-container\">\n        <div class=\"mtt-cover-section-text-wrap\">\n            <img decoding=\"async\" width=\"776\" height=\"512\" src=\"https:\/\/itwgse.com\/wp-content\/uploads\/2018\/03\/pca-wire-wound-duct-velcro-and-zipper-menu.png\" class=\"cover-product\" alt=\"PCA Wire Wound Duct Velcro and Zipper\" srcset=\"https:\/\/itwgse.com\/wp-content\/uploads\/2018\/03\/pca-wire-wound-duct-velcro-and-zipper-menu.png 776w, https:\/\/itwgse.com\/wp-content\/uploads\/2018\/03\/pca-wire-wound-duct-velcro-and-zipper-menu-300x198.png 300w, https:\/\/itwgse.com\/wp-content\/uploads\/2018\/03\/pca-wire-wound-duct-velcro-and-zipper-menu-750x495.png 750w, https:\/\/itwgse.com\/wp-content\/uploads\/2018\/03\/pca-wire-wound-duct-velcro-and-zipper-menu-768x507.png 768w, https:\/\/itwgse.com\/wp-content\/uploads\/2018\/03\/pca-wire-wound-duct-velcro-and-zipper-menu-600x396.png 600w\" sizes=\"(max-width: 776px) 100vw, 776px\" \/>            <div class=\"mtt-cover-section-text\">\n                                <span class=\"tagline\"><\/span>\n                <h1>PCA Wire Wound Duct Klettverschluss und Rei\u00dfverschluss<\/h1>\n                <div class=\"text\"><p>Vorkonditionierte Luftschl\u00e4uche<\/p>\n<\/div>\n                <input type=\"hidden\" name=\"product\" value=\"45198\">\n\n                    <div class=\"button-wrap\">\n                        <a class=\"button mtt-support-box modal\" data-flow=\"request-quotation\" data-template=\"request-form\"\n                           data-product_id=\"45198\" data-previous_no_pagination=\"true\">Request Product<\/a>\n\n                                                                                    <a\n                                    href=\"\"\n                                    class=\"button  open-brochure-modal\"\n                                >\n                                    Brosch\u00fcre                                <\/a>\n                                                                        <\/div>\n\n            <\/div>\n        <\/div>\n    <\/div>\n    <div class=\"mtt-cover-product-background no-background\" >\n                <div class=\"mtt-cover-product-background-image\">\n                        <img decoding=\"async\"  src=\"https:\/\/itwgse.com\/wp-content\/themes\/mtt-standard-theme\/assets\/img\/cover\/itwgse_cut_wide.svg\" class=\"itwgse-cut\">        <\/div>\n\n        <div class=\"mtt-cover-product small\">\n            <img decoding=\"async\" width=\"1200\" height=\"740\" src=\"https:\/\/itwgse.com\/wp-content\/uploads\/2018\/03\/pca-wire-wound-duct-velcro-and-zipper-1200x740.png\" class=\"attachment-1200x740x size-1200x740x\" alt=\"\" srcset=\"https:\/\/itwgse.com\/wp-content\/uploads\/2018\/03\/pca-wire-wound-duct-velcro-and-zipper.png 1200w, https:\/\/itwgse.com\/wp-content\/uploads\/2018\/03\/pca-wire-wound-duct-velcro-and-zipper-300x185.png 300w, https:\/\/itwgse.com\/wp-content\/uploads\/2018\/03\/pca-wire-wound-duct-velcro-and-zipper-1024x631.png 1024w\" sizes=\"(max-width: 1200px) 100vw, 1200px\" \/>        <\/div>\n    <\/div>\n<\/div><\/div><\/div><div id=\"panel-45198-0-0-1\" class=\"so-panel widget widget_mtt-two-col-text\" data-index=\"1\" ><div\n\t\t\t\n\t\t\tclass=\"so-widget-mtt-two-col-text so-widget-mtt-two-col-text-base\"\n\t\t\t\n\t\t>\n<div class=\"mtt-two-col-wrapper no-bottom-padding\">\n    <div class=\"mtt-two-col-container\">\n        <div class=\"mtt-two-col-content\">\n                        <div class=\"text-section\">\n                <div class=\"col formatted_content\"><p>ITW GSE ist der f\u00fchrende Anbieter von PCA-Schl\u00e4uchen. Der isolierte PCA-Schlauch ist ein extrem flexibler Heizungs- und Klimakanal. Er ist mit einer Drahtverst\u00e4rkung versehen, die f\u00fcr Langlebigkeit sorgt. Der PCA-Schlauch besteht aus zweilagigem, flexiblem, strapazierf\u00e4higem und hoch abriebfestem vinylbeschichtetem Gewebe. Die Innenkonstruktion besteht aus rei\u00dffestem Nylon mit feuchtigkeitsdichter Isolierung zwischen den Lagen. Diese Schl\u00e4uche sind mit Rei\u00dfverschl\u00fcssen und Klettverschl\u00fcssen ausgestattet, mit denen sich zus\u00e4tzliche Abschnitte leicht anbringen lassen, um l\u00e4ngere Schl\u00e4uche zu bilden.     <\/p>\n<p>\u00a0<\/p>\n<h3>Eigenschaften<\/h3>\n<ul>\n<li>Rei\u00dfverschluss mit B\u00fcndchen und Klettverschlussstreifen erm\u00f6glichen eine l\u00e4ngere Montage der Kan\u00e4le<\/li>\n<li>Erh\u00e4ltlich mit einem Innendurchmesser von 14\u2033.<\/li>\n<li>Tolerant gegen\u00fcber Temperaturschwankungen von -40\u00ba F bis +125\u00ba F<\/li>\n<li>Mindest-R-Wert von 8,0 oder h\u00f6her<\/li>\n<li>Abriebfeste Scheuerleisten automatisch enthalten<\/li>\n<\/ul>\n<\/div>\n                <div class=\"col formatted_content\"><p><img decoding=\"async\" class=\"alignnone wp-image-4600 size-large\" src=\"https:\/\/itwgse.com\/wp-content\/uploads\/2018\/03\/BLCK8981-1-975x1024.png\" alt=\"\" width=\"975\" height=\"1024\" srcset=\"https:\/\/itwgse.com\/wp-content\/uploads\/2018\/03\/BLCK8981-1-975x1024.png 975w, https:\/\/itwgse.com\/wp-content\/uploads\/2018\/03\/BLCK8981-1-286x300.png 286w, https:\/\/itwgse.com\/wp-content\/uploads\/2018\/03\/BLCK8981-1.png 1000w\" sizes=\"(max-width: 975px) 100vw, 975px\" \/><\/p>\n                                    <\/div>\n            <\/div>\n                    <\/div>\n    <\/div>\n<\/div><\/div><\/div><div id=\"panel-45198-0-0-2\" class=\"so-panel widget widget_mtt-product-files\" data-index=\"2\" ><div\n\t\t\t\n\t\t\tclass=\"so-widget-mtt-product-files so-widget-mtt-product-files-base\"\n\t\t\t\n\t\t>    <div class=\"product-files-wrapper\">\n        <div class=\"page_container\">\n            <h2>Downloads for PCA Wire Wound Duct Klettverschluss und Rei\u00dfverschluss<\/h2>\n            <div class=\"button-wrap\">\n                                                            <a\n                            class=\"button open-modal\"\n                            href=\"#\"\n                            data-id=\"5f57db8c-26f0-41cf-8f08-d7fec49c3337\"\n                        >\n                            Data Sheets                        <\/a>\n                                                                        <\/div>\n        <\/div>\n    <\/div>\n    <\/div><\/div><div id=\"panel-45198-0-0-3\" class=\"so-panel widget widget_mtt-one-col-text\" data-index=\"3\" ><div\n\t\t\t\n\t\t\tclass=\"so-widget-mtt-one-col-text so-widget-mtt-one-col-text-base\"\n\t\t\t\n\t\t>\n<div class=\"mtt-two-col-wrapper no-top-padding\">\n    <div class=\"mtt-two-col-container\">\n        <div class=\"mtt-two-col-content formatted_content has-title-one\">\n\t\t\t                <h2>Ehemals bekannt als J&B Aviation Premium Hose<\/h2>\n                        <div class=\"text-section one-col\">\n                <p>Bis 2018 wurde der PCA Wire Wound Duct Velcro and Zipper unter der Marke J&B Aviation Premium Hose verkauft.<\/p>\n<p>Lesen Sie mehr \u00fcber unsere <a href=\"https:\/\/itwgse.com\/about-itw-gse\/\" target=\"_blank\" rel=\"noopener\">Markengeschichte<\/a>.<\/p>\n<p>\u00a0<\/p>\n<p>Alle aktuellen <a href=\"https:\/\/itwgse.com\/aircraft-hoses\/\">ITW GSE-Schl\u00e4uche sehen Sie hier<\/a>.<\/p>\n            <\/div>\n\n            \n                        <\/div>\n    <\/div>\n<\/div>\n<\/div><\/div><div id=\"panel-45198-0-0-4\" class=\"so-panel widget widget_mtt-customer-support panel-last-child\" data-index=\"4\" ><div\n\t\t\t\n\t\t\tclass=\"so-widget-mtt-customer-support so-widget-mtt-customer-support-base\"\n\t\t\t\n\t\t>\n<div class=\"mtt-text-image-wrap less-top-padding less-bottom-padding grey-bg\">\n        <!-- Content -->\n    <div class=\"mtt-text-image-container\">\n        <div class=\"mtt-text-image-col\">\n            <div class=\"mtt-text-image-content formatted_content\">\n                                <h2>Kundenservice<\/h2>\n                <p><strong>Wie k\u00f6nnen wir Ihnen helfen?<\/strong><\/p>\n<p>Ben\u00f6tigen Sie Schaltpl\u00e4ne, Ersatzteillisten oder Anleitungsvideos? Nutzen Sie die Schaltfl\u00e4che \u201eProdukthilfe\u201c.<\/p>\n<p>Haben Sie Fragen an den Kundenservice? Nutzen Sie die Schaltfl\u00e4che \u201eKundenservice kontaktieren\u201c. Falls sich Ihre Frage auf ein bestimmtes Produkt bezieht, geben Sie bitte die Seriennummer an.<\/p>\n\n                                    <div class=\"button-wrap\">\n                                                    <a href=\"https:\/\/itwgse.com\/de\/support-and-service\/\" class=\"button\">\n                                Produkthilfe                            <\/a>\n                                                    <a href=\"https:\/\/itwgse.com\/de\/kontakt\/\" class=\"button\">\n                                Kundenservice kontaktieren                            <\/a>\n                                            <\/div>\n                            <\/div>\n        <\/div>\n                    <div class=\"mtt-text-image-col img center\">\n                <div class=\"mtt-text-image-content\">\n                    <img decoding=\"async\" width=\"1800\" height=\"1023\" src=\"https:\/\/itwgse.com\/wp-content\/uploads\/2018\/06\/ITWGSE_hero_cleanest-1.jpg\" class=\"attachment-full size-full\" alt=\"7400 low noice JK\" srcset=\"https:\/\/itwgse.com\/wp-content\/uploads\/2018\/06\/ITWGSE_hero_cleanest-1.jpg 1800w, https:\/\/itwgse.com\/wp-content\/uploads\/2018\/06\/ITWGSE_hero_cleanest-1-300x171.jpg 300w, https:\/\/itwgse.com\/wp-content\/uploads\/2018\/06\/ITWGSE_hero_cleanest-1-1024x582.jpg 1024w\" sizes=\"(max-width: 1800px) 100vw, 1800px\" \/>                \n                    \n                    \n                <\/div>\n            <\/div>\n            <\/div>\n<\/div>\n\n<script>\nfunction sendEvent(action, element) {\n    var videoTitle = jQuery(element).data('title');  \n\n    if (dataLayer && videoTitle) {\n        dataLayer.push({\n            'event': 'video',\n            'eventCategory': 'Video',\n            'eventAction': action,\n            'eventLabel': videoTitle\n        });\n    }\n    else if (ga && videoTitle) {\n        ga('send', 'event', 'Video', action, videoTitle);\n    }  \n}\n<\/script>\n<\/div><\/div><\/div><\/div><\/div>","protected":false},"excerpt":{"rendered":"<p>Vorkonditionierte Luftschl\u00e4uche<\/p>\n","protected":false},"featured_media":4565,"comment_status":"open","ping_status":"closed","template":"","meta":{"_acf_changed":false,"_relevanssi_hide_post":"","_relevanssi_hide_content":"","_relevanssi_pin_for_all":"","_relevanssi_pin_keywords":"","_relevanssi_unpin_keywords":"","_relevanssi_related_keywords":"","_relevanssi_related_include_ids":"","_relevanssi_related_exclude_ids":"","_relevanssi_related_no_append":"","_relevanssi_related_not_related":"","_relevanssi_related_posts":"","_relevanssi_noindex_reason":""},"product_brand":[],"product_cat":[4464,4469,4465,2970],"product_tag":[],"class_list":{"0":"post-45198","1":"product","2":"type-product","3":"status-publish","4":"has-post-thumbnail","6":"product_cat-brochure-catalog-de","7":"product_cat-cables-and-hoses-de","8":"product_cat-military-products-de","9":"product_cat-schlauche","11":"first","12":"instock","13":"shipping-taxable","14":"purchasable","15":"product-type-simple"},"acf":[],"yoast_head":"<!-- This site is optimized with the Yoast SEO plugin v27.0 - https:\/\/yoast.com\/product\/yoast-seo-wordpress\/ -->\n<title>PCA Wire Wound Duct - Klettverschluss und Rei\u00dfverschluss | ITW GSE<\/title>\n<meta name=\"description\" content=\"Der isolierte PCA Wire Wound Duct ist ein extrem flexibler Heizungs- und Klimakanal. Wird mit abriebfesten Scheuerstreifen geliefert.\" \/>\n<meta name=\"robots\" content=\"index, follow, max-snippet:-1, max-image-preview:large, max-video-preview:-1\" \/>\n<link rel=\"canonical\" href=\"https:\/\/itwgse.com\/de\/produkte\/hoses\/pca-wire-wound-duct-klettverschluss-und-reissverschluss\/\" \/>\n<meta property=\"og:locale\" content=\"de_DE\" \/>\n<meta property=\"og:type\" content=\"article\" \/>\n<meta property=\"og:title\" content=\"PCA Wire Wound Duct - Klettverschluss und Rei\u00dfverschluss | ITW GSE\" \/>\n<meta property=\"og:description\" content=\"Der isolierte PCA Wire Wound Duct ist ein extrem flexibler Heizungs- und Klimakanal. Wird mit abriebfesten Scheuerstreifen geliefert.\" \/>\n<meta property=\"og:url\" content=\"https:\/\/itwgse.com\/de\/produkte\/hoses\/pca-wire-wound-duct-klettverschluss-und-reissverschluss\/\" \/>\n<meta property=\"og:site_name\" content=\"ITW GSE\" \/>\n<meta property=\"article:publisher\" content=\"https:\/\/www.facebook.com\/ITWGSE\/\" \/>\n<meta property=\"article:modified_time\" content=\"2026-03-09T12:39:17+00:00\" \/>\n<meta property=\"og:image\" content=\"https:\/\/itwgse.com\/wp-content\/uploads\/2018\/03\/pca-wire-wound-duct-velcro-and-zipper-menu.png\" \/>\n\t<meta property=\"og:image:width\" content=\"776\" \/>\n\t<meta property=\"og:image:height\" content=\"512\" \/>\n\t<meta property=\"og:image:type\" content=\"image\/png\" \/>\n<meta name=\"twitter:card\" content=\"summary_large_image\" \/>\n<script type=\"application\/ld+json\" class=\"yoast-schema-graph\">{\"@context\":\"https:\/\/schema.org\",\"@graph\":[{\"@type\":\"WebPage\",\"@id\":\"https:\/\/itwgse.com\/de\/produkte\/hoses\/pca-wire-wound-duct-klettverschluss-und-reissverschluss\/\",\"url\":\"https:\/\/itwgse.com\/de\/produkte\/hoses\/pca-wire-wound-duct-klettverschluss-und-reissverschluss\/\",\"name\":\"PCA Wire Wound Duct - Klettverschluss und Rei\u00dfverschluss | ITW GSE\",\"isPartOf\":{\"@id\":\"https:\/\/itwgse.com\/#website\"},\"primaryImageOfPage\":{\"@id\":\"https:\/\/itwgse.com\/de\/produkte\/hoses\/pca-wire-wound-duct-klettverschluss-und-reissverschluss\/#primaryimage\"},\"image\":{\"@id\":\"https:\/\/itwgse.com\/de\/produkte\/hoses\/pca-wire-wound-duct-klettverschluss-und-reissverschluss\/#primaryimage\"},\"thumbnailUrl\":\"https:\/\/itwgse.com\/wp-content\/uploads\/2018\/03\/pca-wire-wound-duct-velcro-and-zipper-menu.png\",\"datePublished\":\"2018-03-19T13:40:10+00:00\",\"dateModified\":\"2026-03-09T12:39:17+00:00\",\"description\":\"Der isolierte PCA Wire Wound Duct ist ein extrem flexibler Heizungs- und Klimakanal. Wird mit abriebfesten Scheuerstreifen geliefert.\",\"breadcrumb\":{\"@id\":\"https:\/\/itwgse.com\/de\/produkte\/hoses\/pca-wire-wound-duct-klettverschluss-und-reissverschluss\/#breadcrumb\"},\"inLanguage\":\"de\",\"potentialAction\":[{\"@type\":\"ReadAction\",\"target\":[\"https:\/\/itwgse.com\/de\/produkte\/hoses\/pca-wire-wound-duct-klettverschluss-und-reissverschluss\/\"]}]},{\"@type\":\"ImageObject\",\"inLanguage\":\"de\",\"@id\":\"https:\/\/itwgse.com\/de\/produkte\/hoses\/pca-wire-wound-duct-klettverschluss-und-reissverschluss\/#primaryimage\",\"url\":\"https:\/\/itwgse.com\/wp-content\/uploads\/2018\/03\/pca-wire-wound-duct-velcro-and-zipper-menu.png\",\"contentUrl\":\"https:\/\/itwgse.com\/wp-content\/uploads\/2018\/03\/pca-wire-wound-duct-velcro-and-zipper-menu.png\",\"width\":776,\"height\":512,\"caption\":\"PCA Wire Wound Duct Velcro and Zipper\"},{\"@type\":\"BreadcrumbList\",\"@id\":\"https:\/\/itwgse.com\/de\/produkte\/hoses\/pca-wire-wound-duct-klettverschluss-und-reissverschluss\/#breadcrumb\",\"itemListElement\":[{\"@type\":\"ListItem\",\"position\":1,\"name\":\"Home\",\"item\":\"https:\/\/itwgse.com\/de\/home\/\"},{\"@type\":\"ListItem\",\"position\":2,\"name\":\"PCA Wire Wound Duct Klettverschluss und Rei\u00dfverschluss\"}]},{\"@type\":\"WebSite\",\"@id\":\"https:\/\/itwgse.com\/#website\",\"url\":\"https:\/\/itwgse.com\/\",\"name\":\"ITW GSE\",\"description\":\"It&#039;s all about connections\",\"publisher\":{\"@id\":\"https:\/\/itwgse.com\/#organization\"},\"potentialAction\":[{\"@type\":\"SearchAction\",\"target\":{\"@type\":\"EntryPoint\",\"urlTemplate\":\"https:\/\/itwgse.com\/?s={search_term_string}\"},\"query-input\":{\"@type\":\"PropertyValueSpecification\",\"valueRequired\":true,\"valueName\":\"search_term_string\"}}],\"inLanguage\":\"de\"},{\"@type\":\"Organization\",\"@id\":\"https:\/\/itwgse.com\/#organization\",\"name\":\"ITW GSE\",\"url\":\"https:\/\/itwgse.com\/\",\"logo\":{\"@type\":\"ImageObject\",\"inLanguage\":\"de\",\"@id\":\"https:\/\/itwgse.com\/#\/schema\/logo\/image\/\",\"url\":\"https:\/\/itwgse.com\/wp-content\/uploads\/2018\/11\/logo.png\",\"contentUrl\":\"https:\/\/itwgse.com\/wp-content\/uploads\/2018\/11\/logo.png\",\"width\":302,\"height\":237,\"caption\":\"ITW GSE\"},\"image\":{\"@id\":\"https:\/\/itwgse.com\/#\/schema\/logo\/image\/\"},\"sameAs\":[\"https:\/\/www.facebook.com\/ITWGSE\/\",\"https:\/\/www.linkedin.com\/company\/itw-gse\/\",\"https:\/\/www.youtube.com\/channel\/UCTUIMvyaOPfYIqzP8enZ8yw\"]}]}<\/script>\n<!-- \/ Yoast SEO plugin. -->","yoast_head_json":{"title":"PCA Wire Wound Duct - Klettverschluss und Rei\u00dfverschluss | ITW GSE","description":"Der isolierte PCA Wire Wound Duct ist ein extrem flexibler Heizungs- und Klimakanal. Wird mit abriebfesten Scheuerstreifen geliefert.","robots":{"index":"index","follow":"follow","max-snippet":"max-snippet:-1","max-image-preview":"max-image-preview:large","max-video-preview":"max-video-preview:-1"},"canonical":"https:\/\/itwgse.com\/de\/produkte\/hoses\/pca-wire-wound-duct-klettverschluss-und-reissverschluss\/","og_locale":"de_DE","og_type":"article","og_title":"PCA Wire Wound Duct - Klettverschluss und Rei\u00dfverschluss | ITW GSE","og_description":"Der isolierte PCA Wire Wound Duct ist ein extrem flexibler Heizungs- und Klimakanal. Wird mit abriebfesten Scheuerstreifen geliefert.","og_url":"https:\/\/itwgse.com\/de\/produkte\/hoses\/pca-wire-wound-duct-klettverschluss-und-reissverschluss\/","og_site_name":"ITW GSE","article_publisher":"https:\/\/www.facebook.com\/ITWGSE\/","article_modified_time":"2026-03-09T12:39:17+00:00","og_image":[{"width":776,"height":512,"url":"https:\/\/itwgse.com\/wp-content\/uploads\/2018\/03\/pca-wire-wound-duct-velcro-and-zipper-menu.png","type":"image\/png"}],"twitter_card":"summary_large_image","schema":{"@context":"https:\/\/schema.org","@graph":[{"@type":"WebPage","@id":"https:\/\/itwgse.com\/de\/produkte\/hoses\/pca-wire-wound-duct-klettverschluss-und-reissverschluss\/","url":"https:\/\/itwgse.com\/de\/produkte\/hoses\/pca-wire-wound-duct-klettverschluss-und-reissverschluss\/","name":"PCA Wire Wound Duct - Klettverschluss und Rei\u00dfverschluss | ITW GSE","isPartOf":{"@id":"https:\/\/itwgse.com\/#website"},"primaryImageOfPage":{"@id":"https:\/\/itwgse.com\/de\/produkte\/hoses\/pca-wire-wound-duct-klettverschluss-und-reissverschluss\/#primaryimage"},"image":{"@id":"https:\/\/itwgse.com\/de\/produkte\/hoses\/pca-wire-wound-duct-klettverschluss-und-reissverschluss\/#primaryimage"},"thumbnailUrl":"https:\/\/itwgse.com\/wp-content\/uploads\/2018\/03\/pca-wire-wound-duct-velcro-and-zipper-menu.png","datePublished":"2018-03-19T13:40:10+00:00","dateModified":"2026-03-09T12:39:17+00:00","description":"Der isolierte PCA Wire Wound Duct ist ein extrem flexibler Heizungs- und Klimakanal. Wird mit abriebfesten Scheuerstreifen geliefert.","breadcrumb":{"@id":"https:\/\/itwgse.com\/de\/produkte\/hoses\/pca-wire-wound-duct-klettverschluss-und-reissverschluss\/#breadcrumb"},"inLanguage":"de","potentialAction":[{"@type":"ReadAction","target":["https:\/\/itwgse.com\/de\/produkte\/hoses\/pca-wire-wound-duct-klettverschluss-und-reissverschluss\/"]}]},{"@type":"ImageObject","inLanguage":"de","@id":"https:\/\/itwgse.com\/de\/produkte\/hoses\/pca-wire-wound-duct-klettverschluss-und-reissverschluss\/#primaryimage","url":"https:\/\/itwgse.com\/wp-content\/uploads\/2018\/03\/pca-wire-wound-duct-velcro-and-zipper-menu.png","contentUrl":"https:\/\/itwgse.com\/wp-content\/uploads\/2018\/03\/pca-wire-wound-duct-velcro-and-zipper-menu.png","width":776,"height":512,"caption":"PCA Wire Wound Duct Velcro and Zipper"},{"@type":"BreadcrumbList","@id":"https:\/\/itwgse.com\/de\/produkte\/hoses\/pca-wire-wound-duct-klettverschluss-und-reissverschluss\/#breadcrumb","itemListElement":[{"@type":"ListItem","position":1,"name":"Home","item":"https:\/\/itwgse.com\/de\/home\/"},{"@type":"ListItem","position":2,"name":"PCA Wire Wound Duct Klettverschluss und Rei\u00dfverschluss"}]},{"@type":"WebSite","@id":"https:\/\/itwgse.com\/#website","url":"https:\/\/itwgse.com\/","name":"ITW GSE","description":"It&#039;s all about connections","publisher":{"@id":"https:\/\/itwgse.com\/#organization"},"potentialAction":[{"@type":"SearchAction","target":{"@type":"EntryPoint","urlTemplate":"https:\/\/itwgse.com\/?s={search_term_string}"},"query-input":{"@type":"PropertyValueSpecification","valueRequired":true,"valueName":"search_term_string"}}],"inLanguage":"de"},{"@type":"Organization","@id":"https:\/\/itwgse.com\/#organization","name":"ITW GSE","url":"https:\/\/itwgse.com\/","logo":{"@type":"ImageObject","inLanguage":"de","@id":"https:\/\/itwgse.com\/#\/schema\/logo\/image\/","url":"https:\/\/itwgse.com\/wp-content\/uploads\/2018\/11\/logo.png","contentUrl":"https:\/\/itwgse.com\/wp-content\/uploads\/2018\/11\/logo.png","width":302,"height":237,"caption":"ITW GSE"},"image":{"@id":"https:\/\/itwgse.com\/#\/schema\/logo\/image\/"},"sameAs":["https:\/\/www.facebook.com\/ITWGSE\/","https:\/\/www.linkedin.com\/company\/itw-gse\/","https:\/\/www.youtube.com\/channel\/UCTUIMvyaOPfYIqzP8enZ8yw"]}]}},"_links":{"self":[{"href":"https:\/\/itwgse.com\/de\/wp-json\/wp\/v2\/product\/45198","targetHints":{"allow":["GET"]}}],"collection":[{"href":"https:\/\/itwgse.com\/de\/wp-json\/wp\/v2\/product"}],"about":[{"href":"https:\/\/itwgse.com\/de\/wp-json\/wp\/v2\/types\/product"}],"replies":[{"embeddable":true,"href":"https:\/\/itwgse.com\/de\/wp-json\/wp\/v2\/comments?post=45198"}],"wp:featuredmedia":[{"embeddable":true,"href":"https:\/\/itwgse.com\/de\/wp-json\/wp\/v2\/media\/4565"}],"wp:attachment":[{"href":"https:\/\/itwgse.com\/de\/wp-json\/wp\/v2\/media?parent=45198"}],"wp:term":[{"taxonomy":"product_brand","embeddable":true,"href":"https:\/\/itwgse.com\/de\/wp-json\/wp\/v2\/product_brand?post=45198"},{"taxonomy":"product_cat","embeddable":true,"href":"https:\/\/itwgse.com\/de\/wp-json\/wp\/v2\/product_cat?post=45198"},{"taxonomy":"product_tag","embeddable":true,"href":"https:\/\/itwgse.com\/de\/wp-json\/wp\/v2\/product_tag?post=45198"}],"curies":[{"name":"wp","href":"https:\/\/api.w.org\/{rel}","templated":true}]}}