{"id":45203,"date":"2018-03-18T15:48:39","date_gmt":"2018-03-18T14:48:39","guid":{"rendered":"https:\/\/itwgse.com\/products\/unkategorisiert\/nylon-pca-stecker\/"},"modified":"2026-03-09T13:39:36","modified_gmt":"2026-03-09T12:39:36","slug":"nylon-pca-stecker","status":"publish","type":"product","link":"https:\/\/itwgse.com\/de\/produkte\/schlauche\/nylon-pca-stecker\/","title":{"rendered":"Nylon PCA Stecker"},"content":{"rendered":"<div id=\"pl-45203\"  class=\"panel-layout\" ><div id=\"pg-45203-0\"  class=\"panel-grid panel-no-style\" ><div id=\"pgc-45203-0-0\"  class=\"panel-grid-cell\" ><div id=\"panel-45203-0-0-0\" class=\"so-panel widget widget_mtt-cover-section panel-first-child\" data-index=\"0\" ><div\n\t\t\t\n\t\t\tclass=\"so-widget-mtt-cover-section so-widget-mtt-cover-section-base\"\n\t\t\t\n\t\t>\n<div class=\"mtt-cover-section-wrap product\">\n    <div class=\"mtt-cover-product-container\">\n        <div class=\"mtt-cover-section-text-wrap\">\n            <img decoding=\"async\" width=\"744\" height=\"692\" src=\"https:\/\/itwgse.com\/wp-content\/uploads\/2018\/03\/JB729SC_BLCK9020.png\" class=\"cover-product\" alt=\"Nylon PCA Connector, Aircraft hoses\" srcset=\"https:\/\/itwgse.com\/wp-content\/uploads\/2018\/03\/JB729SC_BLCK9020.png 744w, https:\/\/itwgse.com\/wp-content\/uploads\/2018\/03\/JB729SC_BLCK9020-300x279.png 300w, https:\/\/itwgse.com\/wp-content\/uploads\/2018\/03\/JB729SC_BLCK9020-269x250.png 269w, https:\/\/itwgse.com\/wp-content\/uploads\/2018\/03\/JB729SC_BLCK9020-564x525.png 564w, https:\/\/itwgse.com\/wp-content\/uploads\/2018\/03\/JB729SC_BLCK9020-645x600.png 645w, https:\/\/itwgse.com\/wp-content\/uploads\/2018\/03\/JB729SC_BLCK9020-600x558.png 600w\" sizes=\"(max-width: 744px) 100vw, 744px\" \/>            <div class=\"mtt-cover-section-text\">\n                                <span class=\"tagline\"><\/span>\n                <h1>Nylon PCA Stecker<\/h1>\n                <div class=\"text\"><p>ITW GSE ist stolz darauf, den JB730 Nylon PCA Connector mit Snap-On Dichtung vorzustellen. Unser patentierter Nylon PCA Connector ist der langlebigste seiner Art in der Industrie! <\/p>\n<div class=\"pcl_tooltip_box\" style=\"display: none;\">\n<p>Bild bereits hinzugef\u00fcgt<\/p>\n<div class=\"arrow border\"><\/div>\n<div class=\"arrow\"><\/div>\n<\/div>\n<div class=\"pcl_global_mask\" style=\"display: none;\"><\/div>\n<\/div>\n                <input type=\"hidden\" name=\"product\" value=\"45203\">\n\n                    <div class=\"button-wrap\">\n                        <a class=\"button mtt-support-box modal\" data-flow=\"request-quotation\" data-template=\"request-form\"\n                           data-product_id=\"45203\" data-previous_no_pagination=\"true\">Request Product<\/a>\n\n                                                                                    <a\n                                    href=\"\"\n                                    class=\"button  open-brochure-modal\"\n                                >\n                                    Brosch\u00fcre                                <\/a>\n                                                                        <\/div>\n\n            <\/div>\n        <\/div>\n    <\/div>\n    <div class=\"mtt-cover-product-background no-background\" >\n                <div class=\"mtt-cover-product-background-image\">\n                        <img decoding=\"async\"  src=\"https:\/\/itwgse.com\/wp-content\/themes\/mtt-standard-theme\/assets\/img\/cover\/itwgse_cut_wide.svg\" class=\"itwgse-cut\">        <\/div>\n\n        <div class=\"mtt-cover-product small\">\n            <img decoding=\"async\" width=\"1200\" height=\"740\" src=\"https:\/\/itwgse.com\/wp-content\/uploads\/2018\/03\/nylon-pca-connector-1200x740.png\" class=\"attachment-1200x740x size-1200x740x\" alt=\"Aircraft hoses\" srcset=\"https:\/\/itwgse.com\/wp-content\/uploads\/2018\/03\/nylon-pca-connector.png 1200w, https:\/\/itwgse.com\/wp-content\/uploads\/2018\/03\/nylon-pca-connector-300x185.png 300w, https:\/\/itwgse.com\/wp-content\/uploads\/2018\/03\/nylon-pca-connector-1024x631.png 1024w\" sizes=\"(max-width: 1200px) 100vw, 1200px\" \/>        <\/div>\n    <\/div>\n<\/div><\/div><\/div><div id=\"panel-45203-0-0-1\" class=\"so-panel widget widget_mtt-two-col-text\" data-index=\"1\" ><div\n\t\t\t\n\t\t\tclass=\"so-widget-mtt-two-col-text so-widget-mtt-two-col-text-base\"\n\t\t\t\n\t\t>\n<div class=\"mtt-two-col-wrapper\">\n    <div class=\"mtt-two-col-container\">\n        <div class=\"mtt-two-col-content has-title\">\n                            <h2>Der langlebigste seiner Art<\/h2>\n                        <div class=\"text-section\">\n                <div class=\"col formatted_content\"><p>ITW GSE hat mit der JB730 Snap-On Dichtung den Austausch der Dichtungen an unseren Nylon-PCA-Verbindern einfacher und effizienter gemacht! Der JB730 ist aus hochwertigem Nylon-Verbundmaterial gefertigt, bietet aber eine Snap-On-Dichtung, die in Minuten statt in Stunden ausgetauscht werden kann. Die Snap-On-Dichtung erm\u00f6glicht es dem Wartungsteam, verschlissene Dichtungen an den Nylon-PCA-Verbindern noch vor Ort zu ersetzen.  <\/p>\n<p>Unser patentiertes Verfahren zur nahtlosen Herstellung formt den K\u00f6rper des Verriegelungsmechanismus in den Stecker selbst ein und sorgt so f\u00fcr mehr Festigkeit und Stabilit\u00e4t. Er kann f\u00fcr Heizung oder Klimaanlage verwendet werden und macht den Kauf zus\u00e4tzlicher Artikel \u00fcberfl\u00fcssig. <\/p>\n<p>Dieser Nylon PCA Connector ist UV-best\u00e4ndig und wurde entwickelt, um Chemikalien, Kraftstoffen und L\u00f6sungsmitteln zu widerstehen, die im Allgemeinen in der rauen Umgebung der Bodenstation zu finden sind. Trotz der robusten Konstruktion und des Designs ist er leicht, was ihn zu einer notwendigen Komponente f\u00fcr alle PCA-Einheiten macht. <\/p>\n<p>Der von ITW GSE Services patentierte Nylon PCA Connector ist auch mit einem optionalen Edelstahlsieb erh\u00e4ltlich, das zus\u00e4tzlichen Schutz vor gr\u00f6\u00dferen Verunreinigungen bietet, die in das Heiz- oder K\u00fchlsystem des Flugzeugs gelangen.<\/p>\n<div class=\"pcl_tooltip_box\" style=\"display: none;\">\n<p>Bild bereits hinzugef\u00fcgt<\/p>\n<div class=\"arrow border\"><\/div>\n<div class=\"arrow\"><\/div>\n<\/div>\n<div class=\"pcl_global_mask\" style=\"display: none;\"><\/div>\n<\/div>\n                <div class=\"col formatted_content\"><h3>Optionen<\/h3>\n<ul>\n<li>JB729 - Nylon-Verbundstoff-PCA-Verbinder mit Neopren-Dichtung<\/li>\n<li>JB729SC - Geschirmter PCA-Stecker aus Nylon mit Neoprendichtung<\/li>\n<li>JB730 - Nylon-Verbundstoff-PCA-Verbinder mit Snap-on-Dichtung<\/li>\n<li>JB730SC -Nylon Composite Screened PCA Stecker mit Snap-on Dichtung<\/li>\n<\/ul>\n<p>\u00a0<\/p>\n<p><img decoding=\"async\" class=\"alignnone size-full wp-image-4586\" src=\"https:\/\/itwgse.com\/wp-content\/uploads\/2018\/03\/ProductNumber-JB730-BLCK9034.png\" alt=\"\" width=\"2000\" height=\"1261\" srcset=\"https:\/\/itwgse.com\/wp-content\/uploads\/2018\/03\/ProductNumber-JB730-BLCK9034.png 2000w, https:\/\/itwgse.com\/wp-content\/uploads\/2018\/03\/ProductNumber-JB730-BLCK9034-300x189.png 300w, https:\/\/itwgse.com\/wp-content\/uploads\/2018\/03\/ProductNumber-JB730-BLCK9034-1024x646.png 1024w\" sizes=\"(max-width: 2000px) 100vw, 2000px\" \/><\/p>\n<div class=\"pcl_tooltip_box\" style=\"display: none;\">\n<p>Bild bereits hinzugef\u00fcgt<\/p>\n<div class=\"arrow border\"><\/div>\n<div class=\"arrow\"><\/div>\n<\/div>\n<div class=\"pcl_global_mask\" style=\"display: none;\"><\/div>\n                                    <\/div>\n            <\/div>\n                    <\/div>\n    <\/div>\n<\/div><\/div><\/div><div id=\"panel-45203-0-0-2\" class=\"so-panel widget widget_mtt-product-files\" data-index=\"2\" ><div\n\t\t\t\n\t\t\tclass=\"so-widget-mtt-product-files so-widget-mtt-product-files-base\"\n\t\t\t\n\t\t>    <div class=\"product-files-wrapper no-top-padding\">\n        <div class=\"page_container\">\n            <h2>Downloads for Nylon PCA Stecker<\/h2>\n            <div class=\"button-wrap\">\n                                                            <a\n                            class=\"button open-modal\"\n                            href=\"#\"\n                            data-id=\"41c161c7-61ef-4381-b226-22f43b9df68d\"\n                        >\n                            Data Sheets                        <\/a>\n                                                                        <\/div>\n        <\/div>\n    <\/div>\n    <\/div><\/div><div id=\"panel-45203-0-0-3\" class=\"so-panel widget widget_mtt-one-col-text\" data-index=\"3\" ><div\n\t\t\t\n\t\t\tclass=\"so-widget-mtt-one-col-text so-widget-mtt-one-col-text-base\"\n\t\t\t\n\t\t>\n<div class=\"mtt-two-col-wrapper no-top-padding\">\n    <div class=\"mtt-two-col-container\">\n        <div class=\"mtt-two-col-content formatted_content has-title-one\">\n\t\t\t                <h2>Ehemals bekannt als J&B Aviation<\/h2>\n                        <div class=\"text-section one-col\">\n                <p>Bis 2018 wurde der Nylon PCA Connector unter der Marke J&B Aviation verkauft.<\/p>\n<p>Lesen Sie mehr \u00fcber unsere <a href=\"https:\/\/itwgse.com\/about-itw-gse\/\" target=\"_blank\" rel=\"noopener\">Markengeschichte<\/a>.<\/p>\n<p>\u00a0<\/p>\n<p>Alle aktuellen <a href=\"https:\/\/itwgse.com\/aircraft-hoses\/\">ITW GSE-Schl\u00e4uche sehen Sie hier<\/a>.<\/p>\n            <\/div>\n\n            \n                        <\/div>\n    <\/div>\n<\/div>\n<\/div><\/div><div id=\"panel-45203-0-0-4\" class=\"so-panel widget widget_mtt-customer-support panel-last-child\" data-index=\"4\" ><div\n\t\t\t\n\t\t\tclass=\"so-widget-mtt-customer-support so-widget-mtt-customer-support-base\"\n\t\t\t\n\t\t>\n<div class=\"mtt-text-image-wrap less-top-padding less-bottom-padding grey-bg\">\n        <!-- Content -->\n    <div class=\"mtt-text-image-container\">\n        <div class=\"mtt-text-image-col\">\n            <div class=\"mtt-text-image-content formatted_content\">\n                                <h2>Kundenservice<\/h2>\n                <p><strong>Wie k\u00f6nnen wir Ihnen helfen?<\/strong><\/p>\n<p>Ben\u00f6tigen Sie Schaltpl\u00e4ne, Ersatzteillisten oder Anleitungsvideos? Nutzen Sie die Schaltfl\u00e4che \u201eProdukthilfe\u201c.<\/p>\n<p>Haben Sie Fragen an den Kundenservice? Nutzen Sie die Schaltfl\u00e4che \u201eKundenservice kontaktieren\u201c. Falls sich Ihre Frage auf ein bestimmtes Produkt bezieht, geben Sie bitte die Seriennummer an.<\/p>\n\n                                    <div class=\"button-wrap\">\n                                                    <a href=\"https:\/\/itwgse.com\/de\/support-and-service\/\" class=\"button\">\n                                Produkthilfe                            <\/a>\n                                                    <a href=\"https:\/\/itwgse.com\/de\/kontakt\/\" class=\"button\">\n                                Kundenservice kontaktieren                            <\/a>\n                                            <\/div>\n                            <\/div>\n        <\/div>\n                    <div class=\"mtt-text-image-col img center\">\n                <div class=\"mtt-text-image-content\">\n                    <img decoding=\"async\" width=\"1800\" height=\"1023\" src=\"https:\/\/itwgse.com\/wp-content\/uploads\/2018\/06\/ITWGSE_hero_cleanest-1.jpg\" class=\"attachment-full size-full\" alt=\"7400 low noice JK\" srcset=\"https:\/\/itwgse.com\/wp-content\/uploads\/2018\/06\/ITWGSE_hero_cleanest-1.jpg 1800w, https:\/\/itwgse.com\/wp-content\/uploads\/2018\/06\/ITWGSE_hero_cleanest-1-300x171.jpg 300w, https:\/\/itwgse.com\/wp-content\/uploads\/2018\/06\/ITWGSE_hero_cleanest-1-1024x582.jpg 1024w\" sizes=\"(max-width: 1800px) 100vw, 1800px\" \/>                \n                    \n                    \n                <\/div>\n            <\/div>\n            <\/div>\n<\/div>\n\n<script>\nfunction sendEvent(action, element) {\n    var videoTitle = jQuery(element).data('title');  \n\n    if (dataLayer && videoTitle) {\n        dataLayer.push({\n            'event': 'video',\n            'eventCategory': 'Video',\n            'eventAction': action,\n            'eventLabel': videoTitle\n        });\n    }\n    else if (ga && videoTitle) {\n        ga('send', 'event', 'Video', action, videoTitle);\n    }  \n}\n<\/script>\n<\/div><\/div><\/div><\/div><\/div>","protected":false},"excerpt":{"rendered":"<p>Der patentierte Nylon PCA Connector von ITW GSE ist der langlebigste seiner Art in der Branche!<\/p>\n","protected":false},"featured_media":4395,"comment_status":"open","ping_status":"closed","template":"","meta":{"_acf_changed":false,"_relevanssi_hide_post":"","_relevanssi_hide_content":"","_relevanssi_pin_for_all":"","_relevanssi_pin_keywords":"","_relevanssi_unpin_keywords":"","_relevanssi_related_keywords":"","_relevanssi_related_include_ids":"","_relevanssi_related_exclude_ids":"","_relevanssi_related_no_append":"","_relevanssi_related_not_related":"","_relevanssi_related_posts":"","_relevanssi_noindex_reason":""},"product_brand":[],"product_cat":[4464,4469,4465,2970],"product_tag":[],"class_list":{"0":"post-45203","1":"product","2":"type-product","3":"status-publish","4":"has-post-thumbnail","6":"product_cat-brochure-catalog-de","7":"product_cat-cables-and-hoses-de","8":"product_cat-military-products-de","9":"product_cat-schlauche","11":"first","12":"instock","13":"shipping-taxable","14":"purchasable","15":"product-type-simple"},"acf":[],"yoast_head":"<!-- This site is optimized with the Yoast SEO plugin v27.0 - https:\/\/yoast.com\/product\/yoast-seo-wordpress\/ -->\n<title>Nylon PCA Connector - Der langlebigste seiner Art | ITW GSE<\/title>\n<meta name=\"description\" content=\"Der Nylon PCA Connector ist UV-best\u00e4ndig und widersteht Chemikalien, Kraftstoffen und L\u00f6sungsmitteln. Robuste Konstruktion und Design, aber dennoch leichtes Gewicht.\" \/>\n<meta name=\"robots\" content=\"index, follow, max-snippet:-1, max-image-preview:large, max-video-preview:-1\" \/>\n<link rel=\"canonical\" href=\"https:\/\/itwgse.com\/de\/produkte\/hoses\/nylon-pca-stecker\/\" \/>\n<meta property=\"og:locale\" content=\"de_DE\" \/>\n<meta property=\"og:type\" content=\"article\" \/>\n<meta property=\"og:title\" content=\"Nylon PCA Connector - Der langlebigste seiner Art | ITW GSE\" \/>\n<meta property=\"og:description\" content=\"Der Nylon PCA Connector ist UV-best\u00e4ndig und widersteht Chemikalien, Kraftstoffen und L\u00f6sungsmitteln. Robuste Konstruktion und Design, aber dennoch leichtes Gewicht.\" \/>\n<meta property=\"og:url\" content=\"https:\/\/itwgse.com\/de\/produkte\/hoses\/nylon-pca-stecker\/\" \/>\n<meta property=\"og:site_name\" content=\"ITW GSE\" \/>\n<meta property=\"article:publisher\" content=\"https:\/\/www.facebook.com\/ITWGSE\/\" \/>\n<meta property=\"article:modified_time\" content=\"2026-03-09T12:39:36+00:00\" \/>\n<meta property=\"og:image\" content=\"https:\/\/itwgse.com\/wp-content\/uploads\/2018\/03\/JB729SC_BLCK9020.png\" \/>\n\t<meta property=\"og:image:width\" content=\"744\" \/>\n\t<meta property=\"og:image:height\" content=\"692\" \/>\n\t<meta property=\"og:image:type\" content=\"image\/png\" \/>\n<meta name=\"twitter:card\" content=\"summary_large_image\" \/>\n<script type=\"application\/ld+json\" class=\"yoast-schema-graph\">{\"@context\":\"https:\/\/schema.org\",\"@graph\":[{\"@type\":\"WebPage\",\"@id\":\"https:\/\/itwgse.com\/de\/produkte\/hoses\/nylon-pca-stecker\/\",\"url\":\"https:\/\/itwgse.com\/de\/produkte\/hoses\/nylon-pca-stecker\/\",\"name\":\"Nylon PCA Connector - Der langlebigste seiner Art | ITW GSE\",\"isPartOf\":{\"@id\":\"https:\/\/itwgse.com\/#website\"},\"primaryImageOfPage\":{\"@id\":\"https:\/\/itwgse.com\/de\/produkte\/hoses\/nylon-pca-stecker\/#primaryimage\"},\"image\":{\"@id\":\"https:\/\/itwgse.com\/de\/produkte\/hoses\/nylon-pca-stecker\/#primaryimage\"},\"thumbnailUrl\":\"https:\/\/itwgse.com\/wp-content\/uploads\/2018\/03\/JB729SC_BLCK9020.png\",\"datePublished\":\"2018-03-18T14:48:39+00:00\",\"dateModified\":\"2026-03-09T12:39:36+00:00\",\"description\":\"Der Nylon PCA Connector ist UV-best\u00e4ndig und widersteht Chemikalien, Kraftstoffen und L\u00f6sungsmitteln. Robuste Konstruktion und Design, aber dennoch leichtes Gewicht.\",\"breadcrumb\":{\"@id\":\"https:\/\/itwgse.com\/de\/produkte\/hoses\/nylon-pca-stecker\/#breadcrumb\"},\"inLanguage\":\"de\",\"potentialAction\":[{\"@type\":\"ReadAction\",\"target\":[\"https:\/\/itwgse.com\/de\/produkte\/hoses\/nylon-pca-stecker\/\"]}]},{\"@type\":\"ImageObject\",\"inLanguage\":\"de\",\"@id\":\"https:\/\/itwgse.com\/de\/produkte\/hoses\/nylon-pca-stecker\/#primaryimage\",\"url\":\"https:\/\/itwgse.com\/wp-content\/uploads\/2018\/03\/JB729SC_BLCK9020.png\",\"contentUrl\":\"https:\/\/itwgse.com\/wp-content\/uploads\/2018\/03\/JB729SC_BLCK9020.png\",\"width\":744,\"height\":692,\"caption\":\"Nylon PCA Connector, Aircraft hoses\"},{\"@type\":\"BreadcrumbList\",\"@id\":\"https:\/\/itwgse.com\/de\/produkte\/hoses\/nylon-pca-stecker\/#breadcrumb\",\"itemListElement\":[{\"@type\":\"ListItem\",\"position\":1,\"name\":\"Home\",\"item\":\"https:\/\/itwgse.com\/de\/home\/\"},{\"@type\":\"ListItem\",\"position\":2,\"name\":\"Nylon PCA Stecker\"}]},{\"@type\":\"WebSite\",\"@id\":\"https:\/\/itwgse.com\/#website\",\"url\":\"https:\/\/itwgse.com\/\",\"name\":\"ITW GSE\",\"description\":\"It&#039;s all about connections\",\"publisher\":{\"@id\":\"https:\/\/itwgse.com\/#organization\"},\"potentialAction\":[{\"@type\":\"SearchAction\",\"target\":{\"@type\":\"EntryPoint\",\"urlTemplate\":\"https:\/\/itwgse.com\/?s={search_term_string}\"},\"query-input\":{\"@type\":\"PropertyValueSpecification\",\"valueRequired\":true,\"valueName\":\"search_term_string\"}}],\"inLanguage\":\"de\"},{\"@type\":\"Organization\",\"@id\":\"https:\/\/itwgse.com\/#organization\",\"name\":\"ITW GSE\",\"url\":\"https:\/\/itwgse.com\/\",\"logo\":{\"@type\":\"ImageObject\",\"inLanguage\":\"de\",\"@id\":\"https:\/\/itwgse.com\/#\/schema\/logo\/image\/\",\"url\":\"https:\/\/itwgse.com\/wp-content\/uploads\/2018\/11\/logo.png\",\"contentUrl\":\"https:\/\/itwgse.com\/wp-content\/uploads\/2018\/11\/logo.png\",\"width\":302,\"height\":237,\"caption\":\"ITW GSE\"},\"image\":{\"@id\":\"https:\/\/itwgse.com\/#\/schema\/logo\/image\/\"},\"sameAs\":[\"https:\/\/www.facebook.com\/ITWGSE\/\",\"https:\/\/www.linkedin.com\/company\/itw-gse\/\",\"https:\/\/www.youtube.com\/channel\/UCTUIMvyaOPfYIqzP8enZ8yw\"]}]}<\/script>\n<!-- \/ Yoast SEO plugin. -->","yoast_head_json":{"title":"Nylon PCA Connector - Der langlebigste seiner Art | ITW GSE","description":"Der Nylon PCA Connector ist UV-best\u00e4ndig und widersteht Chemikalien, Kraftstoffen und L\u00f6sungsmitteln. Robuste Konstruktion und Design, aber dennoch leichtes Gewicht.","robots":{"index":"index","follow":"follow","max-snippet":"max-snippet:-1","max-image-preview":"max-image-preview:large","max-video-preview":"max-video-preview:-1"},"canonical":"https:\/\/itwgse.com\/de\/produkte\/hoses\/nylon-pca-stecker\/","og_locale":"de_DE","og_type":"article","og_title":"Nylon PCA Connector - Der langlebigste seiner Art | ITW GSE","og_description":"Der Nylon PCA Connector ist UV-best\u00e4ndig und widersteht Chemikalien, Kraftstoffen und L\u00f6sungsmitteln. Robuste Konstruktion und Design, aber dennoch leichtes Gewicht.","og_url":"https:\/\/itwgse.com\/de\/produkte\/hoses\/nylon-pca-stecker\/","og_site_name":"ITW GSE","article_publisher":"https:\/\/www.facebook.com\/ITWGSE\/","article_modified_time":"2026-03-09T12:39:36+00:00","og_image":[{"width":744,"height":692,"url":"https:\/\/itwgse.com\/wp-content\/uploads\/2018\/03\/JB729SC_BLCK9020.png","type":"image\/png"}],"twitter_card":"summary_large_image","schema":{"@context":"https:\/\/schema.org","@graph":[{"@type":"WebPage","@id":"https:\/\/itwgse.com\/de\/produkte\/hoses\/nylon-pca-stecker\/","url":"https:\/\/itwgse.com\/de\/produkte\/hoses\/nylon-pca-stecker\/","name":"Nylon PCA Connector - Der langlebigste seiner Art | ITW GSE","isPartOf":{"@id":"https:\/\/itwgse.com\/#website"},"primaryImageOfPage":{"@id":"https:\/\/itwgse.com\/de\/produkte\/hoses\/nylon-pca-stecker\/#primaryimage"},"image":{"@id":"https:\/\/itwgse.com\/de\/produkte\/hoses\/nylon-pca-stecker\/#primaryimage"},"thumbnailUrl":"https:\/\/itwgse.com\/wp-content\/uploads\/2018\/03\/JB729SC_BLCK9020.png","datePublished":"2018-03-18T14:48:39+00:00","dateModified":"2026-03-09T12:39:36+00:00","description":"Der Nylon PCA Connector ist UV-best\u00e4ndig und widersteht Chemikalien, Kraftstoffen und L\u00f6sungsmitteln. Robuste Konstruktion und Design, aber dennoch leichtes Gewicht.","breadcrumb":{"@id":"https:\/\/itwgse.com\/de\/produkte\/hoses\/nylon-pca-stecker\/#breadcrumb"},"inLanguage":"de","potentialAction":[{"@type":"ReadAction","target":["https:\/\/itwgse.com\/de\/produkte\/hoses\/nylon-pca-stecker\/"]}]},{"@type":"ImageObject","inLanguage":"de","@id":"https:\/\/itwgse.com\/de\/produkte\/hoses\/nylon-pca-stecker\/#primaryimage","url":"https:\/\/itwgse.com\/wp-content\/uploads\/2018\/03\/JB729SC_BLCK9020.png","contentUrl":"https:\/\/itwgse.com\/wp-content\/uploads\/2018\/03\/JB729SC_BLCK9020.png","width":744,"height":692,"caption":"Nylon PCA Connector, Aircraft hoses"},{"@type":"BreadcrumbList","@id":"https:\/\/itwgse.com\/de\/produkte\/hoses\/nylon-pca-stecker\/#breadcrumb","itemListElement":[{"@type":"ListItem","position":1,"name":"Home","item":"https:\/\/itwgse.com\/de\/home\/"},{"@type":"ListItem","position":2,"name":"Nylon PCA Stecker"}]},{"@type":"WebSite","@id":"https:\/\/itwgse.com\/#website","url":"https:\/\/itwgse.com\/","name":"ITW GSE","description":"It&#039;s all about connections","publisher":{"@id":"https:\/\/itwgse.com\/#organization"},"potentialAction":[{"@type":"SearchAction","target":{"@type":"EntryPoint","urlTemplate":"https:\/\/itwgse.com\/?s={search_term_string}"},"query-input":{"@type":"PropertyValueSpecification","valueRequired":true,"valueName":"search_term_string"}}],"inLanguage":"de"},{"@type":"Organization","@id":"https:\/\/itwgse.com\/#organization","name":"ITW GSE","url":"https:\/\/itwgse.com\/","logo":{"@type":"ImageObject","inLanguage":"de","@id":"https:\/\/itwgse.com\/#\/schema\/logo\/image\/","url":"https:\/\/itwgse.com\/wp-content\/uploads\/2018\/11\/logo.png","contentUrl":"https:\/\/itwgse.com\/wp-content\/uploads\/2018\/11\/logo.png","width":302,"height":237,"caption":"ITW GSE"},"image":{"@id":"https:\/\/itwgse.com\/#\/schema\/logo\/image\/"},"sameAs":["https:\/\/www.facebook.com\/ITWGSE\/","https:\/\/www.linkedin.com\/company\/itw-gse\/","https:\/\/www.youtube.com\/channel\/UCTUIMvyaOPfYIqzP8enZ8yw"]}]}},"_links":{"self":[{"href":"https:\/\/itwgse.com\/de\/wp-json\/wp\/v2\/product\/45203","targetHints":{"allow":["GET"]}}],"collection":[{"href":"https:\/\/itwgse.com\/de\/wp-json\/wp\/v2\/product"}],"about":[{"href":"https:\/\/itwgse.com\/de\/wp-json\/wp\/v2\/types\/product"}],"replies":[{"embeddable":true,"href":"https:\/\/itwgse.com\/de\/wp-json\/wp\/v2\/comments?post=45203"}],"wp:featuredmedia":[{"embeddable":true,"href":"https:\/\/itwgse.com\/de\/wp-json\/wp\/v2\/media\/4395"}],"wp:attachment":[{"href":"https:\/\/itwgse.com\/de\/wp-json\/wp\/v2\/media?parent=45203"}],"wp:term":[{"taxonomy":"product_brand","embeddable":true,"href":"https:\/\/itwgse.com\/de\/wp-json\/wp\/v2\/product_brand?post=45203"},{"taxonomy":"product_cat","embeddable":true,"href":"https:\/\/itwgse.com\/de\/wp-json\/wp\/v2\/product_cat?post=45203"},{"taxonomy":"product_tag","embeddable":true,"href":"https:\/\/itwgse.com\/de\/wp-json\/wp\/v2\/product_tag?post=45203"}],"curies":[{"name":"wp","href":"https:\/\/api.w.org\/{rel}","templated":true}]}}