{"id":45209,"date":"2019-04-02T17:39:58","date_gmt":"2019-04-02T15:39:58","guid":{"rendered":"https:\/\/itwgse.com\/products\/unkategorisiert\/270-vdc-niedrig-induktives-erdungskabel\/"},"modified":"2026-03-09T13:40:23","modified_gmt":"2026-03-09T12:40:23","slug":"270-vdc-niedrig-induktives-erdungskabel","status":"publish","type":"product","link":"https:\/\/itwgse.com\/de\/produkte\/kabel\/270-vdc-niedrig-induktives-erdungskabel\/","title":{"rendered":"270 VDC Niedrig induktives Erdungskabel"},"content":{"rendered":"<div id=\"pl-45209\"  class=\"panel-layout\" ><div id=\"pg-45209-0\"  class=\"panel-grid panel-no-style\" ><div id=\"pgc-45209-0-0\"  class=\"panel-grid-cell\" ><div id=\"panel-45209-0-0-0\" class=\"so-panel widget widget_mtt-cover-section panel-first-child\" data-index=\"0\" ><div\n\t\t\t\n\t\t\tclass=\"so-widget-mtt-cover-section so-widget-mtt-cover-section-base\"\n\t\t\t\n\t\t>\n<div class=\"mtt-cover-section-wrap product\">\n    <div class=\"mtt-cover-product-container\">\n        <div class=\"mtt-cover-section-text-wrap\">\n            <img decoding=\"async\" width=\"1200\" height=\"740\" src=\"https:\/\/itwgse.com\/wp-content\/uploads\/2019\/04\/270VDC-1-1.png\" class=\"cover-product\" alt=\"itwgse, itw-gse, itw_gse, itw gse, itw.gse, itw gse cable, itwgsecable,\" srcset=\"https:\/\/itwgse.com\/wp-content\/uploads\/2019\/04\/270VDC-1-1.png 1200w, https:\/\/itwgse.com\/wp-content\/uploads\/2019\/04\/270VDC-1-1-300x185.png 300w, https:\/\/itwgse.com\/wp-content\/uploads\/2019\/04\/270VDC-1-1-1024x631.png 1024w, https:\/\/itwgse.com\/wp-content\/uploads\/2019\/04\/270VDC-1-1-750x463.png 750w, https:\/\/itwgse.com\/wp-content\/uploads\/2019\/04\/270VDC-1-1-900x555.png 900w, https:\/\/itwgse.com\/wp-content\/uploads\/2019\/04\/270VDC-1-1-768x474.png 768w, https:\/\/itwgse.com\/wp-content\/uploads\/2019\/04\/270VDC-1-1-600x370.png 600w\" sizes=\"(max-width: 1200px) 100vw, 1200px\" \/>            <div class=\"mtt-cover-section-text\">\n                                <span class=\"tagline\"><\/span>\n                <h1>270 VDC Niedrig induktives Erdungskabel<\/h1>\n                <div class=\"text\"><p>Gut geeignet f\u00fcr die F-35 - <a href=\"https:\/\/itwgse.com\/products\/power\/itw-gse-2400-270-vdc-400-hz-gpu\/\">270 VDC Ground Power Unit<\/a>.<\/p>\n<p>Das 270 VDC Qualit\u00e4tskabel von ITW GSE mit einfachem Mantel und austauschbarem Kontaktteil (Nase) bietet ein Optimum an GPU-Kabelleistung.<\/p>\n<\/div>\n                <input type=\"hidden\" name=\"product\" value=\"45209\">\n\n                    <div class=\"button-wrap\">\n                        <a class=\"button mtt-support-box modal\" data-flow=\"request-quotation\" data-template=\"request-form\"\n                           data-product_id=\"45209\" data-previous_no_pagination=\"true\">Request Product<\/a>\n\n                                                                                    <a\n                                    href=\"\"\n                                    class=\"button  open-brochure-modal\"\n                                >\n                                    Brosch\u00fcre                                <\/a>\n                                                                        <\/div>\n\n            <\/div>\n        <\/div>\n    <\/div>\n    <div class=\"mtt-cover-product-background no-background\" >\n                <div class=\"mtt-cover-product-background-image\">\n                        <img decoding=\"async\"  src=\"https:\/\/itwgse.com\/wp-content\/themes\/mtt-standard-theme\/assets\/img\/cover\/itwgse_cut_wide.svg\" class=\"itwgse-cut\">        <\/div>\n\n        <div class=\"mtt-cover-product small\">\n            <img decoding=\"async\" width=\"1200\" height=\"740\" src=\"https:\/\/itwgse.com\/wp-content\/uploads\/2019\/04\/270VDC-1-1-1200x740.png\" class=\"attachment-1200x740x size-1200x740x\" alt=\"itwgse, itw-gse, itw_gse, itw gse, itw.gse, itw gse cable, itwgsecable,\" srcset=\"https:\/\/itwgse.com\/wp-content\/uploads\/2019\/04\/270VDC-1-1.png 1200w, https:\/\/itwgse.com\/wp-content\/uploads\/2019\/04\/270VDC-1-1-300x185.png 300w, https:\/\/itwgse.com\/wp-content\/uploads\/2019\/04\/270VDC-1-1-1024x631.png 1024w, https:\/\/itwgse.com\/wp-content\/uploads\/2019\/04\/270VDC-1-1-750x463.png 750w, https:\/\/itwgse.com\/wp-content\/uploads\/2019\/04\/270VDC-1-1-900x555.png 900w, https:\/\/itwgse.com\/wp-content\/uploads\/2019\/04\/270VDC-1-1-768x474.png 768w, https:\/\/itwgse.com\/wp-content\/uploads\/2019\/04\/270VDC-1-1-600x370.png 600w\" sizes=\"(max-width: 1200px) 100vw, 1200px\" \/>        <\/div>\n    <\/div>\n<\/div><\/div><\/div><div id=\"panel-45209-0-0-1\" class=\"so-panel widget widget_mtt-one-col-text panel-last-child\" data-index=\"1\" ><div\n\t\t\t\n\t\t\tclass=\"so-widget-mtt-one-col-text so-widget-mtt-one-col-text-base\"\n\t\t\t\n\t\t>\n<div class=\"mtt-two-col-wrapper\">\n    <div class=\"mtt-two-col-container\">\n        <div class=\"mtt-two-col-content formatted_content has-title-one\">\n\t\t\t                <h2>Reduzierte Servicezeit<\/h2>\n                        <div class=\"text-section one-col\">\n                <p>Der Austausch des Kontaktteils kann in nur ca. 3-5 Minuten entfernt und ausgetauscht werden, wodurch die \"Aus-Zeit\" minimiert wird.<\/p>\n<p>Zur Sicherheit und zum un\u00fcbertroffenen Schutz des Flugzeugs ist der Ersatzkontaktteil auch mit einem Thermgard\u00ae-Thermosensor erh\u00e4ltlich.<\/p>\n<p>In den Kabelkopf integrierte Kondensatoren sorgen daf\u00fcr, dass die Verriegelungsspannung auch bei hohen Spannungsspitzen und \u00dcberlastungen von bis zu 250% bis zu 180 Fu\u00df erhalten bleibt.<\/p>\n            <\/div>\n\n            \n                        <\/div>\n    <\/div>\n<\/div>\n<\/div><\/div><\/div><\/div><div id=\"pg-45209-1\"  class=\"panel-grid panel-no-style\" ><div id=\"pgc-45209-1-0\"  class=\"panel-grid-cell\" ><div id=\"panel-45209-1-0-0\" class=\"so-panel widget widget_mtt-two-col-text panel-first-child panel-last-child\" data-index=\"2\" ><div\n\t\t\t\n\t\t\tclass=\"so-widget-mtt-two-col-text so-widget-mtt-two-col-text-base\"\n\t\t\t\n\t\t>\n<div class=\"mtt-two-col-wrapper no-bottom-padding\">\n    <div class=\"mtt-two-col-container\">\n        <div class=\"mtt-two-col-content has-title\">\n                            <h2>270 VDC (72kW) Stromkabel f\u00fcr F-35 & F-22 Milit\u00e4rflugzeuge  <\/h2>\n                        <div class=\"text-section\">\n                <div class=\"col formatted_content\"><p>Dieses Stromkabel mit niedriger Induktionsqualit\u00e4t eignet sich hervorragend f\u00fcr den <a href=\"https:\/\/itwgse.com\/products\/power\/itw-gse-2400-270-vdc-400-hz-gpu\/\">ITW GSE 2400, 270 VDC GPU<\/a>.<br \/>Der Ersatzkontaktabschnitt kann in ca. 3-5 Minuten entfernt und ausgetauscht werden, was die Ausfallzeit minimiert. Das Ersatzkontaktteil ist auch mit einem Thermgard-Thermosensor f\u00fcr Sicherheit und un\u00fcbertroffenen Schutz des Flugzeugs erh\u00e4ltlich. <\/p>\n<p>In den Kabelkopf integrierte Kondensatoren sorgen f\u00fcr die Aufrechterhaltung der Verriegelungsspannung bei hohen Transienten und \u00dcberlastungen von bis zu 250% bei einer L\u00e4nge von bis zu 180 Fu\u00df.<\/p>\n<\/div>\n                <div class=\"col formatted_content\"><p style=\"text-align: center;\">          <img decoding=\"async\" class=\"size-medium wp-image-5449 alignleft\" src=\"https:\/\/itwgse.com\/wp-content\/uploads\/2019\/04\/270-VDC-green-1-115x300.png\" alt=\"\" width=\"115\" height=\"300\" srcset=\"https:\/\/itwgse.com\/wp-content\/uploads\/2019\/04\/270-VDC-green-1-115x300.png 115w, https:\/\/itwgse.com\/wp-content\/uploads\/2019\/04\/270-VDC-green-1.png 139w\" sizes=\"(max-width: 115px) 100vw, 115px\" \/> <img decoding=\"async\" class=\"size-medium wp-image-5448 alignleft\" src=\"https:\/\/itwgse.com\/wp-content\/uploads\/2019\/04\/270-VDC-green-300x181.png\" alt=\"\" width=\"300\" height=\"181\" srcset=\"https:\/\/itwgse.com\/wp-content\/uploads\/2019\/04\/270-VDC-green-300x181.png 300w, https:\/\/itwgse.com\/wp-content\/uploads\/2019\/04\/270-VDC-green.png 344w\" sizes=\"(max-width: 300px) 100vw, 300px\" \/><\/p>\n                                    <\/div>\n            <\/div>\n                    <\/div>\n    <\/div>\n<\/div><\/div><\/div><\/div><\/div><div id=\"pg-45209-2\"  class=\"panel-grid panel-no-style\" ><div id=\"pgc-45209-2-0\"  class=\"panel-grid-cell\" ><div id=\"panel-45209-2-0-0\" class=\"so-panel widget widget_mtt-product-files panel-first-child\" data-index=\"3\" ><div\n\t\t\t\n\t\t\tclass=\"so-widget-mtt-product-files so-widget-mtt-product-files-base\"\n\t\t\t\n\t\t>    <div class=\"product-files-wrapper\">\n        <div class=\"page_container\">\n            <h2>Downloads for 270 VDC Niedrig induktives Erdungskabel<\/h2>\n            <div class=\"button-wrap\">\n                                                            <a\n                            class=\"button open-modal\"\n                            href=\"#\"\n                            data-id=\"a47673b9-8936-4157-8b48-fabd76dfd86a\"\n                        >\n                            Data Sheets                        <\/a>\n                                                                        <\/div>\n        <\/div>\n    <\/div>\n    <\/div><\/div><div id=\"panel-45209-2-0-1\" class=\"so-panel widget widget_mtt-text-image panel-last-child\" data-index=\"4\" ><div\n\t\t\t\n\t\t\tclass=\"so-widget-mtt-text-image so-widget-mtt-text-image-base\"\n\t\t\t\n\t\t>\n<div class=\"mtt-text-image-wrap flip\">\n            <!-- Background -->\n        <div class=\"mtt-text-image-background\">\n                        <div class=\"mtt-text-image-background--curve\">\n                <img decoding=\"async\"  src=\"https:\/\/itwgse.com\/wp-content\/themes\/mtt-standard-theme\/assets\/img\/cover\/itwgse_cut.svg\">            <\/div>\n        <\/div>\n        <!-- Content -->\n    <div class=\"mtt-text-image-container\">\n        <div class=\"mtt-text-image-col\">\n            <div class=\"mtt-text-image-content formatted_content\">\n                                <h2>Spezifikationen<\/h2>\n                <p>Erf\u00fcllt die Lockheed Martin Spezifikationen 5PTV6002 Rev C und 2ZEU00004 Rev-0007. Empfohlen bis zu 40 ft. f\u00fcr die F-35 Anwendung. <\/p>\n\n                            <\/div>\n        <\/div>\n                    <div class=\"mtt-text-image-col img center\">\n                <div class=\"mtt-text-image-content\">\n                    <img decoding=\"async\" width=\"848\" height=\"279\" src=\"https:\/\/itwgse.com\/wp-content\/uploads\/2019\/04\/270VDC-Cable-Specifications.png\" class=\"attachment-full size-full\" alt=\"ITW GSE, Low Inductance Power Cable\" srcset=\"https:\/\/itwgse.com\/wp-content\/uploads\/2019\/04\/270VDC-Cable-Specifications.png 848w, https:\/\/itwgse.com\/wp-content\/uploads\/2019\/04\/270VDC-Cable-Specifications-300x99.png 300w\" sizes=\"(max-width: 848px) 100vw, 848px\" \/>                \n                    \n                    \n                <\/div>\n            <\/div>\n            <\/div>\n<\/div>\n\n<script>\nfunction sendEvent(action, element) {\n    var videoTitle = jQuery(element).data('title');  \n\n    if (dataLayer && videoTitle) {\n        dataLayer.push({\n            'event': 'video',\n            'eventCategory': 'Video',\n            'eventAction': action,\n            'eventLabel': videoTitle\n        });\n    }\n    else if (ga && videoTitle) {\n        ga('send', 'event', 'Video', action, videoTitle);\n    }  \n}\n<\/script>\n<\/div><\/div><\/div><\/div><div id=\"pg-45209-3\"  class=\"panel-grid panel-no-style\" ><div id=\"pgc-45209-3-0\"  class=\"panel-grid-cell\" ><div id=\"panel-45209-3-0-0\" class=\"so-panel widget widget_mtt-one-col-text panel-first-child\" data-index=\"5\" ><div\n\t\t\t\n\t\t\tclass=\"so-widget-mtt-one-col-text so-widget-mtt-one-col-text-base\"\n\t\t\t\n\t\t>\n<div class=\"mtt-two-col-wrapper no-top-padding\">\n    <div class=\"mtt-two-col-container\">\n        <div class=\"mtt-two-col-content formatted_content has-title-one\">\n\t\t\t                <h2>Ehemals bekannt als J&B Aviation<\/h2>\n                        <div class=\"text-section one-col\">\n                <p>Bis 2018 wurde das 270 VDC Niedrig Induktivit\u00e4ts-Erdstromkabel unter der Marke J&B Aviation verkauft.<\/p>\n<p>Lesen Sie mehr \u00fcber unsere <a href=\"https:\/\/itwgse.com\/itw-gse-history\/\" rel=\"noopener\">Markengeschichte<\/a>.<\/p>\n<p>\u00a0<\/p>\n<p>Alle aktuellen <a href=\"https:\/\/itwgse.com\/aircraft-cables\/\">ITW GSE-Kabel sehen Sie hier<\/a>.<\/p>\n            <\/div>\n\n            \n                        <\/div>\n    <\/div>\n<\/div>\n<\/div><\/div><div id=\"panel-45209-3-0-1\" class=\"so-panel widget widget_mtt-customer-support panel-last-child\" data-index=\"6\" ><div\n\t\t\t\n\t\t\tclass=\"so-widget-mtt-customer-support so-widget-mtt-customer-support-base\"\n\t\t\t\n\t\t>\n<div class=\"mtt-text-image-wrap less-top-padding less-bottom-padding grey-bg\">\n        <!-- Content -->\n    <div class=\"mtt-text-image-container\">\n        <div class=\"mtt-text-image-col\">\n            <div class=\"mtt-text-image-content formatted_content\">\n                                <h2>Kundenservice<\/h2>\n                <p><strong>Wie k\u00f6nnen wir Ihnen helfen?<\/strong><\/p>\n<p>Ben\u00f6tigen Sie Schaltpl\u00e4ne, Ersatzteillisten oder Anleitungsvideos? Nutzen Sie die Schaltfl\u00e4che \u201eProdukthilfe\u201c.<\/p>\n<p>Haben Sie Fragen an den Kundenservice? Nutzen Sie die Schaltfl\u00e4che \u201eKundenservice kontaktieren\u201c. Falls sich Ihre Frage auf ein bestimmtes Produkt bezieht, geben Sie bitte die Seriennummer an.<\/p>\n\n                                    <div class=\"button-wrap\">\n                                                    <a href=\"https:\/\/itwgse.com\/de\/support-and-service\/\" class=\"button\">\n                                Produkthilfe                            <\/a>\n                                                    <a href=\"https:\/\/itwgse.com\/de\/kontakt\/\" class=\"button\">\n                                Kundenservice kontaktieren                            <\/a>\n                                            <\/div>\n                            <\/div>\n        <\/div>\n                    <div class=\"mtt-text-image-col img center\">\n                <div class=\"mtt-text-image-content\">\n                    <img decoding=\"async\" width=\"1800\" height=\"1023\" src=\"https:\/\/itwgse.com\/wp-content\/uploads\/2018\/06\/ITWGSE_hero_cleanest-1.jpg\" class=\"attachment-full size-full\" alt=\"7400 low noice JK\" srcset=\"https:\/\/itwgse.com\/wp-content\/uploads\/2018\/06\/ITWGSE_hero_cleanest-1.jpg 1800w, https:\/\/itwgse.com\/wp-content\/uploads\/2018\/06\/ITWGSE_hero_cleanest-1-300x171.jpg 300w, https:\/\/itwgse.com\/wp-content\/uploads\/2018\/06\/ITWGSE_hero_cleanest-1-1024x582.jpg 1024w\" sizes=\"(max-width: 1800px) 100vw, 1800px\" \/>                \n                    \n                    \n                <\/div>\n            <\/div>\n            <\/div>\n<\/div>\n\n<script>\nfunction sendEvent(action, element) {\n    var videoTitle = jQuery(element).data('title');  \n\n    if (dataLayer && videoTitle) {\n        dataLayer.push({\n            'event': 'video',\n            'eventCategory': 'Video',\n            'eventAction': action,\n            'eventLabel': videoTitle\n        });\n    }\n    else if (ga && videoTitle) {\n        ga('send', 'event', 'Video', action, videoTitle);\n    }  \n}\n<\/script>\n<\/div><\/div><\/div><\/div><\/div>","protected":false},"excerpt":{"rendered":"<p>270 VDC Niedrig induktives Erdungskabel Gut geeignet f\u00fcr die F-35 &#8211; 270 VDC Ground Power Unit. Das 270 VDC Qualit\u00e4tskabel von ITW GSE mit&#8230;<\/p>\n","protected":false},"featured_media":6707,"comment_status":"open","ping_status":"closed","template":"","meta":{"_acf_changed":false,"_relevanssi_hide_post":"","_relevanssi_hide_content":"","_relevanssi_pin_for_all":"","_relevanssi_pin_keywords":"","_relevanssi_unpin_keywords":"","_relevanssi_related_keywords":"","_relevanssi_related_include_ids":"","_relevanssi_related_exclude_ids":"","_relevanssi_related_no_append":"","_relevanssi_related_not_related":"","_relevanssi_related_posts":"","_relevanssi_noindex_reason":""},"product_brand":[],"product_cat":[4464,4469,2968,4465],"product_tag":[],"class_list":{"0":"post-45209","1":"product","2":"type-product","3":"status-publish","4":"has-post-thumbnail","6":"product_cat-brochure-catalog-de","7":"product_cat-cables-and-hoses-de","8":"product_cat-kabel","9":"product_cat-military-products-de","11":"first","12":"instock","13":"shipping-taxable","14":"purchasable","15":"product-type-simple"},"acf":[],"yoast_head":"<!-- This site is optimized with the Yoast SEO plugin v27.0 - https:\/\/yoast.com\/product\/yoast-seo-wordpress\/ -->\n<title>Niedrig induktives Erdungskabel - 270 VDC | ITW GSE<\/title>\n<meta name=\"description\" content=\"Das 270 VDC Niedrig-Induktions-Erdstromkabel von ITW GSE eignet sich hervorragend f\u00fcr das 270 VDC Erdstromaggregat f\u00fcr die Milit\u00e4rflugzeuge F-35 und F-22.\" \/>\n<meta name=\"robots\" content=\"index, follow, max-snippet:-1, max-image-preview:large, max-video-preview:-1\" \/>\n<link rel=\"canonical\" href=\"https:\/\/itwgse.com\/de\/produkte\/aircraft-cables\/270-vdc-niedrig-induktives-erdungskabel\/\" \/>\n<meta property=\"og:locale\" content=\"de_DE\" \/>\n<meta property=\"og:type\" content=\"article\" \/>\n<meta property=\"og:title\" content=\"Niedrig induktives Erdungskabel - 270 VDC | ITW GSE\" \/>\n<meta property=\"og:description\" content=\"Das 270 VDC Niedrig-Induktions-Erdstromkabel von ITW GSE eignet sich hervorragend f\u00fcr das 270 VDC Erdstromaggregat f\u00fcr die Milit\u00e4rflugzeuge F-35 und F-22.\" \/>\n<meta property=\"og:url\" content=\"https:\/\/itwgse.com\/de\/produkte\/aircraft-cables\/270-vdc-niedrig-induktives-erdungskabel\/\" \/>\n<meta property=\"og:site_name\" content=\"ITW GSE\" \/>\n<meta property=\"article:publisher\" content=\"https:\/\/www.facebook.com\/ITWGSE\/\" \/>\n<meta property=\"article:modified_time\" content=\"2026-03-09T12:40:23+00:00\" \/>\n<meta property=\"og:image\" content=\"https:\/\/itwgse.com\/wp-content\/uploads\/2019\/04\/270VDC-1-1.png\" \/>\n\t<meta property=\"og:image:width\" content=\"1200\" \/>\n\t<meta property=\"og:image:height\" content=\"740\" \/>\n\t<meta property=\"og:image:type\" content=\"image\/png\" \/>\n<meta name=\"twitter:card\" content=\"summary_large_image\" \/>\n<script type=\"application\/ld+json\" class=\"yoast-schema-graph\">{\"@context\":\"https:\/\/schema.org\",\"@graph\":[{\"@type\":\"WebPage\",\"@id\":\"https:\/\/itwgse.com\/de\/produkte\/aircraft-cables\/270-vdc-niedrig-induktives-erdungskabel\/\",\"url\":\"https:\/\/itwgse.com\/de\/produkte\/aircraft-cables\/270-vdc-niedrig-induktives-erdungskabel\/\",\"name\":\"Niedrig induktives Erdungskabel - 270 VDC | ITW GSE\",\"isPartOf\":{\"@id\":\"https:\/\/itwgse.com\/#website\"},\"primaryImageOfPage\":{\"@id\":\"https:\/\/itwgse.com\/de\/produkte\/aircraft-cables\/270-vdc-niedrig-induktives-erdungskabel\/#primaryimage\"},\"image\":{\"@id\":\"https:\/\/itwgse.com\/de\/produkte\/aircraft-cables\/270-vdc-niedrig-induktives-erdungskabel\/#primaryimage\"},\"thumbnailUrl\":\"https:\/\/itwgse.com\/wp-content\/uploads\/2019\/04\/270VDC-1-1.png\",\"datePublished\":\"2019-04-02T15:39:58+00:00\",\"dateModified\":\"2026-03-09T12:40:23+00:00\",\"description\":\"Das 270 VDC Niedrig-Induktions-Erdstromkabel von ITW GSE eignet sich hervorragend f\u00fcr das 270 VDC Erdstromaggregat f\u00fcr die Milit\u00e4rflugzeuge F-35 und F-22.\",\"breadcrumb\":{\"@id\":\"https:\/\/itwgse.com\/de\/produkte\/aircraft-cables\/270-vdc-niedrig-induktives-erdungskabel\/#breadcrumb\"},\"inLanguage\":\"de\",\"potentialAction\":[{\"@type\":\"ReadAction\",\"target\":[\"https:\/\/itwgse.com\/de\/produkte\/aircraft-cables\/270-vdc-niedrig-induktives-erdungskabel\/\"]}]},{\"@type\":\"ImageObject\",\"inLanguage\":\"de\",\"@id\":\"https:\/\/itwgse.com\/de\/produkte\/aircraft-cables\/270-vdc-niedrig-induktives-erdungskabel\/#primaryimage\",\"url\":\"https:\/\/itwgse.com\/wp-content\/uploads\/2019\/04\/270VDC-1-1.png\",\"contentUrl\":\"https:\/\/itwgse.com\/wp-content\/uploads\/2019\/04\/270VDC-1-1.png\",\"width\":1200,\"height\":740,\"caption\":\"itwgse, itw-gse, itw_gse, itw gse, itw.gse, itw gse cable, itwgsecable,\"},{\"@type\":\"BreadcrumbList\",\"@id\":\"https:\/\/itwgse.com\/de\/produkte\/aircraft-cables\/270-vdc-niedrig-induktives-erdungskabel\/#breadcrumb\",\"itemListElement\":[{\"@type\":\"ListItem\",\"position\":1,\"name\":\"Home\",\"item\":\"https:\/\/itwgse.com\/de\/home\/\"},{\"@type\":\"ListItem\",\"position\":2,\"name\":\"270 VDC Niedrig induktives Erdungskabel\"}]},{\"@type\":\"WebSite\",\"@id\":\"https:\/\/itwgse.com\/#website\",\"url\":\"https:\/\/itwgse.com\/\",\"name\":\"ITW GSE\",\"description\":\"It&#039;s all about connections\",\"publisher\":{\"@id\":\"https:\/\/itwgse.com\/#organization\"},\"potentialAction\":[{\"@type\":\"SearchAction\",\"target\":{\"@type\":\"EntryPoint\",\"urlTemplate\":\"https:\/\/itwgse.com\/?s={search_term_string}\"},\"query-input\":{\"@type\":\"PropertyValueSpecification\",\"valueRequired\":true,\"valueName\":\"search_term_string\"}}],\"inLanguage\":\"de\"},{\"@type\":\"Organization\",\"@id\":\"https:\/\/itwgse.com\/#organization\",\"name\":\"ITW GSE\",\"url\":\"https:\/\/itwgse.com\/\",\"logo\":{\"@type\":\"ImageObject\",\"inLanguage\":\"de\",\"@id\":\"https:\/\/itwgse.com\/#\/schema\/logo\/image\/\",\"url\":\"https:\/\/itwgse.com\/wp-content\/uploads\/2018\/11\/logo.png\",\"contentUrl\":\"https:\/\/itwgse.com\/wp-content\/uploads\/2018\/11\/logo.png\",\"width\":302,\"height\":237,\"caption\":\"ITW GSE\"},\"image\":{\"@id\":\"https:\/\/itwgse.com\/#\/schema\/logo\/image\/\"},\"sameAs\":[\"https:\/\/www.facebook.com\/ITWGSE\/\",\"https:\/\/www.linkedin.com\/company\/itw-gse\/\",\"https:\/\/www.youtube.com\/channel\/UCTUIMvyaOPfYIqzP8enZ8yw\"]}]}<\/script>\n<!-- \/ Yoast SEO plugin. -->","yoast_head_json":{"title":"Niedrig induktives Erdungskabel - 270 VDC | ITW GSE","description":"Das 270 VDC Niedrig-Induktions-Erdstromkabel von ITW GSE eignet sich hervorragend f\u00fcr das 270 VDC Erdstromaggregat f\u00fcr die Milit\u00e4rflugzeuge F-35 und F-22.","robots":{"index":"index","follow":"follow","max-snippet":"max-snippet:-1","max-image-preview":"max-image-preview:large","max-video-preview":"max-video-preview:-1"},"canonical":"https:\/\/itwgse.com\/de\/produkte\/aircraft-cables\/270-vdc-niedrig-induktives-erdungskabel\/","og_locale":"de_DE","og_type":"article","og_title":"Niedrig induktives Erdungskabel - 270 VDC | ITW GSE","og_description":"Das 270 VDC Niedrig-Induktions-Erdstromkabel von ITW GSE eignet sich hervorragend f\u00fcr das 270 VDC Erdstromaggregat f\u00fcr die Milit\u00e4rflugzeuge F-35 und F-22.","og_url":"https:\/\/itwgse.com\/de\/produkte\/aircraft-cables\/270-vdc-niedrig-induktives-erdungskabel\/","og_site_name":"ITW GSE","article_publisher":"https:\/\/www.facebook.com\/ITWGSE\/","article_modified_time":"2026-03-09T12:40:23+00:00","og_image":[{"width":1200,"height":740,"url":"https:\/\/itwgse.com\/wp-content\/uploads\/2019\/04\/270VDC-1-1.png","type":"image\/png"}],"twitter_card":"summary_large_image","schema":{"@context":"https:\/\/schema.org","@graph":[{"@type":"WebPage","@id":"https:\/\/itwgse.com\/de\/produkte\/aircraft-cables\/270-vdc-niedrig-induktives-erdungskabel\/","url":"https:\/\/itwgse.com\/de\/produkte\/aircraft-cables\/270-vdc-niedrig-induktives-erdungskabel\/","name":"Niedrig induktives Erdungskabel - 270 VDC | ITW GSE","isPartOf":{"@id":"https:\/\/itwgse.com\/#website"},"primaryImageOfPage":{"@id":"https:\/\/itwgse.com\/de\/produkte\/aircraft-cables\/270-vdc-niedrig-induktives-erdungskabel\/#primaryimage"},"image":{"@id":"https:\/\/itwgse.com\/de\/produkte\/aircraft-cables\/270-vdc-niedrig-induktives-erdungskabel\/#primaryimage"},"thumbnailUrl":"https:\/\/itwgse.com\/wp-content\/uploads\/2019\/04\/270VDC-1-1.png","datePublished":"2019-04-02T15:39:58+00:00","dateModified":"2026-03-09T12:40:23+00:00","description":"Das 270 VDC Niedrig-Induktions-Erdstromkabel von ITW GSE eignet sich hervorragend f\u00fcr das 270 VDC Erdstromaggregat f\u00fcr die Milit\u00e4rflugzeuge F-35 und F-22.","breadcrumb":{"@id":"https:\/\/itwgse.com\/de\/produkte\/aircraft-cables\/270-vdc-niedrig-induktives-erdungskabel\/#breadcrumb"},"inLanguage":"de","potentialAction":[{"@type":"ReadAction","target":["https:\/\/itwgse.com\/de\/produkte\/aircraft-cables\/270-vdc-niedrig-induktives-erdungskabel\/"]}]},{"@type":"ImageObject","inLanguage":"de","@id":"https:\/\/itwgse.com\/de\/produkte\/aircraft-cables\/270-vdc-niedrig-induktives-erdungskabel\/#primaryimage","url":"https:\/\/itwgse.com\/wp-content\/uploads\/2019\/04\/270VDC-1-1.png","contentUrl":"https:\/\/itwgse.com\/wp-content\/uploads\/2019\/04\/270VDC-1-1.png","width":1200,"height":740,"caption":"itwgse, itw-gse, itw_gse, itw gse, itw.gse, itw gse cable, itwgsecable,"},{"@type":"BreadcrumbList","@id":"https:\/\/itwgse.com\/de\/produkte\/aircraft-cables\/270-vdc-niedrig-induktives-erdungskabel\/#breadcrumb","itemListElement":[{"@type":"ListItem","position":1,"name":"Home","item":"https:\/\/itwgse.com\/de\/home\/"},{"@type":"ListItem","position":2,"name":"270 VDC Niedrig induktives Erdungskabel"}]},{"@type":"WebSite","@id":"https:\/\/itwgse.com\/#website","url":"https:\/\/itwgse.com\/","name":"ITW GSE","description":"It&#039;s all about connections","publisher":{"@id":"https:\/\/itwgse.com\/#organization"},"potentialAction":[{"@type":"SearchAction","target":{"@type":"EntryPoint","urlTemplate":"https:\/\/itwgse.com\/?s={search_term_string}"},"query-input":{"@type":"PropertyValueSpecification","valueRequired":true,"valueName":"search_term_string"}}],"inLanguage":"de"},{"@type":"Organization","@id":"https:\/\/itwgse.com\/#organization","name":"ITW GSE","url":"https:\/\/itwgse.com\/","logo":{"@type":"ImageObject","inLanguage":"de","@id":"https:\/\/itwgse.com\/#\/schema\/logo\/image\/","url":"https:\/\/itwgse.com\/wp-content\/uploads\/2018\/11\/logo.png","contentUrl":"https:\/\/itwgse.com\/wp-content\/uploads\/2018\/11\/logo.png","width":302,"height":237,"caption":"ITW GSE"},"image":{"@id":"https:\/\/itwgse.com\/#\/schema\/logo\/image\/"},"sameAs":["https:\/\/www.facebook.com\/ITWGSE\/","https:\/\/www.linkedin.com\/company\/itw-gse\/","https:\/\/www.youtube.com\/channel\/UCTUIMvyaOPfYIqzP8enZ8yw"]}]}},"_links":{"self":[{"href":"https:\/\/itwgse.com\/de\/wp-json\/wp\/v2\/product\/45209","targetHints":{"allow":["GET"]}}],"collection":[{"href":"https:\/\/itwgse.com\/de\/wp-json\/wp\/v2\/product"}],"about":[{"href":"https:\/\/itwgse.com\/de\/wp-json\/wp\/v2\/types\/product"}],"replies":[{"embeddable":true,"href":"https:\/\/itwgse.com\/de\/wp-json\/wp\/v2\/comments?post=45209"}],"wp:featuredmedia":[{"embeddable":true,"href":"https:\/\/itwgse.com\/de\/wp-json\/wp\/v2\/media\/6707"}],"wp:attachment":[{"href":"https:\/\/itwgse.com\/de\/wp-json\/wp\/v2\/media?parent=45209"}],"wp:term":[{"taxonomy":"product_brand","embeddable":true,"href":"https:\/\/itwgse.com\/de\/wp-json\/wp\/v2\/product_brand?post=45209"},{"taxonomy":"product_cat","embeddable":true,"href":"https:\/\/itwgse.com\/de\/wp-json\/wp\/v2\/product_cat?post=45209"},{"taxonomy":"product_tag","embeddable":true,"href":"https:\/\/itwgse.com\/de\/wp-json\/wp\/v2\/product_tag?post=45209"}],"curies":[{"name":"wp","href":"https:\/\/api.w.org\/{rel}","templated":true}]}}