{"id":28647,"date":"2026-02-24T14:00:49","date_gmt":"2026-02-24T13:00:49","guid":{"rendered":"https:\/\/itwgse.com\/itw-gse-connect\/"},"modified":"2026-04-13T16:43:22","modified_gmt":"2026-04-13T14:43:22","slug":"itw-gse-connect","status":"publish","type":"page","link":"https:\/\/itwgse.com\/es\/itw-gse-connect\/","title":{"rendered":"ITW GSE Connect"},"content":{"rendered":"<div id=\"pl-28647\"  class=\"panel-layout\" ><div id=\"pg-28647-0\"  class=\"panel-grid panel-no-style\" ><div id=\"pgc-28647-0-0\"  class=\"panel-grid-cell\" ><div id=\"panel-28647-0-0-0\" class=\"so-panel widget widget_mtt-cover-section panel-first-child\" data-index=\"0\" ><div\n\t\t\t\n\t\t\tclass=\"so-widget-mtt-cover-section so-widget-mtt-cover-section-base\"\n\t\t\t\n\t\t>\n<div class=\"mtt-cover-section-wrap compact extra-small\">\n\t<div class=\"mtt-cover-curve\">\n\t\t<img decoding=\"async\"  src=\"https:\/\/itwgse.com\/wp-content\/themes\/mtt-standard-theme\/assets\/img\/cover\/itwgse_cut.svg\">\t<\/div>\n    <div class=\"mtt-cover-compact-background object-fit\">\n                            <div class=\"mtt-cover-compact-image object-fit contain\">\n                <img decoding=\"async\"\n                    src=\"https:\/\/itwgse.com\/wp-content\/uploads\/2023\/04\/connect-app-cover-image.png\"\n                    data-skip-lazy\n                    alt=\"\"\n                >\n            <\/div>\n                    <\/div>\n    <div class=\"mtt-cover-compact-container\">\n        <div class=\"mtt-cover-section-text\">\n            <h1>ITW GSE Connect<\/h1>\n                                <div class=\"text\"><p>\u00a1Seguimiento en directo de tu ITW GSE 7400 m\u00f3vil!<\/p>\n<p>Saca el m\u00e1ximo partido a tus eGPU y consulta el nivel de bater\u00eda, la ubicaci\u00f3n exacta y cu\u00e1ndo es el momento de reservar el mantenimiento.<\/p>\n<\/div>\n                            <\/div>\n    <\/div>\n<\/div>\n<\/div><\/div><div id=\"panel-28647-0-0-1\" class=\"so-panel widget widget_mtt-text-image\" data-index=\"1\" ><div\n\t\t\t\n\t\t\tclass=\"so-widget-mtt-text-image so-widget-mtt-text-image-base\"\n\t\t\t\n\t\t>\n<div class=\"mtt-text-image-wrap no-bottom-padding less-top-padding\">\n        <!-- Content -->\n    <div class=\"mtt-text-image-container\">\n        <div class=\"mtt-text-image-col\">\n            <div class=\"mtt-text-image-content formatted_content\">\n                                <h2>\u00a1Livetrack de tus eGPUs 24\/7!<\/h2>\n                <p>ITW GSE Connect no s\u00f3lo te indica el nivel de carga y la ubicaci\u00f3n exacta de tu eGPU, sino que tambi\u00e9n te permite saber cu\u00e1ndo es el momento de reservar una revisi\u00f3n de mantenimiento. Se trata de una informaci\u00f3n muy valiosa para garantizar el m\u00e1ximo tiempo de actividad de tu equipo m\u00f3vil. <\/p>\n<p>ITW GSE Connect es una opci\u00f3n de la familia 7400 eGPU: \u00bfquieres saber m\u00e1s?<\/p>\n\n                                    <div class=\"button-wrap\">\n                                                    <a href=\"https:\/\/itwgse.com\/our-team\/?employee_department%5B0%5D=sales\" class=\"button\">\n                                Contacta con el equipo de Ventas                            <\/a>\n                                            <\/div>\n                            <\/div>\n        <\/div>\n                    <div class=\"mtt-text-image-col img center\">\n                <div class=\"mtt-text-image-content\">\n                    <img loading=\"lazy\" decoding=\"async\" width=\"562\" height=\"415\" src=\"https:\/\/itwgse.com\/wp-content\/uploads\/2023\/04\/connect-portal-fritskrabet.png\" class=\"attachment-full size-full\" alt=\"connect portal\" srcset=\"https:\/\/itwgse.com\/wp-content\/uploads\/2023\/04\/connect-portal-fritskrabet.png 562w, https:\/\/itwgse.com\/wp-content\/uploads\/2023\/04\/connect-portal-fritskrabet-300x222.png 300w\" sizes=\"auto, (max-width: 562px) 100vw, 562px\" \/>                \n                    \n                    \n                <\/div>\n            <\/div>\n            <\/div>\n<\/div>\n\n<script>\nfunction sendEvent(action, element) {\n    var videoTitle = jQuery(element).data('title');  \n\n    if (dataLayer && videoTitle) {\n        dataLayer.push({\n            'event': 'video',\n            'eventCategory': 'Video',\n            'eventAction': action,\n            'eventLabel': videoTitle\n        });\n    }\n    else if (ga && videoTitle) {\n        ga('send', 'event', 'Video', action, videoTitle);\n    }  \n}\n<\/script>\n<\/div><\/div><div id=\"panel-28647-0-0-2\" class=\"so-panel widget widget_mtt-text-image\" data-index=\"2\" ><div\n\t\t\t\n\t\t\tclass=\"so-widget-mtt-text-image so-widget-mtt-text-image-base\"\n\t\t\t\n\t\t>\n<div class=\"mtt-text-image-wrap flip no-top-padding no-bottom-padding\">\n        <!-- Content -->\n    <div class=\"mtt-text-image-container\">\n        <div class=\"mtt-text-image-col\">\n            <div class=\"mtt-text-image-content formatted_content\">\n                                <h2>F\u00e1cil acceso<\/h2>\n                <p>Para facilitarte la asistencia en tierra, hemos creado una aplicaci\u00f3n que contiene toda la informaci\u00f3n que necesitas saber para las operaciones diarias.<\/p>\n<p>Puedes acceder a la informaci\u00f3n a trav\u00e9s de la aplicaci\u00f3n ITW GSE Connect en tu smartphone o <a href=\"https:\/\/dataportal.proemion.com\/login\">iniciando sesi\u00f3n en l\u00ednea<\/a> a trav\u00e9s de un ordenador de sobremesa.<\/p>\n\n                                    <div class=\"button-wrap\">\n                                                    <a href=\"https:\/\/play.google.com\/store\/apps\/details?id=com.proemion.machinecompanion.itw\" class=\"button\">\n                                Google Play - Andriod                            <\/a>\n                                                    <a href=\"https:\/\/apps.apple.com\/pl\/app\/itw-gse-connect\/id1592828293\" class=\"button\">\n                                App Store - iPhone                            <\/a>\n                                            <\/div>\n                            <\/div>\n        <\/div>\n                    <div class=\"mtt-text-image-col img center\">\n                <div class=\"mtt-text-image-content\">\n                    <img loading=\"lazy\" decoding=\"async\" width=\"824\" height=\"520\" src=\"https:\/\/itwgse.com\/wp-content\/uploads\/2022\/08\/connect-app-3.png\" class=\"attachment-full size-full\" alt=\"itw gse connect app\" srcset=\"https:\/\/itwgse.com\/wp-content\/uploads\/2022\/08\/connect-app-3.png 824w, https:\/\/itwgse.com\/wp-content\/uploads\/2022\/08\/connect-app-3-300x189.png 300w\" sizes=\"auto, (max-width: 824px) 100vw, 824px\" \/>                \n                    \n                    \n                <\/div>\n            <\/div>\n            <\/div>\n<\/div>\n\n<script>\nfunction sendEvent(action, element) {\n    var videoTitle = jQuery(element).data('title');  \n\n    if (dataLayer && videoTitle) {\n        dataLayer.push({\n            'event': 'video',\n            'eventCategory': 'Video',\n            'eventAction': action,\n            'eventLabel': videoTitle\n        });\n    }\n    else if (ga && videoTitle) {\n        ga('send', 'event', 'Video', action, videoTitle);\n    }  \n}\n<\/script>\n<\/div><\/div><div id=\"panel-28647-0-0-3\" class=\"so-panel widget widget_mtt-text-image\" data-index=\"3\" ><div\n\t\t\t\n\t\t\tclass=\"so-widget-mtt-text-image so-widget-mtt-text-image-base\"\n\t\t\t\n\t\t>\n<div class=\"mtt-text-image-wrap no-top-padding no-bottom-padding\">\n        <!-- Content -->\n    <div class=\"mtt-text-image-container\">\n        <div class=\"mtt-text-image-col\">\n            <div class=\"mtt-text-image-content formatted_content\">\n                                <h2>Flexibilidad total con ITW GSE Connect<\/h2>\n                <p>Puedes configurar varios tipos de usuario y gestionar qui\u00e9n tiene acceso a la distinta informaci\u00f3n.<\/p>\n<p><strong>ITW GSE Connect te permite:<\/strong><\/p>\n<ul>\n<li>Gestiona tu flota de eGPU<\/li>\n<li>Encuentra tus unidades individuales<\/li>\n<li>Establece una geo-valla (seguimiento GPS)<\/li>\n<li>Ver el estado de la bater\u00eda<\/li>\n<li>Recibe notificaciones de alarma de fallo (texto\/email)<\/li>\n<li>Crear informes<\/li>\n<li>Crea el panel y los temas de tu empresa<\/li>\n<li>Configura diferentes niveles de usuario<\/li>\n<\/ul>\n\n                            <\/div>\n        <\/div>\n                    <div class=\"mtt-text-image-col img center\">\n                <div class=\"mtt-text-image-content\">\n                    <img loading=\"lazy\" decoding=\"async\" width=\"1576\" height=\"716\" src=\"https:\/\/itwgse.com\/wp-content\/uploads\/2023\/05\/advantages-for-connect-portal.jpg\" class=\"attachment-full size-full\" alt=\"the advantages of itw gse&#039;s connect live tracking program\" srcset=\"https:\/\/itwgse.com\/wp-content\/uploads\/2023\/05\/advantages-for-connect-portal.jpg 1576w, https:\/\/itwgse.com\/wp-content\/uploads\/2023\/05\/advantages-for-connect-portal-300x136.jpg 300w, https:\/\/itwgse.com\/wp-content\/uploads\/2023\/05\/advantages-for-connect-portal-1024x465.jpg 1024w\" sizes=\"auto, (max-width: 1576px) 100vw, 1576px\" \/>                \n                    \n                    \n                <\/div>\n            <\/div>\n            <\/div>\n<\/div>\n\n<script>\nfunction sendEvent(action, element) {\n    var videoTitle = jQuery(element).data('title');  \n\n    if (dataLayer && videoTitle) {\n        dataLayer.push({\n            'event': 'video',\n            'eventCategory': 'Video',\n            'eventAction': action,\n            'eventLabel': videoTitle\n        });\n    }\n    else if (ga && videoTitle) {\n        ga('send', 'event', 'Video', action, videoTitle);\n    }  \n}\n<\/script>\n<\/div><\/div><div id=\"panel-28647-0-0-4\" class=\"so-panel widget widget_mtt-one-col-text\" data-index=\"4\" ><div\n\t\t\t\n\t\t\tclass=\"so-widget-mtt-one-col-text so-widget-mtt-one-col-text-base\"\n\t\t\t\n\t\t>\n<div class=\"mtt-two-col-wrapper no-bottom-padding no-top-padding\">\n    <div class=\"mtt-two-col-container\">\n        <div class=\"mtt-two-col-content formatted_content has-title-one\">\n\t\t\t                <h2>ITW GSE Connect - disponible para eGPUs:<\/h2>\n                        <div class=\"text-section one-col\">\n                <p>ITW GSE Connect est\u00e1 disponible para las eGPU m\u00f3viles 7400:<\/p>\n            <\/div>\n\n            \n                        <\/div>\n    <\/div>\n<\/div>\n<\/div><\/div><div id=\"panel-28647-0-0-5\" class=\"so-panel widget widget_mtt-product-loop\" data-index=\"5\" ><div\n\t\t\t\n\t\t\tclass=\"so-widget-mtt-product-loop so-widget-mtt-product-loop-base\"\n\t\t\t\n\t\t>\n\n<div class=\"mtt-product-loop-wrap \">\n    <div class=\"mtt-product-loop-container filter-bar-content\">\n                    <ul class=\"mtt-product-loop-grid\">\n                                        <li class=\"post-8588 product type-product status-publish has-post-thumbnail product_cat-brochure-catalog-es product_cat-green-products-es product_cat-military-products-es product_cat-potencia product_cat-productos-egse product_cat-productos-habilitados-para-la-conexion product_tag-400-hz-i product_tag-7400-egpu product_tag-7400-gpu product_tag-egpu product_tag-gpu product_tag-gpu-accionada-por-bateria product_tag-itw-gse-7400-egpu product_tag-itw-gse-gpu-es product_tag-potencia-de-tierra-del-avion first instock shipping-taxable purchasable product-type-simple\">\n        <a href=\"https:\/\/itwgse.com\/es\/productos\/potencia\/la-egpu-itw-gse-7400\/\" class=\"woocommerce-LoopProduct-link woocommerce-loop-product__link\">\n\n            <div class=\"product-image-wrap\">\n                <div class=\"product-image-container\">\n                    <div class=\"product-image-center\">\n                                                <div class=\"product-image\">\n                            <img loading=\"lazy\" decoding=\"async\" width=\"300\" height=\"173\" src=\"https:\/\/itwgse.com\/wp-content\/uploads\/2018\/06\/ITW_GSE_7400_Mark_II_3d_flipped_pointing-right_okt2022-2-300x173.png\" class=\"attachment-300x250x size-300x250x\" alt=\"7400 400 Hz Mayo2024\" srcset=\"https:\/\/itwgse.com\/wp-content\/uploads\/2018\/06\/ITW_GSE_7400_Mark_II_3d_flipped_pointing-right_okt2022-2-300x173.png 300w, https:\/\/itwgse.com\/wp-content\/uploads\/2018\/06\/ITW_GSE_7400_Mark_II_3d_flipped_pointing-right_okt2022-2-1024x590.png 1024w, https:\/\/itwgse.com\/wp-content\/uploads\/2018\/06\/ITW_GSE_7400_Mark_II_3d_flipped_pointing-right_okt2022-2-768x443.png 768w, https:\/\/itwgse.com\/wp-content\/uploads\/2018\/06\/ITW_GSE_7400_Mark_II_3d_flipped_pointing-right_okt2022-2-750x432.png 750w, https:\/\/itwgse.com\/wp-content\/uploads\/2018\/06\/ITW_GSE_7400_Mark_II_3d_flipped_pointing-right_okt2022-2-150x86.png 150w, https:\/\/itwgse.com\/wp-content\/uploads\/2018\/06\/ITW_GSE_7400_Mark_II_3d_flipped_pointing-right_okt2022-2-360x208.png 360w, https:\/\/itwgse.com\/wp-content\/uploads\/2018\/06\/ITW_GSE_7400_Mark_II_3d_flipped_pointing-right_okt2022-2-600x346.png 600w\" sizes=\"auto, (max-width: 300px) 100vw, 300px\" \/>                        <\/div>\n                    <\/div>\n                <\/div>\n            <\/div>\n\n            <div class=\"product-content-wrap\">\n                <h2>ITW GSE 7400 eGPU<\/h2>\n                <p>\n                    La ITW GSE 7400 eGPU, alimentada por bater\u00eda, es ideal para puertas y hangares sin instalaciones fijas de 400 Hz. Esta GPU de tierra alimentada por bater\u00eda supone un cambio en la b\u00fasqueda de la reducci\u00f3n del impacto medioambiental de los aeropuertos.                <\/p>\n            <\/div>\n        <\/a>\n        <div class=\"button-wrap\">\n            <a href=\"https:\/\/itwgse.com\/es\/productos\/potencia\/la-egpu-itw-gse-7400\/\" class=\"button\">Ver Producto<\/a>\n        <\/div>\n    <\/li>\n                                            <li class=\"post-8590 product type-product status-publish has-post-thumbnail product_cat-brochure-catalog-es product_cat-green-products-es product_cat-military-products-es product_cat-potencia product_cat-productos-egse product_cat-productos-habilitados-para-la-conexion product_tag-28-vcc product_tag-bateria-28-vdc product_tag-gpu product_tag-gpu-accionada-por-bateria product_tag-itw-gse-7400-jetex product_tag-jetex-7400 product_tag-potencia-de-tierra-del-avion  instock shipping-taxable purchasable product-type-simple\">\n        <a href=\"https:\/\/itwgse.com\/es\/productos\/potencia\/egpu-itw-gse-7400-jetex-de-28-v-cc\/\" class=\"woocommerce-LoopProduct-link woocommerce-loop-product__link\">\n\n            <div class=\"product-image-wrap\">\n                <div class=\"product-image-container\">\n                    <div class=\"product-image-center\">\n                                                <div class=\"product-image\">\n                            <img loading=\"lazy\" decoding=\"async\" width=\"300\" height=\"169\" src=\"https:\/\/itwgse.com\/wp-content\/uploads\/2019\/10\/7400_jetex_beacons-300x169.png\" class=\"attachment-300x250x size-300x250x\" alt=\"itw gse, itwgse, itwgse 7400, itwgse 7400 jetex, gpu accionada por bater\u00eda, gpu para aeronaves, gpu para l\u00edneas a\u00e9reas, gpu para hangares, Unidades de alimentaci\u00f3n en tierra\" srcset=\"https:\/\/itwgse.com\/wp-content\/uploads\/2019\/10\/7400_jetex_beacons-300x169.png 300w, https:\/\/itwgse.com\/wp-content\/uploads\/2019\/10\/7400_jetex_beacons-1024x576.png 1024w, https:\/\/itwgse.com\/wp-content\/uploads\/2019\/10\/7400_jetex_beacons-1200x675.png 1200w, https:\/\/itwgse.com\/wp-content\/uploads\/2019\/10\/7400_jetex_beacons-750x422.png 750w, https:\/\/itwgse.com\/wp-content\/uploads\/2019\/10\/7400_jetex_beacons-768x432.png 768w, https:\/\/itwgse.com\/wp-content\/uploads\/2019\/10\/7400_jetex_beacons-600x338.png 600w\" sizes=\"auto, (max-width: 300px) 100vw, 300px\" \/>                        <\/div>\n                    <\/div>\n                <\/div>\n            <\/div>\n\n            <div class=\"product-content-wrap\">\n                <h2>ITW GSE 7400 JetEx 28 VDC eGPU<\/h2>\n                <p>\n                    Esta unidad de alimentaci\u00f3n de tierra alimentada por bater\u00eda es igualmente ideal para hangares y para uso remoto.\n\nA diferencia de otras GPU de bater\u00eda de 28 VCC del mercado, la 7400 eGPU tiene una capacidad de bater\u00eda muy alta que permite utilizarla durante d\u00edas antes de tener que recargarla.                <\/p>\n            <\/div>\n        <\/a>\n        <div class=\"button-wrap\">\n            <a href=\"https:\/\/itwgse.com\/es\/productos\/potencia\/egpu-itw-gse-7400-jetex-de-28-v-cc\/\" class=\"button\">Ver Producto<\/a>\n        <\/div>\n    <\/li>\n                                <\/ul>\n            <\/div>\n<\/div>\n\n<\/div><\/div><div id=\"panel-28647-0-0-6\" class=\"so-panel widget widget_mtt-customer-support panel-last-child\" data-index=\"6\" ><div\n\t\t\t\n\t\t\tclass=\"so-widget-mtt-customer-support so-widget-mtt-customer-support-base\"\n\t\t\t\n\t\t>\n<div class=\"mtt-text-image-wrap less-top-padding less-bottom-padding grey-bg\">\n        <!-- Content -->\n    <div class=\"mtt-text-image-container\">\n        <div class=\"mtt-text-image-col\">\n            <div class=\"mtt-text-image-content formatted_content\">\n                                <h2>Atenci\u00f3n al cliente<\/h2>\n                <p><strong>\u00bfC\u00f3mo le podemos ayudar?<\/strong><\/p>\n<p>\u00bfNecesita esquemas, cat\u00e1logos de repuestos o v\u00eddeos de instrucciones?<\/p>\n<p>Use el bot\u00f3n \u201cAsistencia con el producto\u201d. \u00bfTiene preguntas para el equipo de atenci\u00f3n al cliente? Use el bot\u00f3n \u201cContacto con atenci\u00f3n al cliente\u201d. Si tiene alguna duda con respecto a un producto concreto, proporci\u00f3nenos el n\u00famero de serie del producto.<\/p>\n\n                                    <div class=\"button-wrap\">\n                                                    <a href=\"https:\/\/itwgse.com\/es\/support-and-service\/\" class=\"button\">\n                                Asistencia con el producto                            <\/a>\n                                                    <a href=\"https:\/\/itwgse.com\/es\/contacto\/\" class=\"button\">\n                                Contactar con Atenci\u00f3n al cliente                            <\/a>\n                                            <\/div>\n                            <\/div>\n        <\/div>\n                    <div class=\"mtt-text-image-col img center\">\n                <div class=\"mtt-text-image-content\">\n                    <img loading=\"lazy\" decoding=\"async\" width=\"1800\" height=\"1023\" src=\"https:\/\/itwgse.com\/wp-content\/uploads\/2018\/06\/ITWGSE_hero_cleanest-1.jpg\" class=\"attachment-full size-full\" alt=\"7400 low noice JK\" srcset=\"https:\/\/itwgse.com\/wp-content\/uploads\/2018\/06\/ITWGSE_hero_cleanest-1.jpg 1800w, https:\/\/itwgse.com\/wp-content\/uploads\/2018\/06\/ITWGSE_hero_cleanest-1-300x171.jpg 300w, https:\/\/itwgse.com\/wp-content\/uploads\/2018\/06\/ITWGSE_hero_cleanest-1-1024x582.jpg 1024w\" sizes=\"auto, (max-width: 1800px) 100vw, 1800px\" \/>                \n                    \n                    \n                <\/div>\n            <\/div>\n            <\/div>\n<\/div>\n\n<script>\nfunction sendEvent(action, element) {\n    var videoTitle = jQuery(element).data('title');  \n\n    if (dataLayer && videoTitle) {\n        dataLayer.push({\n            'event': 'video',\n            'eventCategory': 'Video',\n            'eventAction': action,\n            'eventLabel': videoTitle\n        });\n    }\n    else if (ga && videoTitle) {\n        ga('send', 'event', 'Video', action, videoTitle);\n    }  \n}\n<\/script>\n<\/div><\/div><\/div><\/div><\/div>","protected":false},"excerpt":{"rendered":"<p>ITW GSE Connect \u00a1Seguimiento en directo de tu ITW GSE 7400 m\u00f3vil! Saca el m\u00e1ximo partido a tus eGPU y consulta el nivel de&#8230;<\/p>\n","protected":false},"author":11,"featured_media":0,"parent":0,"menu_order":98,"comment_status":"closed","ping_status":"closed","template":"","meta":{"_acf_changed":false,"_relevanssi_hide_post":"","_relevanssi_hide_content":"","_relevanssi_pin_for_all":"","_relevanssi_pin_keywords":"","_relevanssi_unpin_keywords":"","_relevanssi_related_keywords":"","_relevanssi_related_include_ids":"","_relevanssi_related_exclude_ids":"","_relevanssi_related_no_append":"","_relevanssi_related_not_related":"","_relevanssi_related_posts":"","_relevanssi_noindex_reason":"","footnotes":""},"class_list":["post-28647","page","type-page","status-publish","hentry"],"acf":[],"yoast_head":"<!-- This site is optimized with the Yoast SEO plugin v27.0 - https:\/\/yoast.com\/product\/yoast-seo-wordpress\/ -->\n<title>ITW GSE Connect - ITW GSE<\/title>\n<meta name=\"robots\" content=\"index, follow, max-snippet:-1, max-image-preview:large, max-video-preview:-1\" \/>\n<link rel=\"canonical\" href=\"https:\/\/itwgse.com\/es\/itw-gse-connect\/\" \/>\n<meta property=\"og:locale\" content=\"es_ES\" \/>\n<meta property=\"og:type\" content=\"article\" \/>\n<meta property=\"og:title\" content=\"ITW GSE Connect - ITW GSE\" \/>\n<meta property=\"og:description\" content=\"ITW GSE Connect \u00a1Seguimiento en directo de tu ITW GSE 7400 m\u00f3vil! Saca el m\u00e1ximo partido a tus eGPU y consulta el nivel de...\" \/>\n<meta property=\"og:url\" content=\"https:\/\/itwgse.com\/es\/itw-gse-connect\/\" \/>\n<meta property=\"og:site_name\" content=\"ITW GSE\" \/>\n<meta property=\"article:publisher\" content=\"https:\/\/www.facebook.com\/ITWGSE\/\" \/>\n<meta property=\"article:modified_time\" content=\"2026-04-13T14:43:22+00:00\" \/>\n<meta name=\"twitter:card\" content=\"summary_large_image\" \/>\n<script type=\"application\/ld+json\" class=\"yoast-schema-graph\">{\"@context\":\"https:\/\/schema.org\",\"@graph\":[{\"@type\":\"WebPage\",\"@id\":\"https:\/\/itwgse.com\/es\/itw-gse-connect\/\",\"url\":\"https:\/\/itwgse.com\/es\/itw-gse-connect\/\",\"name\":\"ITW GSE Connect - ITW GSE\",\"isPartOf\":{\"@id\":\"https:\/\/itwgse.com\/#website\"},\"datePublished\":\"2026-02-24T13:00:49+00:00\",\"dateModified\":\"2026-04-13T14:43:22+00:00\",\"breadcrumb\":{\"@id\":\"https:\/\/itwgse.com\/es\/itw-gse-connect\/#breadcrumb\"},\"inLanguage\":\"es\",\"potentialAction\":[{\"@type\":\"ReadAction\",\"target\":[\"https:\/\/itwgse.com\/es\/itw-gse-connect\/\"]}]},{\"@type\":\"BreadcrumbList\",\"@id\":\"https:\/\/itwgse.com\/es\/itw-gse-connect\/#breadcrumb\",\"itemListElement\":[{\"@type\":\"ListItem\",\"position\":1,\"name\":\"Home\",\"item\":\"https:\/\/itwgse.com\/es\/home\/\"},{\"@type\":\"ListItem\",\"position\":2,\"name\":\"ITW GSE Connect\"}]},{\"@type\":\"WebSite\",\"@id\":\"https:\/\/itwgse.com\/#website\",\"url\":\"https:\/\/itwgse.com\/\",\"name\":\"ITW GSE\",\"description\":\"It&#039;s all about connections\",\"publisher\":{\"@id\":\"https:\/\/itwgse.com\/#organization\"},\"potentialAction\":[{\"@type\":\"SearchAction\",\"target\":{\"@type\":\"EntryPoint\",\"urlTemplate\":\"https:\/\/itwgse.com\/?s={search_term_string}\"},\"query-input\":{\"@type\":\"PropertyValueSpecification\",\"valueRequired\":true,\"valueName\":\"search_term_string\"}}],\"inLanguage\":\"es\"},{\"@type\":\"Organization\",\"@id\":\"https:\/\/itwgse.com\/#organization\",\"name\":\"ITW GSE\",\"url\":\"https:\/\/itwgse.com\/\",\"logo\":{\"@type\":\"ImageObject\",\"inLanguage\":\"es\",\"@id\":\"https:\/\/itwgse.com\/#\/schema\/logo\/image\/\",\"url\":\"https:\/\/itwgse.com\/wp-content\/uploads\/2018\/11\/logo.png\",\"contentUrl\":\"https:\/\/itwgse.com\/wp-content\/uploads\/2018\/11\/logo.png\",\"width\":302,\"height\":237,\"caption\":\"ITW GSE\"},\"image\":{\"@id\":\"https:\/\/itwgse.com\/#\/schema\/logo\/image\/\"},\"sameAs\":[\"https:\/\/www.facebook.com\/ITWGSE\/\",\"https:\/\/www.linkedin.com\/company\/itw-gse\/\",\"https:\/\/www.youtube.com\/channel\/UCTUIMvyaOPfYIqzP8enZ8yw\"]}]}<\/script>\n<!-- \/ Yoast SEO plugin. -->","yoast_head_json":{"title":"ITW GSE Connect - ITW GSE","robots":{"index":"index","follow":"follow","max-snippet":"max-snippet:-1","max-image-preview":"max-image-preview:large","max-video-preview":"max-video-preview:-1"},"canonical":"https:\/\/itwgse.com\/es\/itw-gse-connect\/","og_locale":"es_ES","og_type":"article","og_title":"ITW GSE Connect - ITW GSE","og_description":"ITW GSE Connect \u00a1Seguimiento en directo de tu ITW GSE 7400 m\u00f3vil! Saca el m\u00e1ximo partido a tus eGPU y consulta el nivel de...","og_url":"https:\/\/itwgse.com\/es\/itw-gse-connect\/","og_site_name":"ITW GSE","article_publisher":"https:\/\/www.facebook.com\/ITWGSE\/","article_modified_time":"2026-04-13T14:43:22+00:00","twitter_card":"summary_large_image","schema":{"@context":"https:\/\/schema.org","@graph":[{"@type":"WebPage","@id":"https:\/\/itwgse.com\/es\/itw-gse-connect\/","url":"https:\/\/itwgse.com\/es\/itw-gse-connect\/","name":"ITW GSE Connect - ITW GSE","isPartOf":{"@id":"https:\/\/itwgse.com\/#website"},"datePublished":"2026-02-24T13:00:49+00:00","dateModified":"2026-04-13T14:43:22+00:00","breadcrumb":{"@id":"https:\/\/itwgse.com\/es\/itw-gse-connect\/#breadcrumb"},"inLanguage":"es","potentialAction":[{"@type":"ReadAction","target":["https:\/\/itwgse.com\/es\/itw-gse-connect\/"]}]},{"@type":"BreadcrumbList","@id":"https:\/\/itwgse.com\/es\/itw-gse-connect\/#breadcrumb","itemListElement":[{"@type":"ListItem","position":1,"name":"Home","item":"https:\/\/itwgse.com\/es\/home\/"},{"@type":"ListItem","position":2,"name":"ITW GSE Connect"}]},{"@type":"WebSite","@id":"https:\/\/itwgse.com\/#website","url":"https:\/\/itwgse.com\/","name":"ITW GSE","description":"It&#039;s all about connections","publisher":{"@id":"https:\/\/itwgse.com\/#organization"},"potentialAction":[{"@type":"SearchAction","target":{"@type":"EntryPoint","urlTemplate":"https:\/\/itwgse.com\/?s={search_term_string}"},"query-input":{"@type":"PropertyValueSpecification","valueRequired":true,"valueName":"search_term_string"}}],"inLanguage":"es"},{"@type":"Organization","@id":"https:\/\/itwgse.com\/#organization","name":"ITW GSE","url":"https:\/\/itwgse.com\/","logo":{"@type":"ImageObject","inLanguage":"es","@id":"https:\/\/itwgse.com\/#\/schema\/logo\/image\/","url":"https:\/\/itwgse.com\/wp-content\/uploads\/2018\/11\/logo.png","contentUrl":"https:\/\/itwgse.com\/wp-content\/uploads\/2018\/11\/logo.png","width":302,"height":237,"caption":"ITW GSE"},"image":{"@id":"https:\/\/itwgse.com\/#\/schema\/logo\/image\/"},"sameAs":["https:\/\/www.facebook.com\/ITWGSE\/","https:\/\/www.linkedin.com\/company\/itw-gse\/","https:\/\/www.youtube.com\/channel\/UCTUIMvyaOPfYIqzP8enZ8yw"]}]}},"_links":{"self":[{"href":"https:\/\/itwgse.com\/es\/wp-json\/wp\/v2\/pages\/28647","targetHints":{"allow":["GET"]}}],"collection":[{"href":"https:\/\/itwgse.com\/es\/wp-json\/wp\/v2\/pages"}],"about":[{"href":"https:\/\/itwgse.com\/es\/wp-json\/wp\/v2\/types\/page"}],"author":[{"embeddable":true,"href":"https:\/\/itwgse.com\/es\/wp-json\/wp\/v2\/users\/11"}],"replies":[{"embeddable":true,"href":"https:\/\/itwgse.com\/es\/wp-json\/wp\/v2\/comments?post=28647"}],"version-history":[{"count":1,"href":"https:\/\/itwgse.com\/es\/wp-json\/wp\/v2\/pages\/28647\/revisions"}],"predecessor-version":[{"id":45631,"href":"https:\/\/itwgse.com\/es\/wp-json\/wp\/v2\/pages\/28647\/revisions\/45631"}],"wp:attachment":[{"href":"https:\/\/itwgse.com\/es\/wp-json\/wp\/v2\/media?parent=28647"}],"curies":[{"name":"wp","href":"https:\/\/api.w.org\/{rel}","templated":true}]}}