{"id":28650,"date":"2026-02-24T14:00:53","date_gmt":"2026-02-24T13:00:53","guid":{"rendered":"https:\/\/itwgse.com\/especificaciones-para-3500-pca-movil\/"},"modified":"2026-03-30T15:18:43","modified_gmt":"2026-03-30T13:18:43","slug":"especificaciones-para-3500-pca-movil","status":"publish","type":"page","link":"https:\/\/itwgse.com\/es\/especificaciones-para-3500-pca-movil\/","title":{"rendered":"Especificaciones para 3500 PCA m\u00f3vil"},"content":{"rendered":"<div id=\"pl-28650\"  class=\"panel-layout\" ><div id=\"pg-28650-0\"  class=\"panel-grid panel-no-style\" ><div id=\"pgc-28650-0-0\"  class=\"panel-grid-cell\" ><div id=\"panel-28650-0-0-0\" class=\"so-panel widget widget_mtt-cover-section panel-first-child\" data-index=\"0\" ><div\n\t\t\t\n\t\t\tclass=\"so-widget-mtt-cover-section so-widget-mtt-cover-section-base\"\n\t\t\t\n\t\t>\n<div class=\"mtt-cover-section-wrap compact extra-small\">\n\t<div class=\"mtt-cover-curve\">\n\t\t<img decoding=\"async\"  src=\"https:\/\/itwgse.com\/wp-content\/themes\/mtt-standard-theme\/assets\/img\/cover\/itwgse_cut.svg\">\t<\/div>\n    <div class=\"mtt-cover-compact-background object-fit\">\n                            <div class=\"mtt-cover-compact-image object-fit contain\">\n                <img decoding=\"async\"\n                    src=\"https:\/\/itwgse.com\/wp-content\/uploads\/2025\/08\/itw-gse-3500-PCA-6-edited-scaled.jpg\"\n                    data-skip-lazy\n                    alt=\"\"\n                >\n            <\/div>\n                    <\/div>\n    <div class=\"mtt-cover-compact-container\">\n        <div class=\"mtt-cover-section-text\">\n            <h1>Especificaciones para 3500 PCA m\u00f3vil<\/h1>\n                                <div class=\"text\"><p>Para el ITW GSE 3500 Mobile PCA 150 y 210<\/p>\n<\/div>\n                            <\/div>\n    <\/div>\n<\/div>\n<\/div><\/div><div id=\"panel-28650-0-0-1\" class=\"so-panel widget widget_mtt-two-col-text\" data-index=\"1\" ><div\n\t\t\t\n\t\t\tclass=\"so-widget-mtt-two-col-text so-widget-mtt-two-col-text-base\"\n\t\t\t\n\t\t>\n<div class=\"mtt-two-col-wrapper no-bottom-padding\">\n    <div class=\"mtt-two-col-container\">\n        <div class=\"mtt-two-col-content\">\n                        <div class=\"text-section\">\n                <div class=\"col formatted_content\"><h1>ENTRADA<\/h1>\n<ul>\n<li>Rectificaci\u00f3n: 12 impulsos<\/li>\n<li>Distorsi\u00f3n de la corriente de l\u00ednea: < 10%<\/li>\n<li>Corriente de irrupci\u00f3n: Ninguna, arranque suave<\/li>\n<li>Factor de potencia: >0,97 al 100% de carga<\/li>\n<\/ul>\n<\/div>\n                <div class=\"col formatted_content\"><h1>Salida<\/h1>\n<ul>\n<li>Temperatura del aire de descarga: Hasta 0 \u00b0C \/ 32 \u00b0F, dependiendo de la temperatura ambiente, la humedad relativa y el caudal de aire. Para los c\u00e1lculos de refrigeraci\u00f3n especificados, ponte en contacto con tu Oficina de Ventas Regional. <\/li>\n<\/ul>\n                                    <\/div>\n            <\/div>\n                    <\/div>\n    <\/div>\n<\/div><\/div><\/div><div id=\"panel-28650-0-0-2\" class=\"so-panel widget widget_mtt-two-col-text\" data-index=\"2\" ><div\n\t\t\t\n\t\t\tclass=\"so-widget-mtt-two-col-text so-widget-mtt-two-col-text-base\"\n\t\t\t\n\t\t>\n<div class=\"mtt-two-col-wrapper no-bottom-padding\">\n    <div class=\"mtt-two-col-container\">\n        <div class=\"mtt-two-col-content\">\n                        <div class=\"text-section\">\n                <div class=\"col formatted_content\"><h1>Datos medioambientales<\/h1>\n<ul>\n<li>Temperatura:<br \/>-30\u00b0C a +50\u00b0C (-22\u00b0F a +122\u00b0F)<\/li>\n<li>Humedad relativa: 10-100%, sin condensaci\u00f3n<\/li>\n<li>Nivel de ruido: < 85 dB(A) a 4,6 m<\/li>\n<li>Clase IP: IP54 (Parte electr\u00f3nica)<\/li>\n<\/ul>\n<\/div>\n                <div class=\"col formatted_content\"><h1>Varios<\/h1>\n<ul>\n<li>MTTR: Normalmente 20 minutos<\/li>\n<li>Refrigerantes disponibles: R410A Y R454B<\/li>\n<li>Construcci\u00f3n: Bastidor de acero galvanizado soldado y atornillado<\/li>\n<li>Velocidad m\u00e1xima: 15 km\/h<\/li>\n<\/ul>\n                                    <\/div>\n            <\/div>\n                    <\/div>\n    <\/div>\n<\/div><\/div><\/div><div id=\"panel-28650-0-0-3\" class=\"so-panel widget widget_mtt-two-col-text\" data-index=\"3\" ><div\n\t\t\t\n\t\t\tclass=\"so-widget-mtt-two-col-text so-widget-mtt-two-col-text-base\"\n\t\t\t\n\t\t>\n<div class=\"mtt-two-col-wrapper no-bottom-padding\">\n    <div class=\"mtt-two-col-container\">\n        <div class=\"mtt-two-col-content\">\n                        <div class=\"text-section\">\n                <div class=\"col formatted_content\"><h1>Conformidad con la Directiva<\/h1>\n<ul>\n<li>2004\/108\/CE Directiva CEM<\/li>\n<li>2006\/95\/CE Directiva LVD<\/li>\n<li>2006\/42\/CE Directiva sobre m\u00e1quinas<\/li>\n<\/ul>\n<\/div>\n                <div class=\"col formatted_content\"><h1>Normas y est\u00e1ndares<\/h1>\n<ul>\n<li>EN61000-6-2 EMC - norma de inmunidad<\/li>\n<li>EN61000-6-4 EMC - norma de emisi\u00f3n<\/li>\n<li>Norma de seguridad LVD EN62040-1-1<\/li>\n<li>EN1915-1&2 Maquinaria - requisitos generales de seguridad<\/li>\n<li>EN12312-17 Equipos de apoyo en tierra para aeronaves, requisitos espec\u00edficos<\/li>\n<\/ul>\n                                    <\/div>\n            <\/div>\n                    <\/div>\n    <\/div>\n<\/div><\/div><\/div><div id=\"panel-28650-0-0-4\" class=\"so-panel widget widget_mtt-one-col-text\" data-index=\"4\" ><div\n\t\t\t\n\t\t\tclass=\"so-widget-mtt-one-col-text so-widget-mtt-one-col-text-base\"\n\t\t\t\n\t\t>\n<div class=\"mtt-two-col-wrapper no-bottom-padding\">\n    <div class=\"mtt-two-col-container\">\n        <div class=\"mtt-two-col-content formatted_content has-title-one\">\n\t\t\t                <h2>Opciones disponibles<\/h2>\n                        <div class=\"text-section one-col\">\n                <ul>\n<li>ePM1 70% filtraci\u00f3n fina (EN779: F8 \/ ASHRAE 52.2: MERV 14 eq.)<\/li>\n<li>M\u00f3dulo calefactor extra\u00edble con protecci\u00f3n contra sobretemperatura<\/li>\n<li>Separador de condensados para climas c\u00e1lidos y h\u00famedos<\/li>\n<li>Tapa para m\u00f3dulos (RAL 7035)<\/li>\n<li>Salida \u00fanica de 14\" (s\u00f3lo para PCA 210)<\/li>\n<li>Bobina de aire simple o doble montada sobre dolly<\/li>\n<\/ul>\n            <\/div>\n\n            \n                        <\/div>\n    <\/div>\n<\/div>\n<\/div><\/div><div id=\"panel-28650-0-0-5\" class=\"so-panel widget widget_mtt-one-col-text\" data-index=\"5\" ><div\n\t\t\t\n\t\t\tclass=\"so-widget-mtt-one-col-text so-widget-mtt-one-col-text-base\"\n\t\t\t\n\t\t>\n<div class=\"mtt-two-col-wrapper\">\n    <div class=\"mtt-two-col-container\">\n        <div class=\"mtt-two-col-content formatted_content\">\n\t\t\t            <div class=\"text-section one-col\">\n                <p><img decoding=\"async\" class=\"alignnone wp-image-28314 size-full\" src=\"https:\/\/itwgse.com\/wp-content\/uploads\/2026\/01\/Slide-drawings.png\" alt=\"\" width=\"1813\" height=\"624\" srcset=\"https:\/\/itwgse.com\/wp-content\/uploads\/2026\/01\/Slide-drawings.png 1813w, https:\/\/itwgse.com\/wp-content\/uploads\/2026\/01\/Slide-drawings-300x103.png 300w, https:\/\/itwgse.com\/wp-content\/uploads\/2026\/01\/Slide-drawings-1024x352.png 1024w\" sizes=\"(max-width: 1813px) 100vw, 1813px\" \/><\/p>\n            <\/div>\n\n            \n                        <\/div>\n    <\/div>\n<\/div>\n<\/div><\/div><div id=\"panel-28650-0-0-6\" class=\"so-panel widget widget_mtt-text-image\" data-index=\"6\" ><div\n\t\t\t\n\t\t\tclass=\"so-widget-mtt-text-image so-widget-mtt-text-image-base\"\n\t\t\t\n\t\t>\n<div class=\"mtt-text-image-wrap no-bottom-padding less-top-padding\">\n        <!-- Content -->\n    <div class=\"mtt-text-image-container\">\n        <div class=\"mtt-text-image-col\">\n            <div class=\"mtt-text-image-content formatted_content\">\n                                <h2>Caracter\u00edsticas de serie<\/h2>\n                <ul>\n<li>Regulaci\u00f3n continua mediante VFD en soplante principal, compresores y calefactor<\/li>\n<li>Cambio r\u00e1pido del m\u00f3dulo de refrigeraci\u00f3n<\/li>\n<li>Conductos internos de acero inoxidable<\/li>\n<li>Detector de humos<\/li>\n<li>Medida de la presi\u00f3n de salida y del caudal de aire<\/li>\n<li>Sensores de temperatura del aire (descarga y entrada)<\/li>\n<li>2 sensores de presi\u00f3n y 3 de temperatura, as\u00ed como 1 mirilla en cada circuito de refrigerante<\/li>\n<li>Condensadores de microcanal (aluminio resistente al agua de mar)<\/li>\n<li>ePM10 70% de filtraci\u00f3n media con alarma de obstrucci\u00f3n (EN779: M6 \/ ASHRAE 52.2: MERV 11 eq.)<\/li>\n<li>Compuerta interior de 14\" en la segunda salida<\/li>\n<li>Recubrimiento especial del condensador<\/li>\n<li>Deshielo r\u00e1pido del evaporador<\/li>\n<li>Color: RAL 7035 (est\u00e1ndar) o cualquier otro color RAL bajo pedido<\/li>\n<li>Detector de fugas de refrigerante (s\u00f3lo en unidades con R454B)<\/li>\n<li>Caja de control remoto con pantalla y un solo cable de Comunicaci\u00f3n<\/li>\n<\/ul>\n\n                            <\/div>\n        <\/div>\n                    <div class=\"mtt-text-image-col img center\">\n                <div class=\"mtt-text-image-content\">\n                    <img decoding=\"async\" width=\"2560\" height=\"2226\" src=\"https:\/\/itwgse.com\/wp-content\/uploads\/2026\/01\/mobile-3500-PCA-for-spec-page-scaled.jpeg\" class=\"attachment-full size-full\" alt=\"Trailer-mounted ITW GSE 3500 Mobile PCA parked near a terminal building at an airport, ready for aircraft cooling\" srcset=\"https:\/\/itwgse.com\/wp-content\/uploads\/2026\/01\/mobile-3500-PCA-for-spec-page-scaled.jpeg 2560w, https:\/\/itwgse.com\/wp-content\/uploads\/2026\/01\/mobile-3500-PCA-for-spec-page-300x261.jpeg 300w, https:\/\/itwgse.com\/wp-content\/uploads\/2026\/01\/mobile-3500-PCA-for-spec-page-1024x890.jpeg 1024w, https:\/\/itwgse.com\/wp-content\/uploads\/2026\/01\/mobile-3500-PCA-for-spec-page-851x740.jpeg 851w\" sizes=\"(max-width: 2560px) 100vw, 2560px\" \/>                \n                    \n                    \n                <\/div>\n            <\/div>\n            <\/div>\n<\/div>\n\n<script>\nfunction sendEvent(action, element) {\n    var videoTitle = jQuery(element).data('title');  \n\n    if (dataLayer && videoTitle) {\n        dataLayer.push({\n            'event': 'video',\n            'eventCategory': 'Video',\n            'eventAction': action,\n            'eventLabel': videoTitle\n        });\n    }\n    else if (ga && videoTitle) {\n        ga('send', 'event', 'Video', action, videoTitle);\n    }  \n}\n<\/script>\n<\/div><\/div><div id=\"panel-28650-0-0-7\" class=\"so-panel widget widget_mtt-one-col-text\" data-index=\"7\" ><div\n\t\t\t\n\t\t\tclass=\"so-widget-mtt-one-col-text so-widget-mtt-one-col-text-base\"\n\t\t\t\n\t\t>\n<div class=\"mtt-two-col-wrapper no-top-padding\">\n    <div class=\"mtt-two-col-container\">\n        <div class=\"mtt-two-col-content formatted_content has-title-one\">\n\t\t\t                <h2>Visi\u00f3n general del PCA m\u00f3vil<\/h2>\n                        <div class=\"text-section one-col\">\n                <p><img decoding=\"async\" class=\"aligncenter wp-image-27278 size-full\" src=\"https:\/\/itwgse.com\/wp-content\/uploads\/2025\/08\/3500mobile-specs.png\" alt=\"\" width=\"2644\" height=\"786\" srcset=\"https:\/\/itwgse.com\/wp-content\/uploads\/2025\/08\/3500mobile-specs.png 2644w, https:\/\/itwgse.com\/wp-content\/uploads\/2025\/08\/3500mobile-specs-300x89.png 300w, https:\/\/itwgse.com\/wp-content\/uploads\/2025\/08\/3500mobile-specs-1024x304.png 1024w\" sizes=\"(max-width: 2644px) 100vw, 2644px\" \/><\/p>\n            <\/div>\n\n            \n                        <\/div>\n    <\/div>\n<\/div>\n<\/div><\/div><div id=\"panel-28650-0-0-8\" class=\"so-panel widget widget_mtt-one-col-text panel-last-child\" data-index=\"8\" ><div\n\t\t\t\n\t\t\tclass=\"so-widget-mtt-one-col-text so-widget-mtt-one-col-text-base\"\n\t\t\t\n\t\t>\n<div class=\"mtt-two-col-wrapper\">\n    <div class=\"mtt-two-col-container\">\n        <div class=\"mtt-two-col-content formatted_content has-title-one\">\n\t\t\t                <h2>PCA montado en puente o fijo<\/h2>\n                        <div class=\"text-section one-col\">\n                <p>Puedes encontrar <a href=\"https:\/\/itwgse.com\/products\/air\/itw-gse-3500-pca\/\">informaci\u00f3n sobre el PCA fijo y montado en puente 3500 aqu\u00ed<\/a>.<\/p>\n            <\/div>\n\n            \n                        <\/div>\n    <\/div>\n<\/div>\n<\/div><\/div><\/div><\/div><\/div>","protected":false},"excerpt":{"rendered":"<p>Especificaciones para 3500 PCA m\u00f3vil Para el ITW GSE 3500 Mobile PCA 150 y 210 ENTRADA Rectificaci\u00f3n: 12 impulsos Distorsi\u00f3n de la corriente de&#8230;<\/p>\n","protected":false},"author":11,"featured_media":0,"parent":0,"menu_order":47,"comment_status":"closed","ping_status":"closed","template":"","meta":{"_acf_changed":false,"_relevanssi_hide_post":"","_relevanssi_hide_content":"","_relevanssi_pin_for_all":"","_relevanssi_pin_keywords":"","_relevanssi_unpin_keywords":"","_relevanssi_related_keywords":"","_relevanssi_related_include_ids":"","_relevanssi_related_exclude_ids":"","_relevanssi_related_no_append":"","_relevanssi_related_not_related":"","_relevanssi_related_posts":"","_relevanssi_noindex_reason":"","footnotes":""},"class_list":["post-28650","page","type-page","status-publish","hentry"],"acf":[],"yoast_head":"<!-- This site is optimized with the Yoast SEO plugin v27.0 - https:\/\/yoast.com\/product\/yoast-seo-wordpress\/ -->\n<title>Especificaciones para 3500 PCA m\u00f3vil - ITW GSE<\/title>\n<meta name=\"description\" content=\"Consulta las especificaciones t\u00e9cnicas de la unidad m\u00f3vil ITW GSE 3500 Pre-Conditioned Air.\" \/>\n<meta name=\"robots\" content=\"index, follow, max-snippet:-1, max-image-preview:large, max-video-preview:-1\" \/>\n<link rel=\"canonical\" href=\"https:\/\/itwgse.com\/es\/especificaciones-para-3500-pca-movil\/\" \/>\n<meta property=\"og:locale\" content=\"es_ES\" \/>\n<meta property=\"og:type\" content=\"article\" \/>\n<meta property=\"og:title\" content=\"Especificaciones para 3500 PCA m\u00f3vil - ITW GSE\" \/>\n<meta property=\"og:description\" content=\"Consulta las especificaciones t\u00e9cnicas de la unidad m\u00f3vil ITW GSE 3500 Pre-Conditioned Air.\" \/>\n<meta property=\"og:url\" content=\"https:\/\/itwgse.com\/es\/especificaciones-para-3500-pca-movil\/\" \/>\n<meta property=\"og:site_name\" content=\"ITW GSE\" \/>\n<meta property=\"article:publisher\" content=\"https:\/\/www.facebook.com\/ITWGSE\/\" \/>\n<meta property=\"article:modified_time\" content=\"2026-03-30T13:18:43+00:00\" \/>\n<meta name=\"twitter:card\" content=\"summary_large_image\" \/>\n<script type=\"application\/ld+json\" class=\"yoast-schema-graph\">{\"@context\":\"https:\/\/schema.org\",\"@graph\":[{\"@type\":\"WebPage\",\"@id\":\"https:\/\/itwgse.com\/es\/especificaciones-para-3500-pca-movil\/\",\"url\":\"https:\/\/itwgse.com\/es\/especificaciones-para-3500-pca-movil\/\",\"name\":\"Especificaciones para 3500 PCA m\u00f3vil - ITW GSE\",\"isPartOf\":{\"@id\":\"https:\/\/itwgse.com\/#website\"},\"datePublished\":\"2026-02-24T13:00:53+00:00\",\"dateModified\":\"2026-03-30T13:18:43+00:00\",\"description\":\"Consulta las especificaciones t\u00e9cnicas de la unidad m\u00f3vil ITW GSE 3500 Pre-Conditioned Air.\",\"breadcrumb\":{\"@id\":\"https:\/\/itwgse.com\/es\/especificaciones-para-3500-pca-movil\/#breadcrumb\"},\"inLanguage\":\"es\",\"potentialAction\":[{\"@type\":\"ReadAction\",\"target\":[\"https:\/\/itwgse.com\/es\/especificaciones-para-3500-pca-movil\/\"]}]},{\"@type\":\"BreadcrumbList\",\"@id\":\"https:\/\/itwgse.com\/es\/especificaciones-para-3500-pca-movil\/#breadcrumb\",\"itemListElement\":[{\"@type\":\"ListItem\",\"position\":1,\"name\":\"Home\",\"item\":\"https:\/\/itwgse.com\/es\/home\/\"},{\"@type\":\"ListItem\",\"position\":2,\"name\":\"Especificaciones para 3500 PCA m\u00f3vil\"}]},{\"@type\":\"WebSite\",\"@id\":\"https:\/\/itwgse.com\/#website\",\"url\":\"https:\/\/itwgse.com\/\",\"name\":\"ITW GSE\",\"description\":\"It&#039;s all about connections\",\"publisher\":{\"@id\":\"https:\/\/itwgse.com\/#organization\"},\"potentialAction\":[{\"@type\":\"SearchAction\",\"target\":{\"@type\":\"EntryPoint\",\"urlTemplate\":\"https:\/\/itwgse.com\/?s={search_term_string}\"},\"query-input\":{\"@type\":\"PropertyValueSpecification\",\"valueRequired\":true,\"valueName\":\"search_term_string\"}}],\"inLanguage\":\"es\"},{\"@type\":\"Organization\",\"@id\":\"https:\/\/itwgse.com\/#organization\",\"name\":\"ITW GSE\",\"url\":\"https:\/\/itwgse.com\/\",\"logo\":{\"@type\":\"ImageObject\",\"inLanguage\":\"es\",\"@id\":\"https:\/\/itwgse.com\/#\/schema\/logo\/image\/\",\"url\":\"https:\/\/itwgse.com\/wp-content\/uploads\/2018\/11\/logo.png\",\"contentUrl\":\"https:\/\/itwgse.com\/wp-content\/uploads\/2018\/11\/logo.png\",\"width\":302,\"height\":237,\"caption\":\"ITW GSE\"},\"image\":{\"@id\":\"https:\/\/itwgse.com\/#\/schema\/logo\/image\/\"},\"sameAs\":[\"https:\/\/www.facebook.com\/ITWGSE\/\",\"https:\/\/www.linkedin.com\/company\/itw-gse\/\",\"https:\/\/www.youtube.com\/channel\/UCTUIMvyaOPfYIqzP8enZ8yw\"]}]}<\/script>\n<!-- \/ Yoast SEO plugin. -->","yoast_head_json":{"title":"Especificaciones para 3500 PCA m\u00f3vil - ITW GSE","description":"Consulta las especificaciones t\u00e9cnicas de la unidad m\u00f3vil ITW GSE 3500 Pre-Conditioned Air.","robots":{"index":"index","follow":"follow","max-snippet":"max-snippet:-1","max-image-preview":"max-image-preview:large","max-video-preview":"max-video-preview:-1"},"canonical":"https:\/\/itwgse.com\/es\/especificaciones-para-3500-pca-movil\/","og_locale":"es_ES","og_type":"article","og_title":"Especificaciones para 3500 PCA m\u00f3vil - ITW GSE","og_description":"Consulta las especificaciones t\u00e9cnicas de la unidad m\u00f3vil ITW GSE 3500 Pre-Conditioned Air.","og_url":"https:\/\/itwgse.com\/es\/especificaciones-para-3500-pca-movil\/","og_site_name":"ITW GSE","article_publisher":"https:\/\/www.facebook.com\/ITWGSE\/","article_modified_time":"2026-03-30T13:18:43+00:00","twitter_card":"summary_large_image","schema":{"@context":"https:\/\/schema.org","@graph":[{"@type":"WebPage","@id":"https:\/\/itwgse.com\/es\/especificaciones-para-3500-pca-movil\/","url":"https:\/\/itwgse.com\/es\/especificaciones-para-3500-pca-movil\/","name":"Especificaciones para 3500 PCA m\u00f3vil - ITW GSE","isPartOf":{"@id":"https:\/\/itwgse.com\/#website"},"datePublished":"2026-02-24T13:00:53+00:00","dateModified":"2026-03-30T13:18:43+00:00","description":"Consulta las especificaciones t\u00e9cnicas de la unidad m\u00f3vil ITW GSE 3500 Pre-Conditioned Air.","breadcrumb":{"@id":"https:\/\/itwgse.com\/es\/especificaciones-para-3500-pca-movil\/#breadcrumb"},"inLanguage":"es","potentialAction":[{"@type":"ReadAction","target":["https:\/\/itwgse.com\/es\/especificaciones-para-3500-pca-movil\/"]}]},{"@type":"BreadcrumbList","@id":"https:\/\/itwgse.com\/es\/especificaciones-para-3500-pca-movil\/#breadcrumb","itemListElement":[{"@type":"ListItem","position":1,"name":"Home","item":"https:\/\/itwgse.com\/es\/home\/"},{"@type":"ListItem","position":2,"name":"Especificaciones para 3500 PCA m\u00f3vil"}]},{"@type":"WebSite","@id":"https:\/\/itwgse.com\/#website","url":"https:\/\/itwgse.com\/","name":"ITW GSE","description":"It&#039;s all about connections","publisher":{"@id":"https:\/\/itwgse.com\/#organization"},"potentialAction":[{"@type":"SearchAction","target":{"@type":"EntryPoint","urlTemplate":"https:\/\/itwgse.com\/?s={search_term_string}"},"query-input":{"@type":"PropertyValueSpecification","valueRequired":true,"valueName":"search_term_string"}}],"inLanguage":"es"},{"@type":"Organization","@id":"https:\/\/itwgse.com\/#organization","name":"ITW GSE","url":"https:\/\/itwgse.com\/","logo":{"@type":"ImageObject","inLanguage":"es","@id":"https:\/\/itwgse.com\/#\/schema\/logo\/image\/","url":"https:\/\/itwgse.com\/wp-content\/uploads\/2018\/11\/logo.png","contentUrl":"https:\/\/itwgse.com\/wp-content\/uploads\/2018\/11\/logo.png","width":302,"height":237,"caption":"ITW GSE"},"image":{"@id":"https:\/\/itwgse.com\/#\/schema\/logo\/image\/"},"sameAs":["https:\/\/www.facebook.com\/ITWGSE\/","https:\/\/www.linkedin.com\/company\/itw-gse\/","https:\/\/www.youtube.com\/channel\/UCTUIMvyaOPfYIqzP8enZ8yw"]}]}},"_links":{"self":[{"href":"https:\/\/itwgse.com\/es\/wp-json\/wp\/v2\/pages\/28650","targetHints":{"allow":["GET"]}}],"collection":[{"href":"https:\/\/itwgse.com\/es\/wp-json\/wp\/v2\/pages"}],"about":[{"href":"https:\/\/itwgse.com\/es\/wp-json\/wp\/v2\/types\/page"}],"author":[{"embeddable":true,"href":"https:\/\/itwgse.com\/es\/wp-json\/wp\/v2\/users\/11"}],"replies":[{"embeddable":true,"href":"https:\/\/itwgse.com\/es\/wp-json\/wp\/v2\/comments?post=28650"}],"version-history":[{"count":1,"href":"https:\/\/itwgse.com\/es\/wp-json\/wp\/v2\/pages\/28650\/revisions"}],"predecessor-version":[{"id":45448,"href":"https:\/\/itwgse.com\/es\/wp-json\/wp\/v2\/pages\/28650\/revisions\/45448"}],"wp:attachment":[{"href":"https:\/\/itwgse.com\/es\/wp-json\/wp\/v2\/media?parent=28650"}],"curies":[{"name":"wp","href":"https:\/\/api.w.org\/{rel}","templated":true}]}}