{"id":28668,"date":"2026-02-24T14:02:57","date_gmt":"2026-02-24T13:02:57","guid":{"rendered":"https:\/\/itwgse.com\/admite-gpu-jetex-6400\/"},"modified":"2026-02-24T14:02:57","modified_gmt":"2026-02-24T13:02:57","slug":"admite-gpu-jetex-6400","status":"publish","type":"page","link":"https:\/\/itwgse.com\/es\/admite-gpu-jetex-6400\/","title":{"rendered":"Admite GPU JetEx 6400"},"content":{"rendered":"<div id=\"pl-28668\"  class=\"panel-layout\" ><div id=\"pg-28668-0\"  class=\"panel-grid panel-no-style\" ><div id=\"pgc-28668-0-0\"  class=\"panel-grid-cell\" ><div id=\"panel-28668-0-0-0\" class=\"so-panel widget widget_mtt-cover-section panel-first-child\" data-index=\"0\" ><div\n\t\t\t\n\t\t\tclass=\"so-widget-mtt-cover-section so-widget-mtt-cover-section-base\"\n\t\t\t\n\t\t>\n<div class=\"mtt-cover-section-wrap compact extra-small\">\n\t<div class=\"mtt-cover-curve\">\n\t\t<img decoding=\"async\"  src=\"https:\/\/itwgse.com\/wp-content\/themes\/mtt-standard-theme\/assets\/img\/cover\/itwgse_cut.svg\">\t<\/div>\n    <div class=\"mtt-cover-compact-background object-fit\">\n                            <div class=\"mtt-cover-compact-image object-fit contain\">\n                <img decoding=\"async\"\n                    src=\"https:\/\/itwgse.com\/wp-content\/uploads\/2018\/03\/itwgse-6400-product-img.png\"\n                    data-skip-lazy\n                    alt=\"\"\n                >\n            <\/div>\n                    <\/div>\n    <div class=\"mtt-cover-compact-container\">\n        <div class=\"mtt-cover-section-text no-max-width\">\n            <h1>Soporte GPU 6400 JetEx<\/h1>\n                                <div class=\"text\"><p>En esta p\u00e1gina encontrar\u00e1s instrucciones, listas de piezas de recambio, enlaces a v\u00eddeos y mucho m\u00e1s para la Unidad de potencia terrestre ITW GSE 6400 JetEx.<\/p>\n<\/div>\n                            <\/div>\n    <\/div>\n<\/div>\n<\/div><\/div><div id=\"panel-28668-0-0-1\" class=\"so-panel widget widget_mtt-one-col-text\" data-index=\"1\" ><div\n\t\t\t\n\t\t\tclass=\"so-widget-mtt-one-col-text so-widget-mtt-one-col-text-base\"\n\t\t\t\n\t\t>\n<div class=\"mtt-two-col-wrapper no-bottom-padding\">\n    <div class=\"mtt-two-col-container\">\n        <div class=\"mtt-two-col-content formatted_content has-title-one\">\n\t\t\t                <h2>Producto descatalogado.  <\/h2>\n                        <div class=\"text-section one-col\">\n                <p>A partir del primer trimestre de 2023 dejaremos de ofrecer equipos accionados por motor.<\/p>\n<p>Puedes ver la <a href=\"https:\/\/itwgse.com\/products\/discontinued\/diesel-ground-power-unit\/\">GPU diesel 6400 descatalogada aqu\u00ed<\/a>.<\/p>\n            <\/div>\n\n            \n                        <\/div>\n    <\/div>\n<\/div>\n<\/div><\/div><div id=\"panel-28668-0-0-2\" class=\"so-panel widget widget_mtt-one-col-text\" data-index=\"2\" ><div\n\t\t\t\n\t\t\tclass=\"so-widget-mtt-one-col-text so-widget-mtt-one-col-text-base\"\n\t\t\t\n\t\t>\n<div class=\"mtt-two-col-wrapper no-bottom-padding\">\n    <div class=\"mtt-two-col-container\">\n        <div class=\"mtt-two-col-content formatted_content has-title-one\">\n\t\t\t                <h2>Documentaci\u00f3n<\/h2>\n                        <div class=\"text-section one-col\">\n                <p>Para los <strong>Manuales y Diagramas<\/strong>, <a href=\"https:\/\/itwgse.com\/?flow=need-help&template=need-help&previous_brand=itw_gse&previous_product=1967\" target=\"_blank\" rel=\"noopener\">ponte en contacto con nosotros<\/a>, inform\u00e1ndonos del<em> n\u00famero de serie de tu equipo<\/em>.<\/p>\n<p>Para consultar <strong>la ficha t\u00e9cnica<\/strong>, <a href=\"https:\/\/itwgse.com\/wp-content\/uploads\/2023\/02\/ITWGSE_6400_web.pdf\">descarga el folleto<\/a>.<\/p>\n<p><a href=\"https:\/\/itwgse.com\/service-tools\/\" target=\"_blank\" rel=\"noopener\">Herramienta de servicio<\/a><\/p>\n            <\/div>\n\n            \n                    <div class=\"button-wrap\">\n                \n                                                                <div>\n                            <a\n                                class=\"button open-modal\"\n                                data-id=\"70a04b99-f301-4977-913a-7f7bfe1b1b3b0\"\n                                target=\"_blank\"\n                                rel=\"noopener noreferrer\"\n                            >\n                                Schematics 6400 T3                            <\/a>\n                                                    <\/div>\n                                    \n                                                                <div>\n                            <a\n                                class=\"button open-modal\"\n                                data-id=\"70a04b99-f301-4977-913a-7f7bfe1b1b3b1\"\n                                target=\"_blank\"\n                                rel=\"noopener noreferrer\"\n                            >\n                                Schematics 6400 T4                            <\/a>\n                                                    <\/div>\n                                                <\/div>\n                        <\/div>\n    <\/div>\n<\/div>\n<\/div><\/div><div id=\"panel-28668-0-0-3\" class=\"so-panel widget widget_mtt-two-col-files\" data-index=\"3\" ><div\n\t\t\t\n\t\t\tclass=\"so-widget-mtt-two-col-files so-widget-mtt-two-col-files-base\"\n\t\t\t\n\t\t>\n<div class=\"mtt-two-col-wrapper\">\n    <div class=\"mtt-two-col-container\">\n        <div class=\"mtt-two-col-content  has-title\">\n                            <h2>Recambios<\/h2>\n                        <div class=\"two-col-links\">\n                                                            <div>\n                            <a\n                                                                href=\"https:\/\/itwgse.com\/wp-content\/uploads\/2022\/02\/6400-T3-Spares1.pdf\"\n                                target=\"_blank\"\n                                rel=\"noopener noreferrer\"\n                            >\n                                Recambios recomendados, GPU 6400 T3                            <\/a>\n                        <\/div>\n                                                <div>\n                            <a\n                                                                href=\"https:\/\/itwgse.com\/wp-content\/uploads\/2022\/02\/IPB-6400-T3-Rev_A2.pdf\"\n                                target=\"_blank\"\n                                rel=\"noopener noreferrer\"\n                            >\n                                Lista de piezas ilustrada, GPU 6400 T3                            <\/a>\n                        <\/div>\n                                                <div>\n                            <a\n                                                                href=\"https:\/\/itwgse.com\/wp-content\/uploads\/2022\/02\/6400-T4-Spares.pdf\"\n                                target=\"_blank\"\n                                rel=\"noopener noreferrer\"\n                            >\n                                Recambios recomendados, GPU 6400 T4                            <\/a>\n                        <\/div>\n                                                <div>\n                            <a\n                                                                href=\"https:\/\/itwgse.com\/wp-content\/uploads\/2022\/02\/IPB-6400-T4.pdf\"\n                                target=\"_blank\"\n                                rel=\"noopener noreferrer\"\n                            >\n                                Lista de piezas ilustrada, GPU 6400 T4                            <\/a>\n                        <\/div>\n                                                    <\/div>\n        <\/div>\n    <\/div>\n<\/div>\n<\/div><\/div><div id=\"panel-28668-0-0-4\" class=\"so-panel widget widget_mtt-one-col-text\" data-index=\"4\" ><div\n\t\t\t\n\t\t\tclass=\"so-widget-mtt-one-col-text so-widget-mtt-one-col-text-base\"\n\t\t\t\n\t\t>\n<div class=\"mtt-two-col-wrapper no-bottom-padding no-top-padding\">\n    <div class=\"mtt-two-col-container\">\n        <div class=\"mtt-two-col-content formatted_content\">\n\t\t\t            <div class=\"text-section one-col\">\n                            <\/div>\n\n            \n                    <div class=\"button-wrap\">\n                \n                                                                <a\n                            href=\"puesto 1425\"\n                            class=\"button link button  button-margin\"\n                                                    >\n                            Solicitar recambios                        <\/a>\n                                                <\/div>\n                        <\/div>\n    <\/div>\n<\/div>\n<\/div><\/div><div id=\"panel-28668-0-0-5\" class=\"so-panel widget widget_mtt-two-col-files\" data-index=\"5\" ><div\n\t\t\t\n\t\t\tclass=\"so-widget-mtt-two-col-files so-widget-mtt-two-col-files-base\"\n\t\t\t\n\t\t>\n<div class=\"mtt-two-col-wrapper\">\n    <div class=\"mtt-two-col-container\">\n        <div class=\"mtt-two-col-content  has-title\">\n                            <h2>Instrucciones<\/h2>\n                        <div class=\"two-col-links\">\n                                                            <div>\n                            <a\n                                                                href=\"https:\/\/itwgse.com\/wp-content\/uploads\/2022\/03\/x400-Series-ED_Interface-Board-Replacement.pdf\"\n                                target=\"_blank\"\n                                rel=\"noopener noreferrer\"\n                            >\n                                Sustituci\u00f3n de la Placa de Interfaz x400 ED                            <\/a>\n                        <\/div>\n                                                    <\/div>\n        <\/div>\n    <\/div>\n<\/div>\n<\/div><\/div><div id=\"panel-28668-0-0-6\" class=\"so-panel widget widget_mtt-one-col-text\" data-index=\"6\" ><div\n\t\t\t\n\t\t\tclass=\"so-widget-mtt-one-col-text so-widget-mtt-one-col-text-base\"\n\t\t\t\n\t\t>\n<div class=\"mtt-two-col-wrapper no-bottom-padding\">\n    <div class=\"mtt-two-col-container\">\n        <div class=\"mtt-two-col-content formatted_content has-title-one\">\n\t\t\t                <h2>V\u00eddeos de instrucciones en Youtube<\/h2>\n                        <div class=\"text-section one-col\">\n                <p>Muchos retos t\u00e9cnicos pueden resolverse f\u00e1cilmente aprendiendo la soluci\u00f3n a trav\u00e9s de un v\u00eddeo. Por eso, en nuestro <a href=\"https:\/\/www.youtube.com\/user\/ITWGSE\/featured\" target=\"_blank\" rel=\"noopener\">canal de Youtube<\/a> encontrar\u00e1s una colecci\u00f3n de los <a href=\"https:\/\/www.youtube.com\/playlist?list=PLwNBf240aE8ytsc-ZUGbTjuRfneJVjb8h\" target=\"_blank\" rel=\"noopener\">v\u00eddeos de instrucciones de ITW GSE<\/a>. <\/p>\n<p><a href=\"https:\/\/youtu.be\/O6_P8mf1Na8\">C\u00f3mo utilizar la configuraci\u00f3n<\/a><\/p>\n<p><a href=\"https:\/\/youtu.be\/_Z2ZXV-BCvU\">Actualizaci\u00f3n de software, placa de control<\/a><\/p>\n<p><a href=\"https:\/\/youtu.be\/detAJ7terXw\">Actualizar software de pantalla<\/a><\/p>\n<p><a href=\"https:\/\/youtu.be\/x9DVZDivLOI\" target=\"_blank\" rel=\"noopener\">C\u00f3mo comprobar la Revisi\u00f3n del Software<\/a><\/p>\n            <\/div>\n\n            \n                        <\/div>\n    <\/div>\n<\/div>\n<\/div><\/div><div id=\"panel-28668-0-0-7\" class=\"so-panel widget widget_mtt-one-col-text panel-last-child\" data-index=\"7\" ><div\n\t\t\t\n\t\t\tclass=\"so-widget-mtt-one-col-text so-widget-mtt-one-col-text-base\"\n\t\t\t\n\t\t>\n<div class=\"mtt-two-col-wrapper\">\n    <div class=\"mtt-two-col-container\">\n        <div class=\"mtt-two-col-content formatted_content has-title-one\">\n\t\t\t                <h2>\u00bfNecesitas ayuda?  <\/h2>\n                        <div class=\"text-section one-col\">\n                <p>Estamos aqu\u00ed para ayudarte.<\/p>\n<p>Env\u00edanos un correo electr\u00f3nico describiendo tu reto.<\/p>\n<p>Incluir el n\u00famero de serie de tu producto nos ayudar\u00e1 a agilizar el proceso de asistencia.<\/p>\n<p>Encontrar\u00e1s el n\u00famero de serie en la placa de caracter\u00edsticas.<\/p>\n<p>El N\u00famero de serie puede tener una de las siguientes estructuras:<\/p>\n<ul>\n<li>5 \u00f3 6 d\u00edgitos seguidos de la barra \"\/\" y 2 d\u00edgitos adicionales. Ejemplo: <strong>xxxxxx\/x.x<\/strong> <\/li>\n<li>La letra \"A\", seguida de 6 d\u00edgitos, barra oblicua y 2 d\u00edgitos adicionales. Ejemplo: <strong>Axxxxxx\/x.x<\/strong> <\/li>\n<li>3 d\u00edgitos, seguidos de las letras \"PS\" y 5 d\u00edgitos adicionales. Ejemplo: <strong>xxxPSxxxxx <\/strong>  <\/li>\n<\/ul>\n<p>Am\u00e9rica (Norte y Sur): <a href=\"mailto:support.americas@itwgse.com\">support.americas@itwgse.com<\/a><\/p>\n<p>Resto del mundo: <a href=\"mailto:support@itwgse.com\">support@itwgse.com <\/a> <\/p>\n            <\/div>\n\n            \n                        <\/div>\n    <\/div>\n<\/div>\n<\/div><\/div><\/div><\/div><\/div>","protected":false},"excerpt":{"rendered":"<p>Soporte GPU 6400 JetEx En esta p\u00e1gina encontrar\u00e1s instrucciones, listas de piezas de recambio, enlaces a v\u00eddeos y mucho m\u00e1s para la Unidad de&#8230;<\/p>\n","protected":false},"author":11,"featured_media":0,"parent":0,"menu_order":113,"comment_status":"closed","ping_status":"closed","template":"","meta":{"_acf_changed":false,"_relevanssi_hide_post":"","_relevanssi_hide_content":"","_relevanssi_pin_for_all":"","_relevanssi_pin_keywords":"","_relevanssi_unpin_keywords":"","_relevanssi_related_keywords":"","_relevanssi_related_include_ids":"","_relevanssi_related_exclude_ids":"","_relevanssi_related_no_append":"","_relevanssi_related_not_related":"","_relevanssi_related_posts":"","_relevanssi_noindex_reason":"","footnotes":""},"class_list":["post-28668","page","type-page","status-publish","hentry"],"acf":[],"yoast_head":"<!-- This site is optimized with the Yoast SEO plugin v27.0 - https:\/\/yoast.com\/product\/yoast-seo-wordpress\/ -->\n<title>Admite GPU JetEx 6400 - ITW GSE<\/title>\n<meta name=\"robots\" content=\"index, follow, max-snippet:-1, max-image-preview:large, max-video-preview:-1\" \/>\n<link rel=\"canonical\" href=\"https:\/\/itwgse.com\/admite-gpu-jetex-6400\/\" \/>\n<meta property=\"og:locale\" content=\"es_ES\" \/>\n<meta property=\"og:type\" content=\"article\" \/>\n<meta property=\"og:title\" content=\"Admite GPU JetEx 6400 - ITW GSE\" \/>\n<meta property=\"og:description\" content=\"Soporte GPU 6400 JetEx En esta p\u00e1gina encontrar\u00e1s instrucciones, listas de piezas de recambio, enlaces a v\u00eddeos y mucho m\u00e1s para la Unidad de...\" \/>\n<meta property=\"og:url\" content=\"https:\/\/itwgse.com\/admite-gpu-jetex-6400\/\" \/>\n<meta property=\"og:site_name\" content=\"ITW GSE\" \/>\n<meta property=\"article:publisher\" content=\"https:\/\/www.facebook.com\/ITWGSE\/\" \/>\n<meta name=\"twitter:card\" content=\"summary_large_image\" \/>\n<script type=\"application\/ld+json\" class=\"yoast-schema-graph\">{\"@context\":\"https:\/\/schema.org\",\"@graph\":[{\"@type\":\"WebPage\",\"@id\":\"https:\/\/itwgse.com\/admite-gpu-jetex-6400\/\",\"url\":\"https:\/\/itwgse.com\/admite-gpu-jetex-6400\/\",\"name\":\"Admite GPU JetEx 6400 - ITW GSE\",\"isPartOf\":{\"@id\":\"https:\/\/itwgse.com\/#website\"},\"datePublished\":\"2026-02-24T13:02:57+00:00\",\"breadcrumb\":{\"@id\":\"https:\/\/itwgse.com\/admite-gpu-jetex-6400\/#breadcrumb\"},\"inLanguage\":\"es\",\"potentialAction\":[{\"@type\":\"ReadAction\",\"target\":[\"https:\/\/itwgse.com\/admite-gpu-jetex-6400\/\"]}]},{\"@type\":\"BreadcrumbList\",\"@id\":\"https:\/\/itwgse.com\/admite-gpu-jetex-6400\/#breadcrumb\",\"itemListElement\":[{\"@type\":\"ListItem\",\"position\":1,\"name\":\"Home\",\"item\":\"https:\/\/itwgse.com\/es\/home\/\"},{\"@type\":\"ListItem\",\"position\":2,\"name\":\"Admite GPU JetEx 6400\"}]},{\"@type\":\"WebSite\",\"@id\":\"https:\/\/itwgse.com\/#website\",\"url\":\"https:\/\/itwgse.com\/\",\"name\":\"ITW GSE\",\"description\":\"It&#039;s all about connections\",\"publisher\":{\"@id\":\"https:\/\/itwgse.com\/#organization\"},\"potentialAction\":[{\"@type\":\"SearchAction\",\"target\":{\"@type\":\"EntryPoint\",\"urlTemplate\":\"https:\/\/itwgse.com\/?s={search_term_string}\"},\"query-input\":{\"@type\":\"PropertyValueSpecification\",\"valueRequired\":true,\"valueName\":\"search_term_string\"}}],\"inLanguage\":\"es\"},{\"@type\":\"Organization\",\"@id\":\"https:\/\/itwgse.com\/#organization\",\"name\":\"ITW GSE\",\"url\":\"https:\/\/itwgse.com\/\",\"logo\":{\"@type\":\"ImageObject\",\"inLanguage\":\"es\",\"@id\":\"https:\/\/itwgse.com\/#\/schema\/logo\/image\/\",\"url\":\"https:\/\/itwgse.com\/wp-content\/uploads\/2018\/11\/logo.png\",\"contentUrl\":\"https:\/\/itwgse.com\/wp-content\/uploads\/2018\/11\/logo.png\",\"width\":302,\"height\":237,\"caption\":\"ITW GSE\"},\"image\":{\"@id\":\"https:\/\/itwgse.com\/#\/schema\/logo\/image\/\"},\"sameAs\":[\"https:\/\/www.facebook.com\/ITWGSE\/\",\"https:\/\/www.linkedin.com\/company\/itw-gse\/\",\"https:\/\/www.youtube.com\/channel\/UCTUIMvyaOPfYIqzP8enZ8yw\"]}]}<\/script>\n<!-- \/ Yoast SEO plugin. -->","yoast_head_json":{"title":"Admite GPU JetEx 6400 - ITW GSE","robots":{"index":"index","follow":"follow","max-snippet":"max-snippet:-1","max-image-preview":"max-image-preview:large","max-video-preview":"max-video-preview:-1"},"canonical":"https:\/\/itwgse.com\/admite-gpu-jetex-6400\/","og_locale":"es_ES","og_type":"article","og_title":"Admite GPU JetEx 6400 - ITW GSE","og_description":"Soporte GPU 6400 JetEx En esta p\u00e1gina encontrar\u00e1s instrucciones, listas de piezas de recambio, enlaces a v\u00eddeos y mucho m\u00e1s para la Unidad de...","og_url":"https:\/\/itwgse.com\/admite-gpu-jetex-6400\/","og_site_name":"ITW GSE","article_publisher":"https:\/\/www.facebook.com\/ITWGSE\/","twitter_card":"summary_large_image","schema":{"@context":"https:\/\/schema.org","@graph":[{"@type":"WebPage","@id":"https:\/\/itwgse.com\/admite-gpu-jetex-6400\/","url":"https:\/\/itwgse.com\/admite-gpu-jetex-6400\/","name":"Admite GPU JetEx 6400 - ITW GSE","isPartOf":{"@id":"https:\/\/itwgse.com\/#website"},"datePublished":"2026-02-24T13:02:57+00:00","breadcrumb":{"@id":"https:\/\/itwgse.com\/admite-gpu-jetex-6400\/#breadcrumb"},"inLanguage":"es","potentialAction":[{"@type":"ReadAction","target":["https:\/\/itwgse.com\/admite-gpu-jetex-6400\/"]}]},{"@type":"BreadcrumbList","@id":"https:\/\/itwgse.com\/admite-gpu-jetex-6400\/#breadcrumb","itemListElement":[{"@type":"ListItem","position":1,"name":"Home","item":"https:\/\/itwgse.com\/es\/home\/"},{"@type":"ListItem","position":2,"name":"Admite GPU JetEx 6400"}]},{"@type":"WebSite","@id":"https:\/\/itwgse.com\/#website","url":"https:\/\/itwgse.com\/","name":"ITW GSE","description":"It&#039;s all about connections","publisher":{"@id":"https:\/\/itwgse.com\/#organization"},"potentialAction":[{"@type":"SearchAction","target":{"@type":"EntryPoint","urlTemplate":"https:\/\/itwgse.com\/?s={search_term_string}"},"query-input":{"@type":"PropertyValueSpecification","valueRequired":true,"valueName":"search_term_string"}}],"inLanguage":"es"},{"@type":"Organization","@id":"https:\/\/itwgse.com\/#organization","name":"ITW GSE","url":"https:\/\/itwgse.com\/","logo":{"@type":"ImageObject","inLanguage":"es","@id":"https:\/\/itwgse.com\/#\/schema\/logo\/image\/","url":"https:\/\/itwgse.com\/wp-content\/uploads\/2018\/11\/logo.png","contentUrl":"https:\/\/itwgse.com\/wp-content\/uploads\/2018\/11\/logo.png","width":302,"height":237,"caption":"ITW GSE"},"image":{"@id":"https:\/\/itwgse.com\/#\/schema\/logo\/image\/"},"sameAs":["https:\/\/www.facebook.com\/ITWGSE\/","https:\/\/www.linkedin.com\/company\/itw-gse\/","https:\/\/www.youtube.com\/channel\/UCTUIMvyaOPfYIqzP8enZ8yw"]}]}},"_links":{"self":[{"href":"https:\/\/itwgse.com\/es\/wp-json\/wp\/v2\/pages\/28668","targetHints":{"allow":["GET"]}}],"collection":[{"href":"https:\/\/itwgse.com\/es\/wp-json\/wp\/v2\/pages"}],"about":[{"href":"https:\/\/itwgse.com\/es\/wp-json\/wp\/v2\/types\/page"}],"author":[{"embeddable":true,"href":"https:\/\/itwgse.com\/es\/wp-json\/wp\/v2\/users\/11"}],"replies":[{"embeddable":true,"href":"https:\/\/itwgse.com\/es\/wp-json\/wp\/v2\/comments?post=28668"}],"version-history":[{"count":0,"href":"https:\/\/itwgse.com\/es\/wp-json\/wp\/v2\/pages\/28668\/revisions"}],"wp:attachment":[{"href":"https:\/\/itwgse.com\/es\/wp-json\/wp\/v2\/media?parent=28668"}],"curies":[{"name":"wp","href":"https:\/\/api.w.org\/{rel}","templated":true}]}}