{"id":28675,"date":"2026-02-24T14:03:04","date_gmt":"2026-02-24T13:03:04","guid":{"rendered":"https:\/\/itwgse.com\/soporta-7400-egpu\/"},"modified":"2026-02-24T14:03:04","modified_gmt":"2026-02-24T13:03:04","slug":"soporta-7400-egpu","status":"publish","type":"page","link":"https:\/\/itwgse.com\/es\/soporta-7400-egpu\/","title":{"rendered":"Soporta 7400 eGPU"},"content":{"rendered":"<div id=\"pl-28675\"  class=\"panel-layout\" ><div id=\"pg-28675-0\"  class=\"panel-grid panel-no-style\" ><div id=\"pgc-28675-0-0\"  class=\"panel-grid-cell\" ><div id=\"panel-28675-0-0-0\" class=\"so-panel widget widget_mtt-cover-section panel-first-child\" data-index=\"0\" ><div\n\t\t\t\n\t\t\tclass=\"so-widget-mtt-cover-section so-widget-mtt-cover-section-base\"\n\t\t\t\n\t\t>\n<div class=\"mtt-cover-section-wrap compact extra-small\">\n\t<div class=\"mtt-cover-curve\">\n\t\t<img decoding=\"async\"  src=\"https:\/\/itwgse.com\/wp-content\/themes\/mtt-standard-theme\/assets\/img\/cover\/itwgse_cut.svg\">\t<\/div>\n    <div class=\"mtt-cover-compact-background object-fit\">\n                            <div class=\"mtt-cover-compact-image object-fit\">\n                <img decoding=\"async\"\n                    src=\"https:\/\/itwgse.com\/wp-content\/uploads\/2018\/06\/ITW_GSE_7400_Mark_II_3d_flipped_pointing-right_okt2022-2.png\"\n                    data-skip-lazy\n                    alt=\"\"\n                >\n            <\/div>\n                    <\/div>\n    <div class=\"mtt-cover-compact-container\">\n        <div class=\"mtt-cover-section-text no-max-width\">\n            <h1>Soporte 7400 eGPU<\/h1>\n                                <div class=\"text\"><p>En esta p\u00e1gina encontrar\u00e1s instrucciones, listas de piezas de recambio, enlaces a v\u00eddeos y mucho m\u00e1s para el ITW GSE 7400 400 Hz eGPU.<\/p>\n<\/div>\n                            <\/div>\n    <\/div>\n<\/div>\n<\/div><\/div><div id=\"panel-28675-0-0-1\" class=\"so-panel widget widget_mtt-one-col-text\" data-index=\"1\" ><div\n\t\t\t\n\t\t\tclass=\"so-widget-mtt-one-col-text so-widget-mtt-one-col-text-base\"\n\t\t\t\n\t\t>\n<div class=\"mtt-two-col-wrapper no-bottom-padding\">\n    <div class=\"mtt-two-col-container\">\n        <div class=\"mtt-two-col-content formatted_content has-title-one\">\n\t\t\t                <h2>Documentaci\u00f3n<\/h2>\n                        <div class=\"text-section one-col\">\n                <p>Para los <strong>Manuales y Diagramas<\/strong>, <a href=\"https:\/\/itwgse.com\/contact\/\" rel=\"noopener\">ponte en contacto con nosotros<\/a>, inform\u00e1ndonos del<em> n\u00famero de serie de tu equipo<\/em>.<\/p>\n<p>Para consultar <strong>la ficha t\u00e9cnica<\/strong>, <a href=\"https:\/\/itwgse.com\/brochures\/\" rel=\"noopener\">descarga el folleto<\/a>.<\/p>\n<p><a href=\"https:\/\/itwgse.com\/wp-content\/uploads\/2022\/02\/ITW-GSE-7400_90-kVA_faultfinding_775001AB.pdf\">Documento de localizaci\u00f3n de aver\u00edas MKII<\/a><\/p>\n<p><a href=\"https:\/\/itwgse.com\/wp-content\/uploads\/2022\/02\/ITW-GSE-7400_140-180-kVA_faultfinding_775002-B.pdf\">Documento de localizaci\u00f3n de aver\u00edas 140-180kVA<\/a><\/p>\n<p><a href=\"https:\/\/itwgse.com\/service-tools\/\" target=\"_blank\" rel=\"noopener\">Herramienta de servicio<\/a><\/p>\n<p><strong>Esquemas<\/strong> - Ponte en contacto con tu Servicio de Atenci\u00f3n al Cliente.<\/p>\n<p>Consulta nuestra informaci\u00f3n general sobre <a href=\"https:\/\/itwgse.com\/egpu-for-aviation\/\">la eGPU <\/a>para obtener m\u00e1s contexto.<\/p>\n            <\/div>\n\n            \n                    <div class=\"button-wrap\">\n                \n                                                                <button\n                            class=\"button open-modal button button-margin\"\n                            data-id=\"70a04b99-f301-4977-913a-7f7bfe1b1b3b0\"\n                        >\n                            Solicitar esquemas para 7400 400Hz                        <\/button>\n                                                                        <\/div>\n                        <\/div>\n    <\/div>\n<\/div>\n<\/div><\/div><div id=\"panel-28675-0-0-2\" class=\"so-panel widget widget_mtt-one-col-text\" data-index=\"2\" ><div\n\t\t\t\n\t\t\tclass=\"so-widget-mtt-one-col-text so-widget-mtt-one-col-text-base\"\n\t\t\t\n\t\t>\n<div class=\"mtt-two-col-wrapper no-bottom-padding\">\n    <div class=\"mtt-two-col-container\">\n        <div class=\"mtt-two-col-content formatted_content has-title-one\">\n\t\t\t                <h2>Recambios<\/h2>\n                        <div class=\"text-section one-col\">\n                            <\/div>\n\n            \n                    <div class=\"button-wrap\">\n                \n                                                                <a\n                            href=\"puesto 1425\"\n                            class=\"button link button  button-margin\"\n                                                    >\n                            Solicitar recambios                        <\/a>\n                                    \n                                                                <a\n                            href=\"https:\/\/itwgse.com\/contact\/\"\n                            class=\"button link button  button-margin\"\n                                                    >\n                            Contacta con nosotros                        <\/a>\n                                                <\/div>\n                        <\/div>\n    <\/div>\n<\/div>\n<\/div><\/div><div id=\"panel-28675-0-0-3\" class=\"so-panel widget widget_mtt-two-col-files\" data-index=\"3\" ><div\n\t\t\t\n\t\t\tclass=\"so-widget-mtt-two-col-files so-widget-mtt-two-col-files-base\"\n\t\t\t\n\t\t>\n<div class=\"mtt-two-col-wrapper\">\n    <div class=\"mtt-two-col-container\">\n        <div class=\"mtt-two-col-content  has-title\">\n                            <h2>Instrucciones<\/h2>\n                        <div class=\"two-col-links\">\n                                                            <div>\n                            <a\n                                                                href=\"https:\/\/itwgse.com\/wp-content\/uploads\/2022\/03\/Replacement-of-Control-Board-x400-series-revAB.pdf\"\n                                target=\"_blank\"\n                                rel=\"noopener noreferrer\"\n                            >\n                                Sustituci\u00f3n de la placa de control x400                            <\/a>\n                        <\/div>\n                                                <div>\n                            <a\n                                                                href=\"https:\/\/itwgse.com\/wp-content\/uploads\/2022\/03\/Replacement-of-Display-Board-x400-series-rev-B.pdf\"\n                                target=\"_blank\"\n                                rel=\"noopener noreferrer\"\n                            >\n                                Sustituci\u00f3n de la placa de visualizaci\u00f3n x400                            <\/a>\n                        <\/div>\n                                                    <\/div>\n        <\/div>\n    <\/div>\n<\/div>\n<\/div><\/div><div id=\"panel-28675-0-0-4\" class=\"so-panel widget widget_mtt-one-col-text\" data-index=\"4\" ><div\n\t\t\t\n\t\t\tclass=\"so-widget-mtt-one-col-text so-widget-mtt-one-col-text-base\"\n\t\t\t\n\t\t>\n<div class=\"mtt-two-col-wrapper no-bottom-padding\">\n    <div class=\"mtt-two-col-container\">\n        <div class=\"mtt-two-col-content formatted_content has-title-one\">\n\t\t\t                <h2>V\u00eddeos de instrucciones en Youtube<\/h2>\n                        <div class=\"text-section one-col\">\n                <p>Muchos retos t\u00e9cnicos pueden resolverse f\u00e1cilmente aprendiendo la soluci\u00f3n a trav\u00e9s de un v\u00eddeo. Por eso, en nuestro <a href=\"https:\/\/www.youtube.com\/user\/ITWGSE\/featured\" target=\"_blank\" rel=\"noopener\">canal de Youtube<\/a> encontrar\u00e1s una colecci\u00f3n de los <a href=\"https:\/\/www.youtube.com\/playlist?list=PLwNBf240aE8ytsc-ZUGbTjuRfneJVjb8h\" target=\"_blank\" rel=\"noopener\">v\u00eddeos de instrucciones de ITW GSE<\/a>. <\/p>\n<p><a href=\"https:\/\/youtu.be\/x9DVZDivLOI\" target=\"_blank\" rel=\"noopener\">C\u00f3mo comprobar la Revisi\u00f3n del Software<\/a><\/p>\n<p><a href=\"https:\/\/youtu.be\/_Z2ZXV-BCvU\">Actualizaci\u00f3n de software, placa de control<\/a><\/p>\n<p><a href=\"https:\/\/youtu.be\/detAJ7terXw\">Actualizar software de pantalla<\/a><\/p>\n            <\/div>\n\n            \n                        <\/div>\n    <\/div>\n<\/div>\n<\/div><\/div><div id=\"panel-28675-0-0-5\" class=\"so-panel widget widget_mtt-one-col-text panel-last-child\" data-index=\"5\" ><div\n\t\t\t\n\t\t\tclass=\"so-widget-mtt-one-col-text so-widget-mtt-one-col-text-base\"\n\t\t\t\n\t\t>\n<div class=\"mtt-two-col-wrapper\">\n    <div class=\"mtt-two-col-container\">\n        <div class=\"mtt-two-col-content formatted_content has-title-one\">\n\t\t\t                <h2>\u00bfNecesitas ayuda?  <\/h2>\n                        <div class=\"text-section one-col\">\n                <p>Estamos aqu\u00ed para ayudarte.<\/p>\n<p>Env\u00edanos un correo electr\u00f3nico describiendo tu reto.<\/p>\n<p>Incluir el n\u00famero de serie de tu producto nos ayudar\u00e1 a agilizar el proceso de asistencia.<\/p>\n<p>Encontrar\u00e1s el n\u00famero de serie en la placa de caracter\u00edsticas.<\/p>\n<p>El N\u00famero de serie puede tener una de las siguientes estructuras:<\/p>\n<ul>\n<li>5 \u00f3 6 d\u00edgitos seguidos de la barra \"\/\" y 2 d\u00edgitos adicionales. Ejemplo: <strong>xxxxxx\/x.x<\/strong> <\/li>\n<li>La letra \"A\", seguida de 6 d\u00edgitos, barra oblicua y 2 d\u00edgitos adicionales. Ejemplo: <strong>Axxxxxx\/x.x<\/strong> <\/li>\n<li>3 d\u00edgitos, seguidos de las letras \"PS\" y 5 d\u00edgitos adicionales. Ejemplo: <strong>xxxPSxxxxx <\/strong>  <\/li>\n<\/ul>\n<p>Am\u00e9rica (Norte y Sur): <a href=\"mailto:support.americas@itwgse.com\">support.americas@itwgse.com<\/a><\/p>\n<p>Resto del mundo: <a href=\"mailto:support@itwgse.com\">support@itwgse.com <\/a> <\/p>\n            <\/div>\n\n            \n                        <\/div>\n    <\/div>\n<\/div>\n<\/div><\/div><\/div><\/div><\/div>","protected":false},"excerpt":{"rendered":"<p>Soporte 7400 eGPU En esta p\u00e1gina encontrar\u00e1s instrucciones, listas de piezas de recambio, enlaces a v\u00eddeos y mucho m\u00e1s para el ITW GSE 7400&#8230;<\/p>\n","protected":false},"author":11,"featured_media":0,"parent":0,"menu_order":106,"comment_status":"closed","ping_status":"closed","template":"","meta":{"_acf_changed":false,"_relevanssi_hide_post":"","_relevanssi_hide_content":"","_relevanssi_pin_for_all":"","_relevanssi_pin_keywords":"","_relevanssi_unpin_keywords":"","_relevanssi_related_keywords":"","_relevanssi_related_include_ids":"","_relevanssi_related_exclude_ids":"","_relevanssi_related_no_append":"","_relevanssi_related_not_related":"","_relevanssi_related_posts":"","_relevanssi_noindex_reason":"","footnotes":""},"class_list":["post-28675","page","type-page","status-publish","hentry"],"acf":[],"yoast_head":"<!-- This site is optimized with the Yoast SEO plugin v27.0 - https:\/\/yoast.com\/product\/yoast-seo-wordpress\/ -->\n<title>Soporta 7400 eGPU - ITW GSE<\/title>\n<meta name=\"robots\" content=\"index, follow, max-snippet:-1, max-image-preview:large, max-video-preview:-1\" \/>\n<link rel=\"canonical\" href=\"https:\/\/itwgse.com\/soporta-7400-egpu\/\" \/>\n<meta property=\"og:locale\" content=\"es_ES\" \/>\n<meta property=\"og:type\" content=\"article\" \/>\n<meta property=\"og:title\" content=\"Soporta 7400 eGPU - ITW GSE\" \/>\n<meta property=\"og:description\" content=\"Soporte 7400 eGPU En esta p\u00e1gina encontrar\u00e1s instrucciones, listas de piezas de recambio, enlaces a v\u00eddeos y mucho m\u00e1s para el ITW GSE 7400...\" \/>\n<meta property=\"og:url\" content=\"https:\/\/itwgse.com\/soporta-7400-egpu\/\" \/>\n<meta property=\"og:site_name\" content=\"ITW GSE\" \/>\n<meta property=\"article:publisher\" content=\"https:\/\/www.facebook.com\/ITWGSE\/\" \/>\n<meta name=\"twitter:card\" content=\"summary_large_image\" \/>\n<script type=\"application\/ld+json\" class=\"yoast-schema-graph\">{\"@context\":\"https:\/\/schema.org\",\"@graph\":[{\"@type\":\"WebPage\",\"@id\":\"https:\/\/itwgse.com\/soporta-7400-egpu\/\",\"url\":\"https:\/\/itwgse.com\/soporta-7400-egpu\/\",\"name\":\"Soporta 7400 eGPU - ITW GSE\",\"isPartOf\":{\"@id\":\"https:\/\/itwgse.com\/#website\"},\"datePublished\":\"2026-02-24T13:03:04+00:00\",\"breadcrumb\":{\"@id\":\"https:\/\/itwgse.com\/soporta-7400-egpu\/#breadcrumb\"},\"inLanguage\":\"es\",\"potentialAction\":[{\"@type\":\"ReadAction\",\"target\":[\"https:\/\/itwgse.com\/soporta-7400-egpu\/\"]}]},{\"@type\":\"BreadcrumbList\",\"@id\":\"https:\/\/itwgse.com\/soporta-7400-egpu\/#breadcrumb\",\"itemListElement\":[{\"@type\":\"ListItem\",\"position\":1,\"name\":\"Home\",\"item\":\"https:\/\/itwgse.com\/es\/home\/\"},{\"@type\":\"ListItem\",\"position\":2,\"name\":\"Soporta 7400 eGPU\"}]},{\"@type\":\"WebSite\",\"@id\":\"https:\/\/itwgse.com\/#website\",\"url\":\"https:\/\/itwgse.com\/\",\"name\":\"ITW GSE\",\"description\":\"It&#039;s all about connections\",\"publisher\":{\"@id\":\"https:\/\/itwgse.com\/#organization\"},\"potentialAction\":[{\"@type\":\"SearchAction\",\"target\":{\"@type\":\"EntryPoint\",\"urlTemplate\":\"https:\/\/itwgse.com\/?s={search_term_string}\"},\"query-input\":{\"@type\":\"PropertyValueSpecification\",\"valueRequired\":true,\"valueName\":\"search_term_string\"}}],\"inLanguage\":\"es\"},{\"@type\":\"Organization\",\"@id\":\"https:\/\/itwgse.com\/#organization\",\"name\":\"ITW GSE\",\"url\":\"https:\/\/itwgse.com\/\",\"logo\":{\"@type\":\"ImageObject\",\"inLanguage\":\"es\",\"@id\":\"https:\/\/itwgse.com\/#\/schema\/logo\/image\/\",\"url\":\"https:\/\/itwgse.com\/wp-content\/uploads\/2018\/11\/logo.png\",\"contentUrl\":\"https:\/\/itwgse.com\/wp-content\/uploads\/2018\/11\/logo.png\",\"width\":302,\"height\":237,\"caption\":\"ITW GSE\"},\"image\":{\"@id\":\"https:\/\/itwgse.com\/#\/schema\/logo\/image\/\"},\"sameAs\":[\"https:\/\/www.facebook.com\/ITWGSE\/\",\"https:\/\/www.linkedin.com\/company\/itw-gse\/\",\"https:\/\/www.youtube.com\/channel\/UCTUIMvyaOPfYIqzP8enZ8yw\"]}]}<\/script>\n<!-- \/ Yoast SEO plugin. -->","yoast_head_json":{"title":"Soporta 7400 eGPU - ITW GSE","robots":{"index":"index","follow":"follow","max-snippet":"max-snippet:-1","max-image-preview":"max-image-preview:large","max-video-preview":"max-video-preview:-1"},"canonical":"https:\/\/itwgse.com\/soporta-7400-egpu\/","og_locale":"es_ES","og_type":"article","og_title":"Soporta 7400 eGPU - ITW GSE","og_description":"Soporte 7400 eGPU En esta p\u00e1gina encontrar\u00e1s instrucciones, listas de piezas de recambio, enlaces a v\u00eddeos y mucho m\u00e1s para el ITW GSE 7400...","og_url":"https:\/\/itwgse.com\/soporta-7400-egpu\/","og_site_name":"ITW GSE","article_publisher":"https:\/\/www.facebook.com\/ITWGSE\/","twitter_card":"summary_large_image","schema":{"@context":"https:\/\/schema.org","@graph":[{"@type":"WebPage","@id":"https:\/\/itwgse.com\/soporta-7400-egpu\/","url":"https:\/\/itwgse.com\/soporta-7400-egpu\/","name":"Soporta 7400 eGPU - ITW GSE","isPartOf":{"@id":"https:\/\/itwgse.com\/#website"},"datePublished":"2026-02-24T13:03:04+00:00","breadcrumb":{"@id":"https:\/\/itwgse.com\/soporta-7400-egpu\/#breadcrumb"},"inLanguage":"es","potentialAction":[{"@type":"ReadAction","target":["https:\/\/itwgse.com\/soporta-7400-egpu\/"]}]},{"@type":"BreadcrumbList","@id":"https:\/\/itwgse.com\/soporta-7400-egpu\/#breadcrumb","itemListElement":[{"@type":"ListItem","position":1,"name":"Home","item":"https:\/\/itwgse.com\/es\/home\/"},{"@type":"ListItem","position":2,"name":"Soporta 7400 eGPU"}]},{"@type":"WebSite","@id":"https:\/\/itwgse.com\/#website","url":"https:\/\/itwgse.com\/","name":"ITW GSE","description":"It&#039;s all about connections","publisher":{"@id":"https:\/\/itwgse.com\/#organization"},"potentialAction":[{"@type":"SearchAction","target":{"@type":"EntryPoint","urlTemplate":"https:\/\/itwgse.com\/?s={search_term_string}"},"query-input":{"@type":"PropertyValueSpecification","valueRequired":true,"valueName":"search_term_string"}}],"inLanguage":"es"},{"@type":"Organization","@id":"https:\/\/itwgse.com\/#organization","name":"ITW GSE","url":"https:\/\/itwgse.com\/","logo":{"@type":"ImageObject","inLanguage":"es","@id":"https:\/\/itwgse.com\/#\/schema\/logo\/image\/","url":"https:\/\/itwgse.com\/wp-content\/uploads\/2018\/11\/logo.png","contentUrl":"https:\/\/itwgse.com\/wp-content\/uploads\/2018\/11\/logo.png","width":302,"height":237,"caption":"ITW GSE"},"image":{"@id":"https:\/\/itwgse.com\/#\/schema\/logo\/image\/"},"sameAs":["https:\/\/www.facebook.com\/ITWGSE\/","https:\/\/www.linkedin.com\/company\/itw-gse\/","https:\/\/www.youtube.com\/channel\/UCTUIMvyaOPfYIqzP8enZ8yw"]}]}},"_links":{"self":[{"href":"https:\/\/itwgse.com\/es\/wp-json\/wp\/v2\/pages\/28675","targetHints":{"allow":["GET"]}}],"collection":[{"href":"https:\/\/itwgse.com\/es\/wp-json\/wp\/v2\/pages"}],"about":[{"href":"https:\/\/itwgse.com\/es\/wp-json\/wp\/v2\/types\/page"}],"author":[{"embeddable":true,"href":"https:\/\/itwgse.com\/es\/wp-json\/wp\/v2\/users\/11"}],"replies":[{"embeddable":true,"href":"https:\/\/itwgse.com\/es\/wp-json\/wp\/v2\/comments?post=28675"}],"version-history":[{"count":0,"href":"https:\/\/itwgse.com\/es\/wp-json\/wp\/v2\/pages\/28675\/revisions"}],"wp:attachment":[{"href":"https:\/\/itwgse.com\/es\/wp-json\/wp\/v2\/media?parent=28675"}],"curies":[{"name":"wp","href":"https:\/\/api.w.org\/{rel}","templated":true}]}}