{"id":28729,"date":"2026-02-24T14:05:27","date_gmt":"2026-02-24T13:05:27","guid":{"rendered":"https:\/\/itwgse.com\/certificados-iso\/"},"modified":"2026-04-13T16:44:24","modified_gmt":"2026-04-13T14:44:24","slug":"certificados-iso","status":"publish","type":"page","link":"https:\/\/itwgse.com\/es\/certificados-iso\/","title":{"rendered":"Certificados ISO"},"content":{"rendered":"<div id=\"pl-28729\"  class=\"panel-layout\" ><div id=\"pg-28729-0\"  class=\"panel-grid panel-no-style\" ><div id=\"pgc-28729-0-0\"  class=\"panel-grid-cell\" ><div id=\"panel-28729-0-0-0\" class=\"so-panel widget widget_mtt-cover-section panel-first-child\" data-index=\"0\" ><div\n\t\t\t\n\t\t\tclass=\"so-widget-mtt-cover-section so-widget-mtt-cover-section-base\"\n\t\t\t\n\t\t>\n<div class=\"mtt-cover-section-wrap compact\">\n\t<div class=\"mtt-cover-curve\">\n\t\t<img decoding=\"async\"  src=\"https:\/\/itwgse.com\/wp-content\/themes\/mtt-standard-theme\/assets\/img\/cover\/itwgse_cut.svg\">\t<\/div>\n    <div class=\"mtt-cover-compact-background object-fit\">\n                            <div class=\"mtt-cover-compact-image object-fit contain\">\n                <img decoding=\"async\"\n                    src=\"https:\/\/itwgse.com\/wp-content\/uploads\/2023\/03\/DNVDNV.svg\"\n                    data-skip-lazy\n                    alt=\"\"\n                >\n            <\/div>\n                    <\/div>\n    <div class=\"mtt-cover-compact-container\">\n        <div class=\"mtt-cover-section-text\">\n            <h1>Certificados ISO<\/h1>\n                                <div class=\"text\"><p>ITW GSE proporciona soluciones completas de GSE, incluidas unidades de potencia terrestre de 400 Hz y unidades de aire preacondicionado. Estamos certificados seg\u00fan las normas ISO 9001 e ISO 14001. Nuestros productos llevan la marca CE o est\u00e1n homologados por UL.  <\/p>\n<\/div>\n                            <\/div>\n    <\/div>\n<\/div>\n<\/div><\/div><div id=\"panel-28729-0-0-1\" class=\"so-panel widget widget_mtt-two-col-text\" data-index=\"1\" ><div\n\t\t\t\n\t\t\tclass=\"so-widget-mtt-two-col-text so-widget-mtt-two-col-text-base\"\n\t\t\t\n\t\t>\n<div class=\"mtt-two-col-wrapper\">\n    <div class=\"mtt-two-col-container\">\n        <div class=\"mtt-two-col-content\">\n                        <div class=\"text-section\">\n                <div class=\"col formatted_content\"><h1>ISO 9001:2015<\/h1>\n<p><strong>ISO 9001<\/strong> es un <strong>sistema de gesti\u00f3n de la calidad<\/strong> reconocido en todo el mundo, y para muchos la norma es sin\u00f3nimo de calidad, gesti\u00f3n eficaz y relaciones estructuradas con los clientes.<\/p>\n<p>En ITW GSE hemos racionalizado nuestros procedimientos de calidad, hasta la organizaci\u00f3n de la f\u00e1brica. Para garantizar que los clientes que pidan una unidad de potencia terrestre de ITW GSE obtengan exactamente la misma calidad del producto, independientemente de d\u00f3nde se fabrique, ITW GSE decidi\u00f3 racionalizar los procesos y las l\u00edneas directrices de calidad hace algunos a\u00f1os. Este proceso inclu\u00eda compartir instrucciones de trabajo, hacer formaci\u00f3n cruzada del personal, garantizar el papeleo, etc.  <\/p>\n<p>\"<em>Incluso llegamos a establecer configuraciones de producci\u00f3n id\u00e9nticas en ambas plantas de fabricaci\u00f3n. Fue un verdadero esfuerzo de equipo el que nos llev\u00f3 hasta all\u00ed. Anteriormente hab\u00edamos obtenido la certificaci\u00f3n ISO 9001 de forma individual en cada centro, pero en 2019 logramos la transici\u00f3n a una certificaci\u00f3n \u00fanica y compartida, certific\u00e1ndonos como una divisi\u00f3n global conforme al sistema de gesti\u00f3n de la calidad ISO 9001:2015.  <\/em>\".<\/p>\n<p>Un ejemplo es la <a href=\"https:\/\/itwgse.com\/products\/power\/itw-gse-2400-compact-gpu\/\">GPU ITW GSE 2400<\/a>, que tiene una eficiencia extremadamente alta (94%), ninguna emisi\u00f3n de<sub>CO2<\/sub> en el lugar de trabajo y bajos niveles de ruido. Esto significa que las GPU de estado s\u00f3lido 2400 (incluida la 2400 Power Coil) son lo m\u00e1s ecol\u00f3gicas que pueden ser; en beneficio del aeropuerto, los pasajeros, el personal del aeropuerto y el medio ambiente. <\/p>\n<p><img decoding=\"async\" class=\"alignnone size-medium wp-image-6932\" src=\"https:\/\/itwgse.com\/wp-content\/uploads\/2019\/07\/Production-june-2019-cross-training-2-300x212.jpg\" alt=\"itwgse, itw-gse, itw_gse, itw gse, itw.gse\" width=\"300\" height=\"212\" srcset=\"https:\/\/itwgse.com\/wp-content\/uploads\/2019\/07\/Production-june-2019-cross-training-2-300x212.jpg 300w, https:\/\/itwgse.com\/wp-content\/uploads\/2019\/07\/Production-june-2019-cross-training-2-307x217.jpg 307w, https:\/\/itwgse.com\/wp-content\/uploads\/2019\/07\/Production-june-2019-cross-training-2.jpg 330w\" sizes=\"(max-width: 300px) 100vw, 300px\" \/> <img decoding=\"async\" class=\"alignnone size-medium wp-image-6936\" src=\"https:\/\/itwgse.com\/wp-content\/uploads\/2019\/07\/Production-june-2019-cross-training-1-300x233.jpg\" alt=\"itwgse, itw-gse, itw_gse, itw gse, itw.gse, pca, 3400pca, itwgse3400pca, itwgse 3400,\" width=\"300\" height=\"233\" srcset=\"https:\/\/itwgse.com\/wp-content\/uploads\/2019\/07\/Production-june-2019-cross-training-1-300x233.jpg 300w, https:\/\/itwgse.com\/wp-content\/uploads\/2019\/07\/Production-june-2019-cross-training-1.jpg 304w\" sizes=\"(max-width: 300px) 100vw, 300px\" \/><\/p>\n<\/div>\n                <div class=\"col formatted_content\"><h1>ISO 14001:2015<\/h1>\n<p><strong>La gesti\u00f3n medioambiental<\/strong> conforme a <strong>la norma ISO 14001<\/strong> permite a las empresas evaluar el riesgo de sus circunstancias medioambientales, implantar de forma proactiva el medio ambiente y la sostenibilidad como parte de la actividad principal de la empresa y garantizar a la alta direcci\u00f3n que se alcanzar\u00e1n los objetivos de sostenibilidad de la empresa.<\/p>\n<p>Esta certificaci\u00f3n se alinea bien con el compromiso estrat\u00e9gico de ITW GSE de promover activamente un entorno limpio y seguro en todas las \u00e1reas de nuestro negocio e incluye las sedes de Odense (DK) y Palmetto, Florida (EE.UU.).<\/p>\n<p>En cuanto al desarrollo de productos, los factores medioambientales se tienen en cuenta desde el concepto hasta el lanzamiento del producto. Estos factores incluyen materiales, procesos de fabricaci\u00f3n, funcionamiento del equipo, mantenimiento y consideraciones sobre el final de la vida \u00fatil. Un ejemplo es la <a href=\"https:\/\/itwgse.com\/products\/power\/itw-gse-7400-egpu\/\">familia ITW GSE 7400 de GPU alimentadas por bater\u00eda<\/a> que proporcionan a los aviones energ\u00eda limpia y fiable en todo el mundo. Una soluci\u00f3n ideal para los clientes que buscan mejorar su huella medioambiental al tiempo que reducen el mantenimiento de los equipos y el coste de propiedad.   <\/p>\n<p>Por lo que respecta a las operaciones, la mejora constante del impacto medioambiental de ITW GSE est\u00e1 a la vanguardia de la disposici\u00f3n y el funcionamiento de nuestras instalaciones de fabricaci\u00f3n. Nos dedicamos a ser un vecino responsable con el medio ambiente en las comunidades en las que residimos estableciendo cada a\u00f1o objetivos agresivos de mejora medioambiental. Estos objetivos pueden abarcar una amplia gama de \u00e1reas, desde el desarrollo de productos y las mejoras en la fabricaci\u00f3n hasta la utilizaci\u00f3n de proveedores que compartan nuestro compromiso con un entorno limpio y seguro.  <\/p>\n<p>\u00a0<\/p>\n                                    <\/div>\n            <\/div>\n                    <\/div>\n    <\/div>\n<\/div><\/div><\/div><div id=\"panel-28729-0-0-2\" class=\"so-panel widget widget_mtt-one-col-text\" data-index=\"2\" ><div\n\t\t\t\n\t\t\tclass=\"so-widget-mtt-one-col-text so-widget-mtt-one-col-text-base\"\n\t\t\t\n\t\t>\n<div class=\"mtt-two-col-wrapper no-top-padding\">\n    <div class=\"mtt-two-col-container\">\n        <div class=\"mtt-two-col-content formatted_content\">\n\t\t\t            <div class=\"text-section one-col\">\n                <p><img decoding=\"async\" class=\"aligncenter wp-image-17658 size-full\" src=\"https:\/\/itwgse.com\/wp-content\/uploads\/2021\/07\/iso-140019001-by-buttons.png\" alt=\"itw gse certificados iso 14001 y 9001\" width=\"504\" height=\"247\" srcset=\"https:\/\/itwgse.com\/wp-content\/uploads\/2021\/07\/iso-140019001-by-buttons.png 504w, https:\/\/itwgse.com\/wp-content\/uploads\/2021\/07\/iso-140019001-by-buttons-300x147.png 300w\" sizes=\"(max-width: 504px) 100vw, 504px\" \/><\/p>\n            <\/div>\n\n            \n                        <\/div>\n    <\/div>\n<\/div>\n<\/div><\/div><div id=\"panel-28729-0-0-3\" class=\"so-panel widget widget_mtt-one-col-text\" data-index=\"3\" ><div\n\t\t\t\n\t\t\tclass=\"so-widget-mtt-one-col-text so-widget-mtt-one-col-text-base\"\n\t\t\t\n\t\t>\n<div class=\"mtt-two-col-wrapper no-top-padding\">\n    <div class=\"mtt-two-col-container\">\n        <div class=\"mtt-two-col-content formatted_content\">\n\t\t\t            <div class=\"text-section one-col\">\n                            <\/div>\n\n            \n                    <div class=\"button-wrap\">\n                \n                                                                <a\n                            href=\"https:\/\/itwgse.com\/wp-content\/uploads\/2026\/04\/ISO_9001-ENG-198913-2016-AQ-DEN-DANAK-10-20260407.pdf\"\n                            class=\"button link button  button-margin\"\n                                                    >\n                            Ver el certificado ISO 9001                        <\/a>\n                                    \n                                                                <a\n                            href=\"https:\/\/itwgse.com\/wp-content\/uploads\/2024\/05\/ITWGSE_Div_ISO14001_2024.pdf\"\n                            class=\"button link button  button-margin\"\n                                                    >\n                            Ver el certificado ISO 14001                        <\/a>\n                                                <\/div>\n                        <\/div>\n    <\/div>\n<\/div>\n<\/div><\/div><div id=\"panel-28729-0-0-4\" class=\"so-panel widget widget_mtt-two-col-text\" data-index=\"4\" ><div\n\t\t\t\n\t\t\tclass=\"so-widget-mtt-two-col-text so-widget-mtt-two-col-text-base\"\n\t\t\t\n\t\t>\n<div class=\"mtt-two-col-wrapper no-top-padding\">\n    <div class=\"mtt-two-col-container\">\n        <div class=\"mtt-two-col-content\">\n                        <div class=\"text-section\">\n                <div class=\"col formatted_content\"><h1><strong>Objetivos de calidad<\/strong><\/h1>\n<p>Centramos nuestros recursos en las \u00e1reas que son importantes para nosotros, es decir:<\/p>\n<ul>\n<li>Creaci\u00f3n de soluciones industriales \u00fanicas de valor a\u00f1adido basadas en la tecnolog\u00eda de los convertidores<\/li>\n<li>Para simplificar las operaciones de los clientes y reducir la complejidad, ITW GSE se centra en el enfoque por sistemas<\/li>\n<li>Fabricaci\u00f3n de soluciones sencillas y eficaces sobre el suelo<\/li>\n<li>Para mantener y mejorar la calidad de nuestros productos, nos centramos en la mejora continua de todos los procesos: I+D, ventas, fabricaci\u00f3n y posventa<\/li>\n<li>Nos centramos en el 20% de nuestros clientes que representan el 80% de nuestros productos<\/li>\n<li>Centrarnos en los productos b\u00e1sicos para garantizar que disponemos de los recursos necesarios y que satisfacemos los requisitos de las autoridades en todo momento<\/li>\n<li>Para lograr la mayor fiabilidad posible de los productos, nos centramos en la simplificaci\u00f3n de la l\u00ednea de productos<\/li>\n<\/ul>\n<p>\u00a0<\/p>\n<\/div>\n                <div class=\"col formatted_content\"><h1><strong>Objetivos medioambientales<\/strong><\/h1>\n<p>La responsabilidad medioambiental se ha incorporado a todos los aspectos de nuestro negocio para incluir:<\/p>\n<ul>\n<li>Cumplir y superar todas las leyes y normativas medioambientales.<\/li>\n<li>Desarrollo de productos teniendo en cuenta los materiales, las emisiones, el funcionamiento del equipo, el mantenimiento y el ciclo de vida del producto.<\/li>\n<li>Las operaciones de fabricaci\u00f3n incluyen el transporte y almacenamiento de materiales, los procesos de producci\u00f3n, las instalaciones de ensayo, as\u00ed como el mantenimiento de las instalaciones y los terrenos.<\/li>\n<li>Utilizar proveedores que compartan nuestro compromiso de proteger el medio ambiente de da\u00f1os y degradaci\u00f3n.<\/li>\n<li>Proporcionamos a los clientes equipos que les ayudan a cumplir sus objetivos medioambientales, al tiempo que les ofrecemos soluciones de apoyo en tierra para aeronaves de \u00faltima generaci\u00f3n y rentables.<\/li>\n<li>Educar y apoyar a nuestros empleados sobre formas de mejorar continuamente nuestra huella medioambiental.<\/li>\n<li>Asegurarnos de que somos vecinos responsables con el medio ambiente en las comunidades donde residimos.<\/li>\n<\/ul>\n                                    <\/div>\n            <\/div>\n                    <\/div>\n    <\/div>\n<\/div><\/div><\/div><div id=\"panel-28729-0-0-5\" class=\"so-panel widget widget_mtt-customer-support panel-last-child\" data-index=\"5\" ><div\n\t\t\t\n\t\t\tclass=\"so-widget-mtt-customer-support so-widget-mtt-customer-support-base\"\n\t\t\t\n\t\t>\n<div class=\"mtt-text-image-wrap less-top-padding less-bottom-padding grey-bg\">\n        <!-- Content -->\n    <div class=\"mtt-text-image-container\">\n        <div class=\"mtt-text-image-col\">\n            <div class=\"mtt-text-image-content formatted_content\">\n                                <h2>Atenci\u00f3n al cliente<\/h2>\n                <p><strong>\u00bfC\u00f3mo le podemos ayudar?<\/strong><\/p>\n<p>\u00bfNecesita esquemas, cat\u00e1logos de repuestos o v\u00eddeos de instrucciones?<\/p>\n<p>Use el bot\u00f3n \u201cAsistencia con el producto\u201d. \u00bfTiene preguntas para el equipo de atenci\u00f3n al cliente? Use el bot\u00f3n \u201cContacto con atenci\u00f3n al cliente\u201d. Si tiene alguna duda con respecto a un producto concreto, proporci\u00f3nenos el n\u00famero de serie del producto.<\/p>\n\n                                    <div class=\"button-wrap\">\n                                                    <a href=\"https:\/\/itwgse.com\/es\/support-and-service\/\" class=\"button\">\n                                Asistencia con el producto                            <\/a>\n                                                    <a href=\"https:\/\/itwgse.com\/es\/contacto\/\" class=\"button\">\n                                Contactar con Atenci\u00f3n al cliente                            <\/a>\n                                            <\/div>\n                            <\/div>\n        <\/div>\n                    <div class=\"mtt-text-image-col img center\">\n                <div class=\"mtt-text-image-content\">\n                    <img decoding=\"async\" width=\"1800\" height=\"1023\" src=\"https:\/\/itwgse.com\/wp-content\/uploads\/2018\/06\/ITWGSE_hero_cleanest-1.jpg\" class=\"attachment-full size-full\" alt=\"7400 low noice JK\" srcset=\"https:\/\/itwgse.com\/wp-content\/uploads\/2018\/06\/ITWGSE_hero_cleanest-1.jpg 1800w, https:\/\/itwgse.com\/wp-content\/uploads\/2018\/06\/ITWGSE_hero_cleanest-1-300x171.jpg 300w, https:\/\/itwgse.com\/wp-content\/uploads\/2018\/06\/ITWGSE_hero_cleanest-1-1024x582.jpg 1024w\" sizes=\"(max-width: 1800px) 100vw, 1800px\" \/>                \n                    \n                    \n                <\/div>\n            <\/div>\n            <\/div>\n<\/div>\n\n<script>\nfunction sendEvent(action, element) {\n    var videoTitle = jQuery(element).data('title');  \n\n    if (dataLayer && videoTitle) {\n        dataLayer.push({\n            'event': 'video',\n            'eventCategory': 'Video',\n            'eventAction': action,\n            'eventLabel': videoTitle\n        });\n    }\n    else if (ga && videoTitle) {\n        ga('send', 'event', 'Video', action, videoTitle);\n    }  \n}\n<\/script>\n<\/div><\/div><\/div><\/div><\/div>","protected":false},"excerpt":{"rendered":"<p>Certificados ISO ITW GSE proporciona soluciones completas de GSE, incluidas unidades de potencia terrestre de 400 Hz y unidades de aire preacondicionado. Estamos certificados&#8230;<\/p>\n","protected":false},"author":11,"featured_media":0,"parent":0,"menu_order":182,"comment_status":"closed","ping_status":"closed","template":"","meta":{"_acf_changed":false,"_relevanssi_hide_post":"","_relevanssi_hide_content":"","_relevanssi_pin_for_all":"","_relevanssi_pin_keywords":"","_relevanssi_unpin_keywords":"","_relevanssi_related_keywords":"","_relevanssi_related_include_ids":"","_relevanssi_related_exclude_ids":"","_relevanssi_related_no_append":"","_relevanssi_related_not_related":"","_relevanssi_related_posts":"","_relevanssi_noindex_reason":"","footnotes":""},"class_list":["post-28729","page","type-page","status-publish","hentry"],"acf":[],"yoast_head":"<!-- This site is optimized with the Yoast SEO plugin v27.0 - https:\/\/yoast.com\/product\/yoast-seo-wordpress\/ -->\n<title>Certificados ISO - ITW GSE<\/title>\n<meta name=\"description\" content=\"Estamos certificados seg\u00fan las normas ISO 9001 (calidad) e ISO 14001 (medio ambiente). Nuestros productos llevan la marca CE o est\u00e1n homologados por UL.\" \/>\n<meta name=\"robots\" content=\"index, follow, max-snippet:-1, max-image-preview:large, max-video-preview:-1\" \/>\n<link rel=\"canonical\" href=\"https:\/\/itwgse.com\/es\/certificados-iso\/\" \/>\n<meta property=\"og:locale\" content=\"es_ES\" \/>\n<meta property=\"og:type\" content=\"article\" \/>\n<meta property=\"og:title\" content=\"Certificados ISO - ITW GSE\" \/>\n<meta property=\"og:description\" content=\"Estamos certificados seg\u00fan las normas ISO 9001 (calidad) e ISO 14001 (medio ambiente). Nuestros productos llevan la marca CE o est\u00e1n homologados por UL.\" \/>\n<meta property=\"og:url\" content=\"https:\/\/itwgse.com\/es\/certificados-iso\/\" \/>\n<meta property=\"og:site_name\" content=\"ITW GSE\" \/>\n<meta property=\"article:publisher\" content=\"https:\/\/www.facebook.com\/ITWGSE\/\" \/>\n<meta property=\"article:modified_time\" content=\"2026-04-13T14:44:24+00:00\" \/>\n<meta name=\"twitter:card\" content=\"summary_large_image\" \/>\n<script type=\"application\/ld+json\" class=\"yoast-schema-graph\">{\"@context\":\"https:\/\/schema.org\",\"@graph\":[{\"@type\":\"WebPage\",\"@id\":\"https:\/\/itwgse.com\/es\/certificados-iso\/\",\"url\":\"https:\/\/itwgse.com\/es\/certificados-iso\/\",\"name\":\"Certificados ISO - ITW GSE\",\"isPartOf\":{\"@id\":\"https:\/\/itwgse.com\/#website\"},\"datePublished\":\"2026-02-24T13:05:27+00:00\",\"dateModified\":\"2026-04-13T14:44:24+00:00\",\"description\":\"Estamos certificados seg\u00fan las normas ISO 9001 (calidad) e ISO 14001 (medio ambiente). Nuestros productos llevan la marca CE o est\u00e1n homologados por UL.\",\"breadcrumb\":{\"@id\":\"https:\/\/itwgse.com\/es\/certificados-iso\/#breadcrumb\"},\"inLanguage\":\"es\",\"potentialAction\":[{\"@type\":\"ReadAction\",\"target\":[\"https:\/\/itwgse.com\/es\/certificados-iso\/\"]}]},{\"@type\":\"BreadcrumbList\",\"@id\":\"https:\/\/itwgse.com\/es\/certificados-iso\/#breadcrumb\",\"itemListElement\":[{\"@type\":\"ListItem\",\"position\":1,\"name\":\"Home\",\"item\":\"https:\/\/itwgse.com\/es\/home\/\"},{\"@type\":\"ListItem\",\"position\":2,\"name\":\"Certificados ISO\"}]},{\"@type\":\"WebSite\",\"@id\":\"https:\/\/itwgse.com\/#website\",\"url\":\"https:\/\/itwgse.com\/\",\"name\":\"ITW GSE\",\"description\":\"It&#039;s all about connections\",\"publisher\":{\"@id\":\"https:\/\/itwgse.com\/#organization\"},\"potentialAction\":[{\"@type\":\"SearchAction\",\"target\":{\"@type\":\"EntryPoint\",\"urlTemplate\":\"https:\/\/itwgse.com\/?s={search_term_string}\"},\"query-input\":{\"@type\":\"PropertyValueSpecification\",\"valueRequired\":true,\"valueName\":\"search_term_string\"}}],\"inLanguage\":\"es\"},{\"@type\":\"Organization\",\"@id\":\"https:\/\/itwgse.com\/#organization\",\"name\":\"ITW GSE\",\"url\":\"https:\/\/itwgse.com\/\",\"logo\":{\"@type\":\"ImageObject\",\"inLanguage\":\"es\",\"@id\":\"https:\/\/itwgse.com\/#\/schema\/logo\/image\/\",\"url\":\"https:\/\/itwgse.com\/wp-content\/uploads\/2018\/11\/logo.png\",\"contentUrl\":\"https:\/\/itwgse.com\/wp-content\/uploads\/2018\/11\/logo.png\",\"width\":302,\"height\":237,\"caption\":\"ITW GSE\"},\"image\":{\"@id\":\"https:\/\/itwgse.com\/#\/schema\/logo\/image\/\"},\"sameAs\":[\"https:\/\/www.facebook.com\/ITWGSE\/\",\"https:\/\/www.linkedin.com\/company\/itw-gse\/\",\"https:\/\/www.youtube.com\/channel\/UCTUIMvyaOPfYIqzP8enZ8yw\"]}]}<\/script>\n<!-- \/ Yoast SEO plugin. -->","yoast_head_json":{"title":"Certificados ISO - ITW GSE","description":"Estamos certificados seg\u00fan las normas ISO 9001 (calidad) e ISO 14001 (medio ambiente). Nuestros productos llevan la marca CE o est\u00e1n homologados por UL.","robots":{"index":"index","follow":"follow","max-snippet":"max-snippet:-1","max-image-preview":"max-image-preview:large","max-video-preview":"max-video-preview:-1"},"canonical":"https:\/\/itwgse.com\/es\/certificados-iso\/","og_locale":"es_ES","og_type":"article","og_title":"Certificados ISO - ITW GSE","og_description":"Estamos certificados seg\u00fan las normas ISO 9001 (calidad) e ISO 14001 (medio ambiente). Nuestros productos llevan la marca CE o est\u00e1n homologados por UL.","og_url":"https:\/\/itwgse.com\/es\/certificados-iso\/","og_site_name":"ITW GSE","article_publisher":"https:\/\/www.facebook.com\/ITWGSE\/","article_modified_time":"2026-04-13T14:44:24+00:00","twitter_card":"summary_large_image","schema":{"@context":"https:\/\/schema.org","@graph":[{"@type":"WebPage","@id":"https:\/\/itwgse.com\/es\/certificados-iso\/","url":"https:\/\/itwgse.com\/es\/certificados-iso\/","name":"Certificados ISO - ITW GSE","isPartOf":{"@id":"https:\/\/itwgse.com\/#website"},"datePublished":"2026-02-24T13:05:27+00:00","dateModified":"2026-04-13T14:44:24+00:00","description":"Estamos certificados seg\u00fan las normas ISO 9001 (calidad) e ISO 14001 (medio ambiente). Nuestros productos llevan la marca CE o est\u00e1n homologados por UL.","breadcrumb":{"@id":"https:\/\/itwgse.com\/es\/certificados-iso\/#breadcrumb"},"inLanguage":"es","potentialAction":[{"@type":"ReadAction","target":["https:\/\/itwgse.com\/es\/certificados-iso\/"]}]},{"@type":"BreadcrumbList","@id":"https:\/\/itwgse.com\/es\/certificados-iso\/#breadcrumb","itemListElement":[{"@type":"ListItem","position":1,"name":"Home","item":"https:\/\/itwgse.com\/es\/home\/"},{"@type":"ListItem","position":2,"name":"Certificados ISO"}]},{"@type":"WebSite","@id":"https:\/\/itwgse.com\/#website","url":"https:\/\/itwgse.com\/","name":"ITW GSE","description":"It&#039;s all about connections","publisher":{"@id":"https:\/\/itwgse.com\/#organization"},"potentialAction":[{"@type":"SearchAction","target":{"@type":"EntryPoint","urlTemplate":"https:\/\/itwgse.com\/?s={search_term_string}"},"query-input":{"@type":"PropertyValueSpecification","valueRequired":true,"valueName":"search_term_string"}}],"inLanguage":"es"},{"@type":"Organization","@id":"https:\/\/itwgse.com\/#organization","name":"ITW GSE","url":"https:\/\/itwgse.com\/","logo":{"@type":"ImageObject","inLanguage":"es","@id":"https:\/\/itwgse.com\/#\/schema\/logo\/image\/","url":"https:\/\/itwgse.com\/wp-content\/uploads\/2018\/11\/logo.png","contentUrl":"https:\/\/itwgse.com\/wp-content\/uploads\/2018\/11\/logo.png","width":302,"height":237,"caption":"ITW GSE"},"image":{"@id":"https:\/\/itwgse.com\/#\/schema\/logo\/image\/"},"sameAs":["https:\/\/www.facebook.com\/ITWGSE\/","https:\/\/www.linkedin.com\/company\/itw-gse\/","https:\/\/www.youtube.com\/channel\/UCTUIMvyaOPfYIqzP8enZ8yw"]}]}},"_links":{"self":[{"href":"https:\/\/itwgse.com\/es\/wp-json\/wp\/v2\/pages\/28729","targetHints":{"allow":["GET"]}}],"collection":[{"href":"https:\/\/itwgse.com\/es\/wp-json\/wp\/v2\/pages"}],"about":[{"href":"https:\/\/itwgse.com\/es\/wp-json\/wp\/v2\/types\/page"}],"author":[{"embeddable":true,"href":"https:\/\/itwgse.com\/es\/wp-json\/wp\/v2\/users\/11"}],"replies":[{"embeddable":true,"href":"https:\/\/itwgse.com\/es\/wp-json\/wp\/v2\/comments?post=28729"}],"version-history":[{"count":1,"href":"https:\/\/itwgse.com\/es\/wp-json\/wp\/v2\/pages\/28729\/revisions"}],"predecessor-version":[{"id":45638,"href":"https:\/\/itwgse.com\/es\/wp-json\/wp\/v2\/pages\/28729\/revisions\/45638"}],"wp:attachment":[{"href":"https:\/\/itwgse.com\/es\/wp-json\/wp\/v2\/media?parent=28729"}],"curies":[{"name":"wp","href":"https:\/\/api.w.org\/{rel}","templated":true}]}}