{"id":28740,"date":"2026-02-24T14:10:35","date_gmt":"2026-02-24T13:10:35","guid":{"rendered":"https:\/\/itwgse.com\/condiciones-generales-de-garantia\/"},"modified":"2026-02-24T14:10:35","modified_gmt":"2026-02-24T13:10:35","slug":"condiciones-generales-de-garantia","status":"publish","type":"page","link":"https:\/\/itwgse.com\/es\/condiciones-generales-de-garantia\/","title":{"rendered":"Condiciones generales de garant\u00eda"},"content":{"rendered":"<div id=\"pl-28740\"  class=\"panel-layout\" ><div id=\"pg-28740-0\"  class=\"panel-grid panel-no-style\" ><div id=\"pgc-28740-0-0\"  class=\"panel-grid-cell\" ><div id=\"panel-28740-0-0-0\" class=\"so-panel widget widget_mtt-cover-section panel-first-child panel-last-child\" data-index=\"0\" ><div\n\t\t\t\n\t\t\tclass=\"so-widget-mtt-cover-section so-widget-mtt-cover-section-base\"\n\t\t\t\n\t\t>\n<div class=\"mtt-cover-section-wrap compact extra-small\">\n\t<div class=\"mtt-cover-curve\">\n\t\t<img decoding=\"async\"  src=\"https:\/\/itwgse.com\/wp-content\/themes\/mtt-standard-theme\/assets\/img\/cover\/itwgse_cut.svg\">\t<\/div>\n    <div class=\"mtt-cover-compact-background object-fit overlay\">\n                            <\/div>\n    <div class=\"mtt-cover-compact-container\">\n        <div class=\"mtt-cover-section-text\">\n            <h1>Condiciones generales de garant\u00eda<\/h1>\n                    <\/div>\n    <\/div>\n<\/div>\n<\/div><\/div><\/div><\/div><div id=\"pg-28740-1\"  class=\"panel-grid panel-no-style\" ><div id=\"pgc-28740-1-0\"  class=\"panel-grid-cell\" ><div id=\"panel-28740-1-0-0\" class=\"so-panel widget widget_mtt-two-col-text panel-first-child panel-last-child\" data-index=\"1\" ><div\n\t\t\t\n\t\t\tclass=\"so-widget-mtt-two-col-text so-widget-mtt-two-col-text-base\"\n\t\t\t\n\t\t>\n<div class=\"mtt-two-col-wrapper\">\n    <div class=\"mtt-two-col-container\">\n        <div class=\"mtt-two-col-content has-title\">\n                            <h2>Extracto de los T\u00e9rminos y Condiciones de Venta de ITW GSE<\/h2>\n                        <div class=\"text-section\">\n                <div class=\"col formatted_content\"><p><strong>Fechado el 20 de enero de 2020 - Revisi\u00f3n: A<\/strong><\/p>\n<p>(versi\u00f3n completa para descargar al final de la p\u00e1gina)<\/p>\n<p>\u00a7 7. Garant\u00eda <\/p>\n<p>Garant\u00eda. ITW garantiza que transmitir\u00e1 los Productos libres y exentos de toda carga, inter\u00e9s de seguridad y grav\u00e1menes creados por, a trav\u00e9s o bajo ITW. ITW garantiza adem\u00e1s que durante el Periodo de Garant\u00eda aplicable (definido a continuaci\u00f3n), en condiciones normales de uso y con una instalaci\u00f3n y mantenimiento adecuados, seg\u00fan determine ITW, los Productos (a) se ajustar\u00e1n a las especificaciones escritas u otras descripciones mutuamente acordadas; y (b) estar\u00e1n libres de defectos sustanciales en materiales y mano de obra.    <\/p>\n<p>El Periodo de Garant\u00eda comienza en la fecha de env\u00edo y contin\u00faa durante el periodo que se indica a continuaci\u00f3n:<br \/>GPU de accionamiento del motor (excepto subconjuntos de motor y generador): 24 meses.<br \/>Motor: 24 meses o 2.000 horas de funcionamiento, lo que ocurra primero. M\u00ednimo 12 meses, independientemente de las horas de funcionamiento del motor.<br \/>Accionamiento del motor GPU Generador: 24 meses.<br \/>Equipo GPU alimentado por l\u00ednea: Componentes el\u00e9ctricos 24 meses.<br \/>Equipo GPU accionado por l\u00ednea: Componentes mec\u00e1nicos 24 meses.<br \/>Equipo PCA alimentado por l\u00ednea: 12 meses.<br \/>Equipo GPU alimentado por bater\u00eda: Componentes el\u00e9ctricos 24 meses.<br \/>Equipo de GPU alimentado por bater\u00eda: Bater\u00edas 60 meses. Se aplican las condiciones, v\u00e9ase la secci\u00f3n 5.0 del Manual del Usuario Original ITW GSE 7400, suministrado con la m\u00e1quina o disponible previa solicitud.<br \/>Piezas de recambio garantizadas: El resto del periodo de garant\u00eda original o 6 meses, lo que sea m\u00e1s largo.<br \/>Accesorios: 6 meses.<br \/>Piezas de recambio: 6 meses.  <\/p>\n<\/div>\n                <div class=\"col formatted_content\"><p>En caso de incumplimiento de las garant\u00edas establecidas anteriormente (las \"Garant\u00edas\"), la \u00fanica responsabilidad de ITW y el \u00fanico recurso del Comprador ser\u00e1 (a elecci\u00f3n de ITW), que ITW repare, sustituya o abone en la cuenta del Comprador, cualquier Producto que no cumpla las Garant\u00edas, siempre que (i) durante el Periodo de Garant\u00eda se notifique inmediatamente por escrito a ITW el descubrimiento de dicho incumplimiento con una explicaci\u00f3n detallada de las supuestas deficiencias; (ii) se d\u00e9 a ITW una oportunidad razonable de investigar todas las reclamaciones; y (iii) el examen de dicho Producto por parte de ITW confirme las supuestas deficiencias y que \u00e9stas no han sido causadas por accidente, uso indebido, negligencia, instalaci\u00f3n incorrecta, alteraci\u00f3n o reparaci\u00f3n no autorizada o pruebas inadecuadas.   <\/p>\n<p>Ning\u00fan Producto podr\u00e1 ser devuelto a ITW hasta su inspecci\u00f3n y aprobaci\u00f3n por parte de ITW.<\/p>\n<p>La Garant\u00eda contra defectos no se aplica a: (1) componentes consumibles o art\u00edculos de desgaste ordinario; o (2) uso de los Productos con equipos, componentes o piezas no especificados o suministrados por ITW o contemplados en la documentaci\u00f3n del Producto.<\/p>\n<p>A excepci\u00f3n de lo establecido anteriormente, ITW no ofrece garant\u00edas ni representaciones de ning\u00fan tipo, expresas o impl\u00edcitas (incluidas las garant\u00edas de comerciabilidad o idoneidad para un fin determinado).<\/p>\n                                    <\/div>\n            <\/div>\n                    <\/div>\n    <\/div>\n<\/div><\/div><\/div><\/div><\/div><div id=\"pg-28740-2\"  class=\"panel-grid panel-no-style\" ><div id=\"pgc-28740-2-0\"  class=\"panel-grid-cell\" ><div id=\"panel-28740-2-0-0\" class=\"so-panel widget widget_mtt-one-col-text panel-first-child\" data-index=\"2\" ><div\n\t\t\t\n\t\t\tclass=\"so-widget-mtt-one-col-text so-widget-mtt-one-col-text-base\"\n\t\t\t\n\t\t>\n<div class=\"mtt-two-col-wrapper no-top-padding centered\">\n    <div class=\"mtt-two-col-container\">\n        <div class=\"mtt-two-col-content formatted_content\">\n\t\t\t                <h2>Condiciones generales de venta y entrega<\/h2>\n                        <div class=\"text-section one-col\">\n                            <\/div>\n\n            \n                    <div class=\"button-wrap\">\n                \n                                                                <a\n                            href=\"https:\/\/itwgse.com\/wp-content\/uploads\/2020\/02\/ITW-GSE-ApS-Terms-and-Conditions-of-Sale_dated-20-January-2020.pdf\"\n                            class=\"button link button file  button-margin\"\n                            target=\"_blank\" rel=\"noopener noreferrer\"                        >\n                            Descargar para ITW GSE ApS                        <\/a>\n                                    \n                                                                <a\n                            href=\"https:\/\/itwgse.com\/wp-content\/uploads\/2023\/03\/ITW_GSE_Inc_Terms_and_Conditions_of_Sale_for_Americas_dated-20-January-2020.pdf\"\n                            class=\"button link button file  button-margin\"\n                            target=\"_blank\" rel=\"noopener noreferrer\"                        >\n                            Descarga para ITW GSE Inc.                          <\/a>\n                                                <\/div>\n                        <\/div>\n    <\/div>\n<\/div>\n<\/div><\/div><div id=\"panel-28740-2-0-1\" class=\"so-panel widget widget_mtt-customer-support panel-last-child\" data-index=\"3\" ><div\n\t\t\t\n\t\t\tclass=\"so-widget-mtt-customer-support so-widget-mtt-customer-support-base\"\n\t\t\t\n\t\t>\n<div class=\"mtt-text-image-wrap less-top-padding less-bottom-padding grey-bg\">\n        <!-- Content -->\n    <div class=\"mtt-text-image-container\">\n        <div class=\"mtt-text-image-col\">\n            <div class=\"mtt-text-image-content formatted_content\">\n                                <h2>Atenci\u00f3n al cliente<\/h2>\n                <p><strong>\u00bfC\u00f3mo le podemos ayudar?<\/strong><\/p>\n<p>\u00bfNecesita esquemas, cat\u00e1logos de repuestos o v\u00eddeos de instrucciones?<\/p>\n<p>Use el bot\u00f3n \u201cAsistencia con el producto\u201d. \u00bfTiene preguntas para el equipo de atenci\u00f3n al cliente? Use el bot\u00f3n \u201cContacto con atenci\u00f3n al cliente\u201d. Si tiene alguna duda con respecto a un producto concreto, proporci\u00f3nenos el n\u00famero de serie del producto.<\/p>\n\n                                    <div class=\"button-wrap\">\n                                                    <a href=\"https:\/\/itwgse.com\/es\/support-and-service\/\" class=\"button\">\n                                Asistencia con el producto                            <\/a>\n                                                    <a href=\"https:\/\/itwgse.com\/es\/contacto\/\" class=\"button\">\n                                Contactar con Atenci\u00f3n al cliente                            <\/a>\n                                            <\/div>\n                            <\/div>\n        <\/div>\n                    <div class=\"mtt-text-image-col img center\">\n                <div class=\"mtt-text-image-content\">\n                    <img decoding=\"async\" width=\"1800\" height=\"1023\" src=\"https:\/\/itwgse.com\/wp-content\/uploads\/2018\/06\/ITWGSE_hero_cleanest-1.jpg\" class=\"attachment-full size-full\" alt=\"7400 low noice JK\" srcset=\"https:\/\/itwgse.com\/wp-content\/uploads\/2018\/06\/ITWGSE_hero_cleanest-1.jpg 1800w, https:\/\/itwgse.com\/wp-content\/uploads\/2018\/06\/ITWGSE_hero_cleanest-1-300x171.jpg 300w, https:\/\/itwgse.com\/wp-content\/uploads\/2018\/06\/ITWGSE_hero_cleanest-1-1024x582.jpg 1024w\" sizes=\"(max-width: 1800px) 100vw, 1800px\" \/>                \n                    \n                    \n                <\/div>\n            <\/div>\n            <\/div>\n<\/div>\n\n<script>\nfunction sendEvent(action, element) {\n    var videoTitle = jQuery(element).data('title');  \n\n    if (dataLayer && videoTitle) {\n        dataLayer.push({\n            'event': 'video',\n            'eventCategory': 'Video',\n            'eventAction': action,\n            'eventLabel': videoTitle\n        });\n    }\n    else if (ga && videoTitle) {\n        ga('send', 'event', 'Video', action, videoTitle);\n    }  \n}\n<\/script>\n<\/div><\/div><\/div><\/div><\/div>","protected":false},"excerpt":{"rendered":"<p>Condiciones generales de garant\u00eda Extracto de los T\u00e9rminos y Condiciones de Venta de ITW GSE Fechado el 20 de enero de 2020 &#8211; Revisi\u00f3n:&#8230;<\/p>\n","protected":false},"author":1,"featured_media":0,"parent":0,"menu_order":274,"comment_status":"closed","ping_status":"closed","template":"","meta":{"_acf_changed":false,"_relevanssi_hide_post":"","_relevanssi_hide_content":"","_relevanssi_pin_for_all":"","_relevanssi_pin_keywords":"","_relevanssi_unpin_keywords":"","_relevanssi_related_keywords":"","_relevanssi_related_include_ids":"","_relevanssi_related_exclude_ids":"","_relevanssi_related_no_append":"","_relevanssi_related_not_related":"","_relevanssi_related_posts":"","_relevanssi_noindex_reason":"","footnotes":""},"class_list":["post-28740","page","type-page","status-publish","hentry"],"acf":[],"yoast_head":"<!-- This site is optimized with the Yoast SEO plugin v27.0 - https:\/\/yoast.com\/product\/yoast-seo-wordpress\/ -->\n<title>Condiciones Generales de Garant\u00eda - Extracto de nuestras CDS | ITW GSE<\/title>\n<meta name=\"description\" content=\"Las Condiciones Generales de Garant\u00eda son una extracci\u00f3n de las Condiciones Generales de Venta de ITW GSE. Descarga aqu\u00ed nuestras Condiciones Generales de Venta y Entrega.\" \/>\n<meta name=\"robots\" content=\"index, follow, max-snippet:-1, max-image-preview:large, max-video-preview:-1\" \/>\n<link rel=\"canonical\" href=\"https:\/\/itwgse.com\/es\/condiciones-generales-de-garantia\/\" \/>\n<meta property=\"og:locale\" content=\"es_ES\" \/>\n<meta property=\"og:type\" content=\"article\" \/>\n<meta property=\"og:title\" content=\"Condiciones Generales de Garant\u00eda - Extracto de nuestras CDS | ITW GSE\" \/>\n<meta property=\"og:description\" content=\"Las Condiciones Generales de Garant\u00eda son una extracci\u00f3n de las Condiciones Generales de Venta de ITW GSE. Descarga aqu\u00ed nuestras Condiciones Generales de Venta y Entrega.\" \/>\n<meta property=\"og:url\" content=\"https:\/\/itwgse.com\/es\/condiciones-generales-de-garantia\/\" \/>\n<meta property=\"og:site_name\" content=\"ITW GSE\" \/>\n<meta property=\"article:publisher\" content=\"https:\/\/www.facebook.com\/ITWGSE\/\" \/>\n<meta name=\"twitter:card\" content=\"summary_large_image\" \/>\n<script type=\"application\/ld+json\" class=\"yoast-schema-graph\">{\"@context\":\"https:\/\/schema.org\",\"@graph\":[{\"@type\":\"WebPage\",\"@id\":\"https:\/\/itwgse.com\/es\/condiciones-generales-de-garantia\/\",\"url\":\"https:\/\/itwgse.com\/es\/condiciones-generales-de-garantia\/\",\"name\":\"Condiciones Generales de Garant\u00eda - Extracto de nuestras CDS | ITW GSE\",\"isPartOf\":{\"@id\":\"https:\/\/itwgse.com\/#website\"},\"datePublished\":\"2026-02-24T13:10:35+00:00\",\"description\":\"Las Condiciones Generales de Garant\u00eda son una extracci\u00f3n de las Condiciones Generales de Venta de ITW GSE. Descarga aqu\u00ed nuestras Condiciones Generales de Venta y Entrega.\",\"breadcrumb\":{\"@id\":\"https:\/\/itwgse.com\/es\/condiciones-generales-de-garantia\/#breadcrumb\"},\"inLanguage\":\"es\",\"potentialAction\":[{\"@type\":\"ReadAction\",\"target\":[\"https:\/\/itwgse.com\/es\/condiciones-generales-de-garantia\/\"]}]},{\"@type\":\"BreadcrumbList\",\"@id\":\"https:\/\/itwgse.com\/es\/condiciones-generales-de-garantia\/#breadcrumb\",\"itemListElement\":[{\"@type\":\"ListItem\",\"position\":1,\"name\":\"Home\",\"item\":\"https:\/\/itwgse.com\/es\/home\/\"},{\"@type\":\"ListItem\",\"position\":2,\"name\":\"Condiciones generales de garant\u00eda\"}]},{\"@type\":\"WebSite\",\"@id\":\"https:\/\/itwgse.com\/#website\",\"url\":\"https:\/\/itwgse.com\/\",\"name\":\"ITW GSE\",\"description\":\"It&#039;s all about connections\",\"publisher\":{\"@id\":\"https:\/\/itwgse.com\/#organization\"},\"potentialAction\":[{\"@type\":\"SearchAction\",\"target\":{\"@type\":\"EntryPoint\",\"urlTemplate\":\"https:\/\/itwgse.com\/?s={search_term_string}\"},\"query-input\":{\"@type\":\"PropertyValueSpecification\",\"valueRequired\":true,\"valueName\":\"search_term_string\"}}],\"inLanguage\":\"es\"},{\"@type\":\"Organization\",\"@id\":\"https:\/\/itwgse.com\/#organization\",\"name\":\"ITW GSE\",\"url\":\"https:\/\/itwgse.com\/\",\"logo\":{\"@type\":\"ImageObject\",\"inLanguage\":\"es\",\"@id\":\"https:\/\/itwgse.com\/#\/schema\/logo\/image\/\",\"url\":\"https:\/\/itwgse.com\/wp-content\/uploads\/2018\/11\/logo.png\",\"contentUrl\":\"https:\/\/itwgse.com\/wp-content\/uploads\/2018\/11\/logo.png\",\"width\":302,\"height\":237,\"caption\":\"ITW GSE\"},\"image\":{\"@id\":\"https:\/\/itwgse.com\/#\/schema\/logo\/image\/\"},\"sameAs\":[\"https:\/\/www.facebook.com\/ITWGSE\/\",\"https:\/\/www.linkedin.com\/company\/itw-gse\/\",\"https:\/\/www.youtube.com\/channel\/UCTUIMvyaOPfYIqzP8enZ8yw\"]}]}<\/script>\n<!-- \/ Yoast SEO plugin. -->","yoast_head_json":{"title":"Condiciones Generales de Garant\u00eda - Extracto de nuestras CDS | ITW GSE","description":"Las Condiciones Generales de Garant\u00eda son una extracci\u00f3n de las Condiciones Generales de Venta de ITW GSE. Descarga aqu\u00ed nuestras Condiciones Generales de Venta y Entrega.","robots":{"index":"index","follow":"follow","max-snippet":"max-snippet:-1","max-image-preview":"max-image-preview:large","max-video-preview":"max-video-preview:-1"},"canonical":"https:\/\/itwgse.com\/es\/condiciones-generales-de-garantia\/","og_locale":"es_ES","og_type":"article","og_title":"Condiciones Generales de Garant\u00eda - Extracto de nuestras CDS | ITW GSE","og_description":"Las Condiciones Generales de Garant\u00eda son una extracci\u00f3n de las Condiciones Generales de Venta de ITW GSE. Descarga aqu\u00ed nuestras Condiciones Generales de Venta y Entrega.","og_url":"https:\/\/itwgse.com\/es\/condiciones-generales-de-garantia\/","og_site_name":"ITW GSE","article_publisher":"https:\/\/www.facebook.com\/ITWGSE\/","twitter_card":"summary_large_image","schema":{"@context":"https:\/\/schema.org","@graph":[{"@type":"WebPage","@id":"https:\/\/itwgse.com\/es\/condiciones-generales-de-garantia\/","url":"https:\/\/itwgse.com\/es\/condiciones-generales-de-garantia\/","name":"Condiciones Generales de Garant\u00eda - Extracto de nuestras CDS | ITW GSE","isPartOf":{"@id":"https:\/\/itwgse.com\/#website"},"datePublished":"2026-02-24T13:10:35+00:00","description":"Las Condiciones Generales de Garant\u00eda son una extracci\u00f3n de las Condiciones Generales de Venta de ITW GSE. Descarga aqu\u00ed nuestras Condiciones Generales de Venta y Entrega.","breadcrumb":{"@id":"https:\/\/itwgse.com\/es\/condiciones-generales-de-garantia\/#breadcrumb"},"inLanguage":"es","potentialAction":[{"@type":"ReadAction","target":["https:\/\/itwgse.com\/es\/condiciones-generales-de-garantia\/"]}]},{"@type":"BreadcrumbList","@id":"https:\/\/itwgse.com\/es\/condiciones-generales-de-garantia\/#breadcrumb","itemListElement":[{"@type":"ListItem","position":1,"name":"Home","item":"https:\/\/itwgse.com\/es\/home\/"},{"@type":"ListItem","position":2,"name":"Condiciones generales de garant\u00eda"}]},{"@type":"WebSite","@id":"https:\/\/itwgse.com\/#website","url":"https:\/\/itwgse.com\/","name":"ITW GSE","description":"It&#039;s all about connections","publisher":{"@id":"https:\/\/itwgse.com\/#organization"},"potentialAction":[{"@type":"SearchAction","target":{"@type":"EntryPoint","urlTemplate":"https:\/\/itwgse.com\/?s={search_term_string}"},"query-input":{"@type":"PropertyValueSpecification","valueRequired":true,"valueName":"search_term_string"}}],"inLanguage":"es"},{"@type":"Organization","@id":"https:\/\/itwgse.com\/#organization","name":"ITW GSE","url":"https:\/\/itwgse.com\/","logo":{"@type":"ImageObject","inLanguage":"es","@id":"https:\/\/itwgse.com\/#\/schema\/logo\/image\/","url":"https:\/\/itwgse.com\/wp-content\/uploads\/2018\/11\/logo.png","contentUrl":"https:\/\/itwgse.com\/wp-content\/uploads\/2018\/11\/logo.png","width":302,"height":237,"caption":"ITW GSE"},"image":{"@id":"https:\/\/itwgse.com\/#\/schema\/logo\/image\/"},"sameAs":["https:\/\/www.facebook.com\/ITWGSE\/","https:\/\/www.linkedin.com\/company\/itw-gse\/","https:\/\/www.youtube.com\/channel\/UCTUIMvyaOPfYIqzP8enZ8yw"]}]}},"_links":{"self":[{"href":"https:\/\/itwgse.com\/es\/wp-json\/wp\/v2\/pages\/28740","targetHints":{"allow":["GET"]}}],"collection":[{"href":"https:\/\/itwgse.com\/es\/wp-json\/wp\/v2\/pages"}],"about":[{"href":"https:\/\/itwgse.com\/es\/wp-json\/wp\/v2\/types\/page"}],"author":[{"embeddable":true,"href":"https:\/\/itwgse.com\/es\/wp-json\/wp\/v2\/users\/1"}],"replies":[{"embeddable":true,"href":"https:\/\/itwgse.com\/es\/wp-json\/wp\/v2\/comments?post=28740"}],"version-history":[{"count":0,"href":"https:\/\/itwgse.com\/es\/wp-json\/wp\/v2\/pages\/28740\/revisions"}],"wp:attachment":[{"href":"https:\/\/itwgse.com\/es\/wp-json\/wp\/v2\/media?parent=28740"}],"curies":[{"name":"wp","href":"https:\/\/api.w.org\/{rel}","templated":true}]}}