{"id":28745,"date":"2026-02-24T14:10:38","date_gmt":"2026-02-24T13:10:38","guid":{"rendered":"https:\/\/itwgse.com\/datos-bancarios\/"},"modified":"2026-02-24T14:10:38","modified_gmt":"2026-02-24T13:10:38","slug":"datos-bancarios","status":"publish","type":"page","link":"https:\/\/itwgse.com\/es\/datos-bancarios\/","title":{"rendered":"Datos bancarios"},"content":{"rendered":"<div id=\"pl-28745\"  class=\"panel-layout\" ><div id=\"pg-28745-0\"  class=\"panel-grid panel-no-style\" ><div id=\"pgc-28745-0-0\"  class=\"panel-grid-cell\" ><div id=\"panel-28745-0-0-0\" class=\"so-panel widget widget_mtt-cover-section panel-first-child panel-last-child\" data-index=\"0\" ><div\n\t\t\t\n\t\t\tclass=\"so-widget-mtt-cover-section so-widget-mtt-cover-section-base\"\n\t\t\t\n\t\t>\n<div class=\"mtt-cover-section-wrap compact extra-small\">\n\t<div class=\"mtt-cover-curve\">\n\t\t<img decoding=\"async\"  src=\"https:\/\/itwgse.com\/wp-content\/themes\/mtt-standard-theme\/assets\/img\/cover\/itwgse_cut.svg\">\t<\/div>\n    <div class=\"mtt-cover-compact-background object-fit\">\n                    <img decoding=\"async\"\n                src=\"https:\/\/itwgse.com\/wp-content\/uploads\/2018\/03\/bank-details-back.jpg\"\n                alt=\"\"\n                data-skip-lazy\n            >\n                            <\/div>\n    <div class=\"mtt-cover-compact-container\">\n        <div class=\"mtt-cover-section-text\">\n            <h1>Datos bancarios<\/h1>\n                    <\/div>\n    <\/div>\n<\/div>\n<\/div><\/div><\/div><\/div><div id=\"pg-28745-1\"  class=\"panel-grid panel-no-style\" ><div id=\"pgc-28745-1-0\"  class=\"panel-grid-cell\" ><div id=\"panel-28745-1-0-0\" class=\"so-panel widget widget_mtt-two-col-text panel-first-child panel-last-child\" data-index=\"1\" ><div\n\t\t\t\n\t\t\tclass=\"so-widget-mtt-two-col-text so-widget-mtt-two-col-text-base\"\n\t\t\t\n\t\t>\n<div class=\"mtt-two-col-wrapper\">\n    <div class=\"mtt-two-col-container\">\n        <div class=\"mtt-two-col-content has-title\">\n                            <h2>Ten en cuenta las solicitudes de cambio de datos bancarios del IGE de ITW<\/h2>\n                        <div class=\"text-section\">\n                <div class=\"col formatted_content\"><p><em><strong>Para tu concienciaci\u00f3n y acci\u00f3n seg\u00fan proceda<\/strong><\/em><\/p>\n<p>Estimado cliente,<\/p>\n<p>Los ciberdelincuentes siguen buscando formas de enga\u00f1ar a los clientes para que desv\u00eden los pagos de las facturas a cuentas bancarias fraudulentas.<\/p>\n<p>Una estafa en aumento consiste en que los hackers env\u00edan un correo electr\u00f3nico, una carta o una carta adjunta a un correo electr\u00f3nico. El mensaje es fraudulento, pero parece un mensaje leg\u00edtimo de ITW GSE solicitando cambios en los datos de la cuenta bancaria. En algunos casos, el ciberdelincuente llamar\u00e1 para confirmar el cambio. En otros casos, te animar\u00e1 a utilizar la informaci\u00f3n de contacto fraudulenta proporcionada en el mensaje.   <\/p>\n<\/div>\n                <div class=\"col formatted_content\"><p><strong>Si recibes un mensaje inesperado de ITW GSE solicit\u00e1ndote que cambies la informaci\u00f3n de la cuenta bancaria que utilizas para pagar las facturas de ITW GSE, ponte en contacto con tu representante de ITW.  <\/strong><strong>No respondas al mensaje ni te pongas en contacto con ITW GSE utilizando ninguno de los datos de contacto del mensaje. Utiliza la informaci\u00f3n de contacto de ITW GSE que tengas archivada. <\/strong><\/p>\n<p>Gracias por tu atenci\u00f3n a este importante asunto. Si tienes alguna pregunta sobre este mensaje, ponte en contacto con tu representante de ITW GSE. <\/p>\n<p>ITW GSE<\/p>\n<p>Fecha: 22-01-2018<em>(revisado el 30 de junio de 2020<\/em>)<\/p>\n                                    <\/div>\n            <\/div>\n                    <\/div>\n    <\/div>\n<\/div><\/div><\/div><\/div><\/div><div id=\"pg-28745-2\"  class=\"panel-grid panel-no-style\" ><div id=\"pgc-28745-2-0\"  class=\"panel-grid-cell\" ><div id=\"panel-28745-2-0-0\" class=\"so-panel widget widget_mtt-one-col-text panel-first-child panel-last-child\" data-index=\"2\" ><div\n\t\t\t\n\t\t\tclass=\"so-widget-mtt-one-col-text so-widget-mtt-one-col-text-base\"\n\t\t\t\n\t\t>\n<div class=\"mtt-two-col-wrapper\">\n    <div class=\"mtt-two-col-container\">\n        <div class=\"mtt-two-col-content formatted_content has-title-one\">\n\t\t\t                <h2>Contacta con los departamentos financieros<\/h2>\n                        <div class=\"text-section one-col\">\n                <p>Am\u00e9rica (Norte y Sur):<\/p>\n<p>Preguntas sobre Cuentas a Pagar: <a href=\"mailto:AP@itwgse.com\">AP@itwgse.com<\/a><\/p>\n<p>Preguntas sobre los derechos de cobro: <a href=\"mailto:AR@itwgse.com\">AR@itwgse.com<\/a><\/p>\n<p>\u00a0<\/p>\n<p>Preguntas sobre finanzas para fuera de Am\u00e9rica:<\/p>\n<p><a href=\"mailto:finance@itwgse.com\" target=\"_blank\" rel=\"noopener\">finance@itwgse.com<\/a><\/p>\n            <\/div>\n\n            \n                        <\/div>\n    <\/div>\n<\/div>\n<\/div><\/div><\/div><\/div><\/div>","protected":false},"excerpt":{"rendered":"<p>Datos bancarios Ten en cuenta las solicitudes de cambio de datos bancarios del IGE de ITW Para tu concienciaci\u00f3n y acci\u00f3n seg\u00fan proceda Estimado&#8230;<\/p>\n","protected":false},"author":1,"featured_media":0,"parent":0,"menu_order":285,"comment_status":"closed","ping_status":"closed","template":"","meta":{"_acf_changed":false,"_relevanssi_hide_post":"","_relevanssi_hide_content":"","_relevanssi_pin_for_all":"","_relevanssi_pin_keywords":"","_relevanssi_unpin_keywords":"","_relevanssi_related_keywords":"","_relevanssi_related_include_ids":"","_relevanssi_related_exclude_ids":"","_relevanssi_related_no_append":"","_relevanssi_related_not_related":"","_relevanssi_related_posts":"","_relevanssi_noindex_reason":"","footnotes":""},"class_list":["post-28745","page","type-page","status-publish","hentry"],"acf":[],"yoast_head":"<!-- This site is optimized with the Yoast SEO plugin v27.0 - https:\/\/yoast.com\/product\/yoast-seo-wordpress\/ -->\n<title>Datos bancarios - Encuentra aqu\u00ed los datos de nuestra cuenta bancaria | ITW GSE<\/title>\n<meta name=\"description\" content=\"Aqu\u00ed encontrar\u00e1s nuestros datos bancarios a ITW GSE ApS e ITW GSE Inc. Ten en cuenta tambi\u00e9n las solicitudes para cambiar los datos bancarios de ITW GSE. M\u00e1s informaci\u00f3n.\" \/>\n<meta name=\"robots\" content=\"index, follow, max-snippet:-1, max-image-preview:large, max-video-preview:-1\" \/>\n<link rel=\"canonical\" href=\"https:\/\/itwgse.com\/es\/datos-bancarios\/\" \/>\n<meta property=\"og:locale\" content=\"es_ES\" \/>\n<meta property=\"og:type\" content=\"article\" \/>\n<meta property=\"og:title\" content=\"Datos bancarios - Encuentra aqu\u00ed los datos de nuestra cuenta bancaria | ITW GSE\" \/>\n<meta property=\"og:description\" content=\"Aqu\u00ed encontrar\u00e1s nuestros datos bancarios a ITW GSE ApS e ITW GSE Inc. Ten en cuenta tambi\u00e9n las solicitudes para cambiar los datos bancarios de ITW GSE. M\u00e1s informaci\u00f3n.\" \/>\n<meta property=\"og:url\" content=\"https:\/\/itwgse.com\/es\/datos-bancarios\/\" \/>\n<meta property=\"og:site_name\" content=\"ITW GSE\" \/>\n<meta property=\"article:publisher\" content=\"https:\/\/www.facebook.com\/ITWGSE\/\" \/>\n<meta name=\"twitter:card\" content=\"summary_large_image\" \/>\n<script type=\"application\/ld+json\" class=\"yoast-schema-graph\">{\"@context\":\"https:\/\/schema.org\",\"@graph\":[{\"@type\":\"WebPage\",\"@id\":\"https:\/\/itwgse.com\/es\/datos-bancarios\/\",\"url\":\"https:\/\/itwgse.com\/es\/datos-bancarios\/\",\"name\":\"Datos bancarios - Encuentra aqu\u00ed los datos de nuestra cuenta bancaria | ITW GSE\",\"isPartOf\":{\"@id\":\"https:\/\/itwgse.com\/#website\"},\"datePublished\":\"2026-02-24T13:10:38+00:00\",\"description\":\"Aqu\u00ed encontrar\u00e1s nuestros datos bancarios a ITW GSE ApS e ITW GSE Inc. Ten en cuenta tambi\u00e9n las solicitudes para cambiar los datos bancarios de ITW GSE. M\u00e1s informaci\u00f3n.\",\"breadcrumb\":{\"@id\":\"https:\/\/itwgse.com\/es\/datos-bancarios\/#breadcrumb\"},\"inLanguage\":\"es\",\"potentialAction\":[{\"@type\":\"ReadAction\",\"target\":[\"https:\/\/itwgse.com\/es\/datos-bancarios\/\"]}]},{\"@type\":\"BreadcrumbList\",\"@id\":\"https:\/\/itwgse.com\/es\/datos-bancarios\/#breadcrumb\",\"itemListElement\":[{\"@type\":\"ListItem\",\"position\":1,\"name\":\"Home\",\"item\":\"https:\/\/itwgse.com\/es\/home\/\"},{\"@type\":\"ListItem\",\"position\":2,\"name\":\"Datos bancarios\"}]},{\"@type\":\"WebSite\",\"@id\":\"https:\/\/itwgse.com\/#website\",\"url\":\"https:\/\/itwgse.com\/\",\"name\":\"ITW GSE\",\"description\":\"It&#039;s all about connections\",\"publisher\":{\"@id\":\"https:\/\/itwgse.com\/#organization\"},\"potentialAction\":[{\"@type\":\"SearchAction\",\"target\":{\"@type\":\"EntryPoint\",\"urlTemplate\":\"https:\/\/itwgse.com\/?s={search_term_string}\"},\"query-input\":{\"@type\":\"PropertyValueSpecification\",\"valueRequired\":true,\"valueName\":\"search_term_string\"}}],\"inLanguage\":\"es\"},{\"@type\":\"Organization\",\"@id\":\"https:\/\/itwgse.com\/#organization\",\"name\":\"ITW GSE\",\"url\":\"https:\/\/itwgse.com\/\",\"logo\":{\"@type\":\"ImageObject\",\"inLanguage\":\"es\",\"@id\":\"https:\/\/itwgse.com\/#\/schema\/logo\/image\/\",\"url\":\"https:\/\/itwgse.com\/wp-content\/uploads\/2018\/11\/logo.png\",\"contentUrl\":\"https:\/\/itwgse.com\/wp-content\/uploads\/2018\/11\/logo.png\",\"width\":302,\"height\":237,\"caption\":\"ITW GSE\"},\"image\":{\"@id\":\"https:\/\/itwgse.com\/#\/schema\/logo\/image\/\"},\"sameAs\":[\"https:\/\/www.facebook.com\/ITWGSE\/\",\"https:\/\/www.linkedin.com\/company\/itw-gse\/\",\"https:\/\/www.youtube.com\/channel\/UCTUIMvyaOPfYIqzP8enZ8yw\"]}]}<\/script>\n<!-- \/ Yoast SEO plugin. -->","yoast_head_json":{"title":"Datos bancarios - Encuentra aqu\u00ed los datos de nuestra cuenta bancaria | ITW GSE","description":"Aqu\u00ed encontrar\u00e1s nuestros datos bancarios a ITW GSE ApS e ITW GSE Inc. Ten en cuenta tambi\u00e9n las solicitudes para cambiar los datos bancarios de ITW GSE. M\u00e1s informaci\u00f3n.","robots":{"index":"index","follow":"follow","max-snippet":"max-snippet:-1","max-image-preview":"max-image-preview:large","max-video-preview":"max-video-preview:-1"},"canonical":"https:\/\/itwgse.com\/es\/datos-bancarios\/","og_locale":"es_ES","og_type":"article","og_title":"Datos bancarios - Encuentra aqu\u00ed los datos de nuestra cuenta bancaria | ITW GSE","og_description":"Aqu\u00ed encontrar\u00e1s nuestros datos bancarios a ITW GSE ApS e ITW GSE Inc. Ten en cuenta tambi\u00e9n las solicitudes para cambiar los datos bancarios de ITW GSE. M\u00e1s informaci\u00f3n.","og_url":"https:\/\/itwgse.com\/es\/datos-bancarios\/","og_site_name":"ITW GSE","article_publisher":"https:\/\/www.facebook.com\/ITWGSE\/","twitter_card":"summary_large_image","schema":{"@context":"https:\/\/schema.org","@graph":[{"@type":"WebPage","@id":"https:\/\/itwgse.com\/es\/datos-bancarios\/","url":"https:\/\/itwgse.com\/es\/datos-bancarios\/","name":"Datos bancarios - Encuentra aqu\u00ed los datos de nuestra cuenta bancaria | ITW GSE","isPartOf":{"@id":"https:\/\/itwgse.com\/#website"},"datePublished":"2026-02-24T13:10:38+00:00","description":"Aqu\u00ed encontrar\u00e1s nuestros datos bancarios a ITW GSE ApS e ITW GSE Inc. Ten en cuenta tambi\u00e9n las solicitudes para cambiar los datos bancarios de ITW GSE. M\u00e1s informaci\u00f3n.","breadcrumb":{"@id":"https:\/\/itwgse.com\/es\/datos-bancarios\/#breadcrumb"},"inLanguage":"es","potentialAction":[{"@type":"ReadAction","target":["https:\/\/itwgse.com\/es\/datos-bancarios\/"]}]},{"@type":"BreadcrumbList","@id":"https:\/\/itwgse.com\/es\/datos-bancarios\/#breadcrumb","itemListElement":[{"@type":"ListItem","position":1,"name":"Home","item":"https:\/\/itwgse.com\/es\/home\/"},{"@type":"ListItem","position":2,"name":"Datos bancarios"}]},{"@type":"WebSite","@id":"https:\/\/itwgse.com\/#website","url":"https:\/\/itwgse.com\/","name":"ITW GSE","description":"It&#039;s all about connections","publisher":{"@id":"https:\/\/itwgse.com\/#organization"},"potentialAction":[{"@type":"SearchAction","target":{"@type":"EntryPoint","urlTemplate":"https:\/\/itwgse.com\/?s={search_term_string}"},"query-input":{"@type":"PropertyValueSpecification","valueRequired":true,"valueName":"search_term_string"}}],"inLanguage":"es"},{"@type":"Organization","@id":"https:\/\/itwgse.com\/#organization","name":"ITW GSE","url":"https:\/\/itwgse.com\/","logo":{"@type":"ImageObject","inLanguage":"es","@id":"https:\/\/itwgse.com\/#\/schema\/logo\/image\/","url":"https:\/\/itwgse.com\/wp-content\/uploads\/2018\/11\/logo.png","contentUrl":"https:\/\/itwgse.com\/wp-content\/uploads\/2018\/11\/logo.png","width":302,"height":237,"caption":"ITW GSE"},"image":{"@id":"https:\/\/itwgse.com\/#\/schema\/logo\/image\/"},"sameAs":["https:\/\/www.facebook.com\/ITWGSE\/","https:\/\/www.linkedin.com\/company\/itw-gse\/","https:\/\/www.youtube.com\/channel\/UCTUIMvyaOPfYIqzP8enZ8yw"]}]}},"_links":{"self":[{"href":"https:\/\/itwgse.com\/es\/wp-json\/wp\/v2\/pages\/28745","targetHints":{"allow":["GET"]}}],"collection":[{"href":"https:\/\/itwgse.com\/es\/wp-json\/wp\/v2\/pages"}],"about":[{"href":"https:\/\/itwgse.com\/es\/wp-json\/wp\/v2\/types\/page"}],"author":[{"embeddable":true,"href":"https:\/\/itwgse.com\/es\/wp-json\/wp\/v2\/users\/1"}],"replies":[{"embeddable":true,"href":"https:\/\/itwgse.com\/es\/wp-json\/wp\/v2\/comments?post=28745"}],"version-history":[{"count":0,"href":"https:\/\/itwgse.com\/es\/wp-json\/wp\/v2\/pages\/28745\/revisions"}],"wp:attachment":[{"href":"https:\/\/itwgse.com\/es\/wp-json\/wp\/v2\/media?parent=28745"}],"curies":[{"name":"wp","href":"https:\/\/api.w.org\/{rel}","templated":true}]}}