{"id":28752,"date":"2026-02-24T14:11:05","date_gmt":"2026-02-24T13:11:05","guid":{"rendered":"https:\/\/itwgse.com\/historia-de-la-marca-houchin\/"},"modified":"2026-02-24T14:11:05","modified_gmt":"2026-02-24T13:11:05","slug":"historia-de-la-marca-houchin","status":"publish","type":"page","link":"https:\/\/itwgse.com\/es\/historia-de-la-marca-houchin\/","title":{"rendered":"Historia de la marca Houchin"},"content":{"rendered":"<div id=\"pl-28752\"  class=\"panel-layout\" ><div id=\"pg-28752-0\"  class=\"panel-grid panel-no-style\" ><div id=\"pgc-28752-0-0\"  class=\"panel-grid-cell\" ><div id=\"panel-28752-0-0-0\" class=\"so-panel widget widget_mtt-cover-section panel-first-child panel-last-child\" data-index=\"0\" ><div\n\t\t\t\n\t\t\tclass=\"so-widget-mtt-cover-section so-widget-mtt-cover-section-base\"\n\t\t\t\n\t\t>\n<div class=\"mtt-cover-section-wrap compact\">\n\t<div class=\"mtt-cover-curve\">\n\t\t<img decoding=\"async\"  src=\"https:\/\/itwgse.com\/wp-content\/themes\/mtt-standard-theme\/assets\/img\/cover\/itwgse_cut.svg\">\t<\/div>\n    <div class=\"mtt-cover-compact-background object-fit overlay\">\n                            <div class=\"mtt-cover-compact-image object-fit\">\n                <img decoding=\"async\"\n                    src=\"https:\/\/itwgse.com\/wp-content\/uploads\/2021\/02\/Houchin-4400_cover.png\"\n                    data-skip-lazy\n                    alt=\"\"\n                >\n            <\/div>\n                    <\/div>\n    <div class=\"mtt-cover-compact-container\">\n        <div class=\"mtt-cover-section-text\">\n            <h1>Houchin<\/h1>\n                                <div class=\"text\"><p>Una marca heredada de ITW GSE<\/p>\n<p>Lee la historia de Houchin, \u00a1que se remonta 100 a\u00f1os atr\u00e1s!<\/p>\n<\/div>\n                            <\/div>\n    <\/div>\n<\/div>\n<\/div><\/div><\/div><\/div><div id=\"pg-28752-1\"  class=\"panel-grid panel-no-style\" ><div id=\"pgc-28752-1-0\"  class=\"panel-grid-cell\" ><div id=\"panel-28752-1-0-0\" class=\"so-panel widget widget_mtt-text-image panel-first-child\" data-index=\"1\" ><div\n\t\t\t\n\t\t\tclass=\"so-widget-mtt-text-image so-widget-mtt-text-image-base\"\n\t\t\t\n\t\t>\n<div class=\"mtt-text-image-wrap no-top-padding no-bottom-padding\">\n        <!-- Content -->\n    <div class=\"mtt-text-image-container\">\n        <div class=\"mtt-text-image-col\">\n            <div class=\"mtt-text-image-content formatted_content\">\n                <div class=\"tagline\">Marca heredada ITW GSE<\/div>                <h2>Historia de la marca Houchin<\/h2>\n                <p>Houchin Aerospace se fund\u00f3 en Londres en 1921 para fabricar e instalar maquinaria rotativa.<\/p>\n<p>Houchin empez\u00f3 a dedicarse a los paquetes de arranque de aviones durante la Segunda Guerra Mundial.<br \/>A finales de los a\u00f1os 50, esto hizo que la empresa se trasladara a Ashford, a una nueva f\u00e1brica construida espec\u00edficamente para fabricar equipos de apoyo en tierra para aviones propulsados por diesel.<\/p>\n<p>Houchin se incorpor\u00f3 a ITW en 2005.<\/p>\n\n                            <\/div>\n        <\/div>\n                    <div class=\"mtt-text-image-col img center\">\n                <div class=\"mtt-text-image-content\">\n                    <img decoding=\"async\" width=\"2560\" height=\"1810\" src=\"https:\/\/itwgse.com\/wp-content\/uploads\/2021\/02\/George-Beasley-on-a-604-scaled.jpg\" class=\"attachment-full size-full\" alt=\"\" srcset=\"https:\/\/itwgse.com\/wp-content\/uploads\/2021\/02\/George-Beasley-on-a-604-scaled.jpg 2560w, https:\/\/itwgse.com\/wp-content\/uploads\/2021\/02\/George-Beasley-on-a-604-scaled-300x212.jpg 300w, https:\/\/itwgse.com\/wp-content\/uploads\/2021\/02\/George-Beasley-on-a-604-scaled-1024x724.jpg 1024w\" sizes=\"(max-width: 2560px) 100vw, 2560px\" \/>                \n                    \n                    \n                <\/div>\n            <\/div>\n            <\/div>\n<\/div>\n\n<script>\nfunction sendEvent(action, element) {\n    var videoTitle = jQuery(element).data('title');  \n\n    if (dataLayer && videoTitle) {\n        dataLayer.push({\n            'event': 'video',\n            'eventCategory': 'Video',\n            'eventAction': action,\n            'eventLabel': videoTitle\n        });\n    }\n    else if (ga && videoTitle) {\n        ga('send', 'event', 'Video', action, videoTitle);\n    }  \n}\n<\/script>\n<\/div><\/div><div id=\"panel-28752-1-0-1\" class=\"so-panel widget widget_mtt-text-image\" data-index=\"2\" ><div\n\t\t\t\n\t\t\tclass=\"so-widget-mtt-text-image so-widget-mtt-text-image-base\"\n\t\t\t\n\t\t>\n<div class=\"mtt-text-image-wrap flip no-top-padding less-bottom-padding\">\n        <!-- Content -->\n    <div class=\"mtt-text-image-container\">\n        <div class=\"mtt-text-image-col\">\n            <div class=\"mtt-text-image-content formatted_content\">\n                                \n                <p>Houchin era una marca fuerte, reconocida y respetada en todo el mundo. La planta del Reino Unido dej\u00f3 de fabricar en 2015, y la producci\u00f3n se traslad\u00f3 a las instalaciones de Palmetto.<br \/>En 2018, Houchin fue absorbida por ITW GSE y el equipo recibi\u00f3 la marca correspondiente. <\/p>\n<p>Entre los antiguos clientes de Houchin se encuentran compa\u00f1\u00edas a\u00e9reas, empresas de asistencia en tierra, empresas de arrendamiento, aeropuertos y organizaciones militares de Europa, \u00c1frica y Oriente Medio.<\/p>\n<p>Desde el cambio de marca de Houchin, <a href=\"https:\/\/itwgse.com\/history-axa-power-brand\/\" target=\"_blank\" rel=\"noopener\">AXA Power<\/a> y <a href=\"https:\/\/itwgse.com\/history-hobart-ground-power-brand\/\" target=\"_blank\" rel=\"noopener\">Hobart<\/a> a ITW GSE, garantizamos el mejor servicio posible para mantener las unidades de Houchin que siguen operando en todo el mundo mediante <a href=\"https:\/\/itwgse.com\/our-team\/\" target=\"_blank\" rel=\"noopener\">t\u00e9cnicos de servicio<\/a> ubicados en Europa, Asia Pac\u00edfico y Oriente Medio, as\u00ed como a trav\u00e9s de nuestra red mundial de distribuidores.<\/p>\n<h3>\u00bfBuscas una unidad nueva?<\/h3>\n<p>Echa un vistazo a las <a href=\"https:\/\/itwgse.com\/ground-power-units\/\" target=\"_blank\" rel=\"noopener\">GPU de tierra ITW GSE<\/a>.<\/p>\n\n                                    <div class=\"button-wrap\">\n                                                    <a href=\"puesto: 45\" class=\"button\">\n                                Encuentra nuevas unidades de potencia                            <\/a>\n                                                    <a href=\"puesto: 17175\" class=\"button\">\n                                Consigue ayuda                            <\/a>\n                                            <\/div>\n                            <\/div>\n        <\/div>\n                    <div class=\"mtt-text-image-col img center\">\n                <div class=\"mtt-text-image-content\">\n                    <img decoding=\"async\" width=\"2560\" height=\"1815\" src=\"https:\/\/itwgse.com\/wp-content\/uploads\/2021\/02\/Houchin-Brochure-circa-1985-1-scaled.jpg\" class=\"attachment-full size-full\" alt=\"houchin advertising\" srcset=\"https:\/\/itwgse.com\/wp-content\/uploads\/2021\/02\/Houchin-Brochure-circa-1985-1-scaled.jpg 2560w, https:\/\/itwgse.com\/wp-content\/uploads\/2021\/02\/Houchin-Brochure-circa-1985-1-scaled-300x213.jpg 300w, https:\/\/itwgse.com\/wp-content\/uploads\/2021\/02\/Houchin-Brochure-circa-1985-1-scaled-1024x726.jpg 1024w\" sizes=\"(max-width: 2560px) 100vw, 2560px\" \/>                \n                    \n                    \n                <\/div>\n            <\/div>\n            <\/div>\n<\/div>\n\n<script>\nfunction sendEvent(action, element) {\n    var videoTitle = jQuery(element).data('title');  \n\n    if (dataLayer && videoTitle) {\n        dataLayer.push({\n            'event': 'video',\n            'eventCategory': 'Video',\n            'eventAction': action,\n            'eventLabel': videoTitle\n        });\n    }\n    else if (ga && videoTitle) {\n        ga('send', 'event', 'Video', action, videoTitle);\n    }  \n}\n<\/script>\n<\/div><\/div><div id=\"panel-28752-1-0-2\" class=\"so-panel widget widget_mtt-text-image\" data-index=\"3\" ><div\n\t\t\t\n\t\t\tclass=\"so-widget-mtt-text-image so-widget-mtt-text-image-base\"\n\t\t\t\n\t\t>\n<div class=\"mtt-text-image-wrap no-bottom-padding\">\n        <!-- Content -->\n    <div class=\"mtt-text-image-container\">\n        <div class=\"mtt-text-image-col\">\n            <div class=\"mtt-text-image-content formatted_content\">\n                                <h2>Un paseo por los recuerdos<\/h2>\n                <p>Como pertenecemos al sector de la aviaci\u00f3n, nos encanta viajar y, por eso, te damos la bienvenida a un viaje al pasado.<\/p>\n<p>Durante el trayecto, ver\u00e1s un folleto del legado de Houchin y algunas fotos antiguas de otros tiempos.<\/p>\n\n                                    <div class=\"button-wrap\">\n                                                    <a href=\"https:\/\/itwgse.com\/wp-content\/uploads\/2021\/02\/Houchin-brochure-old.pdf\" class=\"button\">\n                                Folleto Legado Houchin                            <\/a>\n                                            <\/div>\n                            <\/div>\n        <\/div>\n                    <div class=\"mtt-text-image-col img\">\n                <div class=\"mtt-text-image-content\">\n                    <img decoding=\"async\" width=\"2560\" height=\"1810\" src=\"https:\/\/itwgse.com\/wp-content\/uploads\/2021\/02\/Mick-Potten-3-scaled.jpg\" class=\"attachment-full size-full\" alt=\"\" srcset=\"https:\/\/itwgse.com\/wp-content\/uploads\/2021\/02\/Mick-Potten-3-scaled.jpg 2560w, https:\/\/itwgse.com\/wp-content\/uploads\/2021\/02\/Mick-Potten-3-scaled-300x212.jpg 300w, https:\/\/itwgse.com\/wp-content\/uploads\/2021\/02\/Mick-Potten-3-scaled-1024x724.jpg 1024w\" sizes=\"(max-width: 2560px) 100vw, 2560px\" \/>                \n                    \n                    \n                <\/div>\n            <\/div>\n            <\/div>\n<\/div>\n\n<script>\nfunction sendEvent(action, element) {\n    var videoTitle = jQuery(element).data('title');  \n\n    if (dataLayer && videoTitle) {\n        dataLayer.push({\n            'event': 'video',\n            'eventCategory': 'Video',\n            'eventAction': action,\n            'eventLabel': videoTitle\n        });\n    }\n    else if (ga && videoTitle) {\n        ga('send', 'event', 'Video', action, videoTitle);\n    }  \n}\n<\/script>\n<\/div><\/div><div id=\"panel-28752-1-0-3\" class=\"so-panel widget widget_mtt-two-col-text panel-last-child\" data-index=\"4\" ><div\n\t\t\t\n\t\t\tclass=\"so-widget-mtt-two-col-text so-widget-mtt-two-col-text-base\"\n\t\t\t\n\t\t>\n<div class=\"mtt-two-col-wrapper\">\n    <div class=\"mtt-two-col-container\">\n        <div class=\"mtt-two-col-content\">\n                        <div class=\"text-section\">\n                <div class=\"col formatted_content\"><p><img decoding=\"async\" class=\"aligncenter wp-image-16286 size-large\" src=\"https:\/\/itwgse.com\/wp-content\/uploads\/2021\/02\/Houchin-Newsletter-No.3-Feb-1974-Page-1-scaled-724x1024.jpg\" alt=\"\" width=\"724\" height=\"1024\" srcset=\"https:\/\/itwgse.com\/wp-content\/uploads\/2021\/02\/Houchin-Newsletter-No.3-Feb-1974-Page-1-scaled-724x1024.jpg 724w, https:\/\/itwgse.com\/wp-content\/uploads\/2021\/02\/Houchin-Newsletter-No.3-Feb-1974-Page-1-scaled-212x300.jpg 212w, https:\/\/itwgse.com\/wp-content\/uploads\/2021\/02\/Houchin-Newsletter-No.3-Feb-1974-Page-1-scaled.jpg 1810w\" sizes=\"(max-width: 724px) 100vw, 724px\" \/><\/p>\n<\/div>\n                <div class=\"col formatted_content\"><p><img decoding=\"async\" class=\"aligncenter wp-image-16292 size-large\" src=\"https:\/\/itwgse.com\/wp-content\/uploads\/2021\/02\/Model-265-scaled-744x1024.jpg\" alt=\"modelos antiguos\" width=\"744\" height=\"1024\" srcset=\"https:\/\/itwgse.com\/wp-content\/uploads\/2021\/02\/Model-265-scaled-744x1024.jpg 744w, https:\/\/itwgse.com\/wp-content\/uploads\/2021\/02\/Model-265-scaled-218x300.jpg 218w, https:\/\/itwgse.com\/wp-content\/uploads\/2021\/02\/Model-265-scaled.jpg 1860w\" sizes=\"(max-width: 744px) 100vw, 744px\" \/><\/p>\n                                    <\/div>\n            <\/div>\n                    <\/div>\n    <\/div>\n<\/div><\/div><\/div><\/div><\/div><div id=\"pg-28752-2\"  class=\"panel-grid panel-no-style\" ><div id=\"pgc-28752-2-0\"  class=\"panel-grid-cell\" ><div id=\"panel-28752-2-0-0\" class=\"so-panel widget widget_mtt-customer-support panel-first-child panel-last-child\" data-index=\"5\" ><div\n\t\t\t\n\t\t\tclass=\"so-widget-mtt-customer-support so-widget-mtt-customer-support-base\"\n\t\t\t\n\t\t>\n<div class=\"mtt-text-image-wrap less-top-padding less-bottom-padding grey-bg\">\n        <!-- Content -->\n    <div class=\"mtt-text-image-container\">\n        <div class=\"mtt-text-image-col\">\n            <div class=\"mtt-text-image-content formatted_content\">\n                                <h2>Atenci\u00f3n al cliente<\/h2>\n                <p><strong>\u00bfC\u00f3mo le podemos ayudar?<\/strong><\/p>\n<p>\u00bfNecesita esquemas, cat\u00e1logos de repuestos o v\u00eddeos de instrucciones?<\/p>\n<p>Use el bot\u00f3n \u201cAsistencia con el producto\u201d. \u00bfTiene preguntas para el equipo de atenci\u00f3n al cliente? Use el bot\u00f3n \u201cContacto con atenci\u00f3n al cliente\u201d. Si tiene alguna duda con respecto a un producto concreto, proporci\u00f3nenos el n\u00famero de serie del producto.<\/p>\n\n                                    <div class=\"button-wrap\">\n                                                    <a href=\"https:\/\/itwgse.com\/es\/support-and-service\/\" class=\"button\">\n                                Asistencia con el producto                            <\/a>\n                                                    <a href=\"https:\/\/itwgse.com\/es\/contacto\/\" class=\"button\">\n                                Contactar con Atenci\u00f3n al cliente                            <\/a>\n                                            <\/div>\n                            <\/div>\n        <\/div>\n                    <div class=\"mtt-text-image-col img center\">\n                <div class=\"mtt-text-image-content\">\n                    <img decoding=\"async\" width=\"1800\" height=\"1023\" src=\"https:\/\/itwgse.com\/wp-content\/uploads\/2018\/06\/ITWGSE_hero_cleanest-1.jpg\" class=\"attachment-full size-full\" alt=\"7400 low noice JK\" srcset=\"https:\/\/itwgse.com\/wp-content\/uploads\/2018\/06\/ITWGSE_hero_cleanest-1.jpg 1800w, https:\/\/itwgse.com\/wp-content\/uploads\/2018\/06\/ITWGSE_hero_cleanest-1-300x171.jpg 300w, https:\/\/itwgse.com\/wp-content\/uploads\/2018\/06\/ITWGSE_hero_cleanest-1-1024x582.jpg 1024w\" sizes=\"(max-width: 1800px) 100vw, 1800px\" \/>                \n                    \n                    \n                <\/div>\n            <\/div>\n            <\/div>\n<\/div>\n\n<script>\nfunction sendEvent(action, element) {\n    var videoTitle = jQuery(element).data('title');  \n\n    if (dataLayer && videoTitle) {\n        dataLayer.push({\n            'event': 'video',\n            'eventCategory': 'Video',\n            'eventAction': action,\n            'eventLabel': videoTitle\n        });\n    }\n    else if (ga && videoTitle) {\n        ga('send', 'event', 'Video', action, videoTitle);\n    }  \n}\n<\/script>\n<\/div><\/div><\/div><\/div><\/div>","protected":false},"excerpt":{"rendered":"<p>Houchin Una marca heredada de ITW GSE Lee la historia de Houchin, \u00a1que se remonta 100 a\u00f1os atr\u00e1s! Marca heredada ITW GSE Historia de&#8230;<\/p>\n","protected":false},"author":1,"featured_media":0,"parent":0,"menu_order":226,"comment_status":"closed","ping_status":"closed","template":"","meta":{"_acf_changed":false,"_relevanssi_hide_post":"","_relevanssi_hide_content":"","_relevanssi_pin_for_all":"","_relevanssi_pin_keywords":"","_relevanssi_unpin_keywords":"","_relevanssi_related_keywords":"","_relevanssi_related_include_ids":"","_relevanssi_related_exclude_ids":"","_relevanssi_related_no_append":"","_relevanssi_related_not_related":"","_relevanssi_related_posts":"","_relevanssi_noindex_reason":"","footnotes":""},"class_list":["post-28752","page","type-page","status-publish","hentry"],"acf":[],"yoast_head":"<!-- This site is optimized with the Yoast SEO plugin v27.0 - https:\/\/yoast.com\/product\/yoast-seo-wordpress\/ -->\n<title>Houchin - Historia de la marca Houchin | ITW GSE<\/title>\n<meta name=\"description\" content=\"Houchin suministra a compa\u00f1\u00edas a\u00e9reas, empresas de asistencia en tierra, empresas de arrendamiento, aeropuertos y organizaciones militares de Europa, \u00c1frica y Oriente Medio.\" \/>\n<meta name=\"robots\" content=\"index, follow, max-snippet:-1, max-image-preview:large, max-video-preview:-1\" \/>\n<link rel=\"canonical\" href=\"https:\/\/itwgse.com\/es\/historia-de-la-marca-houchin\/\" \/>\n<meta property=\"og:locale\" content=\"es_ES\" \/>\n<meta property=\"og:type\" content=\"article\" \/>\n<meta property=\"og:title\" content=\"Houchin - Historia de la marca Houchin | ITW GSE\" \/>\n<meta property=\"og:description\" content=\"Houchin suministra a compa\u00f1\u00edas a\u00e9reas, empresas de asistencia en tierra, empresas de arrendamiento, aeropuertos y organizaciones militares de Europa, \u00c1frica y Oriente Medio.\" \/>\n<meta property=\"og:url\" content=\"https:\/\/itwgse.com\/es\/historia-de-la-marca-houchin\/\" \/>\n<meta property=\"og:site_name\" content=\"ITW GSE\" \/>\n<meta property=\"article:publisher\" content=\"https:\/\/www.facebook.com\/ITWGSE\/\" \/>\n<meta name=\"twitter:card\" content=\"summary_large_image\" \/>\n<script type=\"application\/ld+json\" class=\"yoast-schema-graph\">{\"@context\":\"https:\/\/schema.org\",\"@graph\":[{\"@type\":\"WebPage\",\"@id\":\"https:\/\/itwgse.com\/es\/historia-de-la-marca-houchin\/\",\"url\":\"https:\/\/itwgse.com\/es\/historia-de-la-marca-houchin\/\",\"name\":\"Houchin - Historia de la marca Houchin | ITW GSE\",\"isPartOf\":{\"@id\":\"https:\/\/itwgse.com\/#website\"},\"datePublished\":\"2026-02-24T13:11:05+00:00\",\"description\":\"Houchin suministra a compa\u00f1\u00edas a\u00e9reas, empresas de asistencia en tierra, empresas de arrendamiento, aeropuertos y organizaciones militares de Europa, \u00c1frica y Oriente Medio.\",\"breadcrumb\":{\"@id\":\"https:\/\/itwgse.com\/es\/historia-de-la-marca-houchin\/#breadcrumb\"},\"inLanguage\":\"es\",\"potentialAction\":[{\"@type\":\"ReadAction\",\"target\":[\"https:\/\/itwgse.com\/es\/historia-de-la-marca-houchin\/\"]}]},{\"@type\":\"BreadcrumbList\",\"@id\":\"https:\/\/itwgse.com\/es\/historia-de-la-marca-houchin\/#breadcrumb\",\"itemListElement\":[{\"@type\":\"ListItem\",\"position\":1,\"name\":\"Home\",\"item\":\"https:\/\/itwgse.com\/es\/home\/\"},{\"@type\":\"ListItem\",\"position\":2,\"name\":\"Historia de la marca Houchin\"}]},{\"@type\":\"WebSite\",\"@id\":\"https:\/\/itwgse.com\/#website\",\"url\":\"https:\/\/itwgse.com\/\",\"name\":\"ITW GSE\",\"description\":\"It&#039;s all about connections\",\"publisher\":{\"@id\":\"https:\/\/itwgse.com\/#organization\"},\"potentialAction\":[{\"@type\":\"SearchAction\",\"target\":{\"@type\":\"EntryPoint\",\"urlTemplate\":\"https:\/\/itwgse.com\/?s={search_term_string}\"},\"query-input\":{\"@type\":\"PropertyValueSpecification\",\"valueRequired\":true,\"valueName\":\"search_term_string\"}}],\"inLanguage\":\"es\"},{\"@type\":\"Organization\",\"@id\":\"https:\/\/itwgse.com\/#organization\",\"name\":\"ITW GSE\",\"url\":\"https:\/\/itwgse.com\/\",\"logo\":{\"@type\":\"ImageObject\",\"inLanguage\":\"es\",\"@id\":\"https:\/\/itwgse.com\/#\/schema\/logo\/image\/\",\"url\":\"https:\/\/itwgse.com\/wp-content\/uploads\/2018\/11\/logo.png\",\"contentUrl\":\"https:\/\/itwgse.com\/wp-content\/uploads\/2018\/11\/logo.png\",\"width\":302,\"height\":237,\"caption\":\"ITW GSE\"},\"image\":{\"@id\":\"https:\/\/itwgse.com\/#\/schema\/logo\/image\/\"},\"sameAs\":[\"https:\/\/www.facebook.com\/ITWGSE\/\",\"https:\/\/www.linkedin.com\/company\/itw-gse\/\",\"https:\/\/www.youtube.com\/channel\/UCTUIMvyaOPfYIqzP8enZ8yw\"]}]}<\/script>\n<!-- \/ Yoast SEO plugin. -->","yoast_head_json":{"title":"Houchin - Historia de la marca Houchin | ITW GSE","description":"Houchin suministra a compa\u00f1\u00edas a\u00e9reas, empresas de asistencia en tierra, empresas de arrendamiento, aeropuertos y organizaciones militares de Europa, \u00c1frica y Oriente Medio.","robots":{"index":"index","follow":"follow","max-snippet":"max-snippet:-1","max-image-preview":"max-image-preview:large","max-video-preview":"max-video-preview:-1"},"canonical":"https:\/\/itwgse.com\/es\/historia-de-la-marca-houchin\/","og_locale":"es_ES","og_type":"article","og_title":"Houchin - Historia de la marca Houchin | ITW GSE","og_description":"Houchin suministra a compa\u00f1\u00edas a\u00e9reas, empresas de asistencia en tierra, empresas de arrendamiento, aeropuertos y organizaciones militares de Europa, \u00c1frica y Oriente Medio.","og_url":"https:\/\/itwgse.com\/es\/historia-de-la-marca-houchin\/","og_site_name":"ITW GSE","article_publisher":"https:\/\/www.facebook.com\/ITWGSE\/","twitter_card":"summary_large_image","schema":{"@context":"https:\/\/schema.org","@graph":[{"@type":"WebPage","@id":"https:\/\/itwgse.com\/es\/historia-de-la-marca-houchin\/","url":"https:\/\/itwgse.com\/es\/historia-de-la-marca-houchin\/","name":"Houchin - Historia de la marca Houchin | ITW GSE","isPartOf":{"@id":"https:\/\/itwgse.com\/#website"},"datePublished":"2026-02-24T13:11:05+00:00","description":"Houchin suministra a compa\u00f1\u00edas a\u00e9reas, empresas de asistencia en tierra, empresas de arrendamiento, aeropuertos y organizaciones militares de Europa, \u00c1frica y Oriente Medio.","breadcrumb":{"@id":"https:\/\/itwgse.com\/es\/historia-de-la-marca-houchin\/#breadcrumb"},"inLanguage":"es","potentialAction":[{"@type":"ReadAction","target":["https:\/\/itwgse.com\/es\/historia-de-la-marca-houchin\/"]}]},{"@type":"BreadcrumbList","@id":"https:\/\/itwgse.com\/es\/historia-de-la-marca-houchin\/#breadcrumb","itemListElement":[{"@type":"ListItem","position":1,"name":"Home","item":"https:\/\/itwgse.com\/es\/home\/"},{"@type":"ListItem","position":2,"name":"Historia de la marca Houchin"}]},{"@type":"WebSite","@id":"https:\/\/itwgse.com\/#website","url":"https:\/\/itwgse.com\/","name":"ITW GSE","description":"It&#039;s all about connections","publisher":{"@id":"https:\/\/itwgse.com\/#organization"},"potentialAction":[{"@type":"SearchAction","target":{"@type":"EntryPoint","urlTemplate":"https:\/\/itwgse.com\/?s={search_term_string}"},"query-input":{"@type":"PropertyValueSpecification","valueRequired":true,"valueName":"search_term_string"}}],"inLanguage":"es"},{"@type":"Organization","@id":"https:\/\/itwgse.com\/#organization","name":"ITW GSE","url":"https:\/\/itwgse.com\/","logo":{"@type":"ImageObject","inLanguage":"es","@id":"https:\/\/itwgse.com\/#\/schema\/logo\/image\/","url":"https:\/\/itwgse.com\/wp-content\/uploads\/2018\/11\/logo.png","contentUrl":"https:\/\/itwgse.com\/wp-content\/uploads\/2018\/11\/logo.png","width":302,"height":237,"caption":"ITW GSE"},"image":{"@id":"https:\/\/itwgse.com\/#\/schema\/logo\/image\/"},"sameAs":["https:\/\/www.facebook.com\/ITWGSE\/","https:\/\/www.linkedin.com\/company\/itw-gse\/","https:\/\/www.youtube.com\/channel\/UCTUIMvyaOPfYIqzP8enZ8yw"]}]}},"_links":{"self":[{"href":"https:\/\/itwgse.com\/es\/wp-json\/wp\/v2\/pages\/28752","targetHints":{"allow":["GET"]}}],"collection":[{"href":"https:\/\/itwgse.com\/es\/wp-json\/wp\/v2\/pages"}],"about":[{"href":"https:\/\/itwgse.com\/es\/wp-json\/wp\/v2\/types\/page"}],"author":[{"embeddable":true,"href":"https:\/\/itwgse.com\/es\/wp-json\/wp\/v2\/users\/1"}],"replies":[{"embeddable":true,"href":"https:\/\/itwgse.com\/es\/wp-json\/wp\/v2\/comments?post=28752"}],"version-history":[{"count":0,"href":"https:\/\/itwgse.com\/es\/wp-json\/wp\/v2\/pages\/28752\/revisions"}],"wp:attachment":[{"href":"https:\/\/itwgse.com\/es\/wp-json\/wp\/v2\/media?parent=28752"}],"curies":[{"name":"wp","href":"https:\/\/api.w.org\/{rel}","templated":true}]}}