{"id":28757,"date":"2026-02-24T14:11:08","date_gmt":"2026-02-24T13:11:08","guid":{"rendered":"https:\/\/itwgse.com\/historia-de-la-marca-hobart\/"},"modified":"2026-02-24T14:11:08","modified_gmt":"2026-02-24T13:11:08","slug":"historia-de-la-marca-hobart","status":"publish","type":"page","link":"https:\/\/itwgse.com\/es\/historia-de-la-marca-hobart\/","title":{"rendered":"Historia de la marca Hobart"},"content":{"rendered":"<div id=\"pl-28757\"  class=\"panel-layout\" ><div id=\"pg-28757-0\"  class=\"panel-grid panel-no-style\" ><div id=\"pgc-28757-0-0\"  class=\"panel-grid-cell\" ><div id=\"panel-28757-0-0-0\" class=\"so-panel widget widget_mtt-cover-section panel-first-child panel-last-child\" data-index=\"0\" ><div\n\t\t\t\n\t\t\tclass=\"so-widget-mtt-cover-section so-widget-mtt-cover-section-base\"\n\t\t\t\n\t\t>\n<div class=\"mtt-cover-section-wrap compact\">\n\t<div class=\"mtt-cover-curve\">\n\t\t<img decoding=\"async\"  src=\"https:\/\/itwgse.com\/wp-content\/themes\/mtt-standard-theme\/assets\/img\/cover\/itwgse_cut.svg\">\t<\/div>\n    <div class=\"mtt-cover-compact-background object-fit overlay\">\n                            <div class=\"mtt-cover-compact-image object-fit\">\n                <img decoding=\"async\"\n                    src=\"https:\/\/itwgse.com\/wp-content\/uploads\/2021\/02\/hobart-4400-gpu-vs4.png\"\n                    data-skip-lazy\n                    alt=\"\"\n                >\n            <\/div>\n                    <\/div>\n    <div class=\"mtt-cover-compact-container\">\n        <div class=\"mtt-cover-section-text\">\n            <h1>Unidad de potencia de tierra Hobart<\/h1>\n                                <div class=\"text\"><p>Hobart fue el primer fabricante de equipos de POTENCIA EN TIERRA para aviones en Estados Unidos en 1946.<\/p>\n<p>Ahora es una marca heredada de ITW GSE.<\/p>\n<\/div>\n                            <\/div>\n    <\/div>\n<\/div>\n<\/div><\/div><\/div><\/div><div id=\"pg-28757-1\"  class=\"panel-grid panel-no-style\" ><div id=\"pgc-28757-1-0\"  class=\"panel-grid-cell\" ><div id=\"panel-28757-1-0-0\" class=\"so-panel widget widget_mtt-text-image panel-first-child\" data-index=\"1\" ><div\n\t\t\t\n\t\t\tclass=\"so-widget-mtt-text-image so-widget-mtt-text-image-base\"\n\t\t\t\n\t\t>\n<div class=\"mtt-text-image-wrap no-top-padding no-bottom-padding\">\n        <!-- Content -->\n    <div class=\"mtt-text-image-container\">\n        <div class=\"mtt-text-image-col\">\n            <div class=\"mtt-text-image-content formatted_content\">\n                <div class=\"tagline\">Marca Legacy<\/div>                <h2>Historia de la POTENCIA DE TIERRA Hobart<\/h2>\n                <p><strong>Desde 1946<\/strong>, Hobart desarrolla continuamente nuevos productos para satisfacer los requisitos siempre cambiantes de la industria aeroespacial.<\/p>\n<p>Las unidades de alimentaci\u00f3n en tierra Hobart se dise\u00f1aron para proporcionar alimentaci\u00f3n de CA o CC con lo \u00faltimo en tecnolog\u00eda de accionamiento de motores y estado s\u00f3lido; adecuadas para plataformas de aeronaves en los mercados comercial, general, empresarial y militar.<\/p>\n<p><strong>En 1996<\/strong>, ITW adquiri\u00f3 Hobart Ground Power.<\/p>\n<p><strong>En 2012<\/strong>, la producci\u00f3n de Troy (Ohio) se traslad\u00f3 a Palmetto (Florida), en las instalaciones propiedad de ITW de Trilectron\/Air-a-plane e ITW Military GSE. El redise\u00f1o en las l\u00edneas de montaje, aument\u00f3 la productividad y, en consecuencia, los clientes de ITW Military GSE pudieron ser atendidos con GPU est\u00e1ndar de la marca Hobart. <\/p>\n\n                            <\/div>\n        <\/div>\n                    <div class=\"mtt-text-image-col img center\">\n                <div class=\"mtt-text-image-content\">\n                    <img decoding=\"async\" width=\"1378\" height=\"768\" src=\"https:\/\/itwgse.com\/wp-content\/uploads\/2020\/11\/Hobart-Legacy-GPU.jpg\" class=\"attachment-full size-full\" alt=\"Old Hobart GPU\" srcset=\"https:\/\/itwgse.com\/wp-content\/uploads\/2020\/11\/Hobart-Legacy-GPU.jpg 1378w, https:\/\/itwgse.com\/wp-content\/uploads\/2020\/11\/Hobart-Legacy-GPU-300x167.jpg 300w, https:\/\/itwgse.com\/wp-content\/uploads\/2020\/11\/Hobart-Legacy-GPU-1024x571.jpg 1024w\" sizes=\"(max-width: 1378px) 100vw, 1378px\" \/>                \n                    \n                    \n                <\/div>\n            <\/div>\n            <\/div>\n<\/div>\n\n<script>\nfunction sendEvent(action, element) {\n    var videoTitle = jQuery(element).data('title');  \n\n    if (dataLayer && videoTitle) {\n        dataLayer.push({\n            'event': 'video',\n            'eventCategory': 'Video',\n            'eventAction': action,\n            'eventLabel': videoTitle\n        });\n    }\n    else if (ga && videoTitle) {\n        ga('send', 'event', 'Video', action, videoTitle);\n    }  \n}\n<\/script>\n<\/div><\/div><div id=\"panel-28757-1-0-1\" class=\"so-panel widget widget_mtt-two-col-text\" data-index=\"2\" ><div\n\t\t\t\n\t\t\tclass=\"so-widget-mtt-two-col-text so-widget-mtt-two-col-text-base\"\n\t\t\t\n\t\t>\n<div class=\"mtt-two-col-wrapper no-top-padding\">\n    <div class=\"mtt-two-col-container\">\n        <div class=\"mtt-two-col-content\">\n                        <div class=\"text-section\">\n                <div class=\"col formatted_content\"><h3>\u00bfBuscas una unidad nueva?<\/h3>\n<p>Echa un vistazo a las <a href=\"https:\/\/itwgse.com\/ground-power-units\/\" target=\"_blank\" rel=\"noopener\">unidades de potencia de tierra ITW GSE<\/a> y a las <a href=\"https:\/\/itwgse.com\/pre-conditioned-air\/\" target=\"_blank\" rel=\"noopener\">unidades de aire preacondicionado ITW GSE<\/a>.<\/p>\n<\/div>\n                <div class=\"col formatted_content\"><h3>Lista de reproducci\u00f3n de v\u00eddeos de Hobart en Youtube<\/h3>\n<p>Hemos reunido una peque\u00f1a colecci\u00f3n de <a href=\"https:\/\/youtube.com\/playlist?list=PLwNBf240aE8wxYGiONKoFRUp8bsvlMnZE\" target=\"_blank\" rel=\"noopener\">v\u00eddeos de Hobart<\/a> para ti en nuestro <a href=\"https:\/\/www.youtube.com\/user\/ITWGSE\" target=\"_blank\" rel=\"noopener\">canal de Youtube de ITW GSE<\/a> - \u00a1disfr\u00fatalos!<\/p>\n                                    <\/div>\n            <\/div>\n                    <\/div>\n    <\/div>\n<\/div><\/div><\/div><div id=\"panel-28757-1-0-2\" class=\"so-panel widget widget_mtt-text-image\" data-index=\"3\" ><div\n\t\t\t\n\t\t\tclass=\"so-widget-mtt-text-image so-widget-mtt-text-image-base\"\n\t\t\t\n\t\t>\n<div class=\"mtt-text-image-wrap less-bottom-padding\">\n        <!-- Content -->\n    <div class=\"mtt-text-image-container\">\n        <div class=\"mtt-text-image-col\">\n            <div class=\"mtt-text-image-content formatted_content\">\n                                <h2>Un paseo por los recuerdos<\/h2>\n                <p>Como pertenecemos al sector de la aviaci\u00f3n, nos encanta viajar y, por eso, te damos la bienvenida a un viaje al pasado.<\/p>\n<p>El viaje te trae un manual de instrucciones heredado de Hobart, un viejo art\u00edculo de Janes Airport Review y algunas fotos antiguas.<\/p>\n\n                                    <div class=\"button-wrap\">\n                                                    <a href=\"https:\/\/itwgse.com\/wp-content\/uploads\/2021\/02\/hobart-early-material.pdf\" class=\"button\">\n                                Manual de instrucciones Legacy Hobart                            <\/a>\n                                                    <a href=\"https:\/\/itwgse.com\/wp-content\/uploads\/2023\/07\/Hobart-Janes-Airport-Review-Jan-2001.pdf\" class=\"button\">\n                                Janes Airport Review Enero 2001                            <\/a>\n                                            <\/div>\n                            <\/div>\n        <\/div>\n                    <div class=\"mtt-text-image-col img\">\n                <div class=\"mtt-text-image-content\">\n                    <img decoding=\"async\" width=\"2560\" height=\"1920\" src=\"https:\/\/itwgse.com\/wp-content\/uploads\/2021\/02\/MobileHobart-2400-and-aircraft-scaled.jpg\" class=\"attachment-full size-full\" alt=\"mobile hobart GPU\" srcset=\"https:\/\/itwgse.com\/wp-content\/uploads\/2021\/02\/MobileHobart-2400-and-aircraft-scaled.jpg 2560w, https:\/\/itwgse.com\/wp-content\/uploads\/2021\/02\/MobileHobart-2400-and-aircraft-scaled-300x225.jpg 300w, https:\/\/itwgse.com\/wp-content\/uploads\/2021\/02\/MobileHobart-2400-and-aircraft-scaled-1024x768.jpg 1024w\" sizes=\"(max-width: 2560px) 100vw, 2560px\" \/>                \n                    \n                    \n                <\/div>\n            <\/div>\n            <\/div>\n<\/div>\n\n<script>\nfunction sendEvent(action, element) {\n    var videoTitle = jQuery(element).data('title');  \n\n    if (dataLayer && videoTitle) {\n        dataLayer.push({\n            'event': 'video',\n            'eventCategory': 'Video',\n            'eventAction': action,\n            'eventLabel': videoTitle\n        });\n    }\n    else if (ga && videoTitle) {\n        ga('send', 'event', 'Video', action, videoTitle);\n    }  \n}\n<\/script>\n<\/div><\/div><div id=\"panel-28757-1-0-3\" class=\"so-panel widget widget_mtt-two-col-text\" data-index=\"4\" ><div\n\t\t\t\n\t\t\tclass=\"so-widget-mtt-two-col-text so-widget-mtt-two-col-text-base\"\n\t\t\t\n\t\t>\n<div class=\"mtt-two-col-wrapper no-bottom-padding\">\n    <div class=\"mtt-two-col-container\">\n        <div class=\"mtt-two-col-content\">\n                        <div class=\"text-section\">\n                <div class=\"col formatted_content\"><figure id=\"attachment_16505\" aria-describedby=\"caption-attachment-16505\" style=\"width: 1024px\" class=\"wp-caption aligncenter\"><img decoding=\"async\" class=\"wp-image-16505 size-large\" src=\"https:\/\/itwgse.com\/wp-content\/uploads\/2021\/02\/Delta-Airlines-with-old-Hobart-unit-scaled-1024x725.jpg\" alt=\"itw gse marca legado hobart\" width=\"1024\" height=\"725\" srcset=\"https:\/\/itwgse.com\/wp-content\/uploads\/2021\/02\/Delta-Airlines-with-old-Hobart-unit-scaled-1024x725.jpg 1024w, https:\/\/itwgse.com\/wp-content\/uploads\/2021\/02\/Delta-Airlines-with-old-Hobart-unit-scaled-300x212.jpg 300w\" sizes=\"(max-width: 1024px) 100vw, 1024px\" \/><figcaption id=\"caption-attachment-16505\" class=\"wp-caption-text\">GPU m\u00f3vil Hobart en tierra delante del avi\u00f3n Delta.<\/figcaption><\/figure>\n<\/div>\n                <div class=\"col formatted_content\"><figure id=\"attachment_16508\" aria-describedby=\"caption-attachment-16508\" style=\"width: 1024px\" class=\"wp-caption aligncenter\"><img decoding=\"async\" class=\"wp-image-16508 size-full\" src=\"https:\/\/itwgse.com\/wp-content\/uploads\/2021\/02\/hobart-in-snow-towed-by-tractor.jpg\" alt=\"hobart gpu en la nieve\" width=\"1024\" height=\"768\" srcset=\"https:\/\/itwgse.com\/wp-content\/uploads\/2021\/02\/hobart-in-snow-towed-by-tractor.jpg 1024w, https:\/\/itwgse.com\/wp-content\/uploads\/2021\/02\/hobart-in-snow-towed-by-tractor-300x225.jpg 300w\" sizes=\"(max-width: 1024px) 100vw, 1024px\" \/><figcaption id=\"caption-attachment-16508\" class=\"wp-caption-text\">GPU m\u00f3vil Hobart remolcada por tractor sobre plataforma helada.<\/figcaption><\/figure>\n                                    <\/div>\n            <\/div>\n                    <\/div>\n    <\/div>\n<\/div><\/div><\/div><div id=\"panel-28757-1-0-4\" class=\"so-panel widget widget_mtt-two-col-text\" data-index=\"5\" ><div\n\t\t\t\n\t\t\tclass=\"so-widget-mtt-two-col-text so-widget-mtt-two-col-text-base\"\n\t\t\t\n\t\t>\n<div class=\"mtt-two-col-wrapper\">\n    <div class=\"mtt-two-col-container\">\n        <div class=\"mtt-two-col-content\">\n                        <div class=\"text-section\">\n                <div class=\"col formatted_content\"><figure id=\"attachment_24434\" aria-describedby=\"caption-attachment-24434\" style=\"width: 1024px\" class=\"wp-caption aligncenter\"><img decoding=\"async\" class=\"wp-image-24434 size-large\" src=\"https:\/\/itwgse.com\/wp-content\/uploads\/2023\/10\/Hobart-Self-Propellel-Perth_1-scaled-1024x768.jpg\" alt=\"\" width=\"1024\" height=\"768\" srcset=\"https:\/\/itwgse.com\/wp-content\/uploads\/2023\/10\/Hobart-Self-Propellel-Perth_1-scaled-1024x768.jpg 1024w, https:\/\/itwgse.com\/wp-content\/uploads\/2023\/10\/Hobart-Self-Propellel-Perth_1-scaled-300x225.jpg 300w\" sizes=\"(max-width: 1024px) 100vw, 1024px\" \/><figcaption id=\"caption-attachment-24434\" class=\"wp-caption-text\">Hobart Self Propellel, situada en Perth, Australia.<\/figcaption><\/figure>\n<\/div>\n                <div class=\"col formatted_content\"><figure id=\"attachment_24437\" aria-describedby=\"caption-attachment-24437\" style=\"width: 674px\" class=\"wp-caption aligncenter\"><img decoding=\"async\" class=\"wp-image-24437 size-full\" src=\"https:\/\/itwgse.com\/wp-content\/uploads\/2023\/10\/Old-TWA.jpg\" alt=\"\" width=\"674\" height=\"790\" srcset=\"https:\/\/itwgse.com\/wp-content\/uploads\/2023\/10\/Old-TWA.jpg 674w, https:\/\/itwgse.com\/wp-content\/uploads\/2023\/10\/Old-TWA-256x300.jpg 256w\" sizes=\"(max-width: 674px) 100vw, 674px\" \/><figcaption id=\"caption-attachment-24437\" class=\"wp-caption-text\">El viejo Hobart suministra a la TWA.<\/figcaption><\/figure>\n                                    <\/div>\n            <\/div>\n                    <\/div>\n    <\/div>\n<\/div><\/div><\/div><div id=\"panel-28757-1-0-5\" class=\"so-panel widget widget_mtt-customer-support panel-last-child\" data-index=\"6\" ><div\n\t\t\t\n\t\t\tclass=\"so-widget-mtt-customer-support so-widget-mtt-customer-support-base\"\n\t\t\t\n\t\t>\n<div class=\"mtt-text-image-wrap less-top-padding less-bottom-padding grey-bg\">\n        <!-- Content -->\n    <div class=\"mtt-text-image-container\">\n        <div class=\"mtt-text-image-col\">\n            <div class=\"mtt-text-image-content formatted_content\">\n                                <h2>Atenci\u00f3n al cliente<\/h2>\n                <p><strong>\u00bfC\u00f3mo le podemos ayudar?<\/strong><\/p>\n<p>\u00bfNecesita esquemas, cat\u00e1logos de repuestos o v\u00eddeos de instrucciones?<\/p>\n<p>Use el bot\u00f3n \u201cAsistencia con el producto\u201d. \u00bfTiene preguntas para el equipo de atenci\u00f3n al cliente? Use el bot\u00f3n \u201cContacto con atenci\u00f3n al cliente\u201d. Si tiene alguna duda con respecto a un producto concreto, proporci\u00f3nenos el n\u00famero de serie del producto.<\/p>\n\n                                    <div class=\"button-wrap\">\n                                                    <a href=\"https:\/\/itwgse.com\/es\/support-and-service\/\" class=\"button\">\n                                Asistencia con el producto                            <\/a>\n                                                    <a href=\"https:\/\/itwgse.com\/es\/contacto\/\" class=\"button\">\n                                Contactar con Atenci\u00f3n al cliente                            <\/a>\n                                            <\/div>\n                            <\/div>\n        <\/div>\n                    <div class=\"mtt-text-image-col img center\">\n                <div class=\"mtt-text-image-content\">\n                    <img decoding=\"async\" width=\"1800\" height=\"1023\" src=\"https:\/\/itwgse.com\/wp-content\/uploads\/2018\/06\/ITWGSE_hero_cleanest-1.jpg\" class=\"attachment-full size-full\" alt=\"7400 low noice JK\" srcset=\"https:\/\/itwgse.com\/wp-content\/uploads\/2018\/06\/ITWGSE_hero_cleanest-1.jpg 1800w, https:\/\/itwgse.com\/wp-content\/uploads\/2018\/06\/ITWGSE_hero_cleanest-1-300x171.jpg 300w, https:\/\/itwgse.com\/wp-content\/uploads\/2018\/06\/ITWGSE_hero_cleanest-1-1024x582.jpg 1024w\" sizes=\"(max-width: 1800px) 100vw, 1800px\" \/>                \n                    \n                    \n                <\/div>\n            <\/div>\n            <\/div>\n<\/div>\n\n<script>\nfunction sendEvent(action, element) {\n    var videoTitle = jQuery(element).data('title');  \n\n    if (dataLayer && videoTitle) {\n        dataLayer.push({\n            'event': 'video',\n            'eventCategory': 'Video',\n            'eventAction': action,\n            'eventLabel': videoTitle\n        });\n    }\n    else if (ga && videoTitle) {\n        ga('send', 'event', 'Video', action, videoTitle);\n    }  \n}\n<\/script>\n<\/div><\/div><\/div><\/div><\/div>","protected":false},"excerpt":{"rendered":"<p>Unidad de potencia de tierra Hobart Hobart fue el primer fabricante de equipos de POTENCIA EN TIERRA para aviones en Estados Unidos en 1946&#8230;.<\/p>\n","protected":false},"author":1,"featured_media":0,"parent":0,"menu_order":232,"comment_status":"closed","ping_status":"closed","template":"","meta":{"_acf_changed":false,"_relevanssi_hide_post":"","_relevanssi_hide_content":"","_relevanssi_pin_for_all":"","_relevanssi_pin_keywords":"","_relevanssi_unpin_keywords":"","_relevanssi_related_keywords":"","_relevanssi_related_include_ids":"","_relevanssi_related_exclude_ids":"","_relevanssi_related_no_append":"","_relevanssi_related_not_related":"","_relevanssi_related_posts":"","_relevanssi_noindex_reason":"","footnotes":""},"class_list":["post-28757","page","type-page","status-publish","hentry"],"acf":[],"yoast_head":"<!-- This site is optimized with the Yoast SEO plugin v27.0 - https:\/\/yoast.com\/product\/yoast-seo-wordpress\/ -->\n<title>Hobart Ground POTENCIA - Historia de la marca Hobart | ITW GSE<\/title>\n<meta name=\"description\" content=\"Las unidades de alimentaci\u00f3n de tierra Hobart se dise\u00f1aron para proporcionar alimentaci\u00f3n de CA o CC con lo \u00faltimo en tecnolog\u00eda de accionamiento por motor y estado s\u00f3lido.\" \/>\n<meta name=\"robots\" content=\"index, follow, max-snippet:-1, max-image-preview:large, max-video-preview:-1\" \/>\n<link rel=\"canonical\" href=\"https:\/\/itwgse.com\/es\/historia-de-la-marca-hobart\/\" \/>\n<meta property=\"og:locale\" content=\"es_ES\" \/>\n<meta property=\"og:type\" content=\"article\" \/>\n<meta property=\"og:title\" content=\"Hobart Ground POTENCIA - Historia de la marca Hobart | ITW GSE\" \/>\n<meta property=\"og:description\" content=\"Las unidades de alimentaci\u00f3n de tierra Hobart se dise\u00f1aron para proporcionar alimentaci\u00f3n de CA o CC con lo \u00faltimo en tecnolog\u00eda de accionamiento por motor y estado s\u00f3lido.\" \/>\n<meta property=\"og:url\" content=\"https:\/\/itwgse.com\/es\/historia-de-la-marca-hobart\/\" \/>\n<meta property=\"og:site_name\" content=\"ITW GSE\" \/>\n<meta property=\"article:publisher\" content=\"https:\/\/www.facebook.com\/ITWGSE\/\" \/>\n<meta name=\"twitter:card\" content=\"summary_large_image\" \/>\n<script type=\"application\/ld+json\" class=\"yoast-schema-graph\">{\"@context\":\"https:\/\/schema.org\",\"@graph\":[{\"@type\":\"WebPage\",\"@id\":\"https:\/\/itwgse.com\/es\/historia-de-la-marca-hobart\/\",\"url\":\"https:\/\/itwgse.com\/es\/historia-de-la-marca-hobart\/\",\"name\":\"Hobart Ground POTENCIA - Historia de la marca Hobart | ITW GSE\",\"isPartOf\":{\"@id\":\"https:\/\/itwgse.com\/#website\"},\"datePublished\":\"2026-02-24T13:11:08+00:00\",\"description\":\"Las unidades de alimentaci\u00f3n de tierra Hobart se dise\u00f1aron para proporcionar alimentaci\u00f3n de CA o CC con lo \u00faltimo en tecnolog\u00eda de accionamiento por motor y estado s\u00f3lido.\",\"breadcrumb\":{\"@id\":\"https:\/\/itwgse.com\/es\/historia-de-la-marca-hobart\/#breadcrumb\"},\"inLanguage\":\"es\",\"potentialAction\":[{\"@type\":\"ReadAction\",\"target\":[\"https:\/\/itwgse.com\/es\/historia-de-la-marca-hobart\/\"]}]},{\"@type\":\"BreadcrumbList\",\"@id\":\"https:\/\/itwgse.com\/es\/historia-de-la-marca-hobart\/#breadcrumb\",\"itemListElement\":[{\"@type\":\"ListItem\",\"position\":1,\"name\":\"Home\",\"item\":\"https:\/\/itwgse.com\/es\/home\/\"},{\"@type\":\"ListItem\",\"position\":2,\"name\":\"Historia de la marca Hobart\"}]},{\"@type\":\"WebSite\",\"@id\":\"https:\/\/itwgse.com\/#website\",\"url\":\"https:\/\/itwgse.com\/\",\"name\":\"ITW GSE\",\"description\":\"It&#039;s all about connections\",\"publisher\":{\"@id\":\"https:\/\/itwgse.com\/#organization\"},\"potentialAction\":[{\"@type\":\"SearchAction\",\"target\":{\"@type\":\"EntryPoint\",\"urlTemplate\":\"https:\/\/itwgse.com\/?s={search_term_string}\"},\"query-input\":{\"@type\":\"PropertyValueSpecification\",\"valueRequired\":true,\"valueName\":\"search_term_string\"}}],\"inLanguage\":\"es\"},{\"@type\":\"Organization\",\"@id\":\"https:\/\/itwgse.com\/#organization\",\"name\":\"ITW GSE\",\"url\":\"https:\/\/itwgse.com\/\",\"logo\":{\"@type\":\"ImageObject\",\"inLanguage\":\"es\",\"@id\":\"https:\/\/itwgse.com\/#\/schema\/logo\/image\/\",\"url\":\"https:\/\/itwgse.com\/wp-content\/uploads\/2018\/11\/logo.png\",\"contentUrl\":\"https:\/\/itwgse.com\/wp-content\/uploads\/2018\/11\/logo.png\",\"width\":302,\"height\":237,\"caption\":\"ITW GSE\"},\"image\":{\"@id\":\"https:\/\/itwgse.com\/#\/schema\/logo\/image\/\"},\"sameAs\":[\"https:\/\/www.facebook.com\/ITWGSE\/\",\"https:\/\/www.linkedin.com\/company\/itw-gse\/\",\"https:\/\/www.youtube.com\/channel\/UCTUIMvyaOPfYIqzP8enZ8yw\"]}]}<\/script>\n<!-- \/ Yoast SEO plugin. -->","yoast_head_json":{"title":"Hobart Ground POTENCIA - Historia de la marca Hobart | ITW GSE","description":"Las unidades de alimentaci\u00f3n de tierra Hobart se dise\u00f1aron para proporcionar alimentaci\u00f3n de CA o CC con lo \u00faltimo en tecnolog\u00eda de accionamiento por motor y estado s\u00f3lido.","robots":{"index":"index","follow":"follow","max-snippet":"max-snippet:-1","max-image-preview":"max-image-preview:large","max-video-preview":"max-video-preview:-1"},"canonical":"https:\/\/itwgse.com\/es\/historia-de-la-marca-hobart\/","og_locale":"es_ES","og_type":"article","og_title":"Hobart Ground POTENCIA - Historia de la marca Hobart | ITW GSE","og_description":"Las unidades de alimentaci\u00f3n de tierra Hobart se dise\u00f1aron para proporcionar alimentaci\u00f3n de CA o CC con lo \u00faltimo en tecnolog\u00eda de accionamiento por motor y estado s\u00f3lido.","og_url":"https:\/\/itwgse.com\/es\/historia-de-la-marca-hobart\/","og_site_name":"ITW GSE","article_publisher":"https:\/\/www.facebook.com\/ITWGSE\/","twitter_card":"summary_large_image","schema":{"@context":"https:\/\/schema.org","@graph":[{"@type":"WebPage","@id":"https:\/\/itwgse.com\/es\/historia-de-la-marca-hobart\/","url":"https:\/\/itwgse.com\/es\/historia-de-la-marca-hobart\/","name":"Hobart Ground POTENCIA - Historia de la marca Hobart | ITW GSE","isPartOf":{"@id":"https:\/\/itwgse.com\/#website"},"datePublished":"2026-02-24T13:11:08+00:00","description":"Las unidades de alimentaci\u00f3n de tierra Hobart se dise\u00f1aron para proporcionar alimentaci\u00f3n de CA o CC con lo \u00faltimo en tecnolog\u00eda de accionamiento por motor y estado s\u00f3lido.","breadcrumb":{"@id":"https:\/\/itwgse.com\/es\/historia-de-la-marca-hobart\/#breadcrumb"},"inLanguage":"es","potentialAction":[{"@type":"ReadAction","target":["https:\/\/itwgse.com\/es\/historia-de-la-marca-hobart\/"]}]},{"@type":"BreadcrumbList","@id":"https:\/\/itwgse.com\/es\/historia-de-la-marca-hobart\/#breadcrumb","itemListElement":[{"@type":"ListItem","position":1,"name":"Home","item":"https:\/\/itwgse.com\/es\/home\/"},{"@type":"ListItem","position":2,"name":"Historia de la marca Hobart"}]},{"@type":"WebSite","@id":"https:\/\/itwgse.com\/#website","url":"https:\/\/itwgse.com\/","name":"ITW GSE","description":"It&#039;s all about connections","publisher":{"@id":"https:\/\/itwgse.com\/#organization"},"potentialAction":[{"@type":"SearchAction","target":{"@type":"EntryPoint","urlTemplate":"https:\/\/itwgse.com\/?s={search_term_string}"},"query-input":{"@type":"PropertyValueSpecification","valueRequired":true,"valueName":"search_term_string"}}],"inLanguage":"es"},{"@type":"Organization","@id":"https:\/\/itwgse.com\/#organization","name":"ITW GSE","url":"https:\/\/itwgse.com\/","logo":{"@type":"ImageObject","inLanguage":"es","@id":"https:\/\/itwgse.com\/#\/schema\/logo\/image\/","url":"https:\/\/itwgse.com\/wp-content\/uploads\/2018\/11\/logo.png","contentUrl":"https:\/\/itwgse.com\/wp-content\/uploads\/2018\/11\/logo.png","width":302,"height":237,"caption":"ITW GSE"},"image":{"@id":"https:\/\/itwgse.com\/#\/schema\/logo\/image\/"},"sameAs":["https:\/\/www.facebook.com\/ITWGSE\/","https:\/\/www.linkedin.com\/company\/itw-gse\/","https:\/\/www.youtube.com\/channel\/UCTUIMvyaOPfYIqzP8enZ8yw"]}]}},"_links":{"self":[{"href":"https:\/\/itwgse.com\/es\/wp-json\/wp\/v2\/pages\/28757","targetHints":{"allow":["GET"]}}],"collection":[{"href":"https:\/\/itwgse.com\/es\/wp-json\/wp\/v2\/pages"}],"about":[{"href":"https:\/\/itwgse.com\/es\/wp-json\/wp\/v2\/types\/page"}],"author":[{"embeddable":true,"href":"https:\/\/itwgse.com\/es\/wp-json\/wp\/v2\/users\/1"}],"replies":[{"embeddable":true,"href":"https:\/\/itwgse.com\/es\/wp-json\/wp\/v2\/comments?post=28757"}],"version-history":[{"count":0,"href":"https:\/\/itwgse.com\/es\/wp-json\/wp\/v2\/pages\/28757\/revisions"}],"wp:attachment":[{"href":"https:\/\/itwgse.com\/es\/wp-json\/wp\/v2\/media?parent=28757"}],"curies":[{"name":"wp","href":"https:\/\/api.w.org\/{rel}","templated":true}]}}