{"id":28762,"date":"2026-02-24T14:11:15","date_gmt":"2026-02-24T13:11:15","guid":{"rendered":"https:\/\/itwgse.com\/carrera-profesional\/"},"modified":"2026-03-18T15:37:54","modified_gmt":"2026-03-18T14:37:54","slug":"carrera-profesional","status":"publish","type":"page","link":"https:\/\/itwgse.com\/es\/carrera-profesional\/","title":{"rendered":"Carrera profesional"},"content":{"rendered":"<div id=\"pl-28762\"  class=\"panel-layout\" ><div id=\"pg-28762-0\"  class=\"panel-grid panel-no-style\" ><div id=\"pgc-28762-0-0\"  class=\"panel-grid-cell\" ><div id=\"panel-28762-0-0-0\" class=\"so-panel widget widget_mtt-cover-section panel-first-child\" data-index=\"0\" ><div\n\t\t\t\n\t\t\tclass=\"so-widget-mtt-cover-section so-widget-mtt-cover-section-base\"\n\t\t\t\n\t\t>\n<div class=\"mtt-cover-section-wrap compact extra-small\">\n\t<div class=\"mtt-cover-curve\">\n\t\t<img decoding=\"async\"  src=\"https:\/\/itwgse.com\/wp-content\/themes\/mtt-standard-theme\/assets\/img\/cover\/itwgse_cut.svg\">\t<\/div>\n    <div class=\"mtt-cover-compact-background object-fit overlay\">\n                            <div class=\"mtt-cover-compact-image object-fit contain\">\n                <img decoding=\"async\"\n                    src=\"https:\/\/itwgse.com\/wp-content\/uploads\/2025\/08\/OdensePalmetto-team-photo.jpg\"\n                    data-skip-lazy\n                    alt=\"\"\n                >\n            <\/div>\n                    <\/div>\n    <div class=\"mtt-cover-compact-container\">\n        <div class=\"mtt-cover-section-text no-max-width\">\n            <h1>Carrera en ITW GSE<\/h1>\n                    <\/div>\n    <\/div>\n<\/div>\n<\/div><\/div><div id=\"panel-28762-0-0-1\" class=\"so-panel widget widget_mtt-one-col-text panel-last-child\" data-index=\"1\" ><div\n\t\t\t\n\t\t\tclass=\"so-widget-mtt-one-col-text so-widget-mtt-one-col-text-base\"\n\t\t\t\n\t\t>\n<div class=\"mtt-two-col-wrapper\">\n    <div class=\"mtt-two-col-container\">\n        <div class=\"mtt-two-col-content formatted_content has-title-one\">\n\t\t\t                <h2>Trabajar para ITW GSE<\/h2>\n                        <div class=\"text-section one-col\">\n                <p><img decoding=\"async\" class=\"wp-image-4716 size-medium alignright\" src=\"https:\/\/itwgse.com\/wp-content\/uploads\/2018\/11\/logo-300x235.png\" alt=\"LOGO ITW GSE, itw gse, itwgse, groud power unit, GSE, ground support equipment, 400 Hz, 400 hertz, airline GPU, aircraft GPU,\" width=\"300\" height=\"235\" srcset=\"https:\/\/itwgse.com\/wp-content\/uploads\/2018\/11\/logo-300x235.png 300w, https:\/\/itwgse.com\/wp-content\/uploads\/2018\/11\/logo.png 302w\" sizes=\"(max-width: 300px) 100vw, 300px\" \/><\/p>\n<p><strong>En ITW GSE<\/strong> tenemos una cultura \u00fanica y un fuerte sentido de pertenencia. Nos centramos en abrazar la diversidad y la inclusi\u00f3n y en tener un buen ambiente de trabajo. Nos reunimos diariamente en todos los departamentos para hacer ejercicio durante 15-30 minutos en horario laboral. En nuestras instalaciones de Palmetto-Florida salimos a pasear y en las de Odense caminamos, corremos o montamos en bicicleta, y a veces tambi\u00e9n jugamos al f\u00fatbol o al padel.   <\/p>\n<p>Nos comprometemos a invertir en nuestra gente y nuestro objetivo es apoyar a nuestros compa\u00f1eros en su desarrollo y crecimiento profesional a largo plazo. Ofrecemos desarrollo personal y profesional, incluidos cursos y formaci\u00f3n continua. <\/p>\n<p>Tambi\u00e9n se te ofrece un atractivo paquete para empleados que incluye prestaciones. <\/p>\n<p>ITW GSE fabrica fuentes de alimentaci\u00f3n y sistemas de refrigeraci\u00f3n para aviones estacionados en aeropuertos de todo el mundo. ITW GSE tiene dos f\u00e1bricas en Odense y Florida, respectivamente, as\u00ed como oficinas regionales de ventas en Europa, Asia y Oriente Medio. Somos una organizaci\u00f3n en constante crecimiento, cambio y movimiento, y tendr\u00e1s amplias oportunidades de explorar tu conciencia intercultural.  <\/p>\n            <\/div>\n\n            \n                    <div class=\"button-wrap\">\n                \n                                                                <a\n                            href=\"https:\/\/itwgse.com\/who-we-are\/\"\n                            class=\"button link button  button-margin\"\n                                                    >\n                            Acerca de ITW GSE                        <\/a>\n                                                <\/div>\n                        <\/div>\n    <\/div>\n<\/div>\n<\/div><\/div><\/div><\/div><div id=\"pg-28762-1\"  class=\"panel-grid panel-no-style\" ><div id=\"pgc-28762-1-0\"  class=\"panel-grid-cell\" ><div id=\"panel-28762-1-0-0\" class=\"so-panel widget widget_mtt-one-col-text panel-first-child panel-last-child\" data-index=\"2\" ><div class=\"panel-widget-style panel-widget-style-for-28762-1-0-0\" ><div\n\t\t\t\n\t\t\tclass=\"so-widget-mtt-one-col-text so-widget-mtt-one-col-text-base\"\n\t\t\t\n\t\t>\n<div class=\"mtt-two-col-wrapper\">\n    <div class=\"mtt-two-col-container\">\n        <div class=\"mtt-two-col-content formatted_content has-title-one\">\n\t\t\t                <h2>Puestos vacantes en ITW GSE<\/h2>\n                        <div class=\"text-section one-col\">\n                <p>Actualmente no tenemos ning\u00fan puesto vacante, pero te invitamos a enviar una solicitud abierta a uno de nuestros compa\u00f1eros responsables de RRHH, que encontrar\u00e1s a continuaci\u00f3n.<\/p>\n            <\/div>\n\n            \n                        <\/div>\n    <\/div>\n<\/div>\n<\/div><\/div><\/div><\/div><\/div><div id=\"pg-28762-2\"  class=\"panel-grid panel-no-style\" ><div id=\"pgc-28762-2-0\"  class=\"panel-grid-cell\" ><div id=\"panel-28762-2-0-0\" class=\"so-panel widget widget_mtt-two-col-text panel-first-child\" data-index=\"3\" ><div\n\t\t\t\n\t\t\tclass=\"so-widget-mtt-two-col-text so-widget-mtt-two-col-text-base\"\n\t\t\t\n\t\t>\n<div class=\"mtt-two-col-wrapper\">\n    <div class=\"mtt-two-col-container\">\n        <div class=\"mtt-two-col-content inline-titles\">\n                        <div class=\"text-section\">\n                <div class=\"col formatted_content\"><h3>Contacto en Am\u00e9rica<\/h3>\n<p>Bailey Peterson<\/p>\n<p><em>Generalista de Recursos Humanos Senior <\/em><\/p>\n<p>ITW GSE<br \/>\n11001 US Highway 41 North<br \/>\nPalmetto, FL 34221<br \/>\nEE.UU.<\/p>\n<p>Correo electr\u00f3nico: <a href=\"mailto:bpeterson@itwgse.com\">bpeterson@itwgse.com<\/a><\/p>\n<p><img decoding=\"async\" class=\"wp-image-25555 alignnone\" src=\"https:\/\/itwgse.com\/wp-content\/uploads\/2024\/08\/Bailey-Peterson-web-300x300.png\" alt=\"\" width=\"242\" height=\"242\" srcset=\"https:\/\/itwgse.com\/wp-content\/uploads\/2024\/08\/Bailey-Peterson-web-300x300.png 300w, https:\/\/itwgse.com\/wp-content\/uploads\/2024\/08\/Bailey-Peterson-web-150x150.png 150w, https:\/\/itwgse.com\/wp-content\/uploads\/2024\/08\/Bailey-Peterson-web-1024x1024.png 1024w, https:\/\/itwgse.com\/wp-content\/uploads\/2024\/08\/Bailey-Peterson-web-266x266.png 266w, https:\/\/itwgse.com\/wp-content\/uploads\/2024\/08\/Bailey-Peterson-web-121x121.png 121w, https:\/\/itwgse.com\/wp-content\/uploads\/2024\/08\/Bailey-Peterson-web.png 1576w\" sizes=\"(max-width: 242px) 100vw, 242px\" \/><\/p>\n<\/div>\n                <div class=\"col formatted_content\"><h3>Contacto Internacional<\/h3>\n<p>Kamille Smed Kristensen<\/p>\n<p><em>Director de Divisi\u00f3n de Recursos Humanos<\/em><\/p>\n<p>ITW GSE ApS<br \/>Smedebakken 31-33<br \/>DK-5270 Odense N<br \/>Dinamarca<\/p>\n<p>Correo electr\u00f3nico: <a href=\"mailto:ksk@itwgse.com\" target=\"_blank\" rel=\"noopener\">ksk@itwgse.com<\/a><\/p>\n<p><img decoding=\"async\" class=\"alignnone size-medium wp-image-27082\" src=\"https:\/\/itwgse.com\/wp-content\/uploads\/2025\/06\/ksk_stor_sorthvid-web-300x300.png\" alt=\"\" width=\"300\" height=\"300\" srcset=\"https:\/\/itwgse.com\/wp-content\/uploads\/2025\/06\/ksk_stor_sorthvid-web-300x300.png 300w, https:\/\/itwgse.com\/wp-content\/uploads\/2025\/06\/ksk_stor_sorthvid-web-150x150.png 150w, https:\/\/itwgse.com\/wp-content\/uploads\/2025\/06\/ksk_stor_sorthvid-web-1024x1024.png 1024w, https:\/\/itwgse.com\/wp-content\/uploads\/2025\/06\/ksk_stor_sorthvid-web-60x60.png 60w\" sizes=\"(max-width: 300px) 100vw, 300px\" \/><\/p>\n<p>\u00a0<\/p>\n                                    <\/div>\n            <\/div>\n                    <\/div>\n    <\/div>\n<\/div><\/div><\/div><div id=\"panel-28762-2-0-1\" class=\"so-panel widget widget_mtt-one-col-text\" data-index=\"4\" ><div\n\t\t\t\n\t\t\tclass=\"so-widget-mtt-one-col-text so-widget-mtt-one-col-text-base\"\n\t\t\t\n\t\t>\n<div class=\"mtt-two-col-wrapper\">\n    <div class=\"mtt-two-col-container\">\n        <div class=\"mtt-two-col-content formatted_content has-title-one\">\n\t\t\t                <h2>Acerca de ITW GSE e Illinois Tool Works  <\/h2>\n                        <div class=\"text-section one-col\">\n                <p>ITW GSE es propiedad de Illinois Tool Works (ITW), una multinacional global incluida en la lista Fortune 200, que cotiza en bolsa (NYSE), con unos ingresos de 15.900 millones de USD (2022) y con sede en Glenview, Illinois.<\/p>\n<p>ITW se encuentra entre los principales fabricantes mundiales de equipos industriales especializados, consumibles y empresas de servicios relacionados. Desde el punto de vista organizativo, ITW GSE es una de las 82 divisiones y pertenece al segmento de Productos Especializados. Illinois Tool Works tiene un total de 7 segmentos que aprovechan el exclusivo Modelo de Negocio ITW para impulsar un crecimiento s\u00f3lido con los mejores m\u00e1rgenes y rendimientos de su clase en mercados donde se requieren soluciones altamente innovadoras y orientadas al cliente.  <\/p>\n<p><img decoding=\"async\" class=\"aligncenter wp-image-24638 size-full\" src=\"https:\/\/itwgse.com\/wp-content\/uploads\/2023\/11\/itw-7-segments.png\" alt=\"itw 7 segmentos\" width=\"803\" height=\"161\" srcset=\"https:\/\/itwgse.com\/wp-content\/uploads\/2023\/11\/itw-7-segments.png 803w, https:\/\/itwgse.com\/wp-content\/uploads\/2023\/11\/itw-7-segments-300x60.png 300w\" sizes=\"(max-width: 803px) 100vw, 803px\" \/><\/p>\n<p>\u00a0<\/p>\n<p>ITW cuenta con unos 46.000 compa\u00f1eros dedicados en operaciones en todo el mundo que prosperan en la cultura descentralizada y emprendedora \u00fanica de la empresa y que crean soluciones innovadoras para nuestros clientes en todo el mundo.<\/p>\n            <\/div>\n\n            \n                    <div class=\"button-wrap\">\n                \n                                                                <a\n                            href=\"https:\/\/careers.itw.com\/\"\n                            class=\"button link button  button-margin\"\n                            target=\"_blank\"                        >\n                            M\u00e1s informaci\u00f3n sobre ITW                        <\/a>\n                                    \n                                                                <a\n                            href=\"https:\/\/itwgse.com\/who-we-are\/\"\n                            class=\"button link button  button-margin\"\n                                                    >\n                            M\u00e1s informaci\u00f3n sobre ITW GSE                        <\/a>\n                                                <\/div>\n                        <\/div>\n    <\/div>\n<\/div>\n<\/div><\/div><div id=\"panel-28762-2-0-2\" class=\"so-panel widget widget_mtt-one-col-text panel-last-child\" data-index=\"5\" ><div\n\t\t\t\n\t\t\tclass=\"so-widget-mtt-one-col-text so-widget-mtt-one-col-text-base\"\n\t\t\t\n\t\t>\n<div class=\"mtt-two-col-wrapper\">\n    <div class=\"mtt-two-col-container\">\n        <div class=\"mtt-two-col-content formatted_content has-title-one\">\n\t\t\t                <h2>\u00bfQu\u00e9 tiene de especial trabajar para una empresa ITW?<\/h2>\n                        <div class=\"text-section one-col\">\n                <p><img decoding=\"async\" class=\"wp-image-14281 size-full alignright\" src=\"https:\/\/itwgse.com\/wp-content\/uploads\/2020\/06\/ITW-Logo.png\" alt=\"itw Logotipo de Illinois Tool Works\" width=\"385\" height=\"131\" srcset=\"https:\/\/itwgse.com\/wp-content\/uploads\/2020\/06\/ITW-Logo.png 385w, https:\/\/itwgse.com\/wp-content\/uploads\/2020\/06\/ITW-Logo-300x102.png 300w\" sizes=\"(max-width: 385px) 100vw, 385px\" \/><\/p>\n<p>Los miembros de nuestro equipo tienen la oportunidad de formar parte de soluciones y productos galardonados que tocan vidas en todo el mundo. Es el acceso a una empresa global e intersectorial con una vasta propiedad intelectual y recursos. Trabajar en ITW significa tener la oportunidad de dar vida a tus ideas -independientemente de tu puesto o nivel de cualificaci\u00f3n- y causar un verdadero impacto.   Nuestros valores corporativos y la dedicaci\u00f3n de nuestra plantilla son la piedra angular de nuestro \u00e9xito.<\/p>\n<p>Si quieres iniciar una carrera profesional en una empresa que te apoyar\u00e1 para que alcances todo tu potencial, consulta los puestos vacantes en todas las divisiones globales de Illinois Tool Works.<\/p>\n<p>El portal de empleo tambi\u00e9n ofrece la posibilidad de restringir tus criterios de b\u00fasqueda para incluir s\u00f3lo los puestos vacantes en ITW GSE. ITW GSE tiene dos plantas de fabricaci\u00f3n en Odense (Dinamarca) y en Palmetto (Florida), y dos sucursales en Dubai y Singapur. <\/p>\n            <\/div>\n\n            \n                    <div class=\"button-wrap\">\n                \n                                                                <a\n                            href=\"https:\/\/jobs.itw.com\/\"\n                            class=\"button link button  button-margin\"\n                                                    >\n                            Entra en el portal de empleo de ITW                        <\/a>\n                                                <\/div>\n                        <\/div>\n    <\/div>\n<\/div>\n<\/div><\/div><\/div><\/div><div id=\"pg-28762-3\"  class=\"panel-grid panel-no-style\" ><div id=\"pgc-28762-3-0\"  class=\"panel-grid-cell\" ><div id=\"panel-28762-3-0-0\" class=\"so-panel widget widget_mtt-text-image panel-first-child\" data-index=\"6\" ><div\n\t\t\t\n\t\t\tclass=\"so-widget-mtt-text-image so-widget-mtt-text-image-base\"\n\t\t\t\n\t\t>\n<div class=\"mtt-text-image-wrap\">\n        <!-- Content -->\n    <div class=\"mtt-text-image-container\">\n        <div class=\"mtt-text-image-col\">\n            <div class=\"mtt-text-image-content formatted_content\">\n                                <h2>Jeff sobre trabajar en ITW GSE<\/h2>\n                \n                            <\/div>\n        <\/div>\n                    <div class=\"mtt-text-image-col video\">\n                <div class=\"mtt-text-image-content\">\n                                    \n                                        \n                        <div class=\"mtt-text-image-video-wrap\">\n                            <div class=\"mtt-text-image-video-container\">\n\t                            <div class=\"cookieconsent-message cookieconsent-optout-marketing\">\n\t\t                            Please <a href=\"javascript:Cookiebot.renew()\">accept marketing-cookies<\/a> to watch this video.\t                            <\/div>\n                                <iframe width=\"640\" height=\"360\" data-src=\"https:\/\/www.youtube.com\/embed\/oV3kf8JWUAM?enablejsapi=1&showinfo=0&rel=0\" frameborder=\"0\" allowfullscreen=\"allowfullscreen\" mozallowfullscreen=\"mozallowfullscreen\" msallowfullscreen=\"msallowfullscreen\" oallowfullscreen=\"oallowfullscreen\" webkitallowfullscreen=\"webkitallowfullscreen\" data-cookieconsent=\"marketing\">\n                                <\/iframe>\n                            <\/div>\n                        <\/div>\n\n                        \n                    \n                <\/div>\n            <\/div>\n            <\/div>\n<\/div>\n\n<script>\nfunction sendEvent(action, element) {\n    var videoTitle = jQuery(element).data('title');  \n\n    if (dataLayer && videoTitle) {\n        dataLayer.push({\n            'event': 'video',\n            'eventCategory': 'Video',\n            'eventAction': action,\n            'eventLabel': videoTitle\n        });\n    }\n    else if (ga && videoTitle) {\n        ga('send', 'event', 'Video', action, videoTitle);\n    }  \n}\n<\/script>\n<\/div><\/div><div id=\"panel-28762-3-0-1\" class=\"so-panel widget widget_mtt-text-image panel-last-child\" data-index=\"7\" ><div\n\t\t\t\n\t\t\tclass=\"so-widget-mtt-text-image so-widget-mtt-text-image-base\"\n\t\t\t\n\t\t>\n<div class=\"mtt-text-image-wrap flip\">\n        <!-- Content -->\n    <div class=\"mtt-text-image-container\">\n        <div class=\"mtt-text-image-col\">\n            <div class=\"mtt-text-image-content formatted_content\">\n                                <h2>Kathleen sobre trabajar en ITW GSE<\/h2>\n                \n                            <\/div>\n        <\/div>\n                    <div class=\"mtt-text-image-col video\">\n                <div class=\"mtt-text-image-content\">\n                                    \n                                        \n                        <div class=\"mtt-text-image-video-wrap\">\n                            <div class=\"mtt-text-image-video-container\">\n\t                            <div class=\"cookieconsent-message cookieconsent-optout-marketing\">\n\t\t                            Please <a href=\"javascript:Cookiebot.renew()\">accept marketing-cookies<\/a> to watch this video.\t                            <\/div>\n                                <iframe width=\"640\" height=\"360\" data-src=\"https:\/\/www.youtube.com\/embed\/G3IfiENwDIA?enablejsapi=1&showinfo=0&rel=0\" frameborder=\"0\" allowfullscreen=\"allowfullscreen\" mozallowfullscreen=\"mozallowfullscreen\" msallowfullscreen=\"msallowfullscreen\" oallowfullscreen=\"oallowfullscreen\" webkitallowfullscreen=\"webkitallowfullscreen\" data-cookieconsent=\"marketing\">\n                                <\/iframe>\n                            <\/div>\n                        <\/div>\n\n                        \n                    \n                <\/div>\n            <\/div>\n            <\/div>\n<\/div>\n\n<script>\nfunction sendEvent(action, element) {\n    var videoTitle = jQuery(element).data('title');  \n\n    if (dataLayer && videoTitle) {\n        dataLayer.push({\n            'event': 'video',\n            'eventCategory': 'Video',\n            'eventAction': action,\n            'eventLabel': videoTitle\n        });\n    }\n    else if (ga && videoTitle) {\n        ga('send', 'event', 'Video', action, videoTitle);\n    }  \n}\n<\/script>\n<\/div><\/div><\/div><\/div><\/div>","protected":false},"excerpt":{"rendered":"<p>Carrera en ITW GSE Trabajar para ITW GSE En ITW GSE tenemos una cultura \u00fanica y un fuerte sentido de pertenencia. Nos centramos en&#8230;<\/p>\n","protected":false},"author":1,"featured_media":0,"parent":0,"menu_order":258,"comment_status":"closed","ping_status":"closed","template":"","meta":{"_acf_changed":false,"_relevanssi_hide_post":"","_relevanssi_hide_content":"","_relevanssi_pin_for_all":"","_relevanssi_pin_keywords":"","_relevanssi_unpin_keywords":"","_relevanssi_related_keywords":"","_relevanssi_related_include_ids":"","_relevanssi_related_exclude_ids":"","_relevanssi_related_no_append":"","_relevanssi_related_not_related":"","_relevanssi_related_posts":"","_relevanssi_noindex_reason":"","footnotes":""},"class_list":["post-28762","page","type-page","status-publish","hentry"],"acf":[],"yoast_head":"<!-- This site is optimized with the Yoast SEO plugin v27.0 - https:\/\/yoast.com\/product\/yoast-seo-wordpress\/ -->\n<title>Carrera - Consulta nuestras vacantes actuales | ITW GSE<\/title>\n<meta name=\"description\" content=\"Consulta nuestros puestos vacantes para hacer carrera en ITW GSE. \u00bfQuieres saber c\u00f3mo es trabajar para ITW GSE? Los miembros de nuestro talentoso equipo te lo explicar\u00e1n mejor que nadie.\" \/>\n<meta name=\"robots\" content=\"index, follow, max-snippet:-1, max-image-preview:large, max-video-preview:-1\" \/>\n<link rel=\"canonical\" href=\"https:\/\/itwgse.com\/es\/carrera-profesional\/\" \/>\n<meta property=\"og:locale\" content=\"es_ES\" \/>\n<meta property=\"og:type\" content=\"article\" \/>\n<meta property=\"og:title\" content=\"Carrera - Consulta nuestras vacantes actuales | ITW GSE\" \/>\n<meta property=\"og:description\" content=\"Consulta nuestros puestos vacantes para hacer carrera en ITW GSE. \u00bfQuieres saber c\u00f3mo es trabajar para ITW GSE? Los miembros de nuestro talentoso equipo te lo explicar\u00e1n mejor que nadie.\" \/>\n<meta property=\"og:url\" content=\"https:\/\/itwgse.com\/es\/carrera-profesional\/\" \/>\n<meta property=\"og:site_name\" content=\"ITW GSE\" \/>\n<meta property=\"article:publisher\" content=\"https:\/\/www.facebook.com\/ITWGSE\/\" \/>\n<meta property=\"article:modified_time\" content=\"2026-03-18T14:37:54+00:00\" \/>\n<meta name=\"twitter:card\" content=\"summary_large_image\" \/>\n<script type=\"application\/ld+json\" class=\"yoast-schema-graph\">{\"@context\":\"https:\/\/schema.org\",\"@graph\":[{\"@type\":\"WebPage\",\"@id\":\"https:\/\/itwgse.com\/es\/carrera-profesional\/\",\"url\":\"https:\/\/itwgse.com\/es\/carrera-profesional\/\",\"name\":\"Carrera - Consulta nuestras vacantes actuales | ITW GSE\",\"isPartOf\":{\"@id\":\"https:\/\/itwgse.com\/#website\"},\"datePublished\":\"2026-02-24T13:11:15+00:00\",\"dateModified\":\"2026-03-18T14:37:54+00:00\",\"description\":\"Consulta nuestros puestos vacantes para hacer carrera en ITW GSE. \u00bfQuieres saber c\u00f3mo es trabajar para ITW GSE? Los miembros de nuestro talentoso equipo te lo explicar\u00e1n mejor que nadie.\",\"breadcrumb\":{\"@id\":\"https:\/\/itwgse.com\/es\/carrera-profesional\/#breadcrumb\"},\"inLanguage\":\"es\",\"potentialAction\":[{\"@type\":\"ReadAction\",\"target\":[\"https:\/\/itwgse.com\/es\/carrera-profesional\/\"]}]},{\"@type\":\"BreadcrumbList\",\"@id\":\"https:\/\/itwgse.com\/es\/carrera-profesional\/#breadcrumb\",\"itemListElement\":[{\"@type\":\"ListItem\",\"position\":1,\"name\":\"Home\",\"item\":\"https:\/\/itwgse.com\/es\/home\/\"},{\"@type\":\"ListItem\",\"position\":2,\"name\":\"Carrera profesional\"}]},{\"@type\":\"WebSite\",\"@id\":\"https:\/\/itwgse.com\/#website\",\"url\":\"https:\/\/itwgse.com\/\",\"name\":\"ITW GSE\",\"description\":\"It&#039;s all about connections\",\"publisher\":{\"@id\":\"https:\/\/itwgse.com\/#organization\"},\"potentialAction\":[{\"@type\":\"SearchAction\",\"target\":{\"@type\":\"EntryPoint\",\"urlTemplate\":\"https:\/\/itwgse.com\/?s={search_term_string}\"},\"query-input\":{\"@type\":\"PropertyValueSpecification\",\"valueRequired\":true,\"valueName\":\"search_term_string\"}}],\"inLanguage\":\"es\"},{\"@type\":\"Organization\",\"@id\":\"https:\/\/itwgse.com\/#organization\",\"name\":\"ITW GSE\",\"url\":\"https:\/\/itwgse.com\/\",\"logo\":{\"@type\":\"ImageObject\",\"inLanguage\":\"es\",\"@id\":\"https:\/\/itwgse.com\/#\/schema\/logo\/image\/\",\"url\":\"https:\/\/itwgse.com\/wp-content\/uploads\/2018\/11\/logo.png\",\"contentUrl\":\"https:\/\/itwgse.com\/wp-content\/uploads\/2018\/11\/logo.png\",\"width\":302,\"height\":237,\"caption\":\"ITW GSE\"},\"image\":{\"@id\":\"https:\/\/itwgse.com\/#\/schema\/logo\/image\/\"},\"sameAs\":[\"https:\/\/www.facebook.com\/ITWGSE\/\",\"https:\/\/www.linkedin.com\/company\/itw-gse\/\",\"https:\/\/www.youtube.com\/channel\/UCTUIMvyaOPfYIqzP8enZ8yw\"]}]}<\/script>\n<!-- \/ Yoast SEO plugin. -->","yoast_head_json":{"title":"Carrera - Consulta nuestras vacantes actuales | ITW GSE","description":"Consulta nuestros puestos vacantes para hacer carrera en ITW GSE. \u00bfQuieres saber c\u00f3mo es trabajar para ITW GSE? Los miembros de nuestro talentoso equipo te lo explicar\u00e1n mejor que nadie.","robots":{"index":"index","follow":"follow","max-snippet":"max-snippet:-1","max-image-preview":"max-image-preview:large","max-video-preview":"max-video-preview:-1"},"canonical":"https:\/\/itwgse.com\/es\/carrera-profesional\/","og_locale":"es_ES","og_type":"article","og_title":"Carrera - Consulta nuestras vacantes actuales | ITW GSE","og_description":"Consulta nuestros puestos vacantes para hacer carrera en ITW GSE. \u00bfQuieres saber c\u00f3mo es trabajar para ITW GSE? Los miembros de nuestro talentoso equipo te lo explicar\u00e1n mejor que nadie.","og_url":"https:\/\/itwgse.com\/es\/carrera-profesional\/","og_site_name":"ITW GSE","article_publisher":"https:\/\/www.facebook.com\/ITWGSE\/","article_modified_time":"2026-03-18T14:37:54+00:00","twitter_card":"summary_large_image","schema":{"@context":"https:\/\/schema.org","@graph":[{"@type":"WebPage","@id":"https:\/\/itwgse.com\/es\/carrera-profesional\/","url":"https:\/\/itwgse.com\/es\/carrera-profesional\/","name":"Carrera - Consulta nuestras vacantes actuales | ITW GSE","isPartOf":{"@id":"https:\/\/itwgse.com\/#website"},"datePublished":"2026-02-24T13:11:15+00:00","dateModified":"2026-03-18T14:37:54+00:00","description":"Consulta nuestros puestos vacantes para hacer carrera en ITW GSE. \u00bfQuieres saber c\u00f3mo es trabajar para ITW GSE? Los miembros de nuestro talentoso equipo te lo explicar\u00e1n mejor que nadie.","breadcrumb":{"@id":"https:\/\/itwgse.com\/es\/carrera-profesional\/#breadcrumb"},"inLanguage":"es","potentialAction":[{"@type":"ReadAction","target":["https:\/\/itwgse.com\/es\/carrera-profesional\/"]}]},{"@type":"BreadcrumbList","@id":"https:\/\/itwgse.com\/es\/carrera-profesional\/#breadcrumb","itemListElement":[{"@type":"ListItem","position":1,"name":"Home","item":"https:\/\/itwgse.com\/es\/home\/"},{"@type":"ListItem","position":2,"name":"Carrera profesional"}]},{"@type":"WebSite","@id":"https:\/\/itwgse.com\/#website","url":"https:\/\/itwgse.com\/","name":"ITW GSE","description":"It&#039;s all about connections","publisher":{"@id":"https:\/\/itwgse.com\/#organization"},"potentialAction":[{"@type":"SearchAction","target":{"@type":"EntryPoint","urlTemplate":"https:\/\/itwgse.com\/?s={search_term_string}"},"query-input":{"@type":"PropertyValueSpecification","valueRequired":true,"valueName":"search_term_string"}}],"inLanguage":"es"},{"@type":"Organization","@id":"https:\/\/itwgse.com\/#organization","name":"ITW GSE","url":"https:\/\/itwgse.com\/","logo":{"@type":"ImageObject","inLanguage":"es","@id":"https:\/\/itwgse.com\/#\/schema\/logo\/image\/","url":"https:\/\/itwgse.com\/wp-content\/uploads\/2018\/11\/logo.png","contentUrl":"https:\/\/itwgse.com\/wp-content\/uploads\/2018\/11\/logo.png","width":302,"height":237,"caption":"ITW GSE"},"image":{"@id":"https:\/\/itwgse.com\/#\/schema\/logo\/image\/"},"sameAs":["https:\/\/www.facebook.com\/ITWGSE\/","https:\/\/www.linkedin.com\/company\/itw-gse\/","https:\/\/www.youtube.com\/channel\/UCTUIMvyaOPfYIqzP8enZ8yw"]}]}},"_links":{"self":[{"href":"https:\/\/itwgse.com\/es\/wp-json\/wp\/v2\/pages\/28762","targetHints":{"allow":["GET"]}}],"collection":[{"href":"https:\/\/itwgse.com\/es\/wp-json\/wp\/v2\/pages"}],"about":[{"href":"https:\/\/itwgse.com\/es\/wp-json\/wp\/v2\/types\/page"}],"author":[{"embeddable":true,"href":"https:\/\/itwgse.com\/es\/wp-json\/wp\/v2\/users\/1"}],"replies":[{"embeddable":true,"href":"https:\/\/itwgse.com\/es\/wp-json\/wp\/v2\/comments?post=28762"}],"version-history":[{"count":1,"href":"https:\/\/itwgse.com\/es\/wp-json\/wp\/v2\/pages\/28762\/revisions"}],"predecessor-version":[{"id":45493,"href":"https:\/\/itwgse.com\/es\/wp-json\/wp\/v2\/pages\/28762\/revisions\/45493"}],"wp:attachment":[{"href":"https:\/\/itwgse.com\/es\/wp-json\/wp\/v2\/media?parent=28762"}],"curies":[{"name":"wp","href":"https:\/\/api.w.org\/{rel}","templated":true}]}}