{"id":28820,"date":"2026-02-24T14:14:39","date_gmt":"2026-02-24T13:14:39","guid":{"rendered":"https:\/\/itwgse.com\/nuestra-vision\/"},"modified":"2026-02-24T14:14:39","modified_gmt":"2026-02-24T13:14:39","slug":"nuestra-vision","status":"publish","type":"page","link":"https:\/\/itwgse.com\/es\/nuestra-vision\/","title":{"rendered":"Nuestra visi\u00f3n"},"content":{"rendered":"<div id=\"pl-28820\"  class=\"panel-layout\" ><div id=\"pg-28820-0\"  class=\"panel-grid panel-no-style\" ><div id=\"pgc-28820-0-0\"  class=\"panel-grid-cell\" ><div id=\"panel-28820-0-0-0\" class=\"so-panel widget widget_mtt-cover-section panel-first-child\" data-index=\"0\" ><div\n\t\t\t\n\t\t\tclass=\"so-widget-mtt-cover-section so-widget-mtt-cover-section-base\"\n\t\t\t\n\t\t>\n<div class=\"mtt-cover-section-wrap compact extra-small\">\n\t<div class=\"mtt-cover-curve\">\n\t\t<img decoding=\"async\"  src=\"https:\/\/itwgse.com\/wp-content\/themes\/mtt-standard-theme\/assets\/img\/cover\/itwgse_cut.svg\">\t<\/div>\n    <div class=\"mtt-cover-compact-background object-fit\">\n                            <\/div>\n    <div class=\"mtt-cover-compact-container\">\n        <div class=\"mtt-cover-section-text\">\n            <h1>Visi\u00f3n de ITW GSE<\/h1>\n                    <\/div>\n    <\/div>\n<\/div>\n<\/div><\/div><div id=\"panel-28820-0-0-1\" class=\"so-panel widget widget_mtt-text-image\" data-index=\"1\" ><div\n\t\t\t\n\t\t\tclass=\"so-widget-mtt-text-image so-widget-mtt-text-image-base\"\n\t\t\t\n\t\t>\n<div class=\"mtt-text-image-wrap no-bottom-padding less-top-padding\">\n        <!-- Content -->\n    <div class=\"mtt-text-image-container\">\n        <div class=\"mtt-text-image-col\">\n            <div class=\"mtt-text-image-content formatted_content\">\n                                <h2>Suministramos a la industria aeron\u00e1utica los sistemas GSE m\u00e1s limpios, fiables y rentables<\/h2>\n                <h3>Limpia<\/h3>\n<p>GSE m\u00e1s limpios y silenciosos: en beneficio de tu personal y del medio ambiente.<\/p>\n<h3>Fiable<\/h3>\n<p>Probada en todos los entornos, desde el \u00c1rtico hasta el desierto.<\/p>\n<h3>Rentable<\/h3>\n<p>Productos inteligentes e innovadores: para reducir tu coste total de propiedad.<\/p>\n\n                            <\/div>\n        <\/div>\n                    <div class=\"mtt-text-image-col img center\">\n                <div class=\"mtt-text-image-content\">\n                    <img decoding=\"async\" width=\"2000\" height=\"1175\" src=\"https:\/\/itwgse.com\/wp-content\/uploads\/2025\/08\/product-pverview-aug-2025.jpg\" class=\"attachment-full size-full\" alt=\"itw gse product overview\" srcset=\"https:\/\/itwgse.com\/wp-content\/uploads\/2025\/08\/product-pverview-aug-2025.jpg 2000w, https:\/\/itwgse.com\/wp-content\/uploads\/2025\/08\/product-pverview-aug-2025-300x176.jpg 300w, https:\/\/itwgse.com\/wp-content\/uploads\/2025\/08\/product-pverview-aug-2025-1024x602.jpg 1024w\" sizes=\"(max-width: 2000px) 100vw, 2000px\" \/>                \n                    \n                    \n                <\/div>\n            <\/div>\n            <\/div>\n<\/div>\n\n<script>\nfunction sendEvent(action, element) {\n    var videoTitle = jQuery(element).data('title');  \n\n    if (dataLayer && videoTitle) {\n        dataLayer.push({\n            'event': 'video',\n            'eventCategory': 'Video',\n            'eventAction': action,\n            'eventLabel': videoTitle\n        });\n    }\n    else if (ga && videoTitle) {\n        ga('send', 'event', 'Video', action, videoTitle);\n    }  \n}\n<\/script>\n<\/div><\/div><div id=\"panel-28820-0-0-2\" class=\"so-panel widget widget_mtt-product-boxes\" data-index=\"2\" ><div\n\t\t\t\n\t\t\tclass=\"so-widget-mtt-product-boxes so-widget-mtt-product-boxes-base\"\n\t\t\t\n\t\t>\n<div class=\"mtt-product-boxes-wrap\">\n\t<div class=\"mtt-product-boxes-container mtt-product-boxes-container--per-row-4\">\n\t\t<div class=\"mtt-product-boxes-text\">\n\t\t\t<h2>El proveedor l\u00edder de Ground Power Units, Pre-Conditioned Air Units, Cables y Mangueras<\/h2>\n\t\t\t<h3 style=\"text-align: center;\">Consulta nuestra gama de productos en las cuatro casillas siguientes:<\/h3>\t\t<\/div>\n\t\t<div class=\"mtt-product-boxes-grid mtt-product-boxes-grid--default mtt-product-boxes-grid--font-default\">\n\t\t\t\t\t\t\t<a href=\"puesto: 45\" class=\"mtt-product-box\">\n\t\t\t\t\t<div class=\"mtt-product-box-title\">\n\t\t\t\t\t\tPOTENCIA\t\t\t\t\t\t<svg class=\"icon\"><use xlink:href=\"#right-arrow\" \/><\/svg>\n\t\t\t\t\t<\/div>\n                                            <div class=\"mtt-product-box-image\">\n                            <div class=\"image\">\n                                <img src='https:\/\/itwgse.com\/wp-content\/uploads\/2024\/05\/header-products-power-2019-1-360x157.png' alt='power units products'>\n                            <\/div>\n                            <div class=\"shadow\"><\/div>\n                            <div class=\"badge\"><\/div>\n                        <\/div>\n                    \t\t\t\t\t\t\t\t\t\t<div class=\"mtt-product-box-arrow\">\n\t\t\t\t\t\tProductos\t\t\t\t\t\t<svg class=\"icon\"><use xlink:href=\"#right-arrow\" \/><\/svg>\n\t\t\t\t\t<\/div>\n\t\t\t\t<\/a>\n\t\t\t\t\t\t\t<a href=\"puesto: 47\" class=\"mtt-product-box\">\n\t\t\t\t\t<div class=\"mtt-product-box-title\">\n\t\t\t\t\t\tAire\t\t\t\t\t\t<svg class=\"icon\"><use xlink:href=\"#right-arrow\" \/><\/svg>\n\t\t\t\t\t<\/div>\n                                            <div class=\"mtt-product-box-image\">\n                            <div class=\"image\">\n                                <img src='https:\/\/itwgse.com\/wp-content\/uploads\/2022\/05\/product-air-360x180-1.png' alt=''>\n                            <\/div>\n                            <div class=\"shadow\"><img decoding=\"async\" width=\"400\" height=\"200\" src=\"https:\/\/itwgse.com\/wp-content\/uploads\/2018\/03\/product-air-shadow.png\" class=\"attachment-full size-full\" alt=\"ITW GSE pre-conditioned air unit PCA\" srcset=\"https:\/\/itwgse.com\/wp-content\/uploads\/2018\/03\/product-air-shadow.png 400w, https:\/\/itwgse.com\/wp-content\/uploads\/2018\/03\/product-air-shadow-300x150.png 300w\" sizes=\"(max-width: 400px) 100vw, 400px\" \/><\/div>\n                            <div class=\"badge\"><\/div>\n                        <\/div>\n                    \t\t\t\t\t\t\t\t\t\t<div class=\"mtt-product-box-arrow\">\n\t\t\t\t\t\tProductos\t\t\t\t\t\t<svg class=\"icon\"><use xlink:href=\"#right-arrow\" \/><\/svg>\n\t\t\t\t\t<\/div>\n\t\t\t\t<\/a>\n\t\t\t\t\t\t\t<a href=\"puesto: 49\" class=\"mtt-product-box\">\n\t\t\t\t\t<div class=\"mtt-product-box-title\">\n\t\t\t\t\t\tCables\t\t\t\t\t\t<svg class=\"icon\"><use xlink:href=\"#right-arrow\" \/><\/svg>\n\t\t\t\t\t<\/div>\n                                            <div class=\"mtt-product-box-image\">\n                            <div class=\"image\">\n                                <img src='https:\/\/itwgse.com\/wp-content\/uploads\/2020\/11\/itwgse-aircraft-cables-front-page-2-360x164.png' alt='aircraft cables ETL listed ti UL standards'>\n                            <\/div>\n                            <div class=\"shadow\"><\/div>\n                            <div class=\"badge\"><\/div>\n                        <\/div>\n                    \t\t\t\t\t\t\t\t\t\t<div class=\"mtt-product-box-arrow\">\n\t\t\t\t\t\tProductos\t\t\t\t\t\t<svg class=\"icon\"><use xlink:href=\"#right-arrow\" \/><\/svg>\n\t\t\t\t\t<\/div>\n\t\t\t\t<\/a>\n\t\t\t\t\t\t\t<a href=\"puesto: 51\" class=\"mtt-product-box\">\n\t\t\t\t\t<div class=\"mtt-product-box-title\">\n\t\t\t\t\t\tMangueras\t\t\t\t\t\t<svg class=\"icon\"><use xlink:href=\"#right-arrow\" \/><\/svg>\n\t\t\t\t\t<\/div>\n                                            <div class=\"mtt-product-box-image\">\n                            <div class=\"image\">\n                                <img src='https:\/\/itwgse.com\/wp-content\/uploads\/2018\/10\/product-hoses-2018.png' alt='Aircraft hoses aircraft hose ITW GSE'>\n                            <\/div>\n                            <div class=\"shadow\"><\/div>\n                            <div class=\"badge\"><\/div>\n                        <\/div>\n                    \t\t\t\t\t\t\t\t\t\t<div class=\"mtt-product-box-arrow\">\n\t\t\t\t\t\tProductos\t\t\t\t\t\t<svg class=\"icon\"><use xlink:href=\"#right-arrow\" \/><\/svg>\n\t\t\t\t\t<\/div>\n\t\t\t\t<\/a>\n\t\t\t\t\t<\/div>\n\t\t\t<\/div>\n<\/div>\n<\/div><\/div><div id=\"panel-28820-0-0-3\" class=\"so-panel widget widget_mtt-customer-support panel-last-child\" data-index=\"3\" ><div\n\t\t\t\n\t\t\tclass=\"so-widget-mtt-customer-support so-widget-mtt-customer-support-base\"\n\t\t\t\n\t\t>\n<div class=\"mtt-text-image-wrap less-top-padding less-bottom-padding grey-bg\">\n        <!-- Content -->\n    <div class=\"mtt-text-image-container\">\n        <div class=\"mtt-text-image-col\">\n            <div class=\"mtt-text-image-content formatted_content\">\n                                <h2>Atenci\u00f3n al cliente<\/h2>\n                <p><strong>\u00bfC\u00f3mo le podemos ayudar?<\/strong><\/p>\n<p>\u00bfNecesita esquemas, cat\u00e1logos de repuestos o v\u00eddeos de instrucciones?<\/p>\n<p>Use el bot\u00f3n \u201cAsistencia con el producto\u201d. \u00bfTiene preguntas para el equipo de atenci\u00f3n al cliente? Use el bot\u00f3n \u201cContacto con atenci\u00f3n al cliente\u201d. Si tiene alguna duda con respecto a un producto concreto, proporci\u00f3nenos el n\u00famero de serie del producto.<\/p>\n\n                                    <div class=\"button-wrap\">\n                                                    <a href=\"https:\/\/itwgse.com\/es\/support-and-service\/\" class=\"button\">\n                                Asistencia con el producto                            <\/a>\n                                                    <a href=\"https:\/\/itwgse.com\/es\/contacto\/\" class=\"button\">\n                                Contactar con Atenci\u00f3n al cliente                            <\/a>\n                                            <\/div>\n                            <\/div>\n        <\/div>\n                    <div class=\"mtt-text-image-col img center\">\n                <div class=\"mtt-text-image-content\">\n                    <img decoding=\"async\" width=\"1800\" height=\"1023\" src=\"https:\/\/itwgse.com\/wp-content\/uploads\/2018\/06\/ITWGSE_hero_cleanest-1.jpg\" class=\"attachment-full size-full\" alt=\"7400 low noice JK\" srcset=\"https:\/\/itwgse.com\/wp-content\/uploads\/2018\/06\/ITWGSE_hero_cleanest-1.jpg 1800w, https:\/\/itwgse.com\/wp-content\/uploads\/2018\/06\/ITWGSE_hero_cleanest-1-300x171.jpg 300w, https:\/\/itwgse.com\/wp-content\/uploads\/2018\/06\/ITWGSE_hero_cleanest-1-1024x582.jpg 1024w\" sizes=\"(max-width: 1800px) 100vw, 1800px\" \/>                \n                    \n                    \n                <\/div>\n            <\/div>\n            <\/div>\n<\/div>\n\n<script>\nfunction sendEvent(action, element) {\n    var videoTitle = jQuery(element).data('title');  \n\n    if (dataLayer && videoTitle) {\n        dataLayer.push({\n            'event': 'video',\n            'eventCategory': 'Video',\n            'eventAction': action,\n            'eventLabel': videoTitle\n        });\n    }\n    else if (ga && videoTitle) {\n        ga('send', 'event', 'Video', action, videoTitle);\n    }  \n}\n<\/script>\n<\/div><\/div><\/div><\/div><\/div>","protected":false},"excerpt":{"rendered":"<p>Visi\u00f3n de ITW GSE Suministramos a la industria aeron\u00e1utica los sistemas GSE m\u00e1s limpios, fiables y rentables Limpia GSE m\u00e1s limpios y silenciosos: en&#8230;<\/p>\n","protected":false},"author":1,"featured_media":0,"parent":0,"menu_order":319,"comment_status":"closed","ping_status":"closed","template":"","meta":{"_acf_changed":false,"_relevanssi_hide_post":"","_relevanssi_hide_content":"","_relevanssi_pin_for_all":"","_relevanssi_pin_keywords":"","_relevanssi_unpin_keywords":"","_relevanssi_related_keywords":"","_relevanssi_related_include_ids":"","_relevanssi_related_exclude_ids":"","_relevanssi_related_no_append":"","_relevanssi_related_not_related":"","_relevanssi_related_posts":"","_relevanssi_noindex_reason":"","footnotes":""},"class_list":["post-28820","page","type-page","status-publish","hentry"],"acf":[],"yoast_head":"<!-- This site is optimized with the Yoast SEO plugin v27.0 - https:\/\/yoast.com\/product\/yoast-seo-wordpress\/ -->\n<title>Nuestra visi\u00f3n - Suministramos a la industria aeron\u00e1utica | ITW GSE<\/title>\n<meta name=\"description\" content=\"Nuestra visi\u00f3n muestra claramente que suministramos a la industria aeron\u00e1utica los sistemas GSE m\u00e1s limpios, fiables y rentables.\" \/>\n<meta name=\"robots\" content=\"index, follow, max-snippet:-1, max-image-preview:large, max-video-preview:-1\" \/>\n<link rel=\"canonical\" href=\"https:\/\/itwgse.com\/es\/nuestra-vision\/\" \/>\n<meta property=\"og:locale\" content=\"es_ES\" \/>\n<meta property=\"og:type\" content=\"article\" \/>\n<meta property=\"og:title\" content=\"Nuestra visi\u00f3n - Suministramos a la industria aeron\u00e1utica | ITW GSE\" \/>\n<meta property=\"og:description\" content=\"Nuestra visi\u00f3n muestra claramente que suministramos a la industria aeron\u00e1utica los sistemas GSE m\u00e1s limpios, fiables y rentables.\" \/>\n<meta property=\"og:url\" content=\"https:\/\/itwgse.com\/es\/nuestra-vision\/\" \/>\n<meta property=\"og:site_name\" content=\"ITW GSE\" \/>\n<meta property=\"article:publisher\" content=\"https:\/\/www.facebook.com\/ITWGSE\/\" \/>\n<meta name=\"twitter:card\" content=\"summary_large_image\" \/>\n<script type=\"application\/ld+json\" class=\"yoast-schema-graph\">{\"@context\":\"https:\/\/schema.org\",\"@graph\":[{\"@type\":\"WebPage\",\"@id\":\"https:\/\/itwgse.com\/es\/nuestra-vision\/\",\"url\":\"https:\/\/itwgse.com\/es\/nuestra-vision\/\",\"name\":\"Nuestra visi\u00f3n - Suministramos a la industria aeron\u00e1utica | ITW GSE\",\"isPartOf\":{\"@id\":\"https:\/\/itwgse.com\/#website\"},\"datePublished\":\"2026-02-24T13:14:39+00:00\",\"description\":\"Nuestra visi\u00f3n muestra claramente que suministramos a la industria aeron\u00e1utica los sistemas GSE m\u00e1s limpios, fiables y rentables.\",\"breadcrumb\":{\"@id\":\"https:\/\/itwgse.com\/es\/nuestra-vision\/#breadcrumb\"},\"inLanguage\":\"es\",\"potentialAction\":[{\"@type\":\"ReadAction\",\"target\":[\"https:\/\/itwgse.com\/es\/nuestra-vision\/\"]}]},{\"@type\":\"BreadcrumbList\",\"@id\":\"https:\/\/itwgse.com\/es\/nuestra-vision\/#breadcrumb\",\"itemListElement\":[{\"@type\":\"ListItem\",\"position\":1,\"name\":\"Home\",\"item\":\"https:\/\/itwgse.com\/es\/home\/\"},{\"@type\":\"ListItem\",\"position\":2,\"name\":\"Nuestra visi\u00f3n\"}]},{\"@type\":\"WebSite\",\"@id\":\"https:\/\/itwgse.com\/#website\",\"url\":\"https:\/\/itwgse.com\/\",\"name\":\"ITW GSE\",\"description\":\"It&#039;s all about connections\",\"publisher\":{\"@id\":\"https:\/\/itwgse.com\/#organization\"},\"potentialAction\":[{\"@type\":\"SearchAction\",\"target\":{\"@type\":\"EntryPoint\",\"urlTemplate\":\"https:\/\/itwgse.com\/?s={search_term_string}\"},\"query-input\":{\"@type\":\"PropertyValueSpecification\",\"valueRequired\":true,\"valueName\":\"search_term_string\"}}],\"inLanguage\":\"es\"},{\"@type\":\"Organization\",\"@id\":\"https:\/\/itwgse.com\/#organization\",\"name\":\"ITW GSE\",\"url\":\"https:\/\/itwgse.com\/\",\"logo\":{\"@type\":\"ImageObject\",\"inLanguage\":\"es\",\"@id\":\"https:\/\/itwgse.com\/#\/schema\/logo\/image\/\",\"url\":\"https:\/\/itwgse.com\/wp-content\/uploads\/2018\/11\/logo.png\",\"contentUrl\":\"https:\/\/itwgse.com\/wp-content\/uploads\/2018\/11\/logo.png\",\"width\":302,\"height\":237,\"caption\":\"ITW GSE\"},\"image\":{\"@id\":\"https:\/\/itwgse.com\/#\/schema\/logo\/image\/\"},\"sameAs\":[\"https:\/\/www.facebook.com\/ITWGSE\/\",\"https:\/\/www.linkedin.com\/company\/itw-gse\/\",\"https:\/\/www.youtube.com\/channel\/UCTUIMvyaOPfYIqzP8enZ8yw\"]}]}<\/script>\n<!-- \/ Yoast SEO plugin. -->","yoast_head_json":{"title":"Nuestra visi\u00f3n - Suministramos a la industria aeron\u00e1utica | ITW GSE","description":"Nuestra visi\u00f3n muestra claramente que suministramos a la industria aeron\u00e1utica los sistemas GSE m\u00e1s limpios, fiables y rentables.","robots":{"index":"index","follow":"follow","max-snippet":"max-snippet:-1","max-image-preview":"max-image-preview:large","max-video-preview":"max-video-preview:-1"},"canonical":"https:\/\/itwgse.com\/es\/nuestra-vision\/","og_locale":"es_ES","og_type":"article","og_title":"Nuestra visi\u00f3n - Suministramos a la industria aeron\u00e1utica | ITW GSE","og_description":"Nuestra visi\u00f3n muestra claramente que suministramos a la industria aeron\u00e1utica los sistemas GSE m\u00e1s limpios, fiables y rentables.","og_url":"https:\/\/itwgse.com\/es\/nuestra-vision\/","og_site_name":"ITW GSE","article_publisher":"https:\/\/www.facebook.com\/ITWGSE\/","twitter_card":"summary_large_image","schema":{"@context":"https:\/\/schema.org","@graph":[{"@type":"WebPage","@id":"https:\/\/itwgse.com\/es\/nuestra-vision\/","url":"https:\/\/itwgse.com\/es\/nuestra-vision\/","name":"Nuestra visi\u00f3n - Suministramos a la industria aeron\u00e1utica | ITW GSE","isPartOf":{"@id":"https:\/\/itwgse.com\/#website"},"datePublished":"2026-02-24T13:14:39+00:00","description":"Nuestra visi\u00f3n muestra claramente que suministramos a la industria aeron\u00e1utica los sistemas GSE m\u00e1s limpios, fiables y rentables.","breadcrumb":{"@id":"https:\/\/itwgse.com\/es\/nuestra-vision\/#breadcrumb"},"inLanguage":"es","potentialAction":[{"@type":"ReadAction","target":["https:\/\/itwgse.com\/es\/nuestra-vision\/"]}]},{"@type":"BreadcrumbList","@id":"https:\/\/itwgse.com\/es\/nuestra-vision\/#breadcrumb","itemListElement":[{"@type":"ListItem","position":1,"name":"Home","item":"https:\/\/itwgse.com\/es\/home\/"},{"@type":"ListItem","position":2,"name":"Nuestra visi\u00f3n"}]},{"@type":"WebSite","@id":"https:\/\/itwgse.com\/#website","url":"https:\/\/itwgse.com\/","name":"ITW GSE","description":"It&#039;s all about connections","publisher":{"@id":"https:\/\/itwgse.com\/#organization"},"potentialAction":[{"@type":"SearchAction","target":{"@type":"EntryPoint","urlTemplate":"https:\/\/itwgse.com\/?s={search_term_string}"},"query-input":{"@type":"PropertyValueSpecification","valueRequired":true,"valueName":"search_term_string"}}],"inLanguage":"es"},{"@type":"Organization","@id":"https:\/\/itwgse.com\/#organization","name":"ITW GSE","url":"https:\/\/itwgse.com\/","logo":{"@type":"ImageObject","inLanguage":"es","@id":"https:\/\/itwgse.com\/#\/schema\/logo\/image\/","url":"https:\/\/itwgse.com\/wp-content\/uploads\/2018\/11\/logo.png","contentUrl":"https:\/\/itwgse.com\/wp-content\/uploads\/2018\/11\/logo.png","width":302,"height":237,"caption":"ITW GSE"},"image":{"@id":"https:\/\/itwgse.com\/#\/schema\/logo\/image\/"},"sameAs":["https:\/\/www.facebook.com\/ITWGSE\/","https:\/\/www.linkedin.com\/company\/itw-gse\/","https:\/\/www.youtube.com\/channel\/UCTUIMvyaOPfYIqzP8enZ8yw"]}]}},"_links":{"self":[{"href":"https:\/\/itwgse.com\/es\/wp-json\/wp\/v2\/pages\/28820","targetHints":{"allow":["GET"]}}],"collection":[{"href":"https:\/\/itwgse.com\/es\/wp-json\/wp\/v2\/pages"}],"about":[{"href":"https:\/\/itwgse.com\/es\/wp-json\/wp\/v2\/types\/page"}],"author":[{"embeddable":true,"href":"https:\/\/itwgse.com\/es\/wp-json\/wp\/v2\/users\/1"}],"replies":[{"embeddable":true,"href":"https:\/\/itwgse.com\/es\/wp-json\/wp\/v2\/comments?post=28820"}],"version-history":[{"count":0,"href":"https:\/\/itwgse.com\/es\/wp-json\/wp\/v2\/pages\/28820\/revisions"}],"wp:attachment":[{"href":"https:\/\/itwgse.com\/es\/wp-json\/wp\/v2\/media?parent=28820"}],"curies":[{"name":"wp","href":"https:\/\/api.w.org\/{rel}","templated":true}]}}