{"id":28826,"date":"2026-02-24T14:14:43","date_gmt":"2026-02-24T13:14:43","guid":{"rendered":"https:\/\/itwgse.com\/condiciones-de-venta\/"},"modified":"2026-02-24T14:14:43","modified_gmt":"2026-02-24T13:14:43","slug":"condiciones-de-venta","status":"publish","type":"page","link":"https:\/\/itwgse.com\/es\/condiciones-de-venta\/","title":{"rendered":"Condiciones de venta"},"content":{"rendered":"<div id=\"pl-28826\"  class=\"panel-layout\" ><div id=\"pg-28826-0\"  class=\"panel-grid panel-no-style\" ><div id=\"pgc-28826-0-0\"  class=\"panel-grid-cell\" ><div id=\"panel-28826-0-0-0\" class=\"so-panel widget widget_mtt-cover-section panel-first-child\" data-index=\"0\" ><div\n\t\t\t\n\t\t\tclass=\"so-widget-mtt-cover-section so-widget-mtt-cover-section-base\"\n\t\t\t\n\t\t>\n<div class=\"mtt-cover-section-wrap compact extra-small\">\n\t<div class=\"mtt-cover-curve\">\n\t\t<img decoding=\"async\"  src=\"https:\/\/itwgse.com\/wp-content\/themes\/mtt-standard-theme\/assets\/img\/cover\/itwgse_cut.svg\">\t<\/div>\n    <div class=\"mtt-cover-compact-background object-fit overlay\">\n                            <\/div>\n    <div class=\"mtt-cover-compact-container\">\n        <div class=\"mtt-cover-section-text\">\n            <h1>Condiciones de venta<\/h1>\n                                <div class=\"text\"><p>\u00a0<\/p>\n<div class=\"pcl_tooltip_box\" style=\"display: none;\">Imagen ya a\u00f1adida\n<div class=\"arrow border\"><\/div>\n<div class=\"arrow\"><\/div>\n<\/div>\n<div class=\"pcl_global_mask\" style=\"display: none;\"><\/div>\n<\/div>\n                            <\/div>\n    <\/div>\n<\/div>\n<\/div><\/div><div id=\"panel-28826-0-0-1\" class=\"so-panel widget widget_mtt-one-col-text\" data-index=\"1\" ><div\n\t\t\t\n\t\t\tclass=\"so-widget-mtt-one-col-text so-widget-mtt-one-col-text-base\"\n\t\t\t\n\t\t>\n<div class=\"mtt-two-col-wrapper centered\">\n    <div class=\"mtt-two-col-container\">\n        <div class=\"mtt-two-col-content formatted_content\">\n\t\t\t                <h2>T\u00e9rminos y condiciones<\/h2>\n                        <div class=\"text-section one-col\">\n                            <\/div>\n\n            \n                    <div class=\"button-wrap\">\n                \n                                                                <a\n                            href=\"https:\/\/itwgse.com\/wp-content\/uploads\/2020\/02\/ITW-GSE-ApS-Salgs-og-leveringsbetingelser_af-20-januar-2020-DK.pdf\"\n                            class=\"button link button file  button-margin\"\n                            target=\"_blank\"                        >\n                            ITW GSE ApS (Dan\u00e9s)                        <\/a>\n                                    \n                                                                <a\n                            href=\"https:\/\/itwgse.com\/wp-content\/uploads\/2020\/02\/ITW-GSE-ApS-Terms-and-Conditions-of-Sale_dated-20-January-2020.pdf\"\n                            class=\"button link button file  button-margin\"\n                            target=\"_blank\"                        >\n                            ITW GSE ApS (Espa\u00f1ol)                        <\/a>\n                                    \n                                                                <a\n                            href=\"https:\/\/itwgse.com\/wp-content\/uploads\/2020\/02\/ITW_GSE_Inc_Terms_and_Conditions_of_Sale_for_Americas_dated-20-January-2020.pdf\"\n                            class=\"button link button file  button-margin\"\n                            target=\"_blank\"                        >\n                            ITW GSE Am\u00e9ricas                        <\/a>\n                                                <\/div>\n                        <\/div>\n    <\/div>\n<\/div>\n<\/div><\/div><div id=\"panel-28826-0-0-2\" class=\"so-panel widget widget_mtt-customer-support panel-last-child\" data-index=\"2\" ><div\n\t\t\t\n\t\t\tclass=\"so-widget-mtt-customer-support so-widget-mtt-customer-support-base\"\n\t\t\t\n\t\t>\n<div class=\"mtt-text-image-wrap less-top-padding less-bottom-padding grey-bg\">\n        <!-- Content -->\n    <div class=\"mtt-text-image-container\">\n        <div class=\"mtt-text-image-col\">\n            <div class=\"mtt-text-image-content formatted_content\">\n                                <h2>Atenci\u00f3n al cliente<\/h2>\n                <p><strong>\u00bfC\u00f3mo le podemos ayudar?<\/strong><\/p>\n<p>\u00bfNecesita esquemas, cat\u00e1logos de repuestos o v\u00eddeos de instrucciones?<\/p>\n<p>Use el bot\u00f3n \u201cAsistencia con el producto\u201d. \u00bfTiene preguntas para el equipo de atenci\u00f3n al cliente? Use el bot\u00f3n \u201cContacto con atenci\u00f3n al cliente\u201d. Si tiene alguna duda con respecto a un producto concreto, proporci\u00f3nenos el n\u00famero de serie del producto.<\/p>\n\n                                    <div class=\"button-wrap\">\n                                                    <a href=\"https:\/\/itwgse.com\/es\/support-and-service\/\" class=\"button\">\n                                Asistencia con el producto                            <\/a>\n                                                    <a href=\"https:\/\/itwgse.com\/es\/contacto\/\" class=\"button\">\n                                Contactar con Atenci\u00f3n al cliente                            <\/a>\n                                            <\/div>\n                            <\/div>\n        <\/div>\n                    <div class=\"mtt-text-image-col img center\">\n                <div class=\"mtt-text-image-content\">\n                    <img decoding=\"async\" width=\"1800\" height=\"1023\" src=\"https:\/\/itwgse.com\/wp-content\/uploads\/2018\/06\/ITWGSE_hero_cleanest-1.jpg\" class=\"attachment-full size-full\" alt=\"7400 low noice JK\" srcset=\"https:\/\/itwgse.com\/wp-content\/uploads\/2018\/06\/ITWGSE_hero_cleanest-1.jpg 1800w, https:\/\/itwgse.com\/wp-content\/uploads\/2018\/06\/ITWGSE_hero_cleanest-1-300x171.jpg 300w, https:\/\/itwgse.com\/wp-content\/uploads\/2018\/06\/ITWGSE_hero_cleanest-1-1024x582.jpg 1024w\" sizes=\"(max-width: 1800px) 100vw, 1800px\" \/>                \n                    \n                    \n                <\/div>\n            <\/div>\n            <\/div>\n<\/div>\n\n<script>\nfunction sendEvent(action, element) {\n    var videoTitle = jQuery(element).data('title');  \n\n    if (dataLayer && videoTitle) {\n        dataLayer.push({\n            'event': 'video',\n            'eventCategory': 'Video',\n            'eventAction': action,\n            'eventLabel': videoTitle\n        });\n    }\n    else if (ga && videoTitle) {\n        ga('send', 'event', 'Video', action, videoTitle);\n    }  \n}\n<\/script>\n<\/div><\/div><\/div><\/div><\/div>","protected":false},"excerpt":{"rendered":"<p>Condiciones de venta \u00a0 Imagen ya a\u00f1adida T\u00e9rminos y condiciones ITW GSE ApS (Dan\u00e9s) ITW GSE ApS (Espa\u00f1ol) ITW GSE Am\u00e9ricas Atenci\u00f3n al cliente&#8230;<\/p>\n","protected":false},"author":1,"featured_media":0,"parent":0,"menu_order":316,"comment_status":"closed","ping_status":"closed","template":"","meta":{"_acf_changed":false,"_relevanssi_hide_post":"","_relevanssi_hide_content":"","_relevanssi_pin_for_all":"","_relevanssi_pin_keywords":"","_relevanssi_unpin_keywords":"","_relevanssi_related_keywords":"","_relevanssi_related_include_ids":"","_relevanssi_related_exclude_ids":"","_relevanssi_related_no_append":"","_relevanssi_related_not_related":"","_relevanssi_related_posts":"","_relevanssi_noindex_reason":"","footnotes":""},"class_list":["post-28826","page","type-page","status-publish","hentry"],"acf":[],"yoast_head":"<!-- This site is optimized with the Yoast SEO plugin v27.0 - https:\/\/yoast.com\/product\/yoast-seo-wordpress\/ -->\n<title>Condiciones generales de venta - Nuestras condiciones generales de venta | ITW GSE<\/title>\n<meta name=\"description\" content=\"T\u00e9rminos y condiciones de venta de ITW GSE ApS. Lee nuestros T\u00e9rminos y Condiciones tanto en dan\u00e9s \/ ingl\u00e9s como en la versi\u00f3n para Am\u00e9rica.\" \/>\n<meta name=\"robots\" content=\"index, follow, max-snippet:-1, max-image-preview:large, max-video-preview:-1\" \/>\n<link rel=\"canonical\" href=\"https:\/\/itwgse.com\/es\/condiciones-de-venta\/\" \/>\n<meta property=\"og:locale\" content=\"es_ES\" \/>\n<meta property=\"og:type\" content=\"article\" \/>\n<meta property=\"og:title\" content=\"Condiciones generales de venta - Nuestras condiciones generales de venta | ITW GSE\" \/>\n<meta property=\"og:description\" content=\"T\u00e9rminos y condiciones de venta de ITW GSE ApS. Lee nuestros T\u00e9rminos y Condiciones tanto en dan\u00e9s \/ ingl\u00e9s como en la versi\u00f3n para Am\u00e9rica.\" \/>\n<meta property=\"og:url\" content=\"https:\/\/itwgse.com\/es\/condiciones-de-venta\/\" \/>\n<meta property=\"og:site_name\" content=\"ITW GSE\" \/>\n<meta property=\"article:publisher\" content=\"https:\/\/www.facebook.com\/ITWGSE\/\" \/>\n<meta name=\"twitter:card\" content=\"summary_large_image\" \/>\n<script type=\"application\/ld+json\" class=\"yoast-schema-graph\">{\"@context\":\"https:\/\/schema.org\",\"@graph\":[{\"@type\":\"WebPage\",\"@id\":\"https:\/\/itwgse.com\/es\/condiciones-de-venta\/\",\"url\":\"https:\/\/itwgse.com\/es\/condiciones-de-venta\/\",\"name\":\"Condiciones generales de venta - Nuestras condiciones generales de venta | ITW GSE\",\"isPartOf\":{\"@id\":\"https:\/\/itwgse.com\/#website\"},\"datePublished\":\"2026-02-24T13:14:43+00:00\",\"description\":\"T\u00e9rminos y condiciones de venta de ITW GSE ApS. Lee nuestros T\u00e9rminos y Condiciones tanto en dan\u00e9s \/ ingl\u00e9s como en la versi\u00f3n para Am\u00e9rica.\",\"breadcrumb\":{\"@id\":\"https:\/\/itwgse.com\/es\/condiciones-de-venta\/#breadcrumb\"},\"inLanguage\":\"es\",\"potentialAction\":[{\"@type\":\"ReadAction\",\"target\":[\"https:\/\/itwgse.com\/es\/condiciones-de-venta\/\"]}]},{\"@type\":\"BreadcrumbList\",\"@id\":\"https:\/\/itwgse.com\/es\/condiciones-de-venta\/#breadcrumb\",\"itemListElement\":[{\"@type\":\"ListItem\",\"position\":1,\"name\":\"Home\",\"item\":\"https:\/\/itwgse.com\/es\/home\/\"},{\"@type\":\"ListItem\",\"position\":2,\"name\":\"Condiciones de venta\"}]},{\"@type\":\"WebSite\",\"@id\":\"https:\/\/itwgse.com\/#website\",\"url\":\"https:\/\/itwgse.com\/\",\"name\":\"ITW GSE\",\"description\":\"It&#039;s all about connections\",\"publisher\":{\"@id\":\"https:\/\/itwgse.com\/#organization\"},\"potentialAction\":[{\"@type\":\"SearchAction\",\"target\":{\"@type\":\"EntryPoint\",\"urlTemplate\":\"https:\/\/itwgse.com\/?s={search_term_string}\"},\"query-input\":{\"@type\":\"PropertyValueSpecification\",\"valueRequired\":true,\"valueName\":\"search_term_string\"}}],\"inLanguage\":\"es\"},{\"@type\":\"Organization\",\"@id\":\"https:\/\/itwgse.com\/#organization\",\"name\":\"ITW GSE\",\"url\":\"https:\/\/itwgse.com\/\",\"logo\":{\"@type\":\"ImageObject\",\"inLanguage\":\"es\",\"@id\":\"https:\/\/itwgse.com\/#\/schema\/logo\/image\/\",\"url\":\"https:\/\/itwgse.com\/wp-content\/uploads\/2018\/11\/logo.png\",\"contentUrl\":\"https:\/\/itwgse.com\/wp-content\/uploads\/2018\/11\/logo.png\",\"width\":302,\"height\":237,\"caption\":\"ITW GSE\"},\"image\":{\"@id\":\"https:\/\/itwgse.com\/#\/schema\/logo\/image\/\"},\"sameAs\":[\"https:\/\/www.facebook.com\/ITWGSE\/\",\"https:\/\/www.linkedin.com\/company\/itw-gse\/\",\"https:\/\/www.youtube.com\/channel\/UCTUIMvyaOPfYIqzP8enZ8yw\"]}]}<\/script>\n<!-- \/ Yoast SEO plugin. -->","yoast_head_json":{"title":"Condiciones generales de venta - Nuestras condiciones generales de venta | ITW GSE","description":"T\u00e9rminos y condiciones de venta de ITW GSE ApS. Lee nuestros T\u00e9rminos y Condiciones tanto en dan\u00e9s \/ ingl\u00e9s como en la versi\u00f3n para Am\u00e9rica.","robots":{"index":"index","follow":"follow","max-snippet":"max-snippet:-1","max-image-preview":"max-image-preview:large","max-video-preview":"max-video-preview:-1"},"canonical":"https:\/\/itwgse.com\/es\/condiciones-de-venta\/","og_locale":"es_ES","og_type":"article","og_title":"Condiciones generales de venta - Nuestras condiciones generales de venta | ITW GSE","og_description":"T\u00e9rminos y condiciones de venta de ITW GSE ApS. Lee nuestros T\u00e9rminos y Condiciones tanto en dan\u00e9s \/ ingl\u00e9s como en la versi\u00f3n para Am\u00e9rica.","og_url":"https:\/\/itwgse.com\/es\/condiciones-de-venta\/","og_site_name":"ITW GSE","article_publisher":"https:\/\/www.facebook.com\/ITWGSE\/","twitter_card":"summary_large_image","schema":{"@context":"https:\/\/schema.org","@graph":[{"@type":"WebPage","@id":"https:\/\/itwgse.com\/es\/condiciones-de-venta\/","url":"https:\/\/itwgse.com\/es\/condiciones-de-venta\/","name":"Condiciones generales de venta - Nuestras condiciones generales de venta | ITW GSE","isPartOf":{"@id":"https:\/\/itwgse.com\/#website"},"datePublished":"2026-02-24T13:14:43+00:00","description":"T\u00e9rminos y condiciones de venta de ITW GSE ApS. Lee nuestros T\u00e9rminos y Condiciones tanto en dan\u00e9s \/ ingl\u00e9s como en la versi\u00f3n para Am\u00e9rica.","breadcrumb":{"@id":"https:\/\/itwgse.com\/es\/condiciones-de-venta\/#breadcrumb"},"inLanguage":"es","potentialAction":[{"@type":"ReadAction","target":["https:\/\/itwgse.com\/es\/condiciones-de-venta\/"]}]},{"@type":"BreadcrumbList","@id":"https:\/\/itwgse.com\/es\/condiciones-de-venta\/#breadcrumb","itemListElement":[{"@type":"ListItem","position":1,"name":"Home","item":"https:\/\/itwgse.com\/es\/home\/"},{"@type":"ListItem","position":2,"name":"Condiciones de venta"}]},{"@type":"WebSite","@id":"https:\/\/itwgse.com\/#website","url":"https:\/\/itwgse.com\/","name":"ITW GSE","description":"It&#039;s all about connections","publisher":{"@id":"https:\/\/itwgse.com\/#organization"},"potentialAction":[{"@type":"SearchAction","target":{"@type":"EntryPoint","urlTemplate":"https:\/\/itwgse.com\/?s={search_term_string}"},"query-input":{"@type":"PropertyValueSpecification","valueRequired":true,"valueName":"search_term_string"}}],"inLanguage":"es"},{"@type":"Organization","@id":"https:\/\/itwgse.com\/#organization","name":"ITW GSE","url":"https:\/\/itwgse.com\/","logo":{"@type":"ImageObject","inLanguage":"es","@id":"https:\/\/itwgse.com\/#\/schema\/logo\/image\/","url":"https:\/\/itwgse.com\/wp-content\/uploads\/2018\/11\/logo.png","contentUrl":"https:\/\/itwgse.com\/wp-content\/uploads\/2018\/11\/logo.png","width":302,"height":237,"caption":"ITW GSE"},"image":{"@id":"https:\/\/itwgse.com\/#\/schema\/logo\/image\/"},"sameAs":["https:\/\/www.facebook.com\/ITWGSE\/","https:\/\/www.linkedin.com\/company\/itw-gse\/","https:\/\/www.youtube.com\/channel\/UCTUIMvyaOPfYIqzP8enZ8yw"]}]}},"_links":{"self":[{"href":"https:\/\/itwgse.com\/es\/wp-json\/wp\/v2\/pages\/28826","targetHints":{"allow":["GET"]}}],"collection":[{"href":"https:\/\/itwgse.com\/es\/wp-json\/wp\/v2\/pages"}],"about":[{"href":"https:\/\/itwgse.com\/es\/wp-json\/wp\/v2\/types\/page"}],"author":[{"embeddable":true,"href":"https:\/\/itwgse.com\/es\/wp-json\/wp\/v2\/users\/1"}],"replies":[{"embeddable":true,"href":"https:\/\/itwgse.com\/es\/wp-json\/wp\/v2\/comments?post=28826"}],"version-history":[{"count":0,"href":"https:\/\/itwgse.com\/es\/wp-json\/wp\/v2\/pages\/28826\/revisions"}],"wp:attachment":[{"href":"https:\/\/itwgse.com\/es\/wp-json\/wp\/v2\/media?parent=28826"}],"curies":[{"name":"wp","href":"https:\/\/api.w.org\/{rel}","templated":true}]}}