{"id":28834,"date":"2026-02-24T14:21:41","date_gmt":"2026-02-24T13:21:41","guid":{"rendered":"https:\/\/itwgse.com\/plug-play\/"},"modified":"2026-02-24T14:21:41","modified_gmt":"2026-02-24T13:21:41","slug":"plug-play","status":"publish","type":"page","link":"https:\/\/itwgse.com\/es\/plug-play\/","title":{"rendered":"Plug &amp; Play"},"content":{"rendered":"<div id=\"pl-28834\"  class=\"panel-layout\" ><div id=\"pg-28834-0\"  class=\"panel-grid panel-no-style\" ><div id=\"pgc-28834-0-0\"  class=\"panel-grid-cell\" ><div id=\"panel-28834-0-0-0\" class=\"so-panel widget widget_mtt-cover-section panel-first-child panel-last-child\" data-index=\"0\" ><div\n\t\t\t\n\t\t\tclass=\"so-widget-mtt-cover-section so-widget-mtt-cover-section-base\"\n\t\t\t\n\t\t>\n<div class=\"mtt-cover-section-wrap compact extra-small\">\n\t<div class=\"mtt-cover-curve\">\n\t\t<img decoding=\"async\"  src=\"https:\/\/itwgse.com\/wp-content\/themes\/mtt-standard-theme\/assets\/img\/cover\/itwgse_cut.svg\">\t<\/div>\n    <div class=\"mtt-cover-compact-background object-fit\">\n                            <div class=\"mtt-cover-compact-image object-fit\">\n                <img decoding=\"async\"\n                    src=\"https:\/\/itwgse.com\/wp-content\/uploads\/2020\/07\/plug-and-play-symbol-no-text_5.png\"\n                    data-skip-lazy\n                    alt=\"\"\n                >\n            <\/div>\n                    <\/div>\n    <div class=\"mtt-cover-compact-container\">\n        <div class=\"mtt-cover-section-text\">\n            <h1>Plug & Play<\/h1>\n                    <\/div>\n    <\/div>\n<\/div>\n<\/div><\/div><\/div><\/div><div id=\"pg-28834-1\"  class=\"panel-grid panel-no-style\" ><div id=\"pgc-28834-1-0\"  class=\"panel-grid-cell\" ><div id=\"panel-28834-1-0-0\" class=\"so-panel widget widget_mtt-text-image panel-first-child panel-last-child\" data-index=\"1\" ><div\n\t\t\t\n\t\t\tclass=\"so-widget-mtt-text-image so-widget-mtt-text-image-base\"\n\t\t\t\n\t\t>\n<div class=\"mtt-text-image-wrap\">\n        <!-- Content -->\n    <div class=\"mtt-text-image-container\">\n        <div class=\"mtt-text-image-col\">\n            <div class=\"mtt-text-image-content formatted_content\">\n                                <h2>Calidad de tensi\u00f3n \u00fanica<\/h2>\n                <p>Consigue una excelente Tensi\u00f3n de salida justo donde importa: en el enchufe del avi\u00f3n.<\/p>\n<p>La regla general de dise\u00f1o es que la tensi\u00f3n en el enchufe del avi\u00f3n debe ser de 115 V \u00b13 V.<\/p>\n\n                                    <div class=\"button-wrap\">\n                                                    <a href=\"puesto: 45\" class=\"button\">\n                                Ver Unidades de POTENCIA                            <\/a>\n                                            <\/div>\n                            <\/div>\n        <\/div>\n                    <div class=\"mtt-text-image-col video\">\n                <div class=\"mtt-text-image-content\">\n                                    \n                                        \n                        <div class=\"mtt-text-image-video-wrap\">\n                            <div class=\"mtt-text-image-video-container\">\n\t                            <div class=\"cookieconsent-message cookieconsent-optout-marketing\">\n\t\t                            Please <a href=\"javascript:Cookiebot.renew()\">accept marketing-cookies<\/a> to watch this video.\t                            <\/div>\n                                <iframe width=\"640\" height=\"360\" data-src=\"https:\/\/www.youtube.com\/embed\/YnlV5RML4XI?enablejsapi=1&showinfo=0&rel=0\" frameborder=\"0\" allowfullscreen=\"allowfullscreen\" mozallowfullscreen=\"mozallowfullscreen\" msallowfullscreen=\"msallowfullscreen\" oallowfullscreen=\"oallowfullscreen\" webkitallowfullscreen=\"webkitallowfullscreen\" data-cookieconsent=\"marketing\">\n                                <\/iframe>\n                            <\/div>\n                        <\/div>\n\n                        \n                    \n                <\/div>\n            <\/div>\n            <\/div>\n<\/div>\n\n<script>\nfunction sendEvent(action, element) {\n    var videoTitle = jQuery(element).data('title');  \n\n    if (dataLayer && videoTitle) {\n        dataLayer.push({\n            'event': 'video',\n            'eventCategory': 'Video',\n            'eventAction': action,\n            'eventLabel': videoTitle\n        });\n    }\n    else if (ga && videoTitle) {\n        ga('send', 'event', 'Video', action, videoTitle);\n    }  \n}\n<\/script>\n<\/div><\/div><\/div><\/div><div id=\"pg-28834-2\"  class=\"panel-grid panel-no-style\" ><div id=\"pgc-28834-2-0\"  class=\"panel-grid-cell\" ><div id=\"panel-28834-2-0-0\" class=\"so-panel widget widget_mtt-two-col-text panel-first-child panel-last-child\" data-index=\"2\" ><div\n\t\t\t\n\t\t\tclass=\"so-widget-mtt-two-col-text so-widget-mtt-two-col-text-base\"\n\t\t\t\n\t\t>\n<div class=\"mtt-two-col-wrapper no-top-padding\">\n    <div class=\"mtt-two-col-container\">\n        <div class=\"mtt-two-col-content has-title\">\n                            <h2>Pero, \u00bfqu\u00e9 pasa con las necesidades futuras?<\/h2>\n                        <div class=\"text-section\">\n                <div class=\"col formatted_content\"><p>Nadie sabe cu\u00e1les ser\u00e1n los criterios de dise\u00f1o del futuro. Nuestra mejor suposici\u00f3n es que la tolerancia se reducir\u00e1. <\/p>\n<p>Por eso, todas las GPU de tierra ITW GSE de 2400 Hz est\u00e1n equipadas con la funci\u00f3n Plug & Play, una forma \u00fanica y revolucionaria de compensar las ca\u00eddas de tensi\u00f3n en los cables de distribuci\u00f3n, que te proporciona la mejor tensi\u00f3n posible all\u00ed donde se necesita: \u00a1en el enchufe del avi\u00f3n!<\/p>\n<\/div>\n                <div class=\"col formatted_content\"><p>Esto es v\u00e1lido tanto para los aviones tradicionales con factor de potencia 0,8 como para los nuevos con factor de potencia 1.<\/p>\n<p>El sistema Plug & Play de ITW GSE identifica autom\u00e1ticamente todos los par\u00e1metros relevantes del cable para determinar la ca\u00edda de tensi\u00f3n y controla cada fase individualmente en funci\u00f3n de cualquier caracter\u00edstica de la carga.<\/p>\n                                    <\/div>\n            <\/div>\n                    <\/div>\n    <\/div>\n<\/div><\/div><\/div><\/div><\/div><div id=\"pg-28834-3\"  class=\"panel-grid panel-no-style\" ><div id=\"pgc-28834-3-0\"  class=\"panel-grid-cell\" ><div id=\"panel-28834-3-0-0\" class=\"so-panel widget widget_mtt-contact-form panel-first-child\" data-index=\"3\" ><div\n\t\t\t\n\t\t\tclass=\"so-widget-mtt-contact-form so-widget-mtt-contact-form-base\"\n\t\t\t\n\t\t>\n<div\n    class=\"mtt-cta-banner-wrapper mtt-contact-form-wrapper no-bottom-padding no-top-padding\"\n     style=\"background:#dbdbdb\">\n    \n    \n    <div\n        class=\"mtt-contact-form-container mtt-cta-banner-container\"\n        data-layout=\"center\"\n    >\n        <div\n            class=\"cta-banner-content dark-text mtt-text-content\"\n        >\n                            <h2>Hablemos de Plug & Play<\/h2>\n                        <div class=\"text-section formatted_content\">\n                <p>\u00bfQuieres saber m\u00e1s sobre el SISTEMA Plug & Play?<\/p>\n            <\/div>\n        <\/div>\n        \n                    <div class=\"button-wrap\">\n                \n                                                                <a\n                            href=\"puesto: 27119\"\n                            class=\"button link button white  button-margin\"\n                                                    >\n                            Contacta con nosotros                        <\/a>\n                                                <\/div>\n                \n    <\/div>\n<\/div>\n<\/div><\/div><div id=\"panel-28834-3-0-1\" class=\"so-panel widget widget_mtt-text-image panel-last-child\" data-index=\"4\" ><div\n\t\t\t\n\t\t\tclass=\"so-widget-mtt-text-image so-widget-mtt-text-image-base\"\n\t\t\t\n\t\t>\n<div class=\"mtt-text-image-wrap flip less-top-padding\">\n        <!-- Content -->\n    <div class=\"mtt-text-image-container\">\n        <div class=\"mtt-text-image-col\">\n            <div class=\"mtt-text-image-content formatted_content\">\n                <div class=\"tagline\">Gu\u00eda paso a paso<\/div>                <h2>ITW GSE Plug & Play<\/h2>\n                <p>Esta caracter\u00edstica supera a los sistemas de compensaci\u00f3n tradicionales, en los que la tensi\u00f3n se regula en funci\u00f3n de la corriente media de salida o en los que el sistema se basa en la realimentaci\u00f3n de tensi\u00f3n del enchufe.<\/p>\n\n                                    <div class=\"button-wrap\">\n                                                    <a href=\"puesto: 45\" class=\"button\">\n                                Ver Unidades de POTENCIA                            <\/a>\n                                            <\/div>\n                            <\/div>\n        <\/div>\n                    <div class=\"mtt-text-image-col video\">\n                <div class=\"mtt-text-image-content\">\n                                    \n                                        \n                        <div class=\"mtt-text-image-video-wrap\">\n                            <div class=\"mtt-text-image-video-container\">\n\t                            <div class=\"cookieconsent-message cookieconsent-optout-marketing\">\n\t\t                            Please <a href=\"javascript:Cookiebot.renew()\">accept marketing-cookies<\/a> to watch this video.\t                            <\/div>\n                                <iframe width=\"640\" height=\"360\" data-src=\"https:\/\/www.youtube.com\/embed\/3-2vPZsV6Zw?enablejsapi=1&showinfo=0&rel=0\" frameborder=\"0\" allowfullscreen=\"allowfullscreen\" mozallowfullscreen=\"mozallowfullscreen\" msallowfullscreen=\"msallowfullscreen\" oallowfullscreen=\"oallowfullscreen\" webkitallowfullscreen=\"webkitallowfullscreen\" data-cookieconsent=\"marketing\">\n                                <\/iframe>\n                            <\/div>\n                        <\/div>\n\n                        \n                    \n                <\/div>\n            <\/div>\n            <\/div>\n<\/div>\n\n<script>\nfunction sendEvent(action, element) {\n    var videoTitle = jQuery(element).data('title');  \n\n    if (dataLayer && videoTitle) {\n        dataLayer.push({\n            'event': 'video',\n            'eventCategory': 'Video',\n            'eventAction': action,\n            'eventLabel': videoTitle\n        });\n    }\n    else if (ga && videoTitle) {\n        ga('send', 'event', 'Video', action, videoTitle);\n    }  \n}\n<\/script>\n<\/div><\/div><\/div><\/div><\/div>","protected":false},"excerpt":{"rendered":"<p>Plug &#038; Play Calidad de tensi\u00f3n \u00fanica Consigue una excelente Tensi\u00f3n de salida justo donde importa: en el enchufe del avi\u00f3n. La regla general&#8230;<\/p>\n","protected":false},"author":1,"featured_media":0,"parent":0,"menu_order":282,"comment_status":"closed","ping_status":"closed","template":"","meta":{"_acf_changed":false,"_relevanssi_hide_post":"","_relevanssi_hide_content":"","_relevanssi_pin_for_all":"","_relevanssi_pin_keywords":"","_relevanssi_unpin_keywords":"","_relevanssi_related_keywords":"","_relevanssi_related_include_ids":"","_relevanssi_related_exclude_ids":"","_relevanssi_related_no_append":"","_relevanssi_related_not_related":"","_relevanssi_related_posts":"","_relevanssi_noindex_reason":"","footnotes":""},"class_list":["post-28834","page","type-page","status-publish","hentry"],"acf":[],"yoast_head":"<!-- This site is optimized with the Yoast SEO plugin v27.0 - https:\/\/yoast.com\/product\/yoast-seo-wordpress\/ -->\n<title>Plug &amp; Play - Calidad de tensi\u00f3n \u00fanica en el enchufe del avi\u00f3n | ITW GSE<\/title>\n<meta name=\"description\" content=\"Todas las GPU de tierra ITW GSE de 400 Hz disponen de la funci\u00f3n Plug &amp; Play patentada. El mejor voltaje posible, concretamente en el enchufe del avi\u00f3n.\" \/>\n<meta name=\"robots\" content=\"index, follow, max-snippet:-1, max-image-preview:large, max-video-preview:-1\" \/>\n<link rel=\"canonical\" href=\"https:\/\/itwgse.com\/es\/plug-play\/\" \/>\n<meta property=\"og:locale\" content=\"es_ES\" \/>\n<meta property=\"og:type\" content=\"article\" \/>\n<meta property=\"og:title\" content=\"Plug &amp; Play - Calidad de tensi\u00f3n \u00fanica en el enchufe del avi\u00f3n | ITW GSE\" \/>\n<meta property=\"og:description\" content=\"Todas las GPU de tierra ITW GSE de 400 Hz disponen de la funci\u00f3n Plug &amp; Play patentada. El mejor voltaje posible, concretamente en el enchufe del avi\u00f3n.\" \/>\n<meta property=\"og:url\" content=\"https:\/\/itwgse.com\/es\/plug-play\/\" \/>\n<meta property=\"og:site_name\" content=\"ITW GSE\" \/>\n<meta property=\"article:publisher\" content=\"https:\/\/www.facebook.com\/ITWGSE\/\" \/>\n<meta name=\"twitter:card\" content=\"summary_large_image\" \/>\n<script type=\"application\/ld+json\" class=\"yoast-schema-graph\">{\"@context\":\"https:\/\/schema.org\",\"@graph\":[{\"@type\":\"WebPage\",\"@id\":\"https:\/\/itwgse.com\/es\/plug-play\/\",\"url\":\"https:\/\/itwgse.com\/es\/plug-play\/\",\"name\":\"Plug & Play - Calidad de tensi\u00f3n \u00fanica en el enchufe del avi\u00f3n | ITW GSE\",\"isPartOf\":{\"@id\":\"https:\/\/itwgse.com\/#website\"},\"datePublished\":\"2026-02-24T13:21:41+00:00\",\"description\":\"Todas las GPU de tierra ITW GSE de 400 Hz disponen de la funci\u00f3n Plug & Play patentada. El mejor voltaje posible, concretamente en el enchufe del avi\u00f3n.\",\"breadcrumb\":{\"@id\":\"https:\/\/itwgse.com\/es\/plug-play\/#breadcrumb\"},\"inLanguage\":\"es\",\"potentialAction\":[{\"@type\":\"ReadAction\",\"target\":[\"https:\/\/itwgse.com\/es\/plug-play\/\"]}]},{\"@type\":\"BreadcrumbList\",\"@id\":\"https:\/\/itwgse.com\/es\/plug-play\/#breadcrumb\",\"itemListElement\":[{\"@type\":\"ListItem\",\"position\":1,\"name\":\"Home\",\"item\":\"https:\/\/itwgse.com\/es\/home\/\"},{\"@type\":\"ListItem\",\"position\":2,\"name\":\"Plug &amp; Play\"}]},{\"@type\":\"WebSite\",\"@id\":\"https:\/\/itwgse.com\/#website\",\"url\":\"https:\/\/itwgse.com\/\",\"name\":\"ITW GSE\",\"description\":\"It&#039;s all about connections\",\"publisher\":{\"@id\":\"https:\/\/itwgse.com\/#organization\"},\"potentialAction\":[{\"@type\":\"SearchAction\",\"target\":{\"@type\":\"EntryPoint\",\"urlTemplate\":\"https:\/\/itwgse.com\/?s={search_term_string}\"},\"query-input\":{\"@type\":\"PropertyValueSpecification\",\"valueRequired\":true,\"valueName\":\"search_term_string\"}}],\"inLanguage\":\"es\"},{\"@type\":\"Organization\",\"@id\":\"https:\/\/itwgse.com\/#organization\",\"name\":\"ITW GSE\",\"url\":\"https:\/\/itwgse.com\/\",\"logo\":{\"@type\":\"ImageObject\",\"inLanguage\":\"es\",\"@id\":\"https:\/\/itwgse.com\/#\/schema\/logo\/image\/\",\"url\":\"https:\/\/itwgse.com\/wp-content\/uploads\/2018\/11\/logo.png\",\"contentUrl\":\"https:\/\/itwgse.com\/wp-content\/uploads\/2018\/11\/logo.png\",\"width\":302,\"height\":237,\"caption\":\"ITW GSE\"},\"image\":{\"@id\":\"https:\/\/itwgse.com\/#\/schema\/logo\/image\/\"},\"sameAs\":[\"https:\/\/www.facebook.com\/ITWGSE\/\",\"https:\/\/www.linkedin.com\/company\/itw-gse\/\",\"https:\/\/www.youtube.com\/channel\/UCTUIMvyaOPfYIqzP8enZ8yw\"]}]}<\/script>\n<!-- \/ Yoast SEO plugin. -->","yoast_head_json":{"title":"Plug & Play - Calidad de tensi\u00f3n \u00fanica en el enchufe del avi\u00f3n | ITW GSE","description":"Todas las GPU de tierra ITW GSE de 400 Hz disponen de la funci\u00f3n Plug & Play patentada. El mejor voltaje posible, concretamente en el enchufe del avi\u00f3n.","robots":{"index":"index","follow":"follow","max-snippet":"max-snippet:-1","max-image-preview":"max-image-preview:large","max-video-preview":"max-video-preview:-1"},"canonical":"https:\/\/itwgse.com\/es\/plug-play\/","og_locale":"es_ES","og_type":"article","og_title":"Plug & Play - Calidad de tensi\u00f3n \u00fanica en el enchufe del avi\u00f3n | ITW GSE","og_description":"Todas las GPU de tierra ITW GSE de 400 Hz disponen de la funci\u00f3n Plug & Play patentada. El mejor voltaje posible, concretamente en el enchufe del avi\u00f3n.","og_url":"https:\/\/itwgse.com\/es\/plug-play\/","og_site_name":"ITW GSE","article_publisher":"https:\/\/www.facebook.com\/ITWGSE\/","twitter_card":"summary_large_image","schema":{"@context":"https:\/\/schema.org","@graph":[{"@type":"WebPage","@id":"https:\/\/itwgse.com\/es\/plug-play\/","url":"https:\/\/itwgse.com\/es\/plug-play\/","name":"Plug & Play - Calidad de tensi\u00f3n \u00fanica en el enchufe del avi\u00f3n | ITW GSE","isPartOf":{"@id":"https:\/\/itwgse.com\/#website"},"datePublished":"2026-02-24T13:21:41+00:00","description":"Todas las GPU de tierra ITW GSE de 400 Hz disponen de la funci\u00f3n Plug & Play patentada. El mejor voltaje posible, concretamente en el enchufe del avi\u00f3n.","breadcrumb":{"@id":"https:\/\/itwgse.com\/es\/plug-play\/#breadcrumb"},"inLanguage":"es","potentialAction":[{"@type":"ReadAction","target":["https:\/\/itwgse.com\/es\/plug-play\/"]}]},{"@type":"BreadcrumbList","@id":"https:\/\/itwgse.com\/es\/plug-play\/#breadcrumb","itemListElement":[{"@type":"ListItem","position":1,"name":"Home","item":"https:\/\/itwgse.com\/es\/home\/"},{"@type":"ListItem","position":2,"name":"Plug &amp; Play"}]},{"@type":"WebSite","@id":"https:\/\/itwgse.com\/#website","url":"https:\/\/itwgse.com\/","name":"ITW GSE","description":"It&#039;s all about connections","publisher":{"@id":"https:\/\/itwgse.com\/#organization"},"potentialAction":[{"@type":"SearchAction","target":{"@type":"EntryPoint","urlTemplate":"https:\/\/itwgse.com\/?s={search_term_string}"},"query-input":{"@type":"PropertyValueSpecification","valueRequired":true,"valueName":"search_term_string"}}],"inLanguage":"es"},{"@type":"Organization","@id":"https:\/\/itwgse.com\/#organization","name":"ITW GSE","url":"https:\/\/itwgse.com\/","logo":{"@type":"ImageObject","inLanguage":"es","@id":"https:\/\/itwgse.com\/#\/schema\/logo\/image\/","url":"https:\/\/itwgse.com\/wp-content\/uploads\/2018\/11\/logo.png","contentUrl":"https:\/\/itwgse.com\/wp-content\/uploads\/2018\/11\/logo.png","width":302,"height":237,"caption":"ITW GSE"},"image":{"@id":"https:\/\/itwgse.com\/#\/schema\/logo\/image\/"},"sameAs":["https:\/\/www.facebook.com\/ITWGSE\/","https:\/\/www.linkedin.com\/company\/itw-gse\/","https:\/\/www.youtube.com\/channel\/UCTUIMvyaOPfYIqzP8enZ8yw"]}]}},"_links":{"self":[{"href":"https:\/\/itwgse.com\/es\/wp-json\/wp\/v2\/pages\/28834","targetHints":{"allow":["GET"]}}],"collection":[{"href":"https:\/\/itwgse.com\/es\/wp-json\/wp\/v2\/pages"}],"about":[{"href":"https:\/\/itwgse.com\/es\/wp-json\/wp\/v2\/types\/page"}],"author":[{"embeddable":true,"href":"https:\/\/itwgse.com\/es\/wp-json\/wp\/v2\/users\/1"}],"replies":[{"embeddable":true,"href":"https:\/\/itwgse.com\/es\/wp-json\/wp\/v2\/comments?post=28834"}],"version-history":[{"count":0,"href":"https:\/\/itwgse.com\/es\/wp-json\/wp\/v2\/pages\/28834\/revisions"}],"wp:attachment":[{"href":"https:\/\/itwgse.com\/es\/wp-json\/wp\/v2\/media?parent=28834"}],"curies":[{"name":"wp","href":"https:\/\/api.w.org\/{rel}","templated":true}]}}