{"id":28838,"date":"2026-02-24T14:21:44","date_gmt":"2026-02-24T13:21:44","guid":{"rendered":"https:\/\/itwgse.com\/acerca-de-jb-aviation\/"},"modified":"2026-02-24T14:21:44","modified_gmt":"2026-02-24T13:21:44","slug":"acerca-de-jb-aviation","status":"publish","type":"page","link":"https:\/\/itwgse.com\/es\/acerca-de-jb-aviation\/","title":{"rendered":"Acerca de J&amp;B Aviation"},"content":{"rendered":"<div id=\"pl-28838\"  class=\"panel-layout\" ><div id=\"pg-28838-0\"  class=\"panel-grid panel-no-style\" ><div id=\"pgc-28838-0-0\"  class=\"panel-grid-cell\" ><div id=\"panel-28838-0-0-0\" class=\"so-panel widget widget_mtt-cover-section panel-first-child panel-last-child\" data-index=\"0\" ><div\n\t\t\t\n\t\t\tclass=\"so-widget-mtt-cover-section so-widget-mtt-cover-section-base\"\n\t\t\t\n\t\t>\n<div class=\"mtt-cover-section-wrap compact extra-small\">\n\t<div class=\"mtt-cover-curve\">\n\t\t<img decoding=\"async\"  src=\"https:\/\/itwgse.com\/wp-content\/themes\/mtt-standard-theme\/assets\/img\/cover\/itwgse_cut.svg\">\t<\/div>\n    <div class=\"mtt-cover-compact-background object-fit overlay\">\n                        <img decoding=\"async\"  src=\"https:\/\/itwgse.com\/wp-content\/themes\/mtt-standard-theme\/assets\/img\/icons\/JB-badge.svg\" class=\"badge\">    <\/div>\n    <div class=\"mtt-cover-compact-container\">\n        <div class=\"mtt-cover-section-text\">\n            <h1>J&B Aviaci\u00f3n<\/h1>\n                                <div class=\"text\"><p>Una marca heredada de ITW GSE.<\/p>\n<\/div>\n                            <\/div>\n    <\/div>\n<\/div>\n<\/div><\/div><\/div><\/div><div id=\"pg-28838-1\"  class=\"panel-grid panel-no-style\" ><div id=\"pgc-28838-1-0\"  class=\"panel-grid-cell\" ><div id=\"panel-28838-1-0-0\" class=\"so-panel widget widget_mtt-two-col-text panel-first-child panel-last-child\" data-index=\"1\" ><div\n\t\t\t\n\t\t\tclass=\"so-widget-mtt-two-col-text so-widget-mtt-two-col-text-base\"\n\t\t\t\n\t\t>\n<div class=\"mtt-two-col-wrapper\">\n    <div class=\"mtt-two-col-container\">\n        <div class=\"mtt-two-col-content has-title\">\n                            <h2>Historia de la marca J&B Aviation<\/h2>\n                        <div class=\"text-section\">\n                <div class=\"col formatted_content\"><p>J&B Aviation lleva suministrando productos y accesorios de calidad para el sector de apoyo en tierra desde 1991, cuando fue fundada por Allan Janis y Bruce Warne en California.<\/p>\n<p>J&B Aviation era conocida por la calidad y la innovaci\u00f3n de sus cables de 400 Hz, 270 V CC y de banda.<\/p>\n<p>J&B Aviation tambi\u00e9n ha ofrecido una gran variedad de accesorios para todo tipo de aeronaves, como conectores PCA, mangueras, carretes y carros, as\u00ed como diversas soluciones de almacenamiento de mangueras.<\/p>\n<p>J&B Aviation patent\u00f3 muchos dise\u00f1os. Bajo la marca J&B (y continuamente bajo el nombre ITW GSE), ofrec\u00edan secciones de contacto reemplazables para cables de 400 Hz con el fin de prolongar la vida \u00fatil de los cables, protecci\u00f3n de cables desde cubiertas hasta anillos de protecci\u00f3n, conectores giratorios y mucho m\u00e1s. <\/p>\n<div class=\"pcl_tooltip_box\" style=\"display: none;\">\n<p>Imagen ya a\u00f1adida<\/p>\n<div class=\"arrow border\"><\/div>\n<div class=\"arrow\"><\/div>\n<\/div>\n<div class=\"pcl_global_mask\" style=\"display: none;\"><\/div>\n<\/div>\n                <div class=\"col formatted_content\"><p>En el A\u00f1o 2002, J&B Aviation fue vendida a ITW, y a partir de 2014 los productos se vendieron desde las instalaciones de Palmetto.<\/p>\n<p>\u00a0<\/p>\n<h3>\u00bfBuscas nuevos cables de avi\u00f3n o mangueras PCA?<\/h3>\n<p>Simplemente salta a la p\u00e1gina <a href=\"https:\/\/itwgse.com\/aircraft-cables\/\">Cables GSE ITW<\/a> o a <a href=\"https:\/\/itwgse.com\/aircraft-hoses\/\">Mangueras GSE ITW<\/a> para encontrar tus nuevos cables de avi\u00f3n o mangueras PCA.<\/p>\n                                    <\/div>\n            <\/div>\n                    <\/div>\n    <\/div>\n<\/div><\/div><\/div><\/div><\/div><div id=\"pg-28838-2\"  class=\"panel-grid panel-no-style\" ><div id=\"pgc-28838-2-0\"  class=\"panel-grid-cell\" ><div id=\"panel-28838-2-0-0\" class=\"so-panel widget widget_mtt-customer-support panel-first-child panel-last-child\" data-index=\"2\" ><div\n\t\t\t\n\t\t\tclass=\"so-widget-mtt-customer-support so-widget-mtt-customer-support-base\"\n\t\t\t\n\t\t>\n<div class=\"mtt-text-image-wrap less-top-padding less-bottom-padding grey-bg\">\n        <!-- Content -->\n    <div class=\"mtt-text-image-container\">\n        <div class=\"mtt-text-image-col\">\n            <div class=\"mtt-text-image-content formatted_content\">\n                                <h2>Atenci\u00f3n al cliente<\/h2>\n                <p><strong>\u00bfC\u00f3mo le podemos ayudar?<\/strong><\/p>\n<p>\u00bfNecesita esquemas, cat\u00e1logos de repuestos o v\u00eddeos de instrucciones?<\/p>\n<p>Use el bot\u00f3n \u201cAsistencia con el producto\u201d. \u00bfTiene preguntas para el equipo de atenci\u00f3n al cliente? Use el bot\u00f3n \u201cContacto con atenci\u00f3n al cliente\u201d. Si tiene alguna duda con respecto a un producto concreto, proporci\u00f3nenos el n\u00famero de serie del producto.<\/p>\n\n                                    <div class=\"button-wrap\">\n                                                    <a href=\"https:\/\/itwgse.com\/es\/support-and-service\/\" class=\"button\">\n                                Asistencia con el producto                            <\/a>\n                                                    <a href=\"https:\/\/itwgse.com\/es\/contacto\/\" class=\"button\">\n                                Contactar con Atenci\u00f3n al cliente                            <\/a>\n                                            <\/div>\n                            <\/div>\n        <\/div>\n                    <div class=\"mtt-text-image-col img center\">\n                <div class=\"mtt-text-image-content\">\n                    <img decoding=\"async\" width=\"1800\" height=\"1023\" src=\"https:\/\/itwgse.com\/wp-content\/uploads\/2018\/06\/ITWGSE_hero_cleanest-1.jpg\" class=\"attachment-full size-full\" alt=\"7400 low noice JK\" srcset=\"https:\/\/itwgse.com\/wp-content\/uploads\/2018\/06\/ITWGSE_hero_cleanest-1.jpg 1800w, https:\/\/itwgse.com\/wp-content\/uploads\/2018\/06\/ITWGSE_hero_cleanest-1-300x171.jpg 300w, https:\/\/itwgse.com\/wp-content\/uploads\/2018\/06\/ITWGSE_hero_cleanest-1-1024x582.jpg 1024w\" sizes=\"(max-width: 1800px) 100vw, 1800px\" \/>                \n                    \n                    \n                <\/div>\n            <\/div>\n            <\/div>\n<\/div>\n\n<script>\nfunction sendEvent(action, element) {\n    var videoTitle = jQuery(element).data('title');  \n\n    if (dataLayer && videoTitle) {\n        dataLayer.push({\n            'event': 'video',\n            'eventCategory': 'Video',\n            'eventAction': action,\n            'eventLabel': videoTitle\n        });\n    }\n    else if (ga && videoTitle) {\n        ga('send', 'event', 'Video', action, videoTitle);\n    }  \n}\n<\/script>\n<\/div><\/div><\/div><\/div><\/div>","protected":false},"excerpt":{"rendered":"<p>J&#038;B Aviaci\u00f3n Una marca heredada de ITW GSE. Historia de la marca J&#038;B Aviation J&#038;B Aviation lleva suministrando productos y accesorios de calidad para&#8230;<\/p>\n","protected":false},"author":1,"featured_media":0,"parent":0,"menu_order":224,"comment_status":"closed","ping_status":"closed","template":"","meta":{"_acf_changed":false,"_relevanssi_hide_post":"","_relevanssi_hide_content":"","_relevanssi_pin_for_all":"","_relevanssi_pin_keywords":"","_relevanssi_unpin_keywords":"","_relevanssi_related_keywords":"","_relevanssi_related_include_ids":"","_relevanssi_related_exclude_ids":"","_relevanssi_related_no_append":"","_relevanssi_related_not_related":"","_relevanssi_related_posts":"","_relevanssi_noindex_reason":"","footnotes":""},"class_list":["post-28838","page","type-page","status-publish","hentry"],"acf":[],"yoast_head":"<!-- This site is optimized with the Yoast SEO plugin v27.0 - https:\/\/yoast.com\/product\/yoast-seo-wordpress\/ -->\n<title>J&amp;B Aviation - Historia de la marca J&amp;B Aviation | ITW GSE<\/title>\n<meta name=\"description\" content=\"J&amp;B Aviation siempre ha sido conocida por la calidad y la innovaci\u00f3n de sus cables de 400 Hz, 270 V CC y de banda, pero tambi\u00e9n por sus conectores PCA, mangueras, carretes y carros.\" \/>\n<meta name=\"robots\" content=\"index, follow, max-snippet:-1, max-image-preview:large, max-video-preview:-1\" \/>\n<link rel=\"canonical\" href=\"https:\/\/itwgse.com\/es\/acerca-de-jb-aviation\/\" \/>\n<meta property=\"og:locale\" content=\"es_ES\" \/>\n<meta property=\"og:type\" content=\"article\" \/>\n<meta property=\"og:title\" content=\"J&amp;B Aviation - Historia de la marca J&amp;B Aviation | ITW GSE\" \/>\n<meta property=\"og:description\" content=\"J&amp;B Aviation siempre ha sido conocida por la calidad y la innovaci\u00f3n de sus cables de 400 Hz, 270 V CC y de banda, pero tambi\u00e9n por sus conectores PCA, mangueras, carretes y carros.\" \/>\n<meta property=\"og:url\" content=\"https:\/\/itwgse.com\/es\/acerca-de-jb-aviation\/\" \/>\n<meta property=\"og:site_name\" content=\"ITW GSE\" \/>\n<meta property=\"article:publisher\" content=\"https:\/\/www.facebook.com\/ITWGSE\/\" \/>\n<meta name=\"twitter:card\" content=\"summary_large_image\" \/>\n<script type=\"application\/ld+json\" class=\"yoast-schema-graph\">{\"@context\":\"https:\/\/schema.org\",\"@graph\":[{\"@type\":\"WebPage\",\"@id\":\"https:\/\/itwgse.com\/es\/acerca-de-jb-aviation\/\",\"url\":\"https:\/\/itwgse.com\/es\/acerca-de-jb-aviation\/\",\"name\":\"J&B Aviation - Historia de la marca J&B Aviation | ITW GSE\",\"isPartOf\":{\"@id\":\"https:\/\/itwgse.com\/#website\"},\"datePublished\":\"2026-02-24T13:21:44+00:00\",\"description\":\"J&B Aviation siempre ha sido conocida por la calidad y la innovaci\u00f3n de sus cables de 400 Hz, 270 V CC y de banda, pero tambi\u00e9n por sus conectores PCA, mangueras, carretes y carros.\",\"breadcrumb\":{\"@id\":\"https:\/\/itwgse.com\/es\/acerca-de-jb-aviation\/#breadcrumb\"},\"inLanguage\":\"es\",\"potentialAction\":[{\"@type\":\"ReadAction\",\"target\":[\"https:\/\/itwgse.com\/es\/acerca-de-jb-aviation\/\"]}]},{\"@type\":\"BreadcrumbList\",\"@id\":\"https:\/\/itwgse.com\/es\/acerca-de-jb-aviation\/#breadcrumb\",\"itemListElement\":[{\"@type\":\"ListItem\",\"position\":1,\"name\":\"Home\",\"item\":\"https:\/\/itwgse.com\/es\/home\/\"},{\"@type\":\"ListItem\",\"position\":2,\"name\":\"Acerca de J&amp;B Aviation\"}]},{\"@type\":\"WebSite\",\"@id\":\"https:\/\/itwgse.com\/#website\",\"url\":\"https:\/\/itwgse.com\/\",\"name\":\"ITW GSE\",\"description\":\"It&#039;s all about connections\",\"publisher\":{\"@id\":\"https:\/\/itwgse.com\/#organization\"},\"potentialAction\":[{\"@type\":\"SearchAction\",\"target\":{\"@type\":\"EntryPoint\",\"urlTemplate\":\"https:\/\/itwgse.com\/?s={search_term_string}\"},\"query-input\":{\"@type\":\"PropertyValueSpecification\",\"valueRequired\":true,\"valueName\":\"search_term_string\"}}],\"inLanguage\":\"es\"},{\"@type\":\"Organization\",\"@id\":\"https:\/\/itwgse.com\/#organization\",\"name\":\"ITW GSE\",\"url\":\"https:\/\/itwgse.com\/\",\"logo\":{\"@type\":\"ImageObject\",\"inLanguage\":\"es\",\"@id\":\"https:\/\/itwgse.com\/#\/schema\/logo\/image\/\",\"url\":\"https:\/\/itwgse.com\/wp-content\/uploads\/2018\/11\/logo.png\",\"contentUrl\":\"https:\/\/itwgse.com\/wp-content\/uploads\/2018\/11\/logo.png\",\"width\":302,\"height\":237,\"caption\":\"ITW GSE\"},\"image\":{\"@id\":\"https:\/\/itwgse.com\/#\/schema\/logo\/image\/\"},\"sameAs\":[\"https:\/\/www.facebook.com\/ITWGSE\/\",\"https:\/\/www.linkedin.com\/company\/itw-gse\/\",\"https:\/\/www.youtube.com\/channel\/UCTUIMvyaOPfYIqzP8enZ8yw\"]}]}<\/script>\n<!-- \/ Yoast SEO plugin. -->","yoast_head_json":{"title":"J&B Aviation - Historia de la marca J&B Aviation | ITW GSE","description":"J&B Aviation siempre ha sido conocida por la calidad y la innovaci\u00f3n de sus cables de 400 Hz, 270 V CC y de banda, pero tambi\u00e9n por sus conectores PCA, mangueras, carretes y carros.","robots":{"index":"index","follow":"follow","max-snippet":"max-snippet:-1","max-image-preview":"max-image-preview:large","max-video-preview":"max-video-preview:-1"},"canonical":"https:\/\/itwgse.com\/es\/acerca-de-jb-aviation\/","og_locale":"es_ES","og_type":"article","og_title":"J&B Aviation - Historia de la marca J&B Aviation | ITW GSE","og_description":"J&B Aviation siempre ha sido conocida por la calidad y la innovaci\u00f3n de sus cables de 400 Hz, 270 V CC y de banda, pero tambi\u00e9n por sus conectores PCA, mangueras, carretes y carros.","og_url":"https:\/\/itwgse.com\/es\/acerca-de-jb-aviation\/","og_site_name":"ITW GSE","article_publisher":"https:\/\/www.facebook.com\/ITWGSE\/","twitter_card":"summary_large_image","schema":{"@context":"https:\/\/schema.org","@graph":[{"@type":"WebPage","@id":"https:\/\/itwgse.com\/es\/acerca-de-jb-aviation\/","url":"https:\/\/itwgse.com\/es\/acerca-de-jb-aviation\/","name":"J&B Aviation - Historia de la marca J&B Aviation | ITW GSE","isPartOf":{"@id":"https:\/\/itwgse.com\/#website"},"datePublished":"2026-02-24T13:21:44+00:00","description":"J&B Aviation siempre ha sido conocida por la calidad y la innovaci\u00f3n de sus cables de 400 Hz, 270 V CC y de banda, pero tambi\u00e9n por sus conectores PCA, mangueras, carretes y carros.","breadcrumb":{"@id":"https:\/\/itwgse.com\/es\/acerca-de-jb-aviation\/#breadcrumb"},"inLanguage":"es","potentialAction":[{"@type":"ReadAction","target":["https:\/\/itwgse.com\/es\/acerca-de-jb-aviation\/"]}]},{"@type":"BreadcrumbList","@id":"https:\/\/itwgse.com\/es\/acerca-de-jb-aviation\/#breadcrumb","itemListElement":[{"@type":"ListItem","position":1,"name":"Home","item":"https:\/\/itwgse.com\/es\/home\/"},{"@type":"ListItem","position":2,"name":"Acerca de J&amp;B Aviation"}]},{"@type":"WebSite","@id":"https:\/\/itwgse.com\/#website","url":"https:\/\/itwgse.com\/","name":"ITW GSE","description":"It&#039;s all about connections","publisher":{"@id":"https:\/\/itwgse.com\/#organization"},"potentialAction":[{"@type":"SearchAction","target":{"@type":"EntryPoint","urlTemplate":"https:\/\/itwgse.com\/?s={search_term_string}"},"query-input":{"@type":"PropertyValueSpecification","valueRequired":true,"valueName":"search_term_string"}}],"inLanguage":"es"},{"@type":"Organization","@id":"https:\/\/itwgse.com\/#organization","name":"ITW GSE","url":"https:\/\/itwgse.com\/","logo":{"@type":"ImageObject","inLanguage":"es","@id":"https:\/\/itwgse.com\/#\/schema\/logo\/image\/","url":"https:\/\/itwgse.com\/wp-content\/uploads\/2018\/11\/logo.png","contentUrl":"https:\/\/itwgse.com\/wp-content\/uploads\/2018\/11\/logo.png","width":302,"height":237,"caption":"ITW GSE"},"image":{"@id":"https:\/\/itwgse.com\/#\/schema\/logo\/image\/"},"sameAs":["https:\/\/www.facebook.com\/ITWGSE\/","https:\/\/www.linkedin.com\/company\/itw-gse\/","https:\/\/www.youtube.com\/channel\/UCTUIMvyaOPfYIqzP8enZ8yw"]}]}},"_links":{"self":[{"href":"https:\/\/itwgse.com\/es\/wp-json\/wp\/v2\/pages\/28838","targetHints":{"allow":["GET"]}}],"collection":[{"href":"https:\/\/itwgse.com\/es\/wp-json\/wp\/v2\/pages"}],"about":[{"href":"https:\/\/itwgse.com\/es\/wp-json\/wp\/v2\/types\/page"}],"author":[{"embeddable":true,"href":"https:\/\/itwgse.com\/es\/wp-json\/wp\/v2\/users\/1"}],"replies":[{"embeddable":true,"href":"https:\/\/itwgse.com\/es\/wp-json\/wp\/v2\/comments?post=28838"}],"version-history":[{"count":0,"href":"https:\/\/itwgse.com\/es\/wp-json\/wp\/v2\/pages\/28838\/revisions"}],"wp:attachment":[{"href":"https:\/\/itwgse.com\/es\/wp-json\/wp\/v2\/media?parent=28838"}],"curies":[{"name":"wp","href":"https:\/\/api.w.org\/{rel}","templated":true}]}}