{"id":45455,"date":"2026-03-18T15:33:43","date_gmt":"2026-03-18T14:33:43","guid":{"rendered":"https:\/\/itwgse.com\/convertidores-de-400-hz\/"},"modified":"2026-03-18T15:33:43","modified_gmt":"2026-03-18T14:33:43","slug":"convertidores-de-400-hz","status":"publish","type":"page","link":"https:\/\/itwgse.com\/es\/convertidores-de-400-hz\/","title":{"rendered":"Convertidores de 400 Hz"},"content":{"rendered":"<div id=\"pl-45455\"  class=\"panel-layout\" ><div id=\"pg-45455-0\"  class=\"panel-grid panel-no-style\" ><div id=\"pgc-45455-0-0\"  class=\"panel-grid-cell\" ><div id=\"panel-45455-0-0-0\" class=\"so-panel widget widget_mtt-cover-section panel-first-child\" data-index=\"0\" ><div\n\t\t\t\n\t\t\tclass=\"so-widget-mtt-cover-section so-widget-mtt-cover-section-base\"\n\t\t\t\n\t\t>\n<div class=\"mtt-cover-section-wrap compact extra-small\">\n\t<div class=\"mtt-cover-curve\">\n\t\t<img decoding=\"async\"  src=\"https:\/\/itwgse.com\/wp-content\/themes\/mtt-standard-theme\/assets\/img\/cover\/itwgse_cut.svg\">\t<\/div>\n    <div class=\"mtt-cover-compact-background object-fit\">\n                    <img decoding=\"async\"\n                src=\"https:\/\/itwgse.com\/wp-content\/uploads\/2018\/03\/Aarhus-Airport-DK-ITW-GSE-2400-Compact-GPU-4-scaled.jpg\"\n                alt=\"\"\n                data-skip-lazy\n            >\n                            <\/div>\n    <div class=\"mtt-cover-compact-container\">\n        <div class=\"mtt-cover-section-text\">\n            <h1>Convertidores de 400 Hz<\/h1>\n                                <div class=\"text\"><p>Por qu\u00e9 son esenciales los convertidores de 400 Hz Ground Support Equipment<\/p>\n<\/div>\n                            <\/div>\n    <\/div>\n<\/div>\n<\/div><\/div><div id=\"panel-45455-0-0-1\" class=\"so-panel widget widget_mtt-one-col-text\" data-index=\"1\" ><div\n\t\t\t\n\t\t\tclass=\"so-widget-mtt-one-col-text so-widget-mtt-one-col-text-base\"\n\t\t\t\n\t\t>\n<div class=\"mtt-two-col-wrapper\">\n    <div class=\"mtt-two-col-container\">\n        <div class=\"mtt-two-col-content formatted_content has-title-one\">\n\t\t\t                <h2>\u00bfQu\u00e9 es un convertidor de 400 Hz?<\/h2>\n                        <div class=\"text-section one-col\">\n                <p>El <a href=\"https:\/\/itwgse.com\/products\/power\/itw-gse-2400-compact-gpu\/\">convertidor de 400 Hz<\/a> es una fuente de energ\u00eda externa, una GPU que suministra energ\u00eda a las aeronaves mientras \u00e9stas est\u00e1n en tierra.<\/p>\n<p>El objetivo de una unidad de este tipo es convertir la tensi\u00f3n de 50\/60 Hz procedente de la compa\u00f1\u00eda el\u00e9ctrica en una tensi\u00f3n de 400 Hz.<\/p>\n<p><strong>\u00bfPor qu\u00e9 400 Hz?<\/strong> Para ahorrar peso y espacio a bordo del avi\u00f3n.<br>Cuanto m\u00e1s alta sea la frecuencia, m\u00e1s peque\u00f1os y ligeros pueden ser los cables, transformadores, etc. - m\u00e1s espacio para transportar pasajeros o carga o...<\/p>\n            <\/div>\n\n            \n                        <\/div>\n    <\/div>\n<\/div>\n<\/div><\/div><div id=\"panel-45455-0-0-2\" class=\"so-panel widget widget_mtt-text-image\" data-index=\"2\" ><div\n\t\t\t\n\t\t\tclass=\"so-widget-mtt-text-image so-widget-mtt-text-image-base\"\n\t\t\t\n\t\t>\n<div class=\"mtt-text-image-wrap no-top-padding no-bottom-padding\">\n        <!-- Content -->\n    <div class=\"mtt-text-image-container\">\n        <div class=\"mtt-text-image-col\">\n            <div class=\"mtt-text-image-content formatted_content\">\n                                <h2>\u00bfPor qu\u00e9 son importantes los convertidores de 400 Hz?<\/h2>\n                <p>400 Hz es la frecuencia est\u00e1ndar para los equipos de a bordo de los aviones.<br \/>Durante el vuelo, los aviones utilizan sus propios motores, conectados a generadores, que generan la energ\u00eda de 400 Hz para mantener en funcionamiento los sistemas el\u00e9ctricos y los equipos de a bordo.<\/p>\n<p>Sin embargo, durante las maniobras, los motores de los aviones se apagan para limitar el ruido y las emisiones en la plataforma. Por lo tanto, la fuente de alimentaci\u00f3n debe proceder de una fuente externa. <\/p>\n\n                            <\/div>\n        <\/div>\n                    <div class=\"mtt-text-image-col img center\">\n                <div class=\"mtt-text-image-content\">\n                    <img decoding=\"async\" width=\"1824\" height=\"1368\" src=\"https:\/\/itwgse.com\/wp-content\/uploads\/2018\/03\/ITW-GSE-2400_Mobile-2-1.png\" class=\"attachment-full size-full\" alt=\"mobile 2400 GPU from ITW SGE\" srcset=\"https:\/\/itwgse.com\/wp-content\/uploads\/2018\/03\/ITW-GSE-2400_Mobile-2-1.png 1824w, https:\/\/itwgse.com\/wp-content\/uploads\/2018\/03\/ITW-GSE-2400_Mobile-2-1-300x225.png 300w, https:\/\/itwgse.com\/wp-content\/uploads\/2018\/03\/ITW-GSE-2400_Mobile-2-1-1024x768.png 1024w, https:\/\/itwgse.com\/wp-content\/uploads\/2018\/03\/ITW-GSE-2400_Mobile-2-1-768x576.png 768w, https:\/\/itwgse.com\/wp-content\/uploads\/2018\/03\/ITW-GSE-2400_Mobile-2-1-1536x1152.png 1536w, https:\/\/itwgse.com\/wp-content\/uploads\/2018\/03\/ITW-GSE-2400_Mobile-2-1-600x450.png 600w, https:\/\/itwgse.com\/wp-content\/uploads\/2018\/03\/ITW-GSE-2400_Mobile-2-1-400x300.png 400w, https:\/\/itwgse.com\/wp-content\/uploads\/2018\/03\/ITW-GSE-2400_Mobile-2-1-289x217.png 289w\" sizes=\"(max-width: 1824px) 100vw, 1824px\" \/>                \n                    \n                    \n                <\/div>\n            <\/div>\n            <\/div>\n<\/div>\n\n<script>\nfunction sendEvent(action, element) {\n    var videoTitle = jQuery(element).data('title');  \n\n    if (dataLayer && videoTitle) {\n        dataLayer.push({\n            'event': 'video',\n            'eventCategory': 'Video',\n            'eventAction': action,\n            'eventLabel': videoTitle\n        });\n    }\n    else if (ga && videoTitle) {\n        ga('send', 'event', 'Video', action, videoTitle);\n    }  \n}\n<\/script>\n<\/div><\/div><div id=\"panel-45455-0-0-3\" class=\"so-panel widget widget_mtt-text-image panel-last-child\" data-index=\"3\" ><div\n\t\t\t\n\t\t\tclass=\"so-widget-mtt-text-image so-widget-mtt-text-image-base\"\n\t\t\t\n\t\t>\n<div class=\"mtt-text-image-wrap flip no-top-padding no-bottom-padding\">\n        <!-- Content -->\n    <div class=\"mtt-text-image-container\">\n        <div class=\"mtt-text-image-col\">\n            <div class=\"mtt-text-image-content formatted_content\">\n                                <h2>\u00bfC\u00f3mo adquiero un convertidor de 400 Hz?<\/h2>\n                <p>Si buscas un convertidor de 400 Hz, ponte <a href=\"https:\/\/itwgse.com\/our-team\/\">en contacto con nosotros<\/a>.<\/p>\n<p>Disponemos de una gama completa de GPU de <a href=\"https:\/\/itwgse.com\/products\/power\/itw-gse-2400-compact-gpu\/\" target=\"_blank\" rel=\"noopener\">estado s\u00f3lido<\/a> y <a href=\"https:\/\/itwgse.com\/products\/power\/itw-gse-7400-egpu\/\" target=\"_blank\" rel=\"noopener\">alimentadas por bater\u00eda<\/a>.<\/p>\n<p>Haz clic aqu\u00ed para <a href=\"https:\/\/itwgse.com\/ground-power-units\/\" target=\"_blank\" rel=\"noopener\">ver un resumen completo de los convertidores de 400 Hz<\/a>.<\/p>\n\n                                    <div class=\"button-wrap\">\n                                                    <a href=\"https:\/\/itwgse.com\/our-team\/\" class=\"button\">\n                                Contacta con nosotros                            <\/a>\n                                            <\/div>\n                            <\/div>\n        <\/div>\n                    <div class=\"mtt-text-image-col img center\">\n                <div class=\"mtt-text-image-content\">\n                    <img decoding=\"async\" width=\"1056\" height=\"972\" src=\"https:\/\/itwgse.com\/wp-content\/uploads\/2019\/08\/ITW-GSE-2400_PowerCoilWithoutBridge.png\" class=\"attachment-full size-full\" alt=\"itwgse, itw-gse, itw_gse, itw gse, itw.gse, itwgsepowercoil, itwgse2400powercoil, itw-gse-2400-power-coil, 2400-power-coil,\" srcset=\"https:\/\/itwgse.com\/wp-content\/uploads\/2019\/08\/ITW-GSE-2400_PowerCoilWithoutBridge.png 1056w, https:\/\/itwgse.com\/wp-content\/uploads\/2019\/08\/ITW-GSE-2400_PowerCoilWithoutBridge-300x276.png 300w, https:\/\/itwgse.com\/wp-content\/uploads\/2019\/08\/ITW-GSE-2400_PowerCoilWithoutBridge-1024x943.png 1024w, https:\/\/itwgse.com\/wp-content\/uploads\/2019\/08\/ITW-GSE-2400_PowerCoilWithoutBridge-150x138.png 150w, https:\/\/itwgse.com\/wp-content\/uploads\/2019\/08\/ITW-GSE-2400_PowerCoilWithoutBridge-360x331.png 360w\" sizes=\"(max-width: 1056px) 100vw, 1056px\" \/>                \n                    \n                    \n                <\/div>\n            <\/div>\n            <\/div>\n<\/div>\n\n<script>\nfunction sendEvent(action, element) {\n    var videoTitle = jQuery(element).data('title');  \n\n    if (dataLayer && videoTitle) {\n        dataLayer.push({\n            'event': 'video',\n            'eventCategory': 'Video',\n            'eventAction': action,\n            'eventLabel': videoTitle\n        });\n    }\n    else if (ga && videoTitle) {\n        ga('send', 'event', 'Video', action, videoTitle);\n    }  \n}\n<\/script>\n<\/div><\/div><\/div><\/div><\/div>","protected":false},"excerpt":{"rendered":"<p>Convertidores de 400 Hz Por qu\u00e9 son esenciales los convertidores de 400 Hz Ground Support Equipment \u00bfQu\u00e9 es un convertidor de 400 Hz? El&#8230;<\/p>\n","protected":false},"author":11,"featured_media":14726,"parent":0,"menu_order":161,"comment_status":"closed","ping_status":"closed","template":"","meta":{"_acf_changed":false,"_relevanssi_hide_post":"","_relevanssi_hide_content":"","_relevanssi_pin_for_all":"","_relevanssi_pin_keywords":"","_relevanssi_unpin_keywords":"","_relevanssi_related_keywords":"","_relevanssi_related_include_ids":"","_relevanssi_related_exclude_ids":"","_relevanssi_related_no_append":"","_relevanssi_related_not_related":"","_relevanssi_related_posts":"","_relevanssi_noindex_reason":"","footnotes":""},"class_list":["post-45455","page","type-page","status-publish","has-post-thumbnail","hentry"],"acf":[],"yoast_head":"<!-- This site is optimized with the Yoast SEO plugin v27.0 - https:\/\/yoast.com\/product\/yoast-seo-wordpress\/ -->\n<title>Convertidores de 400 Hz | Ahorra peso y espacio a bordo del avi\u00f3n | ITW GSE<\/title>\n<meta name=\"description\" content=\"El convertidor de 400 Hz es una fuente de energ\u00eda externa, una GPU que suministra energ\u00eda a las aeronaves mientras \u00e9stas est\u00e1n en tierra.\" \/>\n<meta name=\"robots\" content=\"index, follow, max-snippet:-1, max-image-preview:large, max-video-preview:-1\" \/>\n<link rel=\"canonical\" href=\"https:\/\/itwgse.com\/es\/convertidores-de-400-hz\/\" \/>\n<meta property=\"og:locale\" content=\"es_ES\" \/>\n<meta property=\"og:type\" content=\"article\" \/>\n<meta property=\"og:title\" content=\"Convertidores de 400 Hz | Ahorra peso y espacio a bordo del avi\u00f3n | ITW GSE\" \/>\n<meta property=\"og:description\" content=\"El convertidor de 400 Hz es una fuente de energ\u00eda externa, una GPU que suministra energ\u00eda a las aeronaves mientras \u00e9stas est\u00e1n en tierra.\" \/>\n<meta property=\"og:url\" content=\"https:\/\/itwgse.com\/es\/convertidores-de-400-hz\/\" \/>\n<meta property=\"og:site_name\" content=\"ITW GSE\" \/>\n<meta property=\"article:publisher\" content=\"https:\/\/www.facebook.com\/ITWGSE\/\" \/>\n<meta property=\"og:image\" content=\"https:\/\/itwgse.com\/wp-content\/uploads\/2018\/03\/ITW-GSE-2400_Mobile-2-1.png\" \/>\n\t<meta property=\"og:image:width\" content=\"1824\" \/>\n\t<meta property=\"og:image:height\" content=\"1368\" \/>\n\t<meta property=\"og:image:type\" content=\"image\/png\" \/>\n<meta name=\"twitter:card\" content=\"summary_large_image\" \/>\n<script type=\"application\/ld+json\" class=\"yoast-schema-graph\">{\"@context\":\"https:\/\/schema.org\",\"@graph\":[{\"@type\":\"WebPage\",\"@id\":\"https:\/\/itwgse.com\/es\/convertidores-de-400-hz\/\",\"url\":\"https:\/\/itwgse.com\/es\/convertidores-de-400-hz\/\",\"name\":\"Convertidores de 400 Hz | Ahorra peso y espacio a bordo del avi\u00f3n | ITW GSE\",\"isPartOf\":{\"@id\":\"https:\/\/itwgse.com\/#website\"},\"primaryImageOfPage\":{\"@id\":\"https:\/\/itwgse.com\/es\/convertidores-de-400-hz\/#primaryimage\"},\"image\":{\"@id\":\"https:\/\/itwgse.com\/es\/convertidores-de-400-hz\/#primaryimage\"},\"thumbnailUrl\":\"https:\/\/itwgse.com\/wp-content\/uploads\/2018\/03\/ITW-GSE-2400_Mobile-2-1.png\",\"datePublished\":\"2026-03-18T14:33:43+00:00\",\"description\":\"El convertidor de 400 Hz es una fuente de energ\u00eda externa, una GPU que suministra energ\u00eda a las aeronaves mientras \u00e9stas est\u00e1n en tierra.\",\"breadcrumb\":{\"@id\":\"https:\/\/itwgse.com\/es\/convertidores-de-400-hz\/#breadcrumb\"},\"inLanguage\":\"es\",\"potentialAction\":[{\"@type\":\"ReadAction\",\"target\":[\"https:\/\/itwgse.com\/es\/convertidores-de-400-hz\/\"]}]},{\"@type\":\"ImageObject\",\"inLanguage\":\"es\",\"@id\":\"https:\/\/itwgse.com\/es\/convertidores-de-400-hz\/#primaryimage\",\"url\":\"https:\/\/itwgse.com\/wp-content\/uploads\/2018\/03\/ITW-GSE-2400_Mobile-2-1.png\",\"contentUrl\":\"https:\/\/itwgse.com\/wp-content\/uploads\/2018\/03\/ITW-GSE-2400_Mobile-2-1.png\",\"width\":1824,\"height\":1368,\"caption\":\"GPU m\u00f3vil 2400 de ITW SGE\"},{\"@type\":\"BreadcrumbList\",\"@id\":\"https:\/\/itwgse.com\/es\/convertidores-de-400-hz\/#breadcrumb\",\"itemListElement\":[{\"@type\":\"ListItem\",\"position\":1,\"name\":\"Home\",\"item\":\"https:\/\/itwgse.com\/es\/home\/\"},{\"@type\":\"ListItem\",\"position\":2,\"name\":\"Convertidores de 400 Hz\"}]},{\"@type\":\"WebSite\",\"@id\":\"https:\/\/itwgse.com\/#website\",\"url\":\"https:\/\/itwgse.com\/\",\"name\":\"ITW GSE\",\"description\":\"It&#039;s all about connections\",\"publisher\":{\"@id\":\"https:\/\/itwgse.com\/#organization\"},\"potentialAction\":[{\"@type\":\"SearchAction\",\"target\":{\"@type\":\"EntryPoint\",\"urlTemplate\":\"https:\/\/itwgse.com\/?s={search_term_string}\"},\"query-input\":{\"@type\":\"PropertyValueSpecification\",\"valueRequired\":true,\"valueName\":\"search_term_string\"}}],\"inLanguage\":\"es\"},{\"@type\":\"Organization\",\"@id\":\"https:\/\/itwgse.com\/#organization\",\"name\":\"ITW GSE\",\"url\":\"https:\/\/itwgse.com\/\",\"logo\":{\"@type\":\"ImageObject\",\"inLanguage\":\"es\",\"@id\":\"https:\/\/itwgse.com\/#\/schema\/logo\/image\/\",\"url\":\"https:\/\/itwgse.com\/wp-content\/uploads\/2018\/11\/logo.png\",\"contentUrl\":\"https:\/\/itwgse.com\/wp-content\/uploads\/2018\/11\/logo.png\",\"width\":302,\"height\":237,\"caption\":\"ITW GSE\"},\"image\":{\"@id\":\"https:\/\/itwgse.com\/#\/schema\/logo\/image\/\"},\"sameAs\":[\"https:\/\/www.facebook.com\/ITWGSE\/\",\"https:\/\/www.linkedin.com\/company\/itw-gse\/\",\"https:\/\/www.youtube.com\/channel\/UCTUIMvyaOPfYIqzP8enZ8yw\"]}]}<\/script>\n<!-- \/ Yoast SEO plugin. -->","yoast_head_json":{"title":"Convertidores de 400 Hz | Ahorra peso y espacio a bordo del avi\u00f3n | ITW GSE","description":"El convertidor de 400 Hz es una fuente de energ\u00eda externa, una GPU que suministra energ\u00eda a las aeronaves mientras \u00e9stas est\u00e1n en tierra.","robots":{"index":"index","follow":"follow","max-snippet":"max-snippet:-1","max-image-preview":"max-image-preview:large","max-video-preview":"max-video-preview:-1"},"canonical":"https:\/\/itwgse.com\/es\/convertidores-de-400-hz\/","og_locale":"es_ES","og_type":"article","og_title":"Convertidores de 400 Hz | Ahorra peso y espacio a bordo del avi\u00f3n | ITW GSE","og_description":"El convertidor de 400 Hz es una fuente de energ\u00eda externa, una GPU que suministra energ\u00eda a las aeronaves mientras \u00e9stas est\u00e1n en tierra.","og_url":"https:\/\/itwgse.com\/es\/convertidores-de-400-hz\/","og_site_name":"ITW GSE","article_publisher":"https:\/\/www.facebook.com\/ITWGSE\/","og_image":[{"width":1824,"height":1368,"url":"https:\/\/itwgse.com\/wp-content\/uploads\/2018\/03\/ITW-GSE-2400_Mobile-2-1.png","type":"image\/png"}],"twitter_card":"summary_large_image","schema":{"@context":"https:\/\/schema.org","@graph":[{"@type":"WebPage","@id":"https:\/\/itwgse.com\/es\/convertidores-de-400-hz\/","url":"https:\/\/itwgse.com\/es\/convertidores-de-400-hz\/","name":"Convertidores de 400 Hz | Ahorra peso y espacio a bordo del avi\u00f3n | ITW GSE","isPartOf":{"@id":"https:\/\/itwgse.com\/#website"},"primaryImageOfPage":{"@id":"https:\/\/itwgse.com\/es\/convertidores-de-400-hz\/#primaryimage"},"image":{"@id":"https:\/\/itwgse.com\/es\/convertidores-de-400-hz\/#primaryimage"},"thumbnailUrl":"https:\/\/itwgse.com\/wp-content\/uploads\/2018\/03\/ITW-GSE-2400_Mobile-2-1.png","datePublished":"2026-03-18T14:33:43+00:00","description":"El convertidor de 400 Hz es una fuente de energ\u00eda externa, una GPU que suministra energ\u00eda a las aeronaves mientras \u00e9stas est\u00e1n en tierra.","breadcrumb":{"@id":"https:\/\/itwgse.com\/es\/convertidores-de-400-hz\/#breadcrumb"},"inLanguage":"es","potentialAction":[{"@type":"ReadAction","target":["https:\/\/itwgse.com\/es\/convertidores-de-400-hz\/"]}]},{"@type":"ImageObject","inLanguage":"es","@id":"https:\/\/itwgse.com\/es\/convertidores-de-400-hz\/#primaryimage","url":"https:\/\/itwgse.com\/wp-content\/uploads\/2018\/03\/ITW-GSE-2400_Mobile-2-1.png","contentUrl":"https:\/\/itwgse.com\/wp-content\/uploads\/2018\/03\/ITW-GSE-2400_Mobile-2-1.png","width":1824,"height":1368,"caption":"GPU m\u00f3vil 2400 de ITW SGE"},{"@type":"BreadcrumbList","@id":"https:\/\/itwgse.com\/es\/convertidores-de-400-hz\/#breadcrumb","itemListElement":[{"@type":"ListItem","position":1,"name":"Home","item":"https:\/\/itwgse.com\/es\/home\/"},{"@type":"ListItem","position":2,"name":"Convertidores de 400 Hz"}]},{"@type":"WebSite","@id":"https:\/\/itwgse.com\/#website","url":"https:\/\/itwgse.com\/","name":"ITW GSE","description":"It&#039;s all about connections","publisher":{"@id":"https:\/\/itwgse.com\/#organization"},"potentialAction":[{"@type":"SearchAction","target":{"@type":"EntryPoint","urlTemplate":"https:\/\/itwgse.com\/?s={search_term_string}"},"query-input":{"@type":"PropertyValueSpecification","valueRequired":true,"valueName":"search_term_string"}}],"inLanguage":"es"},{"@type":"Organization","@id":"https:\/\/itwgse.com\/#organization","name":"ITW GSE","url":"https:\/\/itwgse.com\/","logo":{"@type":"ImageObject","inLanguage":"es","@id":"https:\/\/itwgse.com\/#\/schema\/logo\/image\/","url":"https:\/\/itwgse.com\/wp-content\/uploads\/2018\/11\/logo.png","contentUrl":"https:\/\/itwgse.com\/wp-content\/uploads\/2018\/11\/logo.png","width":302,"height":237,"caption":"ITW GSE"},"image":{"@id":"https:\/\/itwgse.com\/#\/schema\/logo\/image\/"},"sameAs":["https:\/\/www.facebook.com\/ITWGSE\/","https:\/\/www.linkedin.com\/company\/itw-gse\/","https:\/\/www.youtube.com\/channel\/UCTUIMvyaOPfYIqzP8enZ8yw"]}]}},"_links":{"self":[{"href":"https:\/\/itwgse.com\/es\/wp-json\/wp\/v2\/pages\/45455","targetHints":{"allow":["GET"]}}],"collection":[{"href":"https:\/\/itwgse.com\/es\/wp-json\/wp\/v2\/pages"}],"about":[{"href":"https:\/\/itwgse.com\/es\/wp-json\/wp\/v2\/types\/page"}],"author":[{"embeddable":true,"href":"https:\/\/itwgse.com\/es\/wp-json\/wp\/v2\/users\/11"}],"replies":[{"embeddable":true,"href":"https:\/\/itwgse.com\/es\/wp-json\/wp\/v2\/comments?post=45455"}],"version-history":[{"count":0,"href":"https:\/\/itwgse.com\/es\/wp-json\/wp\/v2\/pages\/45455\/revisions"}],"wp:featuredmedia":[{"embeddable":true,"href":"https:\/\/itwgse.com\/es\/wp-json\/wp\/v2\/media\/14726"}],"wp:attachment":[{"href":"https:\/\/itwgse.com\/es\/wp-json\/wp\/v2\/media?parent=45455"}],"curies":[{"name":"wp","href":"https:\/\/api.w.org\/{rel}","templated":true}]}}