{"id":45624,"date":"2026-04-13T16:42:50","date_gmt":"2026-04-13T14:42:50","guid":{"rendered":"https:\/\/itwgse.com\/egpu-para-la-aviacion\/top-gse-recomienda-la-itw-gse-7400-egpu-durante-la-fat\/"},"modified":"2026-04-13T16:42:50","modified_gmt":"2026-04-13T14:42:50","slug":"top-gse-recomienda-la-itw-gse-7400-egpu-durante-la-fat","status":"publish","type":"page","link":"https:\/\/itwgse.com\/es\/egpu-para-la-aviacion\/top-gse-recomienda-la-itw-gse-7400-egpu-durante-la-fat\/","title":{"rendered":"TOP GSE recomienda la ITW GSE 7400 eGPU durante la FAT"},"content":{"rendered":"<div id=\"pl-45624\"  class=\"panel-layout\" ><div id=\"pg-45624-0\"  class=\"panel-grid panel-no-style\" ><div id=\"pgc-45624-0-0\"  class=\"panel-grid-cell\" ><div id=\"panel-45624-0-0-0\" class=\"so-panel widget widget_mtt-cover-section panel-first-child\" data-index=\"0\" ><div\n\t\t\t\n\t\t\tclass=\"so-widget-mtt-cover-section so-widget-mtt-cover-section-base\"\n\t\t\t\n\t\t>\n<div class=\"mtt-cover-section-wrap compact extra-small\">\n\t<div class=\"mtt-cover-curve\">\n\t\t<img decoding=\"async\"  src=\"https:\/\/itwgse.com\/wp-content\/themes\/mtt-standard-theme\/assets\/img\/cover\/itwgse_cut.svg\">\t<\/div>\n    <div class=\"mtt-cover-compact-background object-fit\">\n                    <img decoding=\"async\"\n                src=\"https:\/\/itwgse.com\/wp-content\/uploads\/2021\/12\/IMG_5150-scaled.jpg\"\n                alt=\"\"\n                data-skip-lazy\n            >\n                            <\/div>\n    <div class=\"mtt-cover-compact-container\">\n        <div class=\"mtt-cover-section-text no-max-width\">\n            <h1>TOP GSE recomienda la 7400 eGPU durante la FAT<\/h1>\n                                <div class=\"text\"><p>Durante una Prueba de Aceptaci\u00f3n en F\u00e1brica en nuestras instalaciones, TOP GSE prob\u00f3 y aprob\u00f3 la 7400 eGPU accionada por bater\u00eda, estableciendo una nueva norma para las operaciones en tierra m\u00e1s limpias en Espa\u00f1a.<\/p>\n<\/div>\n                            <\/div>\n    <\/div>\n<\/div>\n<\/div><\/div><div id=\"panel-45624-0-0-1\" class=\"so-panel widget widget_mtt-text-image\" data-index=\"1\" ><div\n\t\t\t\n\t\t\tclass=\"so-widget-mtt-text-image so-widget-mtt-text-image-base\"\n\t\t\t\n\t\t>\n<div class=\"mtt-text-image-wrap less-top-padding less-bottom-padding\">\n        <!-- Content -->\n    <div class=\"mtt-text-image-container\">\n        <div class=\"mtt-text-image-col\">\n            <div class=\"mtt-text-image-content formatted_content\">\n                                <h2>El testimonio de TOP GSE<\/h2>\n                <p>Durante una prueba de aceptaci\u00f3n en f\u00e1brica en nuestras instalaciones de Odense (Dinamarca), Mateo Salamanca, Director General de TOP GSE, prob\u00f3 la <a href=\"https:\/\/itwgse.com\/products\/power\/itw-gse-7400-egpu\/\">7400 eGPU alimentada por bater\u00eda<\/a> junto con nuestro equipo.<\/p>\n<p>En este v\u00eddeo, comparte por qu\u00e9 la 7400 eGPU le impresion\u00f3, destacando tanto el ahorro operativo como las ventajas medioambientales que favorecen unas operaciones de asistencia en tierra m\u00e1s limpias.<\/p>\n\n                            <\/div>\n        <\/div>\n                    <div class=\"mtt-text-image-col video\">\n                <div class=\"mtt-text-image-content\">\n                                    \n                    \n                        <div class=\"mtt-text-image-video-wrap\">\n                            <div class=\"mtt-text-image-video-container\">\n                                <video preload=\"auto\" controls data-title=\"TOP GSE ITW GSE 7400 &#8211; English\" onpause=\"sendEvent('Pause', this)\" onplay=\"sendEvent('Play', this)\" onended=\"sendEvent('Ended', this)\">\n                                    <source type=\"video\/mp4\" src=\"https:\/\/itwgse.com\/wp-content\/uploads\/2020\/01\/TOP-GSE-ITW-GSE-7400-English.mp4#t=0.1\">\n                                <\/video>\n                            <\/div>\n                        <\/div>\n\n                    \n                <\/div>\n            <\/div>\n            <\/div>\n<\/div>\n\n<script>\nfunction sendEvent(action, element) {\n    var videoTitle = jQuery(element).data('title');  \n\n    if (dataLayer && videoTitle) {\n        dataLayer.push({\n            'event': 'video',\n            'eventCategory': 'Video',\n            'eventAction': action,\n            'eventLabel': videoTitle\n        });\n    }\n    else if (ga && videoTitle) {\n        ga('send', 'event', 'Video', action, videoTitle);\n    }  \n}\n<\/script>\n<\/div><\/div><div id=\"panel-45624-0-0-2\" class=\"so-panel widget widget_mtt-text\" data-index=\"2\" ><div class=\"panel-widget-style panel-widget-style-for-45624-0-0-2\" ><div\n\t\t\t\n\t\t\tclass=\"so-widget-mtt-text so-widget-mtt-text-base\"\n\t\t\t\n\t\t>\n<div class=\"mtt-text-wrapper\">\n    <div class=\"mtt-text-container\">\n        <div class=\"mtt-text-content\">\n                        <div class=\"text-section formatted_content\">\n                <p style=\"text-align: center; color: #fff;\"><em>\"<\/em><em>Las principales ventajas de esta unidad no son s\u00f3lo el ahorro directo en costes de funcionamiento, sino sobre todo la reducci\u00f3n a cero de las emisiones de CO\u2082.<\/em><br \/><em>Recomendamos encarecidamente el uso de esta unidad porque todos nos merecemos un mundo mejor.\"<\/em><br \/><em><br \/>- <strong>Mateo Salamanca, Director General de TOP GSE<\/strong><\/em><\/p>\n            <\/div>\n        <\/div>\n    <\/div>\n<\/div><\/div><\/div><\/div><div id=\"panel-45624-0-0-3\" class=\"so-panel widget widget_mtt-text-image\" data-index=\"3\" ><div\n\t\t\t\n\t\t\tclass=\"so-widget-mtt-text-image so-widget-mtt-text-image-base\"\n\t\t\t\n\t\t>\n<div class=\"mtt-text-image-wrap less-top-padding less-bottom-padding\">\n        <!-- Content -->\n    <div class=\"mtt-text-image-container\">\n        <div class=\"mtt-text-image-col\">\n            <div class=\"mtt-text-image-content formatted_content\">\n                                <h2>La soluci\u00f3n ITW GSE<\/h2>\n                <p>La <a href=\"https:\/\/itwgse.com\/products\/power\/itw-gse-7400-egpu\/\">ITW GSE 7400 eGPU<\/a> es una unidad de alimentaci\u00f3n terrestre alimentada por bater\u00eda que suministra energ\u00eda fiable a 400 Hz sin utilizar combustibles f\u00f3siles.<br \/>Ayuda a los aeropuertos y a las empresas de handling a reducir el consumo de combustible, disminuir las emisiones y simplificar el mantenimiento, todo ello manteniendo el rendimiento de las GPU tradicionales.<\/p>\n<p><strong>El resultado:<\/strong><\/p>\n<ul>\n<li><strong>Rendimiento verificado:<\/strong> Probado y aprobado con \u00e9xito durante la FAT en las instalaciones de ITW GSE en Dinamarca.<\/li>\n<li><strong>Costes de funcionamiento reducidos:<\/strong> El funcionamiento con bater\u00eda proporciona un ahorro directo en comparaci\u00f3n con las unidades di\u00e9sel.<\/li>\n<li><strong>Operaciones en tierra m\u00e1s limpias:<\/strong> Apoya la transici\u00f3n hacia la reducci\u00f3n de las emisiones de CO\u2082 en los entornos aeroportuarios.<\/li>\n<li><strong>Fiabilidad probada:<\/strong> Dise\u00f1ado para el uso diario en operaciones comerciales de asistencia en tierra.<\/li>\n<\/ul>\n\n                            <\/div>\n        <\/div>\n                    <div class=\"mtt-text-image-col video\">\n                <div class=\"mtt-text-image-content\">\n                                    \n                    \n                        <div class=\"mtt-text-image-video-wrap\">\n                            <div class=\"mtt-text-image-video-container\">\n                                <video preload=\"auto\" controls data-title=\"ITW GSE 7400 eGPU film_PowerPoint_subs\" onpause=\"sendEvent('Pause', this)\" onplay=\"sendEvent('Play', this)\" onended=\"sendEvent('Ended', this)\">\n                                    <source type=\"video\/mp4\" src=\"https:\/\/itwgse.com\/wp-content\/uploads\/2025\/09\/ITW-GSE-7400-eGPU-film_PowerPoint_subs.mp4#t=0.1\">\n                                <\/video>\n                            <\/div>\n                        <\/div>\n\n                    \n                <\/div>\n            <\/div>\n            <\/div>\n<\/div>\n\n<script>\nfunction sendEvent(action, element) {\n    var videoTitle = jQuery(element).data('title');  \n\n    if (dataLayer && videoTitle) {\n        dataLayer.push({\n            'event': 'video',\n            'eventCategory': 'Video',\n            'eventAction': action,\n            'eventLabel': videoTitle\n        });\n    }\n    else if (ga && videoTitle) {\n        ga('send', 'event', 'Video', action, videoTitle);\n    }  \n}\n<\/script>\n<\/div><\/div><div id=\"panel-45624-0-0-4\" class=\"so-panel widget widget_mtt-contact-form\" data-index=\"4\" ><div\n\t\t\t\n\t\t\tclass=\"so-widget-mtt-contact-form so-widget-mtt-contact-form-base\"\n\t\t\t\n\t\t>\n<div\n    class=\"mtt-cta-banner-wrapper mtt-contact-form-wrapper\"\n    >\n            <div class=\"cta-banner-background video\">\n                            \n                <video playsinline autoplay muted loop>\n                    <source src=\"\" type=\"\">\n                <\/video>\n                    <\/div>\n    \n            <div class=\"cta-banner-overlay\" style=\"background:#00b0eb;opacity:1\"><\/div>\n    \n    <div\n        class=\"mtt-contact-form-container mtt-cta-banner-container\"\n        data-layout=\"center\"\n    >\n        <div\n            class=\"cta-banner-content mtt-text-content\"\n        >\n                            <h2>POTENCIEMOS TU PR\u00d3XIMO PROYECTO<\/h2>\n                        <div class=\"text-section formatted_content\">\n                <p>Ponte en contacto con nuestro equipo y descubre c\u00f3mo las eGPU de ITW GSE pueden hacer que tus operaciones sean limpias, fiables y rentables.<\/p>\n            <\/div>\n        <\/div>\n        \n                    <div class=\"button-wrap\">\n                \n                                                                <button\n                            class=\"button open-modal button white button-margin\"\n                            data-id=\"8a9b6167-7f15-450f-8fcf-006b9ea0d0020\"\n                        >\n                            Ponte en contacto con nosotros                        <\/button>\n                                                                        <\/div>\n                \n    <\/div>\n<\/div>\n<\/div><\/div><div id=\"panel-45624-0-0-5\" class=\"so-panel widget widget_mtt-product-boxes panel-last-child\" data-index=\"5\" ><div\n\t\t\t\n\t\t\tclass=\"so-widget-mtt-product-boxes so-widget-mtt-product-boxes-base\"\n\t\t\t\n\t\t>\n<div class=\"mtt-product-boxes-wrap\">\n\t<div class=\"mtt-product-boxes-container mtt-product-boxes-container--per-row-3\">\n\t\t<div class=\"mtt-product-boxes-text\">\n\t\t\t<h2>Explora m\u00e1s<\/h2>\n\t\t\t<p>Obt\u00e9n m\u00e1s informaci\u00f3n sobre nuestras GPU de tierra accionadas por bater\u00edas y c\u00f3mo contribuyen a unas operaciones a\u00e9reas m\u00e1s limpias y eficientes en todo el mundo.<\/p>\n\t\t<\/div>\n\t\t<div class=\"mtt-product-boxes-grid mtt-product-boxes-grid--default mtt-product-boxes-grid--font-default\">\n\t\t\t\t\t\t\t<a href=\"https:\/\/itwgse.com\/products\/power\/itw-gse-7400-egpu\/\" class=\"mtt-product-box\">\n\t\t\t\t\t<div class=\"mtt-product-box-title\">\n\t\t\t\t\t\tITW GSE 7400 eGPU\t\t\t\t\t\t<svg class=\"icon\"><use xlink:href=\"#right-arrow\" \/><\/svg>\n\t\t\t\t\t<\/div>\n                                            <div class=\"mtt-product-box-image\">\n                            <div class=\"image\">\n                                <img src='https:\/\/itwgse.com\/wp-content\/uploads\/2018\/06\/ITW_GSE_7400_Mark_II_3d_flipped_pointing-right_okt2022-2-360x208.png' alt='7400 400 Hz May2024'>\n                            <\/div>\n                            <div class=\"shadow\"><\/div>\n                            <div class=\"badge\"><\/div>\n                        <\/div>\n                    \t\t\t\t\t\t\t\t\t\t<div class=\"mtt-product-box-arrow no-text\">\n\t\t\t\t\t\t\t\t\t\t\t\t<svg class=\"icon\"><use xlink:href=\"#right-arrow\" \/><\/svg>\n\t\t\t\t\t<\/div>\n\t\t\t\t<\/a>\n\t\t\t\t\t\t\t<a href=\"https:\/\/itwgse.com\/egpu-for-aviation\/\" class=\"mtt-product-box\">\n\t\t\t\t\t<div class=\"mtt-product-box-title\">\n\t\t\t\t\t\teGPU para la aviaci\u00f3n\t\t\t\t\t\t<svg class=\"icon\"><use xlink:href=\"#right-arrow\" \/><\/svg>\n\t\t\t\t\t<\/div>\n                                            <div class=\"mtt-product-box-image\">\n                            <div class=\"image\">\n                                <img src='https:\/\/itwgse.com\/wp-content\/uploads\/2018\/06\/14743_7400-series_WITH-kVAHzVDC-2-360x281.png' alt=''>\n                            <\/div>\n                            <div class=\"shadow\"><\/div>\n                            <div class=\"badge\"><\/div>\n                        <\/div>\n                    \t\t\t\t\t\t\t\t\t\t<div class=\"mtt-product-box-arrow no-text\">\n\t\t\t\t\t\t\t\t\t\t\t\t<svg class=\"icon\"><use xlink:href=\"#right-arrow\" \/><\/svg>\n\t\t\t\t\t<\/div>\n\t\t\t\t<\/a>\n\t\t\t\t\t\t\t<a href=\"https:\/\/itwgse.com\/products\/power\/itw-gse-7400-jetex-28-vdc-egpu\/\" class=\"mtt-product-box\">\n\t\t\t\t\t<div class=\"mtt-product-box-title\">\n\t\t\t\t\t\tITW GSE 7400 JetEx 28 VDC eGPU\t\t\t\t\t\t<svg class=\"icon\"><use xlink:href=\"#right-arrow\" \/><\/svg>\n\t\t\t\t\t<\/div>\n                                            <div class=\"mtt-product-box-image\">\n                            <div class=\"image\">\n                                <img src='https:\/\/itwgse.com\/wp-content\/uploads\/2019\/10\/7400_jetex_beacons-small-360x203.png' alt='itw gse, itwgse, itwgse 7400, itwgse 7400 jetex, battery driven gpu, aircraft gpu, airline gpu, hangar gpu, Ground Power Units'>\n                            <\/div>\n                            <div class=\"shadow\"><\/div>\n                            <div class=\"badge\"><\/div>\n                        <\/div>\n                    \t\t\t\t\t\t\t\t\t\t<div class=\"mtt-product-box-arrow no-text\">\n\t\t\t\t\t\t\t\t\t\t\t\t<svg class=\"icon\"><use xlink:href=\"#right-arrow\" \/><\/svg>\n\t\t\t\t\t<\/div>\n\t\t\t\t<\/a>\n\t\t\t\t\t<\/div>\n\t\t\t<\/div>\n<\/div>\n<\/div><\/div><\/div><\/div><\/div>","protected":false},"excerpt":{"rendered":"<p>TOP GSE recomienda la 7400 eGPU durante la FAT Durante una Prueba de Aceptaci\u00f3n en F\u00e1brica en nuestras instalaciones, TOP GSE prob\u00f3 y aprob\u00f3&#8230;<\/p>\n","protected":false},"author":1,"featured_media":0,"parent":45505,"menu_order":32,"comment_status":"closed","ping_status":"closed","template":"","meta":{"_acf_changed":false,"_relevanssi_hide_post":"","_relevanssi_hide_content":"","_relevanssi_pin_for_all":"","_relevanssi_pin_keywords":"","_relevanssi_unpin_keywords":"","_relevanssi_related_keywords":"","_relevanssi_related_include_ids":"","_relevanssi_related_exclude_ids":"","_relevanssi_related_no_append":"","_relevanssi_related_not_related":"","_relevanssi_related_posts":"","_relevanssi_noindex_reason":"","footnotes":""},"class_list":["post-45624","page","type-page","status-publish","hentry"],"acf":[],"yoast_head":"<!-- This site is optimized with the Yoast SEO plugin v27.0 - https:\/\/yoast.com\/product\/yoast-seo-wordpress\/ -->\n<title>TOP GSE recomienda la ITW GSE 7400 eGPU durante la FAT<\/title>\n<meta name=\"description\" content=\"Descubre c\u00f3mo TOP GSE prob\u00f3 y aprob\u00f3 la ITW GSE 7400 eGPU durante la FAT de Dinamarca, abriendo el camino a unas operaciones en tierra m\u00e1s limpias y eficientes en Espa\u00f1a.\" \/>\n<meta name=\"robots\" content=\"index, follow, max-snippet:-1, max-image-preview:large, max-video-preview:-1\" \/>\n<link rel=\"canonical\" href=\"https:\/\/itwgse.com\/es\/egpu-para-la-aviacion\/top-gse-recomienda-la-itw-gse-7400-egpu-durante-la-fat\/\" \/>\n<meta property=\"og:locale\" content=\"es_ES\" \/>\n<meta property=\"og:type\" content=\"article\" \/>\n<meta property=\"og:title\" content=\"TOP GSE recomienda la ITW GSE 7400 eGPU durante la FAT\" \/>\n<meta property=\"og:description\" content=\"Descubre c\u00f3mo TOP GSE prob\u00f3 y aprob\u00f3 la ITW GSE 7400 eGPU durante la FAT de Dinamarca, abriendo el camino a unas operaciones en tierra m\u00e1s limpias y eficientes en Espa\u00f1a.\" \/>\n<meta property=\"og:url\" content=\"https:\/\/itwgse.com\/es\/egpu-para-la-aviacion\/top-gse-recomienda-la-itw-gse-7400-egpu-durante-la-fat\/\" \/>\n<meta property=\"og:site_name\" content=\"ITW GSE\" \/>\n<meta property=\"article:publisher\" content=\"https:\/\/www.facebook.com\/ITWGSE\/\" \/>\n<meta name=\"twitter:card\" content=\"summary_large_image\" \/>\n<script type=\"application\/ld+json\" class=\"yoast-schema-graph\">{\"@context\":\"https:\/\/schema.org\",\"@graph\":[{\"@type\":\"WebPage\",\"@id\":\"https:\/\/itwgse.com\/es\/egpu-para-la-aviacion\/top-gse-recomienda-la-itw-gse-7400-egpu-durante-la-fat\/\",\"url\":\"https:\/\/itwgse.com\/es\/egpu-para-la-aviacion\/top-gse-recomienda-la-itw-gse-7400-egpu-durante-la-fat\/\",\"name\":\"TOP GSE recomienda la ITW GSE 7400 eGPU durante la FAT\",\"isPartOf\":{\"@id\":\"https:\/\/itwgse.com\/#website\"},\"datePublished\":\"2026-04-13T14:42:50+00:00\",\"description\":\"Descubre c\u00f3mo TOP GSE prob\u00f3 y aprob\u00f3 la ITW GSE 7400 eGPU durante la FAT de Dinamarca, abriendo el camino a unas operaciones en tierra m\u00e1s limpias y eficientes en Espa\u00f1a.\",\"breadcrumb\":{\"@id\":\"https:\/\/itwgse.com\/es\/egpu-para-la-aviacion\/top-gse-recomienda-la-itw-gse-7400-egpu-durante-la-fat\/#breadcrumb\"},\"inLanguage\":\"es\",\"potentialAction\":[{\"@type\":\"ReadAction\",\"target\":[\"https:\/\/itwgse.com\/es\/egpu-para-la-aviacion\/top-gse-recomienda-la-itw-gse-7400-egpu-durante-la-fat\/\"]}]},{\"@type\":\"BreadcrumbList\",\"@id\":\"https:\/\/itwgse.com\/es\/egpu-para-la-aviacion\/top-gse-recomienda-la-itw-gse-7400-egpu-durante-la-fat\/#breadcrumb\",\"itemListElement\":[{\"@type\":\"ListItem\",\"position\":1,\"name\":\"Home\",\"item\":\"https:\/\/itwgse.com\/es\/home\/\"},{\"@type\":\"ListItem\",\"position\":2,\"name\":\"eGPU para la aviaci\u00f3n\",\"item\":\"https:\/\/itwgse.com\/es\/egpu-para-la-aviacion\/\"},{\"@type\":\"ListItem\",\"position\":3,\"name\":\"TOP GSE recomienda la ITW GSE 7400 eGPU durante la FAT\"}]},{\"@type\":\"WebSite\",\"@id\":\"https:\/\/itwgse.com\/#website\",\"url\":\"https:\/\/itwgse.com\/\",\"name\":\"ITW GSE\",\"description\":\"It&#039;s all about connections\",\"publisher\":{\"@id\":\"https:\/\/itwgse.com\/#organization\"},\"potentialAction\":[{\"@type\":\"SearchAction\",\"target\":{\"@type\":\"EntryPoint\",\"urlTemplate\":\"https:\/\/itwgse.com\/?s={search_term_string}\"},\"query-input\":{\"@type\":\"PropertyValueSpecification\",\"valueRequired\":true,\"valueName\":\"search_term_string\"}}],\"inLanguage\":\"es\"},{\"@type\":\"Organization\",\"@id\":\"https:\/\/itwgse.com\/#organization\",\"name\":\"ITW GSE\",\"url\":\"https:\/\/itwgse.com\/\",\"logo\":{\"@type\":\"ImageObject\",\"inLanguage\":\"es\",\"@id\":\"https:\/\/itwgse.com\/#\/schema\/logo\/image\/\",\"url\":\"https:\/\/itwgse.com\/wp-content\/uploads\/2018\/11\/logo.png\",\"contentUrl\":\"https:\/\/itwgse.com\/wp-content\/uploads\/2018\/11\/logo.png\",\"width\":302,\"height\":237,\"caption\":\"ITW GSE\"},\"image\":{\"@id\":\"https:\/\/itwgse.com\/#\/schema\/logo\/image\/\"},\"sameAs\":[\"https:\/\/www.facebook.com\/ITWGSE\/\",\"https:\/\/www.linkedin.com\/company\/itw-gse\/\",\"https:\/\/www.youtube.com\/channel\/UCTUIMvyaOPfYIqzP8enZ8yw\"]}]}<\/script>\n<!-- \/ Yoast SEO plugin. -->","yoast_head_json":{"title":"TOP GSE recomienda la ITW GSE 7400 eGPU durante la FAT","description":"Descubre c\u00f3mo TOP GSE prob\u00f3 y aprob\u00f3 la ITW GSE 7400 eGPU durante la FAT de Dinamarca, abriendo el camino a unas operaciones en tierra m\u00e1s limpias y eficientes en Espa\u00f1a.","robots":{"index":"index","follow":"follow","max-snippet":"max-snippet:-1","max-image-preview":"max-image-preview:large","max-video-preview":"max-video-preview:-1"},"canonical":"https:\/\/itwgse.com\/es\/egpu-para-la-aviacion\/top-gse-recomienda-la-itw-gse-7400-egpu-durante-la-fat\/","og_locale":"es_ES","og_type":"article","og_title":"TOP GSE recomienda la ITW GSE 7400 eGPU durante la FAT","og_description":"Descubre c\u00f3mo TOP GSE prob\u00f3 y aprob\u00f3 la ITW GSE 7400 eGPU durante la FAT de Dinamarca, abriendo el camino a unas operaciones en tierra m\u00e1s limpias y eficientes en Espa\u00f1a.","og_url":"https:\/\/itwgse.com\/es\/egpu-para-la-aviacion\/top-gse-recomienda-la-itw-gse-7400-egpu-durante-la-fat\/","og_site_name":"ITW GSE","article_publisher":"https:\/\/www.facebook.com\/ITWGSE\/","twitter_card":"summary_large_image","schema":{"@context":"https:\/\/schema.org","@graph":[{"@type":"WebPage","@id":"https:\/\/itwgse.com\/es\/egpu-para-la-aviacion\/top-gse-recomienda-la-itw-gse-7400-egpu-durante-la-fat\/","url":"https:\/\/itwgse.com\/es\/egpu-para-la-aviacion\/top-gse-recomienda-la-itw-gse-7400-egpu-durante-la-fat\/","name":"TOP GSE recomienda la ITW GSE 7400 eGPU durante la FAT","isPartOf":{"@id":"https:\/\/itwgse.com\/#website"},"datePublished":"2026-04-13T14:42:50+00:00","description":"Descubre c\u00f3mo TOP GSE prob\u00f3 y aprob\u00f3 la ITW GSE 7400 eGPU durante la FAT de Dinamarca, abriendo el camino a unas operaciones en tierra m\u00e1s limpias y eficientes en Espa\u00f1a.","breadcrumb":{"@id":"https:\/\/itwgse.com\/es\/egpu-para-la-aviacion\/top-gse-recomienda-la-itw-gse-7400-egpu-durante-la-fat\/#breadcrumb"},"inLanguage":"es","potentialAction":[{"@type":"ReadAction","target":["https:\/\/itwgse.com\/es\/egpu-para-la-aviacion\/top-gse-recomienda-la-itw-gse-7400-egpu-durante-la-fat\/"]}]},{"@type":"BreadcrumbList","@id":"https:\/\/itwgse.com\/es\/egpu-para-la-aviacion\/top-gse-recomienda-la-itw-gse-7400-egpu-durante-la-fat\/#breadcrumb","itemListElement":[{"@type":"ListItem","position":1,"name":"Home","item":"https:\/\/itwgse.com\/es\/home\/"},{"@type":"ListItem","position":2,"name":"eGPU para la aviaci\u00f3n","item":"https:\/\/itwgse.com\/es\/egpu-para-la-aviacion\/"},{"@type":"ListItem","position":3,"name":"TOP GSE recomienda la ITW GSE 7400 eGPU durante la FAT"}]},{"@type":"WebSite","@id":"https:\/\/itwgse.com\/#website","url":"https:\/\/itwgse.com\/","name":"ITW GSE","description":"It&#039;s all about connections","publisher":{"@id":"https:\/\/itwgse.com\/#organization"},"potentialAction":[{"@type":"SearchAction","target":{"@type":"EntryPoint","urlTemplate":"https:\/\/itwgse.com\/?s={search_term_string}"},"query-input":{"@type":"PropertyValueSpecification","valueRequired":true,"valueName":"search_term_string"}}],"inLanguage":"es"},{"@type":"Organization","@id":"https:\/\/itwgse.com\/#organization","name":"ITW GSE","url":"https:\/\/itwgse.com\/","logo":{"@type":"ImageObject","inLanguage":"es","@id":"https:\/\/itwgse.com\/#\/schema\/logo\/image\/","url":"https:\/\/itwgse.com\/wp-content\/uploads\/2018\/11\/logo.png","contentUrl":"https:\/\/itwgse.com\/wp-content\/uploads\/2018\/11\/logo.png","width":302,"height":237,"caption":"ITW GSE"},"image":{"@id":"https:\/\/itwgse.com\/#\/schema\/logo\/image\/"},"sameAs":["https:\/\/www.facebook.com\/ITWGSE\/","https:\/\/www.linkedin.com\/company\/itw-gse\/","https:\/\/www.youtube.com\/channel\/UCTUIMvyaOPfYIqzP8enZ8yw"]}]}},"_links":{"self":[{"href":"https:\/\/itwgse.com\/es\/wp-json\/wp\/v2\/pages\/45624","targetHints":{"allow":["GET"]}}],"collection":[{"href":"https:\/\/itwgse.com\/es\/wp-json\/wp\/v2\/pages"}],"about":[{"href":"https:\/\/itwgse.com\/es\/wp-json\/wp\/v2\/types\/page"}],"author":[{"embeddable":true,"href":"https:\/\/itwgse.com\/es\/wp-json\/wp\/v2\/users\/1"}],"replies":[{"embeddable":true,"href":"https:\/\/itwgse.com\/es\/wp-json\/wp\/v2\/comments?post=45624"}],"version-history":[{"count":0,"href":"https:\/\/itwgse.com\/es\/wp-json\/wp\/v2\/pages\/45624\/revisions"}],"up":[{"embeddable":true,"href":"https:\/\/itwgse.com\/es\/wp-json\/wp\/v2\/pages\/45505"}],"wp:attachment":[{"href":"https:\/\/itwgse.com\/es\/wp-json\/wp\/v2\/media?parent=45624"}],"curies":[{"name":"wp","href":"https:\/\/api.w.org\/{rel}","templated":true}]}}