{"id":19147,"date":"2018-03-19T19:53:10","date_gmt":"2018-03-19T18:53:10","guid":{"rendered":"https:\/\/itwgse.com\/?post_type=product&#038;p=19147"},"modified":"2026-03-09T13:38:47","modified_gmt":"2026-03-09T12:38:47","slug":"secciones-de-contacto-de-recambio","status":"publish","type":"product","link":"https:\/\/itwgse.com\/es\/productos\/cables-es\/secciones-de-contacto-de-recambio\/","title":{"rendered":"Secciones de contacto de recambio"},"content":{"rendered":"<div id=\"pl-19147\"  class=\"panel-layout\" ><div id=\"pg-19147-0\"  class=\"panel-grid panel-no-style\" ><div id=\"pgc-19147-0-0\"  class=\"panel-grid-cell\" ><div id=\"panel-19147-0-0-0\" class=\"so-panel widget widget_mtt-cover-section panel-first-child panel-last-child\" data-index=\"0\" ><div\n\t\t\t\n\t\t\tclass=\"so-widget-mtt-cover-section so-widget-mtt-cover-section-base\"\n\t\t\t\n\t\t>\n<div class=\"mtt-cover-section-wrap product\">\n    <div class=\"mtt-cover-product-container\">\n        <div class=\"mtt-cover-section-text-wrap\">\n            <img decoding=\"async\" width=\"452\" height=\"301\" src=\"https:\/\/itwgse.com\/wp-content\/uploads\/2018\/03\/ReplacementContact_Kit_Sept_2015.png\" class=\"cover-product\" alt=\"Replacement Contact Sections\" srcset=\"https:\/\/itwgse.com\/wp-content\/uploads\/2018\/03\/ReplacementContact_Kit_Sept_2015.png 452w, https:\/\/itwgse.com\/wp-content\/uploads\/2018\/03\/ReplacementContact_Kit_Sept_2015-300x200.png 300w\" sizes=\"(max-width: 452px) 100vw, 452px\" \/>            <div class=\"mtt-cover-section-text\">\n                                <span class=\"tagline\"><\/span>\n                <h1>Secciones de contacto de recambio<\/h1>\n                <div class=\"text\"><p>\u00a1Prolonga la vida de tus cables sustituyendo las secciones de contacto desgastadas en lugar de cambiar todo el conjunto del cable!<\/p>\n<p>Estas secciones de contacto est\u00e1n dise\u00f1adas espec\u00edficamente para los cables GSE de ITW. Intercambiar las secciones de contacto con otras marcas podr\u00eda causar conexiones defectuosas y anular\u00e1 la garant\u00eda. <\/p>\n<\/div>\n                <input type=\"hidden\" name=\"product\" value=\"19147\">\n\n                    <div class=\"button-wrap\">\n                        <a class=\"button mtt-support-box modal\" data-flow=\"request-quotation\" data-template=\"request-form\"\n                           data-product_id=\"19147\" data-previous_no_pagination=\"true\">Solicitar Producto<\/a>\n\n                                                                                    <a\n                                    href=\"\"\n                                    class=\"button  open-brochure-modal\"\n                                >\n                                    Folleto                                <\/a>\n                                                                        <\/div>\n\n            <\/div>\n        <\/div>\n    <\/div>\n    <div class=\"mtt-cover-product-background no-background\" >\n                <div class=\"mtt-cover-product-background-image\">\n                        <img decoding=\"async\"  src=\"https:\/\/itwgse.com\/wp-content\/themes\/mtt-standard-theme\/assets\/img\/cover\/itwgse_cut_wide.svg\" class=\"itwgse-cut\">        <\/div>\n\n        <div class=\"mtt-cover-product small\">\n            <img decoding=\"async\" width=\"1200\" height=\"740\" src=\"https:\/\/itwgse.com\/wp-content\/uploads\/2018\/03\/Replacement-Contact-Sections-1200x740.png\" class=\"attachment-1200x740x size-1200x740x\" alt=\"\" srcset=\"https:\/\/itwgse.com\/wp-content\/uploads\/2018\/03\/Replacement-Contact-Sections.png 1200w, https:\/\/itwgse.com\/wp-content\/uploads\/2018\/03\/Replacement-Contact-Sections-300x185.png 300w, https:\/\/itwgse.com\/wp-content\/uploads\/2018\/03\/Replacement-Contact-Sections-1024x631.png 1024w\" sizes=\"(max-width: 1200px) 100vw, 1200px\" \/>        <\/div>\n    <\/div>\n<\/div><\/div><\/div><\/div><\/div><div id=\"pg-19147-1\"  class=\"panel-grid panel-no-style\" ><div id=\"pgc-19147-1-0\"  class=\"panel-grid-cell\" ><div id=\"panel-19147-1-0-0\" class=\"so-panel widget widget_mtt-two-col-text panel-first-child\" data-index=\"1\" ><div\n\t\t\t\n\t\t\tclass=\"so-widget-mtt-two-col-text so-widget-mtt-two-col-text-base\"\n\t\t\t\n\t\t>\n<div class=\"mtt-two-col-wrapper\">\n    <div class=\"mtt-two-col-container\">\n        <div class=\"mtt-two-col-content inline-titles\">\n                        <div class=\"text-section\">\n                <div class=\"col formatted_content\"><h2>Caracter\u00edsticas<\/h2>\n<ul>\n<li>Prolonga la vida de tus cables<\/li>\n<li>La secci\u00f3n de contacto de recambio est\u00e1 moldeada como un conjunto<\/li>\n<li>Construido con Policloropreno de alta calidad para una mayor durabilidad en todas las condiciones de rampa<\/li>\n<li>Secci\u00f3n de contacto nasal de repuesto - Azul - JB7173<\/li>\n<li>Secci\u00f3n de Contacto de Alta Visibilidad - Amarillo - JB7174<\/li>\n<li>Secci\u00f3n de contacto resistente - Negro - JB7175<\/li>\n<li>Secci\u00f3n de contacto de recambio Thermgard\u00ae - Verde - JB7178<\/li>\n<li>5 Minutos de tiempo de inactividad para sustituir en cualquier aplicaci\u00f3n<\/li>\n<li>Tanto las secciones de contacto de recambio amarillas como las verdes se suministran con <a href=\"https:\/\/itwgse.com\/products\/spare-parts\/cables-spares\/abrasion-resistant-cap\/\">tapones resistentes a la abrasi\u00f3n<\/a>.<\/li>\n<\/ul>\n<\/div>\n                <div class=\"col formatted_content\"><h2>\u00bfCu\u00e1ndo hay que cambiar los cables y conectores?<\/h2>\n<p>La inspecci\u00f3n peri\u00f3dica de los cables es un aspecto cr\u00edtico de cualquier programa de mantenimiento.<\/p>\n<p>Para obtener una gu\u00eda paso a paso sobre qu\u00e9 buscar y cu\u00e1ndo sustituir los cables y conectores, haz clic aqu\u00ed para descargar una gu\u00eda y una descripci\u00f3n f\u00e1ciles de seguir.<\/p>\n                                    <\/div>\n            <\/div>\n                    <\/div>\n    <\/div>\n<\/div><\/div><\/div><div id=\"panel-19147-1-0-1\" class=\"so-panel widget widget_mtt-product-files\" data-index=\"2\" ><div\n\t\t\t\n\t\t\tclass=\"so-widget-mtt-product-files so-widget-mtt-product-files-base\"\n\t\t\t\n\t\t>    <div class=\"product-files-wrapper no-top-padding\">\n        <div class=\"page_container\">\n            <h2>Download para Secciones de contacto de recambio<\/h2>\n            <div class=\"button-wrap\">\n                                                            <a\n                            class=\"button open-modal\"\n                            href=\"#\"\n                            data-id=\"4f21a553-8db7-494b-b01f-f8b451de39a2\"\n                        >\n                            Cat\u00e1logo                        <\/a>\n                                                                        <\/div>\n        <\/div>\n    <\/div>\n    <\/div><\/div><div id=\"panel-19147-1-0-2\" class=\"so-panel widget widget_mtt-text-image panel-last-child\" data-index=\"3\" ><div\n\t\t\t\n\t\t\tclass=\"so-widget-mtt-text-image so-widget-mtt-text-image-base\"\n\t\t\t\n\t\t>\n<div class=\"mtt-text-image-wrap no-top-padding less-bottom-padding\">\n        <!-- Content -->\n    <div class=\"mtt-text-image-container\">\n        <div class=\"mtt-text-image-col\">\n            <div class=\"mtt-text-image-content formatted_content\">\n                                <h2>X Secciones de contacto<\/h2>\n                <p>Aqu\u00ed puedes ver los contactos X:<\/p>\n<p>Kit de secci\u00f3n de contacto amarilla y tapa final resistente a la abrasi\u00f3n - JB7174X.<\/p>\n<p>Secci\u00f3n de contacto verde con Thermgard y tapa final resistente a la abrasi\u00f3n - JB7178X.<\/p>\n<p>\u00a0<\/p>\n<p><img decoding=\"async\" class=\"alignnone size-medium wp-image-19008\" src=\"https:\/\/itwgse.com\/wp-content\/uploads\/2021\/12\/JB7174X.BLCK9072-1-273x300.png\" alt=\"Recambio amarillo de la secci\u00f3n de contacto de la nariz, 4 tornillos de sellado, la herramienta necesaria y el tap\u00f3n antiabrasi\u00f3n.\" width=\"273\" height=\"300\" srcset=\"https:\/\/itwgse.com\/wp-content\/uploads\/2021\/12\/JB7174X.BLCK9072-1-273x300.png 273w, https:\/\/itwgse.com\/wp-content\/uploads\/2021\/12\/JB7174X.BLCK9072-1-931x1024.png 931w, https:\/\/itwgse.com\/wp-content\/uploads\/2021\/12\/JB7174X.BLCK9072-1-545x600.png 545w, https:\/\/itwgse.com\/wp-content\/uploads\/2021\/12\/JB7174X.BLCK9072-1-227x250.png 227w, https:\/\/itwgse.com\/wp-content\/uploads\/2021\/12\/JB7174X.BLCK9072-1-477x525.png 477w, https:\/\/itwgse.com\/wp-content\/uploads\/2021\/12\/JB7174X.BLCK9072-1-768x845.png 768w, https:\/\/itwgse.com\/wp-content\/uploads\/2021\/12\/JB7174X.BLCK9072-1-600x660.png 600w\" sizes=\"(max-width: 273px) 100vw, 273px\" \/><\/p>\n\n                            <\/div>\n        <\/div>\n                    <div class=\"mtt-text-image-col img center\">\n                <div class=\"mtt-text-image-content\">\n                    <img decoding=\"async\" width=\"3724\" height=\"3840\" src=\"https:\/\/itwgse.com\/wp-content\/uploads\/2021\/12\/JB7178X.BLCK9080.png\" class=\"attachment-full size-full\" alt=\"green replacement nose with thermgard and abrasion cap\" srcset=\"https:\/\/itwgse.com\/wp-content\/uploads\/2021\/12\/JB7178X.BLCK9080.png 3724w, https:\/\/itwgse.com\/wp-content\/uploads\/2021\/12\/JB7178X.BLCK9080-291x300.png 291w, https:\/\/itwgse.com\/wp-content\/uploads\/2021\/12\/JB7178X.BLCK9080-993x1024.png 993w, https:\/\/itwgse.com\/wp-content\/uploads\/2021\/12\/JB7178X.BLCK9080-582x600.png 582w, https:\/\/itwgse.com\/wp-content\/uploads\/2021\/12\/JB7178X.BLCK9080-242x250.png 242w, https:\/\/itwgse.com\/wp-content\/uploads\/2021\/12\/JB7178X.BLCK9080-509x525.png 509w, https:\/\/itwgse.com\/wp-content\/uploads\/2021\/12\/JB7178X.BLCK9080-768x792.png 768w, https:\/\/itwgse.com\/wp-content\/uploads\/2021\/12\/JB7178X.BLCK9080-600x619.png 600w\" sizes=\"(max-width: 3724px) 100vw, 3724px\" \/>                \n                    \n                    \n                <\/div>\n            <\/div>\n            <\/div>\n<\/div>\n\n<script>\nfunction sendEvent(action, element) {\n    var videoTitle = jQuery(element).data('title');  \n\n    if (dataLayer && videoTitle) {\n        dataLayer.push({\n            'event': 'video',\n            'eventCategory': 'Video',\n            'eventAction': action,\n            'eventLabel': videoTitle\n        });\n    }\n    else if (ga && videoTitle) {\n        ga('send', 'event', 'Video', action, videoTitle);\n    }  \n}\n<\/script>\n<\/div><\/div><\/div><\/div><div id=\"pg-19147-2\"  class=\"panel-grid panel-no-style\" ><div id=\"pgc-19147-2-0\"  class=\"panel-grid-cell\" ><div id=\"panel-19147-2-0-0\" class=\"so-panel widget widget_mtt-one-col-text panel-first-child\" data-index=\"4\" ><div\n\t\t\t\n\t\t\tclass=\"so-widget-mtt-one-col-text so-widget-mtt-one-col-text-base\"\n\t\t\t\n\t\t>\n<div class=\"mtt-two-col-wrapper no-top-padding\">\n    <div class=\"mtt-two-col-container\">\n        <div class=\"mtt-two-col-content formatted_content has-title-one\">\n\t\t\t                <h2>Anteriormente conocido como J&B Aviation<\/h2>\n                        <div class=\"text-section one-col\">\n                <p>Hasta 2018, los elementos de contacto de repuesto se vend\u00edan bajo la marca J&B Aviation.<\/p>\n<p>Lee m\u00e1s sobre <a href=\"https:\/\/itwgse.com\/itw-gse-history\/\" target=\"_blank\" rel=\"noopener\">la historia de nuestra marca<\/a>.<\/p>\n<p>\u00a0<\/p>\n<p><a href=\"https:\/\/itwgse.com\/aircraft-cables\/\">Aqu\u00ed puedes ver todos los cables GSE actuales de ITW<\/a>.<\/p>\n            <\/div>\n\n            \n                        <\/div>\n    <\/div>\n<\/div>\n<\/div><\/div><div id=\"panel-19147-2-0-1\" class=\"so-panel widget widget_mtt-customer-support panel-last-child\" data-index=\"5\" ><div\n\t\t\t\n\t\t\tclass=\"so-widget-mtt-customer-support so-widget-mtt-customer-support-base\"\n\t\t\t\n\t\t>\n<div class=\"mtt-text-image-wrap less-top-padding less-bottom-padding grey-bg\">\n        <!-- Content -->\n    <div class=\"mtt-text-image-container\">\n        <div class=\"mtt-text-image-col\">\n            <div class=\"mtt-text-image-content formatted_content\">\n                                <h2>Atenci\u00f3n al cliente<\/h2>\n                <p><strong>\u00bfC\u00f3mo le podemos ayudar?<\/strong><\/p>\n<p>\u00bfNecesita esquemas, cat\u00e1logos de repuestos o v\u00eddeos de instrucciones?<\/p>\n<p>Use el bot\u00f3n \u201cAsistencia con el producto\u201d. \u00bfTiene preguntas para el equipo de atenci\u00f3n al cliente? Use el bot\u00f3n \u201cContacto con atenci\u00f3n al cliente\u201d. Si tiene alguna duda con respecto a un producto concreto, proporci\u00f3nenos el n\u00famero de serie del producto.<\/p>\n\n                                    <div class=\"button-wrap\">\n                                                    <a href=\"https:\/\/itwgse.com\/es\/support-and-service\/\" class=\"button\">\n                                Asistencia con el producto                            <\/a>\n                                                    <a href=\"https:\/\/itwgse.com\/es\/contacto\/\" class=\"button\">\n                                Contactar con Atenci\u00f3n al cliente                            <\/a>\n                                            <\/div>\n                            <\/div>\n        <\/div>\n                    <div class=\"mtt-text-image-col img center\">\n                <div class=\"mtt-text-image-content\">\n                    <img decoding=\"async\" width=\"1800\" height=\"1023\" src=\"https:\/\/itwgse.com\/wp-content\/uploads\/2018\/06\/ITWGSE_hero_cleanest-1.jpg\" class=\"attachment-full size-full\" alt=\"7400 low noice JK\" srcset=\"https:\/\/itwgse.com\/wp-content\/uploads\/2018\/06\/ITWGSE_hero_cleanest-1.jpg 1800w, https:\/\/itwgse.com\/wp-content\/uploads\/2018\/06\/ITWGSE_hero_cleanest-1-300x171.jpg 300w, https:\/\/itwgse.com\/wp-content\/uploads\/2018\/06\/ITWGSE_hero_cleanest-1-1024x582.jpg 1024w\" sizes=\"(max-width: 1800px) 100vw, 1800px\" \/>                \n                    \n                    \n                <\/div>\n            <\/div>\n            <\/div>\n<\/div>\n\n<script>\nfunction sendEvent(action, element) {\n    var videoTitle = jQuery(element).data('title');  \n\n    if (dataLayer && videoTitle) {\n        dataLayer.push({\n            'event': 'video',\n            'eventCategory': 'Video',\n            'eventAction': action,\n            'eventLabel': videoTitle\n        });\n    }\n    else if (ga && videoTitle) {\n        ga('send', 'event', 'Video', action, videoTitle);\n    }  \n}\n<\/script>\n<\/div><\/div><\/div><\/div><\/div>","protected":false},"excerpt":{"rendered":"<p>\u00a1Prolonga la vida de tus cables sustituyendo las secciones de contacto desgastadas en lugar de cambiar todo el conjunto del cable!<\/p>\n","protected":false},"featured_media":2271,"comment_status":"open","ping_status":"closed","template":"","meta":{"_acf_changed":false,"_relevanssi_hide_post":"","_relevanssi_hide_content":"","_relevanssi_pin_for_all":"","_relevanssi_pin_keywords":"","_relevanssi_unpin_keywords":"","_relevanssi_related_keywords":"","_relevanssi_related_include_ids":"","_relevanssi_related_exclude_ids":"","_relevanssi_related_no_append":"","_relevanssi_related_not_related":"","_relevanssi_related_posts":"","_relevanssi_noindex_reason":""},"product_brand":[],"product_cat":[4546,4466,3591,4470,4467],"product_tag":[],"class_list":{"0":"post-19147","1":"product","2":"type-product","3":"status-publish","4":"has-post-thumbnail","6":"product_cat-cables-itw-gse","7":"product_cat-brochure-catalog-es","8":"product_cat-cables-es","9":"product_cat-cables-and-hoses-es","10":"product_cat-military-products-es","12":"first","13":"instock","14":"shipping-taxable","15":"purchasable","16":"product-type-simple"},"acf":[],"yoast_head":"<!-- This site is optimized with the Yoast SEO plugin v27.0 - https:\/\/yoast.com\/product\/yoast-seo-wordpress\/ -->\n<title>Secciones de contacto de repuesto - Prolonga la vida de tus cables<\/title>\n<meta name=\"description\" content=\"Prolonga la vida de tus cables sustituyendo las secciones de contacto desgastadas en lugar de cambiar todo el conjunto del cable. Estas secciones de contacto est\u00e1n dise\u00f1adas espec\u00edficamente para los cables ITW GSE.\" \/>\n<meta name=\"robots\" content=\"index, follow, max-snippet:-1, max-image-preview:large, max-video-preview:-1\" \/>\n<link rel=\"canonical\" href=\"https:\/\/itwgse.com\/es\/productos\/cables-es\/secciones-de-contacto-de-recambio\/\" \/>\n<meta property=\"og:locale\" content=\"es_ES\" \/>\n<meta property=\"og:type\" content=\"article\" \/>\n<meta property=\"og:title\" content=\"Secciones de contacto de repuesto - Prolonga la vida de tus cables\" \/>\n<meta property=\"og:description\" content=\"Prolonga la vida de tus cables sustituyendo las secciones de contacto desgastadas en lugar de cambiar todo el conjunto del cable. Estas secciones de contacto est\u00e1n dise\u00f1adas espec\u00edficamente para los cables ITW GSE.\" \/>\n<meta property=\"og:url\" content=\"https:\/\/itwgse.com\/es\/productos\/cables-es\/secciones-de-contacto-de-recambio\/\" \/>\n<meta property=\"og:site_name\" content=\"ITW GSE\" \/>\n<meta property=\"article:publisher\" content=\"https:\/\/www.facebook.com\/ITWGSE\/\" \/>\n<meta property=\"article:modified_time\" content=\"2026-03-09T12:38:47+00:00\" \/>\n<meta property=\"og:image\" content=\"https:\/\/itwgse.com\/wp-content\/uploads\/2018\/03\/ReplacementContact_Kit_Sept_2015.png\" \/>\n\t<meta property=\"og:image:width\" content=\"452\" \/>\n\t<meta property=\"og:image:height\" content=\"301\" \/>\n\t<meta property=\"og:image:type\" content=\"image\/png\" \/>\n<meta name=\"twitter:card\" content=\"summary_large_image\" \/>\n<script type=\"application\/ld+json\" class=\"yoast-schema-graph\">{\"@context\":\"https:\/\/schema.org\",\"@graph\":[{\"@type\":\"WebPage\",\"@id\":\"https:\/\/itwgse.com\/es\/productos\/cables-es\/secciones-de-contacto-de-recambio\/\",\"url\":\"https:\/\/itwgse.com\/es\/productos\/cables-es\/secciones-de-contacto-de-recambio\/\",\"name\":\"Secciones de contacto de repuesto - Prolonga la vida de tus cables\",\"isPartOf\":{\"@id\":\"https:\/\/itwgse.com\/#website\"},\"primaryImageOfPage\":{\"@id\":\"https:\/\/itwgse.com\/es\/productos\/cables-es\/secciones-de-contacto-de-recambio\/#primaryimage\"},\"image\":{\"@id\":\"https:\/\/itwgse.com\/es\/productos\/cables-es\/secciones-de-contacto-de-recambio\/#primaryimage\"},\"thumbnailUrl\":\"https:\/\/itwgse.com\/wp-content\/uploads\/2018\/03\/ReplacementContact_Kit_Sept_2015.png\",\"datePublished\":\"2018-03-19T18:53:10+00:00\",\"dateModified\":\"2026-03-09T12:38:47+00:00\",\"description\":\"Prolonga la vida de tus cables sustituyendo las secciones de contacto desgastadas en lugar de cambiar todo el conjunto del cable. Estas secciones de contacto est\u00e1n dise\u00f1adas espec\u00edficamente para los cables ITW GSE.\",\"breadcrumb\":{\"@id\":\"https:\/\/itwgse.com\/es\/productos\/cables-es\/secciones-de-contacto-de-recambio\/#breadcrumb\"},\"inLanguage\":\"es\",\"potentialAction\":[{\"@type\":\"ReadAction\",\"target\":[\"https:\/\/itwgse.com\/es\/productos\/cables-es\/secciones-de-contacto-de-recambio\/\"]}]},{\"@type\":\"ImageObject\",\"inLanguage\":\"es\",\"@id\":\"https:\/\/itwgse.com\/es\/productos\/cables-es\/secciones-de-contacto-de-recambio\/#primaryimage\",\"url\":\"https:\/\/itwgse.com\/wp-content\/uploads\/2018\/03\/ReplacementContact_Kit_Sept_2015.png\",\"contentUrl\":\"https:\/\/itwgse.com\/wp-content\/uploads\/2018\/03\/ReplacementContact_Kit_Sept_2015.png\",\"width\":452,\"height\":301,\"caption\":\"Replacement Contact Sections\"},{\"@type\":\"BreadcrumbList\",\"@id\":\"https:\/\/itwgse.com\/es\/productos\/cables-es\/secciones-de-contacto-de-recambio\/#breadcrumb\",\"itemListElement\":[{\"@type\":\"ListItem\",\"position\":1,\"name\":\"Home\",\"item\":\"https:\/\/itwgse.com\/es\/home\/\"},{\"@type\":\"ListItem\",\"position\":2,\"name\":\"Secciones de contacto de recambio\"}]},{\"@type\":\"WebSite\",\"@id\":\"https:\/\/itwgse.com\/#website\",\"url\":\"https:\/\/itwgse.com\/\",\"name\":\"ITW GSE\",\"description\":\"It&#039;s all about connections\",\"publisher\":{\"@id\":\"https:\/\/itwgse.com\/#organization\"},\"potentialAction\":[{\"@type\":\"SearchAction\",\"target\":{\"@type\":\"EntryPoint\",\"urlTemplate\":\"https:\/\/itwgse.com\/?s={search_term_string}\"},\"query-input\":{\"@type\":\"PropertyValueSpecification\",\"valueRequired\":true,\"valueName\":\"search_term_string\"}}],\"inLanguage\":\"es\"},{\"@type\":\"Organization\",\"@id\":\"https:\/\/itwgse.com\/#organization\",\"name\":\"ITW GSE\",\"url\":\"https:\/\/itwgse.com\/\",\"logo\":{\"@type\":\"ImageObject\",\"inLanguage\":\"es\",\"@id\":\"https:\/\/itwgse.com\/#\/schema\/logo\/image\/\",\"url\":\"https:\/\/itwgse.com\/wp-content\/uploads\/2018\/11\/logo.png\",\"contentUrl\":\"https:\/\/itwgse.com\/wp-content\/uploads\/2018\/11\/logo.png\",\"width\":302,\"height\":237,\"caption\":\"ITW GSE\"},\"image\":{\"@id\":\"https:\/\/itwgse.com\/#\/schema\/logo\/image\/\"},\"sameAs\":[\"https:\/\/www.facebook.com\/ITWGSE\/\",\"https:\/\/www.linkedin.com\/company\/itw-gse\/\",\"https:\/\/www.youtube.com\/channel\/UCTUIMvyaOPfYIqzP8enZ8yw\"]}]}<\/script>\n<!-- \/ Yoast SEO plugin. -->","yoast_head_json":{"title":"Secciones de contacto de repuesto - Prolonga la vida de tus cables","description":"Prolonga la vida de tus cables sustituyendo las secciones de contacto desgastadas en lugar de cambiar todo el conjunto del cable. Estas secciones de contacto est\u00e1n dise\u00f1adas espec\u00edficamente para los cables ITW GSE.","robots":{"index":"index","follow":"follow","max-snippet":"max-snippet:-1","max-image-preview":"max-image-preview:large","max-video-preview":"max-video-preview:-1"},"canonical":"https:\/\/itwgse.com\/es\/productos\/cables-es\/secciones-de-contacto-de-recambio\/","og_locale":"es_ES","og_type":"article","og_title":"Secciones de contacto de repuesto - Prolonga la vida de tus cables","og_description":"Prolonga la vida de tus cables sustituyendo las secciones de contacto desgastadas en lugar de cambiar todo el conjunto del cable. Estas secciones de contacto est\u00e1n dise\u00f1adas espec\u00edficamente para los cables ITW GSE.","og_url":"https:\/\/itwgse.com\/es\/productos\/cables-es\/secciones-de-contacto-de-recambio\/","og_site_name":"ITW GSE","article_publisher":"https:\/\/www.facebook.com\/ITWGSE\/","article_modified_time":"2026-03-09T12:38:47+00:00","og_image":[{"width":452,"height":301,"url":"https:\/\/itwgse.com\/wp-content\/uploads\/2018\/03\/ReplacementContact_Kit_Sept_2015.png","type":"image\/png"}],"twitter_card":"summary_large_image","schema":{"@context":"https:\/\/schema.org","@graph":[{"@type":"WebPage","@id":"https:\/\/itwgse.com\/es\/productos\/cables-es\/secciones-de-contacto-de-recambio\/","url":"https:\/\/itwgse.com\/es\/productos\/cables-es\/secciones-de-contacto-de-recambio\/","name":"Secciones de contacto de repuesto - Prolonga la vida de tus cables","isPartOf":{"@id":"https:\/\/itwgse.com\/#website"},"primaryImageOfPage":{"@id":"https:\/\/itwgse.com\/es\/productos\/cables-es\/secciones-de-contacto-de-recambio\/#primaryimage"},"image":{"@id":"https:\/\/itwgse.com\/es\/productos\/cables-es\/secciones-de-contacto-de-recambio\/#primaryimage"},"thumbnailUrl":"https:\/\/itwgse.com\/wp-content\/uploads\/2018\/03\/ReplacementContact_Kit_Sept_2015.png","datePublished":"2018-03-19T18:53:10+00:00","dateModified":"2026-03-09T12:38:47+00:00","description":"Prolonga la vida de tus cables sustituyendo las secciones de contacto desgastadas en lugar de cambiar todo el conjunto del cable. Estas secciones de contacto est\u00e1n dise\u00f1adas espec\u00edficamente para los cables ITW GSE.","breadcrumb":{"@id":"https:\/\/itwgse.com\/es\/productos\/cables-es\/secciones-de-contacto-de-recambio\/#breadcrumb"},"inLanguage":"es","potentialAction":[{"@type":"ReadAction","target":["https:\/\/itwgse.com\/es\/productos\/cables-es\/secciones-de-contacto-de-recambio\/"]}]},{"@type":"ImageObject","inLanguage":"es","@id":"https:\/\/itwgse.com\/es\/productos\/cables-es\/secciones-de-contacto-de-recambio\/#primaryimage","url":"https:\/\/itwgse.com\/wp-content\/uploads\/2018\/03\/ReplacementContact_Kit_Sept_2015.png","contentUrl":"https:\/\/itwgse.com\/wp-content\/uploads\/2018\/03\/ReplacementContact_Kit_Sept_2015.png","width":452,"height":301,"caption":"Replacement Contact Sections"},{"@type":"BreadcrumbList","@id":"https:\/\/itwgse.com\/es\/productos\/cables-es\/secciones-de-contacto-de-recambio\/#breadcrumb","itemListElement":[{"@type":"ListItem","position":1,"name":"Home","item":"https:\/\/itwgse.com\/es\/home\/"},{"@type":"ListItem","position":2,"name":"Secciones de contacto de recambio"}]},{"@type":"WebSite","@id":"https:\/\/itwgse.com\/#website","url":"https:\/\/itwgse.com\/","name":"ITW GSE","description":"It&#039;s all about connections","publisher":{"@id":"https:\/\/itwgse.com\/#organization"},"potentialAction":[{"@type":"SearchAction","target":{"@type":"EntryPoint","urlTemplate":"https:\/\/itwgse.com\/?s={search_term_string}"},"query-input":{"@type":"PropertyValueSpecification","valueRequired":true,"valueName":"search_term_string"}}],"inLanguage":"es"},{"@type":"Organization","@id":"https:\/\/itwgse.com\/#organization","name":"ITW GSE","url":"https:\/\/itwgse.com\/","logo":{"@type":"ImageObject","inLanguage":"es","@id":"https:\/\/itwgse.com\/#\/schema\/logo\/image\/","url":"https:\/\/itwgse.com\/wp-content\/uploads\/2018\/11\/logo.png","contentUrl":"https:\/\/itwgse.com\/wp-content\/uploads\/2018\/11\/logo.png","width":302,"height":237,"caption":"ITW GSE"},"image":{"@id":"https:\/\/itwgse.com\/#\/schema\/logo\/image\/"},"sameAs":["https:\/\/www.facebook.com\/ITWGSE\/","https:\/\/www.linkedin.com\/company\/itw-gse\/","https:\/\/www.youtube.com\/channel\/UCTUIMvyaOPfYIqzP8enZ8yw"]}]}},"_links":{"self":[{"href":"https:\/\/itwgse.com\/es\/wp-json\/wp\/v2\/product\/19147","targetHints":{"allow":["GET"]}}],"collection":[{"href":"https:\/\/itwgse.com\/es\/wp-json\/wp\/v2\/product"}],"about":[{"href":"https:\/\/itwgse.com\/es\/wp-json\/wp\/v2\/types\/product"}],"replies":[{"embeddable":true,"href":"https:\/\/itwgse.com\/es\/wp-json\/wp\/v2\/comments?post=19147"}],"wp:featuredmedia":[{"embeddable":true,"href":"https:\/\/itwgse.com\/es\/wp-json\/wp\/v2\/media\/2271"}],"wp:attachment":[{"href":"https:\/\/itwgse.com\/es\/wp-json\/wp\/v2\/media?parent=19147"}],"wp:term":[{"taxonomy":"product_brand","embeddable":true,"href":"https:\/\/itwgse.com\/es\/wp-json\/wp\/v2\/product_brand?post=19147"},{"taxonomy":"product_cat","embeddable":true,"href":"https:\/\/itwgse.com\/es\/wp-json\/wp\/v2\/product_cat?post=19147"},{"taxonomy":"product_tag","embeddable":true,"href":"https:\/\/itwgse.com\/es\/wp-json\/wp\/v2\/product_tag?post=19147"}],"curies":[{"name":"wp","href":"https:\/\/api.w.org\/{rel}","templated":true}]}}