{"id":19149,"date":"2018-03-19T20:02:55","date_gmt":"2018-03-19T19:02:55","guid":{"rendered":"https:\/\/itwgse.com\/?post_type=product&#038;p=19149"},"modified":"2026-03-09T13:38:40","modified_gmt":"2026-03-09T12:38:40","slug":"nueva-tapa-resistente-a-la-abrasion","status":"publish","type":"product","link":"https:\/\/itwgse.com\/es\/productos\/cables-es\/nueva-tapa-resistente-a-la-abrasion\/","title":{"rendered":"Tapa final resistente a la abrasi\u00f3n"},"content":{"rendered":"<div id=\"pl-19149\"  class=\"panel-layout\" ><div id=\"pg-19149-0\"  class=\"panel-grid panel-no-style\" ><div id=\"pgc-19149-0-0\"  class=\"panel-grid-cell\" ><div id=\"panel-19149-0-0-0\" class=\"so-panel widget widget_mtt-cover-section panel-first-child panel-last-child\" data-index=\"0\" ><div\n\t\t\t\n\t\t\tclass=\"so-widget-mtt-cover-section so-widget-mtt-cover-section-base\"\n\t\t\t\n\t\t>\n<div class=\"mtt-cover-section-wrap product\">\n    <div class=\"mtt-cover-product-container\">\n        <div class=\"mtt-cover-section-text-wrap\">\n            <img decoding=\"async\" width=\"756\" height=\"623\" src=\"https:\/\/itwgse.com\/wp-content\/uploads\/2018\/03\/new-abrasion-resistant-cap_menu.png\" class=\"cover-product\" alt=\"Abrasion Resistant Cap\" srcset=\"https:\/\/itwgse.com\/wp-content\/uploads\/2018\/03\/new-abrasion-resistant-cap_menu.png 756w, https:\/\/itwgse.com\/wp-content\/uploads\/2018\/03\/new-abrasion-resistant-cap_menu-300x247.png 300w, https:\/\/itwgse.com\/wp-content\/uploads\/2018\/03\/new-abrasion-resistant-cap_menu-728x600.png 728w, https:\/\/itwgse.com\/wp-content\/uploads\/2018\/03\/new-abrasion-resistant-cap_menu-637x525.png 637w, https:\/\/itwgse.com\/wp-content\/uploads\/2018\/03\/new-abrasion-resistant-cap_menu-600x494.png 600w\" sizes=\"(max-width: 756px) 100vw, 756px\" \/>            <div class=\"mtt-cover-section-text\">\n                                <span class=\"tagline\"><\/span>\n                <h1>Tapa final resistente a la abrasi\u00f3n<\/h1>\n                <div class=\"text\"><p>Nuestra tapa reemplazable est\u00e1 especialmente dise\u00f1ada con un borde c\u00f3nico para ajustarse con seguridad a cualquier aeronave del mercado que utilice una potencia de 400 Hz.<\/p>\n<p>Estas tapas est\u00e1n dise\u00f1adas espec\u00edficamente para las Secciones de Contacto ITW GSE. Intercambiar las tapas con otras marcas puede provocar conexiones defectuosas y anular\u00e1 la garant\u00eda. <\/p>\n<\/div>\n                <input type=\"hidden\" name=\"product\" value=\"19149\">\n\n                    <div class=\"button-wrap\">\n                        <a class=\"button mtt-support-box modal\" data-flow=\"request-quotation\" data-template=\"request-form\"\n                           data-product_id=\"19149\" data-previous_no_pagination=\"true\">Solicitar Producto<\/a>\n\n                                                                                    <a\n                                    href=\"\"\n                                    class=\"button  open-brochure-modal\"\n                                >\n                                    Folleto                                <\/a>\n                                                                        <\/div>\n\n            <\/div>\n        <\/div>\n    <\/div>\n    <div class=\"mtt-cover-product-background no-background\" >\n                <div class=\"mtt-cover-product-background-image\">\n                        <img decoding=\"async\"  src=\"https:\/\/itwgse.com\/wp-content\/themes\/mtt-standard-theme\/assets\/img\/cover\/itwgse_cut_wide.svg\" class=\"itwgse-cut\">        <\/div>\n\n        <div class=\"mtt-cover-product small\">\n            <img decoding=\"async\" width=\"1200\" height=\"740\" src=\"https:\/\/itwgse.com\/wp-content\/uploads\/2018\/03\/new-abrasion-resistant-cap-1200x740.png\" class=\"attachment-1200x740x size-1200x740x\" alt=\"\" srcset=\"https:\/\/itwgse.com\/wp-content\/uploads\/2018\/03\/new-abrasion-resistant-cap.png 1200w, https:\/\/itwgse.com\/wp-content\/uploads\/2018\/03\/new-abrasion-resistant-cap-300x185.png 300w, https:\/\/itwgse.com\/wp-content\/uploads\/2018\/03\/new-abrasion-resistant-cap-1024x631.png 1024w\" sizes=\"(max-width: 1200px) 100vw, 1200px\" \/>        <\/div>\n    <\/div>\n<\/div><\/div><\/div><\/div><\/div><div id=\"pg-19149-1\"  class=\"panel-grid panel-no-style\" ><div id=\"pgc-19149-1-0\"  class=\"panel-grid-cell\" ><div id=\"panel-19149-1-0-0\" class=\"so-panel widget widget_mtt-one-col-text panel-first-child\" data-index=\"1\" ><div\n\t\t\t\n\t\t\tclass=\"so-widget-mtt-one-col-text so-widget-mtt-one-col-text-base\"\n\t\t\t\n\t\t>\n<div class=\"mtt-two-col-wrapper\">\n    <div class=\"mtt-two-col-container\">\n        <div class=\"mtt-two-col-content formatted_content\">\n\t\t\t            <div class=\"text-section one-col\">\n                <p>Estos tapones sustituibles de 400 Hz est\u00e1n fabricados con un compuesto muy duradero, seleccionado por su resistencia, durabilidad y mayor vida \u00fatil.<\/p>\n<p>Este tap\u00f3n de nuevo dise\u00f1o es compatible con todos los tipos de aviones.<\/p>\n<h3>N\u00famero de pieza:<\/h3>\n<p>JB717-C (sirve tanto para la secci\u00f3n de contacto amarilla como para la verde)<\/p>\n            <\/div>\n\n            \n                        <\/div>\n    <\/div>\n<\/div>\n<\/div><\/div><div id=\"panel-19149-1-0-1\" class=\"so-panel widget widget_mtt-product-files panel-last-child\" data-index=\"2\" ><div\n\t\t\t\n\t\t\tclass=\"so-widget-mtt-product-files so-widget-mtt-product-files-base\"\n\t\t\t\n\t\t>    <div class=\"product-files-wrapper no-top-padding\">\n        <div class=\"page_container\">\n            <h2>Download para Tapa final resistente a la abrasi\u00f3n<\/h2>\n            <div class=\"button-wrap\">\n                                                            <a\n                            class=\"button open-modal\"\n                            href=\"#\"\n                            data-id=\"4f21a553-8db7-494b-b01f-f8b451de39a2\"\n                        >\n                            Cat\u00e1logo                        <\/a>\n                                                                        <\/div>\n        <\/div>\n    <\/div>\n    <\/div><\/div><\/div><\/div><div id=\"pg-19149-2\"  class=\"panel-grid panel-no-style\" ><div id=\"pgc-19149-2-0\"  class=\"panel-grid-cell\" ><div id=\"panel-19149-2-0-0\" class=\"so-panel widget widget_mtt-one-col-text panel-first-child panel-last-child\" data-index=\"3\" ><div\n\t\t\t\n\t\t\tclass=\"so-widget-mtt-one-col-text so-widget-mtt-one-col-text-base\"\n\t\t\t\n\t\t>\n<div class=\"mtt-two-col-wrapper no-bottom-padding no-top-padding\">\n    <div class=\"mtt-two-col-container\">\n        <div class=\"mtt-two-col-content formatted_content has-title-one\">\n\t\t\t                <h2>El nuevo Capuch\u00f3n Reemplazable Resistente a la Abrasi\u00f3n:<\/h2>\n                        <div class=\"text-section one-col\">\n                <ul>\n<li>Tiempo de sustituci\u00f3n de 2 a 3 Minutos<\/li>\n<li>Reduce el desgaste para prolongar la vida \u00fatil de los cables<\/li>\n<li>Alarga la vida de tus secciones de contacto de repuesto<\/li>\n<li>Aumentar el ahorro en reparaciones y sustituci\u00f3n de cables<\/li>\n<li>Reduce el tiempo de inactividad por mantenimiento en todas las aplicaciones, ahorrando tiempo y dinero<\/li>\n<\/ul>\n            <\/div>\n\n            \n                        <\/div>\n    <\/div>\n<\/div>\n<\/div><\/div><\/div><\/div><div id=\"pg-19149-3\"  class=\"panel-grid panel-no-style\" ><div id=\"pgc-19149-3-0\"  class=\"panel-grid-cell\" ><div id=\"panel-19149-3-0-0\" class=\"so-panel widget widget_mtt-one-col-text panel-first-child panel-last-child\" data-index=\"4\" ><div\n\t\t\t\n\t\t\tclass=\"so-widget-mtt-one-col-text so-widget-mtt-one-col-text-base\"\n\t\t\t\n\t\t>\n<div class=\"mtt-two-col-wrapper\">\n    <div class=\"mtt-two-col-container\">\n        <div class=\"mtt-two-col-content formatted_content has-title-one\">\n\t\t\t                <h2>\u00bfCu\u00e1ndo ha llegado el momento de sustituir la Tapa Resistente a la Abrasi\u00f3n?<\/h2>\n                        <div class=\"text-section one-col\">\n                <p>La inspecci\u00f3n peri\u00f3dica de los cables es un aspecto cr\u00edtico de cualquier programa de mantenimiento preventivo. Cuando se utilizan tapas, las esquinas se desgastan y dejan al descubierto la secci\u00f3n de contacto, lo que indica que ha llegado el momento de sustituirlas. <\/p>\n            <\/div>\n\n            \n                        <\/div>\n    <\/div>\n<\/div>\n<\/div><\/div><\/div><\/div><div id=\"pg-19149-4\"  class=\"panel-grid panel-no-style\" ><div id=\"pgc-19149-4-0\"  class=\"panel-grid-cell\" ><div id=\"panel-19149-4-0-0\" class=\"so-panel widget widget_mtt-one-col-text panel-first-child\" data-index=\"5\" ><div\n\t\t\t\n\t\t\tclass=\"so-widget-mtt-one-col-text so-widget-mtt-one-col-text-base\"\n\t\t\t\n\t\t>\n<div class=\"mtt-two-col-wrapper no-top-padding\">\n    <div class=\"mtt-two-col-container\">\n        <div class=\"mtt-two-col-content formatted_content has-title-one\">\n\t\t\t                <h2>Anteriormente conocido como J&B Aviation<\/h2>\n                        <div class=\"text-section one-col\">\n                <p>Hasta 2018, la Nueva Gorra Resistente a la Abrasi\u00f3n se vend\u00eda bajo las marcas J&B Aviation.<\/p>\n<p>Lee m\u00e1s sobre <a href=\"https:\/\/itwgse.com\/itw-gse-history\/\" rel=\"noopener\">la historia de nuestra marca<\/a>.<\/p>\n<p>\u00a0<\/p>\n<p><a href=\"https:\/\/itwgse.com\/aircraft-cables\/\">Aqu\u00ed puedes ver todos los cables GSE actuales de ITW<\/a>.<\/p>\n            <\/div>\n\n            \n                        <\/div>\n    <\/div>\n<\/div>\n<\/div><\/div><div id=\"panel-19149-4-0-1\" class=\"so-panel widget widget_mtt-customer-support panel-last-child\" data-index=\"6\" ><div\n\t\t\t\n\t\t\tclass=\"so-widget-mtt-customer-support so-widget-mtt-customer-support-base\"\n\t\t\t\n\t\t>\n<div class=\"mtt-text-image-wrap less-top-padding less-bottom-padding grey-bg\">\n        <!-- Content -->\n    <div class=\"mtt-text-image-container\">\n        <div class=\"mtt-text-image-col\">\n            <div class=\"mtt-text-image-content formatted_content\">\n                                <h2>Atenci\u00f3n al cliente<\/h2>\n                <p><strong>\u00bfC\u00f3mo le podemos ayudar?<\/strong><\/p>\n<p>\u00bfNecesita esquemas, cat\u00e1logos de repuestos o v\u00eddeos de instrucciones?<\/p>\n<p>Use el bot\u00f3n \u201cAsistencia con el producto\u201d. \u00bfTiene preguntas para el equipo de atenci\u00f3n al cliente? Use el bot\u00f3n \u201cContacto con atenci\u00f3n al cliente\u201d. Si tiene alguna duda con respecto a un producto concreto, proporci\u00f3nenos el n\u00famero de serie del producto.<\/p>\n\n                                    <div class=\"button-wrap\">\n                                                    <a href=\"https:\/\/itwgse.com\/es\/support-and-service\/\" class=\"button\">\n                                Asistencia con el producto                            <\/a>\n                                                    <a href=\"https:\/\/itwgse.com\/es\/contacto\/\" class=\"button\">\n                                Contactar con Atenci\u00f3n al cliente                            <\/a>\n                                            <\/div>\n                            <\/div>\n        <\/div>\n                    <div class=\"mtt-text-image-col img center\">\n                <div class=\"mtt-text-image-content\">\n                    <img decoding=\"async\" width=\"1800\" height=\"1023\" src=\"https:\/\/itwgse.com\/wp-content\/uploads\/2018\/06\/ITWGSE_hero_cleanest-1.jpg\" class=\"attachment-full size-full\" alt=\"7400 low noice JK\" srcset=\"https:\/\/itwgse.com\/wp-content\/uploads\/2018\/06\/ITWGSE_hero_cleanest-1.jpg 1800w, https:\/\/itwgse.com\/wp-content\/uploads\/2018\/06\/ITWGSE_hero_cleanest-1-300x171.jpg 300w, https:\/\/itwgse.com\/wp-content\/uploads\/2018\/06\/ITWGSE_hero_cleanest-1-1024x582.jpg 1024w\" sizes=\"(max-width: 1800px) 100vw, 1800px\" \/>                \n                    \n                    \n                <\/div>\n            <\/div>\n            <\/div>\n<\/div>\n\n<script>\nfunction sendEvent(action, element) {\n    var videoTitle = jQuery(element).data('title');  \n\n    if (dataLayer && videoTitle) {\n        dataLayer.push({\n            'event': 'video',\n            'eventCategory': 'Video',\n            'eventAction': action,\n            'eventLabel': videoTitle\n        });\n    }\n    else if (ga && videoTitle) {\n        ga('send', 'event', 'Video', action, videoTitle);\n    }  \n}\n<\/script>\n<\/div><\/div><\/div><\/div><\/div>","protected":false},"excerpt":{"rendered":"<p>Nuestra tapa reemplazable est\u00e1 especialmente dise\u00f1ada con un borde c\u00f3nico para ajustarse con seguridad a cualquier aeronave del mercado que utilice una potencia de 400 Hz.<\/p>\n<p>Estas tapas est\u00e1n dise\u00f1adas espec\u00edficamente para las Secciones de Contacto ITW GSE. Intercambiar las tapas con otras marcas puede provocar conexiones defectuosas y anular\u00e1 la garant\u00eda. <\/p>\n","protected":false},"featured_media":4557,"comment_status":"open","ping_status":"closed","template":"","meta":{"_acf_changed":false,"_relevanssi_hide_post":"","_relevanssi_hide_content":"","_relevanssi_pin_for_all":"","_relevanssi_pin_keywords":"","_relevanssi_unpin_keywords":"","_relevanssi_related_keywords":"","_relevanssi_related_include_ids":"","_relevanssi_related_exclude_ids":"","_relevanssi_related_no_append":"","_relevanssi_related_not_related":"","_relevanssi_related_posts":"","_relevanssi_noindex_reason":""},"product_brand":[],"product_cat":[4546,4466,3591,4470],"product_tag":[],"class_list":{"0":"post-19149","1":"product","2":"type-product","3":"status-publish","4":"has-post-thumbnail","6":"product_cat-cables-itw-gse","7":"product_cat-brochure-catalog-es","8":"product_cat-cables-es","9":"product_cat-cables-and-hoses-es","11":"first","12":"instock","13":"shipping-taxable","14":"purchasable","15":"product-type-simple"},"acf":[],"yoast_head":"<!-- This site is optimized with the Yoast SEO plugin v27.0 - https:\/\/yoast.com\/product\/yoast-seo-wordpress\/ -->\n<title>Capuch\u00f3n resistente a la abrasi\u00f3n - Resistencia, durabilidad y mayor vida \u00fatil<\/title>\n<meta name=\"description\" content=\"Nuestro capuch\u00f3n reemplazable est\u00e1 especialmente dise\u00f1ado con un borde c\u00f3nico para encajar con seguridad en cualquier aeronave del mercado que utilice una potencia de 400 Hz. Estas tapas est\u00e1n dise\u00f1adas espec\u00edficamente para las Secciones de Contacto ITW GSE.\" \/>\n<meta name=\"robots\" content=\"index, follow, max-snippet:-1, max-image-preview:large, max-video-preview:-1\" \/>\n<link rel=\"canonical\" href=\"https:\/\/itwgse.com\/es\/productos\/cables-es\/nueva-tapa-resistente-a-la-abrasion\/\" \/>\n<meta property=\"og:locale\" content=\"es_ES\" \/>\n<meta property=\"og:type\" content=\"article\" \/>\n<meta property=\"og:title\" content=\"Capuch\u00f3n resistente a la abrasi\u00f3n - Resistencia, durabilidad y mayor vida \u00fatil\" \/>\n<meta property=\"og:description\" content=\"Nuestro capuch\u00f3n reemplazable est\u00e1 especialmente dise\u00f1ado con un borde c\u00f3nico para encajar con seguridad en cualquier aeronave del mercado que utilice una potencia de 400 Hz. Estas tapas est\u00e1n dise\u00f1adas espec\u00edficamente para las Secciones de Contacto ITW GSE.\" \/>\n<meta property=\"og:url\" content=\"https:\/\/itwgse.com\/es\/productos\/cables-es\/nueva-tapa-resistente-a-la-abrasion\/\" \/>\n<meta property=\"og:site_name\" content=\"ITW GSE\" \/>\n<meta property=\"article:publisher\" content=\"https:\/\/www.facebook.com\/ITWGSE\/\" \/>\n<meta property=\"article:modified_time\" content=\"2026-03-09T12:38:40+00:00\" \/>\n<meta property=\"og:image\" content=\"https:\/\/itwgse.com\/wp-content\/uploads\/2018\/03\/new-abrasion-resistant-cap_menu.png\" \/>\n\t<meta property=\"og:image:width\" content=\"756\" \/>\n\t<meta property=\"og:image:height\" content=\"623\" \/>\n\t<meta property=\"og:image:type\" content=\"image\/png\" \/>\n<meta name=\"twitter:card\" content=\"summary_large_image\" \/>\n<script type=\"application\/ld+json\" class=\"yoast-schema-graph\">{\"@context\":\"https:\/\/schema.org\",\"@graph\":[{\"@type\":\"WebPage\",\"@id\":\"https:\/\/itwgse.com\/es\/productos\/cables-es\/nueva-tapa-resistente-a-la-abrasion\/\",\"url\":\"https:\/\/itwgse.com\/es\/productos\/cables-es\/nueva-tapa-resistente-a-la-abrasion\/\",\"name\":\"Capuch\u00f3n resistente a la abrasi\u00f3n - Resistencia, durabilidad y mayor vida \u00fatil\",\"isPartOf\":{\"@id\":\"https:\/\/itwgse.com\/#website\"},\"primaryImageOfPage\":{\"@id\":\"https:\/\/itwgse.com\/es\/productos\/cables-es\/nueva-tapa-resistente-a-la-abrasion\/#primaryimage\"},\"image\":{\"@id\":\"https:\/\/itwgse.com\/es\/productos\/cables-es\/nueva-tapa-resistente-a-la-abrasion\/#primaryimage\"},\"thumbnailUrl\":\"https:\/\/itwgse.com\/wp-content\/uploads\/2018\/03\/new-abrasion-resistant-cap_menu.png\",\"datePublished\":\"2018-03-19T19:02:55+00:00\",\"dateModified\":\"2026-03-09T12:38:40+00:00\",\"description\":\"Nuestro capuch\u00f3n reemplazable est\u00e1 especialmente dise\u00f1ado con un borde c\u00f3nico para encajar con seguridad en cualquier aeronave del mercado que utilice una potencia de 400 Hz. Estas tapas est\u00e1n dise\u00f1adas espec\u00edficamente para las Secciones de Contacto ITW GSE.\",\"breadcrumb\":{\"@id\":\"https:\/\/itwgse.com\/es\/productos\/cables-es\/nueva-tapa-resistente-a-la-abrasion\/#breadcrumb\"},\"inLanguage\":\"es\",\"potentialAction\":[{\"@type\":\"ReadAction\",\"target\":[\"https:\/\/itwgse.com\/es\/productos\/cables-es\/nueva-tapa-resistente-a-la-abrasion\/\"]}]},{\"@type\":\"ImageObject\",\"inLanguage\":\"es\",\"@id\":\"https:\/\/itwgse.com\/es\/productos\/cables-es\/nueva-tapa-resistente-a-la-abrasion\/#primaryimage\",\"url\":\"https:\/\/itwgse.com\/wp-content\/uploads\/2018\/03\/new-abrasion-resistant-cap_menu.png\",\"contentUrl\":\"https:\/\/itwgse.com\/wp-content\/uploads\/2018\/03\/new-abrasion-resistant-cap_menu.png\",\"width\":756,\"height\":623,\"caption\":\"Abrasion Resistant Cap\"},{\"@type\":\"BreadcrumbList\",\"@id\":\"https:\/\/itwgse.com\/es\/productos\/cables-es\/nueva-tapa-resistente-a-la-abrasion\/#breadcrumb\",\"itemListElement\":[{\"@type\":\"ListItem\",\"position\":1,\"name\":\"Home\",\"item\":\"https:\/\/itwgse.com\/es\/home\/\"},{\"@type\":\"ListItem\",\"position\":2,\"name\":\"Tapa final resistente a la abrasi\u00f3n\"}]},{\"@type\":\"WebSite\",\"@id\":\"https:\/\/itwgse.com\/#website\",\"url\":\"https:\/\/itwgse.com\/\",\"name\":\"ITW GSE\",\"description\":\"It&#039;s all about connections\",\"publisher\":{\"@id\":\"https:\/\/itwgse.com\/#organization\"},\"potentialAction\":[{\"@type\":\"SearchAction\",\"target\":{\"@type\":\"EntryPoint\",\"urlTemplate\":\"https:\/\/itwgse.com\/?s={search_term_string}\"},\"query-input\":{\"@type\":\"PropertyValueSpecification\",\"valueRequired\":true,\"valueName\":\"search_term_string\"}}],\"inLanguage\":\"es\"},{\"@type\":\"Organization\",\"@id\":\"https:\/\/itwgse.com\/#organization\",\"name\":\"ITW GSE\",\"url\":\"https:\/\/itwgse.com\/\",\"logo\":{\"@type\":\"ImageObject\",\"inLanguage\":\"es\",\"@id\":\"https:\/\/itwgse.com\/#\/schema\/logo\/image\/\",\"url\":\"https:\/\/itwgse.com\/wp-content\/uploads\/2018\/11\/logo.png\",\"contentUrl\":\"https:\/\/itwgse.com\/wp-content\/uploads\/2018\/11\/logo.png\",\"width\":302,\"height\":237,\"caption\":\"ITW GSE\"},\"image\":{\"@id\":\"https:\/\/itwgse.com\/#\/schema\/logo\/image\/\"},\"sameAs\":[\"https:\/\/www.facebook.com\/ITWGSE\/\",\"https:\/\/www.linkedin.com\/company\/itw-gse\/\",\"https:\/\/www.youtube.com\/channel\/UCTUIMvyaOPfYIqzP8enZ8yw\"]}]}<\/script>\n<!-- \/ Yoast SEO plugin. -->","yoast_head_json":{"title":"Capuch\u00f3n resistente a la abrasi\u00f3n - Resistencia, durabilidad y mayor vida \u00fatil","description":"Nuestro capuch\u00f3n reemplazable est\u00e1 especialmente dise\u00f1ado con un borde c\u00f3nico para encajar con seguridad en cualquier aeronave del mercado que utilice una potencia de 400 Hz. Estas tapas est\u00e1n dise\u00f1adas espec\u00edficamente para las Secciones de Contacto ITW GSE.","robots":{"index":"index","follow":"follow","max-snippet":"max-snippet:-1","max-image-preview":"max-image-preview:large","max-video-preview":"max-video-preview:-1"},"canonical":"https:\/\/itwgse.com\/es\/productos\/cables-es\/nueva-tapa-resistente-a-la-abrasion\/","og_locale":"es_ES","og_type":"article","og_title":"Capuch\u00f3n resistente a la abrasi\u00f3n - Resistencia, durabilidad y mayor vida \u00fatil","og_description":"Nuestro capuch\u00f3n reemplazable est\u00e1 especialmente dise\u00f1ado con un borde c\u00f3nico para encajar con seguridad en cualquier aeronave del mercado que utilice una potencia de 400 Hz. Estas tapas est\u00e1n dise\u00f1adas espec\u00edficamente para las Secciones de Contacto ITW GSE.","og_url":"https:\/\/itwgse.com\/es\/productos\/cables-es\/nueva-tapa-resistente-a-la-abrasion\/","og_site_name":"ITW GSE","article_publisher":"https:\/\/www.facebook.com\/ITWGSE\/","article_modified_time":"2026-03-09T12:38:40+00:00","og_image":[{"width":756,"height":623,"url":"https:\/\/itwgse.com\/wp-content\/uploads\/2018\/03\/new-abrasion-resistant-cap_menu.png","type":"image\/png"}],"twitter_card":"summary_large_image","schema":{"@context":"https:\/\/schema.org","@graph":[{"@type":"WebPage","@id":"https:\/\/itwgse.com\/es\/productos\/cables-es\/nueva-tapa-resistente-a-la-abrasion\/","url":"https:\/\/itwgse.com\/es\/productos\/cables-es\/nueva-tapa-resistente-a-la-abrasion\/","name":"Capuch\u00f3n resistente a la abrasi\u00f3n - Resistencia, durabilidad y mayor vida \u00fatil","isPartOf":{"@id":"https:\/\/itwgse.com\/#website"},"primaryImageOfPage":{"@id":"https:\/\/itwgse.com\/es\/productos\/cables-es\/nueva-tapa-resistente-a-la-abrasion\/#primaryimage"},"image":{"@id":"https:\/\/itwgse.com\/es\/productos\/cables-es\/nueva-tapa-resistente-a-la-abrasion\/#primaryimage"},"thumbnailUrl":"https:\/\/itwgse.com\/wp-content\/uploads\/2018\/03\/new-abrasion-resistant-cap_menu.png","datePublished":"2018-03-19T19:02:55+00:00","dateModified":"2026-03-09T12:38:40+00:00","description":"Nuestro capuch\u00f3n reemplazable est\u00e1 especialmente dise\u00f1ado con un borde c\u00f3nico para encajar con seguridad en cualquier aeronave del mercado que utilice una potencia de 400 Hz. Estas tapas est\u00e1n dise\u00f1adas espec\u00edficamente para las Secciones de Contacto ITW GSE.","breadcrumb":{"@id":"https:\/\/itwgse.com\/es\/productos\/cables-es\/nueva-tapa-resistente-a-la-abrasion\/#breadcrumb"},"inLanguage":"es","potentialAction":[{"@type":"ReadAction","target":["https:\/\/itwgse.com\/es\/productos\/cables-es\/nueva-tapa-resistente-a-la-abrasion\/"]}]},{"@type":"ImageObject","inLanguage":"es","@id":"https:\/\/itwgse.com\/es\/productos\/cables-es\/nueva-tapa-resistente-a-la-abrasion\/#primaryimage","url":"https:\/\/itwgse.com\/wp-content\/uploads\/2018\/03\/new-abrasion-resistant-cap_menu.png","contentUrl":"https:\/\/itwgse.com\/wp-content\/uploads\/2018\/03\/new-abrasion-resistant-cap_menu.png","width":756,"height":623,"caption":"Abrasion Resistant Cap"},{"@type":"BreadcrumbList","@id":"https:\/\/itwgse.com\/es\/productos\/cables-es\/nueva-tapa-resistente-a-la-abrasion\/#breadcrumb","itemListElement":[{"@type":"ListItem","position":1,"name":"Home","item":"https:\/\/itwgse.com\/es\/home\/"},{"@type":"ListItem","position":2,"name":"Tapa final resistente a la abrasi\u00f3n"}]},{"@type":"WebSite","@id":"https:\/\/itwgse.com\/#website","url":"https:\/\/itwgse.com\/","name":"ITW GSE","description":"It&#039;s all about connections","publisher":{"@id":"https:\/\/itwgse.com\/#organization"},"potentialAction":[{"@type":"SearchAction","target":{"@type":"EntryPoint","urlTemplate":"https:\/\/itwgse.com\/?s={search_term_string}"},"query-input":{"@type":"PropertyValueSpecification","valueRequired":true,"valueName":"search_term_string"}}],"inLanguage":"es"},{"@type":"Organization","@id":"https:\/\/itwgse.com\/#organization","name":"ITW GSE","url":"https:\/\/itwgse.com\/","logo":{"@type":"ImageObject","inLanguage":"es","@id":"https:\/\/itwgse.com\/#\/schema\/logo\/image\/","url":"https:\/\/itwgse.com\/wp-content\/uploads\/2018\/11\/logo.png","contentUrl":"https:\/\/itwgse.com\/wp-content\/uploads\/2018\/11\/logo.png","width":302,"height":237,"caption":"ITW GSE"},"image":{"@id":"https:\/\/itwgse.com\/#\/schema\/logo\/image\/"},"sameAs":["https:\/\/www.facebook.com\/ITWGSE\/","https:\/\/www.linkedin.com\/company\/itw-gse\/","https:\/\/www.youtube.com\/channel\/UCTUIMvyaOPfYIqzP8enZ8yw"]}]}},"_links":{"self":[{"href":"https:\/\/itwgse.com\/es\/wp-json\/wp\/v2\/product\/19149","targetHints":{"allow":["GET"]}}],"collection":[{"href":"https:\/\/itwgse.com\/es\/wp-json\/wp\/v2\/product"}],"about":[{"href":"https:\/\/itwgse.com\/es\/wp-json\/wp\/v2\/types\/product"}],"replies":[{"embeddable":true,"href":"https:\/\/itwgse.com\/es\/wp-json\/wp\/v2\/comments?post=19149"}],"wp:featuredmedia":[{"embeddable":true,"href":"https:\/\/itwgse.com\/es\/wp-json\/wp\/v2\/media\/4557"}],"wp:attachment":[{"href":"https:\/\/itwgse.com\/es\/wp-json\/wp\/v2\/media?parent=19149"}],"wp:term":[{"taxonomy":"product_brand","embeddable":true,"href":"https:\/\/itwgse.com\/es\/wp-json\/wp\/v2\/product_brand?post=19149"},{"taxonomy":"product_cat","embeddable":true,"href":"https:\/\/itwgse.com\/es\/wp-json\/wp\/v2\/product_cat?post=19149"},{"taxonomy":"product_tag","embeddable":true,"href":"https:\/\/itwgse.com\/es\/wp-json\/wp\/v2\/product_tag?post=19149"}],"curies":[{"name":"wp","href":"https:\/\/api.w.org\/{rel}","templated":true}]}}