{"id":19154,"date":"2018-03-19T12:13:51","date_gmt":"2018-03-19T11:13:51","guid":{"rendered":"https:\/\/itwgse.com\/?post_type=product&#038;p=19154"},"modified":"2026-03-09T13:39:18","modified_gmt":"2026-03-09T12:39:18","slug":"productos-de-pca-velcro-sin-tira-protectora-de-abrasion","status":"publish","type":"product","link":"https:\/\/itwgse.com\/es\/productos\/mangueras\/productos-de-pca-velcro-sin-tira-protectora-de-abrasion\/","title":{"rendered":"Productos PCA Velcro &#8211; Sin rozaduras"},"content":{"rendered":"<div id=\"pl-19154\"  class=\"panel-layout\" ><div id=\"pg-19154-0\"  class=\"panel-grid panel-no-style\" ><div id=\"pgc-19154-0-0\"  class=\"panel-grid-cell\" ><div id=\"panel-19154-0-0-0\" class=\"so-panel widget widget_mtt-cover-section panel-first-child\" data-index=\"0\" ><div\n\t\t\t\n\t\t\tclass=\"so-widget-mtt-cover-section so-widget-mtt-cover-section-base\"\n\t\t\t\n\t\t>\n<div class=\"mtt-cover-section-wrap product\">\n    <div class=\"mtt-cover-product-container\">\n        <div class=\"mtt-cover-section-text-wrap\">\n            <img decoding=\"async\" width=\"1130\" height=\"465\" src=\"https:\/\/itwgse.com\/wp-content\/uploads\/2018\/03\/PCA-Products-Velcro-\u2013-No-Scuff_menu.png\" class=\"cover-product\" alt=\"PCA Products Velcro \u2013 No Scuff Aircraft hoses\" srcset=\"https:\/\/itwgse.com\/wp-content\/uploads\/2018\/03\/PCA-Products-Velcro-\u2013-No-Scuff_menu.png 1130w, https:\/\/itwgse.com\/wp-content\/uploads\/2018\/03\/PCA-Products-Velcro-\u2013-No-Scuff_menu-300x123.png 300w, https:\/\/itwgse.com\/wp-content\/uploads\/2018\/03\/PCA-Products-Velcro-\u2013-No-Scuff_menu-1024x421.png 1024w, https:\/\/itwgse.com\/wp-content\/uploads\/2018\/03\/PCA-Products-Velcro-\u2013-No-Scuff_menu-900x370.png 900w, https:\/\/itwgse.com\/wp-content\/uploads\/2018\/03\/PCA-Products-Velcro-\u2013-No-Scuff_menu-750x309.png 750w, https:\/\/itwgse.com\/wp-content\/uploads\/2018\/03\/PCA-Products-Velcro-\u2013-No-Scuff_menu-768x316.png 768w, https:\/\/itwgse.com\/wp-content\/uploads\/2018\/03\/PCA-Products-Velcro-\u2013-No-Scuff_menu-600x247.png 600w\" sizes=\"(max-width: 1130px) 100vw, 1130px\" \/>            <div class=\"mtt-cover-section-text\">\n                                <span class=\"tagline\"><\/span>\n                <h1>Productos PCA Velcro &#8211; Sin rozaduras<\/h1>\n                <div class=\"text\"><p>ITW GSE es el principal proveedor de Conductos PCA. El conducto plano PCA, compacto y aislado, es un conducto de calefacci\u00f3n y aire acondicionado extremadamente flexible. Est\u00e1 fabricado sin refuerzo de alambre, lo que permite aplanarlo y enrollarlo cuando no se utiliza para almacenarlo de forma compacta.  <\/p>\n<\/div>\n                <input type=\"hidden\" name=\"product\" value=\"19154\">\n\n                    <div class=\"button-wrap\">\n                        <a class=\"button mtt-support-box modal\" data-flow=\"request-quotation\" data-template=\"request-form\"\n                           data-product_id=\"19154\" data-previous_no_pagination=\"true\">Solicitar Producto<\/a>\n\n                                                                                    <a\n                                    href=\"\"\n                                    class=\"button  open-brochure-modal\"\n                                >\n                                    Folleto                                <\/a>\n                                                                        <\/div>\n\n            <\/div>\n        <\/div>\n    <\/div>\n    <div class=\"mtt-cover-product-background no-background\" >\n                <div class=\"mtt-cover-product-background-image\">\n                        <img decoding=\"async\"  src=\"https:\/\/itwgse.com\/wp-content\/themes\/mtt-standard-theme\/assets\/img\/cover\/itwgse_cut_wide.svg\" class=\"itwgse-cut\">        <\/div>\n\n        <div class=\"mtt-cover-product small\">\n            <img decoding=\"async\" width=\"1200\" height=\"740\" src=\"https:\/\/itwgse.com\/wp-content\/uploads\/2018\/03\/PCA-Products-Velcro-\u2013-No-Scuff-2-1200x740.png\" class=\"attachment-1200x740x size-1200x740x\" alt=\"Aircraft hoses\" srcset=\"https:\/\/itwgse.com\/wp-content\/uploads\/2018\/03\/PCA-Products-Velcro-\u2013-No-Scuff-2.png 1200w, https:\/\/itwgse.com\/wp-content\/uploads\/2018\/03\/PCA-Products-Velcro-\u2013-No-Scuff-2-300x185.png 300w, https:\/\/itwgse.com\/wp-content\/uploads\/2018\/03\/PCA-Products-Velcro-\u2013-No-Scuff-2-1024x631.png 1024w\" sizes=\"(max-width: 1200px) 100vw, 1200px\" \/>        <\/div>\n    <\/div>\n<\/div><\/div><\/div><div id=\"panel-19154-0-0-1\" class=\"so-panel widget widget_mtt-two-col-text\" data-index=\"1\" ><div\n\t\t\t\n\t\t\tclass=\"so-widget-mtt-two-col-text so-widget-mtt-two-col-text-base\"\n\t\t\t\n\t\t>\n<div class=\"mtt-two-col-wrapper no-bottom-padding\">\n    <div class=\"mtt-two-col-container\">\n        <div class=\"mtt-two-col-content\">\n                        <div class=\"text-section\">\n                <div class=\"col formatted_content\"><p>La manguera de conducto plano est\u00e1 fabricada con tejido recubierto de vinilo de dos capas, flexible y muy resistente a la abrasi\u00f3n. La construcci\u00f3n interior es de nailon antidesgarro con aislamiento a prueba de humedad entre las capas. Estos conductos planos vienen con velcro para unir f\u00e1cilmente secciones adicionales formando conjuntos de conductos m\u00e1s largos.  <\/p>\n<div class=\"pcl_tooltip_box\" style=\"display: none;\">\n<p>Imagen ya a\u00f1adida<\/p>\n<div class=\"arrow border\"><\/div>\n<div class=\"arrow\"><\/div>\n<\/div>\n<div class=\"pcl_global_mask\" style=\"display: none;\"><\/div>\n<\/div>\n                <div class=\"col formatted_content\"><h3>Caracter\u00edsticas<\/h3>\n<ul>\n<li>Tiras de velcro en los pu\u00f1os para permitir montajes de conductos m\u00e1s largos<\/li>\n<li>Disponible con di\u00e1metros interiores de 14\u2033.<\/li>\n<li>Tolerante a variaciones de temperatura de -40\u00ba F a +125\u00ba F<\/li>\n<li>Valor R m\u00ednimo de 8,0 o superior<\/li>\n<li>Tambi\u00e9n disponibles conductos reforzados con alambre<\/li>\n<\/ul>\n<p><em>Para m\u00e1s detalles y opciones, <a href=\"https:\/\/itwgse.com\/our-team\/?employee_expertise%5B0%5D=hoses\">ponte en contacto con tu Jefe de Ventas de Zona<\/a>.<\/em><\/p>\n<div class=\"pcl_tooltip_box\" style=\"display: none;\">\n<p>Imagen ya a\u00f1adida<\/p>\n<div class=\"arrow border\"><\/div>\n<div class=\"arrow\"><\/div>\n<\/div>\n<div class=\"pcl_global_mask\" style=\"display: none;\"><\/div>\n                                    <\/div>\n            <\/div>\n                    <\/div>\n    <\/div>\n<\/div><\/div><\/div><div id=\"panel-19154-0-0-2\" class=\"so-panel widget widget_mtt-product-files\" data-index=\"2\" ><div\n\t\t\t\n\t\t\tclass=\"so-widget-mtt-product-files so-widget-mtt-product-files-base\"\n\t\t\t\n\t\t>    <div class=\"product-files-wrapper\">\n        <div class=\"page_container\">\n            <h2>Download para Productos PCA Velcro &#8211; Sin rozaduras<\/h2>\n            <div class=\"button-wrap\">\n                                                            <a\n                            class=\"button open-modal\"\n                            href=\"#\"\n                            data-id=\"4b261431-ddab-4710-9ec9-e92a4d52cd0f\"\n                        >\n                            Cat\u00e1logo                        <\/a>\n                                                                        <\/div>\n        <\/div>\n    <\/div>\n    <\/div><\/div><div id=\"panel-19154-0-0-3\" class=\"so-panel widget widget_mtt-one-col-text\" data-index=\"3\" ><div\n\t\t\t\n\t\t\tclass=\"so-widget-mtt-one-col-text so-widget-mtt-one-col-text-base\"\n\t\t\t\n\t\t>\n<div class=\"mtt-two-col-wrapper no-top-padding\">\n    <div class=\"mtt-two-col-container\">\n        <div class=\"mtt-two-col-content formatted_content\">\n\t\t\t            <div class=\"text-section one-col\">\n                <img decoding=\"async\" class=\"size-full wp-image-4595 aligncenter\" src=\"https:\/\/itwgse.com\/wp-content\/uploads\/2018\/03\/pca-duct-with-velcro.png\" alt=\"\" width=\"1000\" height=\"267\" srcset=\"https:\/\/itwgse.com\/wp-content\/uploads\/2018\/03\/pca-duct-with-velcro.png 1000w, https:\/\/itwgse.com\/wp-content\/uploads\/2018\/03\/pca-duct-with-velcro-300x80.png 300w\" sizes=\"(max-width: 1000px) 100vw, 1000px\" \/>            <\/div>\n\n            \n                        <\/div>\n    <\/div>\n<\/div>\n<\/div><\/div><div id=\"panel-19154-0-0-4\" class=\"so-panel widget widget_mtt-one-col-text\" data-index=\"4\" ><div\n\t\t\t\n\t\t\tclass=\"so-widget-mtt-one-col-text so-widget-mtt-one-col-text-base\"\n\t\t\t\n\t\t>\n<div class=\"mtt-two-col-wrapper no-top-padding\">\n    <div class=\"mtt-two-col-container\">\n        <div class=\"mtt-two-col-content formatted_content has-title-one\">\n\t\t\t                <h2>Antes conocida como manguera Air-A-Plane de J&B Aviation<\/h2>\n                        <div class=\"text-section one-col\">\n                <p>Hasta 2018, la manguera PCA Products Velcro - Non Scuff se vend\u00eda bajo la marca J&B Aviation Air-A-Plane.<\/p>\n<p>Lee m\u00e1s sobre <a href=\"https:\/\/itwgse.com\/about-itw-gse\/\" target=\"_blank\" rel=\"noopener\">la historia de nuestra marca<\/a>.<\/p>\n<p>\u00a0<\/p>\n<p><a href=\"https:\/\/itwgse.com\/aircraft-hoses\/\">Aqu\u00ed puedes ver todas las mangueras ITW GSE<\/a> actuales.<\/p>\n            <\/div>\n\n            \n                        <\/div>\n    <\/div>\n<\/div>\n<\/div><\/div><div id=\"panel-19154-0-0-5\" class=\"so-panel widget widget_mtt-customer-support panel-last-child\" data-index=\"5\" ><div\n\t\t\t\n\t\t\tclass=\"so-widget-mtt-customer-support so-widget-mtt-customer-support-base\"\n\t\t\t\n\t\t>\n<div class=\"mtt-text-image-wrap less-top-padding less-bottom-padding grey-bg\">\n        <!-- Content -->\n    <div class=\"mtt-text-image-container\">\n        <div class=\"mtt-text-image-col\">\n            <div class=\"mtt-text-image-content formatted_content\">\n                                <h2>Atenci\u00f3n al cliente<\/h2>\n                <p><strong>\u00bfC\u00f3mo le podemos ayudar?<\/strong><\/p>\n<p>\u00bfNecesita esquemas, cat\u00e1logos de repuestos o v\u00eddeos de instrucciones?<\/p>\n<p>Use el bot\u00f3n \u201cAsistencia con el producto\u201d. \u00bfTiene preguntas para el equipo de atenci\u00f3n al cliente? Use el bot\u00f3n \u201cContacto con atenci\u00f3n al cliente\u201d. Si tiene alguna duda con respecto a un producto concreto, proporci\u00f3nenos el n\u00famero de serie del producto.<\/p>\n\n                                    <div class=\"button-wrap\">\n                                                    <a href=\"https:\/\/itwgse.com\/es\/support-and-service\/\" class=\"button\">\n                                Asistencia con el producto                            <\/a>\n                                                    <a href=\"https:\/\/itwgse.com\/es\/contacto\/\" class=\"button\">\n                                Contactar con Atenci\u00f3n al cliente                            <\/a>\n                                            <\/div>\n                            <\/div>\n        <\/div>\n                    <div class=\"mtt-text-image-col img center\">\n                <div class=\"mtt-text-image-content\">\n                    <img decoding=\"async\" width=\"1800\" height=\"1023\" src=\"https:\/\/itwgse.com\/wp-content\/uploads\/2018\/06\/ITWGSE_hero_cleanest-1.jpg\" class=\"attachment-full size-full\" alt=\"7400 low noice JK\" srcset=\"https:\/\/itwgse.com\/wp-content\/uploads\/2018\/06\/ITWGSE_hero_cleanest-1.jpg 1800w, https:\/\/itwgse.com\/wp-content\/uploads\/2018\/06\/ITWGSE_hero_cleanest-1-300x171.jpg 300w, https:\/\/itwgse.com\/wp-content\/uploads\/2018\/06\/ITWGSE_hero_cleanest-1-1024x582.jpg 1024w\" sizes=\"(max-width: 1800px) 100vw, 1800px\" \/>                \n                    \n                    \n                <\/div>\n            <\/div>\n            <\/div>\n<\/div>\n\n<script>\nfunction sendEvent(action, element) {\n    var videoTitle = jQuery(element).data('title');  \n\n    if (dataLayer && videoTitle) {\n        dataLayer.push({\n            'event': 'video',\n            'eventCategory': 'Video',\n            'eventAction': action,\n            'eventLabel': videoTitle\n        });\n    }\n    else if (ga && videoTitle) {\n        ga('send', 'event', 'Video', action, videoTitle);\n    }  \n}\n<\/script>\n<\/div><\/div><\/div><\/div><\/div>","protected":false},"excerpt":{"rendered":"<p>Mangueras de aire preacondicionado<\/p>\n","protected":false},"featured_media":4543,"comment_status":"open","ping_status":"closed","template":"","meta":{"_acf_changed":false,"_relevanssi_hide_post":"","_relevanssi_hide_content":"","_relevanssi_pin_for_all":"","_relevanssi_pin_keywords":"","_relevanssi_unpin_keywords":"","_relevanssi_related_keywords":"","_relevanssi_related_include_ids":"","_relevanssi_related_exclude_ids":"","_relevanssi_related_no_append":"","_relevanssi_related_not_related":"","_relevanssi_related_posts":"","_relevanssi_noindex_reason":""},"product_brand":[],"product_cat":[4466,4470,3590],"product_tag":[],"class_list":{"0":"post-19154","1":"product","2":"type-product","3":"status-publish","4":"has-post-thumbnail","6":"product_cat-brochure-catalog-es","7":"product_cat-cables-and-hoses-es","8":"product_cat-mangueras","10":"first","11":"instock","12":"shipping-taxable","13":"purchasable","14":"product-type-simple"},"acf":[],"yoast_head":"<!-- This site is optimized with the Yoast SEO plugin v27.0 - https:\/\/yoast.com\/product\/yoast-seo-wordpress\/ -->\n<title>Productos PCA Velcro - Conducto plano compacto y aislado PCA | ITW GSE<\/title>\n<meta name=\"description\" content=\"El Velcro sin rozaduras de PCA Products es un conducto plano PCA para calefacci\u00f3n y aire acondicionado extremadamente flexible. ITW GSE es el principal proveedor de Mangueras PCA.\" \/>\n<meta name=\"robots\" content=\"index, follow, max-snippet:-1, max-image-preview:large, max-video-preview:-1\" \/>\n<link rel=\"canonical\" href=\"https:\/\/itwgse.com\/es\/productos\/mangueras\/productos-de-pca-velcro-sin-tira-protectora-de-abrasion\/\" \/>\n<meta property=\"og:locale\" content=\"es_ES\" \/>\n<meta property=\"og:type\" content=\"article\" \/>\n<meta property=\"og:title\" content=\"Productos PCA Velcro - Conducto plano compacto y aislado PCA | ITW GSE\" \/>\n<meta property=\"og:description\" content=\"El Velcro sin rozaduras de PCA Products es un conducto plano PCA para calefacci\u00f3n y aire acondicionado extremadamente flexible. ITW GSE es el principal proveedor de Mangueras PCA.\" \/>\n<meta property=\"og:url\" content=\"https:\/\/itwgse.com\/es\/productos\/mangueras\/productos-de-pca-velcro-sin-tira-protectora-de-abrasion\/\" \/>\n<meta property=\"og:site_name\" content=\"ITW GSE\" \/>\n<meta property=\"article:publisher\" content=\"https:\/\/www.facebook.com\/ITWGSE\/\" \/>\n<meta property=\"article:modified_time\" content=\"2026-03-09T12:39:18+00:00\" \/>\n<meta property=\"og:image\" content=\"https:\/\/itwgse.com\/wp-content\/uploads\/2018\/03\/PCA-Products-Velcro-\u2013-No-Scuff_menu.png\" \/>\n\t<meta property=\"og:image:width\" content=\"1130\" \/>\n\t<meta property=\"og:image:height\" content=\"465\" \/>\n\t<meta property=\"og:image:type\" content=\"image\/png\" \/>\n<meta name=\"twitter:card\" content=\"summary_large_image\" \/>\n<script type=\"application\/ld+json\" class=\"yoast-schema-graph\">{\"@context\":\"https:\/\/schema.org\",\"@graph\":[{\"@type\":\"WebPage\",\"@id\":\"https:\/\/itwgse.com\/es\/productos\/mangueras\/productos-de-pca-velcro-sin-tira-protectora-de-abrasion\/\",\"url\":\"https:\/\/itwgse.com\/es\/productos\/mangueras\/productos-de-pca-velcro-sin-tira-protectora-de-abrasion\/\",\"name\":\"Productos PCA Velcro - Conducto plano compacto y aislado PCA | ITW GSE\",\"isPartOf\":{\"@id\":\"https:\/\/itwgse.com\/#website\"},\"primaryImageOfPage\":{\"@id\":\"https:\/\/itwgse.com\/es\/productos\/mangueras\/productos-de-pca-velcro-sin-tira-protectora-de-abrasion\/#primaryimage\"},\"image\":{\"@id\":\"https:\/\/itwgse.com\/es\/productos\/mangueras\/productos-de-pca-velcro-sin-tira-protectora-de-abrasion\/#primaryimage\"},\"thumbnailUrl\":\"https:\/\/itwgse.com\/wp-content\/uploads\/2018\/03\/PCA-Products-Velcro-\u2013-No-Scuff_menu.png\",\"datePublished\":\"2018-03-19T11:13:51+00:00\",\"dateModified\":\"2026-03-09T12:39:18+00:00\",\"description\":\"El Velcro sin rozaduras de PCA Products es un conducto plano PCA para calefacci\u00f3n y aire acondicionado extremadamente flexible. ITW GSE es el principal proveedor de Mangueras PCA.\",\"breadcrumb\":{\"@id\":\"https:\/\/itwgse.com\/es\/productos\/mangueras\/productos-de-pca-velcro-sin-tira-protectora-de-abrasion\/#breadcrumb\"},\"inLanguage\":\"es\",\"potentialAction\":[{\"@type\":\"ReadAction\",\"target\":[\"https:\/\/itwgse.com\/es\/productos\/mangueras\/productos-de-pca-velcro-sin-tira-protectora-de-abrasion\/\"]}]},{\"@type\":\"ImageObject\",\"inLanguage\":\"es\",\"@id\":\"https:\/\/itwgse.com\/es\/productos\/mangueras\/productos-de-pca-velcro-sin-tira-protectora-de-abrasion\/#primaryimage\",\"url\":\"https:\/\/itwgse.com\/wp-content\/uploads\/2018\/03\/PCA-Products-Velcro-\u2013-No-Scuff_menu.png\",\"contentUrl\":\"https:\/\/itwgse.com\/wp-content\/uploads\/2018\/03\/PCA-Products-Velcro-\u2013-No-Scuff_menu.png\",\"width\":1130,\"height\":465,\"caption\":\"PCA Products Velcro \u2013 No Scuff Aircraft hoses\"},{\"@type\":\"BreadcrumbList\",\"@id\":\"https:\/\/itwgse.com\/es\/productos\/mangueras\/productos-de-pca-velcro-sin-tira-protectora-de-abrasion\/#breadcrumb\",\"itemListElement\":[{\"@type\":\"ListItem\",\"position\":1,\"name\":\"Home\",\"item\":\"https:\/\/itwgse.com\/es\/home\/\"},{\"@type\":\"ListItem\",\"position\":2,\"name\":\"Productos PCA Velcro &#8211; Sin rozaduras\"}]},{\"@type\":\"WebSite\",\"@id\":\"https:\/\/itwgse.com\/#website\",\"url\":\"https:\/\/itwgse.com\/\",\"name\":\"ITW GSE\",\"description\":\"It&#039;s all about connections\",\"publisher\":{\"@id\":\"https:\/\/itwgse.com\/#organization\"},\"potentialAction\":[{\"@type\":\"SearchAction\",\"target\":{\"@type\":\"EntryPoint\",\"urlTemplate\":\"https:\/\/itwgse.com\/?s={search_term_string}\"},\"query-input\":{\"@type\":\"PropertyValueSpecification\",\"valueRequired\":true,\"valueName\":\"search_term_string\"}}],\"inLanguage\":\"es\"},{\"@type\":\"Organization\",\"@id\":\"https:\/\/itwgse.com\/#organization\",\"name\":\"ITW GSE\",\"url\":\"https:\/\/itwgse.com\/\",\"logo\":{\"@type\":\"ImageObject\",\"inLanguage\":\"es\",\"@id\":\"https:\/\/itwgse.com\/#\/schema\/logo\/image\/\",\"url\":\"https:\/\/itwgse.com\/wp-content\/uploads\/2018\/11\/logo.png\",\"contentUrl\":\"https:\/\/itwgse.com\/wp-content\/uploads\/2018\/11\/logo.png\",\"width\":302,\"height\":237,\"caption\":\"ITW GSE\"},\"image\":{\"@id\":\"https:\/\/itwgse.com\/#\/schema\/logo\/image\/\"},\"sameAs\":[\"https:\/\/www.facebook.com\/ITWGSE\/\",\"https:\/\/www.linkedin.com\/company\/itw-gse\/\",\"https:\/\/www.youtube.com\/channel\/UCTUIMvyaOPfYIqzP8enZ8yw\"]}]}<\/script>\n<!-- \/ Yoast SEO plugin. -->","yoast_head_json":{"title":"Productos PCA Velcro - Conducto plano compacto y aislado PCA | ITW GSE","description":"El Velcro sin rozaduras de PCA Products es un conducto plano PCA para calefacci\u00f3n y aire acondicionado extremadamente flexible. ITW GSE es el principal proveedor de Mangueras PCA.","robots":{"index":"index","follow":"follow","max-snippet":"max-snippet:-1","max-image-preview":"max-image-preview:large","max-video-preview":"max-video-preview:-1"},"canonical":"https:\/\/itwgse.com\/es\/productos\/mangueras\/productos-de-pca-velcro-sin-tira-protectora-de-abrasion\/","og_locale":"es_ES","og_type":"article","og_title":"Productos PCA Velcro - Conducto plano compacto y aislado PCA | ITW GSE","og_description":"El Velcro sin rozaduras de PCA Products es un conducto plano PCA para calefacci\u00f3n y aire acondicionado extremadamente flexible. ITW GSE es el principal proveedor de Mangueras PCA.","og_url":"https:\/\/itwgse.com\/es\/productos\/mangueras\/productos-de-pca-velcro-sin-tira-protectora-de-abrasion\/","og_site_name":"ITW GSE","article_publisher":"https:\/\/www.facebook.com\/ITWGSE\/","article_modified_time":"2026-03-09T12:39:18+00:00","og_image":[{"width":1130,"height":465,"url":"https:\/\/itwgse.com\/wp-content\/uploads\/2018\/03\/PCA-Products-Velcro-\u2013-No-Scuff_menu.png","type":"image\/png"}],"twitter_card":"summary_large_image","schema":{"@context":"https:\/\/schema.org","@graph":[{"@type":"WebPage","@id":"https:\/\/itwgse.com\/es\/productos\/mangueras\/productos-de-pca-velcro-sin-tira-protectora-de-abrasion\/","url":"https:\/\/itwgse.com\/es\/productos\/mangueras\/productos-de-pca-velcro-sin-tira-protectora-de-abrasion\/","name":"Productos PCA Velcro - Conducto plano compacto y aislado PCA | ITW GSE","isPartOf":{"@id":"https:\/\/itwgse.com\/#website"},"primaryImageOfPage":{"@id":"https:\/\/itwgse.com\/es\/productos\/mangueras\/productos-de-pca-velcro-sin-tira-protectora-de-abrasion\/#primaryimage"},"image":{"@id":"https:\/\/itwgse.com\/es\/productos\/mangueras\/productos-de-pca-velcro-sin-tira-protectora-de-abrasion\/#primaryimage"},"thumbnailUrl":"https:\/\/itwgse.com\/wp-content\/uploads\/2018\/03\/PCA-Products-Velcro-\u2013-No-Scuff_menu.png","datePublished":"2018-03-19T11:13:51+00:00","dateModified":"2026-03-09T12:39:18+00:00","description":"El Velcro sin rozaduras de PCA Products es un conducto plano PCA para calefacci\u00f3n y aire acondicionado extremadamente flexible. ITW GSE es el principal proveedor de Mangueras PCA.","breadcrumb":{"@id":"https:\/\/itwgse.com\/es\/productos\/mangueras\/productos-de-pca-velcro-sin-tira-protectora-de-abrasion\/#breadcrumb"},"inLanguage":"es","potentialAction":[{"@type":"ReadAction","target":["https:\/\/itwgse.com\/es\/productos\/mangueras\/productos-de-pca-velcro-sin-tira-protectora-de-abrasion\/"]}]},{"@type":"ImageObject","inLanguage":"es","@id":"https:\/\/itwgse.com\/es\/productos\/mangueras\/productos-de-pca-velcro-sin-tira-protectora-de-abrasion\/#primaryimage","url":"https:\/\/itwgse.com\/wp-content\/uploads\/2018\/03\/PCA-Products-Velcro-\u2013-No-Scuff_menu.png","contentUrl":"https:\/\/itwgse.com\/wp-content\/uploads\/2018\/03\/PCA-Products-Velcro-\u2013-No-Scuff_menu.png","width":1130,"height":465,"caption":"PCA Products Velcro \u2013 No Scuff Aircraft hoses"},{"@type":"BreadcrumbList","@id":"https:\/\/itwgse.com\/es\/productos\/mangueras\/productos-de-pca-velcro-sin-tira-protectora-de-abrasion\/#breadcrumb","itemListElement":[{"@type":"ListItem","position":1,"name":"Home","item":"https:\/\/itwgse.com\/es\/home\/"},{"@type":"ListItem","position":2,"name":"Productos PCA Velcro &#8211; Sin rozaduras"}]},{"@type":"WebSite","@id":"https:\/\/itwgse.com\/#website","url":"https:\/\/itwgse.com\/","name":"ITW GSE","description":"It&#039;s all about connections","publisher":{"@id":"https:\/\/itwgse.com\/#organization"},"potentialAction":[{"@type":"SearchAction","target":{"@type":"EntryPoint","urlTemplate":"https:\/\/itwgse.com\/?s={search_term_string}"},"query-input":{"@type":"PropertyValueSpecification","valueRequired":true,"valueName":"search_term_string"}}],"inLanguage":"es"},{"@type":"Organization","@id":"https:\/\/itwgse.com\/#organization","name":"ITW GSE","url":"https:\/\/itwgse.com\/","logo":{"@type":"ImageObject","inLanguage":"es","@id":"https:\/\/itwgse.com\/#\/schema\/logo\/image\/","url":"https:\/\/itwgse.com\/wp-content\/uploads\/2018\/11\/logo.png","contentUrl":"https:\/\/itwgse.com\/wp-content\/uploads\/2018\/11\/logo.png","width":302,"height":237,"caption":"ITW GSE"},"image":{"@id":"https:\/\/itwgse.com\/#\/schema\/logo\/image\/"},"sameAs":["https:\/\/www.facebook.com\/ITWGSE\/","https:\/\/www.linkedin.com\/company\/itw-gse\/","https:\/\/www.youtube.com\/channel\/UCTUIMvyaOPfYIqzP8enZ8yw"]}]}},"_links":{"self":[{"href":"https:\/\/itwgse.com\/es\/wp-json\/wp\/v2\/product\/19154","targetHints":{"allow":["GET"]}}],"collection":[{"href":"https:\/\/itwgse.com\/es\/wp-json\/wp\/v2\/product"}],"about":[{"href":"https:\/\/itwgse.com\/es\/wp-json\/wp\/v2\/types\/product"}],"replies":[{"embeddable":true,"href":"https:\/\/itwgse.com\/es\/wp-json\/wp\/v2\/comments?post=19154"}],"wp:featuredmedia":[{"embeddable":true,"href":"https:\/\/itwgse.com\/es\/wp-json\/wp\/v2\/media\/4543"}],"wp:attachment":[{"href":"https:\/\/itwgse.com\/es\/wp-json\/wp\/v2\/media?parent=19154"}],"wp:term":[{"taxonomy":"product_brand","embeddable":true,"href":"https:\/\/itwgse.com\/es\/wp-json\/wp\/v2\/product_brand?post=19154"},{"taxonomy":"product_cat","embeddable":true,"href":"https:\/\/itwgse.com\/es\/wp-json\/wp\/v2\/product_cat?post=19154"},{"taxonomy":"product_tag","embeddable":true,"href":"https:\/\/itwgse.com\/es\/wp-json\/wp\/v2\/product_tag?post=19154"}],"curies":[{"name":"wp","href":"https:\/\/api.w.org\/{rel}","templated":true}]}}