{"id":19156,"date":"2018-03-18T15:48:39","date_gmt":"2018-03-18T14:48:39","guid":{"rendered":"https:\/\/itwgse.com\/?post_type=product&#038;p=19156"},"modified":"2026-03-09T13:39:33","modified_gmt":"2026-03-09T12:39:33","slug":"conector-pca-de-nailon","status":"publish","type":"product","link":"https:\/\/itwgse.com\/es\/productos\/mangueras\/conector-pca-de-nailon\/","title":{"rendered":"Conector PCA de nylon"},"content":{"rendered":"<div id=\"pl-19156\"  class=\"panel-layout\" ><div id=\"pg-19156-0\"  class=\"panel-grid panel-no-style\" ><div id=\"pgc-19156-0-0\"  class=\"panel-grid-cell\" ><div id=\"panel-19156-0-0-0\" class=\"so-panel widget widget_mtt-cover-section panel-first-child\" data-index=\"0\" ><div\n\t\t\t\n\t\t\tclass=\"so-widget-mtt-cover-section so-widget-mtt-cover-section-base\"\n\t\t\t\n\t\t>\n<div class=\"mtt-cover-section-wrap product\">\n    <div class=\"mtt-cover-product-container\">\n        <div class=\"mtt-cover-section-text-wrap\">\n            <img decoding=\"async\" width=\"744\" height=\"692\" src=\"https:\/\/itwgse.com\/wp-content\/uploads\/2018\/03\/JB729SC_BLCK9020.png\" class=\"cover-product\" alt=\"Nylon PCA Connector, Aircraft hoses\" srcset=\"https:\/\/itwgse.com\/wp-content\/uploads\/2018\/03\/JB729SC_BLCK9020.png 744w, https:\/\/itwgse.com\/wp-content\/uploads\/2018\/03\/JB729SC_BLCK9020-300x279.png 300w, https:\/\/itwgse.com\/wp-content\/uploads\/2018\/03\/JB729SC_BLCK9020-269x250.png 269w, https:\/\/itwgse.com\/wp-content\/uploads\/2018\/03\/JB729SC_BLCK9020-564x525.png 564w, https:\/\/itwgse.com\/wp-content\/uploads\/2018\/03\/JB729SC_BLCK9020-645x600.png 645w, https:\/\/itwgse.com\/wp-content\/uploads\/2018\/03\/JB729SC_BLCK9020-600x558.png 600w\" sizes=\"(max-width: 744px) 100vw, 744px\" \/>            <div class=\"mtt-cover-section-text\">\n                                <span class=\"tagline\"><\/span>\n                <h1>Conector PCA de nylon<\/h1>\n                <div class=\"text\"><p>ITW GSE se enorgullece de presentar el Conector PCA de Nylon JB730 con Junta Snap-On. Nuestro conector PCA de nailon patentado es el m\u00e1s duradero de su clase en el sector. <\/p>\n<div class=\"pcl_tooltip_box\" style=\"display: none;\">\n<p>Imagen ya a\u00f1adida<\/p>\n<div class=\"arrow border\"><\/div>\n<div class=\"arrow\"><\/div>\n<\/div>\n<div class=\"pcl_global_mask\" style=\"display: none;\"><\/div>\n<\/div>\n                <input type=\"hidden\" name=\"product\" value=\"19156\">\n\n                    <div class=\"button-wrap\">\n                        <a class=\"button mtt-support-box modal\" data-flow=\"request-quotation\" data-template=\"request-form\"\n                           data-product_id=\"19156\" data-previous_no_pagination=\"true\">Solicitar Producto<\/a>\n\n                                                                                    <a\n                                    href=\"\"\n                                    class=\"button  open-brochure-modal\"\n                                >\n                                    Folleto                                <\/a>\n                                                                        <\/div>\n\n            <\/div>\n        <\/div>\n    <\/div>\n    <div class=\"mtt-cover-product-background no-background\" >\n                <div class=\"mtt-cover-product-background-image\">\n                        <img decoding=\"async\"  src=\"https:\/\/itwgse.com\/wp-content\/themes\/mtt-standard-theme\/assets\/img\/cover\/itwgse_cut_wide.svg\" class=\"itwgse-cut\">        <\/div>\n\n        <div class=\"mtt-cover-product small\">\n            <img decoding=\"async\" width=\"1200\" height=\"740\" src=\"https:\/\/itwgse.com\/wp-content\/uploads\/2018\/03\/nylon-pca-connector-1200x740.png\" class=\"attachment-1200x740x size-1200x740x\" alt=\"Aircraft hoses\" srcset=\"https:\/\/itwgse.com\/wp-content\/uploads\/2018\/03\/nylon-pca-connector.png 1200w, https:\/\/itwgse.com\/wp-content\/uploads\/2018\/03\/nylon-pca-connector-300x185.png 300w, https:\/\/itwgse.com\/wp-content\/uploads\/2018\/03\/nylon-pca-connector-1024x631.png 1024w\" sizes=\"(max-width: 1200px) 100vw, 1200px\" \/>        <\/div>\n    <\/div>\n<\/div><\/div><\/div><div id=\"panel-19156-0-0-1\" class=\"so-panel widget widget_mtt-two-col-text\" data-index=\"1\" ><div\n\t\t\t\n\t\t\tclass=\"so-widget-mtt-two-col-text so-widget-mtt-two-col-text-base\"\n\t\t\t\n\t\t>\n<div class=\"mtt-two-col-wrapper\">\n    <div class=\"mtt-two-col-container\">\n        <div class=\"mtt-two-col-content has-title\">\n                            <h2>El m\u00e1s duradero de su clase<\/h2>\n                        <div class=\"text-section\">\n                <div class=\"col formatted_content\"><p>ITW GSE ha conseguido que sustituir las juntas de nuestros conectores PCA de nailon sea m\u00e1s f\u00e1cil y eficaz con la junta Snap-On JB730. El JB730 est\u00e1 fabricado con un compuesto de nailon de alta calidad, pero ofrece una junta Snap-On que puede sustituirse en minutos en lugar de horas. La junta Snap-On permite al equipo de mantenimiento sustituir las juntas desgastadas de los conectores PCA de nailon sobre el terreno.  <\/p>\n<p>Nuestro proceso patentado de fabricaci\u00f3n sin juntas moldea el cuerpo del mecanismo de enganche en el propio conector, proporcionando as\u00ed mayor resistencia y estabilidad. Puede utilizarse para calefacci\u00f3n o aire acondicionado y elimina la necesidad de comprar elementos adicionales. <\/p>\n<p>Este conector PCA de nailon es resistente a los rayos UV y est\u00e1 dise\u00f1ado para soportar los productos qu\u00edmicos, combustibles y disolventes que suelen encontrarse en el duro entorno de apoyo en tierra. A pesar de su construcci\u00f3n y dise\u00f1o robustos, es ligero, lo que lo convierte en un componente necesario para todas las unidades PCA. <\/p>\n<p>El conector PCA de nailon patentado por ITW GSE Services tambi\u00e9n est\u00e1 disponible con una pantalla opcional de acero inoxidable que proporciona protecci\u00f3n adicional contra la entrada de contaminantes de mayor tama\u00f1o en el sistema de calefacci\u00f3n o refrigeraci\u00f3n de la aeronave.<\/p>\n<div class=\"pcl_tooltip_box\" style=\"display: none;\">\n<p>Imagen ya a\u00f1adida<\/p>\n<div class=\"arrow border\"><\/div>\n<div class=\"arrow\"><\/div>\n<\/div>\n<div class=\"pcl_global_mask\" style=\"display: none;\"><\/div>\n<\/div>\n                <div class=\"col formatted_content\"><h3>Opciones<\/h3>\n<ul>\n<li>JB729 - Conector PCA compuesto de nailon con junta de neopreno<\/li>\n<li>JB729SC - Conector PCA apantallado de compuesto de nylon con junta de neopreno<\/li>\n<li>JB730 - Conector PCA compuesto de nailon con junta a presi\u00f3n<\/li>\n<li>JB730SC -Conector PCA apantallado de compuesto de nailon con junta a presi\u00f3n<\/li>\n<\/ul>\n<p>\u00a0<\/p>\n<p><img decoding=\"async\" class=\"alignnone size-full wp-image-4586\" src=\"https:\/\/itwgse.com\/wp-content\/uploads\/2018\/03\/ProductNumber-JB730-BLCK9034.png\" alt=\"\" width=\"2000\" height=\"1261\" srcset=\"https:\/\/itwgse.com\/wp-content\/uploads\/2018\/03\/ProductNumber-JB730-BLCK9034.png 2000w, https:\/\/itwgse.com\/wp-content\/uploads\/2018\/03\/ProductNumber-JB730-BLCK9034-300x189.png 300w, https:\/\/itwgse.com\/wp-content\/uploads\/2018\/03\/ProductNumber-JB730-BLCK9034-1024x646.png 1024w\" sizes=\"(max-width: 2000px) 100vw, 2000px\" \/><\/p>\n<div class=\"pcl_tooltip_box\" style=\"display: none;\">\n<p>Imagen ya a\u00f1adida<\/p>\n<div class=\"arrow border\"><\/div>\n<div class=\"arrow\"><\/div>\n<\/div>\n<div class=\"pcl_global_mask\" style=\"display: none;\"><\/div>\n                                    <\/div>\n            <\/div>\n                    <\/div>\n    <\/div>\n<\/div><\/div><\/div><div id=\"panel-19156-0-0-2\" class=\"so-panel widget widget_mtt-product-files\" data-index=\"2\" ><div\n\t\t\t\n\t\t\tclass=\"so-widget-mtt-product-files so-widget-mtt-product-files-base\"\n\t\t\t\n\t\t>    <div class=\"product-files-wrapper no-top-padding\">\n        <div class=\"page_container\">\n            <h2>Download para Conector PCA de nylon<\/h2>\n            <div class=\"button-wrap\">\n                                                            <a\n                            class=\"button open-modal\"\n                            href=\"#\"\n                            data-id=\"41c161c7-61ef-4381-b226-22f43b9df68d\"\n                        >\n                            Cat\u00e1logo                        <\/a>\n                                                                        <\/div>\n        <\/div>\n    <\/div>\n    <\/div><\/div><div id=\"panel-19156-0-0-3\" class=\"so-panel widget widget_mtt-one-col-text\" data-index=\"3\" ><div\n\t\t\t\n\t\t\tclass=\"so-widget-mtt-one-col-text so-widget-mtt-one-col-text-base\"\n\t\t\t\n\t\t>\n<div class=\"mtt-two-col-wrapper no-top-padding\">\n    <div class=\"mtt-two-col-container\">\n        <div class=\"mtt-two-col-content formatted_content has-title-one\">\n\t\t\t                <h2>Anteriormente conocido como J&B Aviation<\/h2>\n                        <div class=\"text-section one-col\">\n                <p>Hasta 2018, el conector PCA de nailon se vend\u00eda bajo la marca J&B Aviation.<\/p>\n<p>Lee m\u00e1s sobre <a href=\"https:\/\/itwgse.com\/about-itw-gse\/\" target=\"_blank\" rel=\"noopener\">la historia de nuestra marca<\/a>.<\/p>\n<p>\u00a0<\/p>\n<p><a href=\"https:\/\/itwgse.com\/aircraft-hoses\/\">Aqu\u00ed puedes ver todas las mangueras ITW GSE<\/a> actuales.<\/p>\n            <\/div>\n\n            \n                        <\/div>\n    <\/div>\n<\/div>\n<\/div><\/div><div id=\"panel-19156-0-0-4\" class=\"so-panel widget widget_mtt-customer-support panel-last-child\" data-index=\"4\" ><div\n\t\t\t\n\t\t\tclass=\"so-widget-mtt-customer-support so-widget-mtt-customer-support-base\"\n\t\t\t\n\t\t>\n<div class=\"mtt-text-image-wrap less-top-padding less-bottom-padding grey-bg\">\n        <!-- Content -->\n    <div class=\"mtt-text-image-container\">\n        <div class=\"mtt-text-image-col\">\n            <div class=\"mtt-text-image-content formatted_content\">\n                                <h2>Atenci\u00f3n al cliente<\/h2>\n                <p><strong>\u00bfC\u00f3mo le podemos ayudar?<\/strong><\/p>\n<p>\u00bfNecesita esquemas, cat\u00e1logos de repuestos o v\u00eddeos de instrucciones?<\/p>\n<p>Use el bot\u00f3n \u201cAsistencia con el producto\u201d. \u00bfTiene preguntas para el equipo de atenci\u00f3n al cliente? Use el bot\u00f3n \u201cContacto con atenci\u00f3n al cliente\u201d. Si tiene alguna duda con respecto a un producto concreto, proporci\u00f3nenos el n\u00famero de serie del producto.<\/p>\n\n                                    <div class=\"button-wrap\">\n                                                    <a href=\"https:\/\/itwgse.com\/es\/support-and-service\/\" class=\"button\">\n                                Asistencia con el producto                            <\/a>\n                                                    <a href=\"https:\/\/itwgse.com\/es\/contacto\/\" class=\"button\">\n                                Contactar con Atenci\u00f3n al cliente                            <\/a>\n                                            <\/div>\n                            <\/div>\n        <\/div>\n                    <div class=\"mtt-text-image-col img center\">\n                <div class=\"mtt-text-image-content\">\n                    <img decoding=\"async\" width=\"1800\" height=\"1023\" src=\"https:\/\/itwgse.com\/wp-content\/uploads\/2018\/06\/ITWGSE_hero_cleanest-1.jpg\" class=\"attachment-full size-full\" alt=\"7400 low noice JK\" srcset=\"https:\/\/itwgse.com\/wp-content\/uploads\/2018\/06\/ITWGSE_hero_cleanest-1.jpg 1800w, https:\/\/itwgse.com\/wp-content\/uploads\/2018\/06\/ITWGSE_hero_cleanest-1-300x171.jpg 300w, https:\/\/itwgse.com\/wp-content\/uploads\/2018\/06\/ITWGSE_hero_cleanest-1-1024x582.jpg 1024w\" sizes=\"(max-width: 1800px) 100vw, 1800px\" \/>                \n                    \n                    \n                <\/div>\n            <\/div>\n            <\/div>\n<\/div>\n\n<script>\nfunction sendEvent(action, element) {\n    var videoTitle = jQuery(element).data('title');  \n\n    if (dataLayer && videoTitle) {\n        dataLayer.push({\n            'event': 'video',\n            'eventCategory': 'Video',\n            'eventAction': action,\n            'eventLabel': videoTitle\n        });\n    }\n    else if (ga && videoTitle) {\n        ga('send', 'event', 'Video', action, videoTitle);\n    }  \n}\n<\/script>\n<\/div><\/div><\/div><\/div><\/div>","protected":false},"excerpt":{"rendered":"<p>\u00a1El conector PCA de nailon patentado por ITW GSE es el m\u00e1s duradero de su clase en el sector!<\/p>\n","protected":false},"featured_media":4395,"comment_status":"open","ping_status":"closed","template":"","meta":{"_acf_changed":false,"_relevanssi_hide_post":"","_relevanssi_hide_content":"","_relevanssi_pin_for_all":"","_relevanssi_pin_keywords":"","_relevanssi_unpin_keywords":"","_relevanssi_related_keywords":"","_relevanssi_related_include_ids":"","_relevanssi_related_exclude_ids":"","_relevanssi_related_no_append":"","_relevanssi_related_not_related":"","_relevanssi_related_posts":"","_relevanssi_noindex_reason":""},"product_brand":[],"product_cat":[4466,4470,3590,4467],"product_tag":[],"class_list":{"0":"post-19156","1":"product","2":"type-product","3":"status-publish","4":"has-post-thumbnail","6":"product_cat-brochure-catalog-es","7":"product_cat-cables-and-hoses-es","8":"product_cat-mangueras","9":"product_cat-military-products-es","11":"first","12":"instock","13":"shipping-taxable","14":"purchasable","15":"product-type-simple"},"acf":[],"yoast_head":"<!-- This site is optimized with the Yoast SEO plugin v27.0 - https:\/\/yoast.com\/product\/yoast-seo-wordpress\/ -->\n<title>Conector PCA de nylon - El m\u00e1s duradero de su clase | ITW GSE<\/title>\n<meta name=\"description\" content=\"El conector PCA de nailon es resistente a los rayos UV y est\u00e1 dise\u00f1ado para soportar productos qu\u00edmicos, combustibles y disolventes. Su construcci\u00f3n y dise\u00f1o son robustos, pero sigue siendo ligero.\" \/>\n<meta name=\"robots\" content=\"index, follow, max-snippet:-1, max-image-preview:large, max-video-preview:-1\" \/>\n<link rel=\"canonical\" href=\"https:\/\/itwgse.com\/es\/productos\/mangueras\/conector-pca-de-nailon\/\" \/>\n<meta property=\"og:locale\" content=\"es_ES\" \/>\n<meta property=\"og:type\" content=\"article\" \/>\n<meta property=\"og:title\" content=\"Conector PCA de nylon - El m\u00e1s duradero de su clase | ITW GSE\" \/>\n<meta property=\"og:description\" content=\"El conector PCA de nailon es resistente a los rayos UV y est\u00e1 dise\u00f1ado para soportar productos qu\u00edmicos, combustibles y disolventes. Su construcci\u00f3n y dise\u00f1o son robustos, pero sigue siendo ligero.\" \/>\n<meta property=\"og:url\" content=\"https:\/\/itwgse.com\/es\/productos\/mangueras\/conector-pca-de-nailon\/\" \/>\n<meta property=\"og:site_name\" content=\"ITW GSE\" \/>\n<meta property=\"article:publisher\" content=\"https:\/\/www.facebook.com\/ITWGSE\/\" \/>\n<meta property=\"article:modified_time\" content=\"2026-03-09T12:39:33+00:00\" \/>\n<meta property=\"og:image\" content=\"https:\/\/itwgse.com\/wp-content\/uploads\/2018\/03\/JB729SC_BLCK9020.png\" \/>\n\t<meta property=\"og:image:width\" content=\"744\" \/>\n\t<meta property=\"og:image:height\" content=\"692\" \/>\n\t<meta property=\"og:image:type\" content=\"image\/png\" \/>\n<meta name=\"twitter:card\" content=\"summary_large_image\" \/>\n<script type=\"application\/ld+json\" class=\"yoast-schema-graph\">{\"@context\":\"https:\/\/schema.org\",\"@graph\":[{\"@type\":\"WebPage\",\"@id\":\"https:\/\/itwgse.com\/es\/productos\/mangueras\/conector-pca-de-nailon\/\",\"url\":\"https:\/\/itwgse.com\/es\/productos\/mangueras\/conector-pca-de-nailon\/\",\"name\":\"Conector PCA de nylon - El m\u00e1s duradero de su clase | ITW GSE\",\"isPartOf\":{\"@id\":\"https:\/\/itwgse.com\/#website\"},\"primaryImageOfPage\":{\"@id\":\"https:\/\/itwgse.com\/es\/productos\/mangueras\/conector-pca-de-nailon\/#primaryimage\"},\"image\":{\"@id\":\"https:\/\/itwgse.com\/es\/productos\/mangueras\/conector-pca-de-nailon\/#primaryimage\"},\"thumbnailUrl\":\"https:\/\/itwgse.com\/wp-content\/uploads\/2018\/03\/JB729SC_BLCK9020.png\",\"datePublished\":\"2018-03-18T14:48:39+00:00\",\"dateModified\":\"2026-03-09T12:39:33+00:00\",\"description\":\"El conector PCA de nailon es resistente a los rayos UV y est\u00e1 dise\u00f1ado para soportar productos qu\u00edmicos, combustibles y disolventes. Su construcci\u00f3n y dise\u00f1o son robustos, pero sigue siendo ligero.\",\"breadcrumb\":{\"@id\":\"https:\/\/itwgse.com\/es\/productos\/mangueras\/conector-pca-de-nailon\/#breadcrumb\"},\"inLanguage\":\"es\",\"potentialAction\":[{\"@type\":\"ReadAction\",\"target\":[\"https:\/\/itwgse.com\/es\/productos\/mangueras\/conector-pca-de-nailon\/\"]}]},{\"@type\":\"ImageObject\",\"inLanguage\":\"es\",\"@id\":\"https:\/\/itwgse.com\/es\/productos\/mangueras\/conector-pca-de-nailon\/#primaryimage\",\"url\":\"https:\/\/itwgse.com\/wp-content\/uploads\/2018\/03\/JB729SC_BLCK9020.png\",\"contentUrl\":\"https:\/\/itwgse.com\/wp-content\/uploads\/2018\/03\/JB729SC_BLCK9020.png\",\"width\":744,\"height\":692,\"caption\":\"Nylon PCA Connector, Aircraft hoses\"},{\"@type\":\"BreadcrumbList\",\"@id\":\"https:\/\/itwgse.com\/es\/productos\/mangueras\/conector-pca-de-nailon\/#breadcrumb\",\"itemListElement\":[{\"@type\":\"ListItem\",\"position\":1,\"name\":\"Home\",\"item\":\"https:\/\/itwgse.com\/es\/home\/\"},{\"@type\":\"ListItem\",\"position\":2,\"name\":\"Conector PCA de nylon\"}]},{\"@type\":\"WebSite\",\"@id\":\"https:\/\/itwgse.com\/#website\",\"url\":\"https:\/\/itwgse.com\/\",\"name\":\"ITW GSE\",\"description\":\"It&#039;s all about connections\",\"publisher\":{\"@id\":\"https:\/\/itwgse.com\/#organization\"},\"potentialAction\":[{\"@type\":\"SearchAction\",\"target\":{\"@type\":\"EntryPoint\",\"urlTemplate\":\"https:\/\/itwgse.com\/?s={search_term_string}\"},\"query-input\":{\"@type\":\"PropertyValueSpecification\",\"valueRequired\":true,\"valueName\":\"search_term_string\"}}],\"inLanguage\":\"es\"},{\"@type\":\"Organization\",\"@id\":\"https:\/\/itwgse.com\/#organization\",\"name\":\"ITW GSE\",\"url\":\"https:\/\/itwgse.com\/\",\"logo\":{\"@type\":\"ImageObject\",\"inLanguage\":\"es\",\"@id\":\"https:\/\/itwgse.com\/#\/schema\/logo\/image\/\",\"url\":\"https:\/\/itwgse.com\/wp-content\/uploads\/2018\/11\/logo.png\",\"contentUrl\":\"https:\/\/itwgse.com\/wp-content\/uploads\/2018\/11\/logo.png\",\"width\":302,\"height\":237,\"caption\":\"ITW GSE\"},\"image\":{\"@id\":\"https:\/\/itwgse.com\/#\/schema\/logo\/image\/\"},\"sameAs\":[\"https:\/\/www.facebook.com\/ITWGSE\/\",\"https:\/\/www.linkedin.com\/company\/itw-gse\/\",\"https:\/\/www.youtube.com\/channel\/UCTUIMvyaOPfYIqzP8enZ8yw\"]}]}<\/script>\n<!-- \/ Yoast SEO plugin. -->","yoast_head_json":{"title":"Conector PCA de nylon - El m\u00e1s duradero de su clase | ITW GSE","description":"El conector PCA de nailon es resistente a los rayos UV y est\u00e1 dise\u00f1ado para soportar productos qu\u00edmicos, combustibles y disolventes. Su construcci\u00f3n y dise\u00f1o son robustos, pero sigue siendo ligero.","robots":{"index":"index","follow":"follow","max-snippet":"max-snippet:-1","max-image-preview":"max-image-preview:large","max-video-preview":"max-video-preview:-1"},"canonical":"https:\/\/itwgse.com\/es\/productos\/mangueras\/conector-pca-de-nailon\/","og_locale":"es_ES","og_type":"article","og_title":"Conector PCA de nylon - El m\u00e1s duradero de su clase | ITW GSE","og_description":"El conector PCA de nailon es resistente a los rayos UV y est\u00e1 dise\u00f1ado para soportar productos qu\u00edmicos, combustibles y disolventes. Su construcci\u00f3n y dise\u00f1o son robustos, pero sigue siendo ligero.","og_url":"https:\/\/itwgse.com\/es\/productos\/mangueras\/conector-pca-de-nailon\/","og_site_name":"ITW GSE","article_publisher":"https:\/\/www.facebook.com\/ITWGSE\/","article_modified_time":"2026-03-09T12:39:33+00:00","og_image":[{"width":744,"height":692,"url":"https:\/\/itwgse.com\/wp-content\/uploads\/2018\/03\/JB729SC_BLCK9020.png","type":"image\/png"}],"twitter_card":"summary_large_image","schema":{"@context":"https:\/\/schema.org","@graph":[{"@type":"WebPage","@id":"https:\/\/itwgse.com\/es\/productos\/mangueras\/conector-pca-de-nailon\/","url":"https:\/\/itwgse.com\/es\/productos\/mangueras\/conector-pca-de-nailon\/","name":"Conector PCA de nylon - El m\u00e1s duradero de su clase | ITW GSE","isPartOf":{"@id":"https:\/\/itwgse.com\/#website"},"primaryImageOfPage":{"@id":"https:\/\/itwgse.com\/es\/productos\/mangueras\/conector-pca-de-nailon\/#primaryimage"},"image":{"@id":"https:\/\/itwgse.com\/es\/productos\/mangueras\/conector-pca-de-nailon\/#primaryimage"},"thumbnailUrl":"https:\/\/itwgse.com\/wp-content\/uploads\/2018\/03\/JB729SC_BLCK9020.png","datePublished":"2018-03-18T14:48:39+00:00","dateModified":"2026-03-09T12:39:33+00:00","description":"El conector PCA de nailon es resistente a los rayos UV y est\u00e1 dise\u00f1ado para soportar productos qu\u00edmicos, combustibles y disolventes. Su construcci\u00f3n y dise\u00f1o son robustos, pero sigue siendo ligero.","breadcrumb":{"@id":"https:\/\/itwgse.com\/es\/productos\/mangueras\/conector-pca-de-nailon\/#breadcrumb"},"inLanguage":"es","potentialAction":[{"@type":"ReadAction","target":["https:\/\/itwgse.com\/es\/productos\/mangueras\/conector-pca-de-nailon\/"]}]},{"@type":"ImageObject","inLanguage":"es","@id":"https:\/\/itwgse.com\/es\/productos\/mangueras\/conector-pca-de-nailon\/#primaryimage","url":"https:\/\/itwgse.com\/wp-content\/uploads\/2018\/03\/JB729SC_BLCK9020.png","contentUrl":"https:\/\/itwgse.com\/wp-content\/uploads\/2018\/03\/JB729SC_BLCK9020.png","width":744,"height":692,"caption":"Nylon PCA Connector, Aircraft hoses"},{"@type":"BreadcrumbList","@id":"https:\/\/itwgse.com\/es\/productos\/mangueras\/conector-pca-de-nailon\/#breadcrumb","itemListElement":[{"@type":"ListItem","position":1,"name":"Home","item":"https:\/\/itwgse.com\/es\/home\/"},{"@type":"ListItem","position":2,"name":"Conector PCA de nylon"}]},{"@type":"WebSite","@id":"https:\/\/itwgse.com\/#website","url":"https:\/\/itwgse.com\/","name":"ITW GSE","description":"It&#039;s all about connections","publisher":{"@id":"https:\/\/itwgse.com\/#organization"},"potentialAction":[{"@type":"SearchAction","target":{"@type":"EntryPoint","urlTemplate":"https:\/\/itwgse.com\/?s={search_term_string}"},"query-input":{"@type":"PropertyValueSpecification","valueRequired":true,"valueName":"search_term_string"}}],"inLanguage":"es"},{"@type":"Organization","@id":"https:\/\/itwgse.com\/#organization","name":"ITW GSE","url":"https:\/\/itwgse.com\/","logo":{"@type":"ImageObject","inLanguage":"es","@id":"https:\/\/itwgse.com\/#\/schema\/logo\/image\/","url":"https:\/\/itwgse.com\/wp-content\/uploads\/2018\/11\/logo.png","contentUrl":"https:\/\/itwgse.com\/wp-content\/uploads\/2018\/11\/logo.png","width":302,"height":237,"caption":"ITW GSE"},"image":{"@id":"https:\/\/itwgse.com\/#\/schema\/logo\/image\/"},"sameAs":["https:\/\/www.facebook.com\/ITWGSE\/","https:\/\/www.linkedin.com\/company\/itw-gse\/","https:\/\/www.youtube.com\/channel\/UCTUIMvyaOPfYIqzP8enZ8yw"]}]}},"_links":{"self":[{"href":"https:\/\/itwgse.com\/es\/wp-json\/wp\/v2\/product\/19156","targetHints":{"allow":["GET"]}}],"collection":[{"href":"https:\/\/itwgse.com\/es\/wp-json\/wp\/v2\/product"}],"about":[{"href":"https:\/\/itwgse.com\/es\/wp-json\/wp\/v2\/types\/product"}],"replies":[{"embeddable":true,"href":"https:\/\/itwgse.com\/es\/wp-json\/wp\/v2\/comments?post=19156"}],"wp:featuredmedia":[{"embeddable":true,"href":"https:\/\/itwgse.com\/es\/wp-json\/wp\/v2\/media\/4395"}],"wp:attachment":[{"href":"https:\/\/itwgse.com\/es\/wp-json\/wp\/v2\/media?parent=19156"}],"wp:term":[{"taxonomy":"product_brand","embeddable":true,"href":"https:\/\/itwgse.com\/es\/wp-json\/wp\/v2\/product_brand?post=19156"},{"taxonomy":"product_cat","embeddable":true,"href":"https:\/\/itwgse.com\/es\/wp-json\/wp\/v2\/product_cat?post=19156"},{"taxonomy":"product_tag","embeddable":true,"href":"https:\/\/itwgse.com\/es\/wp-json\/wp\/v2\/product_tag?post=19156"}],"curies":[{"name":"wp","href":"https:\/\/api.w.org\/{rel}","templated":true}]}}