{"id":19157,"date":"2018-03-19T13:07:37","date_gmt":"2018-03-19T12:07:37","guid":{"rendered":"https:\/\/itwgse.com\/?post_type=product&#038;p=19157"},"modified":"2026-03-09T13:39:20","modified_gmt":"2026-03-09T12:39:20","slug":"adaptador-de-avion-giratorio-360-grados","status":"publish","type":"product","link":"https:\/\/itwgse.com\/es\/productos\/mangueras\/adaptador-de-avion-giratorio-360-grados\/","title":{"rendered":"Adaptador giratorio para avi\u00f3n"},"content":{"rendered":"<div id=\"pl-19157\"  class=\"panel-layout\" ><div id=\"pg-19157-0\"  class=\"panel-grid panel-no-style\" ><div id=\"pgc-19157-0-0\"  class=\"panel-grid-cell\" ><div id=\"panel-19157-0-0-0\" class=\"so-panel widget widget_mtt-cover-section panel-first-child\" data-index=\"0\" ><div\n\t\t\t\n\t\t\tclass=\"so-widget-mtt-cover-section so-widget-mtt-cover-section-base\"\n\t\t\t\n\t\t>\n<div class=\"mtt-cover-section-wrap product\">\n    <div class=\"mtt-cover-product-container\">\n        <div class=\"mtt-cover-section-text-wrap\">\n            <img loading=\"lazy\" decoding=\"async\" width=\"1107\" height=\"507\" src=\"https:\/\/itwgse.com\/wp-content\/uploads\/2018\/03\/Swivel_Aircraft_Adapter_menu.png\" class=\"cover-product\" alt=\"Swivel Aircraft Adapter Aircraft hoses\" srcset=\"https:\/\/itwgse.com\/wp-content\/uploads\/2018\/03\/Swivel_Aircraft_Adapter_menu.png 1107w, https:\/\/itwgse.com\/wp-content\/uploads\/2018\/03\/Swivel_Aircraft_Adapter_menu-300x137.png 300w, https:\/\/itwgse.com\/wp-content\/uploads\/2018\/03\/Swivel_Aircraft_Adapter_menu-1024x469.png 1024w, https:\/\/itwgse.com\/wp-content\/uploads\/2018\/03\/Swivel_Aircraft_Adapter_menu-900x412.png 900w, https:\/\/itwgse.com\/wp-content\/uploads\/2018\/03\/Swivel_Aircraft_Adapter_menu-750x343.png 750w, https:\/\/itwgse.com\/wp-content\/uploads\/2018\/03\/Swivel_Aircraft_Adapter_menu-768x352.png 768w, https:\/\/itwgse.com\/wp-content\/uploads\/2018\/03\/Swivel_Aircraft_Adapter_menu-600x275.png 600w\" sizes=\"auto, (max-width: 1107px) 100vw, 1107px\" \/>            <div class=\"mtt-cover-section-text\">\n                                <span class=\"tagline\"><\/span>\n                <h1>Adaptador giratorio para avi\u00f3n<\/h1>\n                <div class=\"text\"><p>N\u00famero de patente US 8016325<\/p>\n<\/div>\n                <input type=\"hidden\" name=\"product\" value=\"19157\">\n\n                    <div class=\"button-wrap\">\n                        <a class=\"button mtt-support-box modal\" data-flow=\"request-quotation\" data-template=\"request-form\"\n                           data-product_id=\"19157\" data-previous_no_pagination=\"true\">Solicitar Producto<\/a>\n\n                                                                                    <a\n                                    href=\"\"\n                                    class=\"button  open-brochure-modal\"\n                                >\n                                    Folleto                                <\/a>\n                                                                        <\/div>\n\n            <\/div>\n        <\/div>\n    <\/div>\n    <div class=\"mtt-cover-product-background no-background\" >\n                <div class=\"mtt-cover-product-background-image\">\n                        <img decoding=\"async\"  src=\"https:\/\/itwgse.com\/wp-content\/themes\/mtt-standard-theme\/assets\/img\/cover\/itwgse_cut_wide.svg\" class=\"itwgse-cut\">        <\/div>\n\n        <div class=\"mtt-cover-product small\">\n            <img loading=\"lazy\" decoding=\"async\" width=\"1200\" height=\"740\" src=\"https:\/\/itwgse.com\/wp-content\/uploads\/2018\/03\/Swivel-Aircraft-Adapter-1200x740.png\" class=\"attachment-1200x740x size-1200x740x\" alt=\"Aircraft hoses\" srcset=\"https:\/\/itwgse.com\/wp-content\/uploads\/2018\/03\/Swivel-Aircraft-Adapter.png 1200w, https:\/\/itwgse.com\/wp-content\/uploads\/2018\/03\/Swivel-Aircraft-Adapter-300x185.png 300w, https:\/\/itwgse.com\/wp-content\/uploads\/2018\/03\/Swivel-Aircraft-Adapter-1024x631.png 1024w\" sizes=\"auto, (max-width: 1200px) 100vw, 1200px\" \/>        <\/div>\n    <\/div>\n<\/div><\/div><\/div><div id=\"panel-19157-0-0-1\" class=\"so-panel widget widget_mtt-two-col-text\" data-index=\"1\" ><div\n\t\t\t\n\t\t\tclass=\"so-widget-mtt-two-col-text so-widget-mtt-two-col-text-base\"\n\t\t\t\n\t\t>\n<div class=\"mtt-two-col-wrapper no-bottom-padding\">\n    <div class=\"mtt-two-col-container\">\n        <div class=\"mtt-two-col-content\">\n                        <div class=\"text-section\">\n                <div class=\"col formatted_content\"><p><img loading=\"lazy\" decoding=\"async\" class=\"size-medium wp-image-4472 alignleft\" src=\"https:\/\/itwgse.com\/wp-content\/uploads\/2018\/03\/BLCK9008-189x300.png\" alt=\"Adaptador giratorio para avi\u00f3n ITW GSE\" width=\"189\" height=\"300\" srcset=\"https:\/\/itwgse.com\/wp-content\/uploads\/2018\/03\/BLCK9008-189x300.png 189w, https:\/\/itwgse.com\/wp-content\/uploads\/2018\/03\/BLCK9008-646x1024.png 646w\" sizes=\"auto, (max-width: 189px) 100vw, 189px\" \/>El conector giratorio para aviones de ITW GSE puede utilizarse para calefacci\u00f3n o aire acondicionado. Es resistente a los rayos UV y est\u00e1 dise\u00f1ado para soportar los productos qu\u00edmicos, combustibles y disolventes que se encuentran en el duro entorno de apoyo en tierra. Es ligero, lo que lo convierte en un componente necesario para todas las unidades PCA.  <\/p>\n<p>El adaptador giratorio para avi\u00f3n JB360 debe su nombre a la rotaci\u00f3n de 360 grados que proporciona.<\/p>\n<p>\u00a0<\/p>\n<p>\u00a0<\/p>\n<p>\u00a0<\/p>\n<div class=\"pcl_tooltip_box\" style=\"display: none;\">\n<p>Imagen ya a\u00f1adida<\/p>\n<div class=\"arrow border\"><\/div>\n<div class=\"arrow\"><\/div>\n<\/div>\n<div class=\"pcl_global_mask\" style=\"display: none;\"><\/div>\n<\/div>\n                <div class=\"col formatted_content\"><h3>Caracter\u00edsticas<\/h3>\n<ul>\n<li>Se incluyen todas las abrazaderas y mangueras necesarias para funcionar con el Conector PCA<\/li>\n<li>El dise\u00f1o patentado compensa las torsiones, dobleces y problemas de alineaci\u00f3n que las mangueras PCA encuentran con el uso normal<\/li>\n<li>El adaptador giratorio PCA permite el m\u00e1ximo flujo de aire a la aeronave<\/li>\n<li>Libera al personal de rampa de la tarea de detenerse para enderezar la manguera y arreglar los pliegues.<\/li>\n<li>Disponible en las siguientes longitudes de manguera: 13\", 48\" y 96\".<\/li>\n<\/ul>\n<div class=\"pcl_tooltip_box\" style=\"display: none;\">\n<p>Imagen ya a\u00f1adida<\/p>\n<div class=\"arrow border\"><\/div>\n<div class=\"arrow\"><\/div>\n<\/div>\n<div class=\"pcl_global_mask\" style=\"display: none;\"><\/div>\n                                    <\/div>\n            <\/div>\n                    <\/div>\n    <\/div>\n<\/div><\/div><\/div><div id=\"panel-19157-0-0-2\" class=\"so-panel widget widget_mtt-product-files\" data-index=\"2\" ><div\n\t\t\t\n\t\t\tclass=\"so-widget-mtt-product-files so-widget-mtt-product-files-base\"\n\t\t\t\n\t\t>    <div class=\"product-files-wrapper no-top-padding\">\n        <div class=\"page_container\">\n            <h2>Download para Adaptador giratorio para avi\u00f3n<\/h2>\n            <div class=\"button-wrap\">\n                                                            <a\n                            class=\"button open-modal\"\n                            href=\"#\"\n                            data-id=\"9610b577-6841-422b-bc3e-858fa43130ba\"\n                        >\n                            Cat\u00e1logo                        <\/a>\n                                                                        <\/div>\n        <\/div>\n    <\/div>\n    <\/div><\/div><div id=\"panel-19157-0-0-3\" class=\"so-panel widget widget_mtt-two-col-text\" data-index=\"3\" ><div\n\t\t\t\n\t\t\tclass=\"so-widget-mtt-two-col-text so-widget-mtt-two-col-text-base\"\n\t\t\t\n\t\t>\n<div class=\"mtt-two-col-wrapper no-bottom-padding no-top-padding\">\n    <div class=\"mtt-two-col-container\">\n        <div class=\"mtt-two-col-content has-title\">\n                            <h2>Formerly known as J&B Aviation<\/h2>\n                        <div class=\"text-section\">\n                <div class=\"col formatted_content\"><p><img loading=\"lazy\" decoding=\"async\" class=\"aligncenter wp-image-4587 size-full\" src=\"https:\/\/itwgse.com\/wp-content\/uploads\/2018\/03\/ProductNumber-JB360-BLCK9137.png\" alt=\"\" width=\"1000\" height=\"505\" srcset=\"https:\/\/itwgse.com\/wp-content\/uploads\/2018\/03\/ProductNumber-JB360-BLCK9137.png 1000w, https:\/\/itwgse.com\/wp-content\/uploads\/2018\/03\/ProductNumber-JB360-BLCK9137-300x152.png 300w\" sizes=\"auto, (max-width: 1000px) 100vw, 1000px\" \/><\/p>\n<\/div>\n                <div class=\"col formatted_content\"><p><img loading=\"lazy\" decoding=\"async\" class=\"aligncenter wp-image-4588 size-large\" src=\"https:\/\/itwgse.com\/wp-content\/uploads\/2018\/03\/ProductNumber-JB730SC-48-360-BLCK9006-843x1024.png\" alt=\"\" width=\"843\" height=\"1024\" srcset=\"https:\/\/itwgse.com\/wp-content\/uploads\/2018\/03\/ProductNumber-JB730SC-48-360-BLCK9006-843x1024.png 843w, https:\/\/itwgse.com\/wp-content\/uploads\/2018\/03\/ProductNumber-JB730SC-48-360-BLCK9006-247x300.png 247w, https:\/\/itwgse.com\/wp-content\/uploads\/2018\/03\/ProductNumber-JB730SC-48-360-BLCK9006.png 1000w\" sizes=\"auto, (max-width: 843px) 100vw, 843px\" \/><\/p>\n                                    <\/div>\n            <\/div>\n                    <\/div>\n    <\/div>\n<\/div><\/div><\/div><div id=\"panel-19157-0-0-4\" class=\"so-panel widget widget_mtt-one-col-text\" data-index=\"4\" ><div\n\t\t\t\n\t\t\tclass=\"so-widget-mtt-one-col-text so-widget-mtt-one-col-text-base\"\n\t\t\t\n\t\t>\n<div class=\"mtt-two-col-wrapper no-top-padding\">\n    <div class=\"mtt-two-col-container\">\n        <div class=\"mtt-two-col-content formatted_content has-title-one\">\n\t\t\t                <h2>Anteriormente conocido como J&B Aviation<\/h2>\n                        <div class=\"text-section one-col\">\n                <p>Hasta 2018, el adaptador giratorio para aviones se vend\u00eda bajo la marca J&B Aviation.<\/p>\n<p>Lee m\u00e1s sobre <a href=\"https:\/\/itwgse.com\/about-itw-gse\/\" target=\"_blank\" rel=\"noopener\">la historia de nuestra marca<\/a>.<\/p>\n<p>\u00a0<\/p>\n<p><a href=\"https:\/\/itwgse.com\/aircraft-hoses\/\">Aqu\u00ed puedes ver todas las mangueras ITW GSE<\/a> actuales.<\/p>\n            <\/div>\n\n            \n                        <\/div>\n    <\/div>\n<\/div>\n<\/div><\/div><div id=\"panel-19157-0-0-5\" class=\"so-panel widget widget_mtt-customer-support panel-last-child\" data-index=\"5\" ><div\n\t\t\t\n\t\t\tclass=\"so-widget-mtt-customer-support so-widget-mtt-customer-support-base\"\n\t\t\t\n\t\t>\n<div class=\"mtt-text-image-wrap less-top-padding less-bottom-padding grey-bg\">\n        <!-- Content -->\n    <div class=\"mtt-text-image-container\">\n        <div class=\"mtt-text-image-col\">\n            <div class=\"mtt-text-image-content formatted_content\">\n                                <h2>Atenci\u00f3n al cliente<\/h2>\n                <p><strong>\u00bfC\u00f3mo le podemos ayudar?<\/strong><\/p>\n<p>\u00bfNecesita esquemas, cat\u00e1logos de repuestos o v\u00eddeos de instrucciones?<\/p>\n<p>Use el bot\u00f3n \u201cAsistencia con el producto\u201d. \u00bfTiene preguntas para el equipo de atenci\u00f3n al cliente? Use el bot\u00f3n \u201cContacto con atenci\u00f3n al cliente\u201d. Si tiene alguna duda con respecto a un producto concreto, proporci\u00f3nenos el n\u00famero de serie del producto.<\/p>\n\n                                    <div class=\"button-wrap\">\n                                                    <a href=\"https:\/\/itwgse.com\/es\/support-and-service\/\" class=\"button\">\n                                Asistencia con el producto                            <\/a>\n                                                    <a href=\"https:\/\/itwgse.com\/es\/contacto\/\" class=\"button\">\n                                Contactar con Atenci\u00f3n al cliente                            <\/a>\n                                            <\/div>\n                            <\/div>\n        <\/div>\n                    <div class=\"mtt-text-image-col img center\">\n                <div class=\"mtt-text-image-content\">\n                    <img loading=\"lazy\" decoding=\"async\" width=\"1800\" height=\"1023\" src=\"https:\/\/itwgse.com\/wp-content\/uploads\/2018\/06\/ITWGSE_hero_cleanest-1.jpg\" class=\"attachment-full size-full\" alt=\"7400 low noice JK\" srcset=\"https:\/\/itwgse.com\/wp-content\/uploads\/2018\/06\/ITWGSE_hero_cleanest-1.jpg 1800w, https:\/\/itwgse.com\/wp-content\/uploads\/2018\/06\/ITWGSE_hero_cleanest-1-300x171.jpg 300w, https:\/\/itwgse.com\/wp-content\/uploads\/2018\/06\/ITWGSE_hero_cleanest-1-1024x582.jpg 1024w\" sizes=\"auto, (max-width: 1800px) 100vw, 1800px\" \/>                \n                    \n                    \n                <\/div>\n            <\/div>\n            <\/div>\n<\/div>\n\n<script>\nfunction sendEvent(action, element) {\n    var videoTitle = jQuery(element).data('title');  \n\n    if (dataLayer && videoTitle) {\n        dataLayer.push({\n            'event': 'video',\n            'eventCategory': 'Video',\n            'eventAction': action,\n            'eventLabel': videoTitle\n        });\n    }\n    else if (ga && videoTitle) {\n        ga('send', 'event', 'Video', action, videoTitle);\n    }  \n}\n<\/script>\n<\/div><\/div><\/div><\/div><\/div>","protected":false},"excerpt":{"rendered":"<p>El dise\u00f1o patentado del adaptador giratorio para aviones de ITW GSE compensa las torsiones, dobleces y problemas de alineaci\u00f3n de las mangueras PCA.<\/p>\n","protected":false},"featured_media":4546,"comment_status":"open","ping_status":"closed","template":"","meta":{"_acf_changed":false,"_relevanssi_hide_post":"","_relevanssi_hide_content":"","_relevanssi_pin_for_all":"","_relevanssi_pin_keywords":"","_relevanssi_unpin_keywords":"","_relevanssi_related_keywords":"","_relevanssi_related_include_ids":"","_relevanssi_related_exclude_ids":"","_relevanssi_related_no_append":"","_relevanssi_related_not_related":"","_relevanssi_related_posts":"","_relevanssi_noindex_reason":""},"product_brand":[],"product_cat":[4466,4470,3590,4467],"product_tag":[],"class_list":{"0":"post-19157","1":"product","2":"type-product","3":"status-publish","4":"has-post-thumbnail","6":"product_cat-brochure-catalog-es","7":"product_cat-cables-and-hoses-es","8":"product_cat-mangueras","9":"product_cat-military-products-es","11":"first","12":"instock","13":"shipping-taxable","14":"purchasable","15":"product-type-simple"},"acf":[],"yoast_head":"<!-- This site is optimized with the Yoast SEO plugin v27.0 - https:\/\/yoast.com\/product\/yoast-seo-wordpress\/ -->\n<title>Adaptador giratorio para aviones - Para calefacci\u00f3n o aire acondicionado | ITW GSE<\/title>\n<meta name=\"description\" content=\"El adaptador giratorio para aviones es ligero, lo que lo convierte en un componente necesario para todas las unidades PCA, como las mangueras PCA. Este conector PCA permite el m\u00e1ximo flujo de aire.\" \/>\n<meta name=\"robots\" content=\"index, follow, max-snippet:-1, max-image-preview:large, max-video-preview:-1\" \/>\n<link rel=\"canonical\" href=\"https:\/\/itwgse.com\/es\/productos\/mangueras\/adaptador-de-avion-giratorio-360-grados\/\" \/>\n<meta property=\"og:locale\" content=\"es_ES\" \/>\n<meta property=\"og:type\" content=\"article\" \/>\n<meta property=\"og:title\" content=\"Adaptador giratorio para aviones - Para calefacci\u00f3n o aire acondicionado | ITW GSE\" \/>\n<meta property=\"og:description\" content=\"El adaptador giratorio para aviones es ligero, lo que lo convierte en un componente necesario para todas las unidades PCA, como las mangueras PCA. Este conector PCA permite el m\u00e1ximo flujo de aire.\" \/>\n<meta property=\"og:url\" content=\"https:\/\/itwgse.com\/es\/productos\/mangueras\/adaptador-de-avion-giratorio-360-grados\/\" \/>\n<meta property=\"og:site_name\" content=\"ITW GSE\" \/>\n<meta property=\"article:publisher\" content=\"https:\/\/www.facebook.com\/ITWGSE\/\" \/>\n<meta property=\"article:modified_time\" content=\"2026-03-09T12:39:20+00:00\" \/>\n<meta property=\"og:image\" content=\"https:\/\/itwgse.com\/wp-content\/uploads\/2018\/03\/Swivel_Aircraft_Adapter_menu.png\" \/>\n\t<meta property=\"og:image:width\" content=\"1107\" \/>\n\t<meta property=\"og:image:height\" content=\"507\" \/>\n\t<meta property=\"og:image:type\" content=\"image\/png\" \/>\n<meta name=\"twitter:card\" content=\"summary_large_image\" \/>\n<script type=\"application\/ld+json\" class=\"yoast-schema-graph\">{\"@context\":\"https:\/\/schema.org\",\"@graph\":[{\"@type\":\"WebPage\",\"@id\":\"https:\/\/itwgse.com\/es\/productos\/mangueras\/adaptador-de-avion-giratorio-360-grados\/\",\"url\":\"https:\/\/itwgse.com\/es\/productos\/mangueras\/adaptador-de-avion-giratorio-360-grados\/\",\"name\":\"Adaptador giratorio para aviones - Para calefacci\u00f3n o aire acondicionado | ITW GSE\",\"isPartOf\":{\"@id\":\"https:\/\/itwgse.com\/#website\"},\"primaryImageOfPage\":{\"@id\":\"https:\/\/itwgse.com\/es\/productos\/mangueras\/adaptador-de-avion-giratorio-360-grados\/#primaryimage\"},\"image\":{\"@id\":\"https:\/\/itwgse.com\/es\/productos\/mangueras\/adaptador-de-avion-giratorio-360-grados\/#primaryimage\"},\"thumbnailUrl\":\"https:\/\/itwgse.com\/wp-content\/uploads\/2018\/03\/Swivel_Aircraft_Adapter_menu.png\",\"datePublished\":\"2018-03-19T12:07:37+00:00\",\"dateModified\":\"2026-03-09T12:39:20+00:00\",\"description\":\"El adaptador giratorio para aviones es ligero, lo que lo convierte en un componente necesario para todas las unidades PCA, como las mangueras PCA. Este conector PCA permite el m\u00e1ximo flujo de aire.\",\"breadcrumb\":{\"@id\":\"https:\/\/itwgse.com\/es\/productos\/mangueras\/adaptador-de-avion-giratorio-360-grados\/#breadcrumb\"},\"inLanguage\":\"es\",\"potentialAction\":[{\"@type\":\"ReadAction\",\"target\":[\"https:\/\/itwgse.com\/es\/productos\/mangueras\/adaptador-de-avion-giratorio-360-grados\/\"]}]},{\"@type\":\"ImageObject\",\"inLanguage\":\"es\",\"@id\":\"https:\/\/itwgse.com\/es\/productos\/mangueras\/adaptador-de-avion-giratorio-360-grados\/#primaryimage\",\"url\":\"https:\/\/itwgse.com\/wp-content\/uploads\/2018\/03\/Swivel_Aircraft_Adapter_menu.png\",\"contentUrl\":\"https:\/\/itwgse.com\/wp-content\/uploads\/2018\/03\/Swivel_Aircraft_Adapter_menu.png\",\"width\":1107,\"height\":507,\"caption\":\"Swivel Aircraft Adapter Aircraft hoses\"},{\"@type\":\"BreadcrumbList\",\"@id\":\"https:\/\/itwgse.com\/es\/productos\/mangueras\/adaptador-de-avion-giratorio-360-grados\/#breadcrumb\",\"itemListElement\":[{\"@type\":\"ListItem\",\"position\":1,\"name\":\"Home\",\"item\":\"https:\/\/itwgse.com\/es\/home\/\"},{\"@type\":\"ListItem\",\"position\":2,\"name\":\"Adaptador giratorio para avi\u00f3n\"}]},{\"@type\":\"WebSite\",\"@id\":\"https:\/\/itwgse.com\/#website\",\"url\":\"https:\/\/itwgse.com\/\",\"name\":\"ITW GSE\",\"description\":\"It&#039;s all about connections\",\"publisher\":{\"@id\":\"https:\/\/itwgse.com\/#organization\"},\"potentialAction\":[{\"@type\":\"SearchAction\",\"target\":{\"@type\":\"EntryPoint\",\"urlTemplate\":\"https:\/\/itwgse.com\/?s={search_term_string}\"},\"query-input\":{\"@type\":\"PropertyValueSpecification\",\"valueRequired\":true,\"valueName\":\"search_term_string\"}}],\"inLanguage\":\"es\"},{\"@type\":\"Organization\",\"@id\":\"https:\/\/itwgse.com\/#organization\",\"name\":\"ITW GSE\",\"url\":\"https:\/\/itwgse.com\/\",\"logo\":{\"@type\":\"ImageObject\",\"inLanguage\":\"es\",\"@id\":\"https:\/\/itwgse.com\/#\/schema\/logo\/image\/\",\"url\":\"https:\/\/itwgse.com\/wp-content\/uploads\/2018\/11\/logo.png\",\"contentUrl\":\"https:\/\/itwgse.com\/wp-content\/uploads\/2018\/11\/logo.png\",\"width\":302,\"height\":237,\"caption\":\"ITW GSE\"},\"image\":{\"@id\":\"https:\/\/itwgse.com\/#\/schema\/logo\/image\/\"},\"sameAs\":[\"https:\/\/www.facebook.com\/ITWGSE\/\",\"https:\/\/www.linkedin.com\/company\/itw-gse\/\",\"https:\/\/www.youtube.com\/channel\/UCTUIMvyaOPfYIqzP8enZ8yw\"]}]}<\/script>\n<!-- \/ Yoast SEO plugin. -->","yoast_head_json":{"title":"Adaptador giratorio para aviones - Para calefacci\u00f3n o aire acondicionado | ITW GSE","description":"El adaptador giratorio para aviones es ligero, lo que lo convierte en un componente necesario para todas las unidades PCA, como las mangueras PCA. Este conector PCA permite el m\u00e1ximo flujo de aire.","robots":{"index":"index","follow":"follow","max-snippet":"max-snippet:-1","max-image-preview":"max-image-preview:large","max-video-preview":"max-video-preview:-1"},"canonical":"https:\/\/itwgse.com\/es\/productos\/mangueras\/adaptador-de-avion-giratorio-360-grados\/","og_locale":"es_ES","og_type":"article","og_title":"Adaptador giratorio para aviones - Para calefacci\u00f3n o aire acondicionado | ITW GSE","og_description":"El adaptador giratorio para aviones es ligero, lo que lo convierte en un componente necesario para todas las unidades PCA, como las mangueras PCA. Este conector PCA permite el m\u00e1ximo flujo de aire.","og_url":"https:\/\/itwgse.com\/es\/productos\/mangueras\/adaptador-de-avion-giratorio-360-grados\/","og_site_name":"ITW GSE","article_publisher":"https:\/\/www.facebook.com\/ITWGSE\/","article_modified_time":"2026-03-09T12:39:20+00:00","og_image":[{"width":1107,"height":507,"url":"https:\/\/itwgse.com\/wp-content\/uploads\/2018\/03\/Swivel_Aircraft_Adapter_menu.png","type":"image\/png"}],"twitter_card":"summary_large_image","schema":{"@context":"https:\/\/schema.org","@graph":[{"@type":"WebPage","@id":"https:\/\/itwgse.com\/es\/productos\/mangueras\/adaptador-de-avion-giratorio-360-grados\/","url":"https:\/\/itwgse.com\/es\/productos\/mangueras\/adaptador-de-avion-giratorio-360-grados\/","name":"Adaptador giratorio para aviones - Para calefacci\u00f3n o aire acondicionado | ITW GSE","isPartOf":{"@id":"https:\/\/itwgse.com\/#website"},"primaryImageOfPage":{"@id":"https:\/\/itwgse.com\/es\/productos\/mangueras\/adaptador-de-avion-giratorio-360-grados\/#primaryimage"},"image":{"@id":"https:\/\/itwgse.com\/es\/productos\/mangueras\/adaptador-de-avion-giratorio-360-grados\/#primaryimage"},"thumbnailUrl":"https:\/\/itwgse.com\/wp-content\/uploads\/2018\/03\/Swivel_Aircraft_Adapter_menu.png","datePublished":"2018-03-19T12:07:37+00:00","dateModified":"2026-03-09T12:39:20+00:00","description":"El adaptador giratorio para aviones es ligero, lo que lo convierte en un componente necesario para todas las unidades PCA, como las mangueras PCA. Este conector PCA permite el m\u00e1ximo flujo de aire.","breadcrumb":{"@id":"https:\/\/itwgse.com\/es\/productos\/mangueras\/adaptador-de-avion-giratorio-360-grados\/#breadcrumb"},"inLanguage":"es","potentialAction":[{"@type":"ReadAction","target":["https:\/\/itwgse.com\/es\/productos\/mangueras\/adaptador-de-avion-giratorio-360-grados\/"]}]},{"@type":"ImageObject","inLanguage":"es","@id":"https:\/\/itwgse.com\/es\/productos\/mangueras\/adaptador-de-avion-giratorio-360-grados\/#primaryimage","url":"https:\/\/itwgse.com\/wp-content\/uploads\/2018\/03\/Swivel_Aircraft_Adapter_menu.png","contentUrl":"https:\/\/itwgse.com\/wp-content\/uploads\/2018\/03\/Swivel_Aircraft_Adapter_menu.png","width":1107,"height":507,"caption":"Swivel Aircraft Adapter Aircraft hoses"},{"@type":"BreadcrumbList","@id":"https:\/\/itwgse.com\/es\/productos\/mangueras\/adaptador-de-avion-giratorio-360-grados\/#breadcrumb","itemListElement":[{"@type":"ListItem","position":1,"name":"Home","item":"https:\/\/itwgse.com\/es\/home\/"},{"@type":"ListItem","position":2,"name":"Adaptador giratorio para avi\u00f3n"}]},{"@type":"WebSite","@id":"https:\/\/itwgse.com\/#website","url":"https:\/\/itwgse.com\/","name":"ITW GSE","description":"It&#039;s all about connections","publisher":{"@id":"https:\/\/itwgse.com\/#organization"},"potentialAction":[{"@type":"SearchAction","target":{"@type":"EntryPoint","urlTemplate":"https:\/\/itwgse.com\/?s={search_term_string}"},"query-input":{"@type":"PropertyValueSpecification","valueRequired":true,"valueName":"search_term_string"}}],"inLanguage":"es"},{"@type":"Organization","@id":"https:\/\/itwgse.com\/#organization","name":"ITW GSE","url":"https:\/\/itwgse.com\/","logo":{"@type":"ImageObject","inLanguage":"es","@id":"https:\/\/itwgse.com\/#\/schema\/logo\/image\/","url":"https:\/\/itwgse.com\/wp-content\/uploads\/2018\/11\/logo.png","contentUrl":"https:\/\/itwgse.com\/wp-content\/uploads\/2018\/11\/logo.png","width":302,"height":237,"caption":"ITW GSE"},"image":{"@id":"https:\/\/itwgse.com\/#\/schema\/logo\/image\/"},"sameAs":["https:\/\/www.facebook.com\/ITWGSE\/","https:\/\/www.linkedin.com\/company\/itw-gse\/","https:\/\/www.youtube.com\/channel\/UCTUIMvyaOPfYIqzP8enZ8yw"]}]}},"_links":{"self":[{"href":"https:\/\/itwgse.com\/es\/wp-json\/wp\/v2\/product\/19157","targetHints":{"allow":["GET"]}}],"collection":[{"href":"https:\/\/itwgse.com\/es\/wp-json\/wp\/v2\/product"}],"about":[{"href":"https:\/\/itwgse.com\/es\/wp-json\/wp\/v2\/types\/product"}],"replies":[{"embeddable":true,"href":"https:\/\/itwgse.com\/es\/wp-json\/wp\/v2\/comments?post=19157"}],"wp:featuredmedia":[{"embeddable":true,"href":"https:\/\/itwgse.com\/es\/wp-json\/wp\/v2\/media\/4546"}],"wp:attachment":[{"href":"https:\/\/itwgse.com\/es\/wp-json\/wp\/v2\/media?parent=19157"}],"wp:term":[{"taxonomy":"product_brand","embeddable":true,"href":"https:\/\/itwgse.com\/es\/wp-json\/wp\/v2\/product_brand?post=19157"},{"taxonomy":"product_cat","embeddable":true,"href":"https:\/\/itwgse.com\/es\/wp-json\/wp\/v2\/product_cat?post=19157"},{"taxonomy":"product_tag","embeddable":true,"href":"https:\/\/itwgse.com\/es\/wp-json\/wp\/v2\/product_tag?post=19157"}],"curies":[{"name":"wp","href":"https:\/\/api.w.org\/{rel}","templated":true}]}}