{"id":45196,"date":"2018-03-19T14:40:10","date_gmt":"2018-03-19T13:40:10","guid":{"rendered":"https:\/\/itwgse.com\/products\/sin categor\u00eda\/pca-conducto-de-alambre-con-velcro-y-cremallera\/"},"modified":"2026-03-09T13:39:16","modified_gmt":"2026-03-09T12:39:16","slug":"pca-conducto-de-alambre-con-velcro-y-cremallera","status":"publish","type":"product","link":"https:\/\/itwgse.com\/es\/productos\/mangueras\/pca-conducto-de-alambre-con-velcro-y-cremallera\/","title":{"rendered":"PCA Conducto de alambre con velcro y cremallera"},"content":{"rendered":"<div id=\"pl-45196\"  class=\"panel-layout\" ><div id=\"pg-45196-0\"  class=\"panel-grid panel-no-style\" ><div id=\"pgc-45196-0-0\"  class=\"panel-grid-cell\" ><div id=\"panel-45196-0-0-0\" class=\"so-panel widget widget_mtt-cover-section panel-first-child\" data-index=\"0\" ><div\n\t\t\t\n\t\t\tclass=\"so-widget-mtt-cover-section so-widget-mtt-cover-section-base\"\n\t\t\t\n\t\t>\n<div class=\"mtt-cover-section-wrap product\">\n    <div class=\"mtt-cover-product-container\">\n        <div class=\"mtt-cover-section-text-wrap\">\n            <img decoding=\"async\" width=\"776\" height=\"512\" src=\"https:\/\/itwgse.com\/wp-content\/uploads\/2018\/03\/pca-wire-wound-duct-velcro-and-zipper-menu.png\" class=\"cover-product\" alt=\"PCA Wire Wound Duct Velcro and Zipper\" srcset=\"https:\/\/itwgse.com\/wp-content\/uploads\/2018\/03\/pca-wire-wound-duct-velcro-and-zipper-menu.png 776w, https:\/\/itwgse.com\/wp-content\/uploads\/2018\/03\/pca-wire-wound-duct-velcro-and-zipper-menu-300x198.png 300w, https:\/\/itwgse.com\/wp-content\/uploads\/2018\/03\/pca-wire-wound-duct-velcro-and-zipper-menu-750x495.png 750w, https:\/\/itwgse.com\/wp-content\/uploads\/2018\/03\/pca-wire-wound-duct-velcro-and-zipper-menu-768x507.png 768w, https:\/\/itwgse.com\/wp-content\/uploads\/2018\/03\/pca-wire-wound-duct-velcro-and-zipper-menu-600x396.png 600w\" sizes=\"(max-width: 776px) 100vw, 776px\" \/>            <div class=\"mtt-cover-section-text\">\n                                <span class=\"tagline\"><\/span>\n                <h1>PCA Conducto de alambre con velcro y cremallera<\/h1>\n                <div class=\"text\"><p>Mangueras de aire preacondicionado<\/p>\n<\/div>\n                <input type=\"hidden\" name=\"product\" value=\"45196\">\n\n                    <div class=\"button-wrap\">\n                        <a class=\"button mtt-support-box modal\" data-flow=\"request-quotation\" data-template=\"request-form\"\n                           data-product_id=\"45196\" data-previous_no_pagination=\"true\">Solicitar Producto<\/a>\n\n                                                                                    <a\n                                    href=\"\"\n                                    class=\"button  open-brochure-modal\"\n                                >\n                                    Folleto                                <\/a>\n                                                                        <\/div>\n\n            <\/div>\n        <\/div>\n    <\/div>\n    <div class=\"mtt-cover-product-background no-background\" >\n                <div class=\"mtt-cover-product-background-image\">\n                        <img decoding=\"async\"  src=\"https:\/\/itwgse.com\/wp-content\/themes\/mtt-standard-theme\/assets\/img\/cover\/itwgse_cut_wide.svg\" class=\"itwgse-cut\">        <\/div>\n\n        <div class=\"mtt-cover-product small\">\n            <img decoding=\"async\" width=\"1200\" height=\"740\" src=\"https:\/\/itwgse.com\/wp-content\/uploads\/2018\/03\/pca-wire-wound-duct-velcro-and-zipper-1200x740.png\" class=\"attachment-1200x740x size-1200x740x\" alt=\"\" srcset=\"https:\/\/itwgse.com\/wp-content\/uploads\/2018\/03\/pca-wire-wound-duct-velcro-and-zipper.png 1200w, https:\/\/itwgse.com\/wp-content\/uploads\/2018\/03\/pca-wire-wound-duct-velcro-and-zipper-300x185.png 300w, https:\/\/itwgse.com\/wp-content\/uploads\/2018\/03\/pca-wire-wound-duct-velcro-and-zipper-1024x631.png 1024w\" sizes=\"(max-width: 1200px) 100vw, 1200px\" \/>        <\/div>\n    <\/div>\n<\/div><\/div><\/div><div id=\"panel-45196-0-0-1\" class=\"so-panel widget widget_mtt-two-col-text\" data-index=\"1\" ><div\n\t\t\t\n\t\t\tclass=\"so-widget-mtt-two-col-text so-widget-mtt-two-col-text-base\"\n\t\t\t\n\t\t>\n<div class=\"mtt-two-col-wrapper no-bottom-padding\">\n    <div class=\"mtt-two-col-container\">\n        <div class=\"mtt-two-col-content\">\n                        <div class=\"text-section\">\n                <div class=\"col formatted_content\"><p>ITW GSE es el principal proveedor de conductos PCA. El conducto PCA aislado es un conducto de calefacci\u00f3n y aire acondicionado extremadamente flexible. Est\u00e1 fabricado con refuerzo de alambre para mayor durabilidad. La manguera PCA est\u00e1 fabricada con tejido recubierto de vinilo de dos capas, flexible y muy resistente a la abrasi\u00f3n. La construcci\u00f3n interior es de nailon antidesgarro con aislamiento a prueba de humedad entre las capas. Estos conductos vienen con cremalleras y velcro para unir f\u00e1cilmente secciones adicionales formando conjuntos de conductos m\u00e1s largos.     <\/p>\n<p>\u00a0<\/p>\n<h3>Caracter\u00edsticas<\/h3>\n<ul>\n<li>La cremallera con pu\u00f1os y las tiras de velcro permiten montar conductos m\u00e1s largos<\/li>\n<li>Disponible con di\u00e1metros interiores de 14\u2033.<\/li>\n<li>Tolerante a variaciones de temperatura de -40\u00ba F a +125\u00ba F<\/li>\n<li>Valor R m\u00ednimo de 8,0 o superior<\/li>\n<li>Se incluyen autom\u00e1ticamente tiras antidesgaste resistentes a la abrasi\u00f3n<\/li>\n<\/ul>\n<\/div>\n                <div class=\"col formatted_content\"><p><img decoding=\"async\" class=\"alignnone wp-image-4600 size-large\" src=\"https:\/\/itwgse.com\/wp-content\/uploads\/2018\/03\/BLCK8981-1-975x1024.png\" alt=\"\" width=\"975\" height=\"1024\" srcset=\"https:\/\/itwgse.com\/wp-content\/uploads\/2018\/03\/BLCK8981-1-975x1024.png 975w, https:\/\/itwgse.com\/wp-content\/uploads\/2018\/03\/BLCK8981-1-286x300.png 286w, https:\/\/itwgse.com\/wp-content\/uploads\/2018\/03\/BLCK8981-1.png 1000w\" sizes=\"(max-width: 975px) 100vw, 975px\" \/><\/p>\n                                    <\/div>\n            <\/div>\n                    <\/div>\n    <\/div>\n<\/div><\/div><\/div><div id=\"panel-45196-0-0-2\" class=\"so-panel widget widget_mtt-product-files\" data-index=\"2\" ><div\n\t\t\t\n\t\t\tclass=\"so-widget-mtt-product-files so-widget-mtt-product-files-base\"\n\t\t\t\n\t\t>    <div class=\"product-files-wrapper\">\n        <div class=\"page_container\">\n            <h2>Download para PCA Conducto de alambre con velcro y cremallera<\/h2>\n            <div class=\"button-wrap\">\n                                                            <a\n                            class=\"button open-modal\"\n                            href=\"#\"\n                            data-id=\"5f57db8c-26f0-41cf-8f08-d7fec49c3337\"\n                        >\n                            Cat\u00e1logo                        <\/a>\n                                                                        <\/div>\n        <\/div>\n    <\/div>\n    <\/div><\/div><div id=\"panel-45196-0-0-3\" class=\"so-panel widget widget_mtt-one-col-text\" data-index=\"3\" ><div\n\t\t\t\n\t\t\tclass=\"so-widget-mtt-one-col-text so-widget-mtt-one-col-text-base\"\n\t\t\t\n\t\t>\n<div class=\"mtt-two-col-wrapper no-top-padding\">\n    <div class=\"mtt-two-col-container\">\n        <div class=\"mtt-two-col-content formatted_content has-title-one\">\n\t\t\t                <h2>Anteriormente conocida como J&B Aviation Premium Hose<\/h2>\n                        <div class=\"text-section one-col\">\n                <p>Hasta 2018, el PCA Wire Wound Duct Velcro and Zipper se vend\u00eda bajo la marca J&B Aviation Premium Hose.<\/p>\n<p>Lee m\u00e1s sobre <a href=\"https:\/\/itwgse.com\/about-itw-gse\/\" target=\"_blank\" rel=\"noopener\">la historia de nuestra marca<\/a>.<\/p>\n<p>\u00a0<\/p>\n<p><a href=\"https:\/\/itwgse.com\/aircraft-hoses\/\">Aqu\u00ed puedes ver todas las mangueras ITW GSE<\/a> actuales.<\/p>\n            <\/div>\n\n            \n                        <\/div>\n    <\/div>\n<\/div>\n<\/div><\/div><div id=\"panel-45196-0-0-4\" class=\"so-panel widget widget_mtt-customer-support panel-last-child\" data-index=\"4\" ><div\n\t\t\t\n\t\t\tclass=\"so-widget-mtt-customer-support so-widget-mtt-customer-support-base\"\n\t\t\t\n\t\t>\n<div class=\"mtt-text-image-wrap less-top-padding less-bottom-padding grey-bg\">\n        <!-- Content -->\n    <div class=\"mtt-text-image-container\">\n        <div class=\"mtt-text-image-col\">\n            <div class=\"mtt-text-image-content formatted_content\">\n                                <h2>Atenci\u00f3n al cliente<\/h2>\n                <p><strong>\u00bfC\u00f3mo le podemos ayudar?<\/strong><\/p>\n<p>\u00bfNecesita esquemas, cat\u00e1logos de repuestos o v\u00eddeos de instrucciones?<\/p>\n<p>Use el bot\u00f3n \u201cAsistencia con el producto\u201d. \u00bfTiene preguntas para el equipo de atenci\u00f3n al cliente? Use el bot\u00f3n \u201cContacto con atenci\u00f3n al cliente\u201d. Si tiene alguna duda con respecto a un producto concreto, proporci\u00f3nenos el n\u00famero de serie del producto.<\/p>\n\n                                    <div class=\"button-wrap\">\n                                                    <a href=\"https:\/\/itwgse.com\/es\/support-and-service\/\" class=\"button\">\n                                Asistencia con el producto                            <\/a>\n                                                    <a href=\"https:\/\/itwgse.com\/es\/contacto\/\" class=\"button\">\n                                Contactar con Atenci\u00f3n al cliente                            <\/a>\n                                            <\/div>\n                            <\/div>\n        <\/div>\n                    <div class=\"mtt-text-image-col img center\">\n                <div class=\"mtt-text-image-content\">\n                    <img decoding=\"async\" width=\"1800\" height=\"1023\" src=\"https:\/\/itwgse.com\/wp-content\/uploads\/2018\/06\/ITWGSE_hero_cleanest-1.jpg\" class=\"attachment-full size-full\" alt=\"7400 low noice JK\" srcset=\"https:\/\/itwgse.com\/wp-content\/uploads\/2018\/06\/ITWGSE_hero_cleanest-1.jpg 1800w, https:\/\/itwgse.com\/wp-content\/uploads\/2018\/06\/ITWGSE_hero_cleanest-1-300x171.jpg 300w, https:\/\/itwgse.com\/wp-content\/uploads\/2018\/06\/ITWGSE_hero_cleanest-1-1024x582.jpg 1024w\" sizes=\"(max-width: 1800px) 100vw, 1800px\" \/>                \n                    \n                    \n                <\/div>\n            <\/div>\n            <\/div>\n<\/div>\n\n<script>\nfunction sendEvent(action, element) {\n    var videoTitle = jQuery(element).data('title');  \n\n    if (dataLayer && videoTitle) {\n        dataLayer.push({\n            'event': 'video',\n            'eventCategory': 'Video',\n            'eventAction': action,\n            'eventLabel': videoTitle\n        });\n    }\n    else if (ga && videoTitle) {\n        ga('send', 'event', 'Video', action, videoTitle);\n    }  \n}\n<\/script>\n<\/div><\/div><\/div><\/div><\/div>","protected":false},"excerpt":{"rendered":"<p>Mangueras de aire preacondicionado<\/p>\n","protected":false},"featured_media":4565,"comment_status":"open","ping_status":"closed","template":"","meta":{"_acf_changed":false,"_relevanssi_hide_post":"","_relevanssi_hide_content":"","_relevanssi_pin_for_all":"","_relevanssi_pin_keywords":"","_relevanssi_unpin_keywords":"","_relevanssi_related_keywords":"","_relevanssi_related_include_ids":"","_relevanssi_related_exclude_ids":"","_relevanssi_related_no_append":"","_relevanssi_related_not_related":"","_relevanssi_related_posts":"","_relevanssi_noindex_reason":""},"product_brand":[],"product_cat":[4466,4470,3590,4467],"product_tag":[],"class_list":{"0":"post-45196","1":"product","2":"type-product","3":"status-publish","4":"has-post-thumbnail","6":"product_cat-brochure-catalog-es","7":"product_cat-cables-and-hoses-es","8":"product_cat-mangueras","9":"product_cat-military-products-es","11":"first","12":"instock","13":"shipping-taxable","14":"purchasable","15":"product-type-simple"},"acf":[],"yoast_head":"<!-- This site is optimized with the Yoast SEO plugin v27.0 - https:\/\/yoast.com\/product\/yoast-seo-wordpress\/ -->\n<title>PCA Conducto de alambre enrollado - Velcro y cremallera | ITW GSE<\/title>\n<meta name=\"description\" content=\"El conducto aislado PCA Wire Wound es un conducto de calefacci\u00f3n y aire acondicionado extremadamente flexible. Viene con tiras resistentes a la abrasi\u00f3n.\" \/>\n<meta name=\"robots\" content=\"index, follow, max-snippet:-1, max-image-preview:large, max-video-preview:-1\" \/>\n<link rel=\"canonical\" href=\"https:\/\/itwgse.com\/es\/productos\/hoses\/pca-conducto-de-alambre-con-velcro-y-cremallera\/\" \/>\n<meta property=\"og:locale\" content=\"es_ES\" \/>\n<meta property=\"og:type\" content=\"article\" \/>\n<meta property=\"og:title\" content=\"PCA Conducto de alambre enrollado - Velcro y cremallera | ITW GSE\" \/>\n<meta property=\"og:description\" content=\"El conducto aislado PCA Wire Wound es un conducto de calefacci\u00f3n y aire acondicionado extremadamente flexible. Viene con tiras resistentes a la abrasi\u00f3n.\" \/>\n<meta property=\"og:url\" content=\"https:\/\/itwgse.com\/es\/productos\/hoses\/pca-conducto-de-alambre-con-velcro-y-cremallera\/\" \/>\n<meta property=\"og:site_name\" content=\"ITW GSE\" \/>\n<meta property=\"article:publisher\" content=\"https:\/\/www.facebook.com\/ITWGSE\/\" \/>\n<meta property=\"article:modified_time\" content=\"2026-03-09T12:39:16+00:00\" \/>\n<meta property=\"og:image\" content=\"https:\/\/itwgse.com\/wp-content\/uploads\/2018\/03\/pca-wire-wound-duct-velcro-and-zipper-menu.png\" \/>\n\t<meta property=\"og:image:width\" content=\"776\" \/>\n\t<meta property=\"og:image:height\" content=\"512\" \/>\n\t<meta property=\"og:image:type\" content=\"image\/png\" \/>\n<meta name=\"twitter:card\" content=\"summary_large_image\" \/>\n<script type=\"application\/ld+json\" class=\"yoast-schema-graph\">{\"@context\":\"https:\/\/schema.org\",\"@graph\":[{\"@type\":\"WebPage\",\"@id\":\"https:\/\/itwgse.com\/es\/productos\/hoses\/pca-conducto-de-alambre-con-velcro-y-cremallera\/\",\"url\":\"https:\/\/itwgse.com\/es\/productos\/hoses\/pca-conducto-de-alambre-con-velcro-y-cremallera\/\",\"name\":\"PCA Conducto de alambre enrollado - Velcro y cremallera | ITW GSE\",\"isPartOf\":{\"@id\":\"https:\/\/itwgse.com\/#website\"},\"primaryImageOfPage\":{\"@id\":\"https:\/\/itwgse.com\/es\/productos\/hoses\/pca-conducto-de-alambre-con-velcro-y-cremallera\/#primaryimage\"},\"image\":{\"@id\":\"https:\/\/itwgse.com\/es\/productos\/hoses\/pca-conducto-de-alambre-con-velcro-y-cremallera\/#primaryimage\"},\"thumbnailUrl\":\"https:\/\/itwgse.com\/wp-content\/uploads\/2018\/03\/pca-wire-wound-duct-velcro-and-zipper-menu.png\",\"datePublished\":\"2018-03-19T13:40:10+00:00\",\"dateModified\":\"2026-03-09T12:39:16+00:00\",\"description\":\"El conducto aislado PCA Wire Wound es un conducto de calefacci\u00f3n y aire acondicionado extremadamente flexible. Viene con tiras resistentes a la abrasi\u00f3n.\",\"breadcrumb\":{\"@id\":\"https:\/\/itwgse.com\/es\/productos\/hoses\/pca-conducto-de-alambre-con-velcro-y-cremallera\/#breadcrumb\"},\"inLanguage\":\"es\",\"potentialAction\":[{\"@type\":\"ReadAction\",\"target\":[\"https:\/\/itwgse.com\/es\/productos\/hoses\/pca-conducto-de-alambre-con-velcro-y-cremallera\/\"]}]},{\"@type\":\"ImageObject\",\"inLanguage\":\"es\",\"@id\":\"https:\/\/itwgse.com\/es\/productos\/hoses\/pca-conducto-de-alambre-con-velcro-y-cremallera\/#primaryimage\",\"url\":\"https:\/\/itwgse.com\/wp-content\/uploads\/2018\/03\/pca-wire-wound-duct-velcro-and-zipper-menu.png\",\"contentUrl\":\"https:\/\/itwgse.com\/wp-content\/uploads\/2018\/03\/pca-wire-wound-duct-velcro-and-zipper-menu.png\",\"width\":776,\"height\":512,\"caption\":\"PCA Wire Wound Duct Velcro and Zipper\"},{\"@type\":\"BreadcrumbList\",\"@id\":\"https:\/\/itwgse.com\/es\/productos\/hoses\/pca-conducto-de-alambre-con-velcro-y-cremallera\/#breadcrumb\",\"itemListElement\":[{\"@type\":\"ListItem\",\"position\":1,\"name\":\"Home\",\"item\":\"https:\/\/itwgse.com\/es\/home\/\"},{\"@type\":\"ListItem\",\"position\":2,\"name\":\"PCA Conducto de alambre con velcro y cremallera\"}]},{\"@type\":\"WebSite\",\"@id\":\"https:\/\/itwgse.com\/#website\",\"url\":\"https:\/\/itwgse.com\/\",\"name\":\"ITW GSE\",\"description\":\"It&#039;s all about connections\",\"publisher\":{\"@id\":\"https:\/\/itwgse.com\/#organization\"},\"potentialAction\":[{\"@type\":\"SearchAction\",\"target\":{\"@type\":\"EntryPoint\",\"urlTemplate\":\"https:\/\/itwgse.com\/?s={search_term_string}\"},\"query-input\":{\"@type\":\"PropertyValueSpecification\",\"valueRequired\":true,\"valueName\":\"search_term_string\"}}],\"inLanguage\":\"es\"},{\"@type\":\"Organization\",\"@id\":\"https:\/\/itwgse.com\/#organization\",\"name\":\"ITW GSE\",\"url\":\"https:\/\/itwgse.com\/\",\"logo\":{\"@type\":\"ImageObject\",\"inLanguage\":\"es\",\"@id\":\"https:\/\/itwgse.com\/#\/schema\/logo\/image\/\",\"url\":\"https:\/\/itwgse.com\/wp-content\/uploads\/2018\/11\/logo.png\",\"contentUrl\":\"https:\/\/itwgse.com\/wp-content\/uploads\/2018\/11\/logo.png\",\"width\":302,\"height\":237,\"caption\":\"ITW GSE\"},\"image\":{\"@id\":\"https:\/\/itwgse.com\/#\/schema\/logo\/image\/\"},\"sameAs\":[\"https:\/\/www.facebook.com\/ITWGSE\/\",\"https:\/\/www.linkedin.com\/company\/itw-gse\/\",\"https:\/\/www.youtube.com\/channel\/UCTUIMvyaOPfYIqzP8enZ8yw\"]}]}<\/script>\n<!-- \/ Yoast SEO plugin. -->","yoast_head_json":{"title":"PCA Conducto de alambre enrollado - Velcro y cremallera | ITW GSE","description":"El conducto aislado PCA Wire Wound es un conducto de calefacci\u00f3n y aire acondicionado extremadamente flexible. Viene con tiras resistentes a la abrasi\u00f3n.","robots":{"index":"index","follow":"follow","max-snippet":"max-snippet:-1","max-image-preview":"max-image-preview:large","max-video-preview":"max-video-preview:-1"},"canonical":"https:\/\/itwgse.com\/es\/productos\/hoses\/pca-conducto-de-alambre-con-velcro-y-cremallera\/","og_locale":"es_ES","og_type":"article","og_title":"PCA Conducto de alambre enrollado - Velcro y cremallera | ITW GSE","og_description":"El conducto aislado PCA Wire Wound es un conducto de calefacci\u00f3n y aire acondicionado extremadamente flexible. Viene con tiras resistentes a la abrasi\u00f3n.","og_url":"https:\/\/itwgse.com\/es\/productos\/hoses\/pca-conducto-de-alambre-con-velcro-y-cremallera\/","og_site_name":"ITW GSE","article_publisher":"https:\/\/www.facebook.com\/ITWGSE\/","article_modified_time":"2026-03-09T12:39:16+00:00","og_image":[{"width":776,"height":512,"url":"https:\/\/itwgse.com\/wp-content\/uploads\/2018\/03\/pca-wire-wound-duct-velcro-and-zipper-menu.png","type":"image\/png"}],"twitter_card":"summary_large_image","schema":{"@context":"https:\/\/schema.org","@graph":[{"@type":"WebPage","@id":"https:\/\/itwgse.com\/es\/productos\/hoses\/pca-conducto-de-alambre-con-velcro-y-cremallera\/","url":"https:\/\/itwgse.com\/es\/productos\/hoses\/pca-conducto-de-alambre-con-velcro-y-cremallera\/","name":"PCA Conducto de alambre enrollado - Velcro y cremallera | ITW GSE","isPartOf":{"@id":"https:\/\/itwgse.com\/#website"},"primaryImageOfPage":{"@id":"https:\/\/itwgse.com\/es\/productos\/hoses\/pca-conducto-de-alambre-con-velcro-y-cremallera\/#primaryimage"},"image":{"@id":"https:\/\/itwgse.com\/es\/productos\/hoses\/pca-conducto-de-alambre-con-velcro-y-cremallera\/#primaryimage"},"thumbnailUrl":"https:\/\/itwgse.com\/wp-content\/uploads\/2018\/03\/pca-wire-wound-duct-velcro-and-zipper-menu.png","datePublished":"2018-03-19T13:40:10+00:00","dateModified":"2026-03-09T12:39:16+00:00","description":"El conducto aislado PCA Wire Wound es un conducto de calefacci\u00f3n y aire acondicionado extremadamente flexible. Viene con tiras resistentes a la abrasi\u00f3n.","breadcrumb":{"@id":"https:\/\/itwgse.com\/es\/productos\/hoses\/pca-conducto-de-alambre-con-velcro-y-cremallera\/#breadcrumb"},"inLanguage":"es","potentialAction":[{"@type":"ReadAction","target":["https:\/\/itwgse.com\/es\/productos\/hoses\/pca-conducto-de-alambre-con-velcro-y-cremallera\/"]}]},{"@type":"ImageObject","inLanguage":"es","@id":"https:\/\/itwgse.com\/es\/productos\/hoses\/pca-conducto-de-alambre-con-velcro-y-cremallera\/#primaryimage","url":"https:\/\/itwgse.com\/wp-content\/uploads\/2018\/03\/pca-wire-wound-duct-velcro-and-zipper-menu.png","contentUrl":"https:\/\/itwgse.com\/wp-content\/uploads\/2018\/03\/pca-wire-wound-duct-velcro-and-zipper-menu.png","width":776,"height":512,"caption":"PCA Wire Wound Duct Velcro and Zipper"},{"@type":"BreadcrumbList","@id":"https:\/\/itwgse.com\/es\/productos\/hoses\/pca-conducto-de-alambre-con-velcro-y-cremallera\/#breadcrumb","itemListElement":[{"@type":"ListItem","position":1,"name":"Home","item":"https:\/\/itwgse.com\/es\/home\/"},{"@type":"ListItem","position":2,"name":"PCA Conducto de alambre con velcro y cremallera"}]},{"@type":"WebSite","@id":"https:\/\/itwgse.com\/#website","url":"https:\/\/itwgse.com\/","name":"ITW GSE","description":"It&#039;s all about connections","publisher":{"@id":"https:\/\/itwgse.com\/#organization"},"potentialAction":[{"@type":"SearchAction","target":{"@type":"EntryPoint","urlTemplate":"https:\/\/itwgse.com\/?s={search_term_string}"},"query-input":{"@type":"PropertyValueSpecification","valueRequired":true,"valueName":"search_term_string"}}],"inLanguage":"es"},{"@type":"Organization","@id":"https:\/\/itwgse.com\/#organization","name":"ITW GSE","url":"https:\/\/itwgse.com\/","logo":{"@type":"ImageObject","inLanguage":"es","@id":"https:\/\/itwgse.com\/#\/schema\/logo\/image\/","url":"https:\/\/itwgse.com\/wp-content\/uploads\/2018\/11\/logo.png","contentUrl":"https:\/\/itwgse.com\/wp-content\/uploads\/2018\/11\/logo.png","width":302,"height":237,"caption":"ITW GSE"},"image":{"@id":"https:\/\/itwgse.com\/#\/schema\/logo\/image\/"},"sameAs":["https:\/\/www.facebook.com\/ITWGSE\/","https:\/\/www.linkedin.com\/company\/itw-gse\/","https:\/\/www.youtube.com\/channel\/UCTUIMvyaOPfYIqzP8enZ8yw"]}]}},"_links":{"self":[{"href":"https:\/\/itwgse.com\/es\/wp-json\/wp\/v2\/product\/45196","targetHints":{"allow":["GET"]}}],"collection":[{"href":"https:\/\/itwgse.com\/es\/wp-json\/wp\/v2\/product"}],"about":[{"href":"https:\/\/itwgse.com\/es\/wp-json\/wp\/v2\/types\/product"}],"replies":[{"embeddable":true,"href":"https:\/\/itwgse.com\/es\/wp-json\/wp\/v2\/comments?post=45196"}],"wp:featuredmedia":[{"embeddable":true,"href":"https:\/\/itwgse.com\/es\/wp-json\/wp\/v2\/media\/4565"}],"wp:attachment":[{"href":"https:\/\/itwgse.com\/es\/wp-json\/wp\/v2\/media?parent=45196"}],"wp:term":[{"taxonomy":"product_brand","embeddable":true,"href":"https:\/\/itwgse.com\/es\/wp-json\/wp\/v2\/product_brand?post=45196"},{"taxonomy":"product_cat","embeddable":true,"href":"https:\/\/itwgse.com\/es\/wp-json\/wp\/v2\/product_cat?post=45196"},{"taxonomy":"product_tag","embeddable":true,"href":"https:\/\/itwgse.com\/es\/wp-json\/wp\/v2\/product_tag?post=45196"}],"curies":[{"name":"wp","href":"https:\/\/api.w.org\/{rel}","templated":true}]}}