{"id":28608,"date":"2026-02-24T13:39:32","date_gmt":"2026-02-24T12:39:32","guid":{"rendered":"https:\/\/itwgse.com\/contact\/"},"modified":"2026-03-30T15:18:43","modified_gmt":"2026-03-30T13:18:43","slug":"contact","status":"publish","type":"page","link":"https:\/\/itwgse.com\/fr\/contact\/","title":{"rendered":"Contact"},"content":{"rendered":"<div id=\"pl-28608\"  class=\"panel-layout\" ><div id=\"pg-28608-0\"  class=\"panel-grid panel-no-style\" ><div id=\"pgc-28608-0-0\"  class=\"panel-grid-cell\" ><div id=\"panel-28608-0-0-0\" class=\"so-panel widget widget_mtt-cover-section panel-first-child panel-last-child\" data-index=\"0\" ><div\n\t\t\t\n\t\t\tclass=\"so-widget-mtt-cover-section so-widget-mtt-cover-section-base\"\n\t\t\t\n\t\t>\n<div class=\"mtt-cover-section-wrap compact extra-small\">\n\t<div class=\"mtt-cover-curve\">\n\t\t<img decoding=\"async\"  src=\"https:\/\/itwgse.com\/wp-content\/themes\/mtt-standard-theme\/assets\/img\/cover\/itwgse_cut.svg\">\t<\/div>\n    <div class=\"mtt-cover-compact-background object-fit overlay\">\n                    <img decoding=\"async\"\n                src=\"https:\/\/itwgse.com\/wp-content\/uploads\/2018\/06\/IMG-20190118-WA0002_Vantaa_Helsinki.jpg\"\n                alt=\"\"\n                data-skip-lazy\n            >\n                            <\/div>\n    <div class=\"mtt-cover-compact-container\">\n        <div class=\"mtt-cover-section-text no-max-width\">\n            <h1>Contactez nous !<\/h1>\n                                <div class=\"text\"><p>Nous sommes l\u00e0 pour vous aider.<\/p>\n<\/div>\n                            <\/div>\n    <\/div>\n<\/div>\n<\/div><\/div><\/div><\/div><div id=\"pg-28608-1\"  class=\"panel-grid panel-no-style\" ><div id=\"pgc-28608-1-0\"  class=\"panel-grid-cell\" ><div id=\"panel-28608-1-0-0\" class=\"so-panel widget widget_mtt-text panel-first-child panel-last-child\" data-index=\"1\" ><div\n\t\t\t\n\t\t\tclass=\"so-widget-mtt-text so-widget-mtt-text-base\"\n\t\t\t\n\t\t>\n<div class=\"mtt-text-wrapper no-bottom-padding\">\n    <div class=\"mtt-text-container\">\n        <div class=\"mtt-text-content\">\n                            <h2>Comment pouvons-nous vous aider ?<\/h2>\n                        <div class=\"text-section formatted_content\">\n                            <\/div>\n        <\/div>\n    <\/div>\n<\/div><\/div><\/div><\/div><\/div><div id=\"pg-28608-2\"  class=\"panel-grid panel-no-style\" ><div id=\"pgc-28608-2-0\"  class=\"panel-grid-cell\" ><div id=\"panel-28608-2-0-0\" class=\"so-panel widget widget_mtt-contact-support-sales panel-first-child panel-last-child\" data-index=\"2\" ><div\n\t\t\t\n\t\t\tclass=\"so-widget-mtt-contact-support-sales so-widget-mtt-contact-support-sales-base\"\n\t\t\t\n\t\t>\n<div class=\"mtt-contact-support-sales\">\n    <div class=\"mtt-contact-support-sales__inner\">\n                    <div class=\"mtt-contact-support-sales__box mtt-contact-support-sales__box--support\">\n                <h2 class=\"mtt-contact-support-sales__title\">Soutien<\/h2>\n                <div class=\"mtt-contact-support-sales__text formatted_content\"><p>Contactez l'assistance si vous avez des questions concernant par exemple :<\/p>\n<ul>\n<li>Support technique<\/li>\n<li>Soutien aux pi\u00e8ces d\u00e9tach\u00e9es<\/li>\n<li>Recherche d'erreurs<\/li>\n<li>Manuels et diagrammes<\/li>\n<li><a href=\"https:\/\/itwgse.com\/training-academy\/\">Acad\u00e9mie de formation<\/a><\/li>\n<\/ul>\n<\/div>\n                <a class=\"mtt-contact-support-sales__button button primary open-modal\" data-id=\"4123\">\n                    <div class=\"mtt-contact-support-sales__employees\"><img decoding=\"async\" width=\"128\" height=\"128\" src=\"https:\/\/itwgse.com\/wp-content\/uploads\/2018\/03\/aus_web.jpg\" class=\"mtt-contact-support-sales__employee-thumb wp-post-image\" alt=\"Antonio Utulo Salazar\" loading=\"lazy\" srcset=\"https:\/\/itwgse.com\/wp-content\/uploads\/2018\/03\/aus_web.jpg 128w, https:\/\/itwgse.com\/wp-content\/uploads\/2018\/03\/aus_web-121x121.jpg 121w\" sizes=\"auto, (max-width: 128px) 100vw, 128px\" \/><img decoding=\"async\" width=\"128\" height=\"128\" src=\"https:\/\/itwgse.com\/wp-content\/uploads\/2024\/11\/Billy-Cochrane_web.jpg\" class=\"mtt-contact-support-sales__employee-thumb wp-post-image\" alt=\"Billy Cochrane\" loading=\"lazy\" srcset=\"https:\/\/itwgse.com\/wp-content\/uploads\/2024\/11\/Billy-Cochrane_web.jpg 128w, https:\/\/itwgse.com\/wp-content\/uploads\/2024\/11\/Billy-Cochrane_web-121x121.jpg 121w\" sizes=\"auto, (max-width: 128px) 100vw, 128px\" \/><img decoding=\"async\" width=\"128\" height=\"128\" src=\"https:\/\/itwgse.com\/wp-content\/uploads\/2018\/03\/cvi_web.jpg\" class=\"mtt-contact-support-sales__employee-thumb wp-post-image\" alt=\"Christian Ingerslev\" loading=\"lazy\" srcset=\"https:\/\/itwgse.com\/wp-content\/uploads\/2018\/03\/cvi_web.jpg 128w, https:\/\/itwgse.com\/wp-content\/uploads\/2018\/03\/cvi_web-121x121.jpg 121w\" sizes=\"auto, (max-width: 128px) 100vw, 128px\" \/><\/div>Contacter le support                <\/a>\n            <\/div>\n                            <div class=\"mtt-contact-support-sales__box mtt-contact-support-sales__box--sales\">\n                <h2 class=\"mtt-contact-support-sales__title\">Vente<\/h2>\n                <div class=\"mtt-contact-support-sales__text formatted_content\"><p>Contactez le service des ventes si vous avez des questions concernant par exemple :<\/p>\n<ul>\n<li>D\u00e9monstrations de produits<\/li>\n<li>Prix<\/li>\n<li>Citations<\/li>\n<li><a href=\"https:\/\/itwgse.com\/our-team\/?employee_department%5B0%5D=sales\">Trouvez votre responsable commercial local<\/a><\/li>\n<li><a href=\"mailto:marketing@itwgse.com\">Contactez l'\u00e9quipe marketing<\/a><\/li>\n<\/ul>\n<\/div>\n                <a class=\"mtt-contact-support-sales__button button primary open-modal\" data-id=\"3214\">\n                    <div class=\"mtt-contact-support-sales__employees\"><img decoding=\"async\" width=\"128\" height=\"128\" src=\"https:\/\/itwgse.com\/wp-content\/uploads\/2025\/01\/jg_web-1.jpg\" class=\"mtt-contact-support-sales__employee-thumb wp-post-image\" alt=\"Jonathan Gibbons\" loading=\"lazy\" srcset=\"https:\/\/itwgse.com\/wp-content\/uploads\/2025\/01\/jg_web-1.jpg 128w, https:\/\/itwgse.com\/wp-content\/uploads\/2025\/01\/jg_web-1-121x121.jpg 121w, https:\/\/itwgse.com\/wp-content\/uploads\/2025\/01\/jg_web-1-60x60.jpg 60w\" sizes=\"auto, (max-width: 128px) 100vw, 128px\" \/><img decoding=\"async\" width=\"150\" height=\"150\" src=\"https:\/\/itwgse.com\/wp-content\/uploads\/2023\/08\/Michael-Chew-MC-BnW-web-150x150.png\" class=\"mtt-contact-support-sales__employee-thumb wp-post-image\" alt=\"Michael Chew\" loading=\"lazy\" srcset=\"https:\/\/itwgse.com\/wp-content\/uploads\/2023\/08\/Michael-Chew-MC-BnW-web-150x150.png 150w, https:\/\/itwgse.com\/wp-content\/uploads\/2023\/08\/Michael-Chew-MC-BnW-web-300x300.png 300w, https:\/\/itwgse.com\/wp-content\/uploads\/2023\/08\/Michael-Chew-MC-BnW-web-266x266.png 266w, https:\/\/itwgse.com\/wp-content\/uploads\/2023\/08\/Michael-Chew-MC-BnW-web-121x121.png 121w, https:\/\/itwgse.com\/wp-content\/uploads\/2023\/08\/Michael-Chew-MC-BnW-web.png 702w\" sizes=\"auto, (max-width: 150px) 100vw, 150px\" \/><img decoding=\"async\" width=\"128\" height=\"128\" src=\"https:\/\/itwgse.com\/wp-content\/uploads\/2024\/11\/Scott-Daughtery_web.jpg\" class=\"mtt-contact-support-sales__employee-thumb wp-post-image\" alt=\"Scott Doneghy\" loading=\"lazy\" srcset=\"https:\/\/itwgse.com\/wp-content\/uploads\/2024\/11\/Scott-Daughtery_web.jpg 128w, https:\/\/itwgse.com\/wp-content\/uploads\/2024\/11\/Scott-Daughtery_web-121x121.jpg 121w\" sizes=\"auto, (max-width: 128px) 100vw, 128px\" \/><\/div>Contacter les ventes                <\/a>\n            <\/div>\n            <\/div>\n<\/div>\n<\/div><\/div><\/div><\/div><\/div>","protected":false},"excerpt":{"rendered":"<p>Contactez nous ! Nous sommes l\u00e0 pour vous aider. Comment pouvons-nous vous aider ? Soutien Contactez l&rsquo;assistance si vous avez des questions concernant par&#8230;<\/p>\n","protected":false},"author":11,"featured_media":0,"parent":0,"menu_order":54,"comment_status":"closed","ping_status":"closed","template":"","meta":{"_acf_changed":false,"_relevanssi_hide_post":"","_relevanssi_hide_content":"","_relevanssi_pin_for_all":"","_relevanssi_pin_keywords":"","_relevanssi_unpin_keywords":"","_relevanssi_related_keywords":"","_relevanssi_related_include_ids":"","_relevanssi_related_exclude_ids":"","_relevanssi_related_no_append":"","_relevanssi_related_not_related":"","_relevanssi_related_posts":"","_relevanssi_noindex_reason":"","footnotes":""},"class_list":["post-28608","page","type-page","status-publish","hentry"],"acf":[],"yoast_head":"<!-- This site is optimized with the Yoast SEO plugin v27.0 - https:\/\/yoast.com\/product\/yoast-seo-wordpress\/ -->\n<title>Contact - ITW GSE<\/title>\n<meta name=\"robots\" content=\"index, follow, max-snippet:-1, max-image-preview:large, max-video-preview:-1\" \/>\n<link rel=\"canonical\" href=\"https:\/\/itwgse.com\/fr\/contact\/\" \/>\n<meta property=\"og:locale\" content=\"fr_FR\" \/>\n<meta property=\"og:type\" content=\"article\" \/>\n<meta property=\"og:title\" content=\"Contact - ITW GSE\" \/>\n<meta property=\"og:description\" content=\"Contactez nous ! Nous sommes l\u00e0 pour vous aider. Comment pouvons-nous vous aider ? Soutien Contactez l&#039;assistance si vous avez des questions concernant par...\" \/>\n<meta property=\"og:url\" content=\"https:\/\/itwgse.com\/fr\/contact\/\" \/>\n<meta property=\"og:site_name\" content=\"ITW GSE\" \/>\n<meta property=\"article:publisher\" content=\"https:\/\/www.facebook.com\/ITWGSE\/\" \/>\n<meta property=\"article:modified_time\" content=\"2026-03-30T13:18:43+00:00\" \/>\n<meta name=\"twitter:card\" content=\"summary_large_image\" \/>\n<script type=\"application\/ld+json\" class=\"yoast-schema-graph\">{\"@context\":\"https:\/\/schema.org\",\"@graph\":[{\"@type\":\"WebPage\",\"@id\":\"https:\/\/itwgse.com\/fr\/contact\/\",\"url\":\"https:\/\/itwgse.com\/fr\/contact\/\",\"name\":\"Contact - ITW GSE\",\"isPartOf\":{\"@id\":\"https:\/\/itwgse.com\/#website\"},\"datePublished\":\"2026-02-24T12:39:32+00:00\",\"dateModified\":\"2026-03-30T13:18:43+00:00\",\"breadcrumb\":{\"@id\":\"https:\/\/itwgse.com\/fr\/contact\/#breadcrumb\"},\"inLanguage\":\"fr-FR\",\"potentialAction\":[{\"@type\":\"ReadAction\",\"target\":[\"https:\/\/itwgse.com\/fr\/contact\/\"]}]},{\"@type\":\"BreadcrumbList\",\"@id\":\"https:\/\/itwgse.com\/fr\/contact\/#breadcrumb\",\"itemListElement\":[{\"@type\":\"ListItem\",\"position\":1,\"name\":\"Home\",\"item\":\"https:\/\/itwgse.com\/fr\/\"},{\"@type\":\"ListItem\",\"position\":2,\"name\":\"Contact\"}]},{\"@type\":\"WebSite\",\"@id\":\"https:\/\/itwgse.com\/#website\",\"url\":\"https:\/\/itwgse.com\/\",\"name\":\"ITW GSE\",\"description\":\"It&#039;s all about connections\",\"publisher\":{\"@id\":\"https:\/\/itwgse.com\/#organization\"},\"potentialAction\":[{\"@type\":\"SearchAction\",\"target\":{\"@type\":\"EntryPoint\",\"urlTemplate\":\"https:\/\/itwgse.com\/?s={search_term_string}\"},\"query-input\":{\"@type\":\"PropertyValueSpecification\",\"valueRequired\":true,\"valueName\":\"search_term_string\"}}],\"inLanguage\":\"fr-FR\"},{\"@type\":\"Organization\",\"@id\":\"https:\/\/itwgse.com\/#organization\",\"name\":\"ITW GSE\",\"url\":\"https:\/\/itwgse.com\/\",\"logo\":{\"@type\":\"ImageObject\",\"inLanguage\":\"fr-FR\",\"@id\":\"https:\/\/itwgse.com\/#\/schema\/logo\/image\/\",\"url\":\"https:\/\/itwgse.com\/wp-content\/uploads\/2018\/11\/logo.png\",\"contentUrl\":\"https:\/\/itwgse.com\/wp-content\/uploads\/2018\/11\/logo.png\",\"width\":302,\"height\":237,\"caption\":\"ITW GSE\"},\"image\":{\"@id\":\"https:\/\/itwgse.com\/#\/schema\/logo\/image\/\"},\"sameAs\":[\"https:\/\/www.facebook.com\/ITWGSE\/\",\"https:\/\/www.linkedin.com\/company\/itw-gse\/\",\"https:\/\/www.youtube.com\/channel\/UCTUIMvyaOPfYIqzP8enZ8yw\"]}]}<\/script>\n<!-- \/ Yoast SEO plugin. -->","yoast_head_json":{"title":"Contact - ITW GSE","robots":{"index":"index","follow":"follow","max-snippet":"max-snippet:-1","max-image-preview":"max-image-preview:large","max-video-preview":"max-video-preview:-1"},"canonical":"https:\/\/itwgse.com\/fr\/contact\/","og_locale":"fr_FR","og_type":"article","og_title":"Contact - ITW GSE","og_description":"Contactez nous ! Nous sommes l\u00e0 pour vous aider. Comment pouvons-nous vous aider ? Soutien Contactez l'assistance si vous avez des questions concernant par...","og_url":"https:\/\/itwgse.com\/fr\/contact\/","og_site_name":"ITW GSE","article_publisher":"https:\/\/www.facebook.com\/ITWGSE\/","article_modified_time":"2026-03-30T13:18:43+00:00","twitter_card":"summary_large_image","schema":{"@context":"https:\/\/schema.org","@graph":[{"@type":"WebPage","@id":"https:\/\/itwgse.com\/fr\/contact\/","url":"https:\/\/itwgse.com\/fr\/contact\/","name":"Contact - ITW GSE","isPartOf":{"@id":"https:\/\/itwgse.com\/#website"},"datePublished":"2026-02-24T12:39:32+00:00","dateModified":"2026-03-30T13:18:43+00:00","breadcrumb":{"@id":"https:\/\/itwgse.com\/fr\/contact\/#breadcrumb"},"inLanguage":"fr-FR","potentialAction":[{"@type":"ReadAction","target":["https:\/\/itwgse.com\/fr\/contact\/"]}]},{"@type":"BreadcrumbList","@id":"https:\/\/itwgse.com\/fr\/contact\/#breadcrumb","itemListElement":[{"@type":"ListItem","position":1,"name":"Home","item":"https:\/\/itwgse.com\/fr\/"},{"@type":"ListItem","position":2,"name":"Contact"}]},{"@type":"WebSite","@id":"https:\/\/itwgse.com\/#website","url":"https:\/\/itwgse.com\/","name":"ITW GSE","description":"It&#039;s all about connections","publisher":{"@id":"https:\/\/itwgse.com\/#organization"},"potentialAction":[{"@type":"SearchAction","target":{"@type":"EntryPoint","urlTemplate":"https:\/\/itwgse.com\/?s={search_term_string}"},"query-input":{"@type":"PropertyValueSpecification","valueRequired":true,"valueName":"search_term_string"}}],"inLanguage":"fr-FR"},{"@type":"Organization","@id":"https:\/\/itwgse.com\/#organization","name":"ITW GSE","url":"https:\/\/itwgse.com\/","logo":{"@type":"ImageObject","inLanguage":"fr-FR","@id":"https:\/\/itwgse.com\/#\/schema\/logo\/image\/","url":"https:\/\/itwgse.com\/wp-content\/uploads\/2018\/11\/logo.png","contentUrl":"https:\/\/itwgse.com\/wp-content\/uploads\/2018\/11\/logo.png","width":302,"height":237,"caption":"ITW GSE"},"image":{"@id":"https:\/\/itwgse.com\/#\/schema\/logo\/image\/"},"sameAs":["https:\/\/www.facebook.com\/ITWGSE\/","https:\/\/www.linkedin.com\/company\/itw-gse\/","https:\/\/www.youtube.com\/channel\/UCTUIMvyaOPfYIqzP8enZ8yw"]}]}},"_links":{"self":[{"href":"https:\/\/itwgse.com\/fr\/wp-json\/wp\/v2\/pages\/28608","targetHints":{"allow":["GET"]}}],"collection":[{"href":"https:\/\/itwgse.com\/fr\/wp-json\/wp\/v2\/pages"}],"about":[{"href":"https:\/\/itwgse.com\/fr\/wp-json\/wp\/v2\/types\/page"}],"author":[{"embeddable":true,"href":"https:\/\/itwgse.com\/fr\/wp-json\/wp\/v2\/users\/11"}],"replies":[{"embeddable":true,"href":"https:\/\/itwgse.com\/fr\/wp-json\/wp\/v2\/comments?post=28608"}],"version-history":[{"count":1,"href":"https:\/\/itwgse.com\/fr\/wp-json\/wp\/v2\/pages\/28608\/revisions"}],"predecessor-version":[{"id":45443,"href":"https:\/\/itwgse.com\/fr\/wp-json\/wp\/v2\/pages\/28608\/revisions\/45443"}],"wp:attachment":[{"href":"https:\/\/itwgse.com\/fr\/wp-json\/wp\/v2\/media?parent=28608"}],"curies":[{"name":"wp","href":"https:\/\/api.w.org\/{rel}","templated":true}]}}