{"id":28640,"date":"2026-02-24T14:00:33","date_gmt":"2026-02-24T13:00:33","guid":{"rendered":"https:\/\/itwgse.com\/qui-sommes-nous\/"},"modified":"2026-03-18T15:39:53","modified_gmt":"2026-03-18T14:39:53","slug":"qui-sommes-nous","status":"publish","type":"page","link":"https:\/\/itwgse.com\/fr\/qui-sommes-nous\/","title":{"rendered":"Qui sommes-nous ?"},"content":{"rendered":"<div id=\"pl-28640\"  class=\"panel-layout\" ><div id=\"pg-28640-0\"  class=\"panel-grid panel-no-style\" ><div id=\"pgc-28640-0-0\"  class=\"panel-grid-cell\" ><div id=\"panel-28640-0-0-0\" class=\"so-panel widget widget_mtt-cover-section panel-first-child\" data-index=\"0\" ><div\n\t\t\t\n\t\t\tclass=\"so-widget-mtt-cover-section so-widget-mtt-cover-section-base\"\n\t\t\t\n\t\t>\n<div class=\"mtt-cover-section-wrap compact extra-small\">\n\t<div class=\"mtt-cover-curve\">\n\t\t<img decoding=\"async\"  src=\"https:\/\/itwgse.com\/wp-content\/themes\/mtt-standard-theme\/assets\/img\/cover\/itwgse_cut.svg\">\t<\/div>\n    <div class=\"mtt-cover-compact-background object-fit overlay\">\n                            <div class=\"mtt-cover-compact-image object-fit contain\">\n                <img decoding=\"async\"\n                    src=\"https:\/\/itwgse.com\/wp-content\/uploads\/2022\/04\/14249_ITWGSE_Gruppefoto-til-content.png\"\n                    data-skip-lazy\n                    alt=\"\"\n                >\n            <\/div>\n                    <\/div>\n    <div class=\"mtt-cover-compact-container\">\n        <div class=\"mtt-cover-section-text\">\n            <h1>Qui sommes-nous ?<\/h1>\n                    <\/div>\n    <\/div>\n<\/div>\n<\/div><\/div><div id=\"panel-28640-0-0-1\" class=\"so-panel widget widget_mtt-one-col-text\" data-index=\"1\" ><div\n\t\t\t\n\t\t\tclass=\"so-widget-mtt-one-col-text so-widget-mtt-one-col-text-base\"\n\t\t\t\n\t\t>\n<div class=\"mtt-two-col-wrapper centered\">\n    <div class=\"mtt-two-col-container\">\n        <div class=\"mtt-two-col-content formatted_content\">\n\t\t\t            <div class=\"text-section one-col\">\n                <h3>Il faut des personnes et des \u00e9quipements de qualit\u00e9 pour fournir un soutien au sol de premier ordre.<\/h3>\n<p>\u00a0<\/p>\n<h3>En cliquant sur les cases ci-dessous, vous trouverez des liens vers plus d'informations sur nous, sur notre histoire, et des informations sur notre histoire.<\/h3>\n            <\/div>\n\n            \n                        <\/div>\n    <\/div>\n<\/div>\n<\/div><\/div><div id=\"panel-28640-0-0-2\" class=\"so-panel widget widget_mtt-info-boxes\" data-index=\"2\" ><div\n\t\t\t\n\t\t\tclass=\"so-widget-mtt-info-boxes so-widget-mtt-info-boxes-base\"\n\t\t\t\n\t\t><div class=\"mtt-info-boxes\">\n\t<div class=\"mtt-info-boxes__content\">\n\t\t<div class=\"mtt-info-boxes__bg\">\n\t\t\t<svg xmlns=\"http:\/\/www.w3.org\/2000\/svg\" width=\"364\" height=\"1000\" preserveAspectRatio=\"xMidYMid meet\" viewbox=\"0 0 364 1000\">\n\t\t\t\t<path fill=\"#F5F9FC\" d=\"M0 0c8.7 34 192.8 748.7 230 895.9 15.5 61.2 70.7 104.1 134 104.1H0V0z\"\/>\n\t\t\t<\/svg>\n\t\t<\/div>\n\t\t<div class=\"page_container\">\n\t\t\t<div class=\"mtt-info-boxes__grid\">\n\t\t\t\t<div class=\"mtt-info-boxes__boxes\">\n\t\t\t\t\t\t\t\t\t\t\t\t\t\t\t\t\t\t<a class=\"mtt-info-box\" href=\"poste : 19211\">\n\t\t\t\t\t\t\t\t<div class=\"mtt-info-box__image-wrap\">\n\t\t\t\t\t\t\t\t\t<div class=\"mtt-info-box__image\">\n\t\t\t\t\t\t\t\t\t\t\t\t\t\t\t\t\t\t\t\t\t<img decoding=\"async\" width=\"244\" height=\"200\" src=\"https:\/\/itwgse.com\/wp-content\/uploads\/2022\/01\/ITW-Business-Model-244x200.jpg\" class=\"attachment-280x200x size-280x200x\" alt=\"itw business model\" srcset=\"https:\/\/itwgse.com\/wp-content\/uploads\/2022\/01\/ITW-Business-Model-244x200.jpg 244w, https:\/\/itwgse.com\/wp-content\/uploads\/2022\/01\/ITW-Business-Model-300x246.jpg 300w, https:\/\/itwgse.com\/wp-content\/uploads\/2022\/01\/ITW-Business-Model.jpg 854w\" sizes=\"(max-width: 244px) 100vw, 244px\" \/>\t\t\t\t\t\t\t\t\t\t\t\t\t\t\t\t\t\t\t<\/div>\n\t\t\t\t\t\t\t\t<\/div>\n\t\t\t\t\t\t\t\t<div class=\"mtt-info-box__text-wrap\">\n\t\t\t\t\t\t\t\t\t\t\t\t\t\t\t\t\t\t\t<div class=\"mtt-info-box__title\">\n\t\t\t\t\t\t\t\t\t\t\tA propos de nous\t\t\t\t\t\t\t\t\t\t<\/div>\n\t\t\t\t\t\t\t\t\t\t\t\t\t\t\t\t\t\t\t\t\t\t\t\t\t\t\t\t<div class=\"mtt-info-box__text\">\n\t\t\t\t\t\t\t\t\t\t\tCe que nous faisons, nos valeurs et notre mod\u00e8le d'entreprise et bien plus encore !\t\t\t\t\t\t\t\t\t\t<\/div>\n\t\t\t\t\t\t\t\t\t\t\t\t\t\t\t\t\t<\/div>\n\t\t\t\t\t\t\t<\/a>\n\t\t\t\t\t\t\t\t\t\t\t\t\t<a class=\"mtt-info-box\" href=\"poste : 19462\">\n\t\t\t\t\t\t\t\t<div class=\"mtt-info-box__image-wrap\">\n\t\t\t\t\t\t\t\t\t<div class=\"mtt-info-box__image\">\n\t\t\t\t\t\t\t\t\t\t\t\t\t\t\t\t\t\t\t\t\t<img decoding=\"async\" width=\"280\" height=\"172\" src=\"https:\/\/itwgse.com\/wp-content\/uploads\/2022\/04\/14249_ITWGSE_Gruppefoto-til-web_Anna_TS-280x172.jpg\" class=\"attachment-280x200x size-280x200x\" alt=\"itw gse group photo\" srcset=\"https:\/\/itwgse.com\/wp-content\/uploads\/2022\/04\/14249_ITWGSE_Gruppefoto-til-web_Anna_TS-280x172.jpg 280w, https:\/\/itwgse.com\/wp-content\/uploads\/2022\/04\/14249_ITWGSE_Gruppefoto-til-web_Anna_TS-300x184.jpg 300w, https:\/\/itwgse.com\/wp-content\/uploads\/2022\/04\/14249_ITWGSE_Gruppefoto-til-web_Anna_TS-1024x628.jpg 1024w, https:\/\/itwgse.com\/wp-content\/uploads\/2022\/04\/14249_ITWGSE_Gruppefoto-til-web_Anna_TS-768x471.jpg 768w, https:\/\/itwgse.com\/wp-content\/uploads\/2022\/04\/14249_ITWGSE_Gruppefoto-til-web_Anna_TS-310x190.jpg 310w, https:\/\/itwgse.com\/wp-content\/uploads\/2022\/04\/14249_ITWGSE_Gruppefoto-til-web_Anna_TS-600x368.jpg 600w, https:\/\/itwgse.com\/wp-content\/uploads\/2022\/04\/14249_ITWGSE_Gruppefoto-til-web_Anna_TS-750x460.jpg 750w, https:\/\/itwgse.com\/wp-content\/uploads\/2022\/04\/14249_ITWGSE_Gruppefoto-til-web_Anna_TS.jpg 1200w\" sizes=\"(max-width: 280px) 100vw, 280px\" \/>\t\t\t\t\t\t\t\t\t\t\t\t\t\t\t\t\t\t\t<\/div>\n\t\t\t\t\t\t\t\t<\/div>\n\t\t\t\t\t\t\t\t<div class=\"mtt-info-box__text-wrap\">\n\t\t\t\t\t\t\t\t\t\t\t\t\t\t\t\t\t\t\t<div class=\"mtt-info-box__title\">\n\t\t\t\t\t\t\t\t\t\t\tLe personnel d'ITW GSE\t\t\t\t\t\t\t\t\t\t<\/div>\n\t\t\t\t\t\t\t\t\t\t\t\t\t\t\t\t\t\t\t\t\t\t\t\t\t\t\t\t<div class=\"mtt-info-box__text\">\n\t\t\t\t\t\t\t\t\t\t\tDes \u00e9quipes diversifi\u00e9es, des exercices quotidiens et un esprit d'\u00e9quipe !\t\t\t\t\t\t\t\t\t\t<\/div>\n\t\t\t\t\t\t\t\t\t\t\t\t\t\t\t\t\t<\/div>\n\t\t\t\t\t\t\t<\/a>\n\t\t\t\t\t\t\t\t\t\t\t\t\t<a class=\"mtt-info-box\" href=\"poste : 1439\">\n\t\t\t\t\t\t\t\t<div class=\"mtt-info-box__image-wrap\">\n\t\t\t\t\t\t\t\t\t<div class=\"mtt-info-box__image\">\n\t\t\t\t\t\t\t\t\t\t\t\t\t\t\t\t\t\t\t\t\t<img decoding=\"async\" width=\"280\" height=\"183\" src=\"https:\/\/itwgse.com\/wp-content\/uploads\/2018\/12\/The-Brand-Journey-280x183.png\" class=\"attachment-280x200x size-280x200x\" alt=\"the itw gse brand journey\" srcset=\"https:\/\/itwgse.com\/wp-content\/uploads\/2018\/12\/The-Brand-Journey-280x183.png 280w, https:\/\/itwgse.com\/wp-content\/uploads\/2018\/12\/The-Brand-Journey-300x196.png 300w, https:\/\/itwgse.com\/wp-content\/uploads\/2018\/12\/The-Brand-Journey.png 690w\" sizes=\"(max-width: 280px) 100vw, 280px\" \/>\t\t\t\t\t\t\t\t\t\t\t\t\t\t\t\t\t\t\t<\/div>\n\t\t\t\t\t\t\t\t<\/div>\n\t\t\t\t\t\t\t\t<div class=\"mtt-info-box__text-wrap\">\n\t\t\t\t\t\t\t\t\t\t\t\t\t\t\t\t\t\t\t<div class=\"mtt-info-box__title\">\n\t\t\t\t\t\t\t\t\t\t\tHistoire d'ITW GSE\t\t\t\t\t\t\t\t\t\t<\/div>\n\t\t\t\t\t\t\t\t\t\t\t\t\t\t\t\t\t\t\t\t\t\t\t\t\t\t\t\t<div class=\"mtt-info-box__text\">\n\t\t\t\t\t\t\t\t\t\t\tDes \u00e9tapes importantes de notre histoire et de nos marques patrimoniales.\t\t\t\t\t\t\t\t\t\t<\/div>\n\t\t\t\t\t\t\t\t\t\t\t\t\t\t\t\t\t<\/div>\n\t\t\t\t\t\t\t<\/a>\n\t\t\t\t\t\t\t\t\t\t\t\t\t\t\t<\/div>\n\t\t\t\t<div class=\"mtt-info-boxes__text\">\n\t\t\t\t\t\t\t\t\t\t\t<h2 class=\"section-title\">\n\t\t\t\t\t\t\tBienvenue \u00e0 ITW GSE !\t\t\t\t\t\t<\/h2>\n\t\t\t\t\t\t\t\t\t\t\t\t\t\t\t\t<div class=\"formatted_content\">\n\t\t\t\t\t\t\t<p>\u00c9tudiez les bo\u00eetes pour en savoir plus sur nous et notre histoire.<\/p>\n\t\t\t\t\t\t<\/div>\n\t\t\t\t\t\t\t\t\t<\/div>\n\t\t\t<\/div>\n\t\t<\/div>\n\t<\/div>\n<\/div><\/div><\/div><div id=\"panel-28640-0-0-3\" class=\"so-panel widget widget_mtt-product-boxes\" data-index=\"3\" ><div\n\t\t\t\n\t\t\tclass=\"so-widget-mtt-product-boxes so-widget-mtt-product-boxes-base\"\n\t\t\t\n\t\t>\n<div class=\"mtt-product-boxes-wrap\">\n\t<div class=\"mtt-product-boxes-container mtt-product-boxes-container--per-row-4\">\n\t\t<div class=\"mtt-product-boxes-text\">\n\t\t\t<h2>Le premier fournisseur de convertisseurs au sol (\"Ground Power Units\"), de Pre-Conditioned Air Units, de c\u00e2bles et de tuyaux (en relation 28 VDC)<\/h2>\n\t\t\t<h3 style=\"text-align: center;\">Consultez notre gamme de produits dans les quatre encadr\u00e9s ci-dessous :<\/h3>\t\t<\/div>\n\t\t<div class=\"mtt-product-boxes-grid mtt-product-boxes-grid--default mtt-product-boxes-grid--font-default\">\n\t\t\t\t\t\t\t<a href=\"https:\/\/itwgse.com\/ground-power-units\/\" class=\"mtt-product-box\">\n\t\t\t\t\t<div class=\"mtt-product-box-title\">\n\t\t\t\t\t\tPuissance\t\t\t\t\t\t<svg class=\"icon\"><use xlink:href=\"#right-arrow\" \/><\/svg>\n\t\t\t\t\t<\/div>\n                                            <div class=\"mtt-product-box-image\">\n                            <div class=\"image\">\n                                <img src='https:\/\/itwgse.com\/wp-content\/uploads\/2024\/05\/header-products-power-2019-1-360x157.png' alt='power units products'>\n                            <\/div>\n                            <div class=\"shadow\"><\/div>\n                            <div class=\"badge\"><\/div>\n                        <\/div>\n                    \t\t\t\t\t\t\t\t\t\t<div class=\"mtt-product-box-arrow\">\n\t\t\t\t\t\tProduits\t\t\t\t\t\t<svg class=\"icon\"><use xlink:href=\"#right-arrow\" \/><\/svg>\n\t\t\t\t\t<\/div>\n\t\t\t\t<\/a>\n\t\t\t\t\t\t\t<a href=\"https:\/\/itwgse.com\/pre-conditioned-air\/\" class=\"mtt-product-box\">\n\t\t\t\t\t<div class=\"mtt-product-box-title\">\n\t\t\t\t\t\tAir\t\t\t\t\t\t<svg class=\"icon\"><use xlink:href=\"#right-arrow\" \/><\/svg>\n\t\t\t\t\t<\/div>\n                                            <div class=\"mtt-product-box-image\">\n                            <div class=\"image\">\n                                <img src='https:\/\/itwgse.com\/wp-content\/uploads\/2022\/05\/product-air-360x180-1.png' alt=''>\n                            <\/div>\n                            <div class=\"shadow\"><img decoding=\"async\" width=\"400\" height=\"200\" src=\"https:\/\/itwgse.com\/wp-content\/uploads\/2018\/03\/product-air-shadow.png\" class=\"attachment-full size-full\" alt=\"ITW GSE pre-conditioned air unit PCA\" srcset=\"https:\/\/itwgse.com\/wp-content\/uploads\/2018\/03\/product-air-shadow.png 400w, https:\/\/itwgse.com\/wp-content\/uploads\/2018\/03\/product-air-shadow-300x150.png 300w\" sizes=\"(max-width: 400px) 100vw, 400px\" \/><\/div>\n                            <div class=\"badge\"><\/div>\n                        <\/div>\n                    \t\t\t\t\t\t\t\t\t\t<div class=\"mtt-product-box-arrow\">\n\t\t\t\t\t\tProduits\t\t\t\t\t\t<svg class=\"icon\"><use xlink:href=\"#right-arrow\" \/><\/svg>\n\t\t\t\t\t<\/div>\n\t\t\t\t<\/a>\n\t\t\t\t\t\t\t<a href=\"https:\/\/itwgse.com\/aircraft-cables\/\" class=\"mtt-product-box\">\n\t\t\t\t\t<div class=\"mtt-product-box-title\">\n\t\t\t\t\t\tC\u00e2bles\t\t\t\t\t\t<svg class=\"icon\"><use xlink:href=\"#right-arrow\" \/><\/svg>\n\t\t\t\t\t<\/div>\n                                            <div class=\"mtt-product-box-image\">\n                            <div class=\"image\">\n                                <img src='https:\/\/itwgse.com\/wp-content\/uploads\/2020\/11\/itwgse-aircraft-cables-front-page-2-360x164.png' alt='aircraft cables ETL listed ti UL standards'>\n                            <\/div>\n                            <div class=\"shadow\"><\/div>\n                            <div class=\"badge\"><\/div>\n                        <\/div>\n                    \t\t\t\t\t\t\t\t\t\t<div class=\"mtt-product-box-arrow\">\n\t\t\t\t\t\tProduits\t\t\t\t\t\t<svg class=\"icon\"><use xlink:href=\"#right-arrow\" \/><\/svg>\n\t\t\t\t\t<\/div>\n\t\t\t\t<\/a>\n\t\t\t\t\t\t\t<a href=\"https:\/\/itwgse.com\/pca-hoses\/\" class=\"mtt-product-box\">\n\t\t\t\t\t<div class=\"mtt-product-box-title\">\n\t\t\t\t\t\tTuyaux\t\t\t\t\t\t<svg class=\"icon\"><use xlink:href=\"#right-arrow\" \/><\/svg>\n\t\t\t\t\t<\/div>\n                                            <div class=\"mtt-product-box-image\">\n                            <div class=\"image\">\n                                <img src='https:\/\/itwgse.com\/wp-content\/uploads\/2018\/10\/product-hoses-2018.png' alt='Aircraft hoses aircraft hose ITW GSE'>\n                            <\/div>\n                            <div class=\"shadow\"><\/div>\n                            <div class=\"badge\"><\/div>\n                        <\/div>\n                    \t\t\t\t\t\t\t\t\t\t<div class=\"mtt-product-box-arrow\">\n\t\t\t\t\t\tProduits\t\t\t\t\t\t<svg class=\"icon\"><use xlink:href=\"#right-arrow\" \/><\/svg>\n\t\t\t\t\t<\/div>\n\t\t\t\t<\/a>\n\t\t\t\t\t<\/div>\n\t\t\t<\/div>\n<\/div>\n<\/div><\/div><div id=\"panel-28640-0-0-4\" class=\"so-panel widget widget_mtt-customer-support panel-last-child\" data-index=\"4\" ><div\n\t\t\t\n\t\t\tclass=\"so-widget-mtt-customer-support so-widget-mtt-customer-support-base\"\n\t\t\t\n\t\t>\n<div class=\"mtt-text-image-wrap less-top-padding less-bottom-padding grey-bg\">\n        <!-- Content -->\n    <div class=\"mtt-text-image-container\">\n        <div class=\"mtt-text-image-col\">\n            <div class=\"mtt-text-image-content formatted_content\">\n                                <h2>Assistance client\u00e8le<\/h2>\n                <p><strong>Comment pouvons-nous vous aider\u00a0?<\/strong><\/p>\n<p>Besoin de sch\u00e9mas, de listes de pi\u00e8ces d\u00e9tach\u00e9es ou de tutoriels vid\u00e9o\u00a0? Cliquez sur le bouton \u00ab\u00a0Assistance produit\u00a0\u00bb.<\/p>\n<p>Des questions pour l\u2019assistance client\u00e8le\u00a0? Cliquez sur le bouton \u00ab\u00a0Contacter l\u2019assistance client\u00e8le\u00a0\u00bb.<\/p>\n<p>Si votre question concerne un produit sp\u00e9cifique, veuillez indiquer son num\u00e9ro de s\u00e9rie.<\/p>\n\n                                    <div class=\"button-wrap\">\n                                                    <a href=\"https:\/\/itwgse.com\/fr\/soutien-et-service\/\" class=\"button\">\n                                Assistance produit                            <\/a>\n                                                    <a href=\"https:\/\/itwgse.com\/fr\/contact\/\" class=\"button\">\n                                Contacter l\u2019assistance client\u00e8le                            <\/a>\n                                            <\/div>\n                            <\/div>\n        <\/div>\n                    <div class=\"mtt-text-image-col img center\">\n                <div class=\"mtt-text-image-content\">\n                    <img decoding=\"async\" width=\"1800\" height=\"1023\" src=\"https:\/\/itwgse.com\/wp-content\/uploads\/2018\/06\/ITWGSE_hero_cleanest-1.jpg\" class=\"attachment-full size-full\" alt=\"\" srcset=\"https:\/\/itwgse.com\/wp-content\/uploads\/2018\/06\/ITWGSE_hero_cleanest-1.jpg 1800w, https:\/\/itwgse.com\/wp-content\/uploads\/2018\/06\/ITWGSE_hero_cleanest-1-300x171.jpg 300w, https:\/\/itwgse.com\/wp-content\/uploads\/2018\/06\/ITWGSE_hero_cleanest-1-1024x582.jpg 1024w\" sizes=\"(max-width: 1800px) 100vw, 1800px\" \/>                \n                    \n                    \n                <\/div>\n            <\/div>\n            <\/div>\n<\/div>\n\n<script>\nfunction sendEvent(action, element) {\n    var videoTitle = jQuery(element).data('title');  \n\n    if (dataLayer && videoTitle) {\n        dataLayer.push({\n            'event': 'video',\n            'eventCategory': 'Video',\n            'eventAction': action,\n            'eventLabel': videoTitle\n        });\n    }\n    else if (ga && videoTitle) {\n        ga('send', 'event', 'Video', action, videoTitle);\n    }  \n}\n<\/script>\n<\/div><\/div><\/div><\/div><\/div>","protected":false},"excerpt":{"rendered":"<p>Qui sommes-nous ? Il faut des personnes et des \u00e9quipements de qualit\u00e9 pour fournir un soutien au sol de premier ordre. \u00a0 En cliquant&#8230;<\/p>\n","protected":false},"author":11,"featured_media":0,"parent":0,"menu_order":100,"comment_status":"closed","ping_status":"closed","template":"","meta":{"_acf_changed":false,"_relevanssi_hide_post":"","_relevanssi_hide_content":"","_relevanssi_pin_for_all":"","_relevanssi_pin_keywords":"","_relevanssi_unpin_keywords":"","_relevanssi_related_keywords":"","_relevanssi_related_include_ids":"","_relevanssi_related_exclude_ids":"","_relevanssi_related_no_append":"","_relevanssi_related_not_related":"","_relevanssi_related_posts":"","_relevanssi_noindex_reason":"","footnotes":""},"class_list":["post-28640","page","type-page","status-publish","hentry"],"acf":[],"yoast_head":"<!-- This site is optimized with the Yoast SEO plugin v27.0 - https:\/\/yoast.com\/product\/yoast-seo-wordpress\/ -->\n<title>Qui sommes-nous ? - ITW GSE<\/title>\n<meta name=\"description\" content=\"D\u00e9couvrez notre entreprise, l&#039;histoire d&#039;ITW GSE et nos collaborateurs.\" \/>\n<meta name=\"robots\" content=\"index, follow, max-snippet:-1, max-image-preview:large, max-video-preview:-1\" \/>\n<link rel=\"canonical\" href=\"https:\/\/itwgse.com\/fr\/qui-sommes-nous\/\" \/>\n<meta property=\"og:locale\" content=\"fr_FR\" \/>\n<meta property=\"og:type\" content=\"article\" \/>\n<meta property=\"og:title\" content=\"Qui sommes-nous ? - ITW GSE\" \/>\n<meta property=\"og:description\" content=\"D\u00e9couvrez notre entreprise, l&#039;histoire d&#039;ITW GSE et nos collaborateurs.\" \/>\n<meta property=\"og:url\" content=\"https:\/\/itwgse.com\/fr\/qui-sommes-nous\/\" \/>\n<meta property=\"og:site_name\" content=\"ITW GSE\" \/>\n<meta property=\"article:publisher\" content=\"https:\/\/www.facebook.com\/ITWGSE\/\" \/>\n<meta property=\"article:modified_time\" content=\"2026-03-18T14:39:53+00:00\" \/>\n<meta name=\"twitter:card\" content=\"summary_large_image\" \/>\n<script type=\"application\/ld+json\" class=\"yoast-schema-graph\">{\"@context\":\"https:\/\/schema.org\",\"@graph\":[{\"@type\":\"WebPage\",\"@id\":\"https:\/\/itwgse.com\/fr\/qui-sommes-nous\/\",\"url\":\"https:\/\/itwgse.com\/fr\/qui-sommes-nous\/\",\"name\":\"Qui sommes-nous ? - ITW GSE\",\"isPartOf\":{\"@id\":\"https:\/\/itwgse.com\/#website\"},\"datePublished\":\"2026-02-24T13:00:33+00:00\",\"dateModified\":\"2026-03-18T14:39:53+00:00\",\"description\":\"D\u00e9couvrez notre entreprise, l'histoire d'ITW GSE et nos collaborateurs.\",\"breadcrumb\":{\"@id\":\"https:\/\/itwgse.com\/fr\/qui-sommes-nous\/#breadcrumb\"},\"inLanguage\":\"fr-FR\",\"potentialAction\":[{\"@type\":\"ReadAction\",\"target\":[\"https:\/\/itwgse.com\/fr\/qui-sommes-nous\/\"]}]},{\"@type\":\"BreadcrumbList\",\"@id\":\"https:\/\/itwgse.com\/fr\/qui-sommes-nous\/#breadcrumb\",\"itemListElement\":[{\"@type\":\"ListItem\",\"position\":1,\"name\":\"Home\",\"item\":\"https:\/\/itwgse.com\/fr\/\"},{\"@type\":\"ListItem\",\"position\":2,\"name\":\"Qui sommes-nous ?\"}]},{\"@type\":\"WebSite\",\"@id\":\"https:\/\/itwgse.com\/#website\",\"url\":\"https:\/\/itwgse.com\/\",\"name\":\"ITW GSE\",\"description\":\"It&#039;s all about connections\",\"publisher\":{\"@id\":\"https:\/\/itwgse.com\/#organization\"},\"potentialAction\":[{\"@type\":\"SearchAction\",\"target\":{\"@type\":\"EntryPoint\",\"urlTemplate\":\"https:\/\/itwgse.com\/?s={search_term_string}\"},\"query-input\":{\"@type\":\"PropertyValueSpecification\",\"valueRequired\":true,\"valueName\":\"search_term_string\"}}],\"inLanguage\":\"fr-FR\"},{\"@type\":\"Organization\",\"@id\":\"https:\/\/itwgse.com\/#organization\",\"name\":\"ITW GSE\",\"url\":\"https:\/\/itwgse.com\/\",\"logo\":{\"@type\":\"ImageObject\",\"inLanguage\":\"fr-FR\",\"@id\":\"https:\/\/itwgse.com\/#\/schema\/logo\/image\/\",\"url\":\"https:\/\/itwgse.com\/wp-content\/uploads\/2018\/11\/logo.png\",\"contentUrl\":\"https:\/\/itwgse.com\/wp-content\/uploads\/2018\/11\/logo.png\",\"width\":302,\"height\":237,\"caption\":\"ITW GSE\"},\"image\":{\"@id\":\"https:\/\/itwgse.com\/#\/schema\/logo\/image\/\"},\"sameAs\":[\"https:\/\/www.facebook.com\/ITWGSE\/\",\"https:\/\/www.linkedin.com\/company\/itw-gse\/\",\"https:\/\/www.youtube.com\/channel\/UCTUIMvyaOPfYIqzP8enZ8yw\"]}]}<\/script>\n<!-- \/ Yoast SEO plugin. -->","yoast_head_json":{"title":"Qui sommes-nous ? - ITW GSE","description":"D\u00e9couvrez notre entreprise, l'histoire d'ITW GSE et nos collaborateurs.","robots":{"index":"index","follow":"follow","max-snippet":"max-snippet:-1","max-image-preview":"max-image-preview:large","max-video-preview":"max-video-preview:-1"},"canonical":"https:\/\/itwgse.com\/fr\/qui-sommes-nous\/","og_locale":"fr_FR","og_type":"article","og_title":"Qui sommes-nous ? - ITW GSE","og_description":"D\u00e9couvrez notre entreprise, l'histoire d'ITW GSE et nos collaborateurs.","og_url":"https:\/\/itwgse.com\/fr\/qui-sommes-nous\/","og_site_name":"ITW GSE","article_publisher":"https:\/\/www.facebook.com\/ITWGSE\/","article_modified_time":"2026-03-18T14:39:53+00:00","twitter_card":"summary_large_image","schema":{"@context":"https:\/\/schema.org","@graph":[{"@type":"WebPage","@id":"https:\/\/itwgse.com\/fr\/qui-sommes-nous\/","url":"https:\/\/itwgse.com\/fr\/qui-sommes-nous\/","name":"Qui sommes-nous ? - ITW GSE","isPartOf":{"@id":"https:\/\/itwgse.com\/#website"},"datePublished":"2026-02-24T13:00:33+00:00","dateModified":"2026-03-18T14:39:53+00:00","description":"D\u00e9couvrez notre entreprise, l'histoire d'ITW GSE et nos collaborateurs.","breadcrumb":{"@id":"https:\/\/itwgse.com\/fr\/qui-sommes-nous\/#breadcrumb"},"inLanguage":"fr-FR","potentialAction":[{"@type":"ReadAction","target":["https:\/\/itwgse.com\/fr\/qui-sommes-nous\/"]}]},{"@type":"BreadcrumbList","@id":"https:\/\/itwgse.com\/fr\/qui-sommes-nous\/#breadcrumb","itemListElement":[{"@type":"ListItem","position":1,"name":"Home","item":"https:\/\/itwgse.com\/fr\/"},{"@type":"ListItem","position":2,"name":"Qui sommes-nous ?"}]},{"@type":"WebSite","@id":"https:\/\/itwgse.com\/#website","url":"https:\/\/itwgse.com\/","name":"ITW GSE","description":"It&#039;s all about connections","publisher":{"@id":"https:\/\/itwgse.com\/#organization"},"potentialAction":[{"@type":"SearchAction","target":{"@type":"EntryPoint","urlTemplate":"https:\/\/itwgse.com\/?s={search_term_string}"},"query-input":{"@type":"PropertyValueSpecification","valueRequired":true,"valueName":"search_term_string"}}],"inLanguage":"fr-FR"},{"@type":"Organization","@id":"https:\/\/itwgse.com\/#organization","name":"ITW GSE","url":"https:\/\/itwgse.com\/","logo":{"@type":"ImageObject","inLanguage":"fr-FR","@id":"https:\/\/itwgse.com\/#\/schema\/logo\/image\/","url":"https:\/\/itwgse.com\/wp-content\/uploads\/2018\/11\/logo.png","contentUrl":"https:\/\/itwgse.com\/wp-content\/uploads\/2018\/11\/logo.png","width":302,"height":237,"caption":"ITW GSE"},"image":{"@id":"https:\/\/itwgse.com\/#\/schema\/logo\/image\/"},"sameAs":["https:\/\/www.facebook.com\/ITWGSE\/","https:\/\/www.linkedin.com\/company\/itw-gse\/","https:\/\/www.youtube.com\/channel\/UCTUIMvyaOPfYIqzP8enZ8yw"]}]}},"_links":{"self":[{"href":"https:\/\/itwgse.com\/fr\/wp-json\/wp\/v2\/pages\/28640","targetHints":{"allow":["GET"]}}],"collection":[{"href":"https:\/\/itwgse.com\/fr\/wp-json\/wp\/v2\/pages"}],"about":[{"href":"https:\/\/itwgse.com\/fr\/wp-json\/wp\/v2\/types\/page"}],"author":[{"embeddable":true,"href":"https:\/\/itwgse.com\/fr\/wp-json\/wp\/v2\/users\/11"}],"replies":[{"embeddable":true,"href":"https:\/\/itwgse.com\/fr\/wp-json\/wp\/v2\/comments?post=28640"}],"version-history":[{"count":1,"href":"https:\/\/itwgse.com\/fr\/wp-json\/wp\/v2\/pages\/28640\/revisions"}],"predecessor-version":[{"id":45506,"href":"https:\/\/itwgse.com\/fr\/wp-json\/wp\/v2\/pages\/28640\/revisions\/45506"}],"wp:attachment":[{"href":"https:\/\/itwgse.com\/fr\/wp-json\/wp\/v2\/media?parent=28640"}],"curies":[{"name":"wp","href":"https:\/\/api.w.org\/{rel}","templated":true}]}}