{"id":28646,"date":"2026-02-24T14:00:48","date_gmt":"2026-02-24T13:00:48","guid":{"rendered":"https:\/\/itwgse.com\/specifications-pour-3500-pca-mobile\/"},"modified":"2026-03-30T15:18:50","modified_gmt":"2026-03-30T13:18:50","slug":"specifications-pour-3500-pca-mobile","status":"publish","type":"page","link":"https:\/\/itwgse.com\/fr\/specifications-pour-3500-pca-mobile\/","title":{"rendered":"Sp\u00e9cifications pour 3500 PCA mobile"},"content":{"rendered":"<div id=\"pl-28646\"  class=\"panel-layout\" ><div id=\"pg-28646-0\"  class=\"panel-grid panel-no-style\" ><div id=\"pgc-28646-0-0\"  class=\"panel-grid-cell\" ><div id=\"panel-28646-0-0-0\" class=\"so-panel widget widget_mtt-cover-section panel-first-child\" data-index=\"0\" ><div\n\t\t\t\n\t\t\tclass=\"so-widget-mtt-cover-section so-widget-mtt-cover-section-base\"\n\t\t\t\n\t\t>\n<div class=\"mtt-cover-section-wrap compact extra-small\">\n\t<div class=\"mtt-cover-curve\">\n\t\t<img decoding=\"async\"  src=\"https:\/\/itwgse.com\/wp-content\/themes\/mtt-standard-theme\/assets\/img\/cover\/itwgse_cut.svg\">\t<\/div>\n    <div class=\"mtt-cover-compact-background object-fit\">\n                            <div class=\"mtt-cover-compact-image object-fit contain\">\n                <img decoding=\"async\"\n                    src=\"https:\/\/itwgse.com\/wp-content\/uploads\/2025\/08\/itw-gse-3500-PCA-6-edited-scaled.jpg\"\n                    data-skip-lazy\n                    alt=\"\"\n                >\n            <\/div>\n                    <\/div>\n    <div class=\"mtt-cover-compact-container\">\n        <div class=\"mtt-cover-section-text\">\n            <h1>Sp\u00e9cifications pour 3500 PCA mobile<\/h1>\n                                <div class=\"text\"><p>Pour le ITW GSE 3500 Mobile PCA 150 & 210<\/p>\n<\/div>\n                            <\/div>\n    <\/div>\n<\/div>\n<\/div><\/div><div id=\"panel-28646-0-0-1\" class=\"so-panel widget widget_mtt-two-col-text\" data-index=\"1\" ><div\n\t\t\t\n\t\t\tclass=\"so-widget-mtt-two-col-text so-widget-mtt-two-col-text-base\"\n\t\t\t\n\t\t>\n<div class=\"mtt-two-col-wrapper no-bottom-padding\">\n    <div class=\"mtt-two-col-container\">\n        <div class=\"mtt-two-col-content\">\n                        <div class=\"text-section\">\n                <div class=\"col formatted_content\"><h1>ENTR\u00c9E<\/h1>\n<ul>\n<li>Rectification : 12 impulsions<\/li>\n<li>Distorsion du courant de ligne : < 10%<\/li>\n<li>Courant d'appel : Aucun, d\u00e9marrage progressif<\/li>\n<li>Facteur de puissance : >0,97 \u00e0 100 % de charge<\/li>\n<\/ul>\n<\/div>\n                <div class=\"col formatted_content\"><h1>Sortie<\/h1>\n<ul>\n<li>Temp\u00e9rature : jusqu'\u00e0 0\u00b0C \/ 32\u00b0F en fonction de la temp\u00e9rature ambiante, de l'humidit\u00e9 relative et du d\u00e9bit d'air : Jusqu'\u00e0 0\u00b0C \/ 32\u00b0F, en fonction de la temp\u00e9rature ambiante, de l'humidit\u00e9 relative et du d\u00e9bit d'air. Pour les calculs de refroidissement sp\u00e9cifiques, veuillez contacter votre bureau de vente r\u00e9gional. <\/li>\n<\/ul>\n                                    <\/div>\n            <\/div>\n                    <\/div>\n    <\/div>\n<\/div><\/div><\/div><div id=\"panel-28646-0-0-2\" class=\"so-panel widget widget_mtt-two-col-text\" data-index=\"2\" ><div\n\t\t\t\n\t\t\tclass=\"so-widget-mtt-two-col-text so-widget-mtt-two-col-text-base\"\n\t\t\t\n\t\t>\n<div class=\"mtt-two-col-wrapper no-bottom-padding\">\n    <div class=\"mtt-two-col-container\">\n        <div class=\"mtt-two-col-content\">\n                        <div class=\"text-section\">\n                <div class=\"col formatted_content\"><h1>Donn\u00e9es environnementales<\/h1>\n<ul>\n<li>Temp\u00e9rature :<br \/>-30\u00b0C \u00e0 +50\u00b0C (-22\u00b0F \u00e0 +122\u00b0F)<\/li>\n<li>Humidit\u00e9 relative : 10-100%, sans condensation<\/li>\n<li>Niveau sonore : < 85 dB(A) \u00e0 4,6 m<\/li>\n<li>Classe IP : IP54 (partie \u00e9lectronique)<\/li>\n<\/ul>\n<\/div>\n                <div class=\"col formatted_content\"><h1>Divers<\/h1>\n<ul>\n<li>MTTR : Typiquement 20 minutes<\/li>\n<li>R\u00e9frig\u00e9rants disponibles : R410A ET R454B<\/li>\n<li>Construction : Cadre en acier galvanis\u00e9 soud\u00e9 et boulonn\u00e9<\/li>\n<li>Vitesse maximale : 15 km\/h<\/li>\n<\/ul>\n                                    <\/div>\n            <\/div>\n                    <\/div>\n    <\/div>\n<\/div><\/div><\/div><div id=\"panel-28646-0-0-3\" class=\"so-panel widget widget_mtt-two-col-text\" data-index=\"3\" ><div\n\t\t\t\n\t\t\tclass=\"so-widget-mtt-two-col-text so-widget-mtt-two-col-text-base\"\n\t\t\t\n\t\t>\n<div class=\"mtt-two-col-wrapper no-bottom-padding\">\n    <div class=\"mtt-two-col-container\">\n        <div class=\"mtt-two-col-content\">\n                        <div class=\"text-section\">\n                <div class=\"col formatted_content\"><h1>Conformit\u00e9 \u00e0 la directive<\/h1>\n<ul>\n<li>2004\/108\/CE Directive CEM<\/li>\n<li>2006\/95\/CE Directive LVD<\/li>\n<li>2006\/42\/CE Directive Machines<\/li>\n<\/ul>\n<\/div>\n                <div class=\"col formatted_content\"><h1>Normes et standards<\/h1>\n<ul>\n<li>EN61000-6-2 CEM - norme d'immunit\u00e9<\/li>\n<li>EN61000-6-4 CEM - norme d'\u00e9mission<\/li>\n<li>EN62040-1-1 Norme de s\u00e9curit\u00e9 LVD<\/li>\n<li>EN1915-1&2 Machines - exigences g\u00e9n\u00e9rales de s\u00e9curit\u00e9<\/li>\n<li>EN12312-17 \u00c9quipement de soutien au sol des a\u00e9ronefs, exigences sp\u00e9cifiques<\/li>\n<\/ul>\n                                    <\/div>\n            <\/div>\n                    <\/div>\n    <\/div>\n<\/div><\/div><\/div><div id=\"panel-28646-0-0-4\" class=\"so-panel widget widget_mtt-one-col-text\" data-index=\"4\" ><div\n\t\t\t\n\t\t\tclass=\"so-widget-mtt-one-col-text so-widget-mtt-one-col-text-base\"\n\t\t\t\n\t\t>\n<div class=\"mtt-two-col-wrapper no-bottom-padding\">\n    <div class=\"mtt-two-col-container\">\n        <div class=\"mtt-two-col-content formatted_content has-title-one\">\n\t\t\t                <h2>Options disponibles<\/h2>\n                        <div class=\"text-section one-col\">\n                <ul>\n<li>ePM1 70% de filtration fine (EN779 : F8 \/ ASHRAE 52.2 : MERV 14 eq.)<\/li>\n<li>Module de chauffage amovible avec protection contre la surchauffe<\/li>\n<li>S\u00e9parateur de condensats pour les climats chauds et humides<\/li>\n<li>Couvercle pour modules (RAL 7035)<\/li>\n<li>Sortie simple 14'' (pour PCA 210 uniquement)<\/li>\n<li>Batterie d'air simple ou double mont\u00e9e sur un chariot<\/li>\n<\/ul>\n            <\/div>\n\n            \n                        <\/div>\n    <\/div>\n<\/div>\n<\/div><\/div><div id=\"panel-28646-0-0-5\" class=\"so-panel widget widget_mtt-one-col-text\" data-index=\"5\" ><div\n\t\t\t\n\t\t\tclass=\"so-widget-mtt-one-col-text so-widget-mtt-one-col-text-base\"\n\t\t\t\n\t\t>\n<div class=\"mtt-two-col-wrapper\">\n    <div class=\"mtt-two-col-container\">\n        <div class=\"mtt-two-col-content formatted_content\">\n\t\t\t            <div class=\"text-section one-col\">\n                <p><img decoding=\"async\" class=\"alignnone wp-image-28314 size-full\" src=\"https:\/\/itwgse.com\/wp-content\/uploads\/2026\/01\/Slide-drawings.png\" alt=\"\" width=\"1813\" height=\"624\" srcset=\"https:\/\/itwgse.com\/wp-content\/uploads\/2026\/01\/Slide-drawings.png 1813w, https:\/\/itwgse.com\/wp-content\/uploads\/2026\/01\/Slide-drawings-300x103.png 300w, https:\/\/itwgse.com\/wp-content\/uploads\/2026\/01\/Slide-drawings-1024x352.png 1024w\" sizes=\"(max-width: 1813px) 100vw, 1813px\" \/><\/p>\n            <\/div>\n\n            \n                        <\/div>\n    <\/div>\n<\/div>\n<\/div><\/div><div id=\"panel-28646-0-0-6\" class=\"so-panel widget widget_mtt-text-image\" data-index=\"6\" ><div\n\t\t\t\n\t\t\tclass=\"so-widget-mtt-text-image so-widget-mtt-text-image-base\"\n\t\t\t\n\t\t>\n<div class=\"mtt-text-image-wrap no-bottom-padding less-top-padding\">\n        <!-- Content -->\n    <div class=\"mtt-text-image-container\">\n        <div class=\"mtt-text-image-col\">\n            <div class=\"mtt-text-image-content formatted_content\">\n                                <h2>Caract\u00e9ristiques standard<\/h2>\n                <ul>\n<li>R\u00e9gulation en continu par VFD sur le ventilateur principal, les compresseurs et le chauffage<\/li>\n<li>Remplacement rapide du module de refroidissement<\/li>\n<li>Conduits internes en acier inoxydable<\/li>\n<li>D\u00e9tecteur de fum\u00e9e<\/li>\n<li>Mesure de la pression de sortie et du d\u00e9bit d'air<\/li>\n<li>Sondes de temp\u00e9rature de l'air (refoulement et entr\u00e9e)<\/li>\n<li>2 capteurs de pression et 3 capteurs de temp\u00e9rature ainsi qu'un voyant sur chaque circuit de r\u00e9frig\u00e9rant<\/li>\n<li>Condensateurs \u00e0 microcanaux (aluminium r\u00e9sistant \u00e0 l'eau de mer)<\/li>\n<li>ePM10 70% de filtration moyenne avec alarme de colmatage (EN779 : M6 \/ ASHRAE 52.2 : MERV 11 eq.)<\/li>\n<li>Clapet interne de 14'' sur la Seconde sortie<\/li>\n<li>Rev\u00eatement sp\u00e9cial du condenseur<\/li>\n<li>D\u00e9givrage rapide de l'\u00e9vaporateur<\/li>\n<li>Couleur : RAL 7035 (standard) ou toute autre couleur RAL sur demande<\/li>\n<li>D\u00e9tecteur de fuite de fluide frigorig\u00e8ne (uniquement dans les appareils \u00e9quip\u00e9s de R454B)<\/li>\n<li>Bo\u00eetier de commande \u00e0 distance avec \u00e9cran et c\u00e2ble de communication unique<\/li>\n<\/ul>\n\n                            <\/div>\n        <\/div>\n                    <div class=\"mtt-text-image-col img center\">\n                <div class=\"mtt-text-image-content\">\n                    <img decoding=\"async\" width=\"2560\" height=\"2226\" src=\"https:\/\/itwgse.com\/wp-content\/uploads\/2026\/01\/mobile-3500-PCA-for-spec-page-scaled.jpeg\" class=\"attachment-full size-full\" alt=\"Trailer-mounted ITW GSE 3500 Mobile PCA parked near a terminal building at an airport, ready for aircraft cooling\" srcset=\"https:\/\/itwgse.com\/wp-content\/uploads\/2026\/01\/mobile-3500-PCA-for-spec-page-scaled.jpeg 2560w, https:\/\/itwgse.com\/wp-content\/uploads\/2026\/01\/mobile-3500-PCA-for-spec-page-300x261.jpeg 300w, https:\/\/itwgse.com\/wp-content\/uploads\/2026\/01\/mobile-3500-PCA-for-spec-page-1024x890.jpeg 1024w, https:\/\/itwgse.com\/wp-content\/uploads\/2026\/01\/mobile-3500-PCA-for-spec-page-851x740.jpeg 851w\" sizes=\"(max-width: 2560px) 100vw, 2560px\" \/>                \n                    \n                    \n                <\/div>\n            <\/div>\n            <\/div>\n<\/div>\n\n<script>\nfunction sendEvent(action, element) {\n    var videoTitle = jQuery(element).data('title');  \n\n    if (dataLayer && videoTitle) {\n        dataLayer.push({\n            'event': 'video',\n            'eventCategory': 'Video',\n            'eventAction': action,\n            'eventLabel': videoTitle\n        });\n    }\n    else if (ga && videoTitle) {\n        ga('send', 'event', 'Video', action, videoTitle);\n    }  \n}\n<\/script>\n<\/div><\/div><div id=\"panel-28646-0-0-7\" class=\"so-panel widget widget_mtt-one-col-text\" data-index=\"7\" ><div\n\t\t\t\n\t\t\tclass=\"so-widget-mtt-one-col-text so-widget-mtt-one-col-text-base\"\n\t\t\t\n\t\t>\n<div class=\"mtt-two-col-wrapper no-top-padding\">\n    <div class=\"mtt-two-col-container\">\n        <div class=\"mtt-two-col-content formatted_content has-title-one\">\n\t\t\t                <h2>Aper\u00e7u de l'ACP mobile<\/h2>\n                        <div class=\"text-section one-col\">\n                <p><img decoding=\"async\" class=\"aligncenter wp-image-27278 size-full\" src=\"https:\/\/itwgse.com\/wp-content\/uploads\/2025\/08\/3500mobile-specs.png\" alt=\"\" width=\"2644\" height=\"786\" srcset=\"https:\/\/itwgse.com\/wp-content\/uploads\/2025\/08\/3500mobile-specs.png 2644w, https:\/\/itwgse.com\/wp-content\/uploads\/2025\/08\/3500mobile-specs-300x89.png 300w, https:\/\/itwgse.com\/wp-content\/uploads\/2025\/08\/3500mobile-specs-1024x304.png 1024w\" sizes=\"(max-width: 2644px) 100vw, 2644px\" \/><\/p>\n            <\/div>\n\n            \n                        <\/div>\n    <\/div>\n<\/div>\n<\/div><\/div><div id=\"panel-28646-0-0-8\" class=\"so-panel widget widget_mtt-one-col-text panel-last-child\" data-index=\"8\" ><div\n\t\t\t\n\t\t\tclass=\"so-widget-mtt-one-col-text so-widget-mtt-one-col-text-base\"\n\t\t\t\n\t\t>\n<div class=\"mtt-two-col-wrapper\">\n    <div class=\"mtt-two-col-container\">\n        <div class=\"mtt-two-col-content formatted_content has-title-one\">\n\t\t\t                <h2>PCA mont\u00e9 sur le pont ou fixe<\/h2>\n                        <div class=\"text-section one-col\">\n                <p>Vous trouverez <a href=\"https:\/\/itwgse.com\/products\/air\/itw-gse-3500-pca\/\">des informations sur le 3500 PCA mont\u00e9 sur pont et fixe ici.<\/a><\/p>\n            <\/div>\n\n            \n                        <\/div>\n    <\/div>\n<\/div>\n<\/div><\/div><\/div><\/div><\/div>","protected":false},"excerpt":{"rendered":"<p>Sp\u00e9cifications pour 3500 PCA mobile Pour le ITW GSE 3500 Mobile PCA 150 &#038; 210 ENTR\u00c9E Rectification : 12 impulsions Distorsion du courant de&#8230;<\/p>\n","protected":false},"author":11,"featured_media":0,"parent":0,"menu_order":48,"comment_status":"closed","ping_status":"closed","template":"","meta":{"_acf_changed":false,"_relevanssi_hide_post":"","_relevanssi_hide_content":"","_relevanssi_pin_for_all":"","_relevanssi_pin_keywords":"","_relevanssi_unpin_keywords":"","_relevanssi_related_keywords":"","_relevanssi_related_include_ids":"","_relevanssi_related_exclude_ids":"","_relevanssi_related_no_append":"","_relevanssi_related_not_related":"","_relevanssi_related_posts":"","_relevanssi_noindex_reason":"","footnotes":""},"class_list":["post-28646","page","type-page","status-publish","hentry"],"acf":[],"yoast_head":"<!-- This site is optimized with the Yoast SEO plugin v27.0 - https:\/\/yoast.com\/product\/yoast-seo-wordpress\/ -->\n<title>Sp\u00e9cifications pour 3500 PCA mobile - ITW GSE<\/title>\n<meta name=\"description\" content=\"Sortez les sp\u00e9cifications techniques de l&#039;unit\u00e9 mobile ITW GSE 3500 Pre-Conditioned Air Units.\" \/>\n<meta name=\"robots\" content=\"index, follow, max-snippet:-1, max-image-preview:large, max-video-preview:-1\" \/>\n<link rel=\"canonical\" href=\"https:\/\/itwgse.com\/fr\/specifications-pour-3500-pca-mobile\/\" \/>\n<meta property=\"og:locale\" content=\"fr_FR\" \/>\n<meta property=\"og:type\" content=\"article\" \/>\n<meta property=\"og:title\" content=\"Sp\u00e9cifications pour 3500 PCA mobile - ITW GSE\" \/>\n<meta property=\"og:description\" content=\"Sortez les sp\u00e9cifications techniques de l&#039;unit\u00e9 mobile ITW GSE 3500 Pre-Conditioned Air Units.\" \/>\n<meta property=\"og:url\" content=\"https:\/\/itwgse.com\/fr\/specifications-pour-3500-pca-mobile\/\" \/>\n<meta property=\"og:site_name\" content=\"ITW GSE\" \/>\n<meta property=\"article:publisher\" content=\"https:\/\/www.facebook.com\/ITWGSE\/\" \/>\n<meta property=\"article:modified_time\" content=\"2026-03-30T13:18:50+00:00\" \/>\n<meta name=\"twitter:card\" content=\"summary_large_image\" \/>\n<script type=\"application\/ld+json\" class=\"yoast-schema-graph\">{\"@context\":\"https:\/\/schema.org\",\"@graph\":[{\"@type\":\"WebPage\",\"@id\":\"https:\/\/itwgse.com\/fr\/specifications-pour-3500-pca-mobile\/\",\"url\":\"https:\/\/itwgse.com\/fr\/specifications-pour-3500-pca-mobile\/\",\"name\":\"Sp\u00e9cifications pour 3500 PCA mobile - ITW GSE\",\"isPartOf\":{\"@id\":\"https:\/\/itwgse.com\/#website\"},\"datePublished\":\"2026-02-24T13:00:48+00:00\",\"dateModified\":\"2026-03-30T13:18:50+00:00\",\"description\":\"Sortez les sp\u00e9cifications techniques de l'unit\u00e9 mobile ITW GSE 3500 Pre-Conditioned Air Units.\",\"breadcrumb\":{\"@id\":\"https:\/\/itwgse.com\/fr\/specifications-pour-3500-pca-mobile\/#breadcrumb\"},\"inLanguage\":\"fr-FR\",\"potentialAction\":[{\"@type\":\"ReadAction\",\"target\":[\"https:\/\/itwgse.com\/fr\/specifications-pour-3500-pca-mobile\/\"]}]},{\"@type\":\"BreadcrumbList\",\"@id\":\"https:\/\/itwgse.com\/fr\/specifications-pour-3500-pca-mobile\/#breadcrumb\",\"itemListElement\":[{\"@type\":\"ListItem\",\"position\":1,\"name\":\"Home\",\"item\":\"https:\/\/itwgse.com\/fr\/\"},{\"@type\":\"ListItem\",\"position\":2,\"name\":\"Sp\u00e9cifications pour 3500 PCA mobile\"}]},{\"@type\":\"WebSite\",\"@id\":\"https:\/\/itwgse.com\/#website\",\"url\":\"https:\/\/itwgse.com\/\",\"name\":\"ITW GSE\",\"description\":\"It&#039;s all about connections\",\"publisher\":{\"@id\":\"https:\/\/itwgse.com\/#organization\"},\"potentialAction\":[{\"@type\":\"SearchAction\",\"target\":{\"@type\":\"EntryPoint\",\"urlTemplate\":\"https:\/\/itwgse.com\/?s={search_term_string}\"},\"query-input\":{\"@type\":\"PropertyValueSpecification\",\"valueRequired\":true,\"valueName\":\"search_term_string\"}}],\"inLanguage\":\"fr-FR\"},{\"@type\":\"Organization\",\"@id\":\"https:\/\/itwgse.com\/#organization\",\"name\":\"ITW GSE\",\"url\":\"https:\/\/itwgse.com\/\",\"logo\":{\"@type\":\"ImageObject\",\"inLanguage\":\"fr-FR\",\"@id\":\"https:\/\/itwgse.com\/#\/schema\/logo\/image\/\",\"url\":\"https:\/\/itwgse.com\/wp-content\/uploads\/2018\/11\/logo.png\",\"contentUrl\":\"https:\/\/itwgse.com\/wp-content\/uploads\/2018\/11\/logo.png\",\"width\":302,\"height\":237,\"caption\":\"ITW GSE\"},\"image\":{\"@id\":\"https:\/\/itwgse.com\/#\/schema\/logo\/image\/\"},\"sameAs\":[\"https:\/\/www.facebook.com\/ITWGSE\/\",\"https:\/\/www.linkedin.com\/company\/itw-gse\/\",\"https:\/\/www.youtube.com\/channel\/UCTUIMvyaOPfYIqzP8enZ8yw\"]}]}<\/script>\n<!-- \/ Yoast SEO plugin. -->","yoast_head_json":{"title":"Sp\u00e9cifications pour 3500 PCA mobile - ITW GSE","description":"Sortez les sp\u00e9cifications techniques de l'unit\u00e9 mobile ITW GSE 3500 Pre-Conditioned Air Units.","robots":{"index":"index","follow":"follow","max-snippet":"max-snippet:-1","max-image-preview":"max-image-preview:large","max-video-preview":"max-video-preview:-1"},"canonical":"https:\/\/itwgse.com\/fr\/specifications-pour-3500-pca-mobile\/","og_locale":"fr_FR","og_type":"article","og_title":"Sp\u00e9cifications pour 3500 PCA mobile - ITW GSE","og_description":"Sortez les sp\u00e9cifications techniques de l'unit\u00e9 mobile ITW GSE 3500 Pre-Conditioned Air Units.","og_url":"https:\/\/itwgse.com\/fr\/specifications-pour-3500-pca-mobile\/","og_site_name":"ITW GSE","article_publisher":"https:\/\/www.facebook.com\/ITWGSE\/","article_modified_time":"2026-03-30T13:18:50+00:00","twitter_card":"summary_large_image","schema":{"@context":"https:\/\/schema.org","@graph":[{"@type":"WebPage","@id":"https:\/\/itwgse.com\/fr\/specifications-pour-3500-pca-mobile\/","url":"https:\/\/itwgse.com\/fr\/specifications-pour-3500-pca-mobile\/","name":"Sp\u00e9cifications pour 3500 PCA mobile - ITW GSE","isPartOf":{"@id":"https:\/\/itwgse.com\/#website"},"datePublished":"2026-02-24T13:00:48+00:00","dateModified":"2026-03-30T13:18:50+00:00","description":"Sortez les sp\u00e9cifications techniques de l'unit\u00e9 mobile ITW GSE 3500 Pre-Conditioned Air Units.","breadcrumb":{"@id":"https:\/\/itwgse.com\/fr\/specifications-pour-3500-pca-mobile\/#breadcrumb"},"inLanguage":"fr-FR","potentialAction":[{"@type":"ReadAction","target":["https:\/\/itwgse.com\/fr\/specifications-pour-3500-pca-mobile\/"]}]},{"@type":"BreadcrumbList","@id":"https:\/\/itwgse.com\/fr\/specifications-pour-3500-pca-mobile\/#breadcrumb","itemListElement":[{"@type":"ListItem","position":1,"name":"Home","item":"https:\/\/itwgse.com\/fr\/"},{"@type":"ListItem","position":2,"name":"Sp\u00e9cifications pour 3500 PCA mobile"}]},{"@type":"WebSite","@id":"https:\/\/itwgse.com\/#website","url":"https:\/\/itwgse.com\/","name":"ITW GSE","description":"It&#039;s all about connections","publisher":{"@id":"https:\/\/itwgse.com\/#organization"},"potentialAction":[{"@type":"SearchAction","target":{"@type":"EntryPoint","urlTemplate":"https:\/\/itwgse.com\/?s={search_term_string}"},"query-input":{"@type":"PropertyValueSpecification","valueRequired":true,"valueName":"search_term_string"}}],"inLanguage":"fr-FR"},{"@type":"Organization","@id":"https:\/\/itwgse.com\/#organization","name":"ITW GSE","url":"https:\/\/itwgse.com\/","logo":{"@type":"ImageObject","inLanguage":"fr-FR","@id":"https:\/\/itwgse.com\/#\/schema\/logo\/image\/","url":"https:\/\/itwgse.com\/wp-content\/uploads\/2018\/11\/logo.png","contentUrl":"https:\/\/itwgse.com\/wp-content\/uploads\/2018\/11\/logo.png","width":302,"height":237,"caption":"ITW GSE"},"image":{"@id":"https:\/\/itwgse.com\/#\/schema\/logo\/image\/"},"sameAs":["https:\/\/www.facebook.com\/ITWGSE\/","https:\/\/www.linkedin.com\/company\/itw-gse\/","https:\/\/www.youtube.com\/channel\/UCTUIMvyaOPfYIqzP8enZ8yw"]}]}},"_links":{"self":[{"href":"https:\/\/itwgse.com\/fr\/wp-json\/wp\/v2\/pages\/28646","targetHints":{"allow":["GET"]}}],"collection":[{"href":"https:\/\/itwgse.com\/fr\/wp-json\/wp\/v2\/pages"}],"about":[{"href":"https:\/\/itwgse.com\/fr\/wp-json\/wp\/v2\/types\/page"}],"author":[{"embeddable":true,"href":"https:\/\/itwgse.com\/fr\/wp-json\/wp\/v2\/users\/11"}],"replies":[{"embeddable":true,"href":"https:\/\/itwgse.com\/fr\/wp-json\/wp\/v2\/comments?post=28646"}],"version-history":[{"count":1,"href":"https:\/\/itwgse.com\/fr\/wp-json\/wp\/v2\/pages\/28646\/revisions"}],"predecessor-version":[{"id":45449,"href":"https:\/\/itwgse.com\/fr\/wp-json\/wp\/v2\/pages\/28646\/revisions\/45449"}],"wp:attachment":[{"href":"https:\/\/itwgse.com\/fr\/wp-json\/wp\/v2\/media?parent=28646"}],"curies":[{"name":"wp","href":"https:\/\/api.w.org\/{rel}","templated":true}]}}