{"id":28725,"date":"2026-02-24T14:05:25","date_gmt":"2026-02-24T13:05:25","guid":{"rendered":"https:\/\/itwgse.com\/prise-en-charge-de-1400-gpu\/"},"modified":"2026-02-24T14:05:25","modified_gmt":"2026-02-24T13:05:25","slug":"prise-en-charge-de-1400-gpu","status":"publish","type":"page","link":"https:\/\/itwgse.com\/fr\/prise-en-charge-de-1400-gpu\/","title":{"rendered":"Prise en charge de 1400 GPU"},"content":{"rendered":"<div id=\"pl-28725\"  class=\"panel-layout\" ><div id=\"pg-28725-0\"  class=\"panel-grid panel-no-style\" ><div id=\"pgc-28725-0-0\"  class=\"panel-grid-cell\" ><div id=\"panel-28725-0-0-0\" class=\"so-panel widget widget_mtt-cover-section panel-first-child\" data-index=\"0\" ><div\n\t\t\t\n\t\t\tclass=\"so-widget-mtt-cover-section so-widget-mtt-cover-section-base\"\n\t\t\t\n\t\t>\n<div class=\"mtt-cover-section-wrap compact extra-small\">\n\t<div class=\"mtt-cover-curve\">\n\t\t<img decoding=\"async\"  src=\"https:\/\/itwgse.com\/wp-content\/themes\/mtt-standard-theme\/assets\/img\/cover\/itwgse_cut.svg\">\t<\/div>\n    <div class=\"mtt-cover-compact-background object-fit\">\n                            <div class=\"mtt-cover-compact-image object-fit\">\n                <img decoding=\"async\"\n                    src=\"https:\/\/itwgse.com\/wp-content\/uploads\/2018\/03\/1400_front.png\"\n                    data-skip-lazy\n                    alt=\"\"\n                >\n            <\/div>\n                    <\/div>\n    <div class=\"mtt-cover-compact-container\">\n        <div class=\"mtt-cover-section-text no-max-width\">\n            <h1>1400 GPU support\u00e9s<\/h1>\n                                <div class=\"text\"><p>Vous trouverez sur cette page des instructions, des listes de pi\u00e8ces de rechange, des liens vers des vid\u00e9os et bien d'autres choses encore pour le ITW GSE 1400 Ground Power Unit.<\/p>\n<\/div>\n                            <\/div>\n    <\/div>\n<\/div>\n<\/div><\/div><div id=\"panel-28725-0-0-1\" class=\"so-panel widget widget_mtt-one-col-text\" data-index=\"1\" ><div\n\t\t\t\n\t\t\tclass=\"so-widget-mtt-one-col-text so-widget-mtt-one-col-text-base\"\n\t\t\t\n\t\t>\n<div class=\"mtt-two-col-wrapper no-bottom-padding\">\n    <div class=\"mtt-two-col-container\">\n        <div class=\"mtt-two-col-content formatted_content has-title-one\">\n\t\t\t                <h2>Documentation<\/h2>\n                        <div class=\"text-section one-col\">\n                <p>Pour les <strong>manuels et les sch\u00e9mas<\/strong>, veuillez <a href=\"https:\/\/itwgse.com\/contact\/\" rel=\"noopener\">nous contacter<\/a> en nous communiquant le<em> num\u00e9ro de s\u00e9rie de votre \u00e9quipement.<\/em><\/p>\n<p>Pour la <strong>fiche technique<\/strong>, veuillez <a href=\"https:\/\/itwgse.com\/brochures\/\" rel=\"noopener\">t\u00e9l\u00e9charger la brochure.<\/a><\/p>\n<p><a href=\"https:\/\/itwgse.com\/wp-content\/uploads\/2018\/03\/ITW-GSE-1400-faultfinding_743.001AB.pdf\">Document de recherche de d\u00e9fauts<\/a><\/p>\n<p><a href=\"https:\/\/itwgse.com\/service-tools\/\" target=\"_blank\" rel=\"noopener\">Outil de service<\/a><\/p>\n            <\/div>\n\n            \n                    <div class=\"button-wrap\">\n                \n                                                                <div>\n                            <a\n                                class=\"button open-modal\"\n                                data-id=\"70a04b99-f301-4977-913a-7f7bfe1b1b3b0\"\n                                target=\"_blank\"\n                                rel=\"noopener noreferrer\"\n                            >\n                                Schematic Main 1400                            <\/a>\n                                                    <\/div>\n                                    \n                                                                <div>\n                            <a\n                                class=\"button open-modal\"\n                                data-id=\"70a04b99-f301-4977-913a-7f7bfe1b1b3b1\"\n                                target=\"_blank\"\n                                rel=\"noopener noreferrer\"\n                            >\n                                Schematic Option 1400                            <\/a>\n                                                    <\/div>\n                                                <\/div>\n                        <\/div>\n    <\/div>\n<\/div>\n<\/div><\/div><div id=\"panel-28725-0-0-2\" class=\"so-panel widget widget_mtt-two-col-files\" data-index=\"2\" ><div\n\t\t\t\n\t\t\tclass=\"so-widget-mtt-two-col-files so-widget-mtt-two-col-files-base\"\n\t\t\t\n\t\t>\n<div class=\"mtt-two-col-wrapper more-spacing\">\n    <div class=\"mtt-two-col-container\">\n        <div class=\"mtt-two-col-content  has-title\">\n                            <h2>Pi\u00e8ces d\u00e9tach\u00e9es<\/h2>\n                        <div class=\"two-col-links\">\n                                                            <div>\n                            <a\n                                                                href=\"https:\/\/itwgse.com\/wp-content\/uploads\/2021\/06\/Recommended-Spare-Parts-1400-543320.pdf\"\n                                target=\"_blank\"\n                                rel=\"noopener noreferrer\"\n                            >\n                                Pi\u00e8ces de rechange recommand\u00e9es, 1400 GPU                            <\/a>\n                        <\/div>\n                                                <div>\n                            <a\n                                                                href=\"https:\/\/itwgse.com\/wp-content\/uploads\/2024\/10\/1400-28VDC-Illustrated-Parts-List-1.pdf\"\n                                target=\"_blank\"\n                                rel=\"noopener noreferrer\"\n                            >\n                                Liste de pi\u00e8ces illustr\u00e9e, 1400 GPU                            <\/a>\n                        <\/div>\n                                                    <\/div>\n        <\/div>\n    <\/div>\n<\/div>\n<\/div><\/div><div id=\"panel-28725-0-0-3\" class=\"so-panel widget widget_mtt-one-col-text\" data-index=\"3\" ><div\n\t\t\t\n\t\t\tclass=\"so-widget-mtt-one-col-text so-widget-mtt-one-col-text-base\"\n\t\t\t\n\t\t>\n<div class=\"mtt-two-col-wrapper no-bottom-padding no-top-padding\">\n    <div class=\"mtt-two-col-container\">\n        <div class=\"mtt-two-col-content formatted_content\">\n\t\t\t            <div class=\"text-section one-col\">\n                            <\/div>\n\n            \n                    <div class=\"button-wrap\">\n                \n                                                                <a\n                            href=\"poste : 1425\"\n                            class=\"button link button  button-margin\"\n                                                    >\n                            Demande de pi\u00e8ces d\u00e9tach\u00e9es                        <\/a>\n                                                <\/div>\n                        <\/div>\n    <\/div>\n<\/div>\n<\/div><\/div><div id=\"panel-28725-0-0-4\" class=\"so-panel widget widget_mtt-two-col-files\" data-index=\"4\" ><div\n\t\t\t\n\t\t\tclass=\"so-widget-mtt-two-col-files so-widget-mtt-two-col-files-base\"\n\t\t\t\n\t\t>\n<div class=\"mtt-two-col-wrapper\">\n    <div class=\"mtt-two-col-container\">\n        <div class=\"mtt-two-col-content  has-title\">\n                            <h2>Instructions<\/h2>\n                        <div class=\"two-col-links\">\n                                                            <div>\n                            <a\n                                                                href=\"https:\/\/itwgse.com\/wp-content\/uploads\/2022\/03\/Replacement-of-28VDC-Module-1400-series-rev-B.pdf\"\n                                target=\"_blank\"\n                                rel=\"noopener noreferrer\"\n                            >\n                                Remplacement du module 28VDC 1400                            <\/a>\n                        <\/div>\n                                                <div>\n                            <a\n                                                                href=\"https:\/\/itwgse.com\/wp-content\/uploads\/2022\/03\/Replacement-of-Control-Board-x400-series-revAB.pdf\"\n                                target=\"_blank\"\n                                rel=\"noopener noreferrer\"\n                            >\n                                Remplacement de la carte de contr\u00f4le x400                            <\/a>\n                        <\/div>\n                                                <div>\n                            <a\n                                                                href=\"https:\/\/itwgse.com\/wp-content\/uploads\/2022\/03\/Replacement-of-Display-Board-x400-series-rev-B.pdf\"\n                                target=\"_blank\"\n                                rel=\"noopener noreferrer\"\n                            >\n                                Remplacement du tableau d'affichage x400                            <\/a>\n                        <\/div>\n                                                    <\/div>\n        <\/div>\n    <\/div>\n<\/div>\n<\/div><\/div><div id=\"panel-28725-0-0-5\" class=\"so-panel widget widget_mtt-one-col-text\" data-index=\"5\" ><div\n\t\t\t\n\t\t\tclass=\"so-widget-mtt-one-col-text so-widget-mtt-one-col-text-base\"\n\t\t\t\n\t\t>\n<div class=\"mtt-two-col-wrapper no-bottom-padding\">\n    <div class=\"mtt-two-col-container\">\n        <div class=\"mtt-two-col-content formatted_content has-title-one\">\n\t\t\t                <h2>Vid\u00e9os d'instruction sur Youtube<\/h2>\n                        <div class=\"text-section one-col\">\n                <p>De nombreux d\u00e9fis techniques peuvent \u00eatre r\u00e9solus facilement en apprenant la solution par le biais d'une vid\u00e9o. C'est pourquoi vous trouverez une collection de <a href=\"https:\/\/www.youtube.com\/playlist?list=PLwNBf240aE8ytsc-ZUGbTjuRfneJVjb8h\" target=\"_blank\" rel=\"noopener\">vid\u00e9os d'instructions ITW GSE<\/a> sur notre <a href=\"https:\/\/www.youtube.com\/user\/ITWGSE\/featured\" target=\"_blank\" rel=\"noopener\">cha\u00eene Youtube<\/a>. <\/p>\n<p><a href=\"https:\/\/youtu.be\/bttq4-mJkuc\" target=\"_blank\" rel=\"noopener\">Remplacement du tableau d'affichage<\/a><\/p>\n<p><a href=\"https:\/\/youtu.be\/x9DVZDivLOI\" target=\"_blank\" rel=\"noopener\">Comment v\u00e9rifier la r\u00e9vision du logiciel<\/a><\/p>\n            <\/div>\n\n            \n                        <\/div>\n    <\/div>\n<\/div>\n<\/div><\/div><div id=\"panel-28725-0-0-6\" class=\"so-panel widget widget_mtt-one-col-text panel-last-child\" data-index=\"6\" ><div\n\t\t\t\n\t\t\tclass=\"so-widget-mtt-one-col-text so-widget-mtt-one-col-text-base\"\n\t\t\t\n\t\t>\n<div class=\"mtt-two-col-wrapper\">\n    <div class=\"mtt-two-col-container\">\n        <div class=\"mtt-two-col-content formatted_content has-title-one\">\n\t\t\t                <h2>Besoin d'aide ?  <\/h2>\n                        <div class=\"text-section one-col\">\n                <p>Nous sommes l\u00e0 pour vous aider !<\/p>\n<p>Veuillez nous envoyer un courriel d\u00e9crivant votre d\u00e9fi.<\/p>\n<p>Le fait d'indiquer le num\u00e9ro de s\u00e9rie de votre produit nous aidera \u00e0 acc\u00e9l\u00e9rer le processus d'assistance.<\/p>\n<p>Le num\u00e9ro de s\u00e9rie se trouve sur la plaque signal\u00e9tique.<\/p>\n<p>Le num\u00e9ro de s\u00e9rie peut avoir l'une des structures suivantes :<\/p>\n<ul>\n<li>5 ou 6 chiffres suivis d'une barre oblique '\/' puis de 2 chiffres suppl\u00e9mentaires. Exemple : <strong>xxxxxx\/x.x<\/strong> <\/li>\n<li>La lettre \"A\", suivie de 6 chiffres, d'une barre oblique et de 2 chiffres suppl\u00e9mentaires. Exemple : <strong>Axxxxxx\/x.x<\/strong> <\/li>\n<li>3 chiffres, suivis des lettres \"PS\" et de 5 chiffres suppl\u00e9mentaires. Exemple : <strong>xxxPSxxxxx <\/strong>  <\/li>\n<\/ul>\n<p>Am\u00e9riques (Nord et Sud) : <a href=\"mailto:support.americas@itwgse.com\">support.americas@itwgse.com<\/a><\/p>\n<p>Reste du monde : <a href=\"mailto:support@itwgse.com\">support@itwgse.com <\/a> <\/p>\n            <\/div>\n\n            \n                        <\/div>\n    <\/div>\n<\/div>\n<\/div><\/div><\/div><\/div><\/div>","protected":false},"excerpt":{"rendered":"<p>1400 GPU support\u00e9s Vous trouverez sur cette page des instructions, des listes de pi\u00e8ces de rechange, des liens vers des vid\u00e9os et bien d&rsquo;autres&#8230;<\/p>\n","protected":false},"author":11,"featured_media":0,"parent":0,"menu_order":196,"comment_status":"closed","ping_status":"closed","template":"","meta":{"_acf_changed":false,"_relevanssi_hide_post":"","_relevanssi_hide_content":"","_relevanssi_pin_for_all":"","_relevanssi_pin_keywords":"","_relevanssi_unpin_keywords":"","_relevanssi_related_keywords":"","_relevanssi_related_include_ids":"","_relevanssi_related_exclude_ids":"","_relevanssi_related_no_append":"","_relevanssi_related_not_related":"","_relevanssi_related_posts":"","_relevanssi_noindex_reason":"","footnotes":""},"class_list":["post-28725","page","type-page","status-publish","hentry"],"acf":[],"yoast_head":"<!-- This site is optimized with the Yoast SEO plugin v27.0 - https:\/\/yoast.com\/product\/yoast-seo-wordpress\/ -->\n<title>Prise en charge de 1400 GPU - ITW GSE<\/title>\n<meta name=\"description\" content=\"Support et service pour votre ITW GSE 1400 GPU. Vous trouverez des listes de pi\u00e8ces d\u00e9tach\u00e9es illustr\u00e9es, des tutoriels vid\u00e9o, des informations de contact et bien plus encore.\" \/>\n<meta name=\"robots\" content=\"index, follow, max-snippet:-1, max-image-preview:large, max-video-preview:-1\" \/>\n<link rel=\"canonical\" href=\"https:\/\/itwgse.com\/fr\/prise-en-charge-de-1400-gpu\/\" \/>\n<meta property=\"og:locale\" content=\"fr_FR\" \/>\n<meta property=\"og:type\" content=\"article\" \/>\n<meta property=\"og:title\" content=\"Prise en charge de 1400 GPU - ITW GSE\" \/>\n<meta property=\"og:description\" content=\"Support et service pour votre ITW GSE 1400 GPU. Vous trouverez des listes de pi\u00e8ces d\u00e9tach\u00e9es illustr\u00e9es, des tutoriels vid\u00e9o, des informations de contact et bien plus encore.\" \/>\n<meta property=\"og:url\" content=\"https:\/\/itwgse.com\/fr\/prise-en-charge-de-1400-gpu\/\" \/>\n<meta property=\"og:site_name\" content=\"ITW GSE\" \/>\n<meta property=\"article:publisher\" content=\"https:\/\/www.facebook.com\/ITWGSE\/\" \/>\n<meta name=\"twitter:card\" content=\"summary_large_image\" \/>\n<script type=\"application\/ld+json\" class=\"yoast-schema-graph\">{\"@context\":\"https:\/\/schema.org\",\"@graph\":[{\"@type\":\"WebPage\",\"@id\":\"https:\/\/itwgse.com\/fr\/prise-en-charge-de-1400-gpu\/\",\"url\":\"https:\/\/itwgse.com\/fr\/prise-en-charge-de-1400-gpu\/\",\"name\":\"Prise en charge de 1400 GPU - ITW GSE\",\"isPartOf\":{\"@id\":\"https:\/\/itwgse.com\/#website\"},\"datePublished\":\"2026-02-24T13:05:25+00:00\",\"description\":\"Support et service pour votre ITW GSE 1400 GPU. Vous trouverez des listes de pi\u00e8ces d\u00e9tach\u00e9es illustr\u00e9es, des tutoriels vid\u00e9o, des informations de contact et bien plus encore.\",\"breadcrumb\":{\"@id\":\"https:\/\/itwgse.com\/fr\/prise-en-charge-de-1400-gpu\/#breadcrumb\"},\"inLanguage\":\"fr-FR\",\"potentialAction\":[{\"@type\":\"ReadAction\",\"target\":[\"https:\/\/itwgse.com\/fr\/prise-en-charge-de-1400-gpu\/\"]}]},{\"@type\":\"BreadcrumbList\",\"@id\":\"https:\/\/itwgse.com\/fr\/prise-en-charge-de-1400-gpu\/#breadcrumb\",\"itemListElement\":[{\"@type\":\"ListItem\",\"position\":1,\"name\":\"Home\",\"item\":\"https:\/\/itwgse.com\/fr\/\"},{\"@type\":\"ListItem\",\"position\":2,\"name\":\"Prise en charge de 1400 GPU\"}]},{\"@type\":\"WebSite\",\"@id\":\"https:\/\/itwgse.com\/#website\",\"url\":\"https:\/\/itwgse.com\/\",\"name\":\"ITW GSE\",\"description\":\"It&#039;s all about connections\",\"publisher\":{\"@id\":\"https:\/\/itwgse.com\/#organization\"},\"potentialAction\":[{\"@type\":\"SearchAction\",\"target\":{\"@type\":\"EntryPoint\",\"urlTemplate\":\"https:\/\/itwgse.com\/?s={search_term_string}\"},\"query-input\":{\"@type\":\"PropertyValueSpecification\",\"valueRequired\":true,\"valueName\":\"search_term_string\"}}],\"inLanguage\":\"fr-FR\"},{\"@type\":\"Organization\",\"@id\":\"https:\/\/itwgse.com\/#organization\",\"name\":\"ITW GSE\",\"url\":\"https:\/\/itwgse.com\/\",\"logo\":{\"@type\":\"ImageObject\",\"inLanguage\":\"fr-FR\",\"@id\":\"https:\/\/itwgse.com\/#\/schema\/logo\/image\/\",\"url\":\"https:\/\/itwgse.com\/wp-content\/uploads\/2018\/11\/logo.png\",\"contentUrl\":\"https:\/\/itwgse.com\/wp-content\/uploads\/2018\/11\/logo.png\",\"width\":302,\"height\":237,\"caption\":\"ITW GSE\"},\"image\":{\"@id\":\"https:\/\/itwgse.com\/#\/schema\/logo\/image\/\"},\"sameAs\":[\"https:\/\/www.facebook.com\/ITWGSE\/\",\"https:\/\/www.linkedin.com\/company\/itw-gse\/\",\"https:\/\/www.youtube.com\/channel\/UCTUIMvyaOPfYIqzP8enZ8yw\"]}]}<\/script>\n<!-- \/ Yoast SEO plugin. -->","yoast_head_json":{"title":"Prise en charge de 1400 GPU - ITW GSE","description":"Support et service pour votre ITW GSE 1400 GPU. Vous trouverez des listes de pi\u00e8ces d\u00e9tach\u00e9es illustr\u00e9es, des tutoriels vid\u00e9o, des informations de contact et bien plus encore.","robots":{"index":"index","follow":"follow","max-snippet":"max-snippet:-1","max-image-preview":"max-image-preview:large","max-video-preview":"max-video-preview:-1"},"canonical":"https:\/\/itwgse.com\/fr\/prise-en-charge-de-1400-gpu\/","og_locale":"fr_FR","og_type":"article","og_title":"Prise en charge de 1400 GPU - ITW GSE","og_description":"Support et service pour votre ITW GSE 1400 GPU. Vous trouverez des listes de pi\u00e8ces d\u00e9tach\u00e9es illustr\u00e9es, des tutoriels vid\u00e9o, des informations de contact et bien plus encore.","og_url":"https:\/\/itwgse.com\/fr\/prise-en-charge-de-1400-gpu\/","og_site_name":"ITW GSE","article_publisher":"https:\/\/www.facebook.com\/ITWGSE\/","twitter_card":"summary_large_image","schema":{"@context":"https:\/\/schema.org","@graph":[{"@type":"WebPage","@id":"https:\/\/itwgse.com\/fr\/prise-en-charge-de-1400-gpu\/","url":"https:\/\/itwgse.com\/fr\/prise-en-charge-de-1400-gpu\/","name":"Prise en charge de 1400 GPU - ITW GSE","isPartOf":{"@id":"https:\/\/itwgse.com\/#website"},"datePublished":"2026-02-24T13:05:25+00:00","description":"Support et service pour votre ITW GSE 1400 GPU. Vous trouverez des listes de pi\u00e8ces d\u00e9tach\u00e9es illustr\u00e9es, des tutoriels vid\u00e9o, des informations de contact et bien plus encore.","breadcrumb":{"@id":"https:\/\/itwgse.com\/fr\/prise-en-charge-de-1400-gpu\/#breadcrumb"},"inLanguage":"fr-FR","potentialAction":[{"@type":"ReadAction","target":["https:\/\/itwgse.com\/fr\/prise-en-charge-de-1400-gpu\/"]}]},{"@type":"BreadcrumbList","@id":"https:\/\/itwgse.com\/fr\/prise-en-charge-de-1400-gpu\/#breadcrumb","itemListElement":[{"@type":"ListItem","position":1,"name":"Home","item":"https:\/\/itwgse.com\/fr\/"},{"@type":"ListItem","position":2,"name":"Prise en charge de 1400 GPU"}]},{"@type":"WebSite","@id":"https:\/\/itwgse.com\/#website","url":"https:\/\/itwgse.com\/","name":"ITW GSE","description":"It&#039;s all about connections","publisher":{"@id":"https:\/\/itwgse.com\/#organization"},"potentialAction":[{"@type":"SearchAction","target":{"@type":"EntryPoint","urlTemplate":"https:\/\/itwgse.com\/?s={search_term_string}"},"query-input":{"@type":"PropertyValueSpecification","valueRequired":true,"valueName":"search_term_string"}}],"inLanguage":"fr-FR"},{"@type":"Organization","@id":"https:\/\/itwgse.com\/#organization","name":"ITW GSE","url":"https:\/\/itwgse.com\/","logo":{"@type":"ImageObject","inLanguage":"fr-FR","@id":"https:\/\/itwgse.com\/#\/schema\/logo\/image\/","url":"https:\/\/itwgse.com\/wp-content\/uploads\/2018\/11\/logo.png","contentUrl":"https:\/\/itwgse.com\/wp-content\/uploads\/2018\/11\/logo.png","width":302,"height":237,"caption":"ITW GSE"},"image":{"@id":"https:\/\/itwgse.com\/#\/schema\/logo\/image\/"},"sameAs":["https:\/\/www.facebook.com\/ITWGSE\/","https:\/\/www.linkedin.com\/company\/itw-gse\/","https:\/\/www.youtube.com\/channel\/UCTUIMvyaOPfYIqzP8enZ8yw"]}]}},"_links":{"self":[{"href":"https:\/\/itwgse.com\/fr\/wp-json\/wp\/v2\/pages\/28725","targetHints":{"allow":["GET"]}}],"collection":[{"href":"https:\/\/itwgse.com\/fr\/wp-json\/wp\/v2\/pages"}],"about":[{"href":"https:\/\/itwgse.com\/fr\/wp-json\/wp\/v2\/types\/page"}],"author":[{"embeddable":true,"href":"https:\/\/itwgse.com\/fr\/wp-json\/wp\/v2\/users\/11"}],"replies":[{"embeddable":true,"href":"https:\/\/itwgse.com\/fr\/wp-json\/wp\/v2\/comments?post=28725"}],"version-history":[{"count":0,"href":"https:\/\/itwgse.com\/fr\/wp-json\/wp\/v2\/pages\/28725\/revisions"}],"wp:attachment":[{"href":"https:\/\/itwgse.com\/fr\/wp-json\/wp\/v2\/media?parent=28725"}],"curies":[{"name":"wp","href":"https:\/\/api.w.org\/{rel}","templated":true}]}}