{"id":28732,"date":"2026-02-24T14:05:29","date_gmt":"2026-02-24T13:05:29","guid":{"rendered":"https:\/\/itwgse.com\/certificats-iso\/"},"modified":"2026-04-13T16:44:24","modified_gmt":"2026-04-13T14:44:24","slug":"certificats-iso","status":"publish","type":"page","link":"https:\/\/itwgse.com\/fr\/certificats-iso\/","title":{"rendered":"Certificats ISO"},"content":{"rendered":"<div id=\"pl-28732\"  class=\"panel-layout\" ><div id=\"pg-28732-0\"  class=\"panel-grid panel-no-style\" ><div id=\"pgc-28732-0-0\"  class=\"panel-grid-cell\" ><div id=\"panel-28732-0-0-0\" class=\"so-panel widget widget_mtt-cover-section panel-first-child\" data-index=\"0\" ><div\n\t\t\t\n\t\t\tclass=\"so-widget-mtt-cover-section so-widget-mtt-cover-section-base\"\n\t\t\t\n\t\t>\n<div class=\"mtt-cover-section-wrap compact\">\n\t<div class=\"mtt-cover-curve\">\n\t\t<img decoding=\"async\"  src=\"https:\/\/itwgse.com\/wp-content\/themes\/mtt-standard-theme\/assets\/img\/cover\/itwgse_cut.svg\">\t<\/div>\n    <div class=\"mtt-cover-compact-background object-fit\">\n                            <div class=\"mtt-cover-compact-image object-fit contain\">\n                <img decoding=\"async\"\n                    src=\"https:\/\/itwgse.com\/wp-content\/uploads\/2023\/03\/DNVDNV.svg\"\n                    data-skip-lazy\n                    alt=\"\"\n                >\n            <\/div>\n                    <\/div>\n    <div class=\"mtt-cover-compact-container\">\n        <div class=\"mtt-cover-section-text\">\n            <h1>Certificats ISO<\/h1>\n                                <div class=\"text\"><p>ITW GSE fournit des solutions GSE compl\u00e8tes, y compris des convertisseursseurs ( 400 Hz I \ud83d\ude42 et des Pre-Conditioned Air Units. Nous sommes certifi\u00e9s ISO 9001 et ISO 14001. Nos produits sont marqu\u00e9s CE ou approuv\u00e9s UL.  <\/p>\n<\/div>\n                            <\/div>\n    <\/div>\n<\/div>\n<\/div><\/div><div id=\"panel-28732-0-0-1\" class=\"so-panel widget widget_mtt-two-col-text\" data-index=\"1\" ><div\n\t\t\t\n\t\t\tclass=\"so-widget-mtt-two-col-text so-widget-mtt-two-col-text-base\"\n\t\t\t\n\t\t>\n<div class=\"mtt-two-col-wrapper\">\n    <div class=\"mtt-two-col-container\">\n        <div class=\"mtt-two-col-content\">\n                        <div class=\"text-section\">\n                <div class=\"col formatted_content\"><h1>ISO 9001:2015<\/h1>\n<p>La norme <strong>ISO 9001<\/strong> est un <strong>syst\u00e8me de gestion de la qualit\u00e9<\/strong> reconnu et homologu\u00e9 dans le monde entier. Pour beaucoup, cette norme est synonyme de qualit\u00e9, de gestion efficace et de relations structur\u00e9es avec les clients.<\/p>\n<p>Chez ITW GSE, nous avons rationalis\u00e9 nos proc\u00e9dures de qualit\u00e9 - jusqu'\u00e0 l'organisation de l'usine. Pour s'assurer que les clients qui commandent un convertisseur de puissance au sol ITW GSE obtiennent exactement la m\u00eame qualit\u00e9 de produit, quel que soit le lieu de fabrication, ITW GSE a d\u00e9cid\u00e9, il y a quelques ann\u00e9es, de rationaliser les processus et les lignes directrices en mati\u00e8re de qualit\u00e9. Ce processus comprenait le partage des instructions de travail, la formation crois\u00e9e du personnel, la v\u00e9rification des documents, etc.  <\/p>\n<p>\"<em>Nous sommes m\u00eame all\u00e9s jusqu'\u00e0 mettre en place des installations de production identiques dans les deux usines. C'est un v\u00e9ritable travail d'\u00e9quipe qui nous a permis d'atteindre cet objectif. Pr\u00e9c\u00e8dent \u00e0 la certification ISO 9001 individuellement sur chaque site, nous avons r\u00e9ussi en 2019 \u00e0 faire la transition vers une certification unique et partag\u00e9e - en devenant certifi\u00e9s en tant que division mondiale selon le syst\u00e8me de gestion de la qualit\u00e9 ISO 9001:2015.  <\/em>\".<\/p>\n<p>Par exemple, le <a href=\"https:\/\/itwgse.com\/products\/power\/itw-gse-2400-compact-gpu\/\">GPU ITW GSE 2400<\/a> a un rendement extr\u00eamement \u00e9lev\u00e9 (94 %), n'\u00e9met pas de<sub>CO2<\/sub> sur le lieu de travail et pr\u00e9sente un faible niveau de bruit. Cela signifie que les GPU \u00e0 semi-conducteurs 2400 (y compris le 2400 Power Coil) sont les plus \u00e9cologiques possibles, pour le plus grand b\u00e9n\u00e9fice de l'a\u00e9roport, des passagers, du personnel de l'a\u00e9roport et de l'environnement. <\/p>\n<p><img decoding=\"async\" class=\"alignnone size-medium wp-image-6932\" src=\"https:\/\/itwgse.com\/wp-content\/uploads\/2019\/07\/Production-june-2019-cross-training-2-300x212.jpg\" alt=\"itwgse, itw-gse, itw_gse, itw gse, itw.gse\" width=\"300\" height=\"212\" srcset=\"https:\/\/itwgse.com\/wp-content\/uploads\/2019\/07\/Production-june-2019-cross-training-2-300x212.jpg 300w, https:\/\/itwgse.com\/wp-content\/uploads\/2019\/07\/Production-june-2019-cross-training-2-307x217.jpg 307w, https:\/\/itwgse.com\/wp-content\/uploads\/2019\/07\/Production-june-2019-cross-training-2.jpg 330w\" sizes=\"(max-width: 300px) 100vw, 300px\" \/> <img decoding=\"async\" class=\"alignnone size-medium wp-image-6936\" src=\"https:\/\/itwgse.com\/wp-content\/uploads\/2019\/07\/Production-june-2019-cross-training-1-300x233.jpg\" alt=\"itwgse, itw-gse, itw_gse, itw gse, itw.gse, pca, 3400pca, itwgse3400pca, itwgse 3400,\" width=\"300\" height=\"233\" srcset=\"https:\/\/itwgse.com\/wp-content\/uploads\/2019\/07\/Production-june-2019-cross-training-1-300x233.jpg 300w, https:\/\/itwgse.com\/wp-content\/uploads\/2019\/07\/Production-june-2019-cross-training-1.jpg 304w\" sizes=\"(max-width: 300px) 100vw, 300px\" \/><\/p>\n<\/div>\n                <div class=\"col formatted_content\"><h1>ISO 14001:2015<\/h1>\n<p>Le <strong>management environnemental<\/strong> conforme \u00e0 la <strong>norme ISO 14001<\/strong> permet aux entreprises d'\u00e9valuer les risques li\u00e9s \u00e0 leur situation environnementale, de mettre en \u0153uvre de mani\u00e8re proactive l'environnement et le d\u00e9veloppement durable dans le cadre des activit\u00e9s principales de l'entreprise et de garantir \u00e0 la direction g\u00e9n\u00e9rale que les objectifs de l'entreprise en mati\u00e8re de d\u00e9veloppement durable seront atteints.<\/p>\n<p>Cette certification s'inscrit dans le cadre de l'engagement strat\u00e9gique d'ITW GSE de promouvoir activement un environnement propre et s\u00fbr dans tous les domaines de son activit\u00e9, y compris sur les sites d'Odense (DK) et de Palmetto, en Floride (Tension :).<\/p>\n<p>En ce qui concerne le d\u00e9veloppement des produits, les facteurs environnementaux sont pris en consid\u00e9ration depuis la conception jusqu'\u00e0 la mise sur le march\u00e9 du produit. Ces facteurs comprennent les mat\u00e9riaux, les processus de fabrication, le fonctionnement des \u00e9quipements, la maintenance et les consid\u00e9rations relatives \u00e0 la fin de vie. Un exemple est la <a href=\"https:\/\/itwgse.com\/products\/power\/itw-gse-7400-egpu\/\">famille ITW GSE 7400 de convertisseurs au sol aliment\u00e9s par batterie<\/a> qui fournissent aux avions une \u00e9nergie propre et fiable dans le monde entier. Une solution id\u00e9ale pour les clients qui cherchent \u00e0 am\u00e9liorer leur empreinte environnementale tout en r\u00e9duisant la maintenance de l'\u00e9quipement et le co\u00fbt de possession.   <\/p>\n<p>En ce qui concerne les op\u00e9rations, l'am\u00e9lioration constante de l'impact environnemental d'ITW GSE est au premier plan de l'am\u00e9nagement et de l'exploitation de nos sites de production. Nous nous engageons \u00e0 \u00eatre un voisin respectueux de l'environnement dans les communaut\u00e9s o\u00f9 nous r\u00e9sidons en fixant chaque ann\u00e9e des objectifs ambitieux en mati\u00e8re d'am\u00e9lioration de l'environnement. Ces objectifs peuvent couvrir un large \u00e9ventail de domaines, depuis le d\u00e9veloppement de produits et les am\u00e9liorations de la fabrication jusqu'\u00e0 l'utilisation de fournisseurs qui partagent notre engagement en faveur d'un environnement propre et s\u00fbr.  <\/p>\n<p>\u00a0<\/p>\n                                    <\/div>\n            <\/div>\n                    <\/div>\n    <\/div>\n<\/div><\/div><\/div><div id=\"panel-28732-0-0-2\" class=\"so-panel widget widget_mtt-one-col-text\" data-index=\"2\" ><div\n\t\t\t\n\t\t\tclass=\"so-widget-mtt-one-col-text so-widget-mtt-one-col-text-base\"\n\t\t\t\n\t\t>\n<div class=\"mtt-two-col-wrapper no-top-padding\">\n    <div class=\"mtt-two-col-container\">\n        <div class=\"mtt-two-col-content formatted_content\">\n\t\t\t            <div class=\"text-section one-col\">\n                <p><img decoding=\"async\" class=\"aligncenter wp-image-17658 size-full\" src=\"https:\/\/itwgse.com\/wp-content\/uploads\/2021\/07\/iso-140019001-by-buttons.png\" alt=\"itw gse certificats iso 14001 et 9001\" width=\"504\" height=\"247\" srcset=\"https:\/\/itwgse.com\/wp-content\/uploads\/2021\/07\/iso-140019001-by-buttons.png 504w, https:\/\/itwgse.com\/wp-content\/uploads\/2021\/07\/iso-140019001-by-buttons-300x147.png 300w\" sizes=\"(max-width: 504px) 100vw, 504px\" \/><\/p>\n            <\/div>\n\n            \n                        <\/div>\n    <\/div>\n<\/div>\n<\/div><\/div><div id=\"panel-28732-0-0-3\" class=\"so-panel widget widget_mtt-one-col-text\" data-index=\"3\" ><div\n\t\t\t\n\t\t\tclass=\"so-widget-mtt-one-col-text so-widget-mtt-one-col-text-base\"\n\t\t\t\n\t\t>\n<div class=\"mtt-two-col-wrapper no-top-padding\">\n    <div class=\"mtt-two-col-container\">\n        <div class=\"mtt-two-col-content formatted_content\">\n\t\t\t            <div class=\"text-section one-col\">\n                            <\/div>\n\n            \n                    <div class=\"button-wrap\">\n                \n                                                                <a\n                            href=\"https:\/\/itwgse.com\/wp-content\/uploads\/2026\/04\/ISO_9001-ENG-198913-2016-AQ-DEN-DANAK-10-20260407.pdf\"\n                            class=\"button link button  button-margin\"\n                                                    >\n                            Voir le certificat ISO 9001                        <\/a>\n                                    \n                                                                <a\n                            href=\"https:\/\/itwgse.com\/wp-content\/uploads\/2024\/05\/ITWGSE_Div_ISO14001_2024.pdf\"\n                            class=\"button link button  button-margin\"\n                                                    >\n                            Voir le certificat ISO 14001                        <\/a>\n                                                <\/div>\n                        <\/div>\n    <\/div>\n<\/div>\n<\/div><\/div><div id=\"panel-28732-0-0-4\" class=\"so-panel widget widget_mtt-two-col-text\" data-index=\"4\" ><div\n\t\t\t\n\t\t\tclass=\"so-widget-mtt-two-col-text so-widget-mtt-two-col-text-base\"\n\t\t\t\n\t\t>\n<div class=\"mtt-two-col-wrapper no-top-padding\">\n    <div class=\"mtt-two-col-container\">\n        <div class=\"mtt-two-col-content\">\n                        <div class=\"text-section\">\n                <div class=\"col formatted_content\"><h1><strong>Objectifs de qualit\u00e9<\/strong><\/h1>\n<p>Nous concentrons nos ressources sur les domaines qui sont importants pour nous, par exemple :<\/p>\n<ul>\n<li>Cr\u00e9er des solutions industrielles uniques \u00e0 valeur ajout\u00e9e bas\u00e9es sur la technologie des convertisseurs<\/li>\n<li>Pour simplifier les op\u00e9rations des clients et r\u00e9duire la complexit\u00e9, ITW GSE se concentre sur l'approche syst\u00e8me<\/li>\n<li>Fabrication de solutions hors sol simples et efficaces<\/li>\n<li>Pour maintenir et am\u00e9liorer la qualit\u00e9 de nos produits, nous nous concentrons sur l'am\u00e9lioration continue de tous les processus : R&D, ventes, fabrication et service apr\u00e8s-vente<\/li>\n<li>Nous nous concentrons sur les 20 % de nos clients qui repr\u00e9sentent 80 % de nos produits.<\/li>\n<li>Se concentrer sur les produits de base pour s'assurer que nous disposons des ressources n\u00e9cessaires et que nous r\u00e9pondons aux exigences des autorit\u00e9s \u00e0 tout moment.<\/li>\n<li>Pour atteindre la plus grande fiabilit\u00e9 possible des produits, nous nous concentrons sur la simplification de la gamme de produits<\/li>\n<\/ul>\n<p>\u00a0<\/p>\n<\/div>\n                <div class=\"col formatted_content\"><h1><strong>Objectifs environnementaux<\/strong><\/h1>\n<p>La responsabilit\u00e9 environnementale a \u00e9t\u00e9 int\u00e9gr\u00e9e dans tous les aspects de notre activit\u00e9, notamment :<\/p>\n<ul>\n<li>Respecter et d\u00e9passer toutes les lois et r\u00e9glementations environnementales.<\/li>\n<li>D\u00e9veloppement de produits en tenant compte des mat\u00e9riaux, des \u00e9missions, du fonctionnement des \u00e9quipements, de la maintenance et du cycle de vie des produits.<\/li>\n<li>Les op\u00e9rations de fabrication comprennent le transport et le stockage des mat\u00e9riaux, les processus de production, les installations d'essai, ainsi que l'entretien des installations et des terrains.<\/li>\n<li>Utiliser des fournisseurs qui partagent notre engagement \u00e0 prot\u00e9ger l'environnement contre les dommages et la d\u00e9gradation.<\/li>\n<li>Fournir aux clients des \u00e9quipements qui les aident \u00e0 atteindre leurs objectifs environnementaux tout en leur proposant des solutions de pointe et rentables en mati\u00e8re d'assistance au sol pour les a\u00e9ronefs.<\/li>\n<li>Former et soutenir nos employ\u00e9s sur les moyens d'am\u00e9liorer continuellement notre empreinte environnementale.<\/li>\n<li>Veiller \u00e0 ce que nous soyons des voisins responsables en mati\u00e8re d'environnement dans les communaut\u00e9s o\u00f9 nous r\u00e9sidons.<\/li>\n<\/ul>\n                                    <\/div>\n            <\/div>\n                    <\/div>\n    <\/div>\n<\/div><\/div><\/div><div id=\"panel-28732-0-0-5\" class=\"so-panel widget widget_mtt-customer-support panel-last-child\" data-index=\"5\" ><div\n\t\t\t\n\t\t\tclass=\"so-widget-mtt-customer-support so-widget-mtt-customer-support-base\"\n\t\t\t\n\t\t>\n<div class=\"mtt-text-image-wrap less-top-padding less-bottom-padding grey-bg\">\n        <!-- Content -->\n    <div class=\"mtt-text-image-container\">\n        <div class=\"mtt-text-image-col\">\n            <div class=\"mtt-text-image-content formatted_content\">\n                                <h2>Assistance client\u00e8le<\/h2>\n                <p><strong>Comment pouvons-nous vous aider\u00a0?<\/strong><\/p>\n<p>Besoin de sch\u00e9mas, de listes de pi\u00e8ces d\u00e9tach\u00e9es ou de tutoriels vid\u00e9o\u00a0? Cliquez sur le bouton \u00ab\u00a0Assistance produit\u00a0\u00bb.<\/p>\n<p>Des questions pour l\u2019assistance client\u00e8le\u00a0? Cliquez sur le bouton \u00ab\u00a0Contacter l\u2019assistance client\u00e8le\u00a0\u00bb.<\/p>\n<p>Si votre question concerne un produit sp\u00e9cifique, veuillez indiquer son num\u00e9ro de s\u00e9rie.<\/p>\n\n                                    <div class=\"button-wrap\">\n                                                    <a href=\"https:\/\/itwgse.com\/fr\/soutien-et-service\/\" class=\"button\">\n                                Assistance produit                            <\/a>\n                                                    <a href=\"https:\/\/itwgse.com\/fr\/contact\/\" class=\"button\">\n                                Contacter l\u2019assistance client\u00e8le                            <\/a>\n                                            <\/div>\n                            <\/div>\n        <\/div>\n                    <div class=\"mtt-text-image-col img center\">\n                <div class=\"mtt-text-image-content\">\n                    <img decoding=\"async\" width=\"1800\" height=\"1023\" src=\"https:\/\/itwgse.com\/wp-content\/uploads\/2018\/06\/ITWGSE_hero_cleanest-1.jpg\" class=\"attachment-full size-full\" alt=\"\" srcset=\"https:\/\/itwgse.com\/wp-content\/uploads\/2018\/06\/ITWGSE_hero_cleanest-1.jpg 1800w, https:\/\/itwgse.com\/wp-content\/uploads\/2018\/06\/ITWGSE_hero_cleanest-1-300x171.jpg 300w, https:\/\/itwgse.com\/wp-content\/uploads\/2018\/06\/ITWGSE_hero_cleanest-1-1024x582.jpg 1024w\" sizes=\"(max-width: 1800px) 100vw, 1800px\" \/>                \n                    \n                    \n                <\/div>\n            <\/div>\n            <\/div>\n<\/div>\n\n<script>\nfunction sendEvent(action, element) {\n    var videoTitle = jQuery(element).data('title');  \n\n    if (dataLayer && videoTitle) {\n        dataLayer.push({\n            'event': 'video',\n            'eventCategory': 'Video',\n            'eventAction': action,\n            'eventLabel': videoTitle\n        });\n    }\n    else if (ga && videoTitle) {\n        ga('send', 'event', 'Video', action, videoTitle);\n    }  \n}\n<\/script>\n<\/div><\/div><\/div><\/div><\/div>","protected":false},"excerpt":{"rendered":"<p>Certificats ISO ITW GSE fournit des solutions GSE compl\u00e8tes, y compris des convertisseursseurs ( 400 Hz I \ud83d\ude42 et des Pre-Conditioned Air Units. Nous&#8230;<\/p>\n","protected":false},"author":11,"featured_media":0,"parent":0,"menu_order":185,"comment_status":"closed","ping_status":"closed","template":"","meta":{"_acf_changed":false,"_relevanssi_hide_post":"","_relevanssi_hide_content":"","_relevanssi_pin_for_all":"","_relevanssi_pin_keywords":"","_relevanssi_unpin_keywords":"","_relevanssi_related_keywords":"","_relevanssi_related_include_ids":"","_relevanssi_related_exclude_ids":"","_relevanssi_related_no_append":"","_relevanssi_related_not_related":"","_relevanssi_related_posts":"","_relevanssi_noindex_reason":"","footnotes":""},"class_list":["post-28732","page","type-page","status-publish","hentry"],"acf":[],"yoast_head":"<!-- This site is optimized with the Yoast SEO plugin v27.0 - https:\/\/yoast.com\/product\/yoast-seo-wordpress\/ -->\n<title>Certificats ISO - ITW GSE<\/title>\n<meta name=\"description\" content=\"Nous sommes certifi\u00e9s ISO 9001 (qualit\u00e9) et ISO 14001 (environnement). Nos produits sont marqu\u00e9s CE ou approuv\u00e9s UL.\" \/>\n<meta name=\"robots\" content=\"index, follow, max-snippet:-1, max-image-preview:large, max-video-preview:-1\" \/>\n<link rel=\"canonical\" href=\"https:\/\/itwgse.com\/fr\/certificats-iso\/\" \/>\n<meta property=\"og:locale\" content=\"fr_FR\" \/>\n<meta property=\"og:type\" content=\"article\" \/>\n<meta property=\"og:title\" content=\"Certificats ISO - ITW GSE\" \/>\n<meta property=\"og:description\" content=\"Nous sommes certifi\u00e9s ISO 9001 (qualit\u00e9) et ISO 14001 (environnement). Nos produits sont marqu\u00e9s CE ou approuv\u00e9s UL.\" \/>\n<meta property=\"og:url\" content=\"https:\/\/itwgse.com\/fr\/certificats-iso\/\" \/>\n<meta property=\"og:site_name\" content=\"ITW GSE\" \/>\n<meta property=\"article:publisher\" content=\"https:\/\/www.facebook.com\/ITWGSE\/\" \/>\n<meta property=\"article:modified_time\" content=\"2026-04-13T14:44:24+00:00\" \/>\n<meta name=\"twitter:card\" content=\"summary_large_image\" \/>\n<script type=\"application\/ld+json\" class=\"yoast-schema-graph\">{\"@context\":\"https:\/\/schema.org\",\"@graph\":[{\"@type\":\"WebPage\",\"@id\":\"https:\/\/itwgse.com\/fr\/certificats-iso\/\",\"url\":\"https:\/\/itwgse.com\/fr\/certificats-iso\/\",\"name\":\"Certificats ISO - ITW GSE\",\"isPartOf\":{\"@id\":\"https:\/\/itwgse.com\/#website\"},\"datePublished\":\"2026-02-24T13:05:29+00:00\",\"dateModified\":\"2026-04-13T14:44:24+00:00\",\"description\":\"Nous sommes certifi\u00e9s ISO 9001 (qualit\u00e9) et ISO 14001 (environnement). Nos produits sont marqu\u00e9s CE ou approuv\u00e9s UL.\",\"breadcrumb\":{\"@id\":\"https:\/\/itwgse.com\/fr\/certificats-iso\/#breadcrumb\"},\"inLanguage\":\"fr-FR\",\"potentialAction\":[{\"@type\":\"ReadAction\",\"target\":[\"https:\/\/itwgse.com\/fr\/certificats-iso\/\"]}]},{\"@type\":\"BreadcrumbList\",\"@id\":\"https:\/\/itwgse.com\/fr\/certificats-iso\/#breadcrumb\",\"itemListElement\":[{\"@type\":\"ListItem\",\"position\":1,\"name\":\"Home\",\"item\":\"https:\/\/itwgse.com\/fr\/\"},{\"@type\":\"ListItem\",\"position\":2,\"name\":\"Certificats ISO\"}]},{\"@type\":\"WebSite\",\"@id\":\"https:\/\/itwgse.com\/#website\",\"url\":\"https:\/\/itwgse.com\/\",\"name\":\"ITW GSE\",\"description\":\"It&#039;s all about connections\",\"publisher\":{\"@id\":\"https:\/\/itwgse.com\/#organization\"},\"potentialAction\":[{\"@type\":\"SearchAction\",\"target\":{\"@type\":\"EntryPoint\",\"urlTemplate\":\"https:\/\/itwgse.com\/?s={search_term_string}\"},\"query-input\":{\"@type\":\"PropertyValueSpecification\",\"valueRequired\":true,\"valueName\":\"search_term_string\"}}],\"inLanguage\":\"fr-FR\"},{\"@type\":\"Organization\",\"@id\":\"https:\/\/itwgse.com\/#organization\",\"name\":\"ITW GSE\",\"url\":\"https:\/\/itwgse.com\/\",\"logo\":{\"@type\":\"ImageObject\",\"inLanguage\":\"fr-FR\",\"@id\":\"https:\/\/itwgse.com\/#\/schema\/logo\/image\/\",\"url\":\"https:\/\/itwgse.com\/wp-content\/uploads\/2018\/11\/logo.png\",\"contentUrl\":\"https:\/\/itwgse.com\/wp-content\/uploads\/2018\/11\/logo.png\",\"width\":302,\"height\":237,\"caption\":\"ITW GSE\"},\"image\":{\"@id\":\"https:\/\/itwgse.com\/#\/schema\/logo\/image\/\"},\"sameAs\":[\"https:\/\/www.facebook.com\/ITWGSE\/\",\"https:\/\/www.linkedin.com\/company\/itw-gse\/\",\"https:\/\/www.youtube.com\/channel\/UCTUIMvyaOPfYIqzP8enZ8yw\"]}]}<\/script>\n<!-- \/ Yoast SEO plugin. -->","yoast_head_json":{"title":"Certificats ISO - ITW GSE","description":"Nous sommes certifi\u00e9s ISO 9001 (qualit\u00e9) et ISO 14001 (environnement). Nos produits sont marqu\u00e9s CE ou approuv\u00e9s UL.","robots":{"index":"index","follow":"follow","max-snippet":"max-snippet:-1","max-image-preview":"max-image-preview:large","max-video-preview":"max-video-preview:-1"},"canonical":"https:\/\/itwgse.com\/fr\/certificats-iso\/","og_locale":"fr_FR","og_type":"article","og_title":"Certificats ISO - ITW GSE","og_description":"Nous sommes certifi\u00e9s ISO 9001 (qualit\u00e9) et ISO 14001 (environnement). Nos produits sont marqu\u00e9s CE ou approuv\u00e9s UL.","og_url":"https:\/\/itwgse.com\/fr\/certificats-iso\/","og_site_name":"ITW GSE","article_publisher":"https:\/\/www.facebook.com\/ITWGSE\/","article_modified_time":"2026-04-13T14:44:24+00:00","twitter_card":"summary_large_image","schema":{"@context":"https:\/\/schema.org","@graph":[{"@type":"WebPage","@id":"https:\/\/itwgse.com\/fr\/certificats-iso\/","url":"https:\/\/itwgse.com\/fr\/certificats-iso\/","name":"Certificats ISO - ITW GSE","isPartOf":{"@id":"https:\/\/itwgse.com\/#website"},"datePublished":"2026-02-24T13:05:29+00:00","dateModified":"2026-04-13T14:44:24+00:00","description":"Nous sommes certifi\u00e9s ISO 9001 (qualit\u00e9) et ISO 14001 (environnement). Nos produits sont marqu\u00e9s CE ou approuv\u00e9s UL.","breadcrumb":{"@id":"https:\/\/itwgse.com\/fr\/certificats-iso\/#breadcrumb"},"inLanguage":"fr-FR","potentialAction":[{"@type":"ReadAction","target":["https:\/\/itwgse.com\/fr\/certificats-iso\/"]}]},{"@type":"BreadcrumbList","@id":"https:\/\/itwgse.com\/fr\/certificats-iso\/#breadcrumb","itemListElement":[{"@type":"ListItem","position":1,"name":"Home","item":"https:\/\/itwgse.com\/fr\/"},{"@type":"ListItem","position":2,"name":"Certificats ISO"}]},{"@type":"WebSite","@id":"https:\/\/itwgse.com\/#website","url":"https:\/\/itwgse.com\/","name":"ITW GSE","description":"It&#039;s all about connections","publisher":{"@id":"https:\/\/itwgse.com\/#organization"},"potentialAction":[{"@type":"SearchAction","target":{"@type":"EntryPoint","urlTemplate":"https:\/\/itwgse.com\/?s={search_term_string}"},"query-input":{"@type":"PropertyValueSpecification","valueRequired":true,"valueName":"search_term_string"}}],"inLanguage":"fr-FR"},{"@type":"Organization","@id":"https:\/\/itwgse.com\/#organization","name":"ITW GSE","url":"https:\/\/itwgse.com\/","logo":{"@type":"ImageObject","inLanguage":"fr-FR","@id":"https:\/\/itwgse.com\/#\/schema\/logo\/image\/","url":"https:\/\/itwgse.com\/wp-content\/uploads\/2018\/11\/logo.png","contentUrl":"https:\/\/itwgse.com\/wp-content\/uploads\/2018\/11\/logo.png","width":302,"height":237,"caption":"ITW GSE"},"image":{"@id":"https:\/\/itwgse.com\/#\/schema\/logo\/image\/"},"sameAs":["https:\/\/www.facebook.com\/ITWGSE\/","https:\/\/www.linkedin.com\/company\/itw-gse\/","https:\/\/www.youtube.com\/channel\/UCTUIMvyaOPfYIqzP8enZ8yw"]}]}},"_links":{"self":[{"href":"https:\/\/itwgse.com\/fr\/wp-json\/wp\/v2\/pages\/28732","targetHints":{"allow":["GET"]}}],"collection":[{"href":"https:\/\/itwgse.com\/fr\/wp-json\/wp\/v2\/pages"}],"about":[{"href":"https:\/\/itwgse.com\/fr\/wp-json\/wp\/v2\/types\/page"}],"author":[{"embeddable":true,"href":"https:\/\/itwgse.com\/fr\/wp-json\/wp\/v2\/users\/11"}],"replies":[{"embeddable":true,"href":"https:\/\/itwgse.com\/fr\/wp-json\/wp\/v2\/comments?post=28732"}],"version-history":[{"count":1,"href":"https:\/\/itwgse.com\/fr\/wp-json\/wp\/v2\/pages\/28732\/revisions"}],"predecessor-version":[{"id":45639,"href":"https:\/\/itwgse.com\/fr\/wp-json\/wp\/v2\/pages\/28732\/revisions\/45639"}],"wp:attachment":[{"href":"https:\/\/itwgse.com\/fr\/wp-json\/wp\/v2\/media?parent=28732"}],"curies":[{"name":"wp","href":"https:\/\/api.w.org\/{rel}","templated":true}]}}